{"id":5181,"date":"2020-09-01T14:59:06","date_gmt":"2020-09-01T12:59:06","guid":{"rendered":"https:\/\/bolting.eu\/?post_type=product&#038;p=5181"},"modified":"2025-04-26T15:00:02","modified_gmt":"2025-04-26T13:00:02","slug":"lacd-rope-bucket-allround","status":"publish","type":"product","link":"https:\/\/bolting.eu\/en\/shop\/lacd-rope-bucket-allround\/","title":{"rendered":"LACD Rope Bucket Allround"},"content":{"rendered":"<p>Der LACD Rope Bucket Allround ist eine perfekte Tasche-Korb Kombi f\u00fcr die Kletterhalle.<\/p>\n<p>Denn erstens l\u00e4sst sich das\u00a0<a href=\"https:\/\/bolting.eu\/produkt-kategorie\/kletterseil\/\">Kletterseil<\/a> einfach in den Korb werfen. Und zum anderen reicht das Volumen auch noch f\u00fcr Kletterschuhe, Pulli und eine Trinkflasche.<\/p>\n<p>Zweitens gibt es innen noch Materialschlaufen und eine RV Tasche. Somit sind auch Sicherungsger\u00e4t, Schl\u00fcssel und Brieftasche sicher verstaut.<\/p>\n<p>Drittens kann man die Seilenden an separaten Schlaufen befestigen.<\/p>\n<p>Kurzum. Ein klasse Produkt f\u00fcr die Kletterhalle die in keiner <a href=\"https:\/\/bolting.eu\/kletterausruestung\/\">Kletterausr\u00fcstung<\/a> fehlen sollte.<\/p>\n<h2>Eigenschaften LACD Rope Bucket Allround<\/h2>\n<ul>\n<li>Hersteller: LACD<\/li>\n<li>Material: Polyamid (Nylon)<\/li>\n<li>Gr\u00f6\u00dfe: ca. 50 x 26 x 26 cm<\/li>\n<li>Gewicht: 380 Gramm<\/li>\n<li>Materialschlaufen f\u00fcr Seilenden<\/li>\n<li>3 Materialschlaufen Innen<\/li>\n<li>Innentasche mit RV<\/li>\n<li>Drahtring h\u00e4lt den Korb offen<\/li>\n<\/ul>\n<h3>Qualit\u00e4tsmerkmal &#8220;Einfachheit&#8221;<\/h3>\n<p>Der LACD Rope Bucket Allround punktet vor allem mit Einfachheit! Denn dieser Seilkorb ist simpel gehalten. Und genau das macht dieses Produkt so verdammt gut. Das Seil ist einerseits sehr schnell im Korb verstaut. Und andererseits finden alle anderen rasch ihren Platz bzw. sind sicher verstaut.<\/p>\n<p>Kurzum. Dieser Seilkorb ist super komfortabel. Er l\u00e4sst sich zudem im gefalteten Zustand auch perfekt an einem Rucksack befestigen.<\/p>\n<h3>Perfekte Gr\u00f6\u00dfe des LACD Rope Bucket Allround<\/h3>\n<p>Mit ca. 50 x 26 x 26cm ist der Korb weder zu gro\u00df noch zu klein. Es haben darin alle wichtigen Sachen Platz. Erstens nat\u00fcrlich ein bis zu 50m Seil. Zweitens die Kletterschuhe. Drittens das Sicherungsger\u00e4t sowie Pulli und eine Trinkflasche. Was will man mehr in der Halle?!?<\/p>\n<h3>Seile regelm\u00e4\u00dfig waschen<\/h3>\n<p>Es lohnt sich den Seilkorb sowie das Seil in regelm\u00e4\u00dfigen Abst\u00e4nden zu waschen. Den LACD Rope Bucket Allround leeren und den ganzen Schmutz heraussch\u00fctteln. Das verhindert ein Eindringen durch den Seilmantel ins Seilinnere.<\/p>\n<p>Dann empfehlen wir das Seil zu waschen. Am besten mit einem <a href=\"https:\/\/bolting.eu\/shop\/beal-seilwaschmittel-rope-cleaner\/\">Seilwaschmittel<\/a> bzw. der <a href=\"https:\/\/bolting.eu\/shop\/beal-seilbuerste-rope-brush\/\">Beal Rope-Brush<\/a> in der Badewanne. Im verbleibenden Wasser den Seilsack kurz aussp\u00fclen. Fertig!<\/p>\n<h4><strong>Link Tipp<\/strong><\/h4>\n<p>Mehr Infos zu den Produkten von LACD gibt es auf der Hersteller <a href=\"https:\/\/www.lacd.de\/\" target=\"_blank\" rel=\"noopener noreferrer\">Website<\/a>.<\/p>\n","protected":false},"excerpt":{"rendered":"<ul>\n<li>Hersteller: LACD<\/li>\n<li>Material: Polyamid (Nylon)<\/li>\n<li>Gr\u00f6\u00dfe: ca. 50 x 26 x 26 cm<\/li>\n<li>Gewicht: 380 Gramm<\/li>\n<li>Materialschlaufen f\u00fcr Seilenden<\/li>\n<li>3 Materialschlaufen Innen<\/li>\n<li>Innentasche mit RV<\/li>\n<li>Drahtring h\u00e4lt den Korb offen<\/li>\n<\/ul>\n","protected":false},"featured_media":5183,"comment_status":"open","ping_status":"closed","template":"","meta":[],"product_brand":[],"product_cat":[4669,5061,5416,29],"product_tag":[],"class_list":{"0":"post-5181","1":"product","2":"type-product","3":"status-publish","4":"has-post-thumbnail","6":"product_cat-lacd","7":"product_cat-kletterzubehoer","8":"product_cat-seilsaecke","9":"product_cat-kletterausruestung","11":"first","12":"instock","13":"taxable","14":"shipping-taxable","15":"purchasable","16":"product-type-simple"},"yoast_head":"<!-- This site is optimized with the Yoast SEO Premium plugin v26.9 (Yoast SEO v26.9) - https:\/\/yoast.com\/product\/yoast-seo-premium-wordpress\/ -->\n<title>LACD Rope Bucket Allround - jetzt g\u00fcnstig online kaufen | bolting.eu<\/title>\n<meta name=\"description\" content=\"Hier gibt\u00b4s den LACD ROPE BUCKET ALLROUND. Einen super funktionellen, einfachen Seilkorb f\u00fcr die Halle! Jetzt kaufen beim Kletterprofi aus \ud83c\udde6\ud83c\uddf9 !\" \/>\n<meta name=\"robots\" content=\"index, follow, max-snippet:-1, max-image-preview:large, max-video-preview:-1\" \/>\n<link rel=\"canonical\" href=\"https:\/\/bolting.eu\/en\/shop\/lacd-rope-bucket-allround\/\" \/>\n<meta property=\"og:locale\" content=\"en_US\" \/>\n<meta property=\"og:type\" content=\"article\" \/>\n<meta property=\"og:title\" content=\"LACD Rope Bucket Allround\" \/>\n<meta property=\"og:description\" content=\"Hier gibt\u00b4s den LACD ROPE BUCKET ALLROUND. Einen super funktionellen, einfachen Seilkorb f\u00fcr die Halle! Jetzt kaufen beim Kletterprofi aus \ud83c\udde6\ud83c\uddf9 !\" \/>\n<meta property=\"og:url\" content=\"https:\/\/bolting.eu\/en\/shop\/lacd-rope-bucket-allround\/\" \/>\n<meta property=\"og:site_name\" content=\"bolting.eu\" \/>\n<meta property=\"article:publisher\" content=\"https:\/\/www.facebook.com\/bolting.eu\" \/>\n<meta property=\"article:modified_time\" content=\"2025-04-26T13:00:02+00:00\" \/>\n<meta property=\"og:image\" content=\"https:\/\/bolting.eu\/wp-content\/uploads\/2020\/09\/LACD-Rope-Bucket-Allround-1.jpg\" \/>\n\t<meta property=\"og:image:width\" content=\"700\" \/>\n\t<meta property=\"og:image:height\" content=\"700\" \/>\n\t<meta property=\"og:image:type\" content=\"image\/jpeg\" \/>\n<meta name=\"twitter:card\" content=\"summary_large_image\" \/>\n<meta name=\"twitter:label1\" content=\"Price\" \/>\n\t<meta name=\"twitter:data1\" content=\"&euro;&nbsp;34,90\" \/>\n\t<meta name=\"twitter:label2\" content=\"Availability\" \/>\n\t<meta name=\"twitter:data2\" content=\"In stock\" \/>\n<script type=\"application\/ld+json\" class=\"yoast-schema-graph\">{\"@context\":\"https:\/\/schema.org\",\"@graph\":[{\"@type\":[\"WebPage\",\"ItemPage\"],\"@id\":\"https:\/\/bolting.eu\/en\/shop\/lacd-rope-bucket-allround\/\",\"url\":\"https:\/\/bolting.eu\/en\/shop\/lacd-rope-bucket-allround\/\",\"name\":\"LACD Rope Bucket Allround - jetzt g\u00fcnstig online kaufen | bolting.eu\",\"isPartOf\":{\"@id\":\"https:\/\/bolting.eu\/en\/#website\"},\"primaryImageOfPage\":{\"@id\":\"https:\/\/bolting.eu\/en\/shop\/lacd-rope-bucket-allround\/#primaryimage\"},\"image\":{\"@id\":\"https:\/\/bolting.eu\/en\/shop\/lacd-rope-bucket-allround\/#primaryimage\"},\"thumbnailUrl\":\"https:\/\/bolting.eu\/wp-content\/uploads\/2020\/09\/LACD-Rope-Bucket-Allround-1.jpg\",\"datePublished\":\"2020-09-01T12:59:06+00:00\",\"dateModified\":\"2025-04-26T13:00:02+00:00\",\"description\":\"Hier gibt\u00b4s den LACD ROPE BUCKET ALLROUND. Einen super funktionellen, einfachen Seilkorb f\u00fcr die Halle! Jetzt kaufen beim Kletterprofi aus \ud83c\udde6\ud83c\uddf9 !\",\"breadcrumb\":{\"@id\":\"https:\/\/bolting.eu\/en\/shop\/lacd-rope-bucket-allround\/#breadcrumb\"},\"inLanguage\":\"en-US\",\"potentialAction\":[{\"@type\":\"ReadAction\",\"target\":[\"https:\/\/bolting.eu\/en\/shop\/lacd-rope-bucket-allround\/\"]}]},{\"@type\":\"ImageObject\",\"inLanguage\":\"en-US\",\"@id\":\"https:\/\/bolting.eu\/en\/shop\/lacd-rope-bucket-allround\/#primaryimage\",\"url\":\"https:\/\/bolting.eu\/wp-content\/uploads\/2020\/09\/LACD-Rope-Bucket-Allround-1.jpg\",\"contentUrl\":\"https:\/\/bolting.eu\/wp-content\/uploads\/2020\/09\/LACD-Rope-Bucket-Allround-1.jpg\",\"width\":700,\"height\":700,\"caption\":\"Das Bild zeigt den LACD Rope Bucket Allround. Der Seilkorb in schwarz-blau steht in Bildmitte. Man erkennt das seitliche MEsh gewebe sowie die gro\u00dfen Trageriemen.\"},{\"@type\":\"BreadcrumbList\",\"@id\":\"https:\/\/bolting.eu\/en\/shop\/lacd-rope-bucket-allround\/#breadcrumb\",\"itemListElement\":[{\"@type\":\"ListItem\",\"position\":1,\"name\":\"Shop\",\"item\":\"https:\/\/bolting.eu\/en\/shop\/\"},{\"@type\":\"ListItem\",\"position\":2,\"name\":\"climbing equipment\",\"item\":\"https:\/\/bolting.eu\/en\/produkt-kategorie\/climbing-equipment\/\"},{\"@type\":\"ListItem\",\"position\":3,\"name\":\"Seils\u00e4cke\",\"item\":\"https:\/\/bolting.eu\/produkt-kategorie\/kletterausruestung\/seilsaecke\/\"},{\"@type\":\"ListItem\",\"position\":4,\"name\":\"LACD Rope Bucket Allround\"}]},{\"@type\":\"WebSite\",\"@id\":\"https:\/\/bolting.eu\/en\/#website\",\"url\":\"https:\/\/bolting.eu\/en\/\",\"name\":\"bolting.eu\",\"description\":\"we make climbs happen\",\"publisher\":{\"@id\":\"https:\/\/bolting.eu\/en\/#organization\"},\"potentialAction\":[{\"@type\":\"SearchAction\",\"target\":{\"@type\":\"EntryPoint\",\"urlTemplate\":\"https:\/\/bolting.eu\/en\/?s={search_term_string}\"},\"query-input\":{\"@type\":\"PropertyValueSpecification\",\"valueRequired\":true,\"valueName\":\"search_term_string\"}}],\"inLanguage\":\"en-US\"},{\"@type\":[\"Organization\",\"Place\",\"SportingGoodsStore\"],\"@id\":\"https:\/\/bolting.eu\/en\/#organization\",\"name\":\"bolting.eu\",\"url\":\"https:\/\/bolting.eu\/en\/\",\"logo\":{\"@id\":\"https:\/\/bolting.eu\/en\/shop\/lacd-rope-bucket-allround\/#local-main-organization-logo\"},\"image\":{\"@id\":\"https:\/\/bolting.eu\/en\/shop\/lacd-rope-bucket-allround\/#local-main-organization-logo\"},\"sameAs\":[\"https:\/\/www.facebook.com\/bolting.eu\",\"https:\/\/www.instagram.com\/bolting.eu\/\"],\"address\":{\"@id\":\"https:\/\/bolting.eu\/en\/shop\/lacd-rope-bucket-allround\/#local-main-place-address\"},\"geo\":{\"@type\":\"GeoCoordinates\",\"latitude\":\"47.264176340396226\",\"longitude\":\"11.380109057672346\"},\"telephone\":[\"+43 699 19083372\"],\"openingHoursSpecification\":[{\"@type\":\"OpeningHoursSpecification\",\"dayOfWeek\":[\"Monday\",\"Wednesday\",\"Friday\"],\"opens\":\"14:00\",\"closes\":\"18:00\"},{\"@type\":\"OpeningHoursSpecification\",\"dayOfWeek\":[\"Tuesday\",\"Thursday\",\"Saturday\",\"Sunday\"],\"opens\":\"00:00\",\"closes\":\"00:00\"}],\"email\":\"office@bolting.eu\",\"vatID\":\"ATU59999728\",\"priceRange\":\"$$\",\"currenciesAccepted\":\"Euro\"},{\"@type\":\"PostalAddress\",\"@id\":\"https:\/\/bolting.eu\/en\/shop\/lacd-rope-bucket-allround\/#local-main-place-address\",\"streetAddress\":\"Fischnalerstra\u00dfe 4\",\"addressLocality\":\"Innsbruck\",\"postalCode\":\"6020\",\"addressRegion\":\"Tirol\",\"addressCountry\":\"AT\"},{\"@type\":\"ImageObject\",\"inLanguage\":\"en-US\",\"@id\":\"https:\/\/bolting.eu\/en\/shop\/lacd-rope-bucket-allround\/#local-main-organization-logo\",\"url\":\"https:\/\/bolting.eu\/wp-content\/uploads\/2019\/09\/bolting-logo.png\",\"contentUrl\":\"https:\/\/bolting.eu\/wp-content\/uploads\/2019\/09\/bolting-logo.png\",\"width\":400,\"height\":211,\"caption\":\"bolting.eu\"}]}<\/script>\n<meta property=\"product:price:amount\" content=\"34.90\" \/>\n<meta property=\"product:price:currency\" content=\"EUR\" \/>\n<meta property=\"og:availability\" content=\"instock\" \/>\n<meta property=\"product:availability\" content=\"instock\" \/>\n<meta property=\"product:retailer_item_id\" content=\"5640\" \/>\n<meta property=\"product:condition\" content=\"new\" \/>\n<meta name=\"geo.placename\" content=\"Innsbruck\" \/>\n<meta name=\"geo.position\" content=\"47.264176340396226;11.380109057672346\" \/>\n<meta name=\"geo.region\" content=\"Austria\" \/>\n<!-- \/ Yoast SEO Premium plugin. -->","yoast_head_json":{"title":"LACD Rope Bucket Allround - jetzt g\u00fcnstig online kaufen | bolting.eu","description":"Hier gibt\u00b4s den LACD ROPE BUCKET ALLROUND. Einen super funktionellen, einfachen Seilkorb f\u00fcr die Halle! Jetzt kaufen beim Kletterprofi aus \ud83c\udde6\ud83c\uddf9 !","robots":{"index":"index","follow":"follow","max-snippet":"max-snippet:-1","max-image-preview":"max-image-preview:large","max-video-preview":"max-video-preview:-1"},"canonical":"https:\/\/bolting.eu\/en\/shop\/lacd-rope-bucket-allround\/","og_locale":"en_US","og_type":"article","og_title":"LACD Rope Bucket Allround","og_description":"Hier gibt\u00b4s den LACD ROPE BUCKET ALLROUND. Einen super funktionellen, einfachen Seilkorb f\u00fcr die Halle! Jetzt kaufen beim Kletterprofi aus \ud83c\udde6\ud83c\uddf9 !","og_url":"https:\/\/bolting.eu\/en\/shop\/lacd-rope-bucket-allround\/","og_site_name":"bolting.eu","article_publisher":"https:\/\/www.facebook.com\/bolting.eu","article_modified_time":"2025-04-26T13:00:02+00:00","og_image":[{"width":700,"height":700,"url":"https:\/\/bolting.eu\/wp-content\/uploads\/2020\/09\/LACD-Rope-Bucket-Allround-1.jpg","type":"image\/jpeg"}],"twitter_card":"summary_large_image","twitter_misc":{"Price":"&euro;&nbsp;34,90","Availability":"In stock"},"schema":{"@context":"https:\/\/schema.org","@graph":[{"@type":["WebPage","ItemPage"],"@id":"https:\/\/bolting.eu\/en\/shop\/lacd-rope-bucket-allround\/","url":"https:\/\/bolting.eu\/en\/shop\/lacd-rope-bucket-allround\/","name":"LACD Rope Bucket Allround - jetzt g\u00fcnstig online kaufen | bolting.eu","isPartOf":{"@id":"https:\/\/bolting.eu\/en\/#website"},"primaryImageOfPage":{"@id":"https:\/\/bolting.eu\/en\/shop\/lacd-rope-bucket-allround\/#primaryimage"},"image":{"@id":"https:\/\/bolting.eu\/en\/shop\/lacd-rope-bucket-allround\/#primaryimage"},"thumbnailUrl":"https:\/\/bolting.eu\/wp-content\/uploads\/2020\/09\/LACD-Rope-Bucket-Allround-1.jpg","datePublished":"2020-09-01T12:59:06+00:00","dateModified":"2025-04-26T13:00:02+00:00","description":"Hier gibt\u00b4s den LACD ROPE BUCKET ALLROUND. Einen super funktionellen, einfachen Seilkorb f\u00fcr die Halle! Jetzt kaufen beim Kletterprofi aus \ud83c\udde6\ud83c\uddf9 !","breadcrumb":{"@id":"https:\/\/bolting.eu\/en\/shop\/lacd-rope-bucket-allround\/#breadcrumb"},"inLanguage":"en-US","potentialAction":[{"@type":"ReadAction","target":["https:\/\/bolting.eu\/en\/shop\/lacd-rope-bucket-allround\/"]}]},{"@type":"ImageObject","inLanguage":"en-US","@id":"https:\/\/bolting.eu\/en\/shop\/lacd-rope-bucket-allround\/#primaryimage","url":"https:\/\/bolting.eu\/wp-content\/uploads\/2020\/09\/LACD-Rope-Bucket-Allround-1.jpg","contentUrl":"https:\/\/bolting.eu\/wp-content\/uploads\/2020\/09\/LACD-Rope-Bucket-Allround-1.jpg","width":700,"height":700,"caption":"Das Bild zeigt den LACD Rope Bucket Allround. Der Seilkorb in schwarz-blau steht in Bildmitte. Man erkennt das seitliche MEsh gewebe sowie die gro\u00dfen Trageriemen."},{"@type":"BreadcrumbList","@id":"https:\/\/bolting.eu\/en\/shop\/lacd-rope-bucket-allround\/#breadcrumb","itemListElement":[{"@type":"ListItem","position":1,"name":"Shop","item":"https:\/\/bolting.eu\/en\/shop\/"},{"@type":"ListItem","position":2,"name":"climbing equipment","item":"https:\/\/bolting.eu\/en\/produkt-kategorie\/climbing-equipment\/"},{"@type":"ListItem","position":3,"name":"Seils\u00e4cke","item":"https:\/\/bolting.eu\/produkt-kategorie\/kletterausruestung\/seilsaecke\/"},{"@type":"ListItem","position":4,"name":"LACD Rope Bucket Allround"}]},{"@type":"WebSite","@id":"https:\/\/bolting.eu\/en\/#website","url":"https:\/\/bolting.eu\/en\/","name":"bolting.eu","description":"we make climbs happen","publisher":{"@id":"https:\/\/bolting.eu\/en\/#organization"},"potentialAction":[{"@type":"SearchAction","target":{"@type":"EntryPoint","urlTemplate":"https:\/\/bolting.eu\/en\/?s={search_term_string}"},"query-input":{"@type":"PropertyValueSpecification","valueRequired":true,"valueName":"search_term_string"}}],"inLanguage":"en-US"},{"@type":["Organization","Place","SportingGoodsStore"],"@id":"https:\/\/bolting.eu\/en\/#organization","name":"bolting.eu","url":"https:\/\/bolting.eu\/en\/","logo":{"@id":"https:\/\/bolting.eu\/en\/shop\/lacd-rope-bucket-allround\/#local-main-organization-logo"},"image":{"@id":"https:\/\/bolting.eu\/en\/shop\/lacd-rope-bucket-allround\/#local-main-organization-logo"},"sameAs":["https:\/\/www.facebook.com\/bolting.eu","https:\/\/www.instagram.com\/bolting.eu\/"],"address":{"@id":"https:\/\/bolting.eu\/en\/shop\/lacd-rope-bucket-allround\/#local-main-place-address"},"geo":{"@type":"GeoCoordinates","latitude":"47.264176340396226","longitude":"11.380109057672346"},"telephone":["+43 699 19083372"],"openingHoursSpecification":[{"@type":"OpeningHoursSpecification","dayOfWeek":["Monday","Wednesday","Friday"],"opens":"14:00","closes":"18:00"},{"@type":"OpeningHoursSpecification","dayOfWeek":["Tuesday","Thursday","Saturday","Sunday"],"opens":"00:00","closes":"00:00"}],"email":"office@bolting.eu","vatID":"ATU59999728","priceRange":"$$","currenciesAccepted":"Euro"},{"@type":"PostalAddress","@id":"https:\/\/bolting.eu\/en\/shop\/lacd-rope-bucket-allround\/#local-main-place-address","streetAddress":"Fischnalerstra\u00dfe 4","addressLocality":"Innsbruck","postalCode":"6020","addressRegion":"Tirol","addressCountry":"AT"},{"@type":"ImageObject","inLanguage":"en-US","@id":"https:\/\/bolting.eu\/en\/shop\/lacd-rope-bucket-allround\/#local-main-organization-logo","url":"https:\/\/bolting.eu\/wp-content\/uploads\/2019\/09\/bolting-logo.png","contentUrl":"https:\/\/bolting.eu\/wp-content\/uploads\/2019\/09\/bolting-logo.png","width":400,"height":211,"caption":"bolting.eu"}]},"product_price_amount":"34.90","product_price_currency":"EUR","og_availability":"instock","product_availability":"instock","product_retailer_item_id":"5640","product_condition":"new","geo.placename":"Innsbruck","geo.position":{"lat":"47.264176340396226","long":"11.380109057672346"},"geo.region":"Austria"},"_links":{"self":[{"href":"https:\/\/bolting.eu\/en\/wp-json\/wp\/v2\/product\/5181","targetHints":{"allow":["GET"]}}],"collection":[{"href":"https:\/\/bolting.eu\/en\/wp-json\/wp\/v2\/product"}],"about":[{"href":"https:\/\/bolting.eu\/en\/wp-json\/wp\/v2\/types\/product"}],"replies":[{"embeddable":true,"href":"https:\/\/bolting.eu\/en\/wp-json\/wp\/v2\/comments?post=5181"}],"wp:featuredmedia":[{"embeddable":true,"href":"https:\/\/bolting.eu\/en\/wp-json\/wp\/v2\/media\/5183"}],"wp:attachment":[{"href":"https:\/\/bolting.eu\/en\/wp-json\/wp\/v2\/media?parent=5181"}],"wp:term":[{"taxonomy":"product_brand","embeddable":true,"href":"https:\/\/bolting.eu\/en\/wp-json\/wp\/v2\/product_brand?post=5181"},{"taxonomy":"product_cat","embeddable":true,"href":"https:\/\/bolting.eu\/en\/wp-json\/wp\/v2\/product_cat?post=5181"},{"taxonomy":"product_tag","embeddable":true,"href":"https:\/\/bolting.eu\/en\/wp-json\/wp\/v2\/product_tag?post=5181"}],"curies":[{"name":"wp","href":"https:\/\/api.w.org\/{rel}","templated":true}]}}