{"id":5177,"date":"2020-09-01T14:43:14","date_gmt":"2020-09-01T12:43:14","guid":{"rendered":"https:\/\/bolting.eu\/?post_type=product&#038;p=5177"},"modified":"2024-05-15T14:08:32","modified_gmt":"2024-05-15T12:08:32","slug":"lacd-seilsack","status":"publish","type":"product","link":"https:\/\/bolting.eu\/en\/shop\/lacd-seilsack\/","title":{"rendered":"LACD Seilsack"},"content":{"rendered":"<p>Der LACD <a href=\"https:\/\/bolting.eu\/produkt-kategorie\/kletterausruestung\/seilsaecke\/\">Seilsack<\/a> ist einer unserer beliebtesten Modelle. Diese Tatsache ist auch sehr leicht erkl\u00e4rt.<\/p>\n<p>Denn erstens l\u00e4sst sich das\u00a0<a href=\"https:\/\/bolting.eu\/produkt-kategorie\/kletterseil\/\">Kletterseil<\/a> sehr angenehm zum Fels tragen. Zum einen sind hierf\u00fcr die Trageriemen gepolstert. und zum anderen das Volumen f\u00fcr bis zu 80m Seile perfekt.<\/p>\n<p>Zweitens hat die Seilplane mit 105x150cm super Ma\u00dfe. Da bleibt das Seil immer auf der Plane liegen.<\/p>\n<p>Drittens befinden sich au\u00dfen auch eine kleine Zipper Tasche sowie Materialschlaufen.<\/p>\n<p>Kurzum. Ein klassischer, funktioneller Seilsack der in keiner <a href=\"https:\/\/bolting.eu\/kletterausruestung\/\">Kletterausr\u00fcstung<\/a> fehlen sollte.<\/p>\n<h2>Eigenschaften LACD Seilsack<\/h2>\n<ul>\n<li>Hersteller: LACD<\/li>\n<li>Material: Polyamid (Nylon)<\/li>\n<li>Gr\u00f6\u00dfe: ca. 45 x 30 x 30 cm<\/li>\n<li>Seilplane: 105 x 150cm<\/li>\n<li>Gewicht: 500 Gramm<\/li>\n<li>4 rote Schlaufen f\u00fcr Seilenden<\/li>\n<li>4 Materialschlaufen<\/li>\n<li>2 Kompressionsriemen<\/li>\n<li>Kordelzug<\/li>\n<li>gepolsterte Trageriemen<\/li>\n<\/ul>\n<h3>Qualit\u00e4tsmerkmal &#8220;Einfachheit&#8221;<\/h3>\n<p>Der LACD Seilsack punktet durch EIN Haupt-Qualit\u00e4tsmerkmal. Einfachheit! Denn dieser Seilsack ist simpel gehalten. Und genau das macht diesen Rope Bag so verdammt gut. Das Seil ist einerseits sehr schnell in der Plane zusammen gepackt. Und andererseits auch rasch im Sack verstaut. Die beiden Kompressionsriemen angezogen. Fertig!<\/p>\n<p>Kurzum. Dieser Seilsack ist super komfortabel. Er l\u00e4sst sich zudem auch perfekt an einem Rucksack befestigen.<\/p>\n<h3>Gro\u00dfe Plane f\u00fcr den LACD Seilsack<\/h3>\n<p>Mit 105 x 150cm hat die Plane dieses Seilsacks eine immense Gr\u00f6\u00dfe. Denn hier liegen auch 80m Seile komfortabel am Boden. Die leichte Beschichtung h\u00e4lt Feuchtigkeit fern. Was will man mehr.<\/p>\n<p>Standardm\u00e4\u00dfig gibt es 4 rot markierte Schlaufen f\u00fcr die Seilenden. Hier k\u00f6nnen sie rasch &#8220;gefunden&#8221; werden.<\/p>\n<h3>Seile regelm\u00e4\u00dfig waschen<\/h3>\n<p>Es lohnt sich den Seilsack sowie das Seil in regelm\u00e4\u00dfigen Abst\u00e4nden zu waschen. Den LACD Seilsack leeren und den ganzen Sand, Steinchen und Schmutz heraussch\u00fctteln. Das verhindert ein Eindringen durch den Seilmantel ins Seilinnere.<\/p>\n<p>Dann empfehlen wir das Seil zu waschen. Am besten mit einem <a href=\"https:\/\/bolting.eu\/shop\/beal-seilwaschmittel-rope-cleaner\/\">Seilwaschmittel<\/a> bzw. der <a href=\"https:\/\/bolting.eu\/shop\/beal-seilbuerste-rope-brush\/\">Beal Rope-Brush<\/a> in der Badewanne. Im verbleibenden Wasser den Seilsack kurz aussp\u00fclen. Fertig!<\/p>\n<h4><strong>Link Tipp<\/strong><\/h4>\n<p>Fahrt mit Eurem neuen LACD Seilsack doch gleich mal auf Kletterurlaub! Beispielsweise zum <a href=\"https:\/\/maltatal.rocks\/klettergebiete-maltatal\/\" target=\"_blank\" rel=\"noopener noreferrer\">Sportklettern im Maltatal<\/a> in K\u00e4rnten!<\/p>\n","protected":false},"excerpt":{"rendered":"<ul>\n<li>Hersteller: LACD<\/li>\n<li>Material: Polyamid (Nylon)<\/li>\n<li>Gr\u00f6\u00dfe: ca. 45 x 30 x 30 cm<\/li>\n<li>Seilplane: 105 x 150cm<\/li>\n<li>Gewicht: 500 Gramm<\/li>\n<li>4 rote Schlaufen f\u00fcr Seilenden<\/li>\n<li>4 Materialschlaufen<\/li>\n<li>2 Kompressionsriemen<\/li>\n<li>Kordelzug<\/li>\n<li>gepolsterte Trageriemen<\/li>\n<\/ul>\n","protected":false},"featured_media":5178,"comment_status":"open","ping_status":"closed","template":"","meta":[],"product_brand":[],"product_cat":[4669,5416,29],"product_tag":[],"class_list":{"0":"post-5177","1":"product","2":"type-product","3":"status-publish","4":"has-post-thumbnail","6":"product_cat-lacd","7":"product_cat-seilsaecke","8":"product_cat-kletterausruestung","10":"first","11":"instock","12":"taxable","13":"shipping-taxable","14":"purchasable","15":"product-type-simple"},"yoast_head":"<!-- This site is optimized with the Yoast SEO Premium plugin v26.9 (Yoast SEO v26.9) - https:\/\/yoast.com\/product\/yoast-seo-premium-wordpress\/ -->\n<title>LACD Seilsack - jetzt g\u00fcnstig online kaufen | bolting.eu<\/title>\n<meta name=\"description\" content=\"Hier gibt\u00b4s den LACD SEILSACK. Einen super funktionellen, einfachen Seilsack der seinen Job perfekt erledigt! Jetzt kaufen beim Kletterprofi aus \ud83c\udde6\ud83c\uddf9 !\" \/>\n<meta name=\"robots\" content=\"index, follow, max-snippet:-1, max-image-preview:large, max-video-preview:-1\" \/>\n<link rel=\"canonical\" href=\"https:\/\/bolting.eu\/en\/shop\/lacd-seilsack\/\" \/>\n<meta property=\"og:locale\" content=\"en_US\" \/>\n<meta property=\"og:type\" content=\"article\" \/>\n<meta property=\"og:title\" content=\"LACD Seilsack\" \/>\n<meta property=\"og:description\" content=\"Hier gibt\u00b4s den LACD SEILSACK. Einen super funktionellen, einfachen Seilsack der seinen Job perfekt erledigt! Jetzt kaufen beim Kletterprofi aus \ud83c\udde6\ud83c\uddf9 !\" \/>\n<meta property=\"og:url\" content=\"https:\/\/bolting.eu\/en\/shop\/lacd-seilsack\/\" \/>\n<meta property=\"og:site_name\" content=\"bolting.eu\" \/>\n<meta property=\"article:publisher\" content=\"https:\/\/www.facebook.com\/bolting.eu\" \/>\n<meta property=\"article:modified_time\" content=\"2024-05-15T12:08:32+00:00\" \/>\n<meta property=\"og:image\" content=\"https:\/\/bolting.eu\/wp-content\/uploads\/2020\/09\/LACD-SEilsack-1.jpg\" \/>\n\t<meta property=\"og:image:width\" content=\"700\" \/>\n\t<meta property=\"og:image:height\" content=\"700\" \/>\n\t<meta property=\"og:image:type\" content=\"image\/jpeg\" \/>\n<meta name=\"twitter:card\" content=\"summary_large_image\" \/>\n<meta name=\"twitter:label1\" content=\"Price\" \/>\n\t<meta name=\"twitter:data1\" content=\"&euro;&nbsp;34,90\" \/>\n\t<meta name=\"twitter:label2\" content=\"Availability\" \/>\n\t<meta name=\"twitter:data2\" content=\"In stock\" \/>\n<script type=\"application\/ld+json\" class=\"yoast-schema-graph\">{\"@context\":\"https:\/\/schema.org\",\"@graph\":[{\"@type\":[\"WebPage\",\"ItemPage\"],\"@id\":\"https:\/\/bolting.eu\/en\/shop\/lacd-seilsack\/\",\"url\":\"https:\/\/bolting.eu\/en\/shop\/lacd-seilsack\/\",\"name\":\"LACD Seilsack - jetzt g\u00fcnstig online kaufen | bolting.eu\",\"isPartOf\":{\"@id\":\"https:\/\/bolting.eu\/en\/#website\"},\"primaryImageOfPage\":{\"@id\":\"https:\/\/bolting.eu\/en\/shop\/lacd-seilsack\/#primaryimage\"},\"image\":{\"@id\":\"https:\/\/bolting.eu\/en\/shop\/lacd-seilsack\/#primaryimage\"},\"thumbnailUrl\":\"https:\/\/bolting.eu\/wp-content\/uploads\/2020\/09\/LACD-SEilsack-1.jpg\",\"datePublished\":\"2020-09-01T12:43:14+00:00\",\"dateModified\":\"2024-05-15T12:08:32+00:00\",\"description\":\"Hier gibt\u00b4s den LACD SEILSACK. Einen super funktionellen, einfachen Seilsack der seinen Job perfekt erledigt! Jetzt kaufen beim Kletterprofi aus \ud83c\udde6\ud83c\uddf9 !\",\"breadcrumb\":{\"@id\":\"https:\/\/bolting.eu\/en\/shop\/lacd-seilsack\/#breadcrumb\"},\"inLanguage\":\"en-US\",\"potentialAction\":[{\"@type\":\"ReadAction\",\"target\":[\"https:\/\/bolting.eu\/en\/shop\/lacd-seilsack\/\"]}]},{\"@type\":\"ImageObject\",\"inLanguage\":\"en-US\",\"@id\":\"https:\/\/bolting.eu\/en\/shop\/lacd-seilsack\/#primaryimage\",\"url\":\"https:\/\/bolting.eu\/wp-content\/uploads\/2020\/09\/LACD-SEilsack-1.jpg\",\"contentUrl\":\"https:\/\/bolting.eu\/wp-content\/uploads\/2020\/09\/LACD-SEilsack-1.jpg\",\"width\":700,\"height\":700,\"caption\":\"Das Bild zeigt den LACD Seilsack. Der schwarze Rope Bag liegt waagrecht in Bildmitte. Man erkennt die Schulterriemen und die grauen Kompressionsstreifen.\"},{\"@type\":\"BreadcrumbList\",\"@id\":\"https:\/\/bolting.eu\/en\/shop\/lacd-seilsack\/#breadcrumb\",\"itemListElement\":[{\"@type\":\"ListItem\",\"position\":1,\"name\":\"Shop\",\"item\":\"https:\/\/bolting.eu\/en\/shop\/\"},{\"@type\":\"ListItem\",\"position\":2,\"name\":\"climbing equipment\",\"item\":\"https:\/\/bolting.eu\/en\/produkt-kategorie\/climbing-equipment\/\"},{\"@type\":\"ListItem\",\"position\":3,\"name\":\"Seils\u00e4cke\",\"item\":\"https:\/\/bolting.eu\/produkt-kategorie\/kletterausruestung\/seilsaecke\/\"},{\"@type\":\"ListItem\",\"position\":4,\"name\":\"LACD Seilsack\"}]},{\"@type\":\"WebSite\",\"@id\":\"https:\/\/bolting.eu\/en\/#website\",\"url\":\"https:\/\/bolting.eu\/en\/\",\"name\":\"bolting.eu\",\"description\":\"we make climbs happen\",\"publisher\":{\"@id\":\"https:\/\/bolting.eu\/en\/#organization\"},\"potentialAction\":[{\"@type\":\"SearchAction\",\"target\":{\"@type\":\"EntryPoint\",\"urlTemplate\":\"https:\/\/bolting.eu\/en\/?s={search_term_string}\"},\"query-input\":{\"@type\":\"PropertyValueSpecification\",\"valueRequired\":true,\"valueName\":\"search_term_string\"}}],\"inLanguage\":\"en-US\"},{\"@type\":[\"Organization\",\"Place\",\"SportingGoodsStore\"],\"@id\":\"https:\/\/bolting.eu\/en\/#organization\",\"name\":\"bolting.eu\",\"url\":\"https:\/\/bolting.eu\/en\/\",\"logo\":{\"@id\":\"https:\/\/bolting.eu\/en\/shop\/lacd-seilsack\/#local-main-organization-logo\"},\"image\":{\"@id\":\"https:\/\/bolting.eu\/en\/shop\/lacd-seilsack\/#local-main-organization-logo\"},\"sameAs\":[\"https:\/\/www.facebook.com\/bolting.eu\",\"https:\/\/www.instagram.com\/bolting.eu\/\"],\"address\":{\"@id\":\"https:\/\/bolting.eu\/en\/shop\/lacd-seilsack\/#local-main-place-address\"},\"geo\":{\"@type\":\"GeoCoordinates\",\"latitude\":\"47.264176340396226\",\"longitude\":\"11.380109057672346\"},\"telephone\":[\"+43 699 19083372\"],\"openingHoursSpecification\":[{\"@type\":\"OpeningHoursSpecification\",\"dayOfWeek\":[\"Monday\",\"Wednesday\",\"Friday\"],\"opens\":\"14:00\",\"closes\":\"18:00\"},{\"@type\":\"OpeningHoursSpecification\",\"dayOfWeek\":[\"Tuesday\",\"Thursday\",\"Saturday\",\"Sunday\"],\"opens\":\"00:00\",\"closes\":\"00:00\"}],\"email\":\"office@bolting.eu\",\"vatID\":\"ATU59999728\",\"priceRange\":\"$$\",\"currenciesAccepted\":\"Euro\"},{\"@type\":\"PostalAddress\",\"@id\":\"https:\/\/bolting.eu\/en\/shop\/lacd-seilsack\/#local-main-place-address\",\"streetAddress\":\"Fischnalerstra\u00dfe 4\",\"addressLocality\":\"Innsbruck\",\"postalCode\":\"6020\",\"addressRegion\":\"Tirol\",\"addressCountry\":\"AT\"},{\"@type\":\"ImageObject\",\"inLanguage\":\"en-US\",\"@id\":\"https:\/\/bolting.eu\/en\/shop\/lacd-seilsack\/#local-main-organization-logo\",\"url\":\"https:\/\/bolting.eu\/wp-content\/uploads\/2019\/09\/bolting-logo.png\",\"contentUrl\":\"https:\/\/bolting.eu\/wp-content\/uploads\/2019\/09\/bolting-logo.png\",\"width\":400,\"height\":211,\"caption\":\"bolting.eu\"}]}<\/script>\n<meta property=\"product:price:amount\" content=\"34.90\" \/>\n<meta property=\"product:price:currency\" content=\"EUR\" \/>\n<meta property=\"og:availability\" content=\"instock\" \/>\n<meta property=\"product:availability\" content=\"instock\" \/>\n<meta property=\"product:retailer_item_id\" content=\"5623\" \/>\n<meta property=\"product:condition\" content=\"new\" \/>\n<meta name=\"geo.placename\" content=\"Innsbruck\" \/>\n<meta name=\"geo.position\" content=\"47.264176340396226;11.380109057672346\" \/>\n<meta name=\"geo.region\" content=\"Austria\" \/>\n<!-- \/ Yoast SEO Premium plugin. -->","yoast_head_json":{"title":"LACD Seilsack - jetzt g\u00fcnstig online kaufen | bolting.eu","description":"Hier gibt\u00b4s den LACD SEILSACK. Einen super funktionellen, einfachen Seilsack der seinen Job perfekt erledigt! Jetzt kaufen beim Kletterprofi aus \ud83c\udde6\ud83c\uddf9 !","robots":{"index":"index","follow":"follow","max-snippet":"max-snippet:-1","max-image-preview":"max-image-preview:large","max-video-preview":"max-video-preview:-1"},"canonical":"https:\/\/bolting.eu\/en\/shop\/lacd-seilsack\/","og_locale":"en_US","og_type":"article","og_title":"LACD Seilsack","og_description":"Hier gibt\u00b4s den LACD SEILSACK. Einen super funktionellen, einfachen Seilsack der seinen Job perfekt erledigt! Jetzt kaufen beim Kletterprofi aus \ud83c\udde6\ud83c\uddf9 !","og_url":"https:\/\/bolting.eu\/en\/shop\/lacd-seilsack\/","og_site_name":"bolting.eu","article_publisher":"https:\/\/www.facebook.com\/bolting.eu","article_modified_time":"2024-05-15T12:08:32+00:00","og_image":[{"width":700,"height":700,"url":"https:\/\/bolting.eu\/wp-content\/uploads\/2020\/09\/LACD-SEilsack-1.jpg","type":"image\/jpeg"}],"twitter_card":"summary_large_image","twitter_misc":{"Price":"&euro;&nbsp;34,90","Availability":"In stock"},"schema":{"@context":"https:\/\/schema.org","@graph":[{"@type":["WebPage","ItemPage"],"@id":"https:\/\/bolting.eu\/en\/shop\/lacd-seilsack\/","url":"https:\/\/bolting.eu\/en\/shop\/lacd-seilsack\/","name":"LACD Seilsack - jetzt g\u00fcnstig online kaufen | bolting.eu","isPartOf":{"@id":"https:\/\/bolting.eu\/en\/#website"},"primaryImageOfPage":{"@id":"https:\/\/bolting.eu\/en\/shop\/lacd-seilsack\/#primaryimage"},"image":{"@id":"https:\/\/bolting.eu\/en\/shop\/lacd-seilsack\/#primaryimage"},"thumbnailUrl":"https:\/\/bolting.eu\/wp-content\/uploads\/2020\/09\/LACD-SEilsack-1.jpg","datePublished":"2020-09-01T12:43:14+00:00","dateModified":"2024-05-15T12:08:32+00:00","description":"Hier gibt\u00b4s den LACD SEILSACK. Einen super funktionellen, einfachen Seilsack der seinen Job perfekt erledigt! Jetzt kaufen beim Kletterprofi aus \ud83c\udde6\ud83c\uddf9 !","breadcrumb":{"@id":"https:\/\/bolting.eu\/en\/shop\/lacd-seilsack\/#breadcrumb"},"inLanguage":"en-US","potentialAction":[{"@type":"ReadAction","target":["https:\/\/bolting.eu\/en\/shop\/lacd-seilsack\/"]}]},{"@type":"ImageObject","inLanguage":"en-US","@id":"https:\/\/bolting.eu\/en\/shop\/lacd-seilsack\/#primaryimage","url":"https:\/\/bolting.eu\/wp-content\/uploads\/2020\/09\/LACD-SEilsack-1.jpg","contentUrl":"https:\/\/bolting.eu\/wp-content\/uploads\/2020\/09\/LACD-SEilsack-1.jpg","width":700,"height":700,"caption":"Das Bild zeigt den LACD Seilsack. Der schwarze Rope Bag liegt waagrecht in Bildmitte. Man erkennt die Schulterriemen und die grauen Kompressionsstreifen."},{"@type":"BreadcrumbList","@id":"https:\/\/bolting.eu\/en\/shop\/lacd-seilsack\/#breadcrumb","itemListElement":[{"@type":"ListItem","position":1,"name":"Shop","item":"https:\/\/bolting.eu\/en\/shop\/"},{"@type":"ListItem","position":2,"name":"climbing equipment","item":"https:\/\/bolting.eu\/en\/produkt-kategorie\/climbing-equipment\/"},{"@type":"ListItem","position":3,"name":"Seils\u00e4cke","item":"https:\/\/bolting.eu\/produkt-kategorie\/kletterausruestung\/seilsaecke\/"},{"@type":"ListItem","position":4,"name":"LACD Seilsack"}]},{"@type":"WebSite","@id":"https:\/\/bolting.eu\/en\/#website","url":"https:\/\/bolting.eu\/en\/","name":"bolting.eu","description":"we make climbs happen","publisher":{"@id":"https:\/\/bolting.eu\/en\/#organization"},"potentialAction":[{"@type":"SearchAction","target":{"@type":"EntryPoint","urlTemplate":"https:\/\/bolting.eu\/en\/?s={search_term_string}"},"query-input":{"@type":"PropertyValueSpecification","valueRequired":true,"valueName":"search_term_string"}}],"inLanguage":"en-US"},{"@type":["Organization","Place","SportingGoodsStore"],"@id":"https:\/\/bolting.eu\/en\/#organization","name":"bolting.eu","url":"https:\/\/bolting.eu\/en\/","logo":{"@id":"https:\/\/bolting.eu\/en\/shop\/lacd-seilsack\/#local-main-organization-logo"},"image":{"@id":"https:\/\/bolting.eu\/en\/shop\/lacd-seilsack\/#local-main-organization-logo"},"sameAs":["https:\/\/www.facebook.com\/bolting.eu","https:\/\/www.instagram.com\/bolting.eu\/"],"address":{"@id":"https:\/\/bolting.eu\/en\/shop\/lacd-seilsack\/#local-main-place-address"},"geo":{"@type":"GeoCoordinates","latitude":"47.264176340396226","longitude":"11.380109057672346"},"telephone":["+43 699 19083372"],"openingHoursSpecification":[{"@type":"OpeningHoursSpecification","dayOfWeek":["Monday","Wednesday","Friday"],"opens":"14:00","closes":"18:00"},{"@type":"OpeningHoursSpecification","dayOfWeek":["Tuesday","Thursday","Saturday","Sunday"],"opens":"00:00","closes":"00:00"}],"email":"office@bolting.eu","vatID":"ATU59999728","priceRange":"$$","currenciesAccepted":"Euro"},{"@type":"PostalAddress","@id":"https:\/\/bolting.eu\/en\/shop\/lacd-seilsack\/#local-main-place-address","streetAddress":"Fischnalerstra\u00dfe 4","addressLocality":"Innsbruck","postalCode":"6020","addressRegion":"Tirol","addressCountry":"AT"},{"@type":"ImageObject","inLanguage":"en-US","@id":"https:\/\/bolting.eu\/en\/shop\/lacd-seilsack\/#local-main-organization-logo","url":"https:\/\/bolting.eu\/wp-content\/uploads\/2019\/09\/bolting-logo.png","contentUrl":"https:\/\/bolting.eu\/wp-content\/uploads\/2019\/09\/bolting-logo.png","width":400,"height":211,"caption":"bolting.eu"}]},"product_price_amount":"34.90","product_price_currency":"EUR","og_availability":"instock","product_availability":"instock","product_retailer_item_id":"5623","product_condition":"new","geo.placename":"Innsbruck","geo.position":{"lat":"47.264176340396226","long":"11.380109057672346"},"geo.region":"Austria"},"_links":{"self":[{"href":"https:\/\/bolting.eu\/en\/wp-json\/wp\/v2\/product\/5177","targetHints":{"allow":["GET"]}}],"collection":[{"href":"https:\/\/bolting.eu\/en\/wp-json\/wp\/v2\/product"}],"about":[{"href":"https:\/\/bolting.eu\/en\/wp-json\/wp\/v2\/types\/product"}],"replies":[{"embeddable":true,"href":"https:\/\/bolting.eu\/en\/wp-json\/wp\/v2\/comments?post=5177"}],"wp:featuredmedia":[{"embeddable":true,"href":"https:\/\/bolting.eu\/en\/wp-json\/wp\/v2\/media\/5178"}],"wp:attachment":[{"href":"https:\/\/bolting.eu\/en\/wp-json\/wp\/v2\/media?parent=5177"}],"wp:term":[{"taxonomy":"product_brand","embeddable":true,"href":"https:\/\/bolting.eu\/en\/wp-json\/wp\/v2\/product_brand?post=5177"},{"taxonomy":"product_cat","embeddable":true,"href":"https:\/\/bolting.eu\/en\/wp-json\/wp\/v2\/product_cat?post=5177"},{"taxonomy":"product_tag","embeddable":true,"href":"https:\/\/bolting.eu\/en\/wp-json\/wp\/v2\/product_tag?post=5177"}],"curies":[{"name":"wp","href":"https:\/\/api.w.org\/{rel}","templated":true}]}}