{"id":5171,"date":"2020-09-01T14:10:12","date_gmt":"2020-09-01T12:10:12","guid":{"rendered":"https:\/\/bolting.eu\/?post_type=product&#038;p=5171"},"modified":"2023-06-07T15:34:28","modified_gmt":"2023-06-07T13:34:28","slug":"pro-nut-set-camp","status":"publish","type":"product","link":"https:\/\/bolting.eu\/en\/shop\/pro-nut-set-camp\/","title":{"rendered":"Pro Nut Set Camp"},"content":{"rendered":"<p>Das Pro Nut Set Camp sind ein super Anf\u00e4nger <a href=\"https:\/\/bolting.eu\/produkt-kategorie\/klemmkeile\/\">Klemmkeile<\/a> Set. Denn es umspannt zum einen gleich 11 Gr\u00f6\u00dfen. D.h. man kann damit zum einen beim Techno Klettern als als Trad Klettern viele Routen absichern. Und zum anderen mit den Gr\u00f6\u00dfen 4-11 locker in jede Alpinroute einsteigen.<\/p>\n<p>Kurzum. Dieses universelle Set von Klemmkeilen ist jeden Euro wert.\u00a0\u00a0 Unserer Meinung nach ein absolut empfehlenswertes Keile Sets, welches in keiner <a href=\"https:\/\/bolting.eu\/kletterausruestung\/\">Kletterausr\u00fcstung<\/a> fehlen sollte.<\/p>\n<h2>Eigenschaften Pro Nut Set Camp<\/h2>\n<ul>\n<li>Hersteller: Camp<\/li>\n<li>Material: Alu bzw. verzinktes Stahlkabel<\/li>\n<li>Gr\u00f6\u00dfen: 1-7<\/li>\n<li>Gewicht: 12 &#8211; 55 Gramm (Details siehe \u00dcbersicht)<\/li>\n<li>EN Norm: EN 12270<\/li>\n<li>eloxierter Alu Kopf<\/li>\n<li>gerillte konvexe Oberfl\u00e4che<\/li>\n<li>ab Gr. 6 hohl f\u00fcr weniger Gewicht<\/li>\n<li>f\u00fcr festen Halt eine lange <a href=\"https:\/\/bolting.eu\/produkt-kategorie\/kletterausruestung\/expressschlingen\/\">Expressschlinge<\/a> einh\u00e4ngen<\/li>\n<li>zum Anh\u00e4ngen am <a href=\"https:\/\/bolting.eu\/produkt-kategorie\/kletterausruestung\/klettergurte\/\">Klettergurt<\/a> kleinen <a href=\"https:\/\/bolting.eu\/produkt-kategorie\/kletterausruestung\/kletterkarabiner\/\">Kletterkarabiner<\/a><br \/>\nwie z.B. <a href=\"https:\/\/bolting.eu\/shop\/camp-nano-22\/\">Camp Nano 22<\/a> oder <a href=\"https:\/\/bolting.eu\/shop\/camp-dyon\/\">Camp Dyon<\/a> verwenden<\/li>\n<\/ul>\n<h3>Gr\u00f6\u00dfen Detail\u00fcbersicht<\/h3>\n<p>Im Folgenden findet Ihr eine \u00dcbersicht mit allen Details zu den 7 Gr\u00f6\u00dfen. Dort seht ihr erstens die Dimensionen der Alu K\u00f6pfe. Zweitens die das Gewicht. Und drittens die Bruchlasten der Keile. Beachtet dabei. Die Pro Nut Set Camp Klemmkeile decken mit 7 Keilen den Gr\u00f6\u00dfenbereich anderer Sets mit 11 Keilen ab!<\/p>\n<p><a href=\"https:\/\/bolting.eu\/wp-content\/uploads\/2020\/09\/Pro-Nuts-Set-Camp-4.jpg\"><img loading=\"lazy\" decoding=\"async\" class=\"alignnone wp-image-5175 size-full\" src=\"https:\/\/bolting.eu\/wp-content\/uploads\/2020\/09\/Pro-Nuts-Set-Camp-4.jpg\" alt=\"Das Bild zeigt eine TAbelle mit einer \u00dcbersicht zum Pro Nuts Set Camp. Man sieht die Gr\u00f6\u00dfen, Gewicht und MA\u00dfe zu den einzelnen Klemmkeilen.\" width=\"800\" height=\"379\" srcset=\"https:\/\/bolting.eu\/wp-content\/uploads\/2020\/09\/Pro-Nuts-Set-Camp-4.jpg 800w, https:\/\/bolting.eu\/wp-content\/uploads\/2020\/09\/Pro-Nuts-Set-Camp-4-510x242.jpg 510w, https:\/\/bolting.eu\/wp-content\/uploads\/2020\/09\/Pro-Nuts-Set-Camp-4-768x364.jpg 768w, https:\/\/bolting.eu\/wp-content\/uploads\/2020\/09\/Pro-Nuts-Set-Camp-4-600x284.jpg 600w\" sizes=\"auto, (max-width: 800px) 100vw, 800px\" \/><\/a><\/p>\n<h3>Wann sind Keile aus dem Pro Nut Set Camp auszuscheiden?<\/h3>\n<p>Wenn Keile an den Drahtkabeln ausfransen, dann ist dies ein Indiz f\u00fcr beginnende Altersschw\u00e4che. Folglich ist das der Zeitpunkt \u00fcber einen Austausch nachzudenken. Denn selbst wenn die Keile immer noch funktionieren. Im Falle eines Sturzes nimmt die maximale Belastbarkeit ab! D.h. auf Zug bei einem selber gebauten Stand ist alles o.k. Bei einem harten Sturz mit maximalen Belastungen um die 6kN aber m\u00f6glicherweise nicht mehr.<\/p>\n<p>Deswegen. Tauscht eure Keile aus wenn sie offensichtlich in die Jahre gekommen sind. Beim Einsatz des <a href=\"https:\/\/bolting.eu\/produkt-kategorie\/klemmkeile\/klemmkeilentferner\/\">Klemmkeilentferners<\/a> zudem vorsichtig sein, um die Stahlkabel nicht zu besch\u00e4digen.<\/p>\n<h3>Video<\/h3>\n<p>Im folgenden Video bekommt ihr noch allgemeine Infos bzw. Tipps zum Legen von Klemmkeilen wie den Pro Nut Set Camp.<\/p>\n<p><iframe loading=\"lazy\" src=\"https:\/\/www.youtube.com\/embed\/CejnftwFP7o\" width=\"100%\" height=\"450\" frameborder=\"0\" allowfullscreen=\"allowfullscreen\"><span data-mce-type=\"bookmark\" style=\"display: inline-block; width: 0px; overflow: hidden; line-height: 0;\" class=\"mce_SELRES_start\">\ufeff<\/span><\/iframe><\/p>\n<h4><strong>Link Tipp<\/strong><\/h4>\n<p>Viele weitere Produkte findet ihr auf der Website des <a href=\"https:\/\/www.camp.it\/\" target=\"_blank\" rel=\"noopener noreferrer\">Herstellers<\/a><\/p>\n","protected":false},"excerpt":{"rendered":"<ul>\n<li>Hersteller: <a href=\"https:\/\/bolting.eu\/produkt-kategorie\/camp-cassin\/\">Camp<\/a><\/li>\n<li>Material: Alu bzw. verzinktes Stahlkabel<\/li>\n<li>Gr\u00f6\u00dfen: 1-7<\/li>\n<li>Gewicht: 12 &#8211; 55 Gramm (Details siehe \u00dcbersicht)<\/li>\n<li>EN Norm: EN 12270<\/li>\n<li>eloxierter Alu Kopf<\/li>\n<li>gerillte konvexe Oberfl\u00e4che<\/li>\n<li>ab Gr. 6 hohl f\u00fcr weniger Gewicht<\/li>\n<\/ul>\n","protected":false},"featured_media":5174,"comment_status":"open","ping_status":"closed","template":"","meta":[],"product_brand":[],"product_cat":[3712,4653],"product_tag":[4164,262,265],"class_list":{"0":"post-5171","1":"product","2":"type-product","3":"status-publish","4":"has-post-thumbnail","6":"product_cat-klemmkeile","7":"product_cat-camp-cassin","8":"product_tag-trad-klettern","9":"product_tag-alpinklettern","10":"product_tag-big-wall-klettern","12":"first","13":"outofstock","14":"taxable","15":"shipping-taxable","16":"purchasable","17":"product-type-simple"},"yoast_head":"<!-- This site is optimized with the Yoast SEO Premium plugin v26.9 (Yoast SEO v26.9) - https:\/\/yoast.com\/product\/yoast-seo-premium-wordpress\/ -->\n<title>Pro Nut Set Camp Klemmkeile g\u00fcnstig online kaufen | bolting.eu<\/title>\n<meta name=\"description\" content=\"Hier findet ihr das PRO NUT SET CAMP Klemmkeile Set. \u2705 14 Tage R\u00fcckgaberecht \u2705 versandfrei* ab \u20ac 100,- \u2705 Kaufberatung \u2705 Fachh\u00e4ndler aus \u00d6sterreich\" \/>\n<meta name=\"robots\" content=\"index, follow, max-snippet:-1, max-image-preview:large, max-video-preview:-1\" \/>\n<link rel=\"canonical\" href=\"https:\/\/bolting.eu\/en\/shop\/pro-nut-set-camp\/\" \/>\n<meta property=\"og:locale\" content=\"en_US\" \/>\n<meta property=\"og:type\" content=\"article\" \/>\n<meta property=\"og:title\" content=\"Pro Nut Set Camp\" \/>\n<meta property=\"og:description\" content=\"Hier findet ihr das PRO NUT SET CAMP Klemmkeile Set. \u2705 14 Tage R\u00fcckgaberecht \u2705 versandfrei* ab \u20ac 100,- \u2705 Kaufberatung \u2705 Fachh\u00e4ndler aus \u00d6sterreich\" \/>\n<meta property=\"og:url\" content=\"https:\/\/bolting.eu\/en\/shop\/pro-nut-set-camp\/\" \/>\n<meta property=\"og:site_name\" content=\"bolting.eu\" \/>\n<meta property=\"article:publisher\" content=\"https:\/\/www.facebook.com\/bolting.eu\" \/>\n<meta property=\"article:modified_time\" content=\"2023-06-07T13:34:28+00:00\" \/>\n<meta property=\"og:image\" content=\"https:\/\/bolting.eu\/wp-content\/uploads\/2020\/09\/Pro-Nut-Set-Camp-1-1.jpg\" \/>\n\t<meta property=\"og:image:width\" content=\"700\" \/>\n\t<meta property=\"og:image:height\" content=\"700\" \/>\n\t<meta property=\"og:image:type\" content=\"image\/jpeg\" \/>\n<meta name=\"twitter:card\" content=\"summary_large_image\" \/>\n<meta name=\"twitter:label1\" content=\"Price\" \/>\n\t<meta name=\"twitter:data1\" content=\"&euro;&nbsp;59,90\" \/>\n\t<meta name=\"twitter:label2\" content=\"Availability\" \/>\n\t<meta name=\"twitter:data2\" content=\"Out of stock\" \/>\n<script type=\"application\/ld+json\" class=\"yoast-schema-graph\">{\"@context\":\"https:\/\/schema.org\",\"@graph\":[{\"@type\":[\"WebPage\",\"ItemPage\"],\"@id\":\"https:\/\/bolting.eu\/en\/shop\/pro-nut-set-camp\/\",\"url\":\"https:\/\/bolting.eu\/en\/shop\/pro-nut-set-camp\/\",\"name\":\"Pro Nut Set Camp Klemmkeile g\u00fcnstig online kaufen | bolting.eu\",\"isPartOf\":{\"@id\":\"https:\/\/bolting.eu\/en\/#website\"},\"primaryImageOfPage\":{\"@id\":\"https:\/\/bolting.eu\/en\/shop\/pro-nut-set-camp\/#primaryimage\"},\"image\":{\"@id\":\"https:\/\/bolting.eu\/en\/shop\/pro-nut-set-camp\/#primaryimage\"},\"thumbnailUrl\":\"https:\/\/bolting.eu\/wp-content\/uploads\/2020\/09\/Pro-Nut-Set-Camp-1-1.jpg\",\"datePublished\":\"2020-09-01T12:10:12+00:00\",\"dateModified\":\"2023-06-07T13:34:28+00:00\",\"description\":\"Hier findet ihr das PRO NUT SET CAMP Klemmkeile Set. \u2705 14 Tage R\u00fcckgaberecht \u2705 versandfrei* ab \u20ac 100,- \u2705 Kaufberatung \u2705 Fachh\u00e4ndler aus \u00d6sterreich\",\"breadcrumb\":{\"@id\":\"https:\/\/bolting.eu\/en\/shop\/pro-nut-set-camp\/#breadcrumb\"},\"inLanguage\":\"en-US\",\"potentialAction\":[{\"@type\":\"ReadAction\",\"target\":[\"https:\/\/bolting.eu\/en\/shop\/pro-nut-set-camp\/\"]}]},{\"@type\":\"ImageObject\",\"inLanguage\":\"en-US\",\"@id\":\"https:\/\/bolting.eu\/en\/shop\/pro-nut-set-camp\/#primaryimage\",\"url\":\"https:\/\/bolting.eu\/wp-content\/uploads\/2020\/09\/Pro-Nut-Set-Camp-1-1.jpg\",\"contentUrl\":\"https:\/\/bolting.eu\/wp-content\/uploads\/2020\/09\/Pro-Nut-Set-Camp-1-1.jpg\",\"width\":700,\"height\":700,\"caption\":\"Das Bild zeigt das Pro Nut Set Camp. Die sieben Klemmkeile liegen im Bund leicht aufgef\u00e4chert in Bildmitte. Um die Drahtkabel ist eine Kartion Verpackung gewickelt. Unterhalb stehen die bunten Keile heraus.\"},{\"@type\":\"BreadcrumbList\",\"@id\":\"https:\/\/bolting.eu\/en\/shop\/pro-nut-set-camp\/#breadcrumb\",\"itemListElement\":[{\"@type\":\"ListItem\",\"position\":1,\"name\":\"Shop\",\"item\":\"https:\/\/bolting.eu\/en\/shop\/\"},{\"@type\":\"ListItem\",\"position\":2,\"name\":\"Klemmkeile\",\"item\":\"https:\/\/bolting.eu\/produkt-kategorie\/klemmkeile\/\"},{\"@type\":\"ListItem\",\"position\":3,\"name\":\"Pro Nut Set Camp\"}]},{\"@type\":\"WebSite\",\"@id\":\"https:\/\/bolting.eu\/en\/#website\",\"url\":\"https:\/\/bolting.eu\/en\/\",\"name\":\"bolting.eu\",\"description\":\"we make climbs happen\",\"publisher\":{\"@id\":\"https:\/\/bolting.eu\/en\/#organization\"},\"potentialAction\":[{\"@type\":\"SearchAction\",\"target\":{\"@type\":\"EntryPoint\",\"urlTemplate\":\"https:\/\/bolting.eu\/en\/?s={search_term_string}\"},\"query-input\":{\"@type\":\"PropertyValueSpecification\",\"valueRequired\":true,\"valueName\":\"search_term_string\"}}],\"inLanguage\":\"en-US\"},{\"@type\":[\"Organization\",\"Place\",\"SportingGoodsStore\"],\"@id\":\"https:\/\/bolting.eu\/en\/#organization\",\"name\":\"bolting.eu\",\"url\":\"https:\/\/bolting.eu\/en\/\",\"logo\":{\"@id\":\"https:\/\/bolting.eu\/en\/shop\/pro-nut-set-camp\/#local-main-organization-logo\"},\"image\":{\"@id\":\"https:\/\/bolting.eu\/en\/shop\/pro-nut-set-camp\/#local-main-organization-logo\"},\"sameAs\":[\"https:\/\/www.facebook.com\/bolting.eu\",\"https:\/\/www.instagram.com\/bolting.eu\/\"],\"address\":{\"@id\":\"https:\/\/bolting.eu\/en\/shop\/pro-nut-set-camp\/#local-main-place-address\"},\"geo\":{\"@type\":\"GeoCoordinates\",\"latitude\":\"47.264176340396226\",\"longitude\":\"11.380109057672346\"},\"telephone\":[\"+43 699 19083372\"],\"openingHoursSpecification\":[{\"@type\":\"OpeningHoursSpecification\",\"dayOfWeek\":[\"Monday\",\"Wednesday\",\"Friday\"],\"opens\":\"14:00\",\"closes\":\"18:00\"},{\"@type\":\"OpeningHoursSpecification\",\"dayOfWeek\":[\"Tuesday\",\"Thursday\",\"Saturday\",\"Sunday\"],\"opens\":\"00:00\",\"closes\":\"00:00\"}],\"email\":\"office@bolting.eu\",\"vatID\":\"ATU59999728\",\"priceRange\":\"$$\",\"currenciesAccepted\":\"Euro\"},{\"@type\":\"PostalAddress\",\"@id\":\"https:\/\/bolting.eu\/en\/shop\/pro-nut-set-camp\/#local-main-place-address\",\"streetAddress\":\"Fischnalerstra\u00dfe 4\",\"addressLocality\":\"Innsbruck\",\"postalCode\":\"6020\",\"addressRegion\":\"Tirol\",\"addressCountry\":\"AT\"},{\"@type\":\"ImageObject\",\"inLanguage\":\"en-US\",\"@id\":\"https:\/\/bolting.eu\/en\/shop\/pro-nut-set-camp\/#local-main-organization-logo\",\"url\":\"https:\/\/bolting.eu\/wp-content\/uploads\/2019\/09\/bolting-logo.png\",\"contentUrl\":\"https:\/\/bolting.eu\/wp-content\/uploads\/2019\/09\/bolting-logo.png\",\"width\":400,\"height\":211,\"caption\":\"bolting.eu\"}]}<\/script>\n<meta property=\"product:price:amount\" content=\"59.90\" \/>\n<meta property=\"product:price:currency\" content=\"EUR\" \/>\n<meta property=\"og:availability\" content=\"out of stock\" \/>\n<meta property=\"product:availability\" content=\"out of stock\" \/>\n<meta property=\"product:retailer_item_id\" content=\"1034\" \/>\n<meta property=\"product:condition\" content=\"new\" \/>\n<meta name=\"geo.placename\" content=\"Innsbruck\" \/>\n<meta name=\"geo.position\" content=\"47.264176340396226;11.380109057672346\" \/>\n<meta name=\"geo.region\" content=\"Austria\" \/>\n<!-- \/ Yoast SEO Premium plugin. -->","yoast_head_json":{"title":"Pro Nut Set Camp Klemmkeile g\u00fcnstig online kaufen | bolting.eu","description":"Hier findet ihr das PRO NUT SET CAMP Klemmkeile Set. \u2705 14 Tage R\u00fcckgaberecht \u2705 versandfrei* ab \u20ac 100,- \u2705 Kaufberatung \u2705 Fachh\u00e4ndler aus \u00d6sterreich","robots":{"index":"index","follow":"follow","max-snippet":"max-snippet:-1","max-image-preview":"max-image-preview:large","max-video-preview":"max-video-preview:-1"},"canonical":"https:\/\/bolting.eu\/en\/shop\/pro-nut-set-camp\/","og_locale":"en_US","og_type":"article","og_title":"Pro Nut Set Camp","og_description":"Hier findet ihr das PRO NUT SET CAMP Klemmkeile Set. \u2705 14 Tage R\u00fcckgaberecht \u2705 versandfrei* ab \u20ac 100,- \u2705 Kaufberatung \u2705 Fachh\u00e4ndler aus \u00d6sterreich","og_url":"https:\/\/bolting.eu\/en\/shop\/pro-nut-set-camp\/","og_site_name":"bolting.eu","article_publisher":"https:\/\/www.facebook.com\/bolting.eu","article_modified_time":"2023-06-07T13:34:28+00:00","og_image":[{"width":700,"height":700,"url":"https:\/\/bolting.eu\/wp-content\/uploads\/2020\/09\/Pro-Nut-Set-Camp-1-1.jpg","type":"image\/jpeg"}],"twitter_card":"summary_large_image","twitter_misc":{"Price":"&euro;&nbsp;59,90","Availability":"Out of stock"},"schema":{"@context":"https:\/\/schema.org","@graph":[{"@type":["WebPage","ItemPage"],"@id":"https:\/\/bolting.eu\/en\/shop\/pro-nut-set-camp\/","url":"https:\/\/bolting.eu\/en\/shop\/pro-nut-set-camp\/","name":"Pro Nut Set Camp Klemmkeile g\u00fcnstig online kaufen | bolting.eu","isPartOf":{"@id":"https:\/\/bolting.eu\/en\/#website"},"primaryImageOfPage":{"@id":"https:\/\/bolting.eu\/en\/shop\/pro-nut-set-camp\/#primaryimage"},"image":{"@id":"https:\/\/bolting.eu\/en\/shop\/pro-nut-set-camp\/#primaryimage"},"thumbnailUrl":"https:\/\/bolting.eu\/wp-content\/uploads\/2020\/09\/Pro-Nut-Set-Camp-1-1.jpg","datePublished":"2020-09-01T12:10:12+00:00","dateModified":"2023-06-07T13:34:28+00:00","description":"Hier findet ihr das PRO NUT SET CAMP Klemmkeile Set. \u2705 14 Tage R\u00fcckgaberecht \u2705 versandfrei* ab \u20ac 100,- \u2705 Kaufberatung \u2705 Fachh\u00e4ndler aus \u00d6sterreich","breadcrumb":{"@id":"https:\/\/bolting.eu\/en\/shop\/pro-nut-set-camp\/#breadcrumb"},"inLanguage":"en-US","potentialAction":[{"@type":"ReadAction","target":["https:\/\/bolting.eu\/en\/shop\/pro-nut-set-camp\/"]}]},{"@type":"ImageObject","inLanguage":"en-US","@id":"https:\/\/bolting.eu\/en\/shop\/pro-nut-set-camp\/#primaryimage","url":"https:\/\/bolting.eu\/wp-content\/uploads\/2020\/09\/Pro-Nut-Set-Camp-1-1.jpg","contentUrl":"https:\/\/bolting.eu\/wp-content\/uploads\/2020\/09\/Pro-Nut-Set-Camp-1-1.jpg","width":700,"height":700,"caption":"Das Bild zeigt das Pro Nut Set Camp. Die sieben Klemmkeile liegen im Bund leicht aufgef\u00e4chert in Bildmitte. Um die Drahtkabel ist eine Kartion Verpackung gewickelt. Unterhalb stehen die bunten Keile heraus."},{"@type":"BreadcrumbList","@id":"https:\/\/bolting.eu\/en\/shop\/pro-nut-set-camp\/#breadcrumb","itemListElement":[{"@type":"ListItem","position":1,"name":"Shop","item":"https:\/\/bolting.eu\/en\/shop\/"},{"@type":"ListItem","position":2,"name":"Klemmkeile","item":"https:\/\/bolting.eu\/produkt-kategorie\/klemmkeile\/"},{"@type":"ListItem","position":3,"name":"Pro Nut Set Camp"}]},{"@type":"WebSite","@id":"https:\/\/bolting.eu\/en\/#website","url":"https:\/\/bolting.eu\/en\/","name":"bolting.eu","description":"we make climbs happen","publisher":{"@id":"https:\/\/bolting.eu\/en\/#organization"},"potentialAction":[{"@type":"SearchAction","target":{"@type":"EntryPoint","urlTemplate":"https:\/\/bolting.eu\/en\/?s={search_term_string}"},"query-input":{"@type":"PropertyValueSpecification","valueRequired":true,"valueName":"search_term_string"}}],"inLanguage":"en-US"},{"@type":["Organization","Place","SportingGoodsStore"],"@id":"https:\/\/bolting.eu\/en\/#organization","name":"bolting.eu","url":"https:\/\/bolting.eu\/en\/","logo":{"@id":"https:\/\/bolting.eu\/en\/shop\/pro-nut-set-camp\/#local-main-organization-logo"},"image":{"@id":"https:\/\/bolting.eu\/en\/shop\/pro-nut-set-camp\/#local-main-organization-logo"},"sameAs":["https:\/\/www.facebook.com\/bolting.eu","https:\/\/www.instagram.com\/bolting.eu\/"],"address":{"@id":"https:\/\/bolting.eu\/en\/shop\/pro-nut-set-camp\/#local-main-place-address"},"geo":{"@type":"GeoCoordinates","latitude":"47.264176340396226","longitude":"11.380109057672346"},"telephone":["+43 699 19083372"],"openingHoursSpecification":[{"@type":"OpeningHoursSpecification","dayOfWeek":["Monday","Wednesday","Friday"],"opens":"14:00","closes":"18:00"},{"@type":"OpeningHoursSpecification","dayOfWeek":["Tuesday","Thursday","Saturday","Sunday"],"opens":"00:00","closes":"00:00"}],"email":"office@bolting.eu","vatID":"ATU59999728","priceRange":"$$","currenciesAccepted":"Euro"},{"@type":"PostalAddress","@id":"https:\/\/bolting.eu\/en\/shop\/pro-nut-set-camp\/#local-main-place-address","streetAddress":"Fischnalerstra\u00dfe 4","addressLocality":"Innsbruck","postalCode":"6020","addressRegion":"Tirol","addressCountry":"AT"},{"@type":"ImageObject","inLanguage":"en-US","@id":"https:\/\/bolting.eu\/en\/shop\/pro-nut-set-camp\/#local-main-organization-logo","url":"https:\/\/bolting.eu\/wp-content\/uploads\/2019\/09\/bolting-logo.png","contentUrl":"https:\/\/bolting.eu\/wp-content\/uploads\/2019\/09\/bolting-logo.png","width":400,"height":211,"caption":"bolting.eu"}]},"product_price_amount":"59.90","product_price_currency":"EUR","og_availability":"out of stock","product_availability":"out of stock","product_retailer_item_id":"1034","product_condition":"new","geo.placename":"Innsbruck","geo.position":{"lat":"47.264176340396226","long":"11.380109057672346"},"geo.region":"Austria"},"_links":{"self":[{"href":"https:\/\/bolting.eu\/en\/wp-json\/wp\/v2\/product\/5171","targetHints":{"allow":["GET"]}}],"collection":[{"href":"https:\/\/bolting.eu\/en\/wp-json\/wp\/v2\/product"}],"about":[{"href":"https:\/\/bolting.eu\/en\/wp-json\/wp\/v2\/types\/product"}],"replies":[{"embeddable":true,"href":"https:\/\/bolting.eu\/en\/wp-json\/wp\/v2\/comments?post=5171"}],"wp:featuredmedia":[{"embeddable":true,"href":"https:\/\/bolting.eu\/en\/wp-json\/wp\/v2\/media\/5174"}],"wp:attachment":[{"href":"https:\/\/bolting.eu\/en\/wp-json\/wp\/v2\/media?parent=5171"}],"wp:term":[{"taxonomy":"product_brand","embeddable":true,"href":"https:\/\/bolting.eu\/en\/wp-json\/wp\/v2\/product_brand?post=5171"},{"taxonomy":"product_cat","embeddable":true,"href":"https:\/\/bolting.eu\/en\/wp-json\/wp\/v2\/product_cat?post=5171"},{"taxonomy":"product_tag","embeddable":true,"href":"https:\/\/bolting.eu\/en\/wp-json\/wp\/v2\/product_tag?post=5171"}],"curies":[{"name":"wp","href":"https:\/\/api.w.org\/{rel}","templated":true}]}}