{"id":5163,"date":"2020-09-01T13:42:28","date_gmt":"2020-09-01T11:42:28","guid":{"rendered":"https:\/\/bolting.eu\/?post_type=product&#038;p=5163"},"modified":"2026-02-25T16:31:25","modified_gmt":"2026-02-25T15:31:25","slug":"carved-chocks-climbing-technology","status":"publish","type":"product","link":"https:\/\/bolting.eu\/en\/shop\/carved-chocks-climbing-technology\/","title":{"rendered":"Carved Chocks Climbing Technology"},"content":{"rendered":"<p>Die Carved Chocks Climbing Technology sind ein richtig klasse Klemmkeil Set. Denn es umspannt zum einen gleich 11 Gr\u00f6\u00dfen. D.h. man kann damit zum einen beim Techno Klettern als als Trad Klettern viele Routen absichern. Und zum anderen mit den Gr\u00f6\u00dfen 4-11 locker in jede Alpinroute einsteigen.<\/p>\n<p>Kurzum. Dieses universelle Set von Klemmkeilen ist jeden Euro wert.\u00a0\u00a0 Unserer Meinung nach ein absolut empfehlenswertes Keile Sets, welches in keiner <a href=\"https:\/\/bolting.eu\/kletterausruestung\/\">Kletterausr\u00fcstung<\/a> fehlen sollte.<\/p>\n<h2>Eigenschaften Carved Chocks Climbing Technology<\/h2>\n<ul>\n<li>Hersteller: Climbing Technology<\/li>\n<li>Material: Alu bzw. verzinktes Stahlkabel<\/li>\n<li>Gr\u00f6\u00dfen: 1-11<\/li>\n<li>Gewicht: 5,5 &#8211; 65 Gramm (Details siehe \u00dcbersicht)<\/li>\n<li>EN Norm: EN 12270<\/li>\n<li>eloxierter Alu Kopf<\/li>\n<li>abgerundete Ecken<\/li>\n<li>ab Gr. 8 hohl f\u00fcr weniger Gewicht<\/li>\n<li>leicht asymmetrisch f\u00fcr besseren Halt<\/li>\n<\/ul>\n<h3>Gr\u00f6\u00dfen Detail\u00fcbersicht<\/h3>\n<p>Im Folgenden findet Ihr eine \u00dcbersicht mit allen Details zu den 11 Gr\u00f6\u00dfen der Keile. Dort seht ihr erstens die Dimensionen der Alu K\u00f6pfe. Zweitens die Bruchlasten. Und drittens das Gewicht.<\/p>\n<p>Wie ihr sehen k\u00f6nnt handelt es sich um ein sehr ausgewogenes Set. Die kleinen Gr\u00f6\u00dfen lassen viele Kletterer \u00fcbrigens bei Alpinrouten weg. Denn sie sind nur f\u00fcr das Technische Klettern gedacht. Die Carved Chocks Climbing Technology werden daher in den Gr\u00f6\u00dfen 4-11 am h\u00e4ufigsten eingesetzt.<\/p>\n<p><a href=\"https:\/\/bolting.eu\/wp-content\/uploads\/2020\/09\/Carved-Chocks-Climbing-TEchnology-3.jpg\"><img loading=\"lazy\" decoding=\"async\" class=\"alignnone wp-image-5168 size-full\" src=\"https:\/\/bolting.eu\/wp-content\/uploads\/2020\/09\/Carved-Chocks-Climbing-TEchnology-3.jpg\" alt=\"Das Bild zeigt eine Tabelle mit allen elf Gr\u00f6\u00dfen der Carved Chocks Climbing Technology. Es sind alle relevanten Daten wie Gr\u00f6\u00dfe, Ma\u00dfe, Gewicht, Bruchlast und Farbe zu sehen.\" width=\"800\" height=\"858\" srcset=\"https:\/\/bolting.eu\/wp-content\/uploads\/2020\/09\/Carved-Chocks-Climbing-TEchnology-3.jpg 800w, https:\/\/bolting.eu\/wp-content\/uploads\/2020\/09\/Carved-Chocks-Climbing-TEchnology-3-510x547.jpg 510w, https:\/\/bolting.eu\/wp-content\/uploads\/2020\/09\/Carved-Chocks-Climbing-TEchnology-3-373x400.jpg 373w, https:\/\/bolting.eu\/wp-content\/uploads\/2020\/09\/Carved-Chocks-Climbing-TEchnology-3-746x800.jpg 746w, https:\/\/bolting.eu\/wp-content\/uploads\/2020\/09\/Carved-Chocks-Climbing-TEchnology-3-768x824.jpg 768w, https:\/\/bolting.eu\/wp-content\/uploads\/2020\/09\/Carved-Chocks-Climbing-TEchnology-3-600x644.jpg 600w\" sizes=\"auto, (max-width: 800px) 100vw, 800px\" \/><\/a><\/p>\n<h3>Wann sind Keile aus dem Carved Chocks Climbing Technology Set auszuscheiden?<\/h3>\n<p>Wenn Keile an den Drahtkabeln ausfransen, dann ist dies ein Indiz f\u00fcr beginnende Altersschw\u00e4che. Folglich ist das der Zeitpunkt \u00fcber einen Austausch nachzudenken. Denn selbst wenn die Keile immer noch funktionieren. Im Falle eines Sturzes nimmt die maximale Belastbarkeit ab! D.h. auf Zug bei einem selber gebauten Stand ist alles o.k. Bei einem harten Sturz mit maximalen Belastungen um die 6kN aber m\u00f6glicherweise nicht mehr.<\/p>\n<p>Deswegen. Tauscht eure Keile aus wenn sie offensichtlich in die Jahre gekommen sind.<\/p>\n<h3>Video<\/h3>\n<p>Im folgenden Video bekommt ihr noch allgemeine Infos bzw. Tipps zum Legen von Klemmkeilen wie den Carved Chocks Climbing Technology.<\/p>\n<p><iframe loading=\"lazy\" src=\"https:\/\/www.youtube.com\/embed\/CejnftwFP7o\" width=\"100%\" height=\"450\" frameborder=\"0\" allowfullscreen=\"allowfullscreen\"><span data-mce-type=\"bookmark\" style=\"display: inline-block; width: 0px; overflow: hidden; line-height: 0;\" class=\"mce_SELRES_start\">\ufeff<\/span><\/iframe><\/p>\n<h4><strong>Link Tipp<\/strong><\/h4>\n<p>Viele weitere Produkte findet ihr auf der Website des <a href=\"https:\/\/www.climbingtechnology.com\/\" target=\"_blank\" rel=\"noopener noreferrer\">Herstellers<\/a><\/p>\n","protected":false},"excerpt":{"rendered":"<ul>\n<li>Hersteller: <a href=\"https:\/\/bolting.eu\/produkt-kategorie\/climbing-technology\/\">Climbing Technology<\/a><\/li>\n<li>Material: Alu bzw. verzinktes Stahlkabel<\/li>\n<li>Gr\u00f6\u00dfen: 1-11<\/li>\n<li>Gewicht: 5,5 &#8211; 65 Gramm (Details siehe \u00dcbersicht)<\/li>\n<li>EN Norm: EN 12270<\/li>\n<li>eloxierter Alu Kopf<\/li>\n<li>abgerundete Ecken<\/li>\n<li>ab Gr. 8 hohl f\u00fcr weniger Gewicht<\/li>\n<li>leicht asymmetrisch f\u00fcr besseren Halt<\/li>\n<\/ul>\n","protected":false},"featured_media":5170,"comment_status":"open","ping_status":"closed","template":"","meta":[],"product_brand":[],"product_cat":[31,4662,3712],"product_tag":[262,265,4164],"class_list":{"0":"post-5163","1":"product","2":"type-product","3":"status-publish","4":"has-post-thumbnail","6":"product_cat-big-wall-ausruestung","7":"product_cat-climbing-technology","8":"product_cat-klemmkeile","9":"product_tag-alpinklettern","10":"product_tag-big-wall-klettern","11":"product_tag-trad-klettern","13":"first","14":"instock","15":"taxable","16":"shipping-taxable","17":"purchasable","18":"product-type-simple"},"yoast_head":"<!-- This site is optimized with the Yoast SEO Premium plugin v26.9 (Yoast SEO v26.9) - https:\/\/yoast.com\/product\/yoast-seo-premium-wordpress\/ -->\n<title>Carved Chocks Climbing Technology Klemmkeile online kaufen | bolting.eu<\/title>\n<meta name=\"description\" content=\"Hier findet ihr die CARVED CHOCKS CLIMBING TECHNOLOGY. \u2705 14 Tage R\u00fcckgaberecht \u2705 versandfrei* ab \u20ac 100,- \u2705 Kaufberatung \u2705 Fachh\u00e4ndler aus \u00d6sterreich\" \/>\n<meta name=\"robots\" content=\"index, follow, max-snippet:-1, max-image-preview:large, max-video-preview:-1\" \/>\n<link rel=\"canonical\" href=\"https:\/\/bolting.eu\/en\/shop\/carved-chocks-climbing-technology\/\" \/>\n<meta property=\"og:locale\" content=\"en_US\" \/>\n<meta property=\"og:type\" content=\"article\" \/>\n<meta property=\"og:title\" content=\"Carved Chocks Climbing Technology\" \/>\n<meta property=\"og:description\" content=\"Hier findet ihr die CARVED CHOCKS CLIMBING TECHNOLOGY. \u2705 14 Tage R\u00fcckgaberecht \u2705 versandfrei* ab \u20ac 100,- \u2705 Kaufberatung \u2705 Fachh\u00e4ndler aus \u00d6sterreich\" \/>\n<meta property=\"og:url\" content=\"https:\/\/bolting.eu\/en\/shop\/carved-chocks-climbing-technology\/\" \/>\n<meta property=\"og:site_name\" content=\"bolting.eu\" \/>\n<meta property=\"article:publisher\" content=\"https:\/\/www.facebook.com\/bolting.eu\" \/>\n<meta property=\"article:modified_time\" content=\"2026-02-25T15:31:25+00:00\" \/>\n<meta property=\"og:image\" content=\"https:\/\/bolting.eu\/wp-content\/uploads\/2020\/09\/Carved-Chocks-Climbing-Technology-2.jpg\" \/>\n\t<meta property=\"og:image:width\" content=\"700\" \/>\n\t<meta property=\"og:image:height\" content=\"700\" \/>\n\t<meta property=\"og:image:type\" content=\"image\/jpeg\" \/>\n<meta name=\"twitter:card\" content=\"summary_large_image\" \/>\n<meta name=\"twitter:label1\" content=\"Price\" \/>\n\t<meta name=\"twitter:data1\" content=\"&euro;&nbsp;99,90\" \/>\n\t<meta name=\"twitter:label2\" content=\"Availability\" \/>\n\t<meta name=\"twitter:data2\" content=\"In stock\" \/>\n<script type=\"application\/ld+json\" class=\"yoast-schema-graph\">{\"@context\":\"https:\/\/schema.org\",\"@graph\":[{\"@type\":[\"WebPage\",\"ItemPage\"],\"@id\":\"https:\/\/bolting.eu\/en\/shop\/carved-chocks-climbing-technology\/\",\"url\":\"https:\/\/bolting.eu\/en\/shop\/carved-chocks-climbing-technology\/\",\"name\":\"Carved Chocks Climbing Technology Klemmkeile online kaufen | bolting.eu\",\"isPartOf\":{\"@id\":\"https:\/\/bolting.eu\/en\/#website\"},\"primaryImageOfPage\":{\"@id\":\"https:\/\/bolting.eu\/en\/shop\/carved-chocks-climbing-technology\/#primaryimage\"},\"image\":{\"@id\":\"https:\/\/bolting.eu\/en\/shop\/carved-chocks-climbing-technology\/#primaryimage\"},\"thumbnailUrl\":\"https:\/\/bolting.eu\/wp-content\/uploads\/2020\/09\/Carved-Chocks-Climbing-Technology-2.jpg\",\"datePublished\":\"2020-09-01T11:42:28+00:00\",\"dateModified\":\"2026-02-25T15:31:25+00:00\",\"description\":\"Hier findet ihr die CARVED CHOCKS CLIMBING TECHNOLOGY. \u2705 14 Tage R\u00fcckgaberecht \u2705 versandfrei* ab \u20ac 100,- \u2705 Kaufberatung \u2705 Fachh\u00e4ndler aus \u00d6sterreich\",\"breadcrumb\":{\"@id\":\"https:\/\/bolting.eu\/en\/shop\/carved-chocks-climbing-technology\/#breadcrumb\"},\"inLanguage\":\"en-US\",\"potentialAction\":[{\"@type\":\"ReadAction\",\"target\":[\"https:\/\/bolting.eu\/en\/shop\/carved-chocks-climbing-technology\/\"]}]},{\"@type\":\"ImageObject\",\"inLanguage\":\"en-US\",\"@id\":\"https:\/\/bolting.eu\/en\/shop\/carved-chocks-climbing-technology\/#primaryimage\",\"url\":\"https:\/\/bolting.eu\/wp-content\/uploads\/2020\/09\/Carved-Chocks-Climbing-Technology-2.jpg\",\"contentUrl\":\"https:\/\/bolting.eu\/wp-content\/uploads\/2020\/09\/Carved-Chocks-Climbing-Technology-2.jpg\",\"width\":700,\"height\":700,\"caption\":\"Das Bild zeigt ein Set Carved Chocks Climbing Technology. Die elf Klemmkeile sind in einem F\u00e4cher aufgelegt mit den bunten Alu K\u00f6pfen nach unten.\"},{\"@type\":\"BreadcrumbList\",\"@id\":\"https:\/\/bolting.eu\/en\/shop\/carved-chocks-climbing-technology\/#breadcrumb\",\"itemListElement\":[{\"@type\":\"ListItem\",\"position\":1,\"name\":\"Shop\",\"item\":\"https:\/\/bolting.eu\/en\/shop\/\"},{\"@type\":\"ListItem\",\"position\":2,\"name\":\"Big Wall gear\",\"item\":\"https:\/\/bolting.eu\/en\/produkt-kategorie\/big-wall-gear\/\"},{\"@type\":\"ListItem\",\"position\":3,\"name\":\"Carved Chocks Climbing Technology\"}]},{\"@type\":\"WebSite\",\"@id\":\"https:\/\/bolting.eu\/en\/#website\",\"url\":\"https:\/\/bolting.eu\/en\/\",\"name\":\"bolting.eu\",\"description\":\"we make climbs happen\",\"publisher\":{\"@id\":\"https:\/\/bolting.eu\/en\/#organization\"},\"potentialAction\":[{\"@type\":\"SearchAction\",\"target\":{\"@type\":\"EntryPoint\",\"urlTemplate\":\"https:\/\/bolting.eu\/en\/?s={search_term_string}\"},\"query-input\":{\"@type\":\"PropertyValueSpecification\",\"valueRequired\":true,\"valueName\":\"search_term_string\"}}],\"inLanguage\":\"en-US\"},{\"@type\":[\"Organization\",\"Place\",\"SportingGoodsStore\"],\"@id\":\"https:\/\/bolting.eu\/en\/#organization\",\"name\":\"bolting.eu\",\"url\":\"https:\/\/bolting.eu\/en\/\",\"logo\":{\"@id\":\"https:\/\/bolting.eu\/en\/shop\/carved-chocks-climbing-technology\/#local-main-organization-logo\"},\"image\":{\"@id\":\"https:\/\/bolting.eu\/en\/shop\/carved-chocks-climbing-technology\/#local-main-organization-logo\"},\"sameAs\":[\"https:\/\/www.facebook.com\/bolting.eu\",\"https:\/\/www.instagram.com\/bolting.eu\/\"],\"address\":{\"@id\":\"https:\/\/bolting.eu\/en\/shop\/carved-chocks-climbing-technology\/#local-main-place-address\"},\"geo\":{\"@type\":\"GeoCoordinates\",\"latitude\":\"47.264176340396226\",\"longitude\":\"11.380109057672346\"},\"telephone\":[\"+43 699 19083372\"],\"openingHoursSpecification\":[{\"@type\":\"OpeningHoursSpecification\",\"dayOfWeek\":[\"Monday\",\"Wednesday\",\"Friday\"],\"opens\":\"14:00\",\"closes\":\"18:00\"},{\"@type\":\"OpeningHoursSpecification\",\"dayOfWeek\":[\"Tuesday\",\"Thursday\",\"Saturday\",\"Sunday\"],\"opens\":\"00:00\",\"closes\":\"00:00\"}],\"email\":\"office@bolting.eu\",\"vatID\":\"ATU59999728\",\"priceRange\":\"$$\",\"currenciesAccepted\":\"Euro\"},{\"@type\":\"PostalAddress\",\"@id\":\"https:\/\/bolting.eu\/en\/shop\/carved-chocks-climbing-technology\/#local-main-place-address\",\"streetAddress\":\"Fischnalerstra\u00dfe 4\",\"addressLocality\":\"Innsbruck\",\"postalCode\":\"6020\",\"addressRegion\":\"Tirol\",\"addressCountry\":\"AT\"},{\"@type\":\"ImageObject\",\"inLanguage\":\"en-US\",\"@id\":\"https:\/\/bolting.eu\/en\/shop\/carved-chocks-climbing-technology\/#local-main-organization-logo\",\"url\":\"https:\/\/bolting.eu\/wp-content\/uploads\/2019\/09\/bolting-logo.png\",\"contentUrl\":\"https:\/\/bolting.eu\/wp-content\/uploads\/2019\/09\/bolting-logo.png\",\"width\":400,\"height\":211,\"caption\":\"bolting.eu\"}]}<\/script>\n<meta property=\"og:video\" content=\"https:\/\/www.youtube.com\/embed\/CejnftwFP7o\" \/>\n<meta property=\"og:video:type\" content=\"text\/html\" \/>\n<meta property=\"og:video:duration\" content=\"224\" \/>\n<meta property=\"og:video:width\" content=\"480\" \/>\n<meta property=\"og:video:height\" content=\"270\" \/>\n<meta property=\"ya:ovs:adult\" content=\"false\" \/>\n<meta property=\"ya:ovs:upload_date\" content=\"2020-09-01T11:42:28+00:00\" \/>\n<meta property=\"ya:ovs:allow_embed\" content=\"true\" \/>\n<meta property=\"product:price:amount\" content=\"99.90\" \/>\n<meta property=\"product:price:currency\" content=\"EUR\" \/>\n<meta property=\"og:availability\" content=\"instock\" \/>\n<meta property=\"product:availability\" content=\"instock\" \/>\n<meta property=\"product:retailer_item_id\" content=\"2A843\" \/>\n<meta property=\"product:condition\" content=\"new\" \/>\n<meta name=\"geo.placename\" content=\"Innsbruck\" \/>\n<meta name=\"geo.position\" content=\"47.264176340396226;11.380109057672346\" \/>\n<meta name=\"geo.region\" content=\"Austria\" \/>\n<!-- \/ Yoast SEO Premium plugin. -->","yoast_head_json":{"title":"Carved Chocks Climbing Technology Klemmkeile online kaufen | bolting.eu","description":"Hier findet ihr die CARVED CHOCKS CLIMBING TECHNOLOGY. \u2705 14 Tage R\u00fcckgaberecht \u2705 versandfrei* ab \u20ac 100,- \u2705 Kaufberatung \u2705 Fachh\u00e4ndler aus \u00d6sterreich","robots":{"index":"index","follow":"follow","max-snippet":"max-snippet:-1","max-image-preview":"max-image-preview:large","max-video-preview":"max-video-preview:-1"},"canonical":"https:\/\/bolting.eu\/en\/shop\/carved-chocks-climbing-technology\/","og_locale":"en_US","og_type":"article","og_title":"Carved Chocks Climbing Technology","og_description":"Hier findet ihr die CARVED CHOCKS CLIMBING TECHNOLOGY. \u2705 14 Tage R\u00fcckgaberecht \u2705 versandfrei* ab \u20ac 100,- \u2705 Kaufberatung \u2705 Fachh\u00e4ndler aus \u00d6sterreich","og_url":"https:\/\/bolting.eu\/en\/shop\/carved-chocks-climbing-technology\/","og_site_name":"bolting.eu","article_publisher":"https:\/\/www.facebook.com\/bolting.eu","article_modified_time":"2026-02-25T15:31:25+00:00","og_image":[{"width":700,"height":700,"url":"https:\/\/bolting.eu\/wp-content\/uploads\/2020\/09\/Carved-Chocks-Climbing-Technology-2.jpg","type":"image\/jpeg"}],"twitter_card":"summary_large_image","twitter_misc":{"Price":"&euro;&nbsp;99,90","Availability":"In stock"},"schema":{"@context":"https:\/\/schema.org","@graph":[{"@type":["WebPage","ItemPage"],"@id":"https:\/\/bolting.eu\/en\/shop\/carved-chocks-climbing-technology\/","url":"https:\/\/bolting.eu\/en\/shop\/carved-chocks-climbing-technology\/","name":"Carved Chocks Climbing Technology Klemmkeile online kaufen | bolting.eu","isPartOf":{"@id":"https:\/\/bolting.eu\/en\/#website"},"primaryImageOfPage":{"@id":"https:\/\/bolting.eu\/en\/shop\/carved-chocks-climbing-technology\/#primaryimage"},"image":{"@id":"https:\/\/bolting.eu\/en\/shop\/carved-chocks-climbing-technology\/#primaryimage"},"thumbnailUrl":"https:\/\/bolting.eu\/wp-content\/uploads\/2020\/09\/Carved-Chocks-Climbing-Technology-2.jpg","datePublished":"2020-09-01T11:42:28+00:00","dateModified":"2026-02-25T15:31:25+00:00","description":"Hier findet ihr die CARVED CHOCKS CLIMBING TECHNOLOGY. \u2705 14 Tage R\u00fcckgaberecht \u2705 versandfrei* ab \u20ac 100,- \u2705 Kaufberatung \u2705 Fachh\u00e4ndler aus \u00d6sterreich","breadcrumb":{"@id":"https:\/\/bolting.eu\/en\/shop\/carved-chocks-climbing-technology\/#breadcrumb"},"inLanguage":"en-US","potentialAction":[{"@type":"ReadAction","target":["https:\/\/bolting.eu\/en\/shop\/carved-chocks-climbing-technology\/"]}]},{"@type":"ImageObject","inLanguage":"en-US","@id":"https:\/\/bolting.eu\/en\/shop\/carved-chocks-climbing-technology\/#primaryimage","url":"https:\/\/bolting.eu\/wp-content\/uploads\/2020\/09\/Carved-Chocks-Climbing-Technology-2.jpg","contentUrl":"https:\/\/bolting.eu\/wp-content\/uploads\/2020\/09\/Carved-Chocks-Climbing-Technology-2.jpg","width":700,"height":700,"caption":"Das Bild zeigt ein Set Carved Chocks Climbing Technology. Die elf Klemmkeile sind in einem F\u00e4cher aufgelegt mit den bunten Alu K\u00f6pfen nach unten."},{"@type":"BreadcrumbList","@id":"https:\/\/bolting.eu\/en\/shop\/carved-chocks-climbing-technology\/#breadcrumb","itemListElement":[{"@type":"ListItem","position":1,"name":"Shop","item":"https:\/\/bolting.eu\/en\/shop\/"},{"@type":"ListItem","position":2,"name":"Big Wall gear","item":"https:\/\/bolting.eu\/en\/produkt-kategorie\/big-wall-gear\/"},{"@type":"ListItem","position":3,"name":"Carved Chocks Climbing Technology"}]},{"@type":"WebSite","@id":"https:\/\/bolting.eu\/en\/#website","url":"https:\/\/bolting.eu\/en\/","name":"bolting.eu","description":"we make climbs happen","publisher":{"@id":"https:\/\/bolting.eu\/en\/#organization"},"potentialAction":[{"@type":"SearchAction","target":{"@type":"EntryPoint","urlTemplate":"https:\/\/bolting.eu\/en\/?s={search_term_string}"},"query-input":{"@type":"PropertyValueSpecification","valueRequired":true,"valueName":"search_term_string"}}],"inLanguage":"en-US"},{"@type":["Organization","Place","SportingGoodsStore"],"@id":"https:\/\/bolting.eu\/en\/#organization","name":"bolting.eu","url":"https:\/\/bolting.eu\/en\/","logo":{"@id":"https:\/\/bolting.eu\/en\/shop\/carved-chocks-climbing-technology\/#local-main-organization-logo"},"image":{"@id":"https:\/\/bolting.eu\/en\/shop\/carved-chocks-climbing-technology\/#local-main-organization-logo"},"sameAs":["https:\/\/www.facebook.com\/bolting.eu","https:\/\/www.instagram.com\/bolting.eu\/"],"address":{"@id":"https:\/\/bolting.eu\/en\/shop\/carved-chocks-climbing-technology\/#local-main-place-address"},"geo":{"@type":"GeoCoordinates","latitude":"47.264176340396226","longitude":"11.380109057672346"},"telephone":["+43 699 19083372"],"openingHoursSpecification":[{"@type":"OpeningHoursSpecification","dayOfWeek":["Monday","Wednesday","Friday"],"opens":"14:00","closes":"18:00"},{"@type":"OpeningHoursSpecification","dayOfWeek":["Tuesday","Thursday","Saturday","Sunday"],"opens":"00:00","closes":"00:00"}],"email":"office@bolting.eu","vatID":"ATU59999728","priceRange":"$$","currenciesAccepted":"Euro"},{"@type":"PostalAddress","@id":"https:\/\/bolting.eu\/en\/shop\/carved-chocks-climbing-technology\/#local-main-place-address","streetAddress":"Fischnalerstra\u00dfe 4","addressLocality":"Innsbruck","postalCode":"6020","addressRegion":"Tirol","addressCountry":"AT"},{"@type":"ImageObject","inLanguage":"en-US","@id":"https:\/\/bolting.eu\/en\/shop\/carved-chocks-climbing-technology\/#local-main-organization-logo","url":"https:\/\/bolting.eu\/wp-content\/uploads\/2019\/09\/bolting-logo.png","contentUrl":"https:\/\/bolting.eu\/wp-content\/uploads\/2019\/09\/bolting-logo.png","width":400,"height":211,"caption":"bolting.eu"}]},"og_video":"https:\/\/www.youtube.com\/embed\/CejnftwFP7o","og_video_type":"text\/html","og_video_duration":"224","og_video_width":"480","og_video_height":"270","ya_ovs_adult":"false","ya_ovs_upload_date":"2020-09-01T11:42:28+00:00","ya_ovs_allow_embed":"true","product_price_amount":"99.90","product_price_currency":"EUR","og_availability":"instock","product_availability":"instock","product_retailer_item_id":"2A843","product_condition":"new","geo.placename":"Innsbruck","geo.position":{"lat":"47.264176340396226","long":"11.380109057672346"},"geo.region":"Austria"},"_links":{"self":[{"href":"https:\/\/bolting.eu\/en\/wp-json\/wp\/v2\/product\/5163","targetHints":{"allow":["GET"]}}],"collection":[{"href":"https:\/\/bolting.eu\/en\/wp-json\/wp\/v2\/product"}],"about":[{"href":"https:\/\/bolting.eu\/en\/wp-json\/wp\/v2\/types\/product"}],"replies":[{"embeddable":true,"href":"https:\/\/bolting.eu\/en\/wp-json\/wp\/v2\/comments?post=5163"}],"wp:featuredmedia":[{"embeddable":true,"href":"https:\/\/bolting.eu\/en\/wp-json\/wp\/v2\/media\/5170"}],"wp:attachment":[{"href":"https:\/\/bolting.eu\/en\/wp-json\/wp\/v2\/media?parent=5163"}],"wp:term":[{"taxonomy":"product_brand","embeddable":true,"href":"https:\/\/bolting.eu\/en\/wp-json\/wp\/v2\/product_brand?post=5163"},{"taxonomy":"product_cat","embeddable":true,"href":"https:\/\/bolting.eu\/en\/wp-json\/wp\/v2\/product_cat?post=5163"},{"taxonomy":"product_tag","embeddable":true,"href":"https:\/\/bolting.eu\/en\/wp-json\/wp\/v2\/product_tag?post=5163"}],"curies":[{"name":"wp","href":"https:\/\/api.w.org\/{rel}","templated":true}]}}