{"id":5157,"date":"2020-09-01T11:15:58","date_gmt":"2020-09-01T09:15:58","guid":{"rendered":"https:\/\/bolting.eu\/?post_type=product&#038;p=5157"},"modified":"2026-04-17T16:51:15","modified_gmt":"2026-04-17T14:51:15","slug":"nut-key-camp","status":"publish","type":"product","link":"https:\/\/bolting.eu\/en\/shop\/nut-key-camp\/","title":{"rendered":"Nut Key Camp"},"content":{"rendered":"<p>Das Nut Key Camp ist ein sehr langer Klemmkeilentferner. Zudem hat dieses Produkt aber auch einige weitere klasse Features.<\/p>\n<p>Zum einen ist es sehr ergnonomisch. Die Biegung nach dem Griff bringt sehr viel Funktionalit\u00e4t. Zum anderen sorgt der Gummigriff f\u00fcr besten Halt in der Hand.<\/p>\n<p>\u00dcberdies garantiert die L\u00e4nge in Kombination mit dem gro\u00dfen Haken viele erfolgreiche &#8220;removals&#8221;. D.h. mit dem Klemmkeilentferner lassen sich auch sehr tief steckende Keile noch rausholen.<\/p>\n<p>Kurzum. Ein spezielles Nut Tool f\u00fcr\u00b4s Alpinkletern. Es sollte in keiner <a href=\"https:\/\/bolting.eu\/produkt-kategorie\/kletterausruestung\/\">Kletterausr\u00fcstung<\/a> fehlen.<\/p>\n<h2>Eigenschaften Nut Key Camp<\/h2>\n<ul>\n<li>Hersteller: Camp-Cassin<\/li>\n<li>Gewicht: 59 Gramm<\/li>\n<li>Material: Stahl bzw. Kunststoff<\/li>\n<li>ideal f\u00fcr Alpinrouten<\/li>\n<li>extra lang f\u00fcr tiefe Placements<\/li>\n<li>Gummigriff<\/li>\n<li>ideal auch f\u00fcr Steckende Friends<\/li>\n<\/ul>\n<h3>&#8220;Langes&#8221; Nut Key Camp<\/h3>\n<p>Dieses Nut Tool ist sehr lange D.h. es hat seine St\u00e4rken beim Entfernen von Klemmkeilen die tief im Fels stecken. Wer viel Friends legt, sollte sich genau so\u00a0 ein &#8220;langes&#8221; Nut Toll zulegen.<\/p>\n<p>Bei Keilen hat das Nut Key ebenfalls die Nase vorne. Und dies im wahrsten Sinn des Wortes. Denn die gro\u00dfe &#8220;Nase&#8221; am Kopf des Tools ist pr\u00e4destiniert f\u00fcr das &#8220;Einhaken&#8221; an festklemmenden Keilen.<\/p>\n<p>Somit kann man diese perfekt &#8220;hinterf\u00e4deln&#8221;. \u00dcbrigens. Eure Friends k\u00f6nnt ihr wie einen kleinen Hammer verwenden. Beispielsweise wenn ein Keil eben klemmt. Dann helfen ein paar Schl\u00e4ge auf das Nut Tool oft zum Lockern aus.<\/p>\n<h3>Praxis Tipp<\/h3>\n<p>Wir empfehlen euch in einer Seilschaft immer zwei Klemmkeilentferner zu haben. Denn oftmals will man auch als Vorsteiger seine eigenen Keile wieder entfernen. Zudem kann einem das Nut Toll leicht hinunter fallen. Da ist es eben handy wenn wenn ein Ersatzger\u00e4t parat ist.<\/p>\n<h3>Anwendung<\/h3>\n<p>Das folgende Video zeigt beispielhaft wie das Nut Key Camp verwendet wird.<\/p>\n<p><iframe loading=\"lazy\" src=\"https:\/\/www.youtube.com\/embed\/QVgTcoDQ4jQ\" width=\"100%\" height=\"450\" frameborder=\"0\" allowfullscreen=\"allowfullscreen\"><span data-mce-type=\"bookmark\" style=\"display: inline-block; width: 0px; overflow: hidden; line-height: 0;\" class=\"mce_SELRES_start\">\ufeff<\/span><\/iframe><\/p>\n<p>&nbsp;<\/p>\n<h4><strong>Link Tipp<\/strong><\/h4>\n<p>Mehr Infos gibt es auf der Website des <a href=\"https:\/\/www.camp.it\/\" target=\"_blank\" rel=\"noopener noreferrer\">Herstellers<\/a><\/p>\n","protected":false},"excerpt":{"rendered":"<ul>\n<li>Hersteller: <a href=\"https:\/\/bolting.eu\/produkt-kategorie\/camp-cassin\/\">Camp-Cassin<\/a><\/li>\n<li>Gewicht: 59 Gramm<\/li>\n<li>Material: Stahl bzw. Kunststoff<\/li>\n<li>ideal f\u00fcr Alpinrouten<\/li>\n<li>extra lang f\u00fcr tiefe Placements<\/li>\n<li>Gummigriff<\/li>\n<li>ideal auch f\u00fcr Steckende Friends<\/li>\n<\/ul>\n","protected":false},"featured_media":5159,"comment_status":"open","ping_status":"closed","template":"","meta":[],"product_brand":[],"product_cat":[14248,4653],"product_tag":[],"class_list":{"0":"post-5157","1":"product","2":"type-product","3":"status-publish","4":"has-post-thumbnail","6":"product_cat-klemmkeilentferner","7":"product_cat-camp-cassin","9":"first","10":"instock","11":"taxable","12":"shipping-taxable","13":"purchasable","14":"product-type-simple"},"yoast_head":"<!-- This site is optimized with the Yoast SEO Premium plugin v26.9 (Yoast SEO v26.9) - https:\/\/yoast.com\/product\/yoast-seo-premium-wordpress\/ -->\n<title>Nut Key Camp Klemmkeilentferner jetzt online kaufen | bolting.eu<\/title>\n<meta name=\"description\" content=\"Hier findest Du das Nut Key Camp. Einen langen Klemmkeilentferner f\u00fcr\u00b4s Alpinklettern. Jetzt online kaufen beim Kletterpfofi aus \ud83c\udde6\ud83c\uddf9 !\" \/>\n<meta name=\"robots\" content=\"index, follow, max-snippet:-1, max-image-preview:large, max-video-preview:-1\" \/>\n<link rel=\"canonical\" href=\"https:\/\/bolting.eu\/en\/shop\/nut-key-camp\/\" \/>\n<meta property=\"og:locale\" content=\"en_US\" \/>\n<meta property=\"og:type\" content=\"article\" \/>\n<meta property=\"og:title\" content=\"Nut Key Camp\" \/>\n<meta property=\"og:description\" content=\"Hier findest Du das Nut Key Camp. Einen langen Klemmkeilentferner f\u00fcr\u00b4s Alpinklettern. Jetzt online kaufen beim Kletterpfofi aus \ud83c\udde6\ud83c\uddf9 !\" \/>\n<meta property=\"og:url\" content=\"https:\/\/bolting.eu\/en\/shop\/nut-key-camp\/\" \/>\n<meta property=\"og:site_name\" content=\"bolting.eu\" \/>\n<meta property=\"article:publisher\" content=\"https:\/\/www.facebook.com\/bolting.eu\" \/>\n<meta property=\"article:modified_time\" content=\"2026-04-17T14:51:15+00:00\" \/>\n<meta property=\"og:image\" content=\"https:\/\/bolting.eu\/wp-content\/uploads\/2020\/09\/Nut-Key-Camp-1.jpg\" \/>\n\t<meta property=\"og:image:width\" content=\"700\" \/>\n\t<meta property=\"og:image:height\" content=\"700\" \/>\n\t<meta property=\"og:image:type\" content=\"image\/jpeg\" \/>\n<meta name=\"twitter:card\" content=\"summary_large_image\" \/>\n<meta name=\"twitter:label1\" content=\"Price\" \/>\n\t<meta name=\"twitter:data1\" content=\"&euro;&nbsp;14,00\" \/>\n\t<meta name=\"twitter:label2\" content=\"Availability\" \/>\n\t<meta name=\"twitter:data2\" content=\"In stock\" \/>\n<script type=\"application\/ld+json\" class=\"yoast-schema-graph\">{\"@context\":\"https:\/\/schema.org\",\"@graph\":[{\"@type\":[\"WebPage\",\"ItemPage\"],\"@id\":\"https:\/\/bolting.eu\/en\/shop\/nut-key-camp\/\",\"url\":\"https:\/\/bolting.eu\/en\/shop\/nut-key-camp\/\",\"name\":\"Nut Key Camp Klemmkeilentferner jetzt online kaufen | bolting.eu\",\"isPartOf\":{\"@id\":\"https:\/\/bolting.eu\/en\/#website\"},\"primaryImageOfPage\":{\"@id\":\"https:\/\/bolting.eu\/en\/shop\/nut-key-camp\/#primaryimage\"},\"image\":{\"@id\":\"https:\/\/bolting.eu\/en\/shop\/nut-key-camp\/#primaryimage\"},\"thumbnailUrl\":\"https:\/\/bolting.eu\/wp-content\/uploads\/2020\/09\/Nut-Key-Camp-1.jpg\",\"datePublished\":\"2020-09-01T09:15:58+00:00\",\"dateModified\":\"2026-04-17T14:51:15+00:00\",\"description\":\"Hier findest Du das Nut Key Camp. Einen langen Klemmkeilentferner f\u00fcr\u00b4s Alpinklettern. Jetzt online kaufen beim Kletterpfofi aus \ud83c\udde6\ud83c\uddf9 !\",\"breadcrumb\":{\"@id\":\"https:\/\/bolting.eu\/en\/shop\/nut-key-camp\/#breadcrumb\"},\"inLanguage\":\"en-US\",\"potentialAction\":[{\"@type\":\"ReadAction\",\"target\":[\"https:\/\/bolting.eu\/en\/shop\/nut-key-camp\/\"]}]},{\"@type\":\"ImageObject\",\"inLanguage\":\"en-US\",\"@id\":\"https:\/\/bolting.eu\/en\/shop\/nut-key-camp\/#primaryimage\",\"url\":\"https:\/\/bolting.eu\/wp-content\/uploads\/2020\/09\/Nut-Key-Camp-1.jpg\",\"contentUrl\":\"https:\/\/bolting.eu\/wp-content\/uploads\/2020\/09\/Nut-Key-Camp-1.jpg\",\"width\":700,\"height\":700,\"caption\":\"Das Bild zeigt das Nut Key Camp. Der silberne Klemmkeilentferner mit schwarzem Griff steht aufrecht in Bildmitte. Der Kopf ist oben.\"},{\"@type\":\"BreadcrumbList\",\"@id\":\"https:\/\/bolting.eu\/en\/shop\/nut-key-camp\/#breadcrumb\",\"itemListElement\":[{\"@type\":\"ListItem\",\"position\":1,\"name\":\"Shop\",\"item\":\"https:\/\/bolting.eu\/en\/shop\/\"},{\"@type\":\"ListItem\",\"position\":2,\"name\":\"Klemmkeile\",\"item\":\"https:\/\/bolting.eu\/produkt-kategorie\/klemmkeile\/\"},{\"@type\":\"ListItem\",\"position\":3,\"name\":\"nut tool\",\"item\":\"https:\/\/bolting.eu\/en\/produkt-kategorie\/nut-tool\/\"},{\"@type\":\"ListItem\",\"position\":4,\"name\":\"Nut Key Camp\"}]},{\"@type\":\"WebSite\",\"@id\":\"https:\/\/bolting.eu\/en\/#website\",\"url\":\"https:\/\/bolting.eu\/en\/\",\"name\":\"bolting.eu\",\"description\":\"we make climbs happen\",\"publisher\":{\"@id\":\"https:\/\/bolting.eu\/en\/#organization\"},\"potentialAction\":[{\"@type\":\"SearchAction\",\"target\":{\"@type\":\"EntryPoint\",\"urlTemplate\":\"https:\/\/bolting.eu\/en\/?s={search_term_string}\"},\"query-input\":{\"@type\":\"PropertyValueSpecification\",\"valueRequired\":true,\"valueName\":\"search_term_string\"}}],\"inLanguage\":\"en-US\"},{\"@type\":[\"Organization\",\"Place\",\"SportingGoodsStore\"],\"@id\":\"https:\/\/bolting.eu\/en\/#organization\",\"name\":\"bolting.eu\",\"url\":\"https:\/\/bolting.eu\/en\/\",\"logo\":{\"@id\":\"https:\/\/bolting.eu\/en\/shop\/nut-key-camp\/#local-main-organization-logo\"},\"image\":{\"@id\":\"https:\/\/bolting.eu\/en\/shop\/nut-key-camp\/#local-main-organization-logo\"},\"sameAs\":[\"https:\/\/www.facebook.com\/bolting.eu\",\"https:\/\/www.instagram.com\/bolting.eu\/\"],\"address\":{\"@id\":\"https:\/\/bolting.eu\/en\/shop\/nut-key-camp\/#local-main-place-address\"},\"geo\":{\"@type\":\"GeoCoordinates\",\"latitude\":\"47.264176340396226\",\"longitude\":\"11.380109057672346\"},\"telephone\":[\"+43 699 19083372\"],\"openingHoursSpecification\":[{\"@type\":\"OpeningHoursSpecification\",\"dayOfWeek\":[\"Monday\",\"Wednesday\",\"Friday\"],\"opens\":\"14:00\",\"closes\":\"18:00\"},{\"@type\":\"OpeningHoursSpecification\",\"dayOfWeek\":[\"Tuesday\",\"Thursday\",\"Saturday\",\"Sunday\"],\"opens\":\"00:00\",\"closes\":\"00:00\"}],\"email\":\"office@bolting.eu\",\"vatID\":\"ATU59999728\",\"priceRange\":\"$$\",\"currenciesAccepted\":\"Euro\"},{\"@type\":\"PostalAddress\",\"@id\":\"https:\/\/bolting.eu\/en\/shop\/nut-key-camp\/#local-main-place-address\",\"streetAddress\":\"Fischnalerstra\u00dfe 4\",\"addressLocality\":\"Innsbruck\",\"postalCode\":\"6020\",\"addressRegion\":\"Tirol\",\"addressCountry\":\"AT\"},{\"@type\":\"ImageObject\",\"inLanguage\":\"en-US\",\"@id\":\"https:\/\/bolting.eu\/en\/shop\/nut-key-camp\/#local-main-organization-logo\",\"url\":\"https:\/\/bolting.eu\/wp-content\/uploads\/2019\/09\/bolting-logo.png\",\"contentUrl\":\"https:\/\/bolting.eu\/wp-content\/uploads\/2019\/09\/bolting-logo.png\",\"width\":400,\"height\":211,\"caption\":\"bolting.eu\"}]}<\/script>\n<meta property=\"og:video\" content=\"https:\/\/www.youtube.com\/embed\/QVgTcoDQ4jQ\" \/>\n<meta property=\"og:video:type\" content=\"text\/html\" \/>\n<meta property=\"og:video:duration\" content=\"38\" \/>\n<meta property=\"og:video:width\" content=\"480\" \/>\n<meta property=\"og:video:height\" content=\"270\" \/>\n<meta property=\"ya:ovs:adult\" content=\"false\" \/>\n<meta property=\"ya:ovs:upload_date\" content=\"2020-09-01T09:15:58+00:00\" \/>\n<meta property=\"ya:ovs:allow_embed\" content=\"true\" \/>\n<meta property=\"product:price:amount\" content=\"14.00\" \/>\n<meta property=\"product:price:currency\" content=\"EUR\" \/>\n<meta property=\"og:availability\" content=\"instock\" \/>\n<meta property=\"product:availability\" content=\"instock\" \/>\n<meta property=\"product:retailer_item_id\" content=\"1047\" \/>\n<meta property=\"product:condition\" content=\"new\" \/>\n<meta name=\"geo.placename\" content=\"Innsbruck\" \/>\n<meta name=\"geo.position\" content=\"47.264176340396226;11.380109057672346\" \/>\n<meta name=\"geo.region\" content=\"Austria\" \/>\n<!-- \/ Yoast SEO Premium plugin. -->","yoast_head_json":{"title":"Nut Key Camp Klemmkeilentferner jetzt online kaufen | bolting.eu","description":"Hier findest Du das Nut Key Camp. Einen langen Klemmkeilentferner f\u00fcr\u00b4s Alpinklettern. Jetzt online kaufen beim Kletterpfofi aus \ud83c\udde6\ud83c\uddf9 !","robots":{"index":"index","follow":"follow","max-snippet":"max-snippet:-1","max-image-preview":"max-image-preview:large","max-video-preview":"max-video-preview:-1"},"canonical":"https:\/\/bolting.eu\/en\/shop\/nut-key-camp\/","og_locale":"en_US","og_type":"article","og_title":"Nut Key Camp","og_description":"Hier findest Du das Nut Key Camp. Einen langen Klemmkeilentferner f\u00fcr\u00b4s Alpinklettern. Jetzt online kaufen beim Kletterpfofi aus \ud83c\udde6\ud83c\uddf9 !","og_url":"https:\/\/bolting.eu\/en\/shop\/nut-key-camp\/","og_site_name":"bolting.eu","article_publisher":"https:\/\/www.facebook.com\/bolting.eu","article_modified_time":"2026-04-17T14:51:15+00:00","og_image":[{"width":700,"height":700,"url":"https:\/\/bolting.eu\/wp-content\/uploads\/2020\/09\/Nut-Key-Camp-1.jpg","type":"image\/jpeg"}],"twitter_card":"summary_large_image","twitter_misc":{"Price":"&euro;&nbsp;14,00","Availability":"In stock"},"schema":{"@context":"https:\/\/schema.org","@graph":[{"@type":["WebPage","ItemPage"],"@id":"https:\/\/bolting.eu\/en\/shop\/nut-key-camp\/","url":"https:\/\/bolting.eu\/en\/shop\/nut-key-camp\/","name":"Nut Key Camp Klemmkeilentferner jetzt online kaufen | bolting.eu","isPartOf":{"@id":"https:\/\/bolting.eu\/en\/#website"},"primaryImageOfPage":{"@id":"https:\/\/bolting.eu\/en\/shop\/nut-key-camp\/#primaryimage"},"image":{"@id":"https:\/\/bolting.eu\/en\/shop\/nut-key-camp\/#primaryimage"},"thumbnailUrl":"https:\/\/bolting.eu\/wp-content\/uploads\/2020\/09\/Nut-Key-Camp-1.jpg","datePublished":"2020-09-01T09:15:58+00:00","dateModified":"2026-04-17T14:51:15+00:00","description":"Hier findest Du das Nut Key Camp. Einen langen Klemmkeilentferner f\u00fcr\u00b4s Alpinklettern. Jetzt online kaufen beim Kletterpfofi aus \ud83c\udde6\ud83c\uddf9 !","breadcrumb":{"@id":"https:\/\/bolting.eu\/en\/shop\/nut-key-camp\/#breadcrumb"},"inLanguage":"en-US","potentialAction":[{"@type":"ReadAction","target":["https:\/\/bolting.eu\/en\/shop\/nut-key-camp\/"]}]},{"@type":"ImageObject","inLanguage":"en-US","@id":"https:\/\/bolting.eu\/en\/shop\/nut-key-camp\/#primaryimage","url":"https:\/\/bolting.eu\/wp-content\/uploads\/2020\/09\/Nut-Key-Camp-1.jpg","contentUrl":"https:\/\/bolting.eu\/wp-content\/uploads\/2020\/09\/Nut-Key-Camp-1.jpg","width":700,"height":700,"caption":"Das Bild zeigt das Nut Key Camp. Der silberne Klemmkeilentferner mit schwarzem Griff steht aufrecht in Bildmitte. Der Kopf ist oben."},{"@type":"BreadcrumbList","@id":"https:\/\/bolting.eu\/en\/shop\/nut-key-camp\/#breadcrumb","itemListElement":[{"@type":"ListItem","position":1,"name":"Shop","item":"https:\/\/bolting.eu\/en\/shop\/"},{"@type":"ListItem","position":2,"name":"Klemmkeile","item":"https:\/\/bolting.eu\/produkt-kategorie\/klemmkeile\/"},{"@type":"ListItem","position":3,"name":"nut tool","item":"https:\/\/bolting.eu\/en\/produkt-kategorie\/nut-tool\/"},{"@type":"ListItem","position":4,"name":"Nut Key Camp"}]},{"@type":"WebSite","@id":"https:\/\/bolting.eu\/en\/#website","url":"https:\/\/bolting.eu\/en\/","name":"bolting.eu","description":"we make climbs happen","publisher":{"@id":"https:\/\/bolting.eu\/en\/#organization"},"potentialAction":[{"@type":"SearchAction","target":{"@type":"EntryPoint","urlTemplate":"https:\/\/bolting.eu\/en\/?s={search_term_string}"},"query-input":{"@type":"PropertyValueSpecification","valueRequired":true,"valueName":"search_term_string"}}],"inLanguage":"en-US"},{"@type":["Organization","Place","SportingGoodsStore"],"@id":"https:\/\/bolting.eu\/en\/#organization","name":"bolting.eu","url":"https:\/\/bolting.eu\/en\/","logo":{"@id":"https:\/\/bolting.eu\/en\/shop\/nut-key-camp\/#local-main-organization-logo"},"image":{"@id":"https:\/\/bolting.eu\/en\/shop\/nut-key-camp\/#local-main-organization-logo"},"sameAs":["https:\/\/www.facebook.com\/bolting.eu","https:\/\/www.instagram.com\/bolting.eu\/"],"address":{"@id":"https:\/\/bolting.eu\/en\/shop\/nut-key-camp\/#local-main-place-address"},"geo":{"@type":"GeoCoordinates","latitude":"47.264176340396226","longitude":"11.380109057672346"},"telephone":["+43 699 19083372"],"openingHoursSpecification":[{"@type":"OpeningHoursSpecification","dayOfWeek":["Monday","Wednesday","Friday"],"opens":"14:00","closes":"18:00"},{"@type":"OpeningHoursSpecification","dayOfWeek":["Tuesday","Thursday","Saturday","Sunday"],"opens":"00:00","closes":"00:00"}],"email":"office@bolting.eu","vatID":"ATU59999728","priceRange":"$$","currenciesAccepted":"Euro"},{"@type":"PostalAddress","@id":"https:\/\/bolting.eu\/en\/shop\/nut-key-camp\/#local-main-place-address","streetAddress":"Fischnalerstra\u00dfe 4","addressLocality":"Innsbruck","postalCode":"6020","addressRegion":"Tirol","addressCountry":"AT"},{"@type":"ImageObject","inLanguage":"en-US","@id":"https:\/\/bolting.eu\/en\/shop\/nut-key-camp\/#local-main-organization-logo","url":"https:\/\/bolting.eu\/wp-content\/uploads\/2019\/09\/bolting-logo.png","contentUrl":"https:\/\/bolting.eu\/wp-content\/uploads\/2019\/09\/bolting-logo.png","width":400,"height":211,"caption":"bolting.eu"}]},"og_video":"https:\/\/www.youtube.com\/embed\/QVgTcoDQ4jQ","og_video_type":"text\/html","og_video_duration":"38","og_video_width":"480","og_video_height":"270","ya_ovs_adult":"false","ya_ovs_upload_date":"2020-09-01T09:15:58+00:00","ya_ovs_allow_embed":"true","product_price_amount":"14.00","product_price_currency":"EUR","og_availability":"instock","product_availability":"instock","product_retailer_item_id":"1047","product_condition":"new","geo.placename":"Innsbruck","geo.position":{"lat":"47.264176340396226","long":"11.380109057672346"},"geo.region":"Austria"},"_links":{"self":[{"href":"https:\/\/bolting.eu\/en\/wp-json\/wp\/v2\/product\/5157","targetHints":{"allow":["GET"]}}],"collection":[{"href":"https:\/\/bolting.eu\/en\/wp-json\/wp\/v2\/product"}],"about":[{"href":"https:\/\/bolting.eu\/en\/wp-json\/wp\/v2\/types\/product"}],"replies":[{"embeddable":true,"href":"https:\/\/bolting.eu\/en\/wp-json\/wp\/v2\/comments?post=5157"}],"wp:featuredmedia":[{"embeddable":true,"href":"https:\/\/bolting.eu\/en\/wp-json\/wp\/v2\/media\/5159"}],"wp:attachment":[{"href":"https:\/\/bolting.eu\/en\/wp-json\/wp\/v2\/media?parent=5157"}],"wp:term":[{"taxonomy":"product_brand","embeddable":true,"href":"https:\/\/bolting.eu\/en\/wp-json\/wp\/v2\/product_brand?post=5157"},{"taxonomy":"product_cat","embeddable":true,"href":"https:\/\/bolting.eu\/en\/wp-json\/wp\/v2\/product_cat?post=5157"},{"taxonomy":"product_tag","embeddable":true,"href":"https:\/\/bolting.eu\/en\/wp-json\/wp\/v2\/product_tag?post=5157"}],"curies":[{"name":"wp","href":"https:\/\/api.w.org\/{rel}","templated":true}]}}