{"id":5056,"date":"2020-08-30T12:49:38","date_gmt":"2020-08-30T10:49:38","guid":{"rendered":"https:\/\/bolting.eu\/?post_type=product&#038;p=5056"},"modified":"2026-04-08T15:58:25","modified_gmt":"2026-04-08T13:58:25","slug":"beal-jumbo-pad-bouldermatte","status":"publish","type":"product","link":"https:\/\/bolting.eu\/en\/shop\/beal-jumbo-pad-bouldermatte\/","title":{"rendered":"Beal Jumbo Pad Bouldermatte"},"content":{"rendered":"<p>Das Beal Jumbo Pad Bouldermatte ist ein fettes Teil. Denn dieses Pad ist gleich 150 x 130 x 12cm gro\u00df.<\/p>\n<p>Als D\u00e4mpfung fungiert ein vernetzter 2-lagiger Schaumstoff. Diese Konstruktionsweise garantiert einerseits einen festen Halt der zwei Lagen. Und andererseits sehr gute D\u00e4mpfungseigenschaften. Vor allem bei hohen Bouldern ist diese dicke Matte ideal.<\/p>\n<p>Weitere coole Features sind. Erstens der Klettverschluss im &#8220;Scharnier&#8221; der Matte. Somit ergibt sich eine &#8220;spaltenfreie&#8221; und durchgehende Fl\u00e4che. Zweitens gibt es ein Staufach f\u00fcr Boulderb\u00fcrsten. Drittens ist ein Fu\u00dfabstreifer inkludiert.<\/p>\n<p>Deswegen ist es in der <a href=\"https:\/\/bolting.eu\/boulderausruestung\/\">Boulderausr\u00fcstung<\/a> vieler Kletterer zu finden!<\/p>\n<h2>Eigenschaften Beal Jumbo Pad Bouldermatte<\/h2>\n<ul>\n<li>Hersteller: Beal<\/li>\n<li>Dimension: 150x 130 x 12cm<\/li>\n<li>gefaltet: 130 x 75 x 24cm<\/li>\n<li>Gewicht: 6,5 kg<\/li>\n<li>ideal als Highball Crashpad<\/li>\n<li>robustes Cordura Material f\u00fcr lange Lebensdauer<\/li>\n<li>extrem hochwertiger 2lagiger PU Schaum<\/li>\n<li>Schaumstofflagen vernetzt f\u00fcr mehr D\u00e4mpfung<\/li>\n<li>Staufach f\u00fcr B\u00fcrsten etc.<\/li>\n<li>inkl. Fu\u00dfabstreifer<\/li>\n<\/ul>\n<h3>Das D\u00e4mpfungssystem<\/h3>\n<p>Die Beal Jumbo Pad Bouldermatte hat einen 2-lagigen Schaumstoff Kern. D.h. zwei verschieden harte, hochwertige PU-Schaum Lagen sind hier in vernetzter Bauweise kombiniert. Dies sorgt f\u00fcr eine lange Lebensdauer und beste D\u00e4mpfung. Denn die Kombination aus den zwei kreuzweise verbundenen Materialien ist solide und sehr belastbar.<\/p>\n<h3>Beal Jumbo Pad Bouldermatte &#8211; Lebensdauer<\/h3>\n<p>Um eine lange Lebensdauer zu erreichen hat diese Matte einige klasse Features. Erstens das strapazierf\u00e4hige Cordura an der Au\u00dfenseite. Zweitens die abgerundeten Ecken. Denn somit gibt es keine rechteckigen &#8220;Schwachstellen&#8221; au\u00dfen am Schaumstoff. Drittens den bereist beschriebenen hochwertigen PU-Schaumstoff.<\/p>\n<p>Wir empfehlen die Matte am Ende ihrer Lebensdauer auseinanderzunehmen. Die Einzelteile sollten dann dem Recycling zugef\u00fchrt werden.<\/p>\n<h3>Highball Bouldermatte<\/h3>\n<p>Die Beal Jumbo Pad Bouldermatte ist etwas f\u00fcr Spezialisten. Zum einen werden Boulder Fanatiker damit eine Freude haben. Zum anderen all jene die Highballs lieben.<\/p>\n<p>Denn die Kombination aus Gr\u00f6\u00dfe, Dicke und D\u00e4mpfung sind ideal f\u00fcr viele St\u00fcrze aus gro\u00dfer H\u00f6he.<\/p>\n<p>Mit nur einem zus\u00e4tzlichen Standard Pad erh\u00e4lt man zudem unz\u00e4hlige attraktive Kombinationsm\u00f6glichkeiten.<\/p>\n<h3>Viel Platz in der Beal Jumbo Pad Bouldermatte<\/h3>\n<p>Wir finden den Platz in der Mitte des Pads sehr gro\u00dfz\u00fcgig bemessen. D.h. zwischen die beiden Mattenh\u00e4lften kann man einiges an <a href=\"https:\/\/bolting.eu\/produkt-kategorie\/boulder-zubehoer\/\">Boulder Zubeh\u00f6r<\/a> legen.<\/p>\n<p>Egal ob <a href=\"https:\/\/bolting.eu\/produkt-kategorie\/chalkbag\/chalkbag-bouldern\/\">Boulder Chalkbag<\/a>, eine kleine <a href=\"https:\/\/bolting.eu\/produkt-kategorie\/bouldertaschen\/\">Bouldertasche<\/a> oder einen <a href=\"https:\/\/bolting.eu\/shop\/boulderbuerste-teleskopstock-triple-tube-ibbz\/\">Teleskop Putzstock<\/a>. Hier hat echt viel Platz.<\/p>\n<h4><strong>Link Tipp<\/strong><\/h4>\n<p>Mehr Infos gibt es auf der Website des <a href=\"https:\/\/sport.beal-planet.com\/\" target=\"_blank\" rel=\"noopener noreferrer\">Herstellers<\/a>.<\/p>\n","protected":false},"excerpt":{"rendered":"<ul>\n<li>Hersteller: <a href=\"https:\/\/bolting.eu\/produkt-kategorie\/beal\/\">Beal<\/a><\/li>\n<li>Dimension: 150x 130 x 12cm<\/li>\n<li>gefaltet: 130 x 75 x 24cm<\/li>\n<li>Gewicht: 6,5 kg<\/li>\n<li>ideal als Highball Crashpad<\/li>\n<li>robustes Cordura Material f\u00fcr lange Lebensdauer<\/li>\n<li>extrem hochwertiger 2lagiger PU Schaum<\/li>\n<li>Schaumstofflagen vernetzt f\u00fcr mehr D\u00e4mpfung<\/li>\n<li>Staufach f\u00fcr B\u00fcrsten etc.<\/li>\n<li>inkl. Fu\u00dfabstreifer<\/li>\n<\/ul>\n","protected":false},"featured_media":5057,"comment_status":"open","ping_status":"closed","template":"","meta":[],"product_brand":[],"product_cat":[4663,5284,6358,13906,14319],"product_tag":[],"class_list":{"0":"post-5056","1":"product","2":"type-product","3":"status-publish","4":"has-post-thumbnail","6":"product_cat-beal","7":"product_cat-boulder-ausruestung","8":"product_cat-bouldermatte","9":"product_cat-sperrgut-gross","10":"product_cat-sale-klettern","12":"first","13":"instock","14":"sale","15":"taxable","16":"shipping-taxable","17":"purchasable","18":"product-type-simple"},"yoast_head":"<!-- This site is optimized with the Yoast SEO Premium plugin v26.9 (Yoast SEO v26.9) - https:\/\/yoast.com\/product\/yoast-seo-premium-wordpress\/ -->\n<title>Beal Jumbo Pad Bouldermatte jetzt g\u00fcnstig online kaufen | bolting.eu<\/title>\n<meta name=\"description\" content=\"Hier findest Du die BEAL JUMBO PAD BOULDERMATTE. \u2705 14 Tage R\u00fcckgaberecht \u2705 versandfrei* ab \u20ac 100,- \u2705 Kaufberatung \u2705 Fachh\u00e4ndler aus \u00d6sterreich\" \/>\n<meta name=\"robots\" content=\"index, follow, max-snippet:-1, max-image-preview:large, max-video-preview:-1\" \/>\n<link rel=\"canonical\" href=\"https:\/\/bolting.eu\/en\/shop\/beal-jumbo-pad-bouldermatte\/\" \/>\n<meta property=\"og:locale\" content=\"en_US\" \/>\n<meta property=\"og:type\" content=\"article\" \/>\n<meta property=\"og:title\" content=\"Beal Jumbo Pad Bouldermatte\" \/>\n<meta property=\"og:description\" content=\"Hier findest Du die BEAL JUMBO PAD BOULDERMATTE. \u2705 14 Tage R\u00fcckgaberecht \u2705 versandfrei* ab \u20ac 100,- \u2705 Kaufberatung \u2705 Fachh\u00e4ndler aus \u00d6sterreich\" \/>\n<meta property=\"og:url\" content=\"https:\/\/bolting.eu\/en\/shop\/beal-jumbo-pad-bouldermatte\/\" \/>\n<meta property=\"og:site_name\" content=\"bolting.eu\" \/>\n<meta property=\"article:publisher\" content=\"https:\/\/www.facebook.com\/bolting.eu\" \/>\n<meta property=\"article:modified_time\" content=\"2026-04-08T13:58:25+00:00\" \/>\n<meta property=\"og:image\" content=\"https:\/\/bolting.eu\/wp-content\/uploads\/2020\/08\/Beal-Jumbo-Pad-Bouldermatte-1.jpg\" \/>\n\t<meta property=\"og:image:width\" content=\"700\" \/>\n\t<meta property=\"og:image:height\" content=\"700\" \/>\n\t<meta property=\"og:image:type\" content=\"image\/jpeg\" \/>\n<meta name=\"twitter:card\" content=\"summary_large_image\" \/>\n<meta name=\"twitter:label1\" content=\"Price\" \/>\n\t<meta name=\"twitter:data1\" content=\"&euro;&nbsp;270,00\" \/>\n\t<meta name=\"twitter:label2\" content=\"Availability\" \/>\n\t<meta name=\"twitter:data2\" content=\"In stock\" \/>\n<script type=\"application\/ld+json\" class=\"yoast-schema-graph\">{\"@context\":\"https:\/\/schema.org\",\"@graph\":[{\"@type\":[\"WebPage\",\"ItemPage\"],\"@id\":\"https:\/\/bolting.eu\/en\/shop\/beal-jumbo-pad-bouldermatte\/\",\"url\":\"https:\/\/bolting.eu\/en\/shop\/beal-jumbo-pad-bouldermatte\/\",\"name\":\"Beal Jumbo Pad Bouldermatte jetzt g\u00fcnstig online kaufen | bolting.eu\",\"isPartOf\":{\"@id\":\"https:\/\/bolting.eu\/en\/#website\"},\"primaryImageOfPage\":{\"@id\":\"https:\/\/bolting.eu\/en\/shop\/beal-jumbo-pad-bouldermatte\/#primaryimage\"},\"image\":{\"@id\":\"https:\/\/bolting.eu\/en\/shop\/beal-jumbo-pad-bouldermatte\/#primaryimage\"},\"thumbnailUrl\":\"https:\/\/bolting.eu\/wp-content\/uploads\/2020\/08\/Beal-Jumbo-Pad-Bouldermatte-1.jpg\",\"datePublished\":\"2020-08-30T10:49:38+00:00\",\"dateModified\":\"2026-04-08T13:58:25+00:00\",\"description\":\"Hier findest Du die BEAL JUMBO PAD BOULDERMATTE. \u2705 14 Tage R\u00fcckgaberecht \u2705 versandfrei* ab \u20ac 100,- \u2705 Kaufberatung \u2705 Fachh\u00e4ndler aus \u00d6sterreich\",\"breadcrumb\":{\"@id\":\"https:\/\/bolting.eu\/en\/shop\/beal-jumbo-pad-bouldermatte\/#breadcrumb\"},\"inLanguage\":\"en-US\",\"potentialAction\":[{\"@type\":\"ReadAction\",\"target\":[\"https:\/\/bolting.eu\/en\/shop\/beal-jumbo-pad-bouldermatte\/\"]}]},{\"@type\":\"ImageObject\",\"inLanguage\":\"en-US\",\"@id\":\"https:\/\/bolting.eu\/en\/shop\/beal-jumbo-pad-bouldermatte\/#primaryimage\",\"url\":\"https:\/\/bolting.eu\/wp-content\/uploads\/2020\/08\/Beal-Jumbo-Pad-Bouldermatte-1.jpg\",\"contentUrl\":\"https:\/\/bolting.eu\/wp-content\/uploads\/2020\/08\/Beal-Jumbo-Pad-Bouldermatte-1.jpg\",\"width\":700,\"height\":700,\"caption\":\"Das Bild zeigt die Beal Jumbo Pad Bouldermatte. Die orange Matte steht aufgeklappt und stehend in Bildmitte. Man erkennt die gepunktete Oberseite, die schwarze Unterseite sowie die seitlichen trageriemen.\"},{\"@type\":\"BreadcrumbList\",\"@id\":\"https:\/\/bolting.eu\/en\/shop\/beal-jumbo-pad-bouldermatte\/#breadcrumb\",\"itemListElement\":[{\"@type\":\"ListItem\",\"position\":1,\"name\":\"Shop\",\"item\":\"https:\/\/bolting.eu\/en\/shop\/\"},{\"@type\":\"ListItem\",\"position\":2,\"name\":\"Boulder Ausr\u00fcstung\",\"item\":\"https:\/\/bolting.eu\/produkt-kategorie\/boulder-ausruestung\/\"},{\"@type\":\"ListItem\",\"position\":3,\"name\":\"Bouldermatten\",\"item\":\"https:\/\/bolting.eu\/produkt-kategorie\/boulder-ausruestung\/bouldermatte\/\"},{\"@type\":\"ListItem\",\"position\":4,\"name\":\"Beal Jumbo Pad Bouldermatte\"}]},{\"@type\":\"WebSite\",\"@id\":\"https:\/\/bolting.eu\/en\/#website\",\"url\":\"https:\/\/bolting.eu\/en\/\",\"name\":\"bolting.eu\",\"description\":\"we make climbs happen\",\"publisher\":{\"@id\":\"https:\/\/bolting.eu\/en\/#organization\"},\"potentialAction\":[{\"@type\":\"SearchAction\",\"target\":{\"@type\":\"EntryPoint\",\"urlTemplate\":\"https:\/\/bolting.eu\/en\/?s={search_term_string}\"},\"query-input\":{\"@type\":\"PropertyValueSpecification\",\"valueRequired\":true,\"valueName\":\"search_term_string\"}}],\"inLanguage\":\"en-US\"},{\"@type\":[\"Organization\",\"Place\",\"SportingGoodsStore\"],\"@id\":\"https:\/\/bolting.eu\/en\/#organization\",\"name\":\"bolting.eu\",\"url\":\"https:\/\/bolting.eu\/en\/\",\"logo\":{\"@id\":\"https:\/\/bolting.eu\/en\/shop\/beal-jumbo-pad-bouldermatte\/#local-main-organization-logo\"},\"image\":{\"@id\":\"https:\/\/bolting.eu\/en\/shop\/beal-jumbo-pad-bouldermatte\/#local-main-organization-logo\"},\"sameAs\":[\"https:\/\/www.facebook.com\/bolting.eu\",\"https:\/\/www.instagram.com\/bolting.eu\/\"],\"address\":{\"@id\":\"https:\/\/bolting.eu\/en\/shop\/beal-jumbo-pad-bouldermatte\/#local-main-place-address\"},\"geo\":{\"@type\":\"GeoCoordinates\",\"latitude\":\"47.264176340396226\",\"longitude\":\"11.380109057672346\"},\"telephone\":[\"+43 699 19083372\"],\"openingHoursSpecification\":[{\"@type\":\"OpeningHoursSpecification\",\"dayOfWeek\":[\"Monday\",\"Wednesday\",\"Friday\"],\"opens\":\"14:00\",\"closes\":\"18:00\"},{\"@type\":\"OpeningHoursSpecification\",\"dayOfWeek\":[\"Tuesday\",\"Thursday\",\"Saturday\",\"Sunday\"],\"opens\":\"00:00\",\"closes\":\"00:00\"}],\"email\":\"office@bolting.eu\",\"vatID\":\"ATU59999728\",\"priceRange\":\"$$\",\"currenciesAccepted\":\"Euro\"},{\"@type\":\"PostalAddress\",\"@id\":\"https:\/\/bolting.eu\/en\/shop\/beal-jumbo-pad-bouldermatte\/#local-main-place-address\",\"streetAddress\":\"Fischnalerstra\u00dfe 4\",\"addressLocality\":\"Innsbruck\",\"postalCode\":\"6020\",\"addressRegion\":\"Tirol\",\"addressCountry\":\"AT\"},{\"@type\":\"ImageObject\",\"inLanguage\":\"en-US\",\"@id\":\"https:\/\/bolting.eu\/en\/shop\/beal-jumbo-pad-bouldermatte\/#local-main-organization-logo\",\"url\":\"https:\/\/bolting.eu\/wp-content\/uploads\/2019\/09\/bolting-logo.png\",\"contentUrl\":\"https:\/\/bolting.eu\/wp-content\/uploads\/2019\/09\/bolting-logo.png\",\"width\":400,\"height\":211,\"caption\":\"bolting.eu\"}]}<\/script>\n<meta property=\"product:price:amount\" content=\"270.00\" \/>\n<meta property=\"product:price:currency\" content=\"EUR\" \/>\n<meta property=\"og:availability\" content=\"instock\" \/>\n<meta property=\"product:availability\" content=\"instock\" \/>\n<meta property=\"product:retailer_item_id\" content=\"BEREJP\" \/>\n<meta property=\"product:condition\" content=\"new\" \/>\n<meta name=\"geo.placename\" content=\"Innsbruck\" \/>\n<meta name=\"geo.position\" content=\"47.264176340396226;11.380109057672346\" \/>\n<meta name=\"geo.region\" content=\"Austria\" \/>\n<!-- \/ Yoast SEO Premium plugin. -->","yoast_head_json":{"title":"Beal Jumbo Pad Bouldermatte jetzt g\u00fcnstig online kaufen | bolting.eu","description":"Hier findest Du die BEAL JUMBO PAD BOULDERMATTE. \u2705 14 Tage R\u00fcckgaberecht \u2705 versandfrei* ab \u20ac 100,- \u2705 Kaufberatung \u2705 Fachh\u00e4ndler aus \u00d6sterreich","robots":{"index":"index","follow":"follow","max-snippet":"max-snippet:-1","max-image-preview":"max-image-preview:large","max-video-preview":"max-video-preview:-1"},"canonical":"https:\/\/bolting.eu\/en\/shop\/beal-jumbo-pad-bouldermatte\/","og_locale":"en_US","og_type":"article","og_title":"Beal Jumbo Pad Bouldermatte","og_description":"Hier findest Du die BEAL JUMBO PAD BOULDERMATTE. \u2705 14 Tage R\u00fcckgaberecht \u2705 versandfrei* ab \u20ac 100,- \u2705 Kaufberatung \u2705 Fachh\u00e4ndler aus \u00d6sterreich","og_url":"https:\/\/bolting.eu\/en\/shop\/beal-jumbo-pad-bouldermatte\/","og_site_name":"bolting.eu","article_publisher":"https:\/\/www.facebook.com\/bolting.eu","article_modified_time":"2026-04-08T13:58:25+00:00","og_image":[{"width":700,"height":700,"url":"https:\/\/bolting.eu\/wp-content\/uploads\/2020\/08\/Beal-Jumbo-Pad-Bouldermatte-1.jpg","type":"image\/jpeg"}],"twitter_card":"summary_large_image","twitter_misc":{"Price":"&euro;&nbsp;270,00","Availability":"In stock"},"schema":{"@context":"https:\/\/schema.org","@graph":[{"@type":["WebPage","ItemPage"],"@id":"https:\/\/bolting.eu\/en\/shop\/beal-jumbo-pad-bouldermatte\/","url":"https:\/\/bolting.eu\/en\/shop\/beal-jumbo-pad-bouldermatte\/","name":"Beal Jumbo Pad Bouldermatte jetzt g\u00fcnstig online kaufen | bolting.eu","isPartOf":{"@id":"https:\/\/bolting.eu\/en\/#website"},"primaryImageOfPage":{"@id":"https:\/\/bolting.eu\/en\/shop\/beal-jumbo-pad-bouldermatte\/#primaryimage"},"image":{"@id":"https:\/\/bolting.eu\/en\/shop\/beal-jumbo-pad-bouldermatte\/#primaryimage"},"thumbnailUrl":"https:\/\/bolting.eu\/wp-content\/uploads\/2020\/08\/Beal-Jumbo-Pad-Bouldermatte-1.jpg","datePublished":"2020-08-30T10:49:38+00:00","dateModified":"2026-04-08T13:58:25+00:00","description":"Hier findest Du die BEAL JUMBO PAD BOULDERMATTE. \u2705 14 Tage R\u00fcckgaberecht \u2705 versandfrei* ab \u20ac 100,- \u2705 Kaufberatung \u2705 Fachh\u00e4ndler aus \u00d6sterreich","breadcrumb":{"@id":"https:\/\/bolting.eu\/en\/shop\/beal-jumbo-pad-bouldermatte\/#breadcrumb"},"inLanguage":"en-US","potentialAction":[{"@type":"ReadAction","target":["https:\/\/bolting.eu\/en\/shop\/beal-jumbo-pad-bouldermatte\/"]}]},{"@type":"ImageObject","inLanguage":"en-US","@id":"https:\/\/bolting.eu\/en\/shop\/beal-jumbo-pad-bouldermatte\/#primaryimage","url":"https:\/\/bolting.eu\/wp-content\/uploads\/2020\/08\/Beal-Jumbo-Pad-Bouldermatte-1.jpg","contentUrl":"https:\/\/bolting.eu\/wp-content\/uploads\/2020\/08\/Beal-Jumbo-Pad-Bouldermatte-1.jpg","width":700,"height":700,"caption":"Das Bild zeigt die Beal Jumbo Pad Bouldermatte. Die orange Matte steht aufgeklappt und stehend in Bildmitte. Man erkennt die gepunktete Oberseite, die schwarze Unterseite sowie die seitlichen trageriemen."},{"@type":"BreadcrumbList","@id":"https:\/\/bolting.eu\/en\/shop\/beal-jumbo-pad-bouldermatte\/#breadcrumb","itemListElement":[{"@type":"ListItem","position":1,"name":"Shop","item":"https:\/\/bolting.eu\/en\/shop\/"},{"@type":"ListItem","position":2,"name":"Boulder Ausr\u00fcstung","item":"https:\/\/bolting.eu\/produkt-kategorie\/boulder-ausruestung\/"},{"@type":"ListItem","position":3,"name":"Bouldermatten","item":"https:\/\/bolting.eu\/produkt-kategorie\/boulder-ausruestung\/bouldermatte\/"},{"@type":"ListItem","position":4,"name":"Beal Jumbo Pad Bouldermatte"}]},{"@type":"WebSite","@id":"https:\/\/bolting.eu\/en\/#website","url":"https:\/\/bolting.eu\/en\/","name":"bolting.eu","description":"we make climbs happen","publisher":{"@id":"https:\/\/bolting.eu\/en\/#organization"},"potentialAction":[{"@type":"SearchAction","target":{"@type":"EntryPoint","urlTemplate":"https:\/\/bolting.eu\/en\/?s={search_term_string}"},"query-input":{"@type":"PropertyValueSpecification","valueRequired":true,"valueName":"search_term_string"}}],"inLanguage":"en-US"},{"@type":["Organization","Place","SportingGoodsStore"],"@id":"https:\/\/bolting.eu\/en\/#organization","name":"bolting.eu","url":"https:\/\/bolting.eu\/en\/","logo":{"@id":"https:\/\/bolting.eu\/en\/shop\/beal-jumbo-pad-bouldermatte\/#local-main-organization-logo"},"image":{"@id":"https:\/\/bolting.eu\/en\/shop\/beal-jumbo-pad-bouldermatte\/#local-main-organization-logo"},"sameAs":["https:\/\/www.facebook.com\/bolting.eu","https:\/\/www.instagram.com\/bolting.eu\/"],"address":{"@id":"https:\/\/bolting.eu\/en\/shop\/beal-jumbo-pad-bouldermatte\/#local-main-place-address"},"geo":{"@type":"GeoCoordinates","latitude":"47.264176340396226","longitude":"11.380109057672346"},"telephone":["+43 699 19083372"],"openingHoursSpecification":[{"@type":"OpeningHoursSpecification","dayOfWeek":["Monday","Wednesday","Friday"],"opens":"14:00","closes":"18:00"},{"@type":"OpeningHoursSpecification","dayOfWeek":["Tuesday","Thursday","Saturday","Sunday"],"opens":"00:00","closes":"00:00"}],"email":"office@bolting.eu","vatID":"ATU59999728","priceRange":"$$","currenciesAccepted":"Euro"},{"@type":"PostalAddress","@id":"https:\/\/bolting.eu\/en\/shop\/beal-jumbo-pad-bouldermatte\/#local-main-place-address","streetAddress":"Fischnalerstra\u00dfe 4","addressLocality":"Innsbruck","postalCode":"6020","addressRegion":"Tirol","addressCountry":"AT"},{"@type":"ImageObject","inLanguage":"en-US","@id":"https:\/\/bolting.eu\/en\/shop\/beal-jumbo-pad-bouldermatte\/#local-main-organization-logo","url":"https:\/\/bolting.eu\/wp-content\/uploads\/2019\/09\/bolting-logo.png","contentUrl":"https:\/\/bolting.eu\/wp-content\/uploads\/2019\/09\/bolting-logo.png","width":400,"height":211,"caption":"bolting.eu"}]},"product_price_amount":"270.00","product_price_currency":"EUR","og_availability":"instock","product_availability":"instock","product_retailer_item_id":"BEREJP","product_condition":"new","geo.placename":"Innsbruck","geo.position":{"lat":"47.264176340396226","long":"11.380109057672346"},"geo.region":"Austria"},"_links":{"self":[{"href":"https:\/\/bolting.eu\/en\/wp-json\/wp\/v2\/product\/5056","targetHints":{"allow":["GET"]}}],"collection":[{"href":"https:\/\/bolting.eu\/en\/wp-json\/wp\/v2\/product"}],"about":[{"href":"https:\/\/bolting.eu\/en\/wp-json\/wp\/v2\/types\/product"}],"replies":[{"embeddable":true,"href":"https:\/\/bolting.eu\/en\/wp-json\/wp\/v2\/comments?post=5056"}],"wp:featuredmedia":[{"embeddable":true,"href":"https:\/\/bolting.eu\/en\/wp-json\/wp\/v2\/media\/5057"}],"wp:attachment":[{"href":"https:\/\/bolting.eu\/en\/wp-json\/wp\/v2\/media?parent=5056"}],"wp:term":[{"taxonomy":"product_brand","embeddable":true,"href":"https:\/\/bolting.eu\/en\/wp-json\/wp\/v2\/product_brand?post=5056"},{"taxonomy":"product_cat","embeddable":true,"href":"https:\/\/bolting.eu\/en\/wp-json\/wp\/v2\/product_cat?post=5056"},{"taxonomy":"product_tag","embeddable":true,"href":"https:\/\/bolting.eu\/en\/wp-json\/wp\/v2\/product_tag?post=5056"}],"curies":[{"name":"wp","href":"https:\/\/api.w.org\/{rel}","templated":true}]}}