{"id":5045,"date":"2020-08-30T10:05:57","date_gmt":"2020-08-30T08:05:57","guid":{"rendered":"https:\/\/bolting.eu\/?post_type=product&#038;p=5045"},"modified":"2026-02-05T14:23:17","modified_gmt":"2026-02-05T13:23:17","slug":"ocun-sitcase-bouldermatte","status":"publish","type":"product","link":"https:\/\/bolting.eu\/en\/shop\/ocun-sitcase-bouldermatte\/","title":{"rendered":"Ocun Sitcase Bouldermatte"},"content":{"rendered":"<p>Die Ocun Sitcase Bouldermatte ist eine kleine Zusatzmatte. Sie wird demnach also beim Bouldern selbst verwendet. Dabei findet sie vor allem bei Sit Down Starts oder Pad zum Wegsteigen Verwendung.<\/p>\n<p>Des weiteren ist das Pad aber auch als &#8220;Chiller Pad&#8221; extrem beliebt. Denn das geringe Gewicht bzw. kleinen Ma\u00dfe machen es ideal zum Mitnehmen. Beispielsweise zum Camping, zum Chillen am Fluss oder als L\u00fcmmel Pad beim Sportklettern.<\/p>\n<p>Was beim Sitcase zus\u00e4tzlich echt klasse ist? Man kann es auch l\u00e4ngs aufklappen und hat eine 200 x 48 x 6cm Schlafmatte!<\/p>\n<p>Kurzum. Dieses Pad darf in keiner <a href=\"https:\/\/bolting.eu\/boulderausruestung\/\">Boulderausr\u00fcstung<\/a> fehlen!<\/p>\n<h2>Eigenschaften Ocun Sitcase Bouldermatte<\/h2>\n<ul>\n<li>Hersteller: Ocun<\/li>\n<li>Dimension: 100 x 48 x 6 cm<\/li>\n<li>Gewicht: 1,7 kg<\/li>\n<li>ideal f\u00fcr Sitzstarts &amp; Wegsteigen<\/li>\n<li>passt zwischen jede Bouldermatte<\/li>\n<li>robuste YKK Rei\u00dfverschl\u00fcsse<\/li>\n<li>600 D-Nylon H\u00fclle f\u00fcr lange Lebensdauer<\/li>\n<li>l\u00e4ngs aufklappbar zum Schlafen (200 x 48 x 6cm)<\/li>\n<\/ul>\n<h3>Ocun Sitcase Bouldermatte &#8211; perfektes Zusatz Pad<\/h3>\n<p>Sicher kennt ihr diese Situation. Eure <a href=\"https:\/\/bolting.eu\/produkt-kategorie\/bouldermatte\/\">Bouldermatte<\/a> liegt sicher unter der Schl\u00fcsselstelle. Aber der Einstieg ist ganz woanders.<\/p>\n<p>Da kommt in Zusatz Pad wie das Sitcase echt praktisch daher. Ebenso wie bei Querg\u00e4ngen oder bei Sit Starts, wo ein kleines Pad ebenfalls super praktisch ist.<\/p>\n<p>Mit seinen 100 x 48 cm Gr\u00f6\u00dfe bietet dieses Zusatzpad eine komfortable Gr\u00f6\u00dfe f\u00fcr jeden Hintern. L\u00e4ngsaufgeklappt ist es sogar 200 x 48cm gro\u00df! \u00dcberdies ist es mit 6cm auch gut gepolstert.<\/p>\n<h3>Geiles L\u00fcmmel &#8211; Pad<\/h3>\n<p>Die Ocun Sitcase Bouldermatte macht nicht nur beim Bouldern eine klasse Figur. Denn durch seine kleinen Dimensionen bzw. das Tragesystem l\u00e4sst es sich problemlos \u00fcberall hin mitnehmen.<\/p>\n<p>Beispielsweise zum Campen sowie in den Park oder zum Sportklettern.<\/p>\n<p>Oder anders formuliert. Dieses kleine Zusatzpad ist extrem praktisch wenn man viel und gerne Drau\u00dfen ist. Es sch\u00fctzt sowohl vor der K\u00e4lte als auch der Feuchtigkeit im Boden.<\/p>\n<h3>Passt zwischen jede Bouldermatte<\/h3>\n<p>Die Ocun Sitcase Bouldermatte passt zwischen jede gr\u00f6\u00dfere Bouldermatte. D.h. man kann sie ganz easy zwischen die beiden H\u00e4lften anderer Matten quetschen. Egal ob &#8220;Burito&#8221; oder &#8220;Nacho&#8221; Style Pad. Das Pad passt \u00fcberall dazwischen und somit muss man es nicht extra tragen.<\/p>\n<h3>Ocun Sitcase = Bouldertasche<\/h3>\n<p><a href=\"https:\/\/bolting.eu\/wp-content\/uploads\/2020\/08\/Ocun-Sitcase-4.jpg\"><img loading=\"lazy\" decoding=\"async\" class=\"alignleft wp-image-36950 size-thumbnail\" src=\"https:\/\/bolting.eu\/wp-content\/uploads\/2020\/08\/Ocun-Sitcase-4-280x280.jpg\" alt=\"Klettersachen in einem aufgezippten Ocun Sitcase Crashpad.\" width=\"280\" height=\"280\" srcset=\"https:\/\/bolting.eu\/wp-content\/uploads\/2020\/08\/Ocun-Sitcase-4-280x280.jpg 280w, https:\/\/bolting.eu\/wp-content\/uploads\/2020\/08\/Ocun-Sitcase-4-400x400.jpg 400w, https:\/\/bolting.eu\/wp-content\/uploads\/2020\/08\/Ocun-Sitcase-4-247x247.jpg 247w, https:\/\/bolting.eu\/wp-content\/uploads\/2020\/08\/Ocun-Sitcase-4-510x510.jpg 510w, https:\/\/bolting.eu\/wp-content\/uploads\/2020\/08\/Ocun-Sitcase-4-100x100.jpg 100w, https:\/\/bolting.eu\/wp-content\/uploads\/2020\/08\/Ocun-Sitcase-4.jpg 700w\" sizes=\"auto, (max-width: 280px) 100vw, 280px\" \/><\/a>Durch das Smarte Rei\u00dfverschluss System ist dieses Pad auch gleichzeitig eine Bouldertasche. D.h. man kann die kleine Matte seitlich aufzippen und darin sein <a href=\"https:\/\/bolting.eu\/produkt-kategorie\/boulder-zubehoer\/\">Boulder Zubeh\u00f6r<\/a> verstauen.<\/p>\n<p>Es passen ca. 5 Liter Inhalt hinein. Durch den Schulterriemen l\u00e4sst sich das Pad dann auch sehr gut separat tragen.<\/p>\n<p>&nbsp;<\/p>\n<h4><strong>Link Tipp<\/strong><\/h4>\n<p>Besuche mit deiner neuen Ocun Sitcase Bouldermatte einen der besten Boulderspots der Alpen. Hier findest Du alle Infos zum <a href=\"https:\/\/maltatal.rocks\" target=\"_blank\" rel=\"noopener noreferrer\">Bouldern im Maltatal<\/a><\/p>\n","protected":false},"excerpt":{"rendered":"<ul>\n<li>Hersteller: <a href=\"https:\/\/bolting.eu\/produkt-kategorie\/ocun\/\">Ocun<\/a><\/li>\n<li>Dimension: 100 x 48 x 6 cm<\/li>\n<li>Gewicht: 1,7 kg<\/li>\n<li>ideal f\u00fcr Sitzstarts &amp; Wegsteigen<\/li>\n<li>passt zwischen jede Bouldermatte<\/li>\n<li>robuste YKK Rei\u00dfverschl\u00fcsse<\/li>\n<li>600 D-Nylon H\u00fclle f\u00fcr lange Lebensdauer<\/li>\n<li>l\u00e4ngs aufklappbar zum Schlafen (200 x 48 x 6cm)<\/li>\n<\/ul>\n","protected":false},"featured_media":36946,"comment_status":"open","ping_status":"closed","template":"","meta":[],"product_brand":[],"product_cat":[12383,5284,6358],"product_tag":[263],"class_list":{"0":"post-5045","1":"product","2":"type-product","3":"status-publish","4":"has-post-thumbnail","6":"product_cat-ocun","7":"product_cat-boulder-ausruestung","8":"product_cat-bouldermatte","9":"product_tag-bouldern","11":"first","12":"instock","13":"sale","14":"taxable","15":"shipping-taxable","16":"purchasable","17":"product-type-simple"},"yoast_head":"<!-- This site is optimized with the Yoast SEO Premium plugin v26.9 (Yoast SEO v26.9) - https:\/\/yoast.com\/product\/yoast-seo-premium-wordpress\/ -->\n<title>Ocun Sitcase Bouldermatte jetzt g\u00fcnstig online kaufen | bolting.eu<\/title>\n<meta name=\"description\" content=\"Hier findest du die OCUN SITCASE BOULDERMATTE. \u2705 14 Tage R\u00fcckgaberecht \u2705 versandfrei* ab \u20ac 100,- \u2705 Kaufberatung \u2705 Fachh\u00e4ndler aus \u00d6sterreich\" \/>\n<meta name=\"robots\" content=\"index, follow, max-snippet:-1, max-image-preview:large, max-video-preview:-1\" \/>\n<link rel=\"canonical\" href=\"https:\/\/bolting.eu\/en\/shop\/ocun-sitcase-bouldermatte\/\" \/>\n<meta property=\"og:locale\" content=\"en_US\" \/>\n<meta property=\"og:type\" content=\"article\" \/>\n<meta property=\"og:title\" content=\"Ocun Sitcase Bouldermatte\" \/>\n<meta property=\"og:description\" content=\"Hier findest du die OCUN SITCASE BOULDERMATTE. \u2705 14 Tage R\u00fcckgaberecht \u2705 versandfrei* ab \u20ac 100,- \u2705 Kaufberatung \u2705 Fachh\u00e4ndler aus \u00d6sterreich\" \/>\n<meta property=\"og:url\" content=\"https:\/\/bolting.eu\/en\/shop\/ocun-sitcase-bouldermatte\/\" \/>\n<meta property=\"og:site_name\" content=\"bolting.eu\" \/>\n<meta property=\"article:publisher\" content=\"https:\/\/www.facebook.com\/bolting.eu\" \/>\n<meta property=\"article:modified_time\" content=\"2026-02-05T13:23:17+00:00\" \/>\n<meta property=\"og:image\" content=\"https:\/\/bolting.eu\/wp-content\/uploads\/2020\/08\/Ocun-Sitcase-2.jpg\" \/>\n\t<meta property=\"og:image:width\" content=\"700\" \/>\n\t<meta property=\"og:image:height\" content=\"700\" \/>\n\t<meta property=\"og:image:type\" content=\"image\/jpeg\" \/>\n<meta name=\"twitter:card\" content=\"summary_large_image\" \/>\n<meta name=\"twitter:label1\" content=\"Price\" \/>\n\t<meta name=\"twitter:data1\" content=\"&euro;&nbsp;109,90\" \/>\n\t<meta name=\"twitter:label2\" content=\"Availability\" \/>\n\t<meta name=\"twitter:data2\" content=\"In stock\" \/>\n<script type=\"application\/ld+json\" class=\"yoast-schema-graph\">{\"@context\":\"https:\/\/schema.org\",\"@graph\":[{\"@type\":[\"WebPage\",\"ItemPage\"],\"@id\":\"https:\/\/bolting.eu\/en\/shop\/ocun-sitcase-bouldermatte\/\",\"url\":\"https:\/\/bolting.eu\/en\/shop\/ocun-sitcase-bouldermatte\/\",\"name\":\"Ocun Sitcase Bouldermatte jetzt g\u00fcnstig online kaufen | bolting.eu\",\"isPartOf\":{\"@id\":\"https:\/\/bolting.eu\/en\/#website\"},\"primaryImageOfPage\":{\"@id\":\"https:\/\/bolting.eu\/en\/shop\/ocun-sitcase-bouldermatte\/#primaryimage\"},\"image\":{\"@id\":\"https:\/\/bolting.eu\/en\/shop\/ocun-sitcase-bouldermatte\/#primaryimage\"},\"thumbnailUrl\":\"https:\/\/bolting.eu\/wp-content\/uploads\/2020\/08\/Ocun-Sitcase-2.jpg\",\"datePublished\":\"2020-08-30T08:05:57+00:00\",\"dateModified\":\"2026-02-05T13:23:17+00:00\",\"description\":\"Hier findest du die OCUN SITCASE BOULDERMATTE. \u2705 14 Tage R\u00fcckgaberecht \u2705 versandfrei* ab \u20ac 100,- \u2705 Kaufberatung \u2705 Fachh\u00e4ndler aus \u00d6sterreich\",\"breadcrumb\":{\"@id\":\"https:\/\/bolting.eu\/en\/shop\/ocun-sitcase-bouldermatte\/#breadcrumb\"},\"inLanguage\":\"en-US\",\"potentialAction\":[{\"@type\":\"ReadAction\",\"target\":[\"https:\/\/bolting.eu\/en\/shop\/ocun-sitcase-bouldermatte\/\"]}]},{\"@type\":\"ImageObject\",\"inLanguage\":\"en-US\",\"@id\":\"https:\/\/bolting.eu\/en\/shop\/ocun-sitcase-bouldermatte\/#primaryimage\",\"url\":\"https:\/\/bolting.eu\/wp-content\/uploads\/2020\/08\/Ocun-Sitcase-2.jpg\",\"contentUrl\":\"https:\/\/bolting.eu\/wp-content\/uploads\/2020\/08\/Ocun-Sitcase-2.jpg\",\"width\":700,\"height\":700,\"caption\":\"Blaue Ocun Sitcase Bouldermatte auseinander gefaltet.\"},{\"@type\":\"BreadcrumbList\",\"@id\":\"https:\/\/bolting.eu\/en\/shop\/ocun-sitcase-bouldermatte\/#breadcrumb\",\"itemListElement\":[{\"@type\":\"ListItem\",\"position\":1,\"name\":\"Shop\",\"item\":\"https:\/\/bolting.eu\/en\/shop\/\"},{\"@type\":\"ListItem\",\"position\":2,\"name\":\"Boulder Ausr\u00fcstung\",\"item\":\"https:\/\/bolting.eu\/produkt-kategorie\/boulder-ausruestung\/\"},{\"@type\":\"ListItem\",\"position\":3,\"name\":\"Bouldermatten\",\"item\":\"https:\/\/bolting.eu\/produkt-kategorie\/boulder-ausruestung\/bouldermatte\/\"},{\"@type\":\"ListItem\",\"position\":4,\"name\":\"Ocun Sitcase Bouldermatte\"}]},{\"@type\":\"WebSite\",\"@id\":\"https:\/\/bolting.eu\/en\/#website\",\"url\":\"https:\/\/bolting.eu\/en\/\",\"name\":\"bolting.eu\",\"description\":\"we make climbs happen\",\"publisher\":{\"@id\":\"https:\/\/bolting.eu\/en\/#organization\"},\"potentialAction\":[{\"@type\":\"SearchAction\",\"target\":{\"@type\":\"EntryPoint\",\"urlTemplate\":\"https:\/\/bolting.eu\/en\/?s={search_term_string}\"},\"query-input\":{\"@type\":\"PropertyValueSpecification\",\"valueRequired\":true,\"valueName\":\"search_term_string\"}}],\"inLanguage\":\"en-US\"},{\"@type\":[\"Organization\",\"Place\",\"SportingGoodsStore\"],\"@id\":\"https:\/\/bolting.eu\/en\/#organization\",\"name\":\"bolting.eu\",\"url\":\"https:\/\/bolting.eu\/en\/\",\"logo\":{\"@id\":\"https:\/\/bolting.eu\/en\/shop\/ocun-sitcase-bouldermatte\/#local-main-organization-logo\"},\"image\":{\"@id\":\"https:\/\/bolting.eu\/en\/shop\/ocun-sitcase-bouldermatte\/#local-main-organization-logo\"},\"sameAs\":[\"https:\/\/www.facebook.com\/bolting.eu\",\"https:\/\/www.instagram.com\/bolting.eu\/\"],\"address\":{\"@id\":\"https:\/\/bolting.eu\/en\/shop\/ocun-sitcase-bouldermatte\/#local-main-place-address\"},\"geo\":{\"@type\":\"GeoCoordinates\",\"latitude\":\"47.264176340396226\",\"longitude\":\"11.380109057672346\"},\"telephone\":[\"+43 699 19083372\"],\"openingHoursSpecification\":[{\"@type\":\"OpeningHoursSpecification\",\"dayOfWeek\":[\"Monday\",\"Wednesday\",\"Friday\"],\"opens\":\"14:00\",\"closes\":\"18:00\"},{\"@type\":\"OpeningHoursSpecification\",\"dayOfWeek\":[\"Tuesday\",\"Thursday\",\"Saturday\",\"Sunday\"],\"opens\":\"00:00\",\"closes\":\"00:00\"}],\"email\":\"office@bolting.eu\",\"vatID\":\"ATU59999728\",\"priceRange\":\"$$\",\"currenciesAccepted\":\"Euro\"},{\"@type\":\"PostalAddress\",\"@id\":\"https:\/\/bolting.eu\/en\/shop\/ocun-sitcase-bouldermatte\/#local-main-place-address\",\"streetAddress\":\"Fischnalerstra\u00dfe 4\",\"addressLocality\":\"Innsbruck\",\"postalCode\":\"6020\",\"addressRegion\":\"Tirol\",\"addressCountry\":\"AT\"},{\"@type\":\"ImageObject\",\"inLanguage\":\"en-US\",\"@id\":\"https:\/\/bolting.eu\/en\/shop\/ocun-sitcase-bouldermatte\/#local-main-organization-logo\",\"url\":\"https:\/\/bolting.eu\/wp-content\/uploads\/2019\/09\/bolting-logo.png\",\"contentUrl\":\"https:\/\/bolting.eu\/wp-content\/uploads\/2019\/09\/bolting-logo.png\",\"width\":400,\"height\":211,\"caption\":\"bolting.eu\"}]}<\/script>\n<meta property=\"product:price:amount\" content=\"109.90\" \/>\n<meta property=\"product:price:currency\" content=\"EUR\" \/>\n<meta property=\"og:availability\" content=\"instock\" \/>\n<meta property=\"product:availability\" content=\"instock\" \/>\n<meta property=\"product:retailer_item_id\" content=\"03551\" \/>\n<meta property=\"product:condition\" content=\"new\" \/>\n<meta name=\"geo.placename\" content=\"Innsbruck\" \/>\n<meta name=\"geo.position\" content=\"47.264176340396226;11.380109057672346\" \/>\n<meta name=\"geo.region\" content=\"Austria\" \/>\n<!-- \/ Yoast SEO Premium plugin. -->","yoast_head_json":{"title":"Ocun Sitcase Bouldermatte jetzt g\u00fcnstig online kaufen | bolting.eu","description":"Hier findest du die OCUN SITCASE BOULDERMATTE. \u2705 14 Tage R\u00fcckgaberecht \u2705 versandfrei* ab \u20ac 100,- \u2705 Kaufberatung \u2705 Fachh\u00e4ndler aus \u00d6sterreich","robots":{"index":"index","follow":"follow","max-snippet":"max-snippet:-1","max-image-preview":"max-image-preview:large","max-video-preview":"max-video-preview:-1"},"canonical":"https:\/\/bolting.eu\/en\/shop\/ocun-sitcase-bouldermatte\/","og_locale":"en_US","og_type":"article","og_title":"Ocun Sitcase Bouldermatte","og_description":"Hier findest du die OCUN SITCASE BOULDERMATTE. \u2705 14 Tage R\u00fcckgaberecht \u2705 versandfrei* ab \u20ac 100,- \u2705 Kaufberatung \u2705 Fachh\u00e4ndler aus \u00d6sterreich","og_url":"https:\/\/bolting.eu\/en\/shop\/ocun-sitcase-bouldermatte\/","og_site_name":"bolting.eu","article_publisher":"https:\/\/www.facebook.com\/bolting.eu","article_modified_time":"2026-02-05T13:23:17+00:00","og_image":[{"width":700,"height":700,"url":"https:\/\/bolting.eu\/wp-content\/uploads\/2020\/08\/Ocun-Sitcase-2.jpg","type":"image\/jpeg"}],"twitter_card":"summary_large_image","twitter_misc":{"Price":"&euro;&nbsp;109,90","Availability":"In stock"},"schema":{"@context":"https:\/\/schema.org","@graph":[{"@type":["WebPage","ItemPage"],"@id":"https:\/\/bolting.eu\/en\/shop\/ocun-sitcase-bouldermatte\/","url":"https:\/\/bolting.eu\/en\/shop\/ocun-sitcase-bouldermatte\/","name":"Ocun Sitcase Bouldermatte jetzt g\u00fcnstig online kaufen | bolting.eu","isPartOf":{"@id":"https:\/\/bolting.eu\/en\/#website"},"primaryImageOfPage":{"@id":"https:\/\/bolting.eu\/en\/shop\/ocun-sitcase-bouldermatte\/#primaryimage"},"image":{"@id":"https:\/\/bolting.eu\/en\/shop\/ocun-sitcase-bouldermatte\/#primaryimage"},"thumbnailUrl":"https:\/\/bolting.eu\/wp-content\/uploads\/2020\/08\/Ocun-Sitcase-2.jpg","datePublished":"2020-08-30T08:05:57+00:00","dateModified":"2026-02-05T13:23:17+00:00","description":"Hier findest du die OCUN SITCASE BOULDERMATTE. \u2705 14 Tage R\u00fcckgaberecht \u2705 versandfrei* ab \u20ac 100,- \u2705 Kaufberatung \u2705 Fachh\u00e4ndler aus \u00d6sterreich","breadcrumb":{"@id":"https:\/\/bolting.eu\/en\/shop\/ocun-sitcase-bouldermatte\/#breadcrumb"},"inLanguage":"en-US","potentialAction":[{"@type":"ReadAction","target":["https:\/\/bolting.eu\/en\/shop\/ocun-sitcase-bouldermatte\/"]}]},{"@type":"ImageObject","inLanguage":"en-US","@id":"https:\/\/bolting.eu\/en\/shop\/ocun-sitcase-bouldermatte\/#primaryimage","url":"https:\/\/bolting.eu\/wp-content\/uploads\/2020\/08\/Ocun-Sitcase-2.jpg","contentUrl":"https:\/\/bolting.eu\/wp-content\/uploads\/2020\/08\/Ocun-Sitcase-2.jpg","width":700,"height":700,"caption":"Blaue Ocun Sitcase Bouldermatte auseinander gefaltet."},{"@type":"BreadcrumbList","@id":"https:\/\/bolting.eu\/en\/shop\/ocun-sitcase-bouldermatte\/#breadcrumb","itemListElement":[{"@type":"ListItem","position":1,"name":"Shop","item":"https:\/\/bolting.eu\/en\/shop\/"},{"@type":"ListItem","position":2,"name":"Boulder Ausr\u00fcstung","item":"https:\/\/bolting.eu\/produkt-kategorie\/boulder-ausruestung\/"},{"@type":"ListItem","position":3,"name":"Bouldermatten","item":"https:\/\/bolting.eu\/produkt-kategorie\/boulder-ausruestung\/bouldermatte\/"},{"@type":"ListItem","position":4,"name":"Ocun Sitcase Bouldermatte"}]},{"@type":"WebSite","@id":"https:\/\/bolting.eu\/en\/#website","url":"https:\/\/bolting.eu\/en\/","name":"bolting.eu","description":"we make climbs happen","publisher":{"@id":"https:\/\/bolting.eu\/en\/#organization"},"potentialAction":[{"@type":"SearchAction","target":{"@type":"EntryPoint","urlTemplate":"https:\/\/bolting.eu\/en\/?s={search_term_string}"},"query-input":{"@type":"PropertyValueSpecification","valueRequired":true,"valueName":"search_term_string"}}],"inLanguage":"en-US"},{"@type":["Organization","Place","SportingGoodsStore"],"@id":"https:\/\/bolting.eu\/en\/#organization","name":"bolting.eu","url":"https:\/\/bolting.eu\/en\/","logo":{"@id":"https:\/\/bolting.eu\/en\/shop\/ocun-sitcase-bouldermatte\/#local-main-organization-logo"},"image":{"@id":"https:\/\/bolting.eu\/en\/shop\/ocun-sitcase-bouldermatte\/#local-main-organization-logo"},"sameAs":["https:\/\/www.facebook.com\/bolting.eu","https:\/\/www.instagram.com\/bolting.eu\/"],"address":{"@id":"https:\/\/bolting.eu\/en\/shop\/ocun-sitcase-bouldermatte\/#local-main-place-address"},"geo":{"@type":"GeoCoordinates","latitude":"47.264176340396226","longitude":"11.380109057672346"},"telephone":["+43 699 19083372"],"openingHoursSpecification":[{"@type":"OpeningHoursSpecification","dayOfWeek":["Monday","Wednesday","Friday"],"opens":"14:00","closes":"18:00"},{"@type":"OpeningHoursSpecification","dayOfWeek":["Tuesday","Thursday","Saturday","Sunday"],"opens":"00:00","closes":"00:00"}],"email":"office@bolting.eu","vatID":"ATU59999728","priceRange":"$$","currenciesAccepted":"Euro"},{"@type":"PostalAddress","@id":"https:\/\/bolting.eu\/en\/shop\/ocun-sitcase-bouldermatte\/#local-main-place-address","streetAddress":"Fischnalerstra\u00dfe 4","addressLocality":"Innsbruck","postalCode":"6020","addressRegion":"Tirol","addressCountry":"AT"},{"@type":"ImageObject","inLanguage":"en-US","@id":"https:\/\/bolting.eu\/en\/shop\/ocun-sitcase-bouldermatte\/#local-main-organization-logo","url":"https:\/\/bolting.eu\/wp-content\/uploads\/2019\/09\/bolting-logo.png","contentUrl":"https:\/\/bolting.eu\/wp-content\/uploads\/2019\/09\/bolting-logo.png","width":400,"height":211,"caption":"bolting.eu"}]},"product_price_amount":"109.90","product_price_currency":"EUR","og_availability":"instock","product_availability":"instock","product_retailer_item_id":"03551","product_condition":"new","geo.placename":"Innsbruck","geo.position":{"lat":"47.264176340396226","long":"11.380109057672346"},"geo.region":"Austria"},"_links":{"self":[{"href":"https:\/\/bolting.eu\/en\/wp-json\/wp\/v2\/product\/5045","targetHints":{"allow":["GET"]}}],"collection":[{"href":"https:\/\/bolting.eu\/en\/wp-json\/wp\/v2\/product"}],"about":[{"href":"https:\/\/bolting.eu\/en\/wp-json\/wp\/v2\/types\/product"}],"replies":[{"embeddable":true,"href":"https:\/\/bolting.eu\/en\/wp-json\/wp\/v2\/comments?post=5045"}],"wp:featuredmedia":[{"embeddable":true,"href":"https:\/\/bolting.eu\/en\/wp-json\/wp\/v2\/media\/36946"}],"wp:attachment":[{"href":"https:\/\/bolting.eu\/en\/wp-json\/wp\/v2\/media?parent=5045"}],"wp:term":[{"taxonomy":"product_brand","embeddable":true,"href":"https:\/\/bolting.eu\/en\/wp-json\/wp\/v2\/product_brand?post=5045"},{"taxonomy":"product_cat","embeddable":true,"href":"https:\/\/bolting.eu\/en\/wp-json\/wp\/v2\/product_cat?post=5045"},{"taxonomy":"product_tag","embeddable":true,"href":"https:\/\/bolting.eu\/en\/wp-json\/wp\/v2\/product_tag?post=5045"}],"curies":[{"name":"wp","href":"https:\/\/api.w.org\/{rel}","templated":true}]}}