{"id":5040,"date":"2020-08-30T09:32:01","date_gmt":"2020-08-30T07:32:01","guid":{"rendered":"https:\/\/bolting.eu\/?post_type=product&#038;p=5040"},"modified":"2026-02-05T14:10:06","modified_gmt":"2026-02-05T13:10:06","slug":"ocun-moonwalk-bouldermatte","status":"publish","type":"product","link":"https:\/\/bolting.eu\/en\/shop\/ocun-moonwalk-bouldermatte\/","title":{"rendered":"Ocun Moonwalk Bouldermatte"},"content":{"rendered":"<p>Die Ocun Moonwalk Bouldermatte ist ein klassisches Pad. Die Gr\u00f6\u00dfe aufgefaltet zum einen betr\u00e4gt 100 x 132cm. Die Gr\u00f6\u00dfe zusammengefaltet zum anderen ist 100 x 66 x 20cm. Folglich l\u00e4sst sich dieses Crashpad in fast allen Autos problemlos verstauen. Bei einem VW Caddy z.B. passen gleich 4 Stk. in den Kofferraum!<\/p>\n<p>\u00dcberdies ist diese Bouldermatte zweiteilig. D.h. sie kann auch l\u00e4ngs gekoppelt werden und hat dann 200 x 66 x 10cm Ma\u00dfe. Somit ist dieses Pad auch perfekt f\u00fcr querverlaufende Probleme bzw. als Schlafplatz.<\/p>\n<p>Kurzum. Du sch\u00e4tzt ein mittelgro\u00dfes, kompaktes Pad? Dann sollte diese Matte unbedingt in deiner <a href=\"https:\/\/bolting.eu\/boulderausruestung\/\">Boulderausr\u00fcstung<\/a> dabei sein!<\/p>\n<h2>Eigenschaften Ocun Moonwalk Bouldermatte<\/h2>\n<ul>\n<li>Hersteller: Ocun<\/li>\n<li>Dimension: 132 x 100 x 10cm<\/li>\n<li>gefaltet: 100 x 66 x 20cm<\/li>\n<li>Gewicht: 5,8 kg<\/li>\n<li>ideal als Standard Crashpad<\/li>\n<li>robustes Cordura Ballistic Material f\u00fcr lange Lebensdauer<\/li>\n<li>variables Tragesystem<\/li>\n<li>50 x 30 cm Fu\u00dfabstreifer inkludiert<\/li>\n<\/ul>\n<h3>Ocun Moonwalk Bouldermatte &#8211; medium size<\/h3>\n<p>Dieses Crashpad besticht mit seiner kompakten Gr\u00f6\u00dfe. Einerseits 132 x 100 x 10cm bzw. 200 x 66 x 10cm ausgebreitet. Andererseits nur 100 x 66 x 20cm zusammengefaltet.<\/p>\n<p>Somit hat dieses Pad sowohl einen super Gr\u00f6\u00dfe beim Bouldern als auch beim Transport. Viele Boulderer besitzen zwei Matten dieses Typs. Denn sie lassen sich noch halbwegs bequem tragen.<\/p>\n<p>Und beim Verstauen im Auto gibt es mit dem smarten Ma\u00df keinerlei Probleme. Zwei St\u00fcck haben in jedem Kofferraum Platz. In einem Kombi auch drei St\u00fcck. Modelle wie ein VW Caddy sogar vier St\u00fcck!<\/p>\n<h3>Vielseitiger Begleiter<\/h3>\n<p>Das Ocun Moonwalk wird von vielen Boulderern auch zum Schlafen verwendet. Die l\u00e4ngsseitioge Kopplung mit einem Rei\u00dfverschluss macht dies m\u00f6glich.<\/p>\n<p>Zudem passt es mit seinen Ma\u00dfen gut in viele Busse bzw. Kombis. Weiters kann man es auch \u00fcberall im Freien verwenden.<\/p>\n<p>Chillen am Parkplatz? Das ist \u00fcberhaupt kein Problem!<\/p>\n<h3>Viel Platz im &#8220;Innenteil&#8221;<\/h3>\n<p>Die Ocun Moonwalk Bouldermatte hat viele gute Eigenschaften. Eine davon ist auch die M\u00f6glichkeit viel Boulderzeugs in die Mitte zu stopfen.<\/p>\n<p>Beispielsweise eine <a href=\"https:\/\/bolting.eu\/produkt-kategorie\/bouldertaschen\/\">Bouldertasche<\/a> mit <a href=\"https:\/\/bolting.eu\/produkt-kategorie\/boulder-zubehoer\/\">Boulder Zubeh\u00f6r<\/a>. Zudem auch gerne eine Daunenjacke oder ein kleines <a href=\"https:\/\/bolting.eu\/shop\/edelrid-sit-start\/\">Zusatz-Boulderpad<\/a>.<\/p>\n<p>D.h. es haben hier einige Gegenst\u00e4nde in der Mitte Platz.<\/p>\n<h4><strong>Link Tipp<\/strong><\/h4>\n<p>Besuche mit deiner neuen Ocun Moonwalk Bouldermatte einen der besten Boulderspots der Alpen. Hier findest Du alle Infos zum <a href=\"https:\/\/maltatal.rocks\" target=\"_blank\" rel=\"noopener noreferrer\">Bouldern im Maltatal<\/a><\/p>\n","protected":false},"excerpt":{"rendered":"<ul>\n<li>Hersteller: <a href=\"https:\/\/bolting.eu\/produkt-kategorie\/ocun\/\">Ocun<\/a><\/li>\n<li>Dimension: 132 x 100 x 10cm<\/li>\n<li>gefaltet: 100 x 66 x 20cm<\/li>\n<li>Gewicht: 5,8 kg<\/li>\n<li>ideal als Standard Crashpad<\/li>\n<li>robustes Cordura Ballistic Material f\u00fcr lange Lebensdauer<\/li>\n<li>variables Tragesystem<\/li>\n<li>50 x 30 cm Fu\u00dfabstreifer inkludiert<\/li>\n<\/ul>\n","protected":false},"featured_media":5041,"comment_status":"open","ping_status":"closed","template":"","meta":[],"product_brand":[],"product_cat":[6358,12383,13906,5284],"product_tag":[263],"class_list":{"0":"post-5040","1":"product","2":"type-product","3":"status-publish","4":"has-post-thumbnail","6":"product_cat-bouldermatte","7":"product_cat-ocun","8":"product_cat-sperrgut-gross","9":"product_cat-boulder-ausruestung","10":"product_tag-bouldern","12":"first","13":"instock","14":"sale","15":"taxable","16":"shipping-taxable","17":"purchasable","18":"product-type-simple"},"yoast_head":"<!-- This site is optimized with the Yoast SEO Premium plugin v26.9 (Yoast SEO v26.9) - https:\/\/yoast.com\/product\/yoast-seo-premium-wordpress\/ -->\n<title>Ocun Moonwalk Bouldermatte jetzt g\u00fcnstig online kaufen | bolting.eu<\/title>\n<meta name=\"description\" content=\"Hier findest du die OCUN MOONWALK BOULDERMATTE. \u2705 14 Tage R\u00fcckgaberecht \u2705 versandfrei* ab \u20ac 100,- \u2705 Kaufberatung \u2705 Fachh\u00e4ndler aus \u00d6sterreich\" \/>\n<meta name=\"robots\" content=\"index, follow, max-snippet:-1, max-image-preview:large, max-video-preview:-1\" \/>\n<link rel=\"canonical\" href=\"https:\/\/bolting.eu\/en\/shop\/ocun-moonwalk-bouldermatte\/\" \/>\n<meta property=\"og:locale\" content=\"en_US\" \/>\n<meta property=\"og:type\" content=\"article\" \/>\n<meta property=\"og:title\" content=\"Ocun Moonwalk Bouldermatte\" \/>\n<meta property=\"og:description\" content=\"Hier findest du die OCUN MOONWALK BOULDERMATTE. \u2705 14 Tage R\u00fcckgaberecht \u2705 versandfrei* ab \u20ac 100,- \u2705 Kaufberatung \u2705 Fachh\u00e4ndler aus \u00d6sterreich\" \/>\n<meta property=\"og:url\" content=\"https:\/\/bolting.eu\/en\/shop\/ocun-moonwalk-bouldermatte\/\" \/>\n<meta property=\"og:site_name\" content=\"bolting.eu\" \/>\n<meta property=\"article:publisher\" content=\"https:\/\/www.facebook.com\/bolting.eu\" \/>\n<meta property=\"article:modified_time\" content=\"2026-02-05T13:10:06+00:00\" \/>\n<meta property=\"og:image\" content=\"https:\/\/bolting.eu\/wp-content\/uploads\/2020\/08\/Ocun-Moonwalk-Bouldermatte-1.jpg\" \/>\n\t<meta property=\"og:image:width\" content=\"700\" \/>\n\t<meta property=\"og:image:height\" content=\"700\" \/>\n\t<meta property=\"og:image:type\" content=\"image\/jpeg\" \/>\n<meta name=\"twitter:card\" content=\"summary_large_image\" \/>\n<meta name=\"twitter:label1\" content=\"Price\" \/>\n\t<meta name=\"twitter:data1\" content=\"&euro;&nbsp;285,00\" \/>\n\t<meta name=\"twitter:label2\" content=\"Availability\" \/>\n\t<meta name=\"twitter:data2\" content=\"In stock\" \/>\n<script type=\"application\/ld+json\" class=\"yoast-schema-graph\">{\"@context\":\"https:\/\/schema.org\",\"@graph\":[{\"@type\":[\"WebPage\",\"ItemPage\"],\"@id\":\"https:\/\/bolting.eu\/en\/shop\/ocun-moonwalk-bouldermatte\/\",\"url\":\"https:\/\/bolting.eu\/en\/shop\/ocun-moonwalk-bouldermatte\/\",\"name\":\"Ocun Moonwalk Bouldermatte jetzt g\u00fcnstig online kaufen | bolting.eu\",\"isPartOf\":{\"@id\":\"https:\/\/bolting.eu\/en\/#website\"},\"primaryImageOfPage\":{\"@id\":\"https:\/\/bolting.eu\/en\/shop\/ocun-moonwalk-bouldermatte\/#primaryimage\"},\"image\":{\"@id\":\"https:\/\/bolting.eu\/en\/shop\/ocun-moonwalk-bouldermatte\/#primaryimage\"},\"thumbnailUrl\":\"https:\/\/bolting.eu\/wp-content\/uploads\/2020\/08\/Ocun-Moonwalk-Bouldermatte-1.jpg\",\"datePublished\":\"2020-08-30T07:32:01+00:00\",\"dateModified\":\"2026-02-05T13:10:06+00:00\",\"description\":\"Hier findest du die OCUN MOONWALK BOULDERMATTE. \u2705 14 Tage R\u00fcckgaberecht \u2705 versandfrei* ab \u20ac 100,- \u2705 Kaufberatung \u2705 Fachh\u00e4ndler aus \u00d6sterreich\",\"breadcrumb\":{\"@id\":\"https:\/\/bolting.eu\/en\/shop\/ocun-moonwalk-bouldermatte\/#breadcrumb\"},\"inLanguage\":\"en-US\",\"potentialAction\":[{\"@type\":\"ReadAction\",\"target\":[\"https:\/\/bolting.eu\/en\/shop\/ocun-moonwalk-bouldermatte\/\"]}]},{\"@type\":\"ImageObject\",\"inLanguage\":\"en-US\",\"@id\":\"https:\/\/bolting.eu\/en\/shop\/ocun-moonwalk-bouldermatte\/#primaryimage\",\"url\":\"https:\/\/bolting.eu\/wp-content\/uploads\/2020\/08\/Ocun-Moonwalk-Bouldermatte-1.jpg\",\"contentUrl\":\"https:\/\/bolting.eu\/wp-content\/uploads\/2020\/08\/Ocun-Moonwalk-Bouldermatte-1.jpg\",\"width\":700,\"height\":700,\"caption\":\"Das Bild zeigt die Ocun Moonwalk Bouldermatte. Sie liegt ganz aufgeklappt schr\u00e4g im Bild. Man erkennt das Crashpad mit all seinen Features wie Trageriemen, gr\u00fcne Oberseite und robuste Unterseite aus schwarzem Balistic Cordura sehr gut.\"},{\"@type\":\"BreadcrumbList\",\"@id\":\"https:\/\/bolting.eu\/en\/shop\/ocun-moonwalk-bouldermatte\/#breadcrumb\",\"itemListElement\":[{\"@type\":\"ListItem\",\"position\":1,\"name\":\"Shop\",\"item\":\"https:\/\/bolting.eu\/en\/shop\/\"},{\"@type\":\"ListItem\",\"position\":2,\"name\":\"Boulder Ausr\u00fcstung\",\"item\":\"https:\/\/bolting.eu\/produkt-kategorie\/boulder-ausruestung\/\"},{\"@type\":\"ListItem\",\"position\":3,\"name\":\"Bouldermatten\",\"item\":\"https:\/\/bolting.eu\/produkt-kategorie\/boulder-ausruestung\/bouldermatte\/\"},{\"@type\":\"ListItem\",\"position\":4,\"name\":\"Ocun Moonwalk Bouldermatte\"}]},{\"@type\":\"WebSite\",\"@id\":\"https:\/\/bolting.eu\/en\/#website\",\"url\":\"https:\/\/bolting.eu\/en\/\",\"name\":\"bolting.eu\",\"description\":\"we make climbs happen\",\"publisher\":{\"@id\":\"https:\/\/bolting.eu\/en\/#organization\"},\"potentialAction\":[{\"@type\":\"SearchAction\",\"target\":{\"@type\":\"EntryPoint\",\"urlTemplate\":\"https:\/\/bolting.eu\/en\/?s={search_term_string}\"},\"query-input\":{\"@type\":\"PropertyValueSpecification\",\"valueRequired\":true,\"valueName\":\"search_term_string\"}}],\"inLanguage\":\"en-US\"},{\"@type\":[\"Organization\",\"Place\",\"SportingGoodsStore\"],\"@id\":\"https:\/\/bolting.eu\/en\/#organization\",\"name\":\"bolting.eu\",\"url\":\"https:\/\/bolting.eu\/en\/\",\"logo\":{\"@id\":\"https:\/\/bolting.eu\/en\/shop\/ocun-moonwalk-bouldermatte\/#local-main-organization-logo\"},\"image\":{\"@id\":\"https:\/\/bolting.eu\/en\/shop\/ocun-moonwalk-bouldermatte\/#local-main-organization-logo\"},\"sameAs\":[\"https:\/\/www.facebook.com\/bolting.eu\",\"https:\/\/www.instagram.com\/bolting.eu\/\"],\"address\":{\"@id\":\"https:\/\/bolting.eu\/en\/shop\/ocun-moonwalk-bouldermatte\/#local-main-place-address\"},\"geo\":{\"@type\":\"GeoCoordinates\",\"latitude\":\"47.264176340396226\",\"longitude\":\"11.380109057672346\"},\"telephone\":[\"+43 699 19083372\"],\"openingHoursSpecification\":[{\"@type\":\"OpeningHoursSpecification\",\"dayOfWeek\":[\"Monday\",\"Wednesday\",\"Friday\"],\"opens\":\"14:00\",\"closes\":\"18:00\"},{\"@type\":\"OpeningHoursSpecification\",\"dayOfWeek\":[\"Tuesday\",\"Thursday\",\"Saturday\",\"Sunday\"],\"opens\":\"00:00\",\"closes\":\"00:00\"}],\"email\":\"office@bolting.eu\",\"vatID\":\"ATU59999728\",\"priceRange\":\"$$\",\"currenciesAccepted\":\"Euro\"},{\"@type\":\"PostalAddress\",\"@id\":\"https:\/\/bolting.eu\/en\/shop\/ocun-moonwalk-bouldermatte\/#local-main-place-address\",\"streetAddress\":\"Fischnalerstra\u00dfe 4\",\"addressLocality\":\"Innsbruck\",\"postalCode\":\"6020\",\"addressRegion\":\"Tirol\",\"addressCountry\":\"AT\"},{\"@type\":\"ImageObject\",\"inLanguage\":\"en-US\",\"@id\":\"https:\/\/bolting.eu\/en\/shop\/ocun-moonwalk-bouldermatte\/#local-main-organization-logo\",\"url\":\"https:\/\/bolting.eu\/wp-content\/uploads\/2019\/09\/bolting-logo.png\",\"contentUrl\":\"https:\/\/bolting.eu\/wp-content\/uploads\/2019\/09\/bolting-logo.png\",\"width\":400,\"height\":211,\"caption\":\"bolting.eu\"}]}<\/script>\n<meta property=\"product:price:amount\" content=\"285.00\" \/>\n<meta property=\"product:price:currency\" content=\"EUR\" \/>\n<meta property=\"og:availability\" content=\"instock\" \/>\n<meta property=\"product:availability\" content=\"instock\" \/>\n<meta property=\"product:retailer_item_id\" content=\"02470\" \/>\n<meta property=\"product:condition\" content=\"new\" \/>\n<meta name=\"geo.placename\" content=\"Innsbruck\" \/>\n<meta name=\"geo.position\" content=\"47.264176340396226;11.380109057672346\" \/>\n<meta name=\"geo.region\" content=\"Austria\" \/>\n<!-- \/ Yoast SEO Premium plugin. -->","yoast_head_json":{"title":"Ocun Moonwalk Bouldermatte jetzt g\u00fcnstig online kaufen | bolting.eu","description":"Hier findest du die OCUN MOONWALK BOULDERMATTE. \u2705 14 Tage R\u00fcckgaberecht \u2705 versandfrei* ab \u20ac 100,- \u2705 Kaufberatung \u2705 Fachh\u00e4ndler aus \u00d6sterreich","robots":{"index":"index","follow":"follow","max-snippet":"max-snippet:-1","max-image-preview":"max-image-preview:large","max-video-preview":"max-video-preview:-1"},"canonical":"https:\/\/bolting.eu\/en\/shop\/ocun-moonwalk-bouldermatte\/","og_locale":"en_US","og_type":"article","og_title":"Ocun Moonwalk Bouldermatte","og_description":"Hier findest du die OCUN MOONWALK BOULDERMATTE. \u2705 14 Tage R\u00fcckgaberecht \u2705 versandfrei* ab \u20ac 100,- \u2705 Kaufberatung \u2705 Fachh\u00e4ndler aus \u00d6sterreich","og_url":"https:\/\/bolting.eu\/en\/shop\/ocun-moonwalk-bouldermatte\/","og_site_name":"bolting.eu","article_publisher":"https:\/\/www.facebook.com\/bolting.eu","article_modified_time":"2026-02-05T13:10:06+00:00","og_image":[{"width":700,"height":700,"url":"https:\/\/bolting.eu\/wp-content\/uploads\/2020\/08\/Ocun-Moonwalk-Bouldermatte-1.jpg","type":"image\/jpeg"}],"twitter_card":"summary_large_image","twitter_misc":{"Price":"&euro;&nbsp;285,00","Availability":"In stock"},"schema":{"@context":"https:\/\/schema.org","@graph":[{"@type":["WebPage","ItemPage"],"@id":"https:\/\/bolting.eu\/en\/shop\/ocun-moonwalk-bouldermatte\/","url":"https:\/\/bolting.eu\/en\/shop\/ocun-moonwalk-bouldermatte\/","name":"Ocun Moonwalk Bouldermatte jetzt g\u00fcnstig online kaufen | bolting.eu","isPartOf":{"@id":"https:\/\/bolting.eu\/en\/#website"},"primaryImageOfPage":{"@id":"https:\/\/bolting.eu\/en\/shop\/ocun-moonwalk-bouldermatte\/#primaryimage"},"image":{"@id":"https:\/\/bolting.eu\/en\/shop\/ocun-moonwalk-bouldermatte\/#primaryimage"},"thumbnailUrl":"https:\/\/bolting.eu\/wp-content\/uploads\/2020\/08\/Ocun-Moonwalk-Bouldermatte-1.jpg","datePublished":"2020-08-30T07:32:01+00:00","dateModified":"2026-02-05T13:10:06+00:00","description":"Hier findest du die OCUN MOONWALK BOULDERMATTE. \u2705 14 Tage R\u00fcckgaberecht \u2705 versandfrei* ab \u20ac 100,- \u2705 Kaufberatung \u2705 Fachh\u00e4ndler aus \u00d6sterreich","breadcrumb":{"@id":"https:\/\/bolting.eu\/en\/shop\/ocun-moonwalk-bouldermatte\/#breadcrumb"},"inLanguage":"en-US","potentialAction":[{"@type":"ReadAction","target":["https:\/\/bolting.eu\/en\/shop\/ocun-moonwalk-bouldermatte\/"]}]},{"@type":"ImageObject","inLanguage":"en-US","@id":"https:\/\/bolting.eu\/en\/shop\/ocun-moonwalk-bouldermatte\/#primaryimage","url":"https:\/\/bolting.eu\/wp-content\/uploads\/2020\/08\/Ocun-Moonwalk-Bouldermatte-1.jpg","contentUrl":"https:\/\/bolting.eu\/wp-content\/uploads\/2020\/08\/Ocun-Moonwalk-Bouldermatte-1.jpg","width":700,"height":700,"caption":"Das Bild zeigt die Ocun Moonwalk Bouldermatte. Sie liegt ganz aufgeklappt schr\u00e4g im Bild. Man erkennt das Crashpad mit all seinen Features wie Trageriemen, gr\u00fcne Oberseite und robuste Unterseite aus schwarzem Balistic Cordura sehr gut."},{"@type":"BreadcrumbList","@id":"https:\/\/bolting.eu\/en\/shop\/ocun-moonwalk-bouldermatte\/#breadcrumb","itemListElement":[{"@type":"ListItem","position":1,"name":"Shop","item":"https:\/\/bolting.eu\/en\/shop\/"},{"@type":"ListItem","position":2,"name":"Boulder Ausr\u00fcstung","item":"https:\/\/bolting.eu\/produkt-kategorie\/boulder-ausruestung\/"},{"@type":"ListItem","position":3,"name":"Bouldermatten","item":"https:\/\/bolting.eu\/produkt-kategorie\/boulder-ausruestung\/bouldermatte\/"},{"@type":"ListItem","position":4,"name":"Ocun Moonwalk Bouldermatte"}]},{"@type":"WebSite","@id":"https:\/\/bolting.eu\/en\/#website","url":"https:\/\/bolting.eu\/en\/","name":"bolting.eu","description":"we make climbs happen","publisher":{"@id":"https:\/\/bolting.eu\/en\/#organization"},"potentialAction":[{"@type":"SearchAction","target":{"@type":"EntryPoint","urlTemplate":"https:\/\/bolting.eu\/en\/?s={search_term_string}"},"query-input":{"@type":"PropertyValueSpecification","valueRequired":true,"valueName":"search_term_string"}}],"inLanguage":"en-US"},{"@type":["Organization","Place","SportingGoodsStore"],"@id":"https:\/\/bolting.eu\/en\/#organization","name":"bolting.eu","url":"https:\/\/bolting.eu\/en\/","logo":{"@id":"https:\/\/bolting.eu\/en\/shop\/ocun-moonwalk-bouldermatte\/#local-main-organization-logo"},"image":{"@id":"https:\/\/bolting.eu\/en\/shop\/ocun-moonwalk-bouldermatte\/#local-main-organization-logo"},"sameAs":["https:\/\/www.facebook.com\/bolting.eu","https:\/\/www.instagram.com\/bolting.eu\/"],"address":{"@id":"https:\/\/bolting.eu\/en\/shop\/ocun-moonwalk-bouldermatte\/#local-main-place-address"},"geo":{"@type":"GeoCoordinates","latitude":"47.264176340396226","longitude":"11.380109057672346"},"telephone":["+43 699 19083372"],"openingHoursSpecification":[{"@type":"OpeningHoursSpecification","dayOfWeek":["Monday","Wednesday","Friday"],"opens":"14:00","closes":"18:00"},{"@type":"OpeningHoursSpecification","dayOfWeek":["Tuesday","Thursday","Saturday","Sunday"],"opens":"00:00","closes":"00:00"}],"email":"office@bolting.eu","vatID":"ATU59999728","priceRange":"$$","currenciesAccepted":"Euro"},{"@type":"PostalAddress","@id":"https:\/\/bolting.eu\/en\/shop\/ocun-moonwalk-bouldermatte\/#local-main-place-address","streetAddress":"Fischnalerstra\u00dfe 4","addressLocality":"Innsbruck","postalCode":"6020","addressRegion":"Tirol","addressCountry":"AT"},{"@type":"ImageObject","inLanguage":"en-US","@id":"https:\/\/bolting.eu\/en\/shop\/ocun-moonwalk-bouldermatte\/#local-main-organization-logo","url":"https:\/\/bolting.eu\/wp-content\/uploads\/2019\/09\/bolting-logo.png","contentUrl":"https:\/\/bolting.eu\/wp-content\/uploads\/2019\/09\/bolting-logo.png","width":400,"height":211,"caption":"bolting.eu"}]},"product_price_amount":"285.00","product_price_currency":"EUR","og_availability":"instock","product_availability":"instock","product_retailer_item_id":"02470","product_condition":"new","geo.placename":"Innsbruck","geo.position":{"lat":"47.264176340396226","long":"11.380109057672346"},"geo.region":"Austria"},"_links":{"self":[{"href":"https:\/\/bolting.eu\/en\/wp-json\/wp\/v2\/product\/5040","targetHints":{"allow":["GET"]}}],"collection":[{"href":"https:\/\/bolting.eu\/en\/wp-json\/wp\/v2\/product"}],"about":[{"href":"https:\/\/bolting.eu\/en\/wp-json\/wp\/v2\/types\/product"}],"replies":[{"embeddable":true,"href":"https:\/\/bolting.eu\/en\/wp-json\/wp\/v2\/comments?post=5040"}],"wp:featuredmedia":[{"embeddable":true,"href":"https:\/\/bolting.eu\/en\/wp-json\/wp\/v2\/media\/5041"}],"wp:attachment":[{"href":"https:\/\/bolting.eu\/en\/wp-json\/wp\/v2\/media?parent=5040"}],"wp:term":[{"taxonomy":"product_brand","embeddable":true,"href":"https:\/\/bolting.eu\/en\/wp-json\/wp\/v2\/product_brand?post=5040"},{"taxonomy":"product_cat","embeddable":true,"href":"https:\/\/bolting.eu\/en\/wp-json\/wp\/v2\/product_cat?post=5040"},{"taxonomy":"product_tag","embeddable":true,"href":"https:\/\/bolting.eu\/en\/wp-json\/wp\/v2\/product_tag?post=5040"}],"curies":[{"name":"wp","href":"https:\/\/api.w.org\/{rel}","templated":true}]}}