{"id":5026,"date":"2020-08-29T16:55:36","date_gmt":"2020-08-29T14:55:36","guid":{"rendered":"https:\/\/bolting.eu\/?post_type=product&#038;p=5026"},"modified":"2024-11-28T13:27:23","modified_gmt":"2024-11-28T12:27:23","slug":"stubai-materialkarabiner-tool","status":"publish","type":"product","link":"https:\/\/bolting.eu\/en\/shop\/stubai-materialkarabiner-tool\/","title":{"rendered":"Stubai Materialkarabiner Tool"},"content":{"rendered":"<p>Der Stubai Materialkarabiner Tool ist ein kleiner Aluminium Twist-Lock Karabiner. Er ist zum einen ein typisches <a href=\"https:\/\/bolting.eu\/produkt-kategorie\/kletterzubehoer\/\">Kletterzubeh\u00f6r<\/a>. Zum anderen kann er aber auch als Schl\u00fcsselanh\u00e4nger oder beim Camping prima eingesetzt werden.<\/p>\n<p>Er kommt dort zum Einsatz, wo sich Ausr\u00fcstung ja nicht aush\u00e4ngen soll. Beispielsweise ein <a href=\"https:\/\/bolting.eu\/produkt-kategorie\/felshammer\/\">Felshammer<\/a> oder ein <a href=\"https:\/\/bolting.eu\/shop\/doppelringschluessel-17-19-tief-gekroepft-kopie\/\">Doppelringschl\u00fcssel<\/a>.<\/p>\n<p><strong>Dieser Minikarabiner darf nicht zum Klettern selbst verwendet werden.\u00a0<\/strong><\/p>\n<h2>Stubai Materialkarabiner Tool in Rot<\/h2>\n<p>Den Minikarabiner gibt es nur in der Farbe Rot. Somit ist er immer sehr gut sichtbar. Beispielsweise als Schl\u00fcsselanh\u00e4nger, sollte er z.B. ins Gras fallen.<\/p>\n<p>Er hat eine geringe Bruchlast. Sie betr\u00e4gt nur 150kg. Somit ist er ideal zum Aufh\u00e4ngen von kleinen Lasten oder Fixieren von Ausr\u00fcstung. Wie z.B. einer Trinkflasche, der Stirnlampe im Zelt usw.<\/p>\n<p>Bei uns im Shop wird er auch sehr gerne von Hundebesitzern gekauft. Und zwar in Kombination mit einer starken <a href=\"https:\/\/bolting.eu\/produkt-kategorie\/reepschnur\/\">Reepschnur<\/a> f\u00fcr eine DIY Hundeleine.<\/p>\n<h3>Eigenschaften Stubai Materialkarabiner Tool<\/h3>\n<ul>\n<li>Hersteller: Stubai Bergsport<\/li>\n<li>Material: Aluminium<\/li>\n<li>Bruchlast: 150 kg<\/li>\n<li>Gewicht: 30 Gramm<\/li>\n<li>inkl. Twist Lock Sicherung<\/li>\n<li>Dimension: 80 x 50 mm<\/li>\n<li><strong>NICHT zum Klettern geeignet!<\/strong><\/li>\n<li>ideal als Zubeh\u00f6rkarabiner, Schl\u00fcsselanh\u00e4nger und f\u00fcr Hundeleine<\/li>\n<\/ul>\n<h3>Praktischer Zubeh\u00f6r Karabiner<\/h3>\n<p>Der Stubai Materialkarabiner Tool ist ein klasse Zubeh\u00f6r. Wer ihn f\u00fcr nicht tragende Teile seiner Kletterausr\u00fcstung verwendet, spart sich einerseits extrem viel Gewicht. Andererseits geht man mit dem Twist-Lock Verschluss sicher, dass der Karabiner nicht aufgehen kann.<\/p>\n<p>Wie beispielsweise bei diesen Ausr\u00fcstungsgegenst\u00e4nden:<\/p>\n<ul>\n<li>Anbringung des Felshammers<\/li>\n<li>Aufh\u00e4ngen von Materials\u00e4cken<\/li>\n<li>Einh\u00e4ngen aller kleinen Zubeh\u00f6rteile bei Big Walls wie Besteck, Feuerzeug, Messer,&#8230;<\/li>\n<li>zus\u00e4tzliche Absicherung der Fototasche am Gurt<\/li>\n<li>Klemmkeilentferner<\/li>\n<li>Reepschnur auf der r\u00fcckw\u00e4rtigen Materialschlaufe<\/li>\n<li>etc.<\/li>\n<\/ul>\n<h3>Kein Kletterkarabiner<\/h3>\n<p>Der Stubai Materialkarabiner Tool ist kein Kletterkarabiner. Denn seine Bruchlast ist mit nur 150kg viel zu gering. Folglich darf er daher niemals als Sicherungsmittel verwendet werden.<\/p>\n<p>Er ist ausschlie\u00dflich zum Anh\u00e4ngen von Zubeh\u00f6r gedacht. Des weiteren kann er nat\u00fcrlich als Schl\u00fcsselanh\u00e4nger oder im Haushalt verwendet werden.<\/p>\n<h4><strong>Link Tipp<\/strong><\/h4>\n<p>Weitere Informationen zum Stubai Materialkarabiner Tool bekommt man beim <a href=\"https:\/\/www.stubai-sports.com\/\" target=\"_blank\" rel=\"noopener noreferrer\">Hersteller<\/a><\/p>\n","protected":false},"excerpt":{"rendered":"<ul>\n<li>Hersteller: <a href=\"https:\/\/bolting.eu\/produkt-kategorie\/stubai-bergsport\/\">Stubai Bergsport<\/a><\/li>\n<li>Hersteller: Stubai Bergsport<\/li>\n<li>Material: Aluminium<\/li>\n<li>Bruchlast: 150 kg<\/li>\n<li>Gewicht: 30 Gramm<\/li>\n<li>inkl. Twist Lock Sicherung<\/li>\n<li>Dimension: 80 x 50 mm<\/li>\n<li><strong>NICHT zum Klettern geeignet!<\/strong><\/li>\n<li>ideal als Zubeh\u00f6rkarabiner, Schl\u00fcsselanh\u00e4nger und f\u00fcr Hundeleine<\/li>\n<li><\/li>\n<\/ul>\n","protected":false},"featured_media":5032,"comment_status":"open","ping_status":"closed","template":"","meta":[],"product_brand":[],"product_cat":[6357,5061,3005,4650],"product_tag":[],"class_list":{"0":"post-5026","1":"product","2":"type-product","3":"status-publish","4":"has-post-thumbnail","6":"product_cat-boulder-zubehoer","7":"product_cat-kletterzubehoer","8":"product_cat-materialkarabiner","9":"product_cat-stubai-bergsport","11":"first","12":"outofstock","13":"sale","14":"taxable","15":"shipping-taxable","16":"purchasable","17":"product-type-simple"},"yoast_head":"<!-- This site is optimized with the Yoast SEO Premium plugin v26.9 (Yoast SEO v26.9) - https:\/\/yoast.com\/product\/yoast-seo-premium-wordpress\/ -->\n<title>Stubai Materialkarabiner Tool - jetzt g\u00fcnstig online kaufen | bolting.eu<\/title>\n<meta name=\"description\" content=\"Hier findest Du den Stubai Materialkarabiner Tool. Einen Mini Schraubkarabiner in vier auff\u00e4lligen Farben. Ideal auch als Schl\u00fcsselanh\u00e4nger!\" \/>\n<meta name=\"robots\" content=\"index, follow, max-snippet:-1, max-image-preview:large, max-video-preview:-1\" \/>\n<link rel=\"canonical\" href=\"https:\/\/bolting.eu\/en\/shop\/stubai-materialkarabiner-tool\/\" \/>\n<meta property=\"og:locale\" content=\"en_US\" \/>\n<meta property=\"og:type\" content=\"article\" \/>\n<meta property=\"og:title\" content=\"Stubai Materialkarabiner Tool\" \/>\n<meta property=\"og:description\" content=\"Hier findest Du den Stubai Materialkarabiner Tool. Einen Mini Schraubkarabiner in vier auff\u00e4lligen Farben. Ideal auch als Schl\u00fcsselanh\u00e4nger!\" \/>\n<meta property=\"og:url\" content=\"https:\/\/bolting.eu\/en\/shop\/stubai-materialkarabiner-tool\/\" \/>\n<meta property=\"og:site_name\" content=\"bolting.eu\" \/>\n<meta property=\"article:publisher\" content=\"https:\/\/www.facebook.com\/bolting.eu\" \/>\n<meta property=\"article:modified_time\" content=\"2024-11-28T12:27:23+00:00\" \/>\n<meta property=\"og:image\" content=\"https:\/\/bolting.eu\/wp-content\/uploads\/2020\/08\/Stubai-Materialkarabiner-Tool-1.jpg\" \/>\n\t<meta property=\"og:image:width\" content=\"700\" \/>\n\t<meta property=\"og:image:height\" content=\"700\" \/>\n\t<meta property=\"og:image:type\" content=\"image\/jpeg\" \/>\n<meta name=\"twitter:card\" content=\"summary_large_image\" \/>\n<meta name=\"twitter:label1\" content=\"Price\" \/>\n\t<meta name=\"twitter:data1\" content=\"&euro;&nbsp;9,90\" \/>\n\t<meta name=\"twitter:label2\" content=\"Availability\" \/>\n\t<meta name=\"twitter:data2\" content=\"Out of stock\" \/>\n<script type=\"application\/ld+json\" class=\"yoast-schema-graph\">{\"@context\":\"https:\/\/schema.org\",\"@graph\":[{\"@type\":[\"WebPage\",\"ItemPage\"],\"@id\":\"https:\/\/bolting.eu\/en\/shop\/stubai-materialkarabiner-tool\/\",\"url\":\"https:\/\/bolting.eu\/en\/shop\/stubai-materialkarabiner-tool\/\",\"name\":\"Stubai Materialkarabiner Tool - jetzt g\u00fcnstig online kaufen | bolting.eu\",\"isPartOf\":{\"@id\":\"https:\/\/bolting.eu\/en\/#website\"},\"primaryImageOfPage\":{\"@id\":\"https:\/\/bolting.eu\/en\/shop\/stubai-materialkarabiner-tool\/#primaryimage\"},\"image\":{\"@id\":\"https:\/\/bolting.eu\/en\/shop\/stubai-materialkarabiner-tool\/#primaryimage\"},\"thumbnailUrl\":\"https:\/\/bolting.eu\/wp-content\/uploads\/2020\/08\/Stubai-Materialkarabiner-Tool-1.jpg\",\"datePublished\":\"2020-08-29T14:55:36+00:00\",\"dateModified\":\"2024-11-28T12:27:23+00:00\",\"description\":\"Hier findest Du den Stubai Materialkarabiner Tool. Einen Mini Schraubkarabiner in vier auff\u00e4lligen Farben. Ideal auch als Schl\u00fcsselanh\u00e4nger!\",\"breadcrumb\":{\"@id\":\"https:\/\/bolting.eu\/en\/shop\/stubai-materialkarabiner-tool\/#breadcrumb\"},\"inLanguage\":\"en-US\",\"potentialAction\":[{\"@type\":\"ReadAction\",\"target\":[\"https:\/\/bolting.eu\/en\/shop\/stubai-materialkarabiner-tool\/\"]}]},{\"@type\":\"ImageObject\",\"inLanguage\":\"en-US\",\"@id\":\"https:\/\/bolting.eu\/en\/shop\/stubai-materialkarabiner-tool\/#primaryimage\",\"url\":\"https:\/\/bolting.eu\/wp-content\/uploads\/2020\/08\/Stubai-Materialkarabiner-Tool-1.jpg\",\"contentUrl\":\"https:\/\/bolting.eu\/wp-content\/uploads\/2020\/08\/Stubai-Materialkarabiner-Tool-1.jpg\",\"width\":700,\"height\":700,\"caption\":\"DAs Bild zeigt den Stubai Materialkarabiner Tool. Der rote Mini Karabiner steht aufrecht in Bildmitte mit demschwarzen Twist Lock Verschluss nach links\"},{\"@type\":\"BreadcrumbList\",\"@id\":\"https:\/\/bolting.eu\/en\/shop\/stubai-materialkarabiner-tool\/#breadcrumb\",\"itemListElement\":[{\"@type\":\"ListItem\",\"position\":1,\"name\":\"Shop\",\"item\":\"https:\/\/bolting.eu\/en\/shop\/\"},{\"@type\":\"ListItem\",\"position\":2,\"name\":\"Stubai mountain sports\",\"item\":\"https:\/\/bolting.eu\/en\/produkt-kategorie\/stubai-mountain-sports\/\"},{\"@type\":\"ListItem\",\"position\":3,\"name\":\"Stubai Materialkarabiner Tool\"}]},{\"@type\":\"WebSite\",\"@id\":\"https:\/\/bolting.eu\/en\/#website\",\"url\":\"https:\/\/bolting.eu\/en\/\",\"name\":\"bolting.eu\",\"description\":\"we make climbs happen\",\"publisher\":{\"@id\":\"https:\/\/bolting.eu\/en\/#organization\"},\"potentialAction\":[{\"@type\":\"SearchAction\",\"target\":{\"@type\":\"EntryPoint\",\"urlTemplate\":\"https:\/\/bolting.eu\/en\/?s={search_term_string}\"},\"query-input\":{\"@type\":\"PropertyValueSpecification\",\"valueRequired\":true,\"valueName\":\"search_term_string\"}}],\"inLanguage\":\"en-US\"},{\"@type\":[\"Organization\",\"Place\",\"SportingGoodsStore\"],\"@id\":\"https:\/\/bolting.eu\/en\/#organization\",\"name\":\"bolting.eu\",\"url\":\"https:\/\/bolting.eu\/en\/\",\"logo\":{\"@id\":\"https:\/\/bolting.eu\/en\/shop\/stubai-materialkarabiner-tool\/#local-main-organization-logo\"},\"image\":{\"@id\":\"https:\/\/bolting.eu\/en\/shop\/stubai-materialkarabiner-tool\/#local-main-organization-logo\"},\"sameAs\":[\"https:\/\/www.facebook.com\/bolting.eu\",\"https:\/\/www.instagram.com\/bolting.eu\/\"],\"address\":{\"@id\":\"https:\/\/bolting.eu\/en\/shop\/stubai-materialkarabiner-tool\/#local-main-place-address\"},\"geo\":{\"@type\":\"GeoCoordinates\",\"latitude\":\"47.264176340396226\",\"longitude\":\"11.380109057672346\"},\"telephone\":[\"+43 699 19083372\"],\"openingHoursSpecification\":[{\"@type\":\"OpeningHoursSpecification\",\"dayOfWeek\":[\"Monday\",\"Wednesday\",\"Friday\"],\"opens\":\"14:00\",\"closes\":\"18:00\"},{\"@type\":\"OpeningHoursSpecification\",\"dayOfWeek\":[\"Tuesday\",\"Thursday\",\"Saturday\",\"Sunday\"],\"opens\":\"00:00\",\"closes\":\"00:00\"}],\"email\":\"office@bolting.eu\",\"vatID\":\"ATU59999728\",\"priceRange\":\"$$\",\"currenciesAccepted\":\"Euro\"},{\"@type\":\"PostalAddress\",\"@id\":\"https:\/\/bolting.eu\/en\/shop\/stubai-materialkarabiner-tool\/#local-main-place-address\",\"streetAddress\":\"Fischnalerstra\u00dfe 4\",\"addressLocality\":\"Innsbruck\",\"postalCode\":\"6020\",\"addressRegion\":\"Tirol\",\"addressCountry\":\"AT\"},{\"@type\":\"ImageObject\",\"inLanguage\":\"en-US\",\"@id\":\"https:\/\/bolting.eu\/en\/shop\/stubai-materialkarabiner-tool\/#local-main-organization-logo\",\"url\":\"https:\/\/bolting.eu\/wp-content\/uploads\/2019\/09\/bolting-logo.png\",\"contentUrl\":\"https:\/\/bolting.eu\/wp-content\/uploads\/2019\/09\/bolting-logo.png\",\"width\":400,\"height\":211,\"caption\":\"bolting.eu\"}]}<\/script>\n<meta property=\"product:price:amount\" content=\"9.90\" \/>\n<meta property=\"product:price:currency\" content=\"EUR\" \/>\n<meta property=\"og:availability\" content=\"out of stock\" \/>\n<meta property=\"product:availability\" content=\"out of stock\" \/>\n<meta property=\"product:retailer_item_id\" content=\"977931\" \/>\n<meta property=\"product:condition\" content=\"new\" \/>\n<meta name=\"geo.placename\" content=\"Innsbruck\" \/>\n<meta name=\"geo.position\" content=\"47.264176340396226;11.380109057672346\" \/>\n<meta name=\"geo.region\" content=\"Austria\" \/>\n<!-- \/ Yoast SEO Premium plugin. -->","yoast_head_json":{"title":"Stubai Materialkarabiner Tool - jetzt g\u00fcnstig online kaufen | bolting.eu","description":"Hier findest Du den Stubai Materialkarabiner Tool. Einen Mini Schraubkarabiner in vier auff\u00e4lligen Farben. Ideal auch als Schl\u00fcsselanh\u00e4nger!","robots":{"index":"index","follow":"follow","max-snippet":"max-snippet:-1","max-image-preview":"max-image-preview:large","max-video-preview":"max-video-preview:-1"},"canonical":"https:\/\/bolting.eu\/en\/shop\/stubai-materialkarabiner-tool\/","og_locale":"en_US","og_type":"article","og_title":"Stubai Materialkarabiner Tool","og_description":"Hier findest Du den Stubai Materialkarabiner Tool. Einen Mini Schraubkarabiner in vier auff\u00e4lligen Farben. Ideal auch als Schl\u00fcsselanh\u00e4nger!","og_url":"https:\/\/bolting.eu\/en\/shop\/stubai-materialkarabiner-tool\/","og_site_name":"bolting.eu","article_publisher":"https:\/\/www.facebook.com\/bolting.eu","article_modified_time":"2024-11-28T12:27:23+00:00","og_image":[{"width":700,"height":700,"url":"https:\/\/bolting.eu\/wp-content\/uploads\/2020\/08\/Stubai-Materialkarabiner-Tool-1.jpg","type":"image\/jpeg"}],"twitter_card":"summary_large_image","twitter_misc":{"Price":"&euro;&nbsp;9,90","Availability":"Out of stock"},"schema":{"@context":"https:\/\/schema.org","@graph":[{"@type":["WebPage","ItemPage"],"@id":"https:\/\/bolting.eu\/en\/shop\/stubai-materialkarabiner-tool\/","url":"https:\/\/bolting.eu\/en\/shop\/stubai-materialkarabiner-tool\/","name":"Stubai Materialkarabiner Tool - jetzt g\u00fcnstig online kaufen | bolting.eu","isPartOf":{"@id":"https:\/\/bolting.eu\/en\/#website"},"primaryImageOfPage":{"@id":"https:\/\/bolting.eu\/en\/shop\/stubai-materialkarabiner-tool\/#primaryimage"},"image":{"@id":"https:\/\/bolting.eu\/en\/shop\/stubai-materialkarabiner-tool\/#primaryimage"},"thumbnailUrl":"https:\/\/bolting.eu\/wp-content\/uploads\/2020\/08\/Stubai-Materialkarabiner-Tool-1.jpg","datePublished":"2020-08-29T14:55:36+00:00","dateModified":"2024-11-28T12:27:23+00:00","description":"Hier findest Du den Stubai Materialkarabiner Tool. Einen Mini Schraubkarabiner in vier auff\u00e4lligen Farben. Ideal auch als Schl\u00fcsselanh\u00e4nger!","breadcrumb":{"@id":"https:\/\/bolting.eu\/en\/shop\/stubai-materialkarabiner-tool\/#breadcrumb"},"inLanguage":"en-US","potentialAction":[{"@type":"ReadAction","target":["https:\/\/bolting.eu\/en\/shop\/stubai-materialkarabiner-tool\/"]}]},{"@type":"ImageObject","inLanguage":"en-US","@id":"https:\/\/bolting.eu\/en\/shop\/stubai-materialkarabiner-tool\/#primaryimage","url":"https:\/\/bolting.eu\/wp-content\/uploads\/2020\/08\/Stubai-Materialkarabiner-Tool-1.jpg","contentUrl":"https:\/\/bolting.eu\/wp-content\/uploads\/2020\/08\/Stubai-Materialkarabiner-Tool-1.jpg","width":700,"height":700,"caption":"DAs Bild zeigt den Stubai Materialkarabiner Tool. Der rote Mini Karabiner steht aufrecht in Bildmitte mit demschwarzen Twist Lock Verschluss nach links"},{"@type":"BreadcrumbList","@id":"https:\/\/bolting.eu\/en\/shop\/stubai-materialkarabiner-tool\/#breadcrumb","itemListElement":[{"@type":"ListItem","position":1,"name":"Shop","item":"https:\/\/bolting.eu\/en\/shop\/"},{"@type":"ListItem","position":2,"name":"Stubai mountain sports","item":"https:\/\/bolting.eu\/en\/produkt-kategorie\/stubai-mountain-sports\/"},{"@type":"ListItem","position":3,"name":"Stubai Materialkarabiner Tool"}]},{"@type":"WebSite","@id":"https:\/\/bolting.eu\/en\/#website","url":"https:\/\/bolting.eu\/en\/","name":"bolting.eu","description":"we make climbs happen","publisher":{"@id":"https:\/\/bolting.eu\/en\/#organization"},"potentialAction":[{"@type":"SearchAction","target":{"@type":"EntryPoint","urlTemplate":"https:\/\/bolting.eu\/en\/?s={search_term_string}"},"query-input":{"@type":"PropertyValueSpecification","valueRequired":true,"valueName":"search_term_string"}}],"inLanguage":"en-US"},{"@type":["Organization","Place","SportingGoodsStore"],"@id":"https:\/\/bolting.eu\/en\/#organization","name":"bolting.eu","url":"https:\/\/bolting.eu\/en\/","logo":{"@id":"https:\/\/bolting.eu\/en\/shop\/stubai-materialkarabiner-tool\/#local-main-organization-logo"},"image":{"@id":"https:\/\/bolting.eu\/en\/shop\/stubai-materialkarabiner-tool\/#local-main-organization-logo"},"sameAs":["https:\/\/www.facebook.com\/bolting.eu","https:\/\/www.instagram.com\/bolting.eu\/"],"address":{"@id":"https:\/\/bolting.eu\/en\/shop\/stubai-materialkarabiner-tool\/#local-main-place-address"},"geo":{"@type":"GeoCoordinates","latitude":"47.264176340396226","longitude":"11.380109057672346"},"telephone":["+43 699 19083372"],"openingHoursSpecification":[{"@type":"OpeningHoursSpecification","dayOfWeek":["Monday","Wednesday","Friday"],"opens":"14:00","closes":"18:00"},{"@type":"OpeningHoursSpecification","dayOfWeek":["Tuesday","Thursday","Saturday","Sunday"],"opens":"00:00","closes":"00:00"}],"email":"office@bolting.eu","vatID":"ATU59999728","priceRange":"$$","currenciesAccepted":"Euro"},{"@type":"PostalAddress","@id":"https:\/\/bolting.eu\/en\/shop\/stubai-materialkarabiner-tool\/#local-main-place-address","streetAddress":"Fischnalerstra\u00dfe 4","addressLocality":"Innsbruck","postalCode":"6020","addressRegion":"Tirol","addressCountry":"AT"},{"@type":"ImageObject","inLanguage":"en-US","@id":"https:\/\/bolting.eu\/en\/shop\/stubai-materialkarabiner-tool\/#local-main-organization-logo","url":"https:\/\/bolting.eu\/wp-content\/uploads\/2019\/09\/bolting-logo.png","contentUrl":"https:\/\/bolting.eu\/wp-content\/uploads\/2019\/09\/bolting-logo.png","width":400,"height":211,"caption":"bolting.eu"}]},"product_price_amount":"9.90","product_price_currency":"EUR","og_availability":"out of stock","product_availability":"out of stock","product_retailer_item_id":"977931","product_condition":"new","geo.placename":"Innsbruck","geo.position":{"lat":"47.264176340396226","long":"11.380109057672346"},"geo.region":"Austria"},"_links":{"self":[{"href":"https:\/\/bolting.eu\/en\/wp-json\/wp\/v2\/product\/5026","targetHints":{"allow":["GET"]}}],"collection":[{"href":"https:\/\/bolting.eu\/en\/wp-json\/wp\/v2\/product"}],"about":[{"href":"https:\/\/bolting.eu\/en\/wp-json\/wp\/v2\/types\/product"}],"replies":[{"embeddable":true,"href":"https:\/\/bolting.eu\/en\/wp-json\/wp\/v2\/comments?post=5026"}],"wp:featuredmedia":[{"embeddable":true,"href":"https:\/\/bolting.eu\/en\/wp-json\/wp\/v2\/media\/5032"}],"wp:attachment":[{"href":"https:\/\/bolting.eu\/en\/wp-json\/wp\/v2\/media?parent=5026"}],"wp:term":[{"taxonomy":"product_brand","embeddable":true,"href":"https:\/\/bolting.eu\/en\/wp-json\/wp\/v2\/product_brand?post=5026"},{"taxonomy":"product_cat","embeddable":true,"href":"https:\/\/bolting.eu\/en\/wp-json\/wp\/v2\/product_cat?post=5026"},{"taxonomy":"product_tag","embeddable":true,"href":"https:\/\/bolting.eu\/en\/wp-json\/wp\/v2\/product_tag?post=5026"}],"curies":[{"name":"wp","href":"https:\/\/api.w.org\/{rel}","templated":true}]}}