{"id":5023,"date":"2020-08-29T16:35:14","date_gmt":"2020-08-29T14:35:14","guid":{"rendered":"https:\/\/bolting.eu\/?post_type=product&#038;p=5023"},"modified":"2025-07-14T15:51:36","modified_gmt":"2025-07-14T13:51:36","slug":"camp-nomad-klettersteigkarabiner","status":"publish","type":"product","link":"https:\/\/bolting.eu\/en\/shop\/camp-nomad-klettersteigkarabiner\/","title":{"rendered":"Camp Nomad Klettersteigkarabiner"},"content":{"rendered":"<p>Der Camp Nomad Klettersteigkarabiner ist ideal f\u00fcr den Bau einer Klettersteig Selbstsicherungsschlinge. Zudem kann er auch als Selbsicherung in anderen Bereichen benutzt werden. Beispielsweise im im Rettungswesen oder bei H\u00f6henarbeiten.<\/p>\n<p>Denn der Karabiner hat eine zuverl\u00e4ssige klassische Form. Zudem einen einfachen Druckverschluss. Des weiteren garantiert die gro\u00dfe Schnapper\u00f6ffnung sowie der breite Scheitel rasches Klippen in vielen Fixpunkten. <a href=\"https:\/\/bolting.eu\/produkt-kategorie\/bohrhakenlasche\/\">Bohrhakenlaschen<\/a>, Drahtseile, Bew\u00e4hrungsstahl,&#8230;<\/p>\n<p>Kurzum. Wer einen klassichen Klettersteigkarabiner sucht, liegt hier richtig!<\/p>\n<h2>Eigenschaften Camp Nomad Klettersteigkarabiner<\/h2>\n<ul>\n<li>Hersteller: Camp-Cassin<\/li>\n<li>Material: Alu eloxiert<\/li>\n<li>Typ: Klettersteigkarabiner<\/li>\n<li>EN Norm: EN 12275:K<\/li>\n<li>Gewicht: 88 Gramm<\/li>\n<li>Dimensionen: 131\u00a0 x 76mm<\/li>\n<li>Bruchlasten: 25kN &#8211; 8kN &#8211; 9kN<\/li>\n<li>Schnapper\u00f6ffnung: 29mm<\/li>\n<li>klassische Birnenform<\/li>\n<li>Druckverschluss f\u00fcr Zeigefinger &amp; Daumen<\/li>\n<\/ul>\n<h3>Bau einer Rastschlinge<\/h3>\n<p>Wir empfehlen beim Bau einer Rastschlinge mit dem Camp Nomad Klettersteigkarabiner folgende Produkte. Als erstes eine 60cm <a href=\"https:\/\/bolting.eu\/produkt-kategorie\/bandschlinge\/\">Bandschlinge<\/a>. Und als zweites eben den Klettersteigkarabiner. Beachtet bitte!<\/p>\n<p>Die Bandschling muss mit einem <strong>Mastwurf<\/strong> befestigt werden. Denn der Ankerstich eignet sich nicht. Er kann unter bestimmten Umst\u00e4nden \u00fcber den Karabiner schlupfen und sich selbst aush\u00e4ngen!<\/p>\n<p>Dabei solltet ihr durchaus ein anderes Karabinermodell wie jenes eures <a href=\"https:\/\/bolting.eu\/produkt-kategorie\/klettersteigset\/\">Klettersteigsets<\/a> kaufen. Denn damit ist es leichter ganz schnell zu erkennen um welches Teil es sich handelt.<\/p>\n<h3>Camp Nomad Klettersteigkarabiner &#8211; klassisches System<\/h3>\n<p>Dieses Produkt ist wegen seiner Einfachheit eine gute Wahl f\u00fcr eine Klettersteig Rastschlinge. Denn der Karabiner hat daf\u00fcr ein paar stimmige Features.<\/p>\n<p>Erstens ist er blau und daher sehr auff\u00e4llig. Somit sieht man ihn sofort am <a href=\"https:\/\/bolting.eu\/produkt-kategorie\/klettergurte\/\">Klettergurt<\/a>. Zweitens hat er eine ergonomische Birnenform mit passendem &#8220;knick&#8221; f\u00fcr die Hand. Und drittens ist die Kombi aus Schnapperbreite bzw. Druckverschluss sehr gut. D.h. der Karabiner l\u00e4sst sich rasch klippen.<\/p>\n<h4><strong>Link Tipp<\/strong><\/h4>\n<p>Mehr Infos zum Camp Nomad Klettersteigkarabiner findet man in der <a href=\"http:\/\/doc.camp.it\/Manuali\/MOSCHETTONI_MANUALE01%20r10.pdf\" target=\"_blank\" rel=\"noopener noreferrer\">Gebrauchsanleitung<\/a> des Herstellers.<\/p>\n","protected":false},"excerpt":{"rendered":"<ul>\n<li>Hersteller: <a href=\"https:\/\/bolting.eu\/produkt-kategorie\/camp-cassin\/\">Camp-Cassin<\/a><\/li>\n<li>Material: Alu eloxiert<\/li>\n<li>Typ: Klettersteigkarabiner<\/li>\n<li>EN Norm: EN 12275:K<\/li>\n<li>Gewicht: 88 Gramm<\/li>\n<li>Dimensionen: 131\u00a0 x 76mm<\/li>\n<li>Bruchlasten: 25kN &#8211; 8kN &#8211; 9kN<\/li>\n<li>Schnapper\u00f6ffnung: 29mm<\/li>\n<li>klassische Birnenform<\/li>\n<li>Druckverschluss f\u00fcr Zeigefinger &amp; Daumen<\/li>\n<\/ul>\n","protected":false},"featured_media":5025,"comment_status":"open","ping_status":"closed","template":"","meta":[],"product_brand":[],"product_cat":[4653,3007,44,3010],"product_tag":[],"class_list":{"0":"post-5023","1":"product","2":"type-product","3":"status-publish","4":"has-post-thumbnail","6":"product_cat-camp-cassin","7":"product_cat-einhandkarabiner","8":"product_cat-kletterkarabiner","9":"product_cat-klettersteigkarabiner","11":"first","12":"instock","13":"sale","14":"taxable","15":"shipping-taxable","16":"purchasable","17":"product-type-simple"},"yoast_head":"<!-- This site is optimized with the Yoast SEO Premium plugin v26.9 (Yoast SEO v26.9) - https:\/\/yoast.com\/product\/yoast-seo-premium-wordpress\/ -->\n<title>Camp Nomad Klettersteigkarabiner jetzt g\u00fcnstig online kaufen | bolting.eu<\/title>\n<meta name=\"description\" content=\"Hier findest Du den CAMP NOMAD KLETTERSTEIGKARABINER . \u2705 14 Tage R\u00fcckgaberecht \u2705 versandfrei* ab \u20ac 100,- \u2705 Kaufberatung \u2705 Fachh\u00e4ndler aus \u00d6sterreich\" \/>\n<meta name=\"robots\" content=\"index, follow, max-snippet:-1, max-image-preview:large, max-video-preview:-1\" \/>\n<link rel=\"canonical\" href=\"https:\/\/bolting.eu\/en\/shop\/camp-nomad-klettersteigkarabiner\/\" \/>\n<meta property=\"og:locale\" content=\"en_US\" \/>\n<meta property=\"og:type\" content=\"article\" \/>\n<meta property=\"og:title\" content=\"Camp Nomad Klettersteigkarabiner\" \/>\n<meta property=\"og:description\" content=\"Hier findest Du den CAMP NOMAD KLETTERSTEIGKARABINER . \u2705 14 Tage R\u00fcckgaberecht \u2705 versandfrei* ab \u20ac 100,- \u2705 Kaufberatung \u2705 Fachh\u00e4ndler aus \u00d6sterreich\" \/>\n<meta property=\"og:url\" content=\"https:\/\/bolting.eu\/en\/shop\/camp-nomad-klettersteigkarabiner\/\" \/>\n<meta property=\"og:site_name\" content=\"bolting.eu\" \/>\n<meta property=\"article:publisher\" content=\"https:\/\/www.facebook.com\/bolting.eu\" \/>\n<meta property=\"article:modified_time\" content=\"2025-07-14T13:51:36+00:00\" \/>\n<meta property=\"og:image\" content=\"https:\/\/bolting.eu\/wp-content\/uploads\/2020\/08\/Camp-Nomad-Klettersteigkarabiner-1.jpg\" \/>\n\t<meta property=\"og:image:width\" content=\"700\" \/>\n\t<meta property=\"og:image:height\" content=\"700\" \/>\n\t<meta property=\"og:image:type\" content=\"image\/jpeg\" \/>\n<meta name=\"twitter:card\" content=\"summary_large_image\" \/>\n<meta name=\"twitter:label1\" content=\"Price\" \/>\n\t<meta name=\"twitter:data1\" content=\"&euro;&nbsp;21,90\" \/>\n\t<meta name=\"twitter:label2\" content=\"Availability\" \/>\n\t<meta name=\"twitter:data2\" content=\"In stock\" \/>\n<script type=\"application\/ld+json\" class=\"yoast-schema-graph\">{\"@context\":\"https:\/\/schema.org\",\"@graph\":[{\"@type\":[\"WebPage\",\"ItemPage\"],\"@id\":\"https:\/\/bolting.eu\/en\/shop\/camp-nomad-klettersteigkarabiner\/\",\"url\":\"https:\/\/bolting.eu\/en\/shop\/camp-nomad-klettersteigkarabiner\/\",\"name\":\"Camp Nomad Klettersteigkarabiner jetzt g\u00fcnstig online kaufen | bolting.eu\",\"isPartOf\":{\"@id\":\"https:\/\/bolting.eu\/en\/#website\"},\"primaryImageOfPage\":{\"@id\":\"https:\/\/bolting.eu\/en\/shop\/camp-nomad-klettersteigkarabiner\/#primaryimage\"},\"image\":{\"@id\":\"https:\/\/bolting.eu\/en\/shop\/camp-nomad-klettersteigkarabiner\/#primaryimage\"},\"thumbnailUrl\":\"https:\/\/bolting.eu\/wp-content\/uploads\/2020\/08\/Camp-Nomad-Klettersteigkarabiner-1.jpg\",\"datePublished\":\"2020-08-29T14:35:14+00:00\",\"dateModified\":\"2025-07-14T13:51:36+00:00\",\"description\":\"Hier findest Du den CAMP NOMAD KLETTERSTEIGKARABINER . \u2705 14 Tage R\u00fcckgaberecht \u2705 versandfrei* ab \u20ac 100,- \u2705 Kaufberatung \u2705 Fachh\u00e4ndler aus \u00d6sterreich\",\"breadcrumb\":{\"@id\":\"https:\/\/bolting.eu\/en\/shop\/camp-nomad-klettersteigkarabiner\/#breadcrumb\"},\"inLanguage\":\"en-US\",\"potentialAction\":[{\"@type\":\"ReadAction\",\"target\":[\"https:\/\/bolting.eu\/en\/shop\/camp-nomad-klettersteigkarabiner\/\"]}]},{\"@type\":\"ImageObject\",\"inLanguage\":\"en-US\",\"@id\":\"https:\/\/bolting.eu\/en\/shop\/camp-nomad-klettersteigkarabiner\/#primaryimage\",\"url\":\"https:\/\/bolting.eu\/wp-content\/uploads\/2020\/08\/Camp-Nomad-Klettersteigkarabiner-1.jpg\",\"contentUrl\":\"https:\/\/bolting.eu\/wp-content\/uploads\/2020\/08\/Camp-Nomad-Klettersteigkarabiner-1.jpg\",\"width\":700,\"height\":700,\"caption\":\"Das Bild zeigt den Camp Nomad Klettersteigkarabiner. Der blaue Karabiner ist von vorne zu sehen mit dem silbernen Schnapper und schwarzem Druckverschluss nach rechts.\"},{\"@type\":\"BreadcrumbList\",\"@id\":\"https:\/\/bolting.eu\/en\/shop\/camp-nomad-klettersteigkarabiner\/#breadcrumb\",\"itemListElement\":[{\"@type\":\"ListItem\",\"position\":1,\"name\":\"Shop\",\"item\":\"https:\/\/bolting.eu\/en\/shop\/\"},{\"@type\":\"ListItem\",\"position\":2,\"name\":\"climbing equipment\",\"item\":\"https:\/\/bolting.eu\/en\/produkt-kategorie\/climbing-equipment\/\"},{\"@type\":\"ListItem\",\"position\":3,\"name\":\"Climbing carabiner\",\"item\":\"https:\/\/bolting.eu\/en\/produkt-kategorie\/climbing-carabiner\/\"},{\"@type\":\"ListItem\",\"position\":4,\"name\":\"Camp Nomad Klettersteigkarabiner\"}]},{\"@type\":\"WebSite\",\"@id\":\"https:\/\/bolting.eu\/en\/#website\",\"url\":\"https:\/\/bolting.eu\/en\/\",\"name\":\"bolting.eu\",\"description\":\"we make climbs happen\",\"publisher\":{\"@id\":\"https:\/\/bolting.eu\/en\/#organization\"},\"potentialAction\":[{\"@type\":\"SearchAction\",\"target\":{\"@type\":\"EntryPoint\",\"urlTemplate\":\"https:\/\/bolting.eu\/en\/?s={search_term_string}\"},\"query-input\":{\"@type\":\"PropertyValueSpecification\",\"valueRequired\":true,\"valueName\":\"search_term_string\"}}],\"inLanguage\":\"en-US\"},{\"@type\":[\"Organization\",\"Place\",\"SportingGoodsStore\"],\"@id\":\"https:\/\/bolting.eu\/en\/#organization\",\"name\":\"bolting.eu\",\"url\":\"https:\/\/bolting.eu\/en\/\",\"logo\":{\"@id\":\"https:\/\/bolting.eu\/en\/shop\/camp-nomad-klettersteigkarabiner\/#local-main-organization-logo\"},\"image\":{\"@id\":\"https:\/\/bolting.eu\/en\/shop\/camp-nomad-klettersteigkarabiner\/#local-main-organization-logo\"},\"sameAs\":[\"https:\/\/www.facebook.com\/bolting.eu\",\"https:\/\/www.instagram.com\/bolting.eu\/\"],\"address\":{\"@id\":\"https:\/\/bolting.eu\/en\/shop\/camp-nomad-klettersteigkarabiner\/#local-main-place-address\"},\"geo\":{\"@type\":\"GeoCoordinates\",\"latitude\":\"47.264176340396226\",\"longitude\":\"11.380109057672346\"},\"telephone\":[\"+43 699 19083372\"],\"openingHoursSpecification\":[{\"@type\":\"OpeningHoursSpecification\",\"dayOfWeek\":[\"Monday\",\"Wednesday\",\"Friday\"],\"opens\":\"14:00\",\"closes\":\"18:00\"},{\"@type\":\"OpeningHoursSpecification\",\"dayOfWeek\":[\"Tuesday\",\"Thursday\",\"Saturday\",\"Sunday\"],\"opens\":\"00:00\",\"closes\":\"00:00\"}],\"email\":\"office@bolting.eu\",\"vatID\":\"ATU59999728\",\"priceRange\":\"$$\",\"currenciesAccepted\":\"Euro\"},{\"@type\":\"PostalAddress\",\"@id\":\"https:\/\/bolting.eu\/en\/shop\/camp-nomad-klettersteigkarabiner\/#local-main-place-address\",\"streetAddress\":\"Fischnalerstra\u00dfe 4\",\"addressLocality\":\"Innsbruck\",\"postalCode\":\"6020\",\"addressRegion\":\"Tirol\",\"addressCountry\":\"AT\"},{\"@type\":\"ImageObject\",\"inLanguage\":\"en-US\",\"@id\":\"https:\/\/bolting.eu\/en\/shop\/camp-nomad-klettersteigkarabiner\/#local-main-organization-logo\",\"url\":\"https:\/\/bolting.eu\/wp-content\/uploads\/2019\/09\/bolting-logo.png\",\"contentUrl\":\"https:\/\/bolting.eu\/wp-content\/uploads\/2019\/09\/bolting-logo.png\",\"width\":400,\"height\":211,\"caption\":\"bolting.eu\"}]}<\/script>\n<meta property=\"product:price:amount\" content=\"21.90\" \/>\n<meta property=\"product:price:currency\" content=\"EUR\" \/>\n<meta property=\"og:availability\" content=\"instock\" \/>\n<meta property=\"product:availability\" content=\"instock\" \/>\n<meta property=\"product:retailer_item_id\" content=\"2407\" \/>\n<meta property=\"product:condition\" content=\"new\" \/>\n<meta name=\"geo.placename\" content=\"Innsbruck\" \/>\n<meta name=\"geo.position\" content=\"47.264176340396226;11.380109057672346\" \/>\n<meta name=\"geo.region\" content=\"Austria\" \/>\n<!-- \/ Yoast SEO Premium plugin. -->","yoast_head_json":{"title":"Camp Nomad Klettersteigkarabiner jetzt g\u00fcnstig online kaufen | bolting.eu","description":"Hier findest Du den CAMP NOMAD KLETTERSTEIGKARABINER . \u2705 14 Tage R\u00fcckgaberecht \u2705 versandfrei* ab \u20ac 100,- \u2705 Kaufberatung \u2705 Fachh\u00e4ndler aus \u00d6sterreich","robots":{"index":"index","follow":"follow","max-snippet":"max-snippet:-1","max-image-preview":"max-image-preview:large","max-video-preview":"max-video-preview:-1"},"canonical":"https:\/\/bolting.eu\/en\/shop\/camp-nomad-klettersteigkarabiner\/","og_locale":"en_US","og_type":"article","og_title":"Camp Nomad Klettersteigkarabiner","og_description":"Hier findest Du den CAMP NOMAD KLETTERSTEIGKARABINER . \u2705 14 Tage R\u00fcckgaberecht \u2705 versandfrei* ab \u20ac 100,- \u2705 Kaufberatung \u2705 Fachh\u00e4ndler aus \u00d6sterreich","og_url":"https:\/\/bolting.eu\/en\/shop\/camp-nomad-klettersteigkarabiner\/","og_site_name":"bolting.eu","article_publisher":"https:\/\/www.facebook.com\/bolting.eu","article_modified_time":"2025-07-14T13:51:36+00:00","og_image":[{"width":700,"height":700,"url":"https:\/\/bolting.eu\/wp-content\/uploads\/2020\/08\/Camp-Nomad-Klettersteigkarabiner-1.jpg","type":"image\/jpeg"}],"twitter_card":"summary_large_image","twitter_misc":{"Price":"&euro;&nbsp;21,90","Availability":"In stock"},"schema":{"@context":"https:\/\/schema.org","@graph":[{"@type":["WebPage","ItemPage"],"@id":"https:\/\/bolting.eu\/en\/shop\/camp-nomad-klettersteigkarabiner\/","url":"https:\/\/bolting.eu\/en\/shop\/camp-nomad-klettersteigkarabiner\/","name":"Camp Nomad Klettersteigkarabiner jetzt g\u00fcnstig online kaufen | bolting.eu","isPartOf":{"@id":"https:\/\/bolting.eu\/en\/#website"},"primaryImageOfPage":{"@id":"https:\/\/bolting.eu\/en\/shop\/camp-nomad-klettersteigkarabiner\/#primaryimage"},"image":{"@id":"https:\/\/bolting.eu\/en\/shop\/camp-nomad-klettersteigkarabiner\/#primaryimage"},"thumbnailUrl":"https:\/\/bolting.eu\/wp-content\/uploads\/2020\/08\/Camp-Nomad-Klettersteigkarabiner-1.jpg","datePublished":"2020-08-29T14:35:14+00:00","dateModified":"2025-07-14T13:51:36+00:00","description":"Hier findest Du den CAMP NOMAD KLETTERSTEIGKARABINER . \u2705 14 Tage R\u00fcckgaberecht \u2705 versandfrei* ab \u20ac 100,- \u2705 Kaufberatung \u2705 Fachh\u00e4ndler aus \u00d6sterreich","breadcrumb":{"@id":"https:\/\/bolting.eu\/en\/shop\/camp-nomad-klettersteigkarabiner\/#breadcrumb"},"inLanguage":"en-US","potentialAction":[{"@type":"ReadAction","target":["https:\/\/bolting.eu\/en\/shop\/camp-nomad-klettersteigkarabiner\/"]}]},{"@type":"ImageObject","inLanguage":"en-US","@id":"https:\/\/bolting.eu\/en\/shop\/camp-nomad-klettersteigkarabiner\/#primaryimage","url":"https:\/\/bolting.eu\/wp-content\/uploads\/2020\/08\/Camp-Nomad-Klettersteigkarabiner-1.jpg","contentUrl":"https:\/\/bolting.eu\/wp-content\/uploads\/2020\/08\/Camp-Nomad-Klettersteigkarabiner-1.jpg","width":700,"height":700,"caption":"Das Bild zeigt den Camp Nomad Klettersteigkarabiner. Der blaue Karabiner ist von vorne zu sehen mit dem silbernen Schnapper und schwarzem Druckverschluss nach rechts."},{"@type":"BreadcrumbList","@id":"https:\/\/bolting.eu\/en\/shop\/camp-nomad-klettersteigkarabiner\/#breadcrumb","itemListElement":[{"@type":"ListItem","position":1,"name":"Shop","item":"https:\/\/bolting.eu\/en\/shop\/"},{"@type":"ListItem","position":2,"name":"climbing equipment","item":"https:\/\/bolting.eu\/en\/produkt-kategorie\/climbing-equipment\/"},{"@type":"ListItem","position":3,"name":"Climbing carabiner","item":"https:\/\/bolting.eu\/en\/produkt-kategorie\/climbing-carabiner\/"},{"@type":"ListItem","position":4,"name":"Camp Nomad Klettersteigkarabiner"}]},{"@type":"WebSite","@id":"https:\/\/bolting.eu\/en\/#website","url":"https:\/\/bolting.eu\/en\/","name":"bolting.eu","description":"we make climbs happen","publisher":{"@id":"https:\/\/bolting.eu\/en\/#organization"},"potentialAction":[{"@type":"SearchAction","target":{"@type":"EntryPoint","urlTemplate":"https:\/\/bolting.eu\/en\/?s={search_term_string}"},"query-input":{"@type":"PropertyValueSpecification","valueRequired":true,"valueName":"search_term_string"}}],"inLanguage":"en-US"},{"@type":["Organization","Place","SportingGoodsStore"],"@id":"https:\/\/bolting.eu\/en\/#organization","name":"bolting.eu","url":"https:\/\/bolting.eu\/en\/","logo":{"@id":"https:\/\/bolting.eu\/en\/shop\/camp-nomad-klettersteigkarabiner\/#local-main-organization-logo"},"image":{"@id":"https:\/\/bolting.eu\/en\/shop\/camp-nomad-klettersteigkarabiner\/#local-main-organization-logo"},"sameAs":["https:\/\/www.facebook.com\/bolting.eu","https:\/\/www.instagram.com\/bolting.eu\/"],"address":{"@id":"https:\/\/bolting.eu\/en\/shop\/camp-nomad-klettersteigkarabiner\/#local-main-place-address"},"geo":{"@type":"GeoCoordinates","latitude":"47.264176340396226","longitude":"11.380109057672346"},"telephone":["+43 699 19083372"],"openingHoursSpecification":[{"@type":"OpeningHoursSpecification","dayOfWeek":["Monday","Wednesday","Friday"],"opens":"14:00","closes":"18:00"},{"@type":"OpeningHoursSpecification","dayOfWeek":["Tuesday","Thursday","Saturday","Sunday"],"opens":"00:00","closes":"00:00"}],"email":"office@bolting.eu","vatID":"ATU59999728","priceRange":"$$","currenciesAccepted":"Euro"},{"@type":"PostalAddress","@id":"https:\/\/bolting.eu\/en\/shop\/camp-nomad-klettersteigkarabiner\/#local-main-place-address","streetAddress":"Fischnalerstra\u00dfe 4","addressLocality":"Innsbruck","postalCode":"6020","addressRegion":"Tirol","addressCountry":"AT"},{"@type":"ImageObject","inLanguage":"en-US","@id":"https:\/\/bolting.eu\/en\/shop\/camp-nomad-klettersteigkarabiner\/#local-main-organization-logo","url":"https:\/\/bolting.eu\/wp-content\/uploads\/2019\/09\/bolting-logo.png","contentUrl":"https:\/\/bolting.eu\/wp-content\/uploads\/2019\/09\/bolting-logo.png","width":400,"height":211,"caption":"bolting.eu"}]},"product_price_amount":"21.90","product_price_currency":"EUR","og_availability":"instock","product_availability":"instock","product_retailer_item_id":"2407","product_condition":"new","geo.placename":"Innsbruck","geo.position":{"lat":"47.264176340396226","long":"11.380109057672346"},"geo.region":"Austria"},"_links":{"self":[{"href":"https:\/\/bolting.eu\/en\/wp-json\/wp\/v2\/product\/5023","targetHints":{"allow":["GET"]}}],"collection":[{"href":"https:\/\/bolting.eu\/en\/wp-json\/wp\/v2\/product"}],"about":[{"href":"https:\/\/bolting.eu\/en\/wp-json\/wp\/v2\/types\/product"}],"replies":[{"embeddable":true,"href":"https:\/\/bolting.eu\/en\/wp-json\/wp\/v2\/comments?post=5023"}],"wp:featuredmedia":[{"embeddable":true,"href":"https:\/\/bolting.eu\/en\/wp-json\/wp\/v2\/media\/5025"}],"wp:attachment":[{"href":"https:\/\/bolting.eu\/en\/wp-json\/wp\/v2\/media?parent=5023"}],"wp:term":[{"taxonomy":"product_brand","embeddable":true,"href":"https:\/\/bolting.eu\/en\/wp-json\/wp\/v2\/product_brand?post=5023"},{"taxonomy":"product_cat","embeddable":true,"href":"https:\/\/bolting.eu\/en\/wp-json\/wp\/v2\/product_cat?post=5023"},{"taxonomy":"product_tag","embeddable":true,"href":"https:\/\/bolting.eu\/en\/wp-json\/wp\/v2\/product_tag?post=5023"}],"curies":[{"name":"wp","href":"https:\/\/api.w.org\/{rel}","templated":true}]}}