{"id":5020,"date":"2020-08-29T16:16:08","date_gmt":"2020-08-29T14:16:08","guid":{"rendered":"https:\/\/bolting.eu\/?post_type=product&#038;p=5020"},"modified":"2024-05-28T22:24:52","modified_gmt":"2024-05-28T20:24:52","slug":"kong-ferrata-twist-lock-sleeve","status":"publish","type":"product","link":"https:\/\/bolting.eu\/en\/shop\/kong-ferrata-twist-lock-sleeve\/","title":{"rendered":"Kong Ferrata Twist Lock Sleeve"},"content":{"rendered":"<p>Der Kong Ferrata Twist Lock Sleeve ist ideal f\u00fcr den Bau einer Klettersteig Selbstsicherungsschlinge. Zudem kann er auch als Selbsicherung im Rettungswesen benutzt werden.<\/p>\n<p>Denn der Karabiner hat eine zuverl\u00e4ssige klassische Form. Zudem einen einfachen Verschluss. Des weiteren garantiert die gro\u00dfe Schnapper\u00f6ffnung sowie der breite Scheitel rasches Klippen auch in gro\u00dfen Strukturen.<\/p>\n<p>Kurzum. Wer einen verl\u00e4sslichen Klettersteigkarabiner sucht, liegt hier richtig!<\/p>\n<h2>Eigenschaften Kong Ferrata Twist Lock Sleeve<\/h2>\n<ul>\n<li>Hersteller: Kong<\/li>\n<li>Material: Alu eloxiert<\/li>\n<li>Typ: Klettersteigkarabiner<\/li>\n<li>EN Norm: EN 12275:K, EN 362\/B<\/li>\n<li>UIAA Norm: 121<\/li>\n<li>Gewicht: 95 Gramm<\/li>\n<li>Dimensionen: 118\u00a0 x 80mm<\/li>\n<li>Bruchlasten: 30kN &#8211; 8 kN<\/li>\n<li>Schnapper\u00f6ffnung: 28mm<\/li>\n<li>Twist Lock Verschluss<\/li>\n<\/ul>\n<h3>Bau einer Rastschlinge<\/h3>\n<p>Wir empfehlen beim Bau einer Rastschlinge mit dem Kong Ferrata Twist Lock Sleeve folgende zwei Produkte. Als erstes eine 60cm <a href=\"https:\/\/bolting.eu\/produkt-kategorie\/bandschlinge\/\">Bandschlinge<\/a>. Und als zweites eben einen Klettersteigkarabiner. Beachtet bitte!<\/p>\n<p>Die Bandschling sollte mit einem <strong>Mastwurf<\/strong> befestigt werden. Denn der Ankerstich eignet sich nicht. Er kann unter bestimmten Umst\u00e4nden &#8220;\u00fcber&#8221; den Karabiner schlupfen und sich selbst aush\u00e4ngen!<\/p>\n<p>Dabei solltet ihr durchaus ein anderes Modell wie jenes eures <a href=\"https:\/\/bolting.eu\/produkt-kategorie\/klettersteigset\/\">Klettersteigsets<\/a> kaufen. Denn somit ist es leichter ganz schnell zu erkennen um welchen Ausr\u00fcstungsgegenstand es sich handelt.<\/p>\n<h3>Kong Ferrata Twist Lock Sleeve- bew\u00e4hrtes System<\/h3>\n<p>Dieses Produkt ist wegen seiner Einfachheit ein egute Wahl f\u00fcr eine Klettersteig Rastschlinge. Denn der Karabiner hat daf\u00fcr ein paar stimmige Features.<\/p>\n<p>Erstens ist er rot und daher sehr auff\u00e4llig. Somit sieht man ihn sofort am <a href=\"https:\/\/bolting.eu\/produkt-kategorie\/klettergurte\/\">Klettergurt<\/a>. Zweitens hat er eine ergonomische Form mit passendem &#8220;knick&#8221; f\u00fcr die H\u00e4nde. Und drittens ist die Kombi aus Schnapperbreite bzw. Verschluss System sehr gut. D.h. der Karabiner l\u00e4sst sich rasch klippen.<\/p>\n<h4><strong>Link Tipp<\/strong><\/h4>\n<p>Mehr Infos zum Kong Ferrata Twist Lock Sleeve gibt es in der <a href=\"https:\/\/www.kong.it\/downloads\/I_KONG_CONNECTORS.pdf\" target=\"_blank\" rel=\"noopener noreferrer\">Gebrauchsanleitung<\/a> des Herstellers.<\/p>\n","protected":false},"excerpt":{"rendered":"<ul>\n<li>Hersteller: <a href=\"https:\/\/bolting.eu\/produkt-kategorie\/austrialpin\/\">Austrialpin<\/a><\/li>\n<li>Material: Alu eloxiert<\/li>\n<li>Typ: Klettersteigkarabiner<\/li>\n<li>EN Norm: EN 12275:2011<\/li>\n<li>UIAA Norm: 121<\/li>\n<li>Gewicht: 124 Gramm<\/li>\n<li>Dimensionen: 129\u00a0 x 77mm<\/li>\n<li>Bruchlasten: 27kN &#8211; 9 kN &#8211; 9kN<\/li>\n<li>Schnapper\u00f6ffnung: 29mm<\/li>\n<li>inkl. Abriebschutz<\/li>\n<\/ul>\n","protected":false},"featured_media":5022,"comment_status":"open","ping_status":"closed","template":"","meta":[],"product_brand":[],"product_cat":[3010,4651,13932,44,3007],"product_tag":[],"class_list":{"0":"post-5020","1":"product","2":"type-product","3":"status-publish","4":"has-post-thumbnail","6":"product_cat-klettersteigkarabiner","7":"product_cat-kong","8":"product_cat-twist-lock-karabiner","9":"product_cat-kletterkarabiner","10":"product_cat-einhandkarabiner","12":"first","13":"instock","14":"taxable","15":"shipping-taxable","16":"purchasable","17":"product-type-simple"},"yoast_head":"<!-- This site is optimized with the Yoast SEO Premium plugin v26.9 (Yoast SEO v26.9) - https:\/\/yoast.com\/product\/yoast-seo-premium-wordpress\/ -->\n<title>Kong Ferrata Twist Lock Sleeve jetzt g\u00fcnstig online kaufen | bolting.eu<\/title>\n<meta name=\"description\" content=\"Hier findest Du den KONG FERRATA TWIST LOCK SLEEVE . \u2705 14 Tage R\u00fcckgaberecht \u2705 versandfrei* ab \u20ac 100,- \u2705 Kaufberatung \u2705 Fachh\u00e4ndler aus \u00d6sterreich\" \/>\n<meta name=\"robots\" content=\"index, follow, max-snippet:-1, max-image-preview:large, max-video-preview:-1\" \/>\n<link rel=\"canonical\" href=\"https:\/\/bolting.eu\/en\/shop\/kong-ferrata-twist-lock-sleeve\/\" \/>\n<meta property=\"og:locale\" content=\"en_US\" \/>\n<meta property=\"og:type\" content=\"article\" \/>\n<meta property=\"og:title\" content=\"Kong Ferrata Twist Lock Sleeve\" \/>\n<meta property=\"og:description\" content=\"Hier findest Du den KONG FERRATA TWIST LOCK SLEEVE . \u2705 14 Tage R\u00fcckgaberecht \u2705 versandfrei* ab \u20ac 100,- \u2705 Kaufberatung \u2705 Fachh\u00e4ndler aus \u00d6sterreich\" \/>\n<meta property=\"og:url\" content=\"https:\/\/bolting.eu\/en\/shop\/kong-ferrata-twist-lock-sleeve\/\" \/>\n<meta property=\"og:site_name\" content=\"bolting.eu\" \/>\n<meta property=\"article:publisher\" content=\"https:\/\/www.facebook.com\/bolting.eu\" \/>\n<meta property=\"article:modified_time\" content=\"2024-05-28T20:24:52+00:00\" \/>\n<meta property=\"og:image\" content=\"https:\/\/bolting.eu\/wp-content\/uploads\/2020\/08\/Kong-Ferrata-Twist-Lock-Sleeve-1.jpg\" \/>\n\t<meta property=\"og:image:width\" content=\"700\" \/>\n\t<meta property=\"og:image:height\" content=\"700\" \/>\n\t<meta property=\"og:image:type\" content=\"image\/jpeg\" \/>\n<meta name=\"twitter:card\" content=\"summary_large_image\" \/>\n<meta name=\"twitter:label1\" content=\"Price\" \/>\n\t<meta name=\"twitter:data1\" content=\"&euro;&nbsp;18,90\" \/>\n\t<meta name=\"twitter:label2\" content=\"Availability\" \/>\n\t<meta name=\"twitter:data2\" content=\"In stock\" \/>\n<script type=\"application\/ld+json\" class=\"yoast-schema-graph\">{\"@context\":\"https:\/\/schema.org\",\"@graph\":[{\"@type\":[\"WebPage\",\"ItemPage\"],\"@id\":\"https:\/\/bolting.eu\/en\/shop\/kong-ferrata-twist-lock-sleeve\/\",\"url\":\"https:\/\/bolting.eu\/en\/shop\/kong-ferrata-twist-lock-sleeve\/\",\"name\":\"Kong Ferrata Twist Lock Sleeve jetzt g\u00fcnstig online kaufen | bolting.eu\",\"isPartOf\":{\"@id\":\"https:\/\/bolting.eu\/en\/#website\"},\"primaryImageOfPage\":{\"@id\":\"https:\/\/bolting.eu\/en\/shop\/kong-ferrata-twist-lock-sleeve\/#primaryimage\"},\"image\":{\"@id\":\"https:\/\/bolting.eu\/en\/shop\/kong-ferrata-twist-lock-sleeve\/#primaryimage\"},\"thumbnailUrl\":\"https:\/\/bolting.eu\/wp-content\/uploads\/2020\/08\/Kong-Ferrata-Twist-Lock-Sleeve-1.jpg\",\"datePublished\":\"2020-08-29T14:16:08+00:00\",\"dateModified\":\"2024-05-28T20:24:52+00:00\",\"description\":\"Hier findest Du den KONG FERRATA TWIST LOCK SLEEVE . \u2705 14 Tage R\u00fcckgaberecht \u2705 versandfrei* ab \u20ac 100,- \u2705 Kaufberatung \u2705 Fachh\u00e4ndler aus \u00d6sterreich\",\"breadcrumb\":{\"@id\":\"https:\/\/bolting.eu\/en\/shop\/kong-ferrata-twist-lock-sleeve\/#breadcrumb\"},\"inLanguage\":\"en-US\",\"potentialAction\":[{\"@type\":\"ReadAction\",\"target\":[\"https:\/\/bolting.eu\/en\/shop\/kong-ferrata-twist-lock-sleeve\/\"]}]},{\"@type\":\"ImageObject\",\"inLanguage\":\"en-US\",\"@id\":\"https:\/\/bolting.eu\/en\/shop\/kong-ferrata-twist-lock-sleeve\/#primaryimage\",\"url\":\"https:\/\/bolting.eu\/wp-content\/uploads\/2020\/08\/Kong-Ferrata-Twist-Lock-Sleeve-1.jpg\",\"contentUrl\":\"https:\/\/bolting.eu\/wp-content\/uploads\/2020\/08\/Kong-Ferrata-Twist-Lock-Sleeve-1.jpg\",\"width\":700,\"height\":700,\"caption\":\"Das Bild zeigt den Kong Ferrata Twist Lock Sleeve. Der rote Klettersteigkarabiner ist von vorne zu sehen mit dem silbernen Drehverschluss nach rechts.\"},{\"@type\":\"BreadcrumbList\",\"@id\":\"https:\/\/bolting.eu\/en\/shop\/kong-ferrata-twist-lock-sleeve\/#breadcrumb\",\"itemListElement\":[{\"@type\":\"ListItem\",\"position\":1,\"name\":\"Shop\",\"item\":\"https:\/\/bolting.eu\/en\/shop\/\"},{\"@type\":\"ListItem\",\"position\":2,\"name\":\"climbing equipment\",\"item\":\"https:\/\/bolting.eu\/en\/produkt-kategorie\/climbing-equipment\/\"},{\"@type\":\"ListItem\",\"position\":3,\"name\":\"Climbing carabiner\",\"item\":\"https:\/\/bolting.eu\/en\/produkt-kategorie\/climbing-carabiner\/\"},{\"@type\":\"ListItem\",\"position\":4,\"name\":\"Kong Ferrata Twist Lock Sleeve\"}]},{\"@type\":\"WebSite\",\"@id\":\"https:\/\/bolting.eu\/en\/#website\",\"url\":\"https:\/\/bolting.eu\/en\/\",\"name\":\"bolting.eu\",\"description\":\"we make climbs happen\",\"publisher\":{\"@id\":\"https:\/\/bolting.eu\/en\/#organization\"},\"potentialAction\":[{\"@type\":\"SearchAction\",\"target\":{\"@type\":\"EntryPoint\",\"urlTemplate\":\"https:\/\/bolting.eu\/en\/?s={search_term_string}\"},\"query-input\":{\"@type\":\"PropertyValueSpecification\",\"valueRequired\":true,\"valueName\":\"search_term_string\"}}],\"inLanguage\":\"en-US\"},{\"@type\":[\"Organization\",\"Place\",\"SportingGoodsStore\"],\"@id\":\"https:\/\/bolting.eu\/en\/#organization\",\"name\":\"bolting.eu\",\"url\":\"https:\/\/bolting.eu\/en\/\",\"logo\":{\"@id\":\"https:\/\/bolting.eu\/en\/shop\/kong-ferrata-twist-lock-sleeve\/#local-main-organization-logo\"},\"image\":{\"@id\":\"https:\/\/bolting.eu\/en\/shop\/kong-ferrata-twist-lock-sleeve\/#local-main-organization-logo\"},\"sameAs\":[\"https:\/\/www.facebook.com\/bolting.eu\",\"https:\/\/www.instagram.com\/bolting.eu\/\"],\"address\":{\"@id\":\"https:\/\/bolting.eu\/en\/shop\/kong-ferrata-twist-lock-sleeve\/#local-main-place-address\"},\"geo\":{\"@type\":\"GeoCoordinates\",\"latitude\":\"47.264176340396226\",\"longitude\":\"11.380109057672346\"},\"telephone\":[\"+43 699 19083372\"],\"openingHoursSpecification\":[{\"@type\":\"OpeningHoursSpecification\",\"dayOfWeek\":[\"Monday\",\"Wednesday\",\"Friday\"],\"opens\":\"14:00\",\"closes\":\"18:00\"},{\"@type\":\"OpeningHoursSpecification\",\"dayOfWeek\":[\"Tuesday\",\"Thursday\",\"Saturday\",\"Sunday\"],\"opens\":\"00:00\",\"closes\":\"00:00\"}],\"email\":\"office@bolting.eu\",\"vatID\":\"ATU59999728\",\"priceRange\":\"$$\",\"currenciesAccepted\":\"Euro\"},{\"@type\":\"PostalAddress\",\"@id\":\"https:\/\/bolting.eu\/en\/shop\/kong-ferrata-twist-lock-sleeve\/#local-main-place-address\",\"streetAddress\":\"Fischnalerstra\u00dfe 4\",\"addressLocality\":\"Innsbruck\",\"postalCode\":\"6020\",\"addressRegion\":\"Tirol\",\"addressCountry\":\"AT\"},{\"@type\":\"ImageObject\",\"inLanguage\":\"en-US\",\"@id\":\"https:\/\/bolting.eu\/en\/shop\/kong-ferrata-twist-lock-sleeve\/#local-main-organization-logo\",\"url\":\"https:\/\/bolting.eu\/wp-content\/uploads\/2019\/09\/bolting-logo.png\",\"contentUrl\":\"https:\/\/bolting.eu\/wp-content\/uploads\/2019\/09\/bolting-logo.png\",\"width\":400,\"height\":211,\"caption\":\"bolting.eu\"}]}<\/script>\n<meta property=\"product:price:amount\" content=\"18.90\" \/>\n<meta property=\"product:price:currency\" content=\"EUR\" \/>\n<meta property=\"og:availability\" content=\"instock\" \/>\n<meta property=\"product:availability\" content=\"instock\" \/>\n<meta property=\"product:retailer_item_id\" content=\"778RPP3P1KK\" \/>\n<meta property=\"product:condition\" content=\"new\" \/>\n<meta name=\"geo.placename\" content=\"Innsbruck\" \/>\n<meta name=\"geo.position\" content=\"47.264176340396226;11.380109057672346\" \/>\n<meta name=\"geo.region\" content=\"Austria\" \/>\n<!-- \/ Yoast SEO Premium plugin. -->","yoast_head_json":{"title":"Kong Ferrata Twist Lock Sleeve jetzt g\u00fcnstig online kaufen | bolting.eu","description":"Hier findest Du den KONG FERRATA TWIST LOCK SLEEVE . \u2705 14 Tage R\u00fcckgaberecht \u2705 versandfrei* ab \u20ac 100,- \u2705 Kaufberatung \u2705 Fachh\u00e4ndler aus \u00d6sterreich","robots":{"index":"index","follow":"follow","max-snippet":"max-snippet:-1","max-image-preview":"max-image-preview:large","max-video-preview":"max-video-preview:-1"},"canonical":"https:\/\/bolting.eu\/en\/shop\/kong-ferrata-twist-lock-sleeve\/","og_locale":"en_US","og_type":"article","og_title":"Kong Ferrata Twist Lock Sleeve","og_description":"Hier findest Du den KONG FERRATA TWIST LOCK SLEEVE . \u2705 14 Tage R\u00fcckgaberecht \u2705 versandfrei* ab \u20ac 100,- \u2705 Kaufberatung \u2705 Fachh\u00e4ndler aus \u00d6sterreich","og_url":"https:\/\/bolting.eu\/en\/shop\/kong-ferrata-twist-lock-sleeve\/","og_site_name":"bolting.eu","article_publisher":"https:\/\/www.facebook.com\/bolting.eu","article_modified_time":"2024-05-28T20:24:52+00:00","og_image":[{"width":700,"height":700,"url":"https:\/\/bolting.eu\/wp-content\/uploads\/2020\/08\/Kong-Ferrata-Twist-Lock-Sleeve-1.jpg","type":"image\/jpeg"}],"twitter_card":"summary_large_image","twitter_misc":{"Price":"&euro;&nbsp;18,90","Availability":"In stock"},"schema":{"@context":"https:\/\/schema.org","@graph":[{"@type":["WebPage","ItemPage"],"@id":"https:\/\/bolting.eu\/en\/shop\/kong-ferrata-twist-lock-sleeve\/","url":"https:\/\/bolting.eu\/en\/shop\/kong-ferrata-twist-lock-sleeve\/","name":"Kong Ferrata Twist Lock Sleeve jetzt g\u00fcnstig online kaufen | bolting.eu","isPartOf":{"@id":"https:\/\/bolting.eu\/en\/#website"},"primaryImageOfPage":{"@id":"https:\/\/bolting.eu\/en\/shop\/kong-ferrata-twist-lock-sleeve\/#primaryimage"},"image":{"@id":"https:\/\/bolting.eu\/en\/shop\/kong-ferrata-twist-lock-sleeve\/#primaryimage"},"thumbnailUrl":"https:\/\/bolting.eu\/wp-content\/uploads\/2020\/08\/Kong-Ferrata-Twist-Lock-Sleeve-1.jpg","datePublished":"2020-08-29T14:16:08+00:00","dateModified":"2024-05-28T20:24:52+00:00","description":"Hier findest Du den KONG FERRATA TWIST LOCK SLEEVE . \u2705 14 Tage R\u00fcckgaberecht \u2705 versandfrei* ab \u20ac 100,- \u2705 Kaufberatung \u2705 Fachh\u00e4ndler aus \u00d6sterreich","breadcrumb":{"@id":"https:\/\/bolting.eu\/en\/shop\/kong-ferrata-twist-lock-sleeve\/#breadcrumb"},"inLanguage":"en-US","potentialAction":[{"@type":"ReadAction","target":["https:\/\/bolting.eu\/en\/shop\/kong-ferrata-twist-lock-sleeve\/"]}]},{"@type":"ImageObject","inLanguage":"en-US","@id":"https:\/\/bolting.eu\/en\/shop\/kong-ferrata-twist-lock-sleeve\/#primaryimage","url":"https:\/\/bolting.eu\/wp-content\/uploads\/2020\/08\/Kong-Ferrata-Twist-Lock-Sleeve-1.jpg","contentUrl":"https:\/\/bolting.eu\/wp-content\/uploads\/2020\/08\/Kong-Ferrata-Twist-Lock-Sleeve-1.jpg","width":700,"height":700,"caption":"Das Bild zeigt den Kong Ferrata Twist Lock Sleeve. Der rote Klettersteigkarabiner ist von vorne zu sehen mit dem silbernen Drehverschluss nach rechts."},{"@type":"BreadcrumbList","@id":"https:\/\/bolting.eu\/en\/shop\/kong-ferrata-twist-lock-sleeve\/#breadcrumb","itemListElement":[{"@type":"ListItem","position":1,"name":"Shop","item":"https:\/\/bolting.eu\/en\/shop\/"},{"@type":"ListItem","position":2,"name":"climbing equipment","item":"https:\/\/bolting.eu\/en\/produkt-kategorie\/climbing-equipment\/"},{"@type":"ListItem","position":3,"name":"Climbing carabiner","item":"https:\/\/bolting.eu\/en\/produkt-kategorie\/climbing-carabiner\/"},{"@type":"ListItem","position":4,"name":"Kong Ferrata Twist Lock Sleeve"}]},{"@type":"WebSite","@id":"https:\/\/bolting.eu\/en\/#website","url":"https:\/\/bolting.eu\/en\/","name":"bolting.eu","description":"we make climbs happen","publisher":{"@id":"https:\/\/bolting.eu\/en\/#organization"},"potentialAction":[{"@type":"SearchAction","target":{"@type":"EntryPoint","urlTemplate":"https:\/\/bolting.eu\/en\/?s={search_term_string}"},"query-input":{"@type":"PropertyValueSpecification","valueRequired":true,"valueName":"search_term_string"}}],"inLanguage":"en-US"},{"@type":["Organization","Place","SportingGoodsStore"],"@id":"https:\/\/bolting.eu\/en\/#organization","name":"bolting.eu","url":"https:\/\/bolting.eu\/en\/","logo":{"@id":"https:\/\/bolting.eu\/en\/shop\/kong-ferrata-twist-lock-sleeve\/#local-main-organization-logo"},"image":{"@id":"https:\/\/bolting.eu\/en\/shop\/kong-ferrata-twist-lock-sleeve\/#local-main-organization-logo"},"sameAs":["https:\/\/www.facebook.com\/bolting.eu","https:\/\/www.instagram.com\/bolting.eu\/"],"address":{"@id":"https:\/\/bolting.eu\/en\/shop\/kong-ferrata-twist-lock-sleeve\/#local-main-place-address"},"geo":{"@type":"GeoCoordinates","latitude":"47.264176340396226","longitude":"11.380109057672346"},"telephone":["+43 699 19083372"],"openingHoursSpecification":[{"@type":"OpeningHoursSpecification","dayOfWeek":["Monday","Wednesday","Friday"],"opens":"14:00","closes":"18:00"},{"@type":"OpeningHoursSpecification","dayOfWeek":["Tuesday","Thursday","Saturday","Sunday"],"opens":"00:00","closes":"00:00"}],"email":"office@bolting.eu","vatID":"ATU59999728","priceRange":"$$","currenciesAccepted":"Euro"},{"@type":"PostalAddress","@id":"https:\/\/bolting.eu\/en\/shop\/kong-ferrata-twist-lock-sleeve\/#local-main-place-address","streetAddress":"Fischnalerstra\u00dfe 4","addressLocality":"Innsbruck","postalCode":"6020","addressRegion":"Tirol","addressCountry":"AT"},{"@type":"ImageObject","inLanguage":"en-US","@id":"https:\/\/bolting.eu\/en\/shop\/kong-ferrata-twist-lock-sleeve\/#local-main-organization-logo","url":"https:\/\/bolting.eu\/wp-content\/uploads\/2019\/09\/bolting-logo.png","contentUrl":"https:\/\/bolting.eu\/wp-content\/uploads\/2019\/09\/bolting-logo.png","width":400,"height":211,"caption":"bolting.eu"}]},"product_price_amount":"18.90","product_price_currency":"EUR","og_availability":"instock","product_availability":"instock","product_retailer_item_id":"778RPP3P1KK","product_condition":"new","geo.placename":"Innsbruck","geo.position":{"lat":"47.264176340396226","long":"11.380109057672346"},"geo.region":"Austria"},"_links":{"self":[{"href":"https:\/\/bolting.eu\/en\/wp-json\/wp\/v2\/product\/5020","targetHints":{"allow":["GET"]}}],"collection":[{"href":"https:\/\/bolting.eu\/en\/wp-json\/wp\/v2\/product"}],"about":[{"href":"https:\/\/bolting.eu\/en\/wp-json\/wp\/v2\/types\/product"}],"replies":[{"embeddable":true,"href":"https:\/\/bolting.eu\/en\/wp-json\/wp\/v2\/comments?post=5020"}],"wp:featuredmedia":[{"embeddable":true,"href":"https:\/\/bolting.eu\/en\/wp-json\/wp\/v2\/media\/5022"}],"wp:attachment":[{"href":"https:\/\/bolting.eu\/en\/wp-json\/wp\/v2\/media?parent=5020"}],"wp:term":[{"taxonomy":"product_brand","embeddable":true,"href":"https:\/\/bolting.eu\/en\/wp-json\/wp\/v2\/product_brand?post=5020"},{"taxonomy":"product_cat","embeddable":true,"href":"https:\/\/bolting.eu\/en\/wp-json\/wp\/v2\/product_cat?post=5020"},{"taxonomy":"product_tag","embeddable":true,"href":"https:\/\/bolting.eu\/en\/wp-json\/wp\/v2\/product_tag?post=5020"}],"curies":[{"name":"wp","href":"https:\/\/api.w.org\/{rel}","templated":true}]}}