{"id":5015,"date":"2020-08-29T16:15:33","date_gmt":"2020-08-29T14:15:33","guid":{"rendered":"https:\/\/bolting.eu\/?post_type=product&#038;p=5015"},"modified":"2025-09-02T15:36:47","modified_gmt":"2025-09-02T13:36:47","slug":"austrialpin-colt-klettersteigkarabiner","status":"publish","type":"product","link":"https:\/\/bolting.eu\/en\/shop\/austrialpin-colt-klettersteigkarabiner\/","title":{"rendered":"Austrialpin Colt Klettersteigkarabiner"},"content":{"rendered":"<p>Der Austrialpin Colt Klettersteigkarabiner ist ideal f\u00fcr den Bau einer Klettersteig Selbstsicherungsschlinge. Zudem kann er auch als Selbsicherung im Rettungswesen benutzt werden.<\/p>\n<p>Denn der Colt hat zum einen eine robuste Bauweise sowie einen einfachen Abriebschutz. Zum anderen hat er eine simple Schnappersicherung und \u00f6ffnet extrem zuverl\u00e4ssig.<\/p>\n<p>Kurzum. Wer einen soliden Einhandkarabiner \/ Klettersteigkarabiner sucht, ist hier richtig!<\/p>\n<h2>Eigenschaften Austrialpin Colt Klettersteigkarabiner<\/h2>\n<ul>\n<li>Hersteller: Austrialpin<\/li>\n<li>Material: Alu eloxiert<\/li>\n<li>Typ: Klettersteigkarabiner<\/li>\n<li>EN Norm: EN 12275:2011<\/li>\n<li>UIAA Norm: 121<\/li>\n<li>Gewicht: 124 Gramm<\/li>\n<li>Dimensionen: 129\u00a0 x 77mm<\/li>\n<li>Bruchlasten: 27kN &#8211; 9 kN &#8211; 9kN<\/li>\n<li>Schnapper\u00f6ffnung: 29mm<\/li>\n<li>inkl. Abriebschutz<\/li>\n<\/ul>\n<h3>Bau einer Rastschlinge<\/h3>\n<p>Wir empfehlen beim Bau einer Rastschlinge mit dem Austrialpin Colt Klettersteigkarabiner folgende zwei Produkte. Als erstes eine 60cm <a href=\"https:\/\/bolting.eu\/produkt-kategorie\/bandschlinge\/\">Bandschlinge<\/a>. Und als zweites eben einen Klettersteigkarabiner.<\/p>\n<p>Dabei solltet ihr durchaus ein anderes Modell wie jenes eures <a href=\"https:\/\/bolting.eu\/produkt-kategorie\/klettersteigset\/\">Klettersteigsets<\/a> kaufen. Denn somit ist es leichter ganz schnell zu erkennen um welchen Ausr\u00fcstungsgegenstand es sich handelt.<\/p>\n<h3>Austrialpin Colt Klettersteigkarabiner &#8211; robuste und funktionell<\/h3>\n<p>Dieses Produkt ist wegen dem Abriebschutz unsere Empfehlung f\u00fcr eine Rastschlinge. Denn der auff\u00e4llige Karabiner hat gleich ein paar coole Features daf\u00fcr.<\/p>\n<p>Erstens ist er gelb und auff\u00e4llig. Somit sieht man ihn sofort am <a href=\"https:\/\/bolting.eu\/produkt-kategorie\/klettergurte\/\">Klettergurt<\/a>. Zweitens hat er einen Abriebschutz im Scheitel. Folglich schont das den Karabiner ganz enorm. Und drittens ist die Kombi aus Schnapperbreite bzw. Handballensicherung sehr gut. D.h. der Karabiner l\u00e4sst sich rasch klippen.<\/p>\n<h3>Abriebschutz abnehmbar<\/h3>\n<p><a href=\"https:\/\/bolting.eu\/wp-content\/uploads\/2020\/08\/Austrialpin-Colt-Klettersteigkarabiner-2.jpg\"><img loading=\"lazy\" decoding=\"async\" class=\"size-thumbnail wp-image-5017 alignleft\" src=\"https:\/\/bolting.eu\/wp-content\/uploads\/2020\/08\/Austrialpin-Colt-Klettersteigkarabiner-2-280x280.jpg\" alt=\"Das Bild zeigt den Austrialpin Colt Klettersteigkarabiner. Der gelbe Karabiner mit dem schwarzen Kunststoff Aufs\u00e4tzen liegt in Bildmitte. Man erkennt seine Form und die Handballensicherung.\" width=\"280\" height=\"280\" srcset=\"https:\/\/bolting.eu\/wp-content\/uploads\/2020\/08\/Austrialpin-Colt-Klettersteigkarabiner-2-280x280.jpg 280w, https:\/\/bolting.eu\/wp-content\/uploads\/2020\/08\/Austrialpin-Colt-Klettersteigkarabiner-2-100x100.jpg 100w, https:\/\/bolting.eu\/wp-content\/uploads\/2020\/08\/Austrialpin-Colt-Klettersteigkarabiner-2-510x510.jpg 510w, https:\/\/bolting.eu\/wp-content\/uploads\/2020\/08\/Austrialpin-Colt-Klettersteigkarabiner-2-400x400.jpg 400w, https:\/\/bolting.eu\/wp-content\/uploads\/2020\/08\/Austrialpin-Colt-Klettersteigkarabiner-2-300x300.jpg 300w, https:\/\/bolting.eu\/wp-content\/uploads\/2020\/08\/Austrialpin-Colt-Klettersteigkarabiner-2-600x600.jpg 600w, https:\/\/bolting.eu\/wp-content\/uploads\/2020\/08\/Austrialpin-Colt-Klettersteigkarabiner-2.jpg 700w\" sizes=\"auto, (max-width: 280px) 100vw, 280px\" \/><\/a>Sollte euch das Kunststoffteil im Scheitel des Austrialpin Colt Klettersteigkarabiner st\u00f6ren, keine Sorge. Man kann es relativ einfach abmontieren.<\/p>\n<p>Das kann z.B. der Fall sein wenn man bewusst etwas hin und her rutschen will. Oder auch wenn man mehr &#8220;Raum&#8221; braucht. Gegebenfalls kann dies bei breiten Stahlteilen bei H\u00f6henarbeiten der Fall sein.<\/p>\n<p>Ebenso kann man den Schutz abnehmen, wenn man durch eine engere \u00d6se einh\u00e4ngen m\u00f6chte.<\/p>\n<h4><strong>Link Tipp<\/strong><\/h4>\n<p>Mehr Infos zum Karabiner gibt es in der <a href=\"https:\/\/www.austrialpin.at\/fileadmin\/anleitungen\/AA_instruction-manual_carabiner-slings.pdf\" target=\"_blank\" rel=\"noopener noreferrer\">Gebrauchsanleitung<\/a> des Herstellers.<\/p>\n","protected":false},"excerpt":{"rendered":"<ul>\n<li>Hersteller: <a href=\"https:\/\/bolting.eu\/produkt-kategorie\/austrialpin\/\">Austrialpin<\/a><\/li>\n<li>Material: Alu eloxiert<\/li>\n<li>Typ: Klettersteigkarabiner<\/li>\n<li>EN Norm: EN 12275:2011<\/li>\n<li>UIAA Norm: 121<\/li>\n<li>Gewicht: 124 Gramm<\/li>\n<li>Dimensionen: 129\u00a0 x 77mm<\/li>\n<li>Bruchlasten: 27kN &#8211; 9 kN &#8211; 9kN<\/li>\n<li>Schnapper\u00f6ffnung: 29mm<\/li>\n<li>inkl. Abriebschutz<\/li>\n<\/ul>\n","protected":false},"featured_media":5019,"comment_status":"open","ping_status":"closed","template":"","meta":[],"product_brand":[],"product_cat":[3007,3010,4649,44],"product_tag":[],"class_list":{"0":"post-5015","1":"product","2":"type-product","3":"status-publish","4":"has-post-thumbnail","6":"product_cat-einhandkarabiner","7":"product_cat-klettersteigkarabiner","8":"product_cat-austrialpin","9":"product_cat-kletterkarabiner","11":"first","12":"instock","13":"taxable","14":"shipping-taxable","15":"purchasable","16":"product-type-simple"},"yoast_head":"<!-- This site is optimized with the Yoast SEO Premium plugin v26.9 (Yoast SEO v26.9) - https:\/\/yoast.com\/product\/yoast-seo-premium-wordpress\/ -->\n<title>Austrialpin Colt Klettersteigkarabiner jetzt g\u00fcnstig online kaufen | bolting.eu<\/title>\n<meta name=\"description\" content=\"Hier findest Du den AUSTRIALPIN COLT KLETTERSTEIGKARABINER. \u2705 14 Tage R\u00fcckgaberecht \u2705 versandfrei* ab \u20ac 100,- \u2705 Kaufberatung \u2705 Fachh\u00e4ndler aus \u00d6sterreich\" \/>\n<meta name=\"robots\" content=\"index, follow, max-snippet:-1, max-image-preview:large, max-video-preview:-1\" \/>\n<link rel=\"canonical\" href=\"https:\/\/bolting.eu\/en\/shop\/austrialpin-colt-klettersteigkarabiner\/\" \/>\n<meta property=\"og:locale\" content=\"en_US\" \/>\n<meta property=\"og:type\" content=\"article\" \/>\n<meta property=\"og:title\" content=\"Austrialpin Colt Klettersteigkarabiner\" \/>\n<meta property=\"og:description\" content=\"Hier findest Du den AUSTRIALPIN COLT KLETTERSTEIGKARABINER. \u2705 14 Tage R\u00fcckgaberecht \u2705 versandfrei* ab \u20ac 100,- \u2705 Kaufberatung \u2705 Fachh\u00e4ndler aus \u00d6sterreich\" \/>\n<meta property=\"og:url\" content=\"https:\/\/bolting.eu\/en\/shop\/austrialpin-colt-klettersteigkarabiner\/\" \/>\n<meta property=\"og:site_name\" content=\"bolting.eu\" \/>\n<meta property=\"article:publisher\" content=\"https:\/\/www.facebook.com\/bolting.eu\" \/>\n<meta property=\"article:modified_time\" content=\"2025-09-02T13:36:47+00:00\" \/>\n<meta property=\"og:image\" content=\"https:\/\/bolting.eu\/wp-content\/uploads\/2020\/08\/Austrialpin-Colt-Klettersteigkarabiner-1.jpg\" \/>\n\t<meta property=\"og:image:width\" content=\"700\" \/>\n\t<meta property=\"og:image:height\" content=\"700\" \/>\n\t<meta property=\"og:image:type\" content=\"image\/jpeg\" \/>\n<meta name=\"twitter:card\" content=\"summary_large_image\" \/>\n<meta name=\"twitter:label1\" content=\"Price\" \/>\n\t<meta name=\"twitter:data1\" content=\"&euro;&nbsp;26,50\" \/>\n\t<meta name=\"twitter:label2\" content=\"Availability\" \/>\n\t<meta name=\"twitter:data2\" content=\"In stock\" \/>\n<script type=\"application\/ld+json\" class=\"yoast-schema-graph\">{\"@context\":\"https:\/\/schema.org\",\"@graph\":[{\"@type\":[\"WebPage\",\"ItemPage\"],\"@id\":\"https:\/\/bolting.eu\/en\/shop\/austrialpin-colt-klettersteigkarabiner\/\",\"url\":\"https:\/\/bolting.eu\/en\/shop\/austrialpin-colt-klettersteigkarabiner\/\",\"name\":\"Austrialpin Colt Klettersteigkarabiner jetzt g\u00fcnstig online kaufen | bolting.eu\",\"isPartOf\":{\"@id\":\"https:\/\/bolting.eu\/en\/#website\"},\"primaryImageOfPage\":{\"@id\":\"https:\/\/bolting.eu\/en\/shop\/austrialpin-colt-klettersteigkarabiner\/#primaryimage\"},\"image\":{\"@id\":\"https:\/\/bolting.eu\/en\/shop\/austrialpin-colt-klettersteigkarabiner\/#primaryimage\"},\"thumbnailUrl\":\"https:\/\/bolting.eu\/wp-content\/uploads\/2020\/08\/Austrialpin-Colt-Klettersteigkarabiner-1.jpg\",\"datePublished\":\"2020-08-29T14:15:33+00:00\",\"dateModified\":\"2025-09-02T13:36:47+00:00\",\"description\":\"Hier findest Du den AUSTRIALPIN COLT KLETTERSTEIGKARABINER. \u2705 14 Tage R\u00fcckgaberecht \u2705 versandfrei* ab \u20ac 100,- \u2705 Kaufberatung \u2705 Fachh\u00e4ndler aus \u00d6sterreich\",\"breadcrumb\":{\"@id\":\"https:\/\/bolting.eu\/en\/shop\/austrialpin-colt-klettersteigkarabiner\/#breadcrumb\"},\"inLanguage\":\"en-US\",\"potentialAction\":[{\"@type\":\"ReadAction\",\"target\":[\"https:\/\/bolting.eu\/en\/shop\/austrialpin-colt-klettersteigkarabiner\/\"]}]},{\"@type\":\"ImageObject\",\"inLanguage\":\"en-US\",\"@id\":\"https:\/\/bolting.eu\/en\/shop\/austrialpin-colt-klettersteigkarabiner\/#primaryimage\",\"url\":\"https:\/\/bolting.eu\/wp-content\/uploads\/2020\/08\/Austrialpin-Colt-Klettersteigkarabiner-1.jpg\",\"contentUrl\":\"https:\/\/bolting.eu\/wp-content\/uploads\/2020\/08\/Austrialpin-Colt-Klettersteigkarabiner-1.jpg\",\"width\":700,\"height\":700,\"caption\":\"Das Bild zeigt den Austrialpin Colt Klettersteigkarabiner. Der gelbe Karabiner mit dem schwarzen Kunststoff Aufs\u00e4tzen liegt in Bildmitte. Man erkennt seine Form, die Handballensicherung und den Abriebschutz.\"},{\"@type\":\"BreadcrumbList\",\"@id\":\"https:\/\/bolting.eu\/en\/shop\/austrialpin-colt-klettersteigkarabiner\/#breadcrumb\",\"itemListElement\":[{\"@type\":\"ListItem\",\"position\":1,\"name\":\"Shop\",\"item\":\"https:\/\/bolting.eu\/en\/shop\/\"},{\"@type\":\"ListItem\",\"position\":2,\"name\":\"Austrialpin\",\"item\":\"https:\/\/bolting.eu\/en\/produkt-kategorie\/austrialpin-en\/\"},{\"@type\":\"ListItem\",\"position\":3,\"name\":\"Austrialpin Colt Klettersteigkarabiner\"}]},{\"@type\":\"WebSite\",\"@id\":\"https:\/\/bolting.eu\/en\/#website\",\"url\":\"https:\/\/bolting.eu\/en\/\",\"name\":\"bolting.eu\",\"description\":\"we make climbs happen\",\"publisher\":{\"@id\":\"https:\/\/bolting.eu\/en\/#organization\"},\"potentialAction\":[{\"@type\":\"SearchAction\",\"target\":{\"@type\":\"EntryPoint\",\"urlTemplate\":\"https:\/\/bolting.eu\/en\/?s={search_term_string}\"},\"query-input\":{\"@type\":\"PropertyValueSpecification\",\"valueRequired\":true,\"valueName\":\"search_term_string\"}}],\"inLanguage\":\"en-US\"},{\"@type\":[\"Organization\",\"Place\",\"SportingGoodsStore\"],\"@id\":\"https:\/\/bolting.eu\/en\/#organization\",\"name\":\"bolting.eu\",\"url\":\"https:\/\/bolting.eu\/en\/\",\"logo\":{\"@id\":\"https:\/\/bolting.eu\/en\/shop\/austrialpin-colt-klettersteigkarabiner\/#local-main-organization-logo\"},\"image\":{\"@id\":\"https:\/\/bolting.eu\/en\/shop\/austrialpin-colt-klettersteigkarabiner\/#local-main-organization-logo\"},\"sameAs\":[\"https:\/\/www.facebook.com\/bolting.eu\",\"https:\/\/www.instagram.com\/bolting.eu\/\"],\"address\":{\"@id\":\"https:\/\/bolting.eu\/en\/shop\/austrialpin-colt-klettersteigkarabiner\/#local-main-place-address\"},\"geo\":{\"@type\":\"GeoCoordinates\",\"latitude\":\"47.264176340396226\",\"longitude\":\"11.380109057672346\"},\"telephone\":[\"+43 699 19083372\"],\"openingHoursSpecification\":[{\"@type\":\"OpeningHoursSpecification\",\"dayOfWeek\":[\"Monday\",\"Wednesday\",\"Friday\"],\"opens\":\"14:00\",\"closes\":\"18:00\"},{\"@type\":\"OpeningHoursSpecification\",\"dayOfWeek\":[\"Tuesday\",\"Thursday\",\"Saturday\",\"Sunday\"],\"opens\":\"00:00\",\"closes\":\"00:00\"}],\"email\":\"office@bolting.eu\",\"vatID\":\"ATU59999728\",\"priceRange\":\"$$\",\"currenciesAccepted\":\"Euro\"},{\"@type\":\"PostalAddress\",\"@id\":\"https:\/\/bolting.eu\/en\/shop\/austrialpin-colt-klettersteigkarabiner\/#local-main-place-address\",\"streetAddress\":\"Fischnalerstra\u00dfe 4\",\"addressLocality\":\"Innsbruck\",\"postalCode\":\"6020\",\"addressRegion\":\"Tirol\",\"addressCountry\":\"AT\"},{\"@type\":\"ImageObject\",\"inLanguage\":\"en-US\",\"@id\":\"https:\/\/bolting.eu\/en\/shop\/austrialpin-colt-klettersteigkarabiner\/#local-main-organization-logo\",\"url\":\"https:\/\/bolting.eu\/wp-content\/uploads\/2019\/09\/bolting-logo.png\",\"contentUrl\":\"https:\/\/bolting.eu\/wp-content\/uploads\/2019\/09\/bolting-logo.png\",\"width\":400,\"height\":211,\"caption\":\"bolting.eu\"}]}<\/script>\n<meta property=\"product:price:amount\" content=\"26.50\" \/>\n<meta property=\"product:price:currency\" content=\"EUR\" \/>\n<meta property=\"og:availability\" content=\"instock\" \/>\n<meta property=\"product:availability\" content=\"instock\" \/>\n<meta property=\"product:retailer_item_id\" content=\"KC90BK\" \/>\n<meta property=\"product:condition\" content=\"new\" \/>\n<meta name=\"geo.placename\" content=\"Innsbruck\" \/>\n<meta name=\"geo.position\" content=\"47.264176340396226;11.380109057672346\" \/>\n<meta name=\"geo.region\" content=\"Austria\" \/>\n<!-- \/ Yoast SEO Premium plugin. -->","yoast_head_json":{"title":"Austrialpin Colt Klettersteigkarabiner jetzt g\u00fcnstig online kaufen | bolting.eu","description":"Hier findest Du den AUSTRIALPIN COLT KLETTERSTEIGKARABINER. \u2705 14 Tage R\u00fcckgaberecht \u2705 versandfrei* ab \u20ac 100,- \u2705 Kaufberatung \u2705 Fachh\u00e4ndler aus \u00d6sterreich","robots":{"index":"index","follow":"follow","max-snippet":"max-snippet:-1","max-image-preview":"max-image-preview:large","max-video-preview":"max-video-preview:-1"},"canonical":"https:\/\/bolting.eu\/en\/shop\/austrialpin-colt-klettersteigkarabiner\/","og_locale":"en_US","og_type":"article","og_title":"Austrialpin Colt Klettersteigkarabiner","og_description":"Hier findest Du den AUSTRIALPIN COLT KLETTERSTEIGKARABINER. \u2705 14 Tage R\u00fcckgaberecht \u2705 versandfrei* ab \u20ac 100,- \u2705 Kaufberatung \u2705 Fachh\u00e4ndler aus \u00d6sterreich","og_url":"https:\/\/bolting.eu\/en\/shop\/austrialpin-colt-klettersteigkarabiner\/","og_site_name":"bolting.eu","article_publisher":"https:\/\/www.facebook.com\/bolting.eu","article_modified_time":"2025-09-02T13:36:47+00:00","og_image":[{"width":700,"height":700,"url":"https:\/\/bolting.eu\/wp-content\/uploads\/2020\/08\/Austrialpin-Colt-Klettersteigkarabiner-1.jpg","type":"image\/jpeg"}],"twitter_card":"summary_large_image","twitter_misc":{"Price":"&euro;&nbsp;26,50","Availability":"In stock"},"schema":{"@context":"https:\/\/schema.org","@graph":[{"@type":["WebPage","ItemPage"],"@id":"https:\/\/bolting.eu\/en\/shop\/austrialpin-colt-klettersteigkarabiner\/","url":"https:\/\/bolting.eu\/en\/shop\/austrialpin-colt-klettersteigkarabiner\/","name":"Austrialpin Colt Klettersteigkarabiner jetzt g\u00fcnstig online kaufen | bolting.eu","isPartOf":{"@id":"https:\/\/bolting.eu\/en\/#website"},"primaryImageOfPage":{"@id":"https:\/\/bolting.eu\/en\/shop\/austrialpin-colt-klettersteigkarabiner\/#primaryimage"},"image":{"@id":"https:\/\/bolting.eu\/en\/shop\/austrialpin-colt-klettersteigkarabiner\/#primaryimage"},"thumbnailUrl":"https:\/\/bolting.eu\/wp-content\/uploads\/2020\/08\/Austrialpin-Colt-Klettersteigkarabiner-1.jpg","datePublished":"2020-08-29T14:15:33+00:00","dateModified":"2025-09-02T13:36:47+00:00","description":"Hier findest Du den AUSTRIALPIN COLT KLETTERSTEIGKARABINER. \u2705 14 Tage R\u00fcckgaberecht \u2705 versandfrei* ab \u20ac 100,- \u2705 Kaufberatung \u2705 Fachh\u00e4ndler aus \u00d6sterreich","breadcrumb":{"@id":"https:\/\/bolting.eu\/en\/shop\/austrialpin-colt-klettersteigkarabiner\/#breadcrumb"},"inLanguage":"en-US","potentialAction":[{"@type":"ReadAction","target":["https:\/\/bolting.eu\/en\/shop\/austrialpin-colt-klettersteigkarabiner\/"]}]},{"@type":"ImageObject","inLanguage":"en-US","@id":"https:\/\/bolting.eu\/en\/shop\/austrialpin-colt-klettersteigkarabiner\/#primaryimage","url":"https:\/\/bolting.eu\/wp-content\/uploads\/2020\/08\/Austrialpin-Colt-Klettersteigkarabiner-1.jpg","contentUrl":"https:\/\/bolting.eu\/wp-content\/uploads\/2020\/08\/Austrialpin-Colt-Klettersteigkarabiner-1.jpg","width":700,"height":700,"caption":"Das Bild zeigt den Austrialpin Colt Klettersteigkarabiner. Der gelbe Karabiner mit dem schwarzen Kunststoff Aufs\u00e4tzen liegt in Bildmitte. Man erkennt seine Form, die Handballensicherung und den Abriebschutz."},{"@type":"BreadcrumbList","@id":"https:\/\/bolting.eu\/en\/shop\/austrialpin-colt-klettersteigkarabiner\/#breadcrumb","itemListElement":[{"@type":"ListItem","position":1,"name":"Shop","item":"https:\/\/bolting.eu\/en\/shop\/"},{"@type":"ListItem","position":2,"name":"Austrialpin","item":"https:\/\/bolting.eu\/en\/produkt-kategorie\/austrialpin-en\/"},{"@type":"ListItem","position":3,"name":"Austrialpin Colt Klettersteigkarabiner"}]},{"@type":"WebSite","@id":"https:\/\/bolting.eu\/en\/#website","url":"https:\/\/bolting.eu\/en\/","name":"bolting.eu","description":"we make climbs happen","publisher":{"@id":"https:\/\/bolting.eu\/en\/#organization"},"potentialAction":[{"@type":"SearchAction","target":{"@type":"EntryPoint","urlTemplate":"https:\/\/bolting.eu\/en\/?s={search_term_string}"},"query-input":{"@type":"PropertyValueSpecification","valueRequired":true,"valueName":"search_term_string"}}],"inLanguage":"en-US"},{"@type":["Organization","Place","SportingGoodsStore"],"@id":"https:\/\/bolting.eu\/en\/#organization","name":"bolting.eu","url":"https:\/\/bolting.eu\/en\/","logo":{"@id":"https:\/\/bolting.eu\/en\/shop\/austrialpin-colt-klettersteigkarabiner\/#local-main-organization-logo"},"image":{"@id":"https:\/\/bolting.eu\/en\/shop\/austrialpin-colt-klettersteigkarabiner\/#local-main-organization-logo"},"sameAs":["https:\/\/www.facebook.com\/bolting.eu","https:\/\/www.instagram.com\/bolting.eu\/"],"address":{"@id":"https:\/\/bolting.eu\/en\/shop\/austrialpin-colt-klettersteigkarabiner\/#local-main-place-address"},"geo":{"@type":"GeoCoordinates","latitude":"47.264176340396226","longitude":"11.380109057672346"},"telephone":["+43 699 19083372"],"openingHoursSpecification":[{"@type":"OpeningHoursSpecification","dayOfWeek":["Monday","Wednesday","Friday"],"opens":"14:00","closes":"18:00"},{"@type":"OpeningHoursSpecification","dayOfWeek":["Tuesday","Thursday","Saturday","Sunday"],"opens":"00:00","closes":"00:00"}],"email":"office@bolting.eu","vatID":"ATU59999728","priceRange":"$$","currenciesAccepted":"Euro"},{"@type":"PostalAddress","@id":"https:\/\/bolting.eu\/en\/shop\/austrialpin-colt-klettersteigkarabiner\/#local-main-place-address","streetAddress":"Fischnalerstra\u00dfe 4","addressLocality":"Innsbruck","postalCode":"6020","addressRegion":"Tirol","addressCountry":"AT"},{"@type":"ImageObject","inLanguage":"en-US","@id":"https:\/\/bolting.eu\/en\/shop\/austrialpin-colt-klettersteigkarabiner\/#local-main-organization-logo","url":"https:\/\/bolting.eu\/wp-content\/uploads\/2019\/09\/bolting-logo.png","contentUrl":"https:\/\/bolting.eu\/wp-content\/uploads\/2019\/09\/bolting-logo.png","width":400,"height":211,"caption":"bolting.eu"}]},"product_price_amount":"26.50","product_price_currency":"EUR","og_availability":"instock","product_availability":"instock","product_retailer_item_id":"KC90BK","product_condition":"new","geo.placename":"Innsbruck","geo.position":{"lat":"47.264176340396226","long":"11.380109057672346"},"geo.region":"Austria"},"_links":{"self":[{"href":"https:\/\/bolting.eu\/en\/wp-json\/wp\/v2\/product\/5015","targetHints":{"allow":["GET"]}}],"collection":[{"href":"https:\/\/bolting.eu\/en\/wp-json\/wp\/v2\/product"}],"about":[{"href":"https:\/\/bolting.eu\/en\/wp-json\/wp\/v2\/types\/product"}],"replies":[{"embeddable":true,"href":"https:\/\/bolting.eu\/en\/wp-json\/wp\/v2\/comments?post=5015"}],"wp:featuredmedia":[{"embeddable":true,"href":"https:\/\/bolting.eu\/en\/wp-json\/wp\/v2\/media\/5019"}],"wp:attachment":[{"href":"https:\/\/bolting.eu\/en\/wp-json\/wp\/v2\/media?parent=5015"}],"wp:term":[{"taxonomy":"product_brand","embeddable":true,"href":"https:\/\/bolting.eu\/en\/wp-json\/wp\/v2\/product_brand?post=5015"},{"taxonomy":"product_cat","embeddable":true,"href":"https:\/\/bolting.eu\/en\/wp-json\/wp\/v2\/product_cat?post=5015"},{"taxonomy":"product_tag","embeddable":true,"href":"https:\/\/bolting.eu\/en\/wp-json\/wp\/v2\/product_tag?post=5015"}],"curies":[{"name":"wp","href":"https:\/\/api.w.org\/{rel}","templated":true}]}}