{"id":5009,"date":"2020-08-29T14:45:01","date_gmt":"2020-08-29T12:45:01","guid":{"rendered":"https:\/\/bolting.eu\/?post_type=product&#038;p=5009"},"modified":"2023-06-07T16:10:32","modified_gmt":"2023-06-07T14:10:32","slug":"salewa-ergotec-klettersteigkarabiner","status":"publish","type":"product","link":"https:\/\/bolting.eu\/en\/shop\/salewa-ergotec-klettersteigkarabiner\/","title":{"rendered":"Salewa Ergotec Klettersteigkarabiner"},"content":{"rendered":"<p>Der Salewa Ergotec Klettersteigkarabiner ist ein hoch modernes Produkt. Es hat das typisch lange und schmale Design aktueller Top Modelle. Folglich haben diese Klettersteigkarabiner ein super Handling. Somit ist man am Klettersteig fl\u00fcssig und sicher unterwegs.<\/p>\n<p>Die Bedienung dieses Klettersteigkarabiners ist kinderleicht. Dadurch kann man sich auf das Wesentliche konzentrieren. Die n\u00e4chste Bewegung, den n\u00e4chsten Klipper und die n\u00e4chste schwere Stelle!<\/p>\n<h3>Eigenschaften Salewa Ergotec Klettersteigkarabiner<\/h3>\n<ul>\n<li>Hersteller: <a href=\"https:\/\/bolting.eu\/produkt-kategorie\/salewa\/\">Salewa<\/a><\/li>\n<li>Material: Aluminium<\/li>\n<li>EN Normen: EN 12275<\/li>\n<li>Bruchlasten: 27kN l\u00e4ngs &#8211; 7 kN quer &#8211; 15 kN offen<\/li>\n<li>Gewicht: 115 Gramm<\/li>\n<li>Dimensionen: 154 x 87mm<\/li>\n<li>super ergonomisch und kraftsparend<\/li>\n<li>perfekt zur Selbstsicherung im Rettungswesen<\/li>\n<li>zum Bau einer Klettersteig Rastschlinge<\/li>\n<\/ul>\n<p>Dieser Karabiner ist nicht f\u00fcr ein selbstgebautes Klettersteigset gedacht. W\u00e4hlt doch bitte lieber gleich ein es unserer genormten <a href=\"https:\/\/bolting.eu\/produkt-kategorie\/klettersteigset\/\">Klettersteigsets<\/a>!<\/p>\n<h3>Produkt Video Salewa Ergotec Klettersteigkarabiner<\/h3>\n<p>Im Folgenden Video wird der Karabiner ausf\u00fchrlich vorgestellt. Somit bekommt man f\u00fcr seinen m\u00f6glichen Kauf einen guten \u00dcberblick \u00fcber dieses Produkt.<\/p>\n<p>Besonders herausgehoben werden dabei die gro\u00dfe Karabiner\u00f6ffnung, der Fingerschutz und die raue &#8220;Grip Zone&#8221;.<\/p>\n<h3><iframe loading=\"lazy\" src=\"https:\/\/www.youtube.com\/embed\/ozxHZe3Dl4E\" width=\"6100%\" height=\"450\" frameborder=\"0\" allowfullscreen=\"allowfullscreen\"><span data-mce-type=\"bookmark\" style=\"display: inline-block; width: 0px; overflow: hidden; line-height: 0;\" class=\"mce_SELRES_start\">\ufeff<\/span><\/iframe><\/h3>\n<h3>Wartung Salewa Ergotec Klettersteigkarabiner<\/h3>\n<p>Wie alle Karabiner sollte man auch diesen Klettersteigkarabiner von Zeit zu Zeit warten. Wir empfehlen Euch den Karabiner alle paar Monate entsprechend zu pflegen. Einfach unter lauwarmen Wasser absp\u00fclen. Den Schnapperverschluss bzw. Druckverschluss durch \u201ePeitschen\u201c in der Hand von Staub s\u00e4ubern. Dann an der Luft trocknen lassen. Anschlie\u00dfend mit dem <a href=\"https:\/\/bolting.eu\/shop\/kong-kletterausruestung-pflegeoel\/\">Karabiner Pflege\u00f6l<\/a> die Gelenke einschmieren und fertig!<\/p>\n<h3>Bau einer Rastschlinge<\/h3>\n<p>Wir empfehlen beim Bau einer Rastschlinge folgende zwei Produkte. Als erstes eine 60cm Bandschlinge. Und als zweites einen Klettersteigkarabiner. Wie z.B. den Salewa Ergotec Klettersteigkarabiner.<\/p>\n<p>Dabei solltet ihr durchaus ein anderes Modell wie jenes eures Klettersteigsets kaufen. Denn somit ist es leichter ganz schnell zu erkennen um welchen Ausr\u00fcstungsgegenstand es sich handelt.<\/p>\n<h4><strong>Link Tipp<\/strong><\/h4>\n<p>Mehr Infos zum Karabiner gibt es in der <a href=\"https:\/\/cdn1.salewa.com\/media\/pdf\/bb\/88\/7f\/467064e7-6e58-4077-8e5c-65fc14a1c1ea.pdf\" target=\"_blank\" rel=\"noopener noreferrer\">Gebrauchsanleitung<\/a> des Herstellers.<\/p>\n","protected":false},"excerpt":{"rendered":"<ul>\n<li>Hersteller: <a href=\"https:\/\/bolting.eu\/produkt-kategorie\/salewa\/\">Salewa<\/a><\/li>\n<li>Material: Aluminium<\/li>\n<li>EN Normen: EN 12275<\/li>\n<li>Bruchlasten: 27kN l\u00e4ngs &#8211; 7 kN quer &#8211; 15 kN offen<\/li>\n<li>Gewicht: 115 Gramm<\/li>\n<li>Dimensionen: 154 x 87mm<\/li>\n<li>super ergonomisch und kraftsparend<\/li>\n<li>zum Bau von Positionierungs- und Absturzsicherungen<\/li>\n<li>perfekt zur Selbstsicherung im Rettungswesen<\/li>\n<li>zum Bau einer Klettersteig Rastschlinge<\/li>\n<\/ul>\n","protected":false},"featured_media":5013,"comment_status":"open","ping_status":"closed","template":"","meta":[],"product_brand":[],"product_cat":[44,3007,3010,4672],"product_tag":[],"class_list":{"0":"post-5009","1":"product","2":"type-product","3":"status-publish","4":"has-post-thumbnail","6":"product_cat-kletterkarabiner","7":"product_cat-einhandkarabiner","8":"product_cat-klettersteigkarabiner","9":"product_cat-salewa","11":"first","12":"instock","13":"taxable","14":"shipping-taxable","15":"purchasable","16":"product-type-simple"},"yoast_head":"<!-- This site is optimized with the Yoast SEO Premium plugin v26.9 (Yoast SEO v26.9) - https:\/\/yoast.com\/product\/yoast-seo-premium-wordpress\/ -->\n<title>Salewa Ergotec Klettersteigkarabiner g\u00fcnstig online kaufen | bolting.eu<\/title>\n<meta name=\"description\" content=\"Hier findet ihr den SALEWA ERGOTEC KLETTERSTEIGKARABINER. \u2705 14 Tage R\u00fcckgaberecht \u2705 versandfrei* ab \u20ac 100,- \u2705 Kaufberatung \u2705 Fachh\u00e4ndler aus \u00d6sterreich\" \/>\n<meta name=\"robots\" content=\"index, follow, max-snippet:-1, max-image-preview:large, max-video-preview:-1\" \/>\n<link rel=\"canonical\" href=\"https:\/\/bolting.eu\/en\/shop\/salewa-ergotec-klettersteigkarabiner\/\" \/>\n<meta property=\"og:locale\" content=\"en_US\" \/>\n<meta property=\"og:type\" content=\"article\" \/>\n<meta property=\"og:title\" content=\"Salewa Ergotec Klettersteigkarabiner\" \/>\n<meta property=\"og:description\" content=\"Hier findet ihr den SALEWA ERGOTEC KLETTERSTEIGKARABINER. \u2705 14 Tage R\u00fcckgaberecht \u2705 versandfrei* ab \u20ac 100,- \u2705 Kaufberatung \u2705 Fachh\u00e4ndler aus \u00d6sterreich\" \/>\n<meta property=\"og:url\" content=\"https:\/\/bolting.eu\/en\/shop\/salewa-ergotec-klettersteigkarabiner\/\" \/>\n<meta property=\"og:site_name\" content=\"bolting.eu\" \/>\n<meta property=\"article:publisher\" content=\"https:\/\/www.facebook.com\/bolting.eu\" \/>\n<meta property=\"article:modified_time\" content=\"2023-06-07T14:10:32+00:00\" \/>\n<meta property=\"og:image\" content=\"https:\/\/bolting.eu\/wp-content\/uploads\/2020\/08\/Salewa-Ergotec-Klettersteigkarabiner-1.jpg\" \/>\n\t<meta property=\"og:image:width\" content=\"700\" \/>\n\t<meta property=\"og:image:height\" content=\"700\" \/>\n\t<meta property=\"og:image:type\" content=\"image\/jpeg\" \/>\n<meta name=\"twitter:card\" content=\"summary_large_image\" \/>\n<meta name=\"twitter:label1\" content=\"Price\" \/>\n\t<meta name=\"twitter:data1\" content=\"&euro;&nbsp;39,90\" \/>\n\t<meta name=\"twitter:label2\" content=\"Availability\" \/>\n\t<meta name=\"twitter:data2\" content=\"In stock\" \/>\n<script type=\"application\/ld+json\" class=\"yoast-schema-graph\">{\"@context\":\"https:\/\/schema.org\",\"@graph\":[{\"@type\":[\"WebPage\",\"ItemPage\"],\"@id\":\"https:\/\/bolting.eu\/en\/shop\/salewa-ergotec-klettersteigkarabiner\/\",\"url\":\"https:\/\/bolting.eu\/en\/shop\/salewa-ergotec-klettersteigkarabiner\/\",\"name\":\"Salewa Ergotec Klettersteigkarabiner g\u00fcnstig online kaufen | bolting.eu\",\"isPartOf\":{\"@id\":\"https:\/\/bolting.eu\/en\/#website\"},\"primaryImageOfPage\":{\"@id\":\"https:\/\/bolting.eu\/en\/shop\/salewa-ergotec-klettersteigkarabiner\/#primaryimage\"},\"image\":{\"@id\":\"https:\/\/bolting.eu\/en\/shop\/salewa-ergotec-klettersteigkarabiner\/#primaryimage\"},\"thumbnailUrl\":\"https:\/\/bolting.eu\/wp-content\/uploads\/2020\/08\/Salewa-Ergotec-Klettersteigkarabiner-1.jpg\",\"datePublished\":\"2020-08-29T12:45:01+00:00\",\"dateModified\":\"2023-06-07T14:10:32+00:00\",\"description\":\"Hier findet ihr den SALEWA ERGOTEC KLETTERSTEIGKARABINER. \u2705 14 Tage R\u00fcckgaberecht \u2705 versandfrei* ab \u20ac 100,- \u2705 Kaufberatung \u2705 Fachh\u00e4ndler aus \u00d6sterreich\",\"breadcrumb\":{\"@id\":\"https:\/\/bolting.eu\/en\/shop\/salewa-ergotec-klettersteigkarabiner\/#breadcrumb\"},\"inLanguage\":\"en-US\",\"potentialAction\":[{\"@type\":\"ReadAction\",\"target\":[\"https:\/\/bolting.eu\/en\/shop\/salewa-ergotec-klettersteigkarabiner\/\"]}]},{\"@type\":\"ImageObject\",\"inLanguage\":\"en-US\",\"@id\":\"https:\/\/bolting.eu\/en\/shop\/salewa-ergotec-klettersteigkarabiner\/#primaryimage\",\"url\":\"https:\/\/bolting.eu\/wp-content\/uploads\/2020\/08\/Salewa-Ergotec-Klettersteigkarabiner-1.jpg\",\"contentUrl\":\"https:\/\/bolting.eu\/wp-content\/uploads\/2020\/08\/Salewa-Ergotec-Klettersteigkarabiner-1.jpg\",\"width\":700,\"height\":700,\"caption\":\"Das Bild zeigt den Salewa Ergotec Klettersteigkarabiner. Der silbern-blaue Karabiner steht aufrecht in Bildmitte. Man erkennt den silbernen RAhmen, den blauen Schnapper sowie die schwarze Kunststoff Handballensicherung.\"},{\"@type\":\"BreadcrumbList\",\"@id\":\"https:\/\/bolting.eu\/en\/shop\/salewa-ergotec-klettersteigkarabiner\/#breadcrumb\",\"itemListElement\":[{\"@type\":\"ListItem\",\"position\":1,\"name\":\"Shop\",\"item\":\"https:\/\/bolting.eu\/en\/shop\/\"},{\"@type\":\"ListItem\",\"position\":2,\"name\":\"climbing equipment\",\"item\":\"https:\/\/bolting.eu\/en\/produkt-kategorie\/climbing-equipment\/\"},{\"@type\":\"ListItem\",\"position\":3,\"name\":\"Climbing carabiner\",\"item\":\"https:\/\/bolting.eu\/en\/produkt-kategorie\/climbing-carabiner\/\"},{\"@type\":\"ListItem\",\"position\":4,\"name\":\"Klettersteigkarabiner\",\"item\":\"https:\/\/bolting.eu\/en\/produkt-kategorie\/climbing-carabiner\/klettersteigkarabiner\/\"},{\"@type\":\"ListItem\",\"position\":5,\"name\":\"Salewa Ergotec Klettersteigkarabiner\"}]},{\"@type\":\"WebSite\",\"@id\":\"https:\/\/bolting.eu\/en\/#website\",\"url\":\"https:\/\/bolting.eu\/en\/\",\"name\":\"bolting.eu\",\"description\":\"we make climbs happen\",\"publisher\":{\"@id\":\"https:\/\/bolting.eu\/en\/#organization\"},\"potentialAction\":[{\"@type\":\"SearchAction\",\"target\":{\"@type\":\"EntryPoint\",\"urlTemplate\":\"https:\/\/bolting.eu\/en\/?s={search_term_string}\"},\"query-input\":{\"@type\":\"PropertyValueSpecification\",\"valueRequired\":true,\"valueName\":\"search_term_string\"}}],\"inLanguage\":\"en-US\"},{\"@type\":[\"Organization\",\"Place\",\"SportingGoodsStore\"],\"@id\":\"https:\/\/bolting.eu\/en\/#organization\",\"name\":\"bolting.eu\",\"url\":\"https:\/\/bolting.eu\/en\/\",\"logo\":{\"@id\":\"https:\/\/bolting.eu\/en\/shop\/salewa-ergotec-klettersteigkarabiner\/#local-main-organization-logo\"},\"image\":{\"@id\":\"https:\/\/bolting.eu\/en\/shop\/salewa-ergotec-klettersteigkarabiner\/#local-main-organization-logo\"},\"sameAs\":[\"https:\/\/www.facebook.com\/bolting.eu\",\"https:\/\/www.instagram.com\/bolting.eu\/\"],\"address\":{\"@id\":\"https:\/\/bolting.eu\/en\/shop\/salewa-ergotec-klettersteigkarabiner\/#local-main-place-address\"},\"geo\":{\"@type\":\"GeoCoordinates\",\"latitude\":\"47.264176340396226\",\"longitude\":\"11.380109057672346\"},\"telephone\":[\"+43 699 19083372\"],\"openingHoursSpecification\":[{\"@type\":\"OpeningHoursSpecification\",\"dayOfWeek\":[\"Monday\",\"Wednesday\",\"Friday\"],\"opens\":\"14:00\",\"closes\":\"18:00\"},{\"@type\":\"OpeningHoursSpecification\",\"dayOfWeek\":[\"Tuesday\",\"Thursday\",\"Saturday\",\"Sunday\"],\"opens\":\"00:00\",\"closes\":\"00:00\"}],\"email\":\"office@bolting.eu\",\"vatID\":\"ATU59999728\",\"priceRange\":\"$$\",\"currenciesAccepted\":\"Euro\"},{\"@type\":\"PostalAddress\",\"@id\":\"https:\/\/bolting.eu\/en\/shop\/salewa-ergotec-klettersteigkarabiner\/#local-main-place-address\",\"streetAddress\":\"Fischnalerstra\u00dfe 4\",\"addressLocality\":\"Innsbruck\",\"postalCode\":\"6020\",\"addressRegion\":\"Tirol\",\"addressCountry\":\"AT\"},{\"@type\":\"ImageObject\",\"inLanguage\":\"en-US\",\"@id\":\"https:\/\/bolting.eu\/en\/shop\/salewa-ergotec-klettersteigkarabiner\/#local-main-organization-logo\",\"url\":\"https:\/\/bolting.eu\/wp-content\/uploads\/2019\/09\/bolting-logo.png\",\"contentUrl\":\"https:\/\/bolting.eu\/wp-content\/uploads\/2019\/09\/bolting-logo.png\",\"width\":400,\"height\":211,\"caption\":\"bolting.eu\"}]}<\/script>\n<meta property=\"product:price:amount\" content=\"39.90\" \/>\n<meta property=\"product:price:currency\" content=\"EUR\" \/>\n<meta property=\"og:availability\" content=\"instock\" \/>\n<meta property=\"product:availability\" content=\"instock\" \/>\n<meta property=\"product:retailer_item_id\" content=\"00-0000001648\" \/>\n<meta property=\"product:condition\" content=\"new\" \/>\n<meta name=\"geo.placename\" content=\"Innsbruck\" \/>\n<meta name=\"geo.position\" content=\"47.264176340396226;11.380109057672346\" \/>\n<meta name=\"geo.region\" content=\"Austria\" \/>\n<!-- \/ Yoast SEO Premium plugin. -->","yoast_head_json":{"title":"Salewa Ergotec Klettersteigkarabiner g\u00fcnstig online kaufen | bolting.eu","description":"Hier findet ihr den SALEWA ERGOTEC KLETTERSTEIGKARABINER. \u2705 14 Tage R\u00fcckgaberecht \u2705 versandfrei* ab \u20ac 100,- \u2705 Kaufberatung \u2705 Fachh\u00e4ndler aus \u00d6sterreich","robots":{"index":"index","follow":"follow","max-snippet":"max-snippet:-1","max-image-preview":"max-image-preview:large","max-video-preview":"max-video-preview:-1"},"canonical":"https:\/\/bolting.eu\/en\/shop\/salewa-ergotec-klettersteigkarabiner\/","og_locale":"en_US","og_type":"article","og_title":"Salewa Ergotec Klettersteigkarabiner","og_description":"Hier findet ihr den SALEWA ERGOTEC KLETTERSTEIGKARABINER. \u2705 14 Tage R\u00fcckgaberecht \u2705 versandfrei* ab \u20ac 100,- \u2705 Kaufberatung \u2705 Fachh\u00e4ndler aus \u00d6sterreich","og_url":"https:\/\/bolting.eu\/en\/shop\/salewa-ergotec-klettersteigkarabiner\/","og_site_name":"bolting.eu","article_publisher":"https:\/\/www.facebook.com\/bolting.eu","article_modified_time":"2023-06-07T14:10:32+00:00","og_image":[{"width":700,"height":700,"url":"https:\/\/bolting.eu\/wp-content\/uploads\/2020\/08\/Salewa-Ergotec-Klettersteigkarabiner-1.jpg","type":"image\/jpeg"}],"twitter_card":"summary_large_image","twitter_misc":{"Price":"&euro;&nbsp;39,90","Availability":"In stock"},"schema":{"@context":"https:\/\/schema.org","@graph":[{"@type":["WebPage","ItemPage"],"@id":"https:\/\/bolting.eu\/en\/shop\/salewa-ergotec-klettersteigkarabiner\/","url":"https:\/\/bolting.eu\/en\/shop\/salewa-ergotec-klettersteigkarabiner\/","name":"Salewa Ergotec Klettersteigkarabiner g\u00fcnstig online kaufen | bolting.eu","isPartOf":{"@id":"https:\/\/bolting.eu\/en\/#website"},"primaryImageOfPage":{"@id":"https:\/\/bolting.eu\/en\/shop\/salewa-ergotec-klettersteigkarabiner\/#primaryimage"},"image":{"@id":"https:\/\/bolting.eu\/en\/shop\/salewa-ergotec-klettersteigkarabiner\/#primaryimage"},"thumbnailUrl":"https:\/\/bolting.eu\/wp-content\/uploads\/2020\/08\/Salewa-Ergotec-Klettersteigkarabiner-1.jpg","datePublished":"2020-08-29T12:45:01+00:00","dateModified":"2023-06-07T14:10:32+00:00","description":"Hier findet ihr den SALEWA ERGOTEC KLETTERSTEIGKARABINER. \u2705 14 Tage R\u00fcckgaberecht \u2705 versandfrei* ab \u20ac 100,- \u2705 Kaufberatung \u2705 Fachh\u00e4ndler aus \u00d6sterreich","breadcrumb":{"@id":"https:\/\/bolting.eu\/en\/shop\/salewa-ergotec-klettersteigkarabiner\/#breadcrumb"},"inLanguage":"en-US","potentialAction":[{"@type":"ReadAction","target":["https:\/\/bolting.eu\/en\/shop\/salewa-ergotec-klettersteigkarabiner\/"]}]},{"@type":"ImageObject","inLanguage":"en-US","@id":"https:\/\/bolting.eu\/en\/shop\/salewa-ergotec-klettersteigkarabiner\/#primaryimage","url":"https:\/\/bolting.eu\/wp-content\/uploads\/2020\/08\/Salewa-Ergotec-Klettersteigkarabiner-1.jpg","contentUrl":"https:\/\/bolting.eu\/wp-content\/uploads\/2020\/08\/Salewa-Ergotec-Klettersteigkarabiner-1.jpg","width":700,"height":700,"caption":"Das Bild zeigt den Salewa Ergotec Klettersteigkarabiner. Der silbern-blaue Karabiner steht aufrecht in Bildmitte. Man erkennt den silbernen RAhmen, den blauen Schnapper sowie die schwarze Kunststoff Handballensicherung."},{"@type":"BreadcrumbList","@id":"https:\/\/bolting.eu\/en\/shop\/salewa-ergotec-klettersteigkarabiner\/#breadcrumb","itemListElement":[{"@type":"ListItem","position":1,"name":"Shop","item":"https:\/\/bolting.eu\/en\/shop\/"},{"@type":"ListItem","position":2,"name":"climbing equipment","item":"https:\/\/bolting.eu\/en\/produkt-kategorie\/climbing-equipment\/"},{"@type":"ListItem","position":3,"name":"Climbing carabiner","item":"https:\/\/bolting.eu\/en\/produkt-kategorie\/climbing-carabiner\/"},{"@type":"ListItem","position":4,"name":"Klettersteigkarabiner","item":"https:\/\/bolting.eu\/en\/produkt-kategorie\/climbing-carabiner\/klettersteigkarabiner\/"},{"@type":"ListItem","position":5,"name":"Salewa Ergotec Klettersteigkarabiner"}]},{"@type":"WebSite","@id":"https:\/\/bolting.eu\/en\/#website","url":"https:\/\/bolting.eu\/en\/","name":"bolting.eu","description":"we make climbs happen","publisher":{"@id":"https:\/\/bolting.eu\/en\/#organization"},"potentialAction":[{"@type":"SearchAction","target":{"@type":"EntryPoint","urlTemplate":"https:\/\/bolting.eu\/en\/?s={search_term_string}"},"query-input":{"@type":"PropertyValueSpecification","valueRequired":true,"valueName":"search_term_string"}}],"inLanguage":"en-US"},{"@type":["Organization","Place","SportingGoodsStore"],"@id":"https:\/\/bolting.eu\/en\/#organization","name":"bolting.eu","url":"https:\/\/bolting.eu\/en\/","logo":{"@id":"https:\/\/bolting.eu\/en\/shop\/salewa-ergotec-klettersteigkarabiner\/#local-main-organization-logo"},"image":{"@id":"https:\/\/bolting.eu\/en\/shop\/salewa-ergotec-klettersteigkarabiner\/#local-main-organization-logo"},"sameAs":["https:\/\/www.facebook.com\/bolting.eu","https:\/\/www.instagram.com\/bolting.eu\/"],"address":{"@id":"https:\/\/bolting.eu\/en\/shop\/salewa-ergotec-klettersteigkarabiner\/#local-main-place-address"},"geo":{"@type":"GeoCoordinates","latitude":"47.264176340396226","longitude":"11.380109057672346"},"telephone":["+43 699 19083372"],"openingHoursSpecification":[{"@type":"OpeningHoursSpecification","dayOfWeek":["Monday","Wednesday","Friday"],"opens":"14:00","closes":"18:00"},{"@type":"OpeningHoursSpecification","dayOfWeek":["Tuesday","Thursday","Saturday","Sunday"],"opens":"00:00","closes":"00:00"}],"email":"office@bolting.eu","vatID":"ATU59999728","priceRange":"$$","currenciesAccepted":"Euro"},{"@type":"PostalAddress","@id":"https:\/\/bolting.eu\/en\/shop\/salewa-ergotec-klettersteigkarabiner\/#local-main-place-address","streetAddress":"Fischnalerstra\u00dfe 4","addressLocality":"Innsbruck","postalCode":"6020","addressRegion":"Tirol","addressCountry":"AT"},{"@type":"ImageObject","inLanguage":"en-US","@id":"https:\/\/bolting.eu\/en\/shop\/salewa-ergotec-klettersteigkarabiner\/#local-main-organization-logo","url":"https:\/\/bolting.eu\/wp-content\/uploads\/2019\/09\/bolting-logo.png","contentUrl":"https:\/\/bolting.eu\/wp-content\/uploads\/2019\/09\/bolting-logo.png","width":400,"height":211,"caption":"bolting.eu"}]},"product_price_amount":"39.90","product_price_currency":"EUR","og_availability":"instock","product_availability":"instock","product_retailer_item_id":"00-0000001648","product_condition":"new","geo.placename":"Innsbruck","geo.position":{"lat":"47.264176340396226","long":"11.380109057672346"},"geo.region":"Austria"},"_links":{"self":[{"href":"https:\/\/bolting.eu\/en\/wp-json\/wp\/v2\/product\/5009","targetHints":{"allow":["GET"]}}],"collection":[{"href":"https:\/\/bolting.eu\/en\/wp-json\/wp\/v2\/product"}],"about":[{"href":"https:\/\/bolting.eu\/en\/wp-json\/wp\/v2\/types\/product"}],"replies":[{"embeddable":true,"href":"https:\/\/bolting.eu\/en\/wp-json\/wp\/v2\/comments?post=5009"}],"wp:featuredmedia":[{"embeddable":true,"href":"https:\/\/bolting.eu\/en\/wp-json\/wp\/v2\/media\/5013"}],"wp:attachment":[{"href":"https:\/\/bolting.eu\/en\/wp-json\/wp\/v2\/media?parent=5009"}],"wp:term":[{"taxonomy":"product_brand","embeddable":true,"href":"https:\/\/bolting.eu\/en\/wp-json\/wp\/v2\/product_brand?post=5009"},{"taxonomy":"product_cat","embeddable":true,"href":"https:\/\/bolting.eu\/en\/wp-json\/wp\/v2\/product_cat?post=5009"},{"taxonomy":"product_tag","embeddable":true,"href":"https:\/\/bolting.eu\/en\/wp-json\/wp\/v2\/product_tag?post=5009"}],"curies":[{"name":"wp","href":"https:\/\/api.w.org\/{rel}","templated":true}]}}