{"id":4998,"date":"2020-08-29T14:35:21","date_gmt":"2020-08-29T12:35:21","guid":{"rendered":"https:\/\/bolting.eu\/?post_type=product&#038;p=4998"},"modified":"2026-04-19T15:54:30","modified_gmt":"2026-04-19T13:54:30","slug":"austrialpin-materialkarabiner","status":"publish","type":"product","link":"https:\/\/bolting.eu\/en\/shop\/austrialpin-materialkarabiner\/","title":{"rendered":"Austrialpin Materialkarabiner"},"content":{"rendered":"<p>Die Austrialpin Materialkarabiner sind kleine Alu Modelle mit einer Bruchlast bis max. 100kg.<\/p>\n<p>Die dunkelste Farbe ist unser Bestseller in der Produktkategorie &#8220;<a href=\"https:\/\/bolting.eu\/produkt-kategorie\/kletterausruestung\/kletterkarabiner\/karabiner-schwarz\/\">Karabiner schwarz&#8221;<\/a> und extrem beliebt.<\/p>\n<p>Damit lassen sich leichte Gegenst\u00e4nde perfekt anh\u00e4ngen. Beispielsweise <a href=\"https:\/\/bolting.eu\/produkt-kategorie\/klemmkeile\/klemmkeilentferner\/\">Klemmkeilentferner<\/a> oder Trinkflasche am <a href=\"https:\/\/bolting.eu\/produkt-kategorie\/klettergurte\/\">Klettergurt<\/a>.<\/p>\n<p>Diese Mini Karabiner haben eine sehr geringe Bruchlast und sind daher NICHT zum Klettern geeignet. D.h. sie d\u00fcrfen in keinem Fall f\u00fcr irgendeine Art von Sicherung, Selbstsicherung usw. verwendet werden.<\/p>\n<h2>Eigenschaften Austrialpin Materialkarabiner<\/h2>\n<ul>\n<li>Hersteller: Austrialpin<\/li>\n<li>keine CE Zertifikation<\/li>\n<li><strong><span style=\"color: #ed1c24;\">NICHT zum Klettern geeignet<\/span><\/strong><\/li>\n<li>geringe Bruchlast ca. 100kg<\/li>\n<li>Material: Aluminium<\/li>\n<li>Gewicht: 26 Gramm<\/li>\n<li>Dimension: 82 x 47mm<\/li>\n<li>ideal als Zubeh\u00f6rkarabiner, Schl\u00fcsselanh\u00e4nger, etc.<\/li>\n<\/ul>\n<h3>Austrialpin Materialkarabiner &#8211; universell einsetzbar<\/h3>\n<p>Wer kennt das nicht. Man m\u00f6chte rasch wo etwas beim Campen aufh\u00e4ngen. Oder seine Kletterschuhe am Klettergurt festmachen.<\/p>\n<p>Da sind die kleinen Zubeh\u00f6rkarabiner extrem handy. Denn sie sind leicht, klein und g\u00fcnstig!<\/p>\n<h3>Praxis Tipp<\/h3>\n<p>Ihr verwendet systematisch den Austrialpin Materialkarabiner? Ihr versucht Gewicht beim Klettern zu sparen wo nur m\u00f6glich?<\/p>\n<p>Dann denkt an eine ausgewogene Mischung an Farben bei den Zubeh\u00f6rkarabinern. F\u00fcr Kletterschuhe, Klemmkeilentferner, Jacke, Trinkflasche etc. nehmt am besten alles eigene Farben.<\/p>\n<h3>Materialkarabiner f\u00fcr H\u00e4ngematten?<\/h3>\n<p>Bitte nicht! Denn der Austrialpin Materialkarabiner ist nicht f\u00fcr solche LAsten gebaut. Es kann euch passieren dass er zuerst h\u00e4lt. D.h. bei kontrolliertem Einsteigen in die H\u00e4ngematte ist noch alles ok. Aber wer etwas mehr Schwung hat kann den Zubeh\u00f6rkarabiner bereits zum Brechen bringen.<\/p>\n<p>Daher bitte hier einen normalen <a href=\"https:\/\/bolting.eu\/produkt-kategorie\/karabiner-kletterkarabiner\/schnappkarabiner\/\">Schnappkarabiner<\/a> sowie eine normale <a href=\"https:\/\/bolting.eu\/produkt-kategorie\/bandschlinge\/\">Bandschlinge<\/a> bzw. <a href=\"https:\/\/bolting.eu\/produkt-kategorie\/reepschnur\/\">Reepschnur<\/a> verwenden.<\/p>\n<h3>Austrialpin Materialkarabiner &#8211; praktisch beim Einbohren<\/h3>\n<p>Als DER Spezialist f\u00fcr Einbohrmaterialien k\u00f6nnen wir euch die Karabiner w\u00e4rmstens empfehlen. Denn wir verwenden die kleinen Helfer bei vielerlei Einbohr Zubeh\u00f6r.<\/p>\n<p>Beispielsweise um Drahtb\u00fcrsten anzuh\u00e4ngen, <a href=\"https:\/\/bolting.eu\/shop\/17er-gabelringschluessel-fuer-m10\/\">Schraubenschl\u00fcssel<\/a> am Gurt zu fixieren und unseren Ausbl\u00e4ser zu fixieren.<\/p>\n<p>Kurzum. Das sind richtig feine hElfer die im Grunde unverzichtbar sind. Denn zum einen helfen sie enorm Gewicht zu sparen. Zum anderen haben helfen die unterschiedlichen Farben sofort zu sehen wo, was am Gurt h\u00e4ngt!<\/p>\n<h4><strong>Link Tipp<\/strong><\/h4>\n<p>Mehr Informationen gibt es in der <a href=\"https:\/\/www.austrialpin.at\/\" target=\"_blank\" rel=\"noopener noreferrer\">Gebrauchsanleitung<\/a> des Herstellers.<\/p>\n","protected":false},"excerpt":{"rendered":"<p>Kleiner Materialkarabiner f\u00fcr Kletterzubeh\u00f6r, auch als Schl\u00fcsselanh\u00e4nger geeignet.<\/p>\n<p>Dank der etwas gr\u00f6\u00dferen Dimension auch gut zum Spannen von Planen und Aufh\u00e4ngen von Lasten bis ca. 100kg.<\/p>\n","protected":false},"featured_media":5007,"comment_status":"open","ping_status":"closed","template":"","meta":[],"product_brand":[],"product_cat":[6357,15205,3005,29,4649,44,5061,5284],"product_tag":[],"class_list":{"0":"post-4998","1":"product","2":"type-product","3":"status-publish","4":"has-post-thumbnail","6":"product_cat-boulder-zubehoer","7":"product_cat-karabiner-schwarz","8":"product_cat-materialkarabiner","9":"product_cat-kletterausruestung","10":"product_cat-austrialpin","11":"product_cat-kletterkarabiner","12":"product_cat-kletterzubehoer","13":"product_cat-boulder-ausruestung","15":"first","16":"instock","17":"taxable","18":"shipping-taxable","19":"purchasable","20":"product-type-variable"},"yoast_head":"<!-- This site is optimized with the Yoast SEO Premium plugin v26.9 (Yoast SEO v26.9) - https:\/\/yoast.com\/product\/yoast-seo-premium-wordpress\/ -->\n<title>Austrialpin Materialkarabiner jetzt g\u00fcnstig online kaufen | bolting.eu<\/title>\n<meta name=\"description\" content=\"Hier findest Du die AUSTRIALPIN MATERIALKARABINER. \u2705 14 Tage R\u00fcckgaberecht \u2705 versandfrei* ab \u20ac 100,- \u2705 Kaufberatung \u2705 Fachh\u00e4ndler aus \u00d6sterreich\" \/>\n<meta name=\"robots\" content=\"index, follow, max-snippet:-1, max-image-preview:large, max-video-preview:-1\" \/>\n<link rel=\"canonical\" href=\"https:\/\/bolting.eu\/en\/shop\/austrialpin-materialkarabiner\/\" \/>\n<meta property=\"og:locale\" content=\"en_US\" \/>\n<meta property=\"og:type\" content=\"article\" \/>\n<meta property=\"og:title\" content=\"Austrialpin Materialkarabiner\" \/>\n<meta property=\"og:description\" content=\"Hier findest Du die AUSTRIALPIN MATERIALKARABINER. \u2705 14 Tage R\u00fcckgaberecht \u2705 versandfrei* ab \u20ac 100,- \u2705 Kaufberatung \u2705 Fachh\u00e4ndler aus \u00d6sterreich\" \/>\n<meta property=\"og:url\" content=\"https:\/\/bolting.eu\/en\/shop\/austrialpin-materialkarabiner\/\" \/>\n<meta property=\"og:site_name\" content=\"bolting.eu\" \/>\n<meta property=\"article:publisher\" content=\"https:\/\/www.facebook.com\/bolting.eu\" \/>\n<meta property=\"article:modified_time\" content=\"2026-04-19T13:54:30+00:00\" \/>\n<meta property=\"og:image\" content=\"https:\/\/bolting.eu\/wp-content\/uploads\/2020\/08\/Austrialpin-Materialkarabiner-schwarz.jpg\" \/>\n\t<meta property=\"og:image:width\" content=\"700\" \/>\n\t<meta property=\"og:image:height\" content=\"700\" \/>\n\t<meta property=\"og:image:type\" content=\"image\/jpeg\" \/>\n<meta name=\"twitter:card\" content=\"summary_large_image\" \/>\n<meta name=\"twitter:label1\" content=\"Availability\" \/>\n\t<meta name=\"twitter:data1\" content=\"In stock\" \/>\n<script type=\"application\/ld+json\" class=\"yoast-schema-graph\">{\"@context\":\"https:\/\/schema.org\",\"@graph\":[{\"@type\":[\"WebPage\",\"ItemPage\"],\"@id\":\"https:\/\/bolting.eu\/en\/shop\/austrialpin-materialkarabiner\/\",\"url\":\"https:\/\/bolting.eu\/en\/shop\/austrialpin-materialkarabiner\/\",\"name\":\"Austrialpin Materialkarabiner jetzt g\u00fcnstig online kaufen | bolting.eu\",\"isPartOf\":{\"@id\":\"https:\/\/bolting.eu\/en\/#website\"},\"primaryImageOfPage\":{\"@id\":\"https:\/\/bolting.eu\/en\/shop\/austrialpin-materialkarabiner\/#primaryimage\"},\"image\":{\"@id\":\"https:\/\/bolting.eu\/en\/shop\/austrialpin-materialkarabiner\/#primaryimage\"},\"thumbnailUrl\":\"https:\/\/bolting.eu\/wp-content\/uploads\/2020\/08\/Austrialpin-Materialkarabiner-schwarz.jpg\",\"datePublished\":\"2020-08-29T12:35:21+00:00\",\"dateModified\":\"2026-04-19T13:54:30+00:00\",\"description\":\"Hier findest Du die AUSTRIALPIN MATERIALKARABINER. \u2705 14 Tage R\u00fcckgaberecht \u2705 versandfrei* ab \u20ac 100,- \u2705 Kaufberatung \u2705 Fachh\u00e4ndler aus \u00d6sterreich\",\"breadcrumb\":{\"@id\":\"https:\/\/bolting.eu\/en\/shop\/austrialpin-materialkarabiner\/#breadcrumb\"},\"inLanguage\":\"en-US\",\"potentialAction\":[{\"@type\":\"ReadAction\",\"target\":[\"https:\/\/bolting.eu\/en\/shop\/austrialpin-materialkarabiner\/\"]}]},{\"@type\":\"ImageObject\",\"inLanguage\":\"en-US\",\"@id\":\"https:\/\/bolting.eu\/en\/shop\/austrialpin-materialkarabiner\/#primaryimage\",\"url\":\"https:\/\/bolting.eu\/wp-content\/uploads\/2020\/08\/Austrialpin-Materialkarabiner-schwarz.jpg\",\"contentUrl\":\"https:\/\/bolting.eu\/wp-content\/uploads\/2020\/08\/Austrialpin-Materialkarabiner-schwarz.jpg\",\"width\":700,\"height\":700},{\"@type\":\"BreadcrumbList\",\"@id\":\"https:\/\/bolting.eu\/en\/shop\/austrialpin-materialkarabiner\/#breadcrumb\",\"itemListElement\":[{\"@type\":\"ListItem\",\"position\":1,\"name\":\"Shop\",\"item\":\"https:\/\/bolting.eu\/en\/shop\/\"},{\"@type\":\"ListItem\",\"position\":2,\"name\":\"climbing equipment\",\"item\":\"https:\/\/bolting.eu\/en\/produkt-kategorie\/climbing-equipment\/\"},{\"@type\":\"ListItem\",\"position\":3,\"name\":\"Climbing carabiner\",\"item\":\"https:\/\/bolting.eu\/en\/produkt-kategorie\/climbing-carabiner\/\"},{\"@type\":\"ListItem\",\"position\":4,\"name\":\"Material carabiner\",\"item\":\"https:\/\/bolting.eu\/en\/produkt-kategorie\/material-carabiner\/\"},{\"@type\":\"ListItem\",\"position\":5,\"name\":\"Austrialpin Materialkarabiner\"}]},{\"@type\":\"WebSite\",\"@id\":\"https:\/\/bolting.eu\/en\/#website\",\"url\":\"https:\/\/bolting.eu\/en\/\",\"name\":\"bolting.eu\",\"description\":\"we make climbs happen\",\"publisher\":{\"@id\":\"https:\/\/bolting.eu\/en\/#organization\"},\"potentialAction\":[{\"@type\":\"SearchAction\",\"target\":{\"@type\":\"EntryPoint\",\"urlTemplate\":\"https:\/\/bolting.eu\/en\/?s={search_term_string}\"},\"query-input\":{\"@type\":\"PropertyValueSpecification\",\"valueRequired\":true,\"valueName\":\"search_term_string\"}}],\"inLanguage\":\"en-US\"},{\"@type\":[\"Organization\",\"Place\",\"SportingGoodsStore\"],\"@id\":\"https:\/\/bolting.eu\/en\/#organization\",\"name\":\"bolting.eu\",\"url\":\"https:\/\/bolting.eu\/en\/\",\"logo\":{\"@id\":\"https:\/\/bolting.eu\/en\/shop\/austrialpin-materialkarabiner\/#local-main-organization-logo\"},\"image\":{\"@id\":\"https:\/\/bolting.eu\/en\/shop\/austrialpin-materialkarabiner\/#local-main-organization-logo\"},\"sameAs\":[\"https:\/\/www.facebook.com\/bolting.eu\",\"https:\/\/www.instagram.com\/bolting.eu\/\"],\"address\":{\"@id\":\"https:\/\/bolting.eu\/en\/shop\/austrialpin-materialkarabiner\/#local-main-place-address\"},\"geo\":{\"@type\":\"GeoCoordinates\",\"latitude\":\"47.264176340396226\",\"longitude\":\"11.380109057672346\"},\"telephone\":[\"+43 699 19083372\"],\"openingHoursSpecification\":[{\"@type\":\"OpeningHoursSpecification\",\"dayOfWeek\":[\"Monday\",\"Wednesday\",\"Friday\"],\"opens\":\"14:00\",\"closes\":\"18:00\"},{\"@type\":\"OpeningHoursSpecification\",\"dayOfWeek\":[\"Tuesday\",\"Thursday\",\"Saturday\",\"Sunday\"],\"opens\":\"00:00\",\"closes\":\"00:00\"}],\"email\":\"office@bolting.eu\",\"vatID\":\"ATU59999728\",\"priceRange\":\"$$\",\"currenciesAccepted\":\"Euro\"},{\"@type\":\"PostalAddress\",\"@id\":\"https:\/\/bolting.eu\/en\/shop\/austrialpin-materialkarabiner\/#local-main-place-address\",\"streetAddress\":\"Fischnalerstra\u00dfe 4\",\"addressLocality\":\"Innsbruck\",\"postalCode\":\"6020\",\"addressRegion\":\"Tirol\",\"addressCountry\":\"AT\"},{\"@type\":\"ImageObject\",\"inLanguage\":\"en-US\",\"@id\":\"https:\/\/bolting.eu\/en\/shop\/austrialpin-materialkarabiner\/#local-main-organization-logo\",\"url\":\"https:\/\/bolting.eu\/wp-content\/uploads\/2019\/09\/bolting-logo.png\",\"contentUrl\":\"https:\/\/bolting.eu\/wp-content\/uploads\/2019\/09\/bolting-logo.png\",\"width\":400,\"height\":211,\"caption\":\"bolting.eu\"}]}<\/script>\n<meta property=\"og:availability\" content=\"instock\" \/>\n<meta property=\"product:availability\" content=\"instock\" \/>\n<meta property=\"product:condition\" content=\"new\" \/>\n<meta name=\"geo.placename\" content=\"Innsbruck\" \/>\n<meta name=\"geo.position\" content=\"47.264176340396226;11.380109057672346\" \/>\n<meta name=\"geo.region\" content=\"Austria\" \/>\n<!-- \/ Yoast SEO Premium plugin. -->","yoast_head_json":{"title":"Austrialpin Materialkarabiner jetzt g\u00fcnstig online kaufen | bolting.eu","description":"Hier findest Du die AUSTRIALPIN MATERIALKARABINER. \u2705 14 Tage R\u00fcckgaberecht \u2705 versandfrei* ab \u20ac 100,- \u2705 Kaufberatung \u2705 Fachh\u00e4ndler aus \u00d6sterreich","robots":{"index":"index","follow":"follow","max-snippet":"max-snippet:-1","max-image-preview":"max-image-preview:large","max-video-preview":"max-video-preview:-1"},"canonical":"https:\/\/bolting.eu\/en\/shop\/austrialpin-materialkarabiner\/","og_locale":"en_US","og_type":"article","og_title":"Austrialpin Materialkarabiner","og_description":"Hier findest Du die AUSTRIALPIN MATERIALKARABINER. \u2705 14 Tage R\u00fcckgaberecht \u2705 versandfrei* ab \u20ac 100,- \u2705 Kaufberatung \u2705 Fachh\u00e4ndler aus \u00d6sterreich","og_url":"https:\/\/bolting.eu\/en\/shop\/austrialpin-materialkarabiner\/","og_site_name":"bolting.eu","article_publisher":"https:\/\/www.facebook.com\/bolting.eu","article_modified_time":"2026-04-19T13:54:30+00:00","og_image":[{"width":700,"height":700,"url":"https:\/\/bolting.eu\/wp-content\/uploads\/2020\/08\/Austrialpin-Materialkarabiner-schwarz.jpg","type":"image\/jpeg"}],"twitter_card":"summary_large_image","twitter_misc":{"Availability":"In stock"},"schema":{"@context":"https:\/\/schema.org","@graph":[{"@type":["WebPage","ItemPage"],"@id":"https:\/\/bolting.eu\/en\/shop\/austrialpin-materialkarabiner\/","url":"https:\/\/bolting.eu\/en\/shop\/austrialpin-materialkarabiner\/","name":"Austrialpin Materialkarabiner jetzt g\u00fcnstig online kaufen | bolting.eu","isPartOf":{"@id":"https:\/\/bolting.eu\/en\/#website"},"primaryImageOfPage":{"@id":"https:\/\/bolting.eu\/en\/shop\/austrialpin-materialkarabiner\/#primaryimage"},"image":{"@id":"https:\/\/bolting.eu\/en\/shop\/austrialpin-materialkarabiner\/#primaryimage"},"thumbnailUrl":"https:\/\/bolting.eu\/wp-content\/uploads\/2020\/08\/Austrialpin-Materialkarabiner-schwarz.jpg","datePublished":"2020-08-29T12:35:21+00:00","dateModified":"2026-04-19T13:54:30+00:00","description":"Hier findest Du die AUSTRIALPIN MATERIALKARABINER. \u2705 14 Tage R\u00fcckgaberecht \u2705 versandfrei* ab \u20ac 100,- \u2705 Kaufberatung \u2705 Fachh\u00e4ndler aus \u00d6sterreich","breadcrumb":{"@id":"https:\/\/bolting.eu\/en\/shop\/austrialpin-materialkarabiner\/#breadcrumb"},"inLanguage":"en-US","potentialAction":[{"@type":"ReadAction","target":["https:\/\/bolting.eu\/en\/shop\/austrialpin-materialkarabiner\/"]}]},{"@type":"ImageObject","inLanguage":"en-US","@id":"https:\/\/bolting.eu\/en\/shop\/austrialpin-materialkarabiner\/#primaryimage","url":"https:\/\/bolting.eu\/wp-content\/uploads\/2020\/08\/Austrialpin-Materialkarabiner-schwarz.jpg","contentUrl":"https:\/\/bolting.eu\/wp-content\/uploads\/2020\/08\/Austrialpin-Materialkarabiner-schwarz.jpg","width":700,"height":700},{"@type":"BreadcrumbList","@id":"https:\/\/bolting.eu\/en\/shop\/austrialpin-materialkarabiner\/#breadcrumb","itemListElement":[{"@type":"ListItem","position":1,"name":"Shop","item":"https:\/\/bolting.eu\/en\/shop\/"},{"@type":"ListItem","position":2,"name":"climbing equipment","item":"https:\/\/bolting.eu\/en\/produkt-kategorie\/climbing-equipment\/"},{"@type":"ListItem","position":3,"name":"Climbing carabiner","item":"https:\/\/bolting.eu\/en\/produkt-kategorie\/climbing-carabiner\/"},{"@type":"ListItem","position":4,"name":"Material carabiner","item":"https:\/\/bolting.eu\/en\/produkt-kategorie\/material-carabiner\/"},{"@type":"ListItem","position":5,"name":"Austrialpin Materialkarabiner"}]},{"@type":"WebSite","@id":"https:\/\/bolting.eu\/en\/#website","url":"https:\/\/bolting.eu\/en\/","name":"bolting.eu","description":"we make climbs happen","publisher":{"@id":"https:\/\/bolting.eu\/en\/#organization"},"potentialAction":[{"@type":"SearchAction","target":{"@type":"EntryPoint","urlTemplate":"https:\/\/bolting.eu\/en\/?s={search_term_string}"},"query-input":{"@type":"PropertyValueSpecification","valueRequired":true,"valueName":"search_term_string"}}],"inLanguage":"en-US"},{"@type":["Organization","Place","SportingGoodsStore"],"@id":"https:\/\/bolting.eu\/en\/#organization","name":"bolting.eu","url":"https:\/\/bolting.eu\/en\/","logo":{"@id":"https:\/\/bolting.eu\/en\/shop\/austrialpin-materialkarabiner\/#local-main-organization-logo"},"image":{"@id":"https:\/\/bolting.eu\/en\/shop\/austrialpin-materialkarabiner\/#local-main-organization-logo"},"sameAs":["https:\/\/www.facebook.com\/bolting.eu","https:\/\/www.instagram.com\/bolting.eu\/"],"address":{"@id":"https:\/\/bolting.eu\/en\/shop\/austrialpin-materialkarabiner\/#local-main-place-address"},"geo":{"@type":"GeoCoordinates","latitude":"47.264176340396226","longitude":"11.380109057672346"},"telephone":["+43 699 19083372"],"openingHoursSpecification":[{"@type":"OpeningHoursSpecification","dayOfWeek":["Monday","Wednesday","Friday"],"opens":"14:00","closes":"18:00"},{"@type":"OpeningHoursSpecification","dayOfWeek":["Tuesday","Thursday","Saturday","Sunday"],"opens":"00:00","closes":"00:00"}],"email":"office@bolting.eu","vatID":"ATU59999728","priceRange":"$$","currenciesAccepted":"Euro"},{"@type":"PostalAddress","@id":"https:\/\/bolting.eu\/en\/shop\/austrialpin-materialkarabiner\/#local-main-place-address","streetAddress":"Fischnalerstra\u00dfe 4","addressLocality":"Innsbruck","postalCode":"6020","addressRegion":"Tirol","addressCountry":"AT"},{"@type":"ImageObject","inLanguage":"en-US","@id":"https:\/\/bolting.eu\/en\/shop\/austrialpin-materialkarabiner\/#local-main-organization-logo","url":"https:\/\/bolting.eu\/wp-content\/uploads\/2019\/09\/bolting-logo.png","contentUrl":"https:\/\/bolting.eu\/wp-content\/uploads\/2019\/09\/bolting-logo.png","width":400,"height":211,"caption":"bolting.eu"}]},"og_availability":"instock","product_availability":"instock","product_condition":"new","geo.placename":"Innsbruck","geo.position":{"lat":"47.264176340396226","long":"11.380109057672346"},"geo.region":"Austria"},"_links":{"self":[{"href":"https:\/\/bolting.eu\/en\/wp-json\/wp\/v2\/product\/4998","targetHints":{"allow":["GET"]}}],"collection":[{"href":"https:\/\/bolting.eu\/en\/wp-json\/wp\/v2\/product"}],"about":[{"href":"https:\/\/bolting.eu\/en\/wp-json\/wp\/v2\/types\/product"}],"replies":[{"embeddable":true,"href":"https:\/\/bolting.eu\/en\/wp-json\/wp\/v2\/comments?post=4998"}],"wp:featuredmedia":[{"embeddable":true,"href":"https:\/\/bolting.eu\/en\/wp-json\/wp\/v2\/media\/5007"}],"wp:attachment":[{"href":"https:\/\/bolting.eu\/en\/wp-json\/wp\/v2\/media?parent=4998"}],"wp:term":[{"taxonomy":"product_brand","embeddable":true,"href":"https:\/\/bolting.eu\/en\/wp-json\/wp\/v2\/product_brand?post=4998"},{"taxonomy":"product_cat","embeddable":true,"href":"https:\/\/bolting.eu\/en\/wp-json\/wp\/v2\/product_cat?post=4998"},{"taxonomy":"product_tag","embeddable":true,"href":"https:\/\/bolting.eu\/en\/wp-json\/wp\/v2\/product_tag?post=4998"}],"curies":[{"name":"wp","href":"https:\/\/api.w.org\/{rel}","templated":true}]}}