{"id":4995,"date":"2020-08-29T13:31:45","date_gmt":"2020-08-29T11:31:45","guid":{"rendered":"https:\/\/bolting.eu\/?post_type=product&#038;p=4995"},"modified":"2025-10-17T16:05:12","modified_gmt":"2025-10-17T14:05:12","slug":"kong-ovalone-dna-autoblock","status":"publish","type":"product","link":"https:\/\/bolting.eu\/en\/shop\/kong-ovalone-dna-autoblock\/","title":{"rendered":"Kong Ovalone DNA Autoblock"},"content":{"rendered":"<p>Der Kong Ovalone DNA Autoblock ist ein ganz spezieller Stahlkarabiner. Denn er hat eine 90\u00b0 Drehung. Somit kann er &#8220;flach&#8221; in ein <a href=\"https:\/\/bolting.eu\/produkt-kategorie\/industriekletter-ausruestung\/anschlagmittel\/\">Anschlagmittel<\/a> geh\u00e4ngt werden. Wie z.B. <a href=\"https:\/\/bolting.eu\/produkt-kategorie\/industriekletter-ausruestung\/seilschlingen\/\">Seilschlinge<\/a>, <a href=\"https:\/\/bolting.eu\/produkt-kategorie\/bohrhakenlasche\/\">Bohrhakenlaschen<\/a> bzw. <a href=\"https:\/\/bolting.eu\/produkt-kategorie\/klebehaken-buehlerhaken\/\">Klebehaken<\/a>.<\/p>\n<p>Am unteren Ende steht der Karabiner dann aber 90\u00b0 von der Oberfl\u00e4che ab!<\/p>\n<p>Somit k\u00f6nnt ihr hier perfekt eine Seilrolle oder <a href=\"https:\/\/bolting.eu\/produkt-kategorie\/kletterausruestung\/abseilgeraete\/\">Abseilger\u00e4t<\/a> einh\u00e4ngen.<\/p>\n<h3>Eigenschaften Kong Ovalone DNA Autoblock<\/h3>\n<ul>\n<li>Hersteller: Kong<\/li>\n<li>Gewicht: 215 Gramm<\/li>\n<li>Material: verzinkter Stahl eloxiert<\/li>\n<li>EN Norm: <a href=\"https:\/\/bolting.eu\/en-12275-norm\/\">EN 12275<\/a>, <a href=\"https:\/\/bolting.eu\/en-362-norm\/\">EN 362<\/a><\/li>\n<li>Bruchlasten l\u00e4ngs: 40 kN<\/li>\n<li>Schwerlastkarabiner f\u00fcr h\u00f6chste Lasten<\/li>\n<li>3-Wege Autolock<\/li>\n<li>extrem abriebfest<\/li>\n<li>Schnapper\u00f6ffnung 19mm<\/li>\n<li>Dimensionen: 108 x 63mm<\/li>\n<\/ul>\n<h3>Produktvideo<\/h3>\n<p>Das folgende Video erkl\u00e4rt das Produkt ganz augenscheinlich. Man versteht dabei sofort den Sinn der 90\u00b0 Drehung des Ovalone DNA Autoblock. Es geht dabei wiederkehrend um die korrekte Ausrichtung der Materialien, welche eingeh\u00e4ngt werden sollen.<\/p>\n<p><iframe loading=\"lazy\" src=\"https:\/\/www.youtube.com\/embed\/qa4d11LNvwA\" width=\"100%\" height=\"450\" frameborder=\"0\" allowfullscreen=\"allowfullscreen\"><span data-mce-type=\"bookmark\" style=\"display: inline-block; width: 0px; overflow: hidden; line-height: 0;\" class=\"mce_SELRES_start\">\ufeff<\/span><\/iframe><\/p>\n<h3>3-Wege Verschluss<\/h3>\n<p>Um den Ovalone DNA Autoblock von Kong zu \u00f6ffnen m\u00fcssen drei Schritte ausgef\u00fchrt werden. Erstens den Schnapper nach oben schieben. Zweitens diesen dann 90\u00b0 Drehen. Und drittens den Schnapper dann aufdr\u00fccken.<\/p>\n<p>Die Bezeichnung &#8220;autolock&#8221; kommt vom automatischen Verschluss Mechanismus des <a href=\"https:\/\/bolting.eu\/produkt-kategorie\/karabiner-kletterkarabiner\/\">Karabiners<\/a>.<\/p>\n<p>Hierdurch hat er die En 12275 und 262 Norm und ist somit auch in vielen <a href=\"https:\/\/bolting.eu\/produkt-kategorie\/industriekletter-ausruestung\/\">Industriekletter Ausr\u00fcstungen<\/a> zu finden.<\/p>\n<h3>Eloxierter, verzinkter Stahl = abriebfest<\/h3>\n<p>Der Kong Ovalone DNA mit Autoblock Verschluss besteht aus verzinktem Stahl. Um die Haltbarkeit nochmals zu verl\u00e4ngern, wurde das Produkt eloxiert.<\/p>\n<p>Bei der Verwendung im Bereich der H\u00f6henarbeiten bringt dies ebenfalls gro\u00dfe Vorteile. Zum einen gibt es kein Einschneiden in den Scheitel von scharfen Kanten. Und zum anderen auch keinen Abrieb wie bei Alu Karabinern.<\/p>\n<h4><strong>Link Tipp<\/strong><\/h4>\n<p>Mehr Informationen zum Produkt gibt es in der <a href=\"https:\/\/www.kong.it\/downloads\/I_KONG_CONNECTORS.pdf\" target=\"_blank\" rel=\"noopener noreferrer\">Bedienungsanleitung<\/a>.<\/p>\n","protected":false},"excerpt":{"rendered":"<p>Extrem starker Stahlkarabiner der um 90\u00b0 gedreht ist. Eine Nickel-Zink Schutzschichte sorgt f\u00fcr extrem lange Lebensdauer und Korrosionsschutz.<\/p>\n<p>Ideal f\u00fcr H\u00f6henarbeiter und Spezialarbeiten.<\/p>\n<p>Versandkostenfrei bis 2kg in <img decoding=\"async\" class=\"emoji\" role=\"img\" draggable=\"false\" src=\"https:\/\/s.w.org\/images\/core\/emoji\/14.0.0\/svg\/1f1e6-1f1f9.svg\" alt=\"\ud83c\udde6\ud83c\uddf9\" \/> ab \u20ac 100,- und <img decoding=\"async\" class=\"emoji\" role=\"img\" draggable=\"false\" src=\"https:\/\/s.w.org\/images\/core\/emoji\/14.0.0\/svg\/1f1e9-1f1ea.svg\" alt=\"\ud83c\udde9\ud83c\uddea\" \/> ab \u20ac 200,-!<\/p>\n","protected":false},"featured_media":16842,"comment_status":"open","ping_status":"closed","template":"","meta":[],"product_brand":[],"product_cat":[14749,3003,3007,44,4651,13932,14513],"product_tag":[504,1565,2188],"class_list":{"0":"post-4995","1":"product","2":"type-product","3":"status-publish","4":"has-post-thumbnail","6":"product_cat-verbindungselemente","7":"product_cat-stahlkarabiner","8":"product_cat-einhandkarabiner","9":"product_cat-kletterkarabiner","10":"product_cat-kong","11":"product_cat-twist-lock-karabiner","12":"product_cat-industriekletter-ausruestung","13":"product_tag-hoehlenforschung","14":"product_tag-bergrettung","15":"product_tag-hoehlenrettung","17":"first","18":"instock","19":"sale","20":"taxable","21":"shipping-taxable","22":"purchasable","23":"product-type-simple"},"yoast_head":"<!-- This site is optimized with the Yoast SEO Premium plugin v26.9 (Yoast SEO v26.9) - https:\/\/yoast.com\/product\/yoast-seo-premium-wordpress\/ -->\n<title>Kong Ovalone DNA Autoblock Stahlkarabiner g\u00fcnstig kaufen | bolting.eu<\/title>\n<meta name=\"description\" content=\"Hier findest Du den KONG OVALONE DNA AUTOBLOCK STAHLKARABINER. \u2705 14 Tage R\u00fcckgaberecht \u2705 versandfrei* ab \u20ac 100,- \u2705 Kaufberatung \u2705 Fachh\u00e4ndler aus \u00d6sterreich\" \/>\n<meta name=\"robots\" content=\"index, follow, max-snippet:-1, max-image-preview:large, max-video-preview:-1\" \/>\n<link rel=\"canonical\" href=\"https:\/\/bolting.eu\/en\/shop\/kong-ovalone-dna-autoblock\/\" \/>\n<meta property=\"og:locale\" content=\"en_US\" \/>\n<meta property=\"og:type\" content=\"article\" \/>\n<meta property=\"og:title\" content=\"Kong Ovalone DNA Autoblock\" \/>\n<meta property=\"og:description\" content=\"Hier findest Du den KONG OVALONE DNA AUTOBLOCK STAHLKARABINER. \u2705 14 Tage R\u00fcckgaberecht \u2705 versandfrei* ab \u20ac 100,- \u2705 Kaufberatung \u2705 Fachh\u00e4ndler aus \u00d6sterreich\" \/>\n<meta property=\"og:url\" content=\"https:\/\/bolting.eu\/en\/shop\/kong-ovalone-dna-autoblock\/\" \/>\n<meta property=\"og:site_name\" content=\"bolting.eu\" \/>\n<meta property=\"article:publisher\" content=\"https:\/\/www.facebook.com\/bolting.eu\" \/>\n<meta property=\"article:modified_time\" content=\"2025-10-17T14:05:12+00:00\" \/>\n<meta property=\"og:image\" content=\"https:\/\/bolting.eu\/wp-content\/uploads\/2020\/08\/Kong-Ovalone-DNA-AUtolock-3.jpg\" \/>\n\t<meta property=\"og:image:width\" content=\"700\" \/>\n\t<meta property=\"og:image:height\" content=\"700\" \/>\n\t<meta property=\"og:image:type\" content=\"image\/jpeg\" \/>\n<meta name=\"twitter:card\" content=\"summary_large_image\" \/>\n<meta name=\"twitter:label1\" content=\"Price\" \/>\n\t<meta name=\"twitter:data1\" content=\"&euro;&nbsp;31,90\" \/>\n\t<meta name=\"twitter:label2\" content=\"Availability\" \/>\n\t<meta name=\"twitter:data2\" content=\"In stock\" \/>\n<script type=\"application\/ld+json\" class=\"yoast-schema-graph\">{\"@context\":\"https:\/\/schema.org\",\"@graph\":[{\"@type\":[\"WebPage\",\"ItemPage\"],\"@id\":\"https:\/\/bolting.eu\/en\/shop\/kong-ovalone-dna-autoblock\/\",\"url\":\"https:\/\/bolting.eu\/en\/shop\/kong-ovalone-dna-autoblock\/\",\"name\":\"Kong Ovalone DNA Autoblock Stahlkarabiner g\u00fcnstig kaufen | bolting.eu\",\"isPartOf\":{\"@id\":\"https:\/\/bolting.eu\/en\/#website\"},\"primaryImageOfPage\":{\"@id\":\"https:\/\/bolting.eu\/en\/shop\/kong-ovalone-dna-autoblock\/#primaryimage\"},\"image\":{\"@id\":\"https:\/\/bolting.eu\/en\/shop\/kong-ovalone-dna-autoblock\/#primaryimage\"},\"thumbnailUrl\":\"https:\/\/bolting.eu\/wp-content\/uploads\/2020\/08\/Kong-Ovalone-DNA-AUtolock-3.jpg\",\"datePublished\":\"2020-08-29T11:31:45+00:00\",\"dateModified\":\"2025-10-17T14:05:12+00:00\",\"description\":\"Hier findest Du den KONG OVALONE DNA AUTOBLOCK STAHLKARABINER. \u2705 14 Tage R\u00fcckgaberecht \u2705 versandfrei* ab \u20ac 100,- \u2705 Kaufberatung \u2705 Fachh\u00e4ndler aus \u00d6sterreich\",\"breadcrumb\":{\"@id\":\"https:\/\/bolting.eu\/en\/shop\/kong-ovalone-dna-autoblock\/#breadcrumb\"},\"inLanguage\":\"en-US\",\"potentialAction\":[{\"@type\":\"ReadAction\",\"target\":[\"https:\/\/bolting.eu\/en\/shop\/kong-ovalone-dna-autoblock\/\"]}]},{\"@type\":\"ImageObject\",\"inLanguage\":\"en-US\",\"@id\":\"https:\/\/bolting.eu\/en\/shop\/kong-ovalone-dna-autoblock\/#primaryimage\",\"url\":\"https:\/\/bolting.eu\/wp-content\/uploads\/2020\/08\/Kong-Ovalone-DNA-AUtolock-3.jpg\",\"contentUrl\":\"https:\/\/bolting.eu\/wp-content\/uploads\/2020\/08\/Kong-Ovalone-DNA-AUtolock-3.jpg\",\"width\":700,\"height\":700,\"caption\":\"Silberner Kong Ovalone DNA Autoblock Stahlkarabiner von der Seite.\"},{\"@type\":\"BreadcrumbList\",\"@id\":\"https:\/\/bolting.eu\/en\/shop\/kong-ovalone-dna-autoblock\/#breadcrumb\",\"itemListElement\":[{\"@type\":\"ListItem\",\"position\":1,\"name\":\"Shop\",\"item\":\"https:\/\/bolting.eu\/en\/shop\/\"},{\"@type\":\"ListItem\",\"position\":2,\"name\":\"Industrial climbing gear\",\"item\":\"https:\/\/bolting.eu\/en\/produkt-kategorie\/industrial-climbing-gear\/\"},{\"@type\":\"ListItem\",\"position\":3,\"name\":\"Verbindungselemente\",\"item\":\"https:\/\/bolting.eu\/produkt-kategorie\/industriekletter-ausruestung\/verbindungselemente\/\"},{\"@type\":\"ListItem\",\"position\":4,\"name\":\"Kong Ovalone DNA Autoblock\"}]},{\"@type\":\"WebSite\",\"@id\":\"https:\/\/bolting.eu\/en\/#website\",\"url\":\"https:\/\/bolting.eu\/en\/\",\"name\":\"bolting.eu\",\"description\":\"we make climbs happen\",\"publisher\":{\"@id\":\"https:\/\/bolting.eu\/en\/#organization\"},\"potentialAction\":[{\"@type\":\"SearchAction\",\"target\":{\"@type\":\"EntryPoint\",\"urlTemplate\":\"https:\/\/bolting.eu\/en\/?s={search_term_string}\"},\"query-input\":{\"@type\":\"PropertyValueSpecification\",\"valueRequired\":true,\"valueName\":\"search_term_string\"}}],\"inLanguage\":\"en-US\"},{\"@type\":[\"Organization\",\"Place\",\"SportingGoodsStore\"],\"@id\":\"https:\/\/bolting.eu\/en\/#organization\",\"name\":\"bolting.eu\",\"url\":\"https:\/\/bolting.eu\/en\/\",\"logo\":{\"@id\":\"https:\/\/bolting.eu\/en\/shop\/kong-ovalone-dna-autoblock\/#local-main-organization-logo\"},\"image\":{\"@id\":\"https:\/\/bolting.eu\/en\/shop\/kong-ovalone-dna-autoblock\/#local-main-organization-logo\"},\"sameAs\":[\"https:\/\/www.facebook.com\/bolting.eu\",\"https:\/\/www.instagram.com\/bolting.eu\/\"],\"address\":{\"@id\":\"https:\/\/bolting.eu\/en\/shop\/kong-ovalone-dna-autoblock\/#local-main-place-address\"},\"geo\":{\"@type\":\"GeoCoordinates\",\"latitude\":\"47.264176340396226\",\"longitude\":\"11.380109057672346\"},\"telephone\":[\"+43 699 19083372\"],\"openingHoursSpecification\":[{\"@type\":\"OpeningHoursSpecification\",\"dayOfWeek\":[\"Monday\",\"Wednesday\",\"Friday\"],\"opens\":\"14:00\",\"closes\":\"18:00\"},{\"@type\":\"OpeningHoursSpecification\",\"dayOfWeek\":[\"Tuesday\",\"Thursday\",\"Saturday\",\"Sunday\"],\"opens\":\"00:00\",\"closes\":\"00:00\"}],\"email\":\"office@bolting.eu\",\"vatID\":\"ATU59999728\",\"priceRange\":\"$$\",\"currenciesAccepted\":\"Euro\"},{\"@type\":\"PostalAddress\",\"@id\":\"https:\/\/bolting.eu\/en\/shop\/kong-ovalone-dna-autoblock\/#local-main-place-address\",\"streetAddress\":\"Fischnalerstra\u00dfe 4\",\"addressLocality\":\"Innsbruck\",\"postalCode\":\"6020\",\"addressRegion\":\"Tirol\",\"addressCountry\":\"AT\"},{\"@type\":\"ImageObject\",\"inLanguage\":\"en-US\",\"@id\":\"https:\/\/bolting.eu\/en\/shop\/kong-ovalone-dna-autoblock\/#local-main-organization-logo\",\"url\":\"https:\/\/bolting.eu\/wp-content\/uploads\/2019\/09\/bolting-logo.png\",\"contentUrl\":\"https:\/\/bolting.eu\/wp-content\/uploads\/2019\/09\/bolting-logo.png\",\"width\":400,\"height\":211,\"caption\":\"bolting.eu\"}]}<\/script>\n<meta property=\"og:video\" content=\"https:\/\/www.youtube.com\/embed\/qa4d11LNvwA\" \/>\n<meta property=\"og:video:type\" content=\"text\/html\" \/>\n<meta property=\"og:video:duration\" content=\"58\" \/>\n<meta property=\"og:video:width\" content=\"480\" \/>\n<meta property=\"og:video:height\" content=\"270\" \/>\n<meta property=\"ya:ovs:adult\" content=\"false\" \/>\n<meta property=\"ya:ovs:upload_date\" content=\"2020-08-29T11:31:45+00:00\" \/>\n<meta property=\"ya:ovs:allow_embed\" content=\"true\" \/>\n<meta property=\"product:price:amount\" content=\"31.90\" \/>\n<meta property=\"product:price:currency\" content=\"EUR\" \/>\n<meta property=\"og:availability\" content=\"instock\" \/>\n<meta property=\"product:availability\" content=\"instock\" \/>\n<meta property=\"product:retailer_item_id\" content=\"414LN0999KK\" \/>\n<meta property=\"product:condition\" content=\"new\" \/>\n<meta name=\"geo.placename\" content=\"Innsbruck\" \/>\n<meta name=\"geo.position\" content=\"47.264176340396226;11.380109057672346\" \/>\n<meta name=\"geo.region\" content=\"Austria\" \/>\n<!-- \/ Yoast SEO Premium plugin. -->","yoast_head_json":{"title":"Kong Ovalone DNA Autoblock Stahlkarabiner g\u00fcnstig kaufen | bolting.eu","description":"Hier findest Du den KONG OVALONE DNA AUTOBLOCK STAHLKARABINER. \u2705 14 Tage R\u00fcckgaberecht \u2705 versandfrei* ab \u20ac 100,- \u2705 Kaufberatung \u2705 Fachh\u00e4ndler aus \u00d6sterreich","robots":{"index":"index","follow":"follow","max-snippet":"max-snippet:-1","max-image-preview":"max-image-preview:large","max-video-preview":"max-video-preview:-1"},"canonical":"https:\/\/bolting.eu\/en\/shop\/kong-ovalone-dna-autoblock\/","og_locale":"en_US","og_type":"article","og_title":"Kong Ovalone DNA Autoblock","og_description":"Hier findest Du den KONG OVALONE DNA AUTOBLOCK STAHLKARABINER. \u2705 14 Tage R\u00fcckgaberecht \u2705 versandfrei* ab \u20ac 100,- \u2705 Kaufberatung \u2705 Fachh\u00e4ndler aus \u00d6sterreich","og_url":"https:\/\/bolting.eu\/en\/shop\/kong-ovalone-dna-autoblock\/","og_site_name":"bolting.eu","article_publisher":"https:\/\/www.facebook.com\/bolting.eu","article_modified_time":"2025-10-17T14:05:12+00:00","og_image":[{"width":700,"height":700,"url":"https:\/\/bolting.eu\/wp-content\/uploads\/2020\/08\/Kong-Ovalone-DNA-AUtolock-3.jpg","type":"image\/jpeg"}],"twitter_card":"summary_large_image","twitter_misc":{"Price":"&euro;&nbsp;31,90","Availability":"In stock"},"schema":{"@context":"https:\/\/schema.org","@graph":[{"@type":["WebPage","ItemPage"],"@id":"https:\/\/bolting.eu\/en\/shop\/kong-ovalone-dna-autoblock\/","url":"https:\/\/bolting.eu\/en\/shop\/kong-ovalone-dna-autoblock\/","name":"Kong Ovalone DNA Autoblock Stahlkarabiner g\u00fcnstig kaufen | bolting.eu","isPartOf":{"@id":"https:\/\/bolting.eu\/en\/#website"},"primaryImageOfPage":{"@id":"https:\/\/bolting.eu\/en\/shop\/kong-ovalone-dna-autoblock\/#primaryimage"},"image":{"@id":"https:\/\/bolting.eu\/en\/shop\/kong-ovalone-dna-autoblock\/#primaryimage"},"thumbnailUrl":"https:\/\/bolting.eu\/wp-content\/uploads\/2020\/08\/Kong-Ovalone-DNA-AUtolock-3.jpg","datePublished":"2020-08-29T11:31:45+00:00","dateModified":"2025-10-17T14:05:12+00:00","description":"Hier findest Du den KONG OVALONE DNA AUTOBLOCK STAHLKARABINER. \u2705 14 Tage R\u00fcckgaberecht \u2705 versandfrei* ab \u20ac 100,- \u2705 Kaufberatung \u2705 Fachh\u00e4ndler aus \u00d6sterreich","breadcrumb":{"@id":"https:\/\/bolting.eu\/en\/shop\/kong-ovalone-dna-autoblock\/#breadcrumb"},"inLanguage":"en-US","potentialAction":[{"@type":"ReadAction","target":["https:\/\/bolting.eu\/en\/shop\/kong-ovalone-dna-autoblock\/"]}]},{"@type":"ImageObject","inLanguage":"en-US","@id":"https:\/\/bolting.eu\/en\/shop\/kong-ovalone-dna-autoblock\/#primaryimage","url":"https:\/\/bolting.eu\/wp-content\/uploads\/2020\/08\/Kong-Ovalone-DNA-AUtolock-3.jpg","contentUrl":"https:\/\/bolting.eu\/wp-content\/uploads\/2020\/08\/Kong-Ovalone-DNA-AUtolock-3.jpg","width":700,"height":700,"caption":"Silberner Kong Ovalone DNA Autoblock Stahlkarabiner von der Seite."},{"@type":"BreadcrumbList","@id":"https:\/\/bolting.eu\/en\/shop\/kong-ovalone-dna-autoblock\/#breadcrumb","itemListElement":[{"@type":"ListItem","position":1,"name":"Shop","item":"https:\/\/bolting.eu\/en\/shop\/"},{"@type":"ListItem","position":2,"name":"Industrial climbing gear","item":"https:\/\/bolting.eu\/en\/produkt-kategorie\/industrial-climbing-gear\/"},{"@type":"ListItem","position":3,"name":"Verbindungselemente","item":"https:\/\/bolting.eu\/produkt-kategorie\/industriekletter-ausruestung\/verbindungselemente\/"},{"@type":"ListItem","position":4,"name":"Kong Ovalone DNA Autoblock"}]},{"@type":"WebSite","@id":"https:\/\/bolting.eu\/en\/#website","url":"https:\/\/bolting.eu\/en\/","name":"bolting.eu","description":"we make climbs happen","publisher":{"@id":"https:\/\/bolting.eu\/en\/#organization"},"potentialAction":[{"@type":"SearchAction","target":{"@type":"EntryPoint","urlTemplate":"https:\/\/bolting.eu\/en\/?s={search_term_string}"},"query-input":{"@type":"PropertyValueSpecification","valueRequired":true,"valueName":"search_term_string"}}],"inLanguage":"en-US"},{"@type":["Organization","Place","SportingGoodsStore"],"@id":"https:\/\/bolting.eu\/en\/#organization","name":"bolting.eu","url":"https:\/\/bolting.eu\/en\/","logo":{"@id":"https:\/\/bolting.eu\/en\/shop\/kong-ovalone-dna-autoblock\/#local-main-organization-logo"},"image":{"@id":"https:\/\/bolting.eu\/en\/shop\/kong-ovalone-dna-autoblock\/#local-main-organization-logo"},"sameAs":["https:\/\/www.facebook.com\/bolting.eu","https:\/\/www.instagram.com\/bolting.eu\/"],"address":{"@id":"https:\/\/bolting.eu\/en\/shop\/kong-ovalone-dna-autoblock\/#local-main-place-address"},"geo":{"@type":"GeoCoordinates","latitude":"47.264176340396226","longitude":"11.380109057672346"},"telephone":["+43 699 19083372"],"openingHoursSpecification":[{"@type":"OpeningHoursSpecification","dayOfWeek":["Monday","Wednesday","Friday"],"opens":"14:00","closes":"18:00"},{"@type":"OpeningHoursSpecification","dayOfWeek":["Tuesday","Thursday","Saturday","Sunday"],"opens":"00:00","closes":"00:00"}],"email":"office@bolting.eu","vatID":"ATU59999728","priceRange":"$$","currenciesAccepted":"Euro"},{"@type":"PostalAddress","@id":"https:\/\/bolting.eu\/en\/shop\/kong-ovalone-dna-autoblock\/#local-main-place-address","streetAddress":"Fischnalerstra\u00dfe 4","addressLocality":"Innsbruck","postalCode":"6020","addressRegion":"Tirol","addressCountry":"AT"},{"@type":"ImageObject","inLanguage":"en-US","@id":"https:\/\/bolting.eu\/en\/shop\/kong-ovalone-dna-autoblock\/#local-main-organization-logo","url":"https:\/\/bolting.eu\/wp-content\/uploads\/2019\/09\/bolting-logo.png","contentUrl":"https:\/\/bolting.eu\/wp-content\/uploads\/2019\/09\/bolting-logo.png","width":400,"height":211,"caption":"bolting.eu"}]},"og_video":"https:\/\/www.youtube.com\/embed\/qa4d11LNvwA","og_video_type":"text\/html","og_video_duration":"58","og_video_width":"480","og_video_height":"270","ya_ovs_adult":"false","ya_ovs_upload_date":"2020-08-29T11:31:45+00:00","ya_ovs_allow_embed":"true","product_price_amount":"31.90","product_price_currency":"EUR","og_availability":"instock","product_availability":"instock","product_retailer_item_id":"414LN0999KK","product_condition":"new","geo.placename":"Innsbruck","geo.position":{"lat":"47.264176340396226","long":"11.380109057672346"},"geo.region":"Austria"},"_links":{"self":[{"href":"https:\/\/bolting.eu\/en\/wp-json\/wp\/v2\/product\/4995","targetHints":{"allow":["GET"]}}],"collection":[{"href":"https:\/\/bolting.eu\/en\/wp-json\/wp\/v2\/product"}],"about":[{"href":"https:\/\/bolting.eu\/en\/wp-json\/wp\/v2\/types\/product"}],"replies":[{"embeddable":true,"href":"https:\/\/bolting.eu\/en\/wp-json\/wp\/v2\/comments?post=4995"}],"wp:featuredmedia":[{"embeddable":true,"href":"https:\/\/bolting.eu\/en\/wp-json\/wp\/v2\/media\/16842"}],"wp:attachment":[{"href":"https:\/\/bolting.eu\/en\/wp-json\/wp\/v2\/media?parent=4995"}],"wp:term":[{"taxonomy":"product_brand","embeddable":true,"href":"https:\/\/bolting.eu\/en\/wp-json\/wp\/v2\/product_brand?post=4995"},{"taxonomy":"product_cat","embeddable":true,"href":"https:\/\/bolting.eu\/en\/wp-json\/wp\/v2\/product_cat?post=4995"},{"taxonomy":"product_tag","embeddable":true,"href":"https:\/\/bolting.eu\/en\/wp-json\/wp\/v2\/product_tag?post=4995"}],"curies":[{"name":"wp","href":"https:\/\/api.w.org\/{rel}","templated":true}]}}