{"id":4989,"date":"2020-08-29T12:35:22","date_gmt":"2020-08-29T10:35:22","guid":{"rendered":"https:\/\/bolting.eu\/?post_type=product&#038;p=4989"},"modified":"2025-08-01T19:33:13","modified_gmt":"2025-08-01T17:33:13","slug":"camp-oval-pro-lock-stahlkarabiner","status":"publish","type":"product","link":"https:\/\/bolting.eu\/en\/shop\/camp-oval-pro-lock-stahlkarabiner\/","title":{"rendered":"Camp Oval Pro Lock Stahlkarabiner"},"content":{"rendered":"<p>Der Camp Oval Pro Lock Stahlkarabiner ist ein Arbeitstier. Denn der abriebfeste <a href=\"https:\/\/bolting.eu\/produkt-kategorie\/karabiner-kletterkarabiner\/\">Karabiner<\/a> ist speziell f\u00fcr die Verwendung bei Rettungseins\u00e4tzen sowie bei H\u00f6henarbeiten gedacht.<\/p>\n<p>Zum einen ist er aufgrund seiner Form ideal f\u00fcr alle Arten von <a href=\"https:\/\/bolting.eu\/produkt-kategorie\/seilrollen\/\">Seilrollen<\/a>. Diese liegen n\u00e4mlich auf den rundlichen Scheitel perfekt auf.<\/p>\n<p>Zum anderen garantiert der verzinkte Stahl extremen Abriebschutz. D.h. f\u00fcr alle hochfrequenten Abseil- und Aufstiegsaktionen ist er geradezu perfekt.<\/p>\n<p>\u00dcberdies sorgt die ovale Form f\u00fcr eine automatische Ausrichtung entlang der starken L\u00e4ngsachse.<\/p>\n<h2>Eigenschaften Camp Oval Pro Lock Stahlkarabiner<\/h2>\n<ul>\n<li>Hersteller: Camp-Cassin<\/li>\n<li>Gewicht: 180 Gramm<\/li>\n<li>Material: verzinkter Kohlenstoffstahl<\/li>\n<li>EN Norm: EN 12275, EN 362<\/li>\n<li>Bruchlasten l\u00e4ngs \u2013 quer \u2013 offen: 30 kN \u2013 15 kN \u2013 9 kN<\/li>\n<li>perfekt f\u00fcr Rollen und Abseilger\u00e4te<\/li>\n<li>Schraubverschluss<\/li>\n<li>extrem abriebfest<\/li>\n<li>Schnapper\u00f6ffnung 17mm<\/li>\n<li>Dimensionen: 109 x 56mm<\/li>\n<\/ul>\n<h3>Wieso ovale Form?<\/h3>\n<p>Die ovale Form des Camp Oval Pro Lock Stahlkarabiner ist ideal f\u00fcr bestimmte Anwendungen.<\/p>\n<p>Erstens k\u00f6nnen somit Seilrollen ideal eingeh\u00e4ngt werden. Denn sie finden in der schmalen Form mit idealer Rundung sofort eine stabile Lage.<\/p>\n<p>Zweitens bedingt eine ovale Form die automatische Ausrichtung in der starken L\u00e4ngsachse des Karabiners. D.h. die Lasten richten den Karabiner automatisch aus. Folglich kann sich dieser &#8220;unter Zug&#8221; so gut wie nicht verdrehen.<\/p>\n<p>Drittens bedeutet eine ovale viel weniger Radius. Das ist beispielsweise extrem vorteilhaft wenn man enge \u00d6sen bzw. generell wenig Platz hat. Dann k\u00f6nnen gr\u00f6\u00dfere Stahlkarabiner oft nicht eingeh\u00e4ngt werden. Dies kann z.B. bei <a href=\"https:\/\/bolting.eu\/produkt-kategorie\/bohrhakenlasche\/\">Bohrhakenlaschen<\/a> passieren, die zu nahe in Ecken angebracht wurden. Zudem k\u00f6nnen auch <a href=\"https:\/\/bolting.eu\/produkt-kategorie\/klebehaken-buehlerhaken\/\">Klebehaken<\/a> oft in Nieschen platziert sein.<\/p>\n<h3>Camp Oval Pro Lock Stahlkarabiner = Keylock Verschluss<\/h3>\n<p>Der gro\u00dfe Unterschied zur g\u00fcnstigeren Variante dieses Karabiners ist der Verschluss. Denn es ist ein Keylock Verschluss.<\/p>\n<p>D.h. zum einen ist eine rundliche Nase am Karabiner. Folglich kann der Karabiner beim Einh\u00e4ngen nirgends h\u00e4ngen bleiben. Wie z.B.\u00a0 an <a href=\"https:\/\/bolting.eu\/produkt-kategorie\/bandschlinge\/\">Bandschlingen<\/a> bzw. <a href=\"https:\/\/bolting.eu\/produkt-kategorie\/reepschnur\/\">Reepschn\u00fcren<\/a>.<\/p>\n<p>Zum anderen hat der Schnapper eine passende, abgerundete Einbuchtung. Das gibt dem Karabiner erstens mehr Stabilit\u00e4t. Und zweitens gibt es keine scharfen Grate oder Kanten an denen man sich verletzen k\u00f6nnte.<\/p>\n<h3>Wann muss der Karabiner getauscht werden?<\/h3>\n<p>Der Camp Oval Pro Lock Stahlkarabiner ist quasi unkaputtbar. Ihr solltet viele, viele Jahre eine Freude daran haben. Ein Austausch ist nur aus folgenden Gr\u00fcnden notwendig. Erstens wenn der Schraubverschluss kaputt werden sollte Zweitens wenn der Scheitel mehr als 25% durchgerieben ist. Drittens wenn der Karabiner aus gro\u00dfer H\u00f6he auf den Boden fallen sollte.<\/p>\n<h4><strong>Link Tipp<\/strong><\/h4>\n<p>Mehr Infos zum Karabiner gibt es in der <a href=\"http:\/\/doc.camp.it\/Manuali\/MOSCHETTONI_MANUALE01%20r10.pdf\" target=\"_blank\" rel=\"noopener noreferrer\">Gebrauchsanleitung<\/a>.<\/p>\n","protected":false},"excerpt":{"rendered":"<ul>\n<li>Hersteller: <a href=\"https:\/\/bolting.eu\/produkt-kategorie\/camp-cassin\/\">Camp-Cassin<\/a><\/li>\n<li>Gewicht: 180 Gramm<\/li>\n<li>Material: verzinkter Kohlenstoffstahl<\/li>\n<li>EN Norm: EN 12275, EN 362<\/li>\n<li>Bruchlasten l\u00e4ngs \u2013 quer \u2013 offen: 30 kN \u2013 15 kN \u2013 9 kN<\/li>\n<li>perfekt f\u00fcr Rollen und Abseilger\u00e4te<\/li>\n<li>Schraubverschluss<\/li>\n<li>extrem abriebfest<\/li>\n<li>Schnapper\u00f6ffnung 17mm<\/li>\n<li>Dimensionen: 109 x 56mm<\/li>\n<\/ul>\n","protected":false},"featured_media":4990,"comment_status":"open","ping_status":"closed","template":"","meta":[],"product_brand":[],"product_cat":[3009,44,4653,3003],"product_tag":[1565,2228],"class_list":{"0":"post-4989","1":"product","2":"type-product","3":"status-publish","4":"has-post-thumbnail","6":"product_cat-schraubkarabiner","7":"product_cat-kletterkarabiner","8":"product_cat-camp-cassin","9":"product_cat-stahlkarabiner","10":"product_tag-bergrettung","11":"product_tag-hoehenarbeiten","13":"first","14":"instock","15":"sale","16":"taxable","17":"shipping-taxable","18":"purchasable","19":"product-type-simple"},"yoast_head":"<!-- This site is optimized with the Yoast SEO Premium plugin v26.9 (Yoast SEO v26.9) - https:\/\/yoast.com\/product\/yoast-seo-premium-wordpress\/ -->\n<title>Camp Oval Pro Lock Stahlkarabiner jetzt g\u00fcnstig online kaufen | bolting.eu<\/title>\n<meta name=\"description\" content=\"Hier findest Du den CAMP OVAL PRO LOCK STAHLKARABINER. \u2705 14 Tage R\u00fcckgaberecht \u2705 versandfrei* ab \u20ac 100,- \u2705 Kaufberatung \u2705 Fachh\u00e4ndler aus \u00d6sterreich\" \/>\n<meta name=\"robots\" content=\"index, follow, max-snippet:-1, max-image-preview:large, max-video-preview:-1\" \/>\n<link rel=\"canonical\" href=\"https:\/\/bolting.eu\/en\/shop\/camp-oval-pro-lock-stahlkarabiner\/\" \/>\n<meta property=\"og:locale\" content=\"en_US\" \/>\n<meta property=\"og:type\" content=\"article\" \/>\n<meta property=\"og:title\" content=\"Camp Oval Pro Lock Stahlkarabiner\" \/>\n<meta property=\"og:description\" content=\"Hier findest Du den CAMP OVAL PRO LOCK STAHLKARABINER. \u2705 14 Tage R\u00fcckgaberecht \u2705 versandfrei* ab \u20ac 100,- \u2705 Kaufberatung \u2705 Fachh\u00e4ndler aus \u00d6sterreich\" \/>\n<meta property=\"og:url\" content=\"https:\/\/bolting.eu\/en\/shop\/camp-oval-pro-lock-stahlkarabiner\/\" \/>\n<meta property=\"og:site_name\" content=\"bolting.eu\" \/>\n<meta property=\"article:publisher\" content=\"https:\/\/www.facebook.com\/bolting.eu\" \/>\n<meta property=\"article:modified_time\" content=\"2025-08-01T17:33:13+00:00\" \/>\n<meta property=\"og:image\" content=\"https:\/\/bolting.eu\/wp-content\/uploads\/2020\/08\/Camp-Oval-Pro-Lock-Stahlkarabiner-1.jpg\" \/>\n\t<meta property=\"og:image:width\" content=\"700\" \/>\n\t<meta property=\"og:image:height\" content=\"700\" \/>\n\t<meta property=\"og:image:type\" content=\"image\/jpeg\" \/>\n<meta name=\"twitter:card\" content=\"summary_large_image\" \/>\n<meta name=\"twitter:label1\" content=\"Price\" \/>\n\t<meta name=\"twitter:data1\" content=\"&euro;&nbsp;14,80\" \/>\n\t<meta name=\"twitter:label2\" content=\"Availability\" \/>\n\t<meta name=\"twitter:data2\" content=\"In stock\" \/>\n<script type=\"application\/ld+json\" class=\"yoast-schema-graph\">{\"@context\":\"https:\/\/schema.org\",\"@graph\":[{\"@type\":[\"WebPage\",\"ItemPage\"],\"@id\":\"https:\/\/bolting.eu\/en\/shop\/camp-oval-pro-lock-stahlkarabiner\/\",\"url\":\"https:\/\/bolting.eu\/en\/shop\/camp-oval-pro-lock-stahlkarabiner\/\",\"name\":\"Camp Oval Pro Lock Stahlkarabiner jetzt g\u00fcnstig online kaufen | bolting.eu\",\"isPartOf\":{\"@id\":\"https:\/\/bolting.eu\/en\/#website\"},\"primaryImageOfPage\":{\"@id\":\"https:\/\/bolting.eu\/en\/shop\/camp-oval-pro-lock-stahlkarabiner\/#primaryimage\"},\"image\":{\"@id\":\"https:\/\/bolting.eu\/en\/shop\/camp-oval-pro-lock-stahlkarabiner\/#primaryimage\"},\"thumbnailUrl\":\"https:\/\/bolting.eu\/wp-content\/uploads\/2020\/08\/Camp-Oval-Pro-Lock-Stahlkarabiner-1.jpg\",\"datePublished\":\"2020-08-29T10:35:22+00:00\",\"dateModified\":\"2025-08-01T17:33:13+00:00\",\"description\":\"Hier findest Du den CAMP OVAL PRO LOCK STAHLKARABINER. \u2705 14 Tage R\u00fcckgaberecht \u2705 versandfrei* ab \u20ac 100,- \u2705 Kaufberatung \u2705 Fachh\u00e4ndler aus \u00d6sterreich\",\"breadcrumb\":{\"@id\":\"https:\/\/bolting.eu\/en\/shop\/camp-oval-pro-lock-stahlkarabiner\/#breadcrumb\"},\"inLanguage\":\"en-US\",\"potentialAction\":[{\"@type\":\"ReadAction\",\"target\":[\"https:\/\/bolting.eu\/en\/shop\/camp-oval-pro-lock-stahlkarabiner\/\"]}]},{\"@type\":\"ImageObject\",\"inLanguage\":\"en-US\",\"@id\":\"https:\/\/bolting.eu\/en\/shop\/camp-oval-pro-lock-stahlkarabiner\/#primaryimage\",\"url\":\"https:\/\/bolting.eu\/wp-content\/uploads\/2020\/08\/Camp-Oval-Pro-Lock-Stahlkarabiner-1.jpg\",\"contentUrl\":\"https:\/\/bolting.eu\/wp-content\/uploads\/2020\/08\/Camp-Oval-Pro-Lock-Stahlkarabiner-1.jpg\",\"width\":700,\"height\":700,\"caption\":\"Das Bild zeigt den Camp Oval Pro Lock Stahlkarabiner. Der silberne Karabiner liegt aufrecht in Bildmitte mit dem Schnapper nach rechts.\"},{\"@type\":\"BreadcrumbList\",\"@id\":\"https:\/\/bolting.eu\/en\/shop\/camp-oval-pro-lock-stahlkarabiner\/#breadcrumb\",\"itemListElement\":[{\"@type\":\"ListItem\",\"position\":1,\"name\":\"Shop\",\"item\":\"https:\/\/bolting.eu\/en\/shop\/\"},{\"@type\":\"ListItem\",\"position\":2,\"name\":\"climbing equipment\",\"item\":\"https:\/\/bolting.eu\/en\/produkt-kategorie\/climbing-equipment\/\"},{\"@type\":\"ListItem\",\"position\":3,\"name\":\"Climbing carabiner\",\"item\":\"https:\/\/bolting.eu\/en\/produkt-kategorie\/climbing-carabiner\/\"},{\"@type\":\"ListItem\",\"position\":4,\"name\":\"Steel carabiner\",\"item\":\"https:\/\/bolting.eu\/en\/produkt-kategorie\/steel-carabiner\/\"},{\"@type\":\"ListItem\",\"position\":5,\"name\":\"Camp Oval Pro Lock Stahlkarabiner\"}]},{\"@type\":\"WebSite\",\"@id\":\"https:\/\/bolting.eu\/en\/#website\",\"url\":\"https:\/\/bolting.eu\/en\/\",\"name\":\"bolting.eu\",\"description\":\"we make climbs happen\",\"publisher\":{\"@id\":\"https:\/\/bolting.eu\/en\/#organization\"},\"potentialAction\":[{\"@type\":\"SearchAction\",\"target\":{\"@type\":\"EntryPoint\",\"urlTemplate\":\"https:\/\/bolting.eu\/en\/?s={search_term_string}\"},\"query-input\":{\"@type\":\"PropertyValueSpecification\",\"valueRequired\":true,\"valueName\":\"search_term_string\"}}],\"inLanguage\":\"en-US\"},{\"@type\":[\"Organization\",\"Place\",\"SportingGoodsStore\"],\"@id\":\"https:\/\/bolting.eu\/en\/#organization\",\"name\":\"bolting.eu\",\"url\":\"https:\/\/bolting.eu\/en\/\",\"logo\":{\"@id\":\"https:\/\/bolting.eu\/en\/shop\/camp-oval-pro-lock-stahlkarabiner\/#local-main-organization-logo\"},\"image\":{\"@id\":\"https:\/\/bolting.eu\/en\/shop\/camp-oval-pro-lock-stahlkarabiner\/#local-main-organization-logo\"},\"sameAs\":[\"https:\/\/www.facebook.com\/bolting.eu\",\"https:\/\/www.instagram.com\/bolting.eu\/\"],\"address\":{\"@id\":\"https:\/\/bolting.eu\/en\/shop\/camp-oval-pro-lock-stahlkarabiner\/#local-main-place-address\"},\"geo\":{\"@type\":\"GeoCoordinates\",\"latitude\":\"47.264176340396226\",\"longitude\":\"11.380109057672346\"},\"telephone\":[\"+43 699 19083372\"],\"openingHoursSpecification\":[{\"@type\":\"OpeningHoursSpecification\",\"dayOfWeek\":[\"Monday\",\"Wednesday\",\"Friday\"],\"opens\":\"14:00\",\"closes\":\"18:00\"},{\"@type\":\"OpeningHoursSpecification\",\"dayOfWeek\":[\"Tuesday\",\"Thursday\",\"Saturday\",\"Sunday\"],\"opens\":\"00:00\",\"closes\":\"00:00\"}],\"email\":\"office@bolting.eu\",\"vatID\":\"ATU59999728\",\"priceRange\":\"$$\",\"currenciesAccepted\":\"Euro\"},{\"@type\":\"PostalAddress\",\"@id\":\"https:\/\/bolting.eu\/en\/shop\/camp-oval-pro-lock-stahlkarabiner\/#local-main-place-address\",\"streetAddress\":\"Fischnalerstra\u00dfe 4\",\"addressLocality\":\"Innsbruck\",\"postalCode\":\"6020\",\"addressRegion\":\"Tirol\",\"addressCountry\":\"AT\"},{\"@type\":\"ImageObject\",\"inLanguage\":\"en-US\",\"@id\":\"https:\/\/bolting.eu\/en\/shop\/camp-oval-pro-lock-stahlkarabiner\/#local-main-organization-logo\",\"url\":\"https:\/\/bolting.eu\/wp-content\/uploads\/2019\/09\/bolting-logo.png\",\"contentUrl\":\"https:\/\/bolting.eu\/wp-content\/uploads\/2019\/09\/bolting-logo.png\",\"width\":400,\"height\":211,\"caption\":\"bolting.eu\"}]}<\/script>\n<meta property=\"product:price:amount\" content=\"14.80\" \/>\n<meta property=\"product:price:currency\" content=\"EUR\" \/>\n<meta property=\"og:availability\" content=\"instock\" \/>\n<meta property=\"product:availability\" content=\"instock\" \/>\n<meta property=\"product:retailer_item_id\" content=\"1455\" \/>\n<meta property=\"product:condition\" content=\"new\" \/>\n<meta name=\"geo.placename\" content=\"Innsbruck\" \/>\n<meta name=\"geo.position\" content=\"47.264176340396226;11.380109057672346\" \/>\n<meta name=\"geo.region\" content=\"Austria\" \/>\n<!-- \/ Yoast SEO Premium plugin. -->","yoast_head_json":{"title":"Camp Oval Pro Lock Stahlkarabiner jetzt g\u00fcnstig online kaufen | bolting.eu","description":"Hier findest Du den CAMP OVAL PRO LOCK STAHLKARABINER. \u2705 14 Tage R\u00fcckgaberecht \u2705 versandfrei* ab \u20ac 100,- \u2705 Kaufberatung \u2705 Fachh\u00e4ndler aus \u00d6sterreich","robots":{"index":"index","follow":"follow","max-snippet":"max-snippet:-1","max-image-preview":"max-image-preview:large","max-video-preview":"max-video-preview:-1"},"canonical":"https:\/\/bolting.eu\/en\/shop\/camp-oval-pro-lock-stahlkarabiner\/","og_locale":"en_US","og_type":"article","og_title":"Camp Oval Pro Lock Stahlkarabiner","og_description":"Hier findest Du den CAMP OVAL PRO LOCK STAHLKARABINER. \u2705 14 Tage R\u00fcckgaberecht \u2705 versandfrei* ab \u20ac 100,- \u2705 Kaufberatung \u2705 Fachh\u00e4ndler aus \u00d6sterreich","og_url":"https:\/\/bolting.eu\/en\/shop\/camp-oval-pro-lock-stahlkarabiner\/","og_site_name":"bolting.eu","article_publisher":"https:\/\/www.facebook.com\/bolting.eu","article_modified_time":"2025-08-01T17:33:13+00:00","og_image":[{"width":700,"height":700,"url":"https:\/\/bolting.eu\/wp-content\/uploads\/2020\/08\/Camp-Oval-Pro-Lock-Stahlkarabiner-1.jpg","type":"image\/jpeg"}],"twitter_card":"summary_large_image","twitter_misc":{"Price":"&euro;&nbsp;14,80","Availability":"In stock"},"schema":{"@context":"https:\/\/schema.org","@graph":[{"@type":["WebPage","ItemPage"],"@id":"https:\/\/bolting.eu\/en\/shop\/camp-oval-pro-lock-stahlkarabiner\/","url":"https:\/\/bolting.eu\/en\/shop\/camp-oval-pro-lock-stahlkarabiner\/","name":"Camp Oval Pro Lock Stahlkarabiner jetzt g\u00fcnstig online kaufen | bolting.eu","isPartOf":{"@id":"https:\/\/bolting.eu\/en\/#website"},"primaryImageOfPage":{"@id":"https:\/\/bolting.eu\/en\/shop\/camp-oval-pro-lock-stahlkarabiner\/#primaryimage"},"image":{"@id":"https:\/\/bolting.eu\/en\/shop\/camp-oval-pro-lock-stahlkarabiner\/#primaryimage"},"thumbnailUrl":"https:\/\/bolting.eu\/wp-content\/uploads\/2020\/08\/Camp-Oval-Pro-Lock-Stahlkarabiner-1.jpg","datePublished":"2020-08-29T10:35:22+00:00","dateModified":"2025-08-01T17:33:13+00:00","description":"Hier findest Du den CAMP OVAL PRO LOCK STAHLKARABINER. \u2705 14 Tage R\u00fcckgaberecht \u2705 versandfrei* ab \u20ac 100,- \u2705 Kaufberatung \u2705 Fachh\u00e4ndler aus \u00d6sterreich","breadcrumb":{"@id":"https:\/\/bolting.eu\/en\/shop\/camp-oval-pro-lock-stahlkarabiner\/#breadcrumb"},"inLanguage":"en-US","potentialAction":[{"@type":"ReadAction","target":["https:\/\/bolting.eu\/en\/shop\/camp-oval-pro-lock-stahlkarabiner\/"]}]},{"@type":"ImageObject","inLanguage":"en-US","@id":"https:\/\/bolting.eu\/en\/shop\/camp-oval-pro-lock-stahlkarabiner\/#primaryimage","url":"https:\/\/bolting.eu\/wp-content\/uploads\/2020\/08\/Camp-Oval-Pro-Lock-Stahlkarabiner-1.jpg","contentUrl":"https:\/\/bolting.eu\/wp-content\/uploads\/2020\/08\/Camp-Oval-Pro-Lock-Stahlkarabiner-1.jpg","width":700,"height":700,"caption":"Das Bild zeigt den Camp Oval Pro Lock Stahlkarabiner. Der silberne Karabiner liegt aufrecht in Bildmitte mit dem Schnapper nach rechts."},{"@type":"BreadcrumbList","@id":"https:\/\/bolting.eu\/en\/shop\/camp-oval-pro-lock-stahlkarabiner\/#breadcrumb","itemListElement":[{"@type":"ListItem","position":1,"name":"Shop","item":"https:\/\/bolting.eu\/en\/shop\/"},{"@type":"ListItem","position":2,"name":"climbing equipment","item":"https:\/\/bolting.eu\/en\/produkt-kategorie\/climbing-equipment\/"},{"@type":"ListItem","position":3,"name":"Climbing carabiner","item":"https:\/\/bolting.eu\/en\/produkt-kategorie\/climbing-carabiner\/"},{"@type":"ListItem","position":4,"name":"Steel carabiner","item":"https:\/\/bolting.eu\/en\/produkt-kategorie\/steel-carabiner\/"},{"@type":"ListItem","position":5,"name":"Camp Oval Pro Lock Stahlkarabiner"}]},{"@type":"WebSite","@id":"https:\/\/bolting.eu\/en\/#website","url":"https:\/\/bolting.eu\/en\/","name":"bolting.eu","description":"we make climbs happen","publisher":{"@id":"https:\/\/bolting.eu\/en\/#organization"},"potentialAction":[{"@type":"SearchAction","target":{"@type":"EntryPoint","urlTemplate":"https:\/\/bolting.eu\/en\/?s={search_term_string}"},"query-input":{"@type":"PropertyValueSpecification","valueRequired":true,"valueName":"search_term_string"}}],"inLanguage":"en-US"},{"@type":["Organization","Place","SportingGoodsStore"],"@id":"https:\/\/bolting.eu\/en\/#organization","name":"bolting.eu","url":"https:\/\/bolting.eu\/en\/","logo":{"@id":"https:\/\/bolting.eu\/en\/shop\/camp-oval-pro-lock-stahlkarabiner\/#local-main-organization-logo"},"image":{"@id":"https:\/\/bolting.eu\/en\/shop\/camp-oval-pro-lock-stahlkarabiner\/#local-main-organization-logo"},"sameAs":["https:\/\/www.facebook.com\/bolting.eu","https:\/\/www.instagram.com\/bolting.eu\/"],"address":{"@id":"https:\/\/bolting.eu\/en\/shop\/camp-oval-pro-lock-stahlkarabiner\/#local-main-place-address"},"geo":{"@type":"GeoCoordinates","latitude":"47.264176340396226","longitude":"11.380109057672346"},"telephone":["+43 699 19083372"],"openingHoursSpecification":[{"@type":"OpeningHoursSpecification","dayOfWeek":["Monday","Wednesday","Friday"],"opens":"14:00","closes":"18:00"},{"@type":"OpeningHoursSpecification","dayOfWeek":["Tuesday","Thursday","Saturday","Sunday"],"opens":"00:00","closes":"00:00"}],"email":"office@bolting.eu","vatID":"ATU59999728","priceRange":"$$","currenciesAccepted":"Euro"},{"@type":"PostalAddress","@id":"https:\/\/bolting.eu\/en\/shop\/camp-oval-pro-lock-stahlkarabiner\/#local-main-place-address","streetAddress":"Fischnalerstra\u00dfe 4","addressLocality":"Innsbruck","postalCode":"6020","addressRegion":"Tirol","addressCountry":"AT"},{"@type":"ImageObject","inLanguage":"en-US","@id":"https:\/\/bolting.eu\/en\/shop\/camp-oval-pro-lock-stahlkarabiner\/#local-main-organization-logo","url":"https:\/\/bolting.eu\/wp-content\/uploads\/2019\/09\/bolting-logo.png","contentUrl":"https:\/\/bolting.eu\/wp-content\/uploads\/2019\/09\/bolting-logo.png","width":400,"height":211,"caption":"bolting.eu"}]},"product_price_amount":"14.80","product_price_currency":"EUR","og_availability":"instock","product_availability":"instock","product_retailer_item_id":"1455","product_condition":"new","geo.placename":"Innsbruck","geo.position":{"lat":"47.264176340396226","long":"11.380109057672346"},"geo.region":"Austria"},"_links":{"self":[{"href":"https:\/\/bolting.eu\/en\/wp-json\/wp\/v2\/product\/4989","targetHints":{"allow":["GET"]}}],"collection":[{"href":"https:\/\/bolting.eu\/en\/wp-json\/wp\/v2\/product"}],"about":[{"href":"https:\/\/bolting.eu\/en\/wp-json\/wp\/v2\/types\/product"}],"replies":[{"embeddable":true,"href":"https:\/\/bolting.eu\/en\/wp-json\/wp\/v2\/comments?post=4989"}],"wp:featuredmedia":[{"embeddable":true,"href":"https:\/\/bolting.eu\/en\/wp-json\/wp\/v2\/media\/4990"}],"wp:attachment":[{"href":"https:\/\/bolting.eu\/en\/wp-json\/wp\/v2\/media?parent=4989"}],"wp:term":[{"taxonomy":"product_brand","embeddable":true,"href":"https:\/\/bolting.eu\/en\/wp-json\/wp\/v2\/product_brand?post=4989"},{"taxonomy":"product_cat","embeddable":true,"href":"https:\/\/bolting.eu\/en\/wp-json\/wp\/v2\/product_cat?post=4989"},{"taxonomy":"product_tag","embeddable":true,"href":"https:\/\/bolting.eu\/en\/wp-json\/wp\/v2\/product_tag?post=4989"}],"curies":[{"name":"wp","href":"https:\/\/api.w.org\/{rel}","templated":true}]}}