{"id":4980,"date":"2020-08-28T22:05:08","date_gmt":"2020-08-28T20:05:08","guid":{"rendered":"https:\/\/bolting.eu\/?post_type=product&#038;p=4980"},"modified":"2026-03-25T18:06:52","modified_gmt":"2026-03-25T17:06:52","slug":"camp-d-pro-lock-stahlkarabiner","status":"publish","type":"product","link":"https:\/\/bolting.eu\/en\/shop\/camp-d-pro-lock-stahlkarabiner\/","title":{"rendered":"Camp D Pro Lock Stahlkarabiner"},"content":{"rendered":"<p>Der Camp D Pro Lock Stahlkarabiner ist ein Schwerlastkarabiner. Denn seine Bruchlast betr\u00e4gt ganze 50kg. D.h. der <a href=\"https:\/\/bolting.eu\/produkt-kategorie\/karabiner-kletterkarabiner\/\">Karabiner<\/a> h\u00e4lt satte 5.000kg.<\/p>\n<p>Folglich ist er f\u00fcr schwerste Lasten geeignet. Beispielsweise bei Rettungsaktionen mit Winden, sowie in der Forst- und Landwirtschaft.<\/p>\n<p>M\u00f6glich macht dies der extrem belastbare Kohlenstoffstahl. Oder anders ausgedr\u00fcckt. Es handelt sich hier um sehr festen verzinkten Stahl.<\/p>\n<p>Verschlossen wird der Stahlkarabiner mit einem Schraubverschluss. Somit ist auch f\u00fcr gro\u00dfe Sicherheit gesorgt. Denn einmal zugeschraubt, ist er unter Belastung nicht mehr auf zu kriegen.<\/p>\n<h2>Eigenschaften Camp D Pro Lock Stahlkarabiner<\/h2>\n<ul>\n<li>Hersteller: <a href=\"https:\/\/bolting.eu\/produkt-kategorie\/camp-cassin\/\">Camp-Cassin<\/a><\/li>\n<li>Gewicht: 250 Gramm<\/li>\n<li>Material: verzinkter Kohlenstoffstahl<\/li>\n<li>EN Norm: EN 12275, EN 362<\/li>\n<li>Bruchlasten l\u00e4ngs &#8211; quer &#8211; offen: 50 kN &#8211; 15 kN &#8211; 18 kN<\/li>\n<li>Schwerlastkarabiner f\u00fcr h\u00f6chste Lasten<\/li>\n<li>Schraubverschluss<\/li>\n<li>extrem abriebfest<\/li>\n<li>Schnapper\u00f6ffnung 24mm<\/li>\n<li>Dimensionen: 114 x 72mm<\/li>\n<\/ul>\n<h3>Gro\u00dfe \u00d6ffnung f\u00fcr gro\u00dfe Lasten<\/h3>\n<p>Der Camp D Pro Lock Stahlkarabiner hat eine verh\u00e4ltnism\u00e4\u00dfig gro\u00dfe Schnapper\u00f6ffnung. Denn sie ist ganze 24mm breit.<\/p>\n<p>Somit passt der Karabiner durch relativ gro\u00dfe \u00d6sen durch. Bzw. kann man gr\u00f6\u00dfere Objekte einh\u00e4ngen.<\/p>\n<p>Beispielsweise ist das bei der Bergretung extrem hilfreich. Wie bei Winden, beim Einh\u00e4ngen in Klettersteiganker, usw.<\/p>\n<h3>Camp D Pro Lock Stahlkarabiner &#8211; super abriebfest<\/h3>\n<p>Der Schwerlastkarabiner ist super abriebfest. Somit kann man ihn dennoch extrem belasten. Einh\u00e4ngen von Drahtseilen? Kein Problem! Einh\u00e4ngen in <a href=\"https:\/\/bolting.eu\/produkt-kategorie\/stahlketten-meterware\/\">Stahlketten<\/a>? Null Problemo!<\/p>\n<p>Folglich ist der Karabiner bestens f\u00fcr Arbeiten in der Bau-, Forst- und Landwirtschaft geeignet.<\/p>\n<h3>Perfekt f\u00fcr Slackliner<\/h3>\n<p>Der Camp D Pro Lock Stahlkarabiner ist wegen seiner Eigenschaften auch ideal f\u00fcr Slackliner. Denn erstens gibt die hohe Bruchlast jeder Long- und Highline extreme Sicherheit. Zweitens ist die gro\u00dfe \u00d6ffnung ideal f\u00fcr B\u00e4nder. Drittens ist der Stahlkarabiner bei kleinen Drehbewegungen extrem abriebfest wenn er in <a href=\"https:\/\/bolting.eu\/produkt-kategorie\/bohrhakenlasche\/\">Bohrhakenlaschen<\/a> oder <a href=\"https:\/\/bolting.eu\/produkt-kategorie\/klebehaken-buehlerhaken\/\">Klebehaken<\/a> h\u00e4ngt.<\/p>\n<h4><strong>Link Tipp<\/strong><\/h4>\n<p>Weiterf\u00fchrend Infos gibt es beim <a href=\"https:\/\/www.camp.it\/\" target=\"_blank\" rel=\"noopener noreferrer\">Hersteller<\/a><\/p>\n","protected":false},"excerpt":{"rendered":"<ul>\n<li>Hersteller: <a href=\"https:\/\/bolting.eu\/produkt-kategorie\/camp-cassin\/\">Camp-Cassin<\/a><\/li>\n<li>Gewicht: 250 Gramm<\/li>\n<li>Material: verzinkter Kohlenstoffstahl<\/li>\n<li>EN Norm: EN 12275, EN 362<\/li>\n<li>Bruchlasten l\u00e4ngs &#8211; quer &#8211; offen: 50 kN &#8211; 15 kN &#8211; 18 kN<\/li>\n<li>Schwerlastkarabiner f\u00fcr h\u00f6chste Lasten<\/li>\n<li>Schraubverschluss<\/li>\n<li>extrem abriebfest<\/li>\n<li>Schnapper\u00f6ffnung 24mm<\/li>\n<li>Dimensionen: 114 x 72mm<\/li>\n<\/ul>\n","protected":false},"featured_media":4981,"comment_status":"open","ping_status":"closed","template":"","meta":[],"product_brand":[],"product_cat":[4653,44,3003],"product_tag":[1565],"class_list":{"0":"post-4980","1":"product","2":"type-product","3":"status-publish","4":"has-post-thumbnail","6":"product_cat-camp-cassin","7":"product_cat-kletterkarabiner","8":"product_cat-stahlkarabiner","9":"product_tag-bergrettung","11":"first","12":"outofstock","13":"taxable","14":"shipping-taxable","15":"purchasable","16":"product-type-simple"},"yoast_head":"<!-- This site is optimized with the Yoast SEO Premium plugin v26.9 (Yoast SEO v26.9) - https:\/\/yoast.com\/product\/yoast-seo-premium-wordpress\/ -->\n<title>Camp D Pro Lock Stahlkarabiner jetz g\u00fcnstig Online kaufen | bolting.eu<\/title>\n<meta name=\"description\" content=\"Hier findest Du den CAMP D PRO LOCK STAHLKARABINER. \u2705 14 Tage R\u00fcckgaberecht \u2705 versandfrei* ab \u20ac 100,- \u2705 Kaufberatung \u2705 Fachh\u00e4ndler aus \u00d6sterreich\" \/>\n<meta name=\"robots\" content=\"index, follow, max-snippet:-1, max-image-preview:large, max-video-preview:-1\" \/>\n<link rel=\"canonical\" href=\"https:\/\/bolting.eu\/en\/shop\/camp-d-pro-lock-stahlkarabiner\/\" \/>\n<meta property=\"og:locale\" content=\"en_US\" \/>\n<meta property=\"og:type\" content=\"article\" \/>\n<meta property=\"og:title\" content=\"Camp D Pro Lock Stahlkarabiner\" \/>\n<meta property=\"og:description\" content=\"Hier findest Du den CAMP D PRO LOCK STAHLKARABINER. \u2705 14 Tage R\u00fcckgaberecht \u2705 versandfrei* ab \u20ac 100,- \u2705 Kaufberatung \u2705 Fachh\u00e4ndler aus \u00d6sterreich\" \/>\n<meta property=\"og:url\" content=\"https:\/\/bolting.eu\/en\/shop\/camp-d-pro-lock-stahlkarabiner\/\" \/>\n<meta property=\"og:site_name\" content=\"bolting.eu\" \/>\n<meta property=\"article:publisher\" content=\"https:\/\/www.facebook.com\/bolting.eu\" \/>\n<meta property=\"article:modified_time\" content=\"2026-03-25T17:06:52+00:00\" \/>\n<meta property=\"og:image\" content=\"https:\/\/bolting.eu\/wp-content\/uploads\/2020\/08\/Camp-D-Pro-Lock-Stahlkarabiner-1.jpg\" \/>\n\t<meta property=\"og:image:width\" content=\"700\" \/>\n\t<meta property=\"og:image:height\" content=\"700\" \/>\n\t<meta property=\"og:image:type\" content=\"image\/jpeg\" \/>\n<meta name=\"twitter:card\" content=\"summary_large_image\" \/>\n<meta name=\"twitter:label1\" content=\"Price\" \/>\n\t<meta name=\"twitter:data1\" content=\"&euro;&nbsp;18,30\" \/>\n\t<meta name=\"twitter:label2\" content=\"Availability\" \/>\n\t<meta name=\"twitter:data2\" content=\"Out of stock\" \/>\n<script type=\"application\/ld+json\" class=\"yoast-schema-graph\">{\"@context\":\"https:\/\/schema.org\",\"@graph\":[{\"@type\":[\"WebPage\",\"ItemPage\"],\"@id\":\"https:\/\/bolting.eu\/en\/shop\/camp-d-pro-lock-stahlkarabiner\/\",\"url\":\"https:\/\/bolting.eu\/en\/shop\/camp-d-pro-lock-stahlkarabiner\/\",\"name\":\"Camp D Pro Lock Stahlkarabiner jetz g\u00fcnstig Online kaufen | bolting.eu\",\"isPartOf\":{\"@id\":\"https:\/\/bolting.eu\/en\/#website\"},\"primaryImageOfPage\":{\"@id\":\"https:\/\/bolting.eu\/en\/shop\/camp-d-pro-lock-stahlkarabiner\/#primaryimage\"},\"image\":{\"@id\":\"https:\/\/bolting.eu\/en\/shop\/camp-d-pro-lock-stahlkarabiner\/#primaryimage\"},\"thumbnailUrl\":\"https:\/\/bolting.eu\/wp-content\/uploads\/2020\/08\/Camp-D-Pro-Lock-Stahlkarabiner-1.jpg\",\"datePublished\":\"2020-08-28T20:05:08+00:00\",\"dateModified\":\"2026-03-25T17:06:52+00:00\",\"description\":\"Hier findest Du den CAMP D PRO LOCK STAHLKARABINER. \u2705 14 Tage R\u00fcckgaberecht \u2705 versandfrei* ab \u20ac 100,- \u2705 Kaufberatung \u2705 Fachh\u00e4ndler aus \u00d6sterreich\",\"breadcrumb\":{\"@id\":\"https:\/\/bolting.eu\/en\/shop\/camp-d-pro-lock-stahlkarabiner\/#breadcrumb\"},\"inLanguage\":\"en-US\",\"potentialAction\":[{\"@type\":\"ReadAction\",\"target\":[\"https:\/\/bolting.eu\/en\/shop\/camp-d-pro-lock-stahlkarabiner\/\"]}]},{\"@type\":\"ImageObject\",\"inLanguage\":\"en-US\",\"@id\":\"https:\/\/bolting.eu\/en\/shop\/camp-d-pro-lock-stahlkarabiner\/#primaryimage\",\"url\":\"https:\/\/bolting.eu\/wp-content\/uploads\/2020\/08\/Camp-D-Pro-Lock-Stahlkarabiner-1.jpg\",\"contentUrl\":\"https:\/\/bolting.eu\/wp-content\/uploads\/2020\/08\/Camp-D-Pro-Lock-Stahlkarabiner-1.jpg\",\"width\":700,\"height\":700,\"caption\":\"Das Bild zeigt den Camp D Pro Lock Stahlkarabiner. Der silberne Karabiner liegt aufrecht in Bildmitte mit dem Schnapper nach rechts.\"},{\"@type\":\"BreadcrumbList\",\"@id\":\"https:\/\/bolting.eu\/en\/shop\/camp-d-pro-lock-stahlkarabiner\/#breadcrumb\",\"itemListElement\":[{\"@type\":\"ListItem\",\"position\":1,\"name\":\"Shop\",\"item\":\"https:\/\/bolting.eu\/en\/shop\/\"},{\"@type\":\"ListItem\",\"position\":2,\"name\":\"Camp-Cassin\",\"item\":\"https:\/\/bolting.eu\/en\/produkt-kategorie\/camp-cassin-en\/\"},{\"@type\":\"ListItem\",\"position\":3,\"name\":\"Camp D Pro Lock Stahlkarabiner\"}]},{\"@type\":\"WebSite\",\"@id\":\"https:\/\/bolting.eu\/en\/#website\",\"url\":\"https:\/\/bolting.eu\/en\/\",\"name\":\"bolting.eu\",\"description\":\"we make climbs happen\",\"publisher\":{\"@id\":\"https:\/\/bolting.eu\/en\/#organization\"},\"potentialAction\":[{\"@type\":\"SearchAction\",\"target\":{\"@type\":\"EntryPoint\",\"urlTemplate\":\"https:\/\/bolting.eu\/en\/?s={search_term_string}\"},\"query-input\":{\"@type\":\"PropertyValueSpecification\",\"valueRequired\":true,\"valueName\":\"search_term_string\"}}],\"inLanguage\":\"en-US\"},{\"@type\":[\"Organization\",\"Place\",\"SportingGoodsStore\"],\"@id\":\"https:\/\/bolting.eu\/en\/#organization\",\"name\":\"bolting.eu\",\"url\":\"https:\/\/bolting.eu\/en\/\",\"logo\":{\"@id\":\"https:\/\/bolting.eu\/en\/shop\/camp-d-pro-lock-stahlkarabiner\/#local-main-organization-logo\"},\"image\":{\"@id\":\"https:\/\/bolting.eu\/en\/shop\/camp-d-pro-lock-stahlkarabiner\/#local-main-organization-logo\"},\"sameAs\":[\"https:\/\/www.facebook.com\/bolting.eu\",\"https:\/\/www.instagram.com\/bolting.eu\/\"],\"address\":{\"@id\":\"https:\/\/bolting.eu\/en\/shop\/camp-d-pro-lock-stahlkarabiner\/#local-main-place-address\"},\"geo\":{\"@type\":\"GeoCoordinates\",\"latitude\":\"47.264176340396226\",\"longitude\":\"11.380109057672346\"},\"telephone\":[\"+43 699 19083372\"],\"openingHoursSpecification\":[{\"@type\":\"OpeningHoursSpecification\",\"dayOfWeek\":[\"Monday\",\"Wednesday\",\"Friday\"],\"opens\":\"14:00\",\"closes\":\"18:00\"},{\"@type\":\"OpeningHoursSpecification\",\"dayOfWeek\":[\"Tuesday\",\"Thursday\",\"Saturday\",\"Sunday\"],\"opens\":\"00:00\",\"closes\":\"00:00\"}],\"email\":\"office@bolting.eu\",\"vatID\":\"ATU59999728\",\"priceRange\":\"$$\",\"currenciesAccepted\":\"Euro\"},{\"@type\":\"PostalAddress\",\"@id\":\"https:\/\/bolting.eu\/en\/shop\/camp-d-pro-lock-stahlkarabiner\/#local-main-place-address\",\"streetAddress\":\"Fischnalerstra\u00dfe 4\",\"addressLocality\":\"Innsbruck\",\"postalCode\":\"6020\",\"addressRegion\":\"Tirol\",\"addressCountry\":\"AT\"},{\"@type\":\"ImageObject\",\"inLanguage\":\"en-US\",\"@id\":\"https:\/\/bolting.eu\/en\/shop\/camp-d-pro-lock-stahlkarabiner\/#local-main-organization-logo\",\"url\":\"https:\/\/bolting.eu\/wp-content\/uploads\/2019\/09\/bolting-logo.png\",\"contentUrl\":\"https:\/\/bolting.eu\/wp-content\/uploads\/2019\/09\/bolting-logo.png\",\"width\":400,\"height\":211,\"caption\":\"bolting.eu\"}]}<\/script>\n<meta property=\"product:price:amount\" content=\"18.30\" \/>\n<meta property=\"product:price:currency\" content=\"EUR\" \/>\n<meta property=\"og:availability\" content=\"out of stock\" \/>\n<meta property=\"product:availability\" content=\"out of stock\" \/>\n<meta property=\"product:retailer_item_id\" content=\"1877\" \/>\n<meta property=\"product:condition\" content=\"new\" \/>\n<meta name=\"geo.placename\" content=\"Innsbruck\" \/>\n<meta name=\"geo.position\" content=\"47.264176340396226;11.380109057672346\" \/>\n<meta name=\"geo.region\" content=\"Austria\" \/>\n<!-- \/ Yoast SEO Premium plugin. -->","yoast_head_json":{"title":"Camp D Pro Lock Stahlkarabiner jetz g\u00fcnstig Online kaufen | bolting.eu","description":"Hier findest Du den CAMP D PRO LOCK STAHLKARABINER. \u2705 14 Tage R\u00fcckgaberecht \u2705 versandfrei* ab \u20ac 100,- \u2705 Kaufberatung \u2705 Fachh\u00e4ndler aus \u00d6sterreich","robots":{"index":"index","follow":"follow","max-snippet":"max-snippet:-1","max-image-preview":"max-image-preview:large","max-video-preview":"max-video-preview:-1"},"canonical":"https:\/\/bolting.eu\/en\/shop\/camp-d-pro-lock-stahlkarabiner\/","og_locale":"en_US","og_type":"article","og_title":"Camp D Pro Lock Stahlkarabiner","og_description":"Hier findest Du den CAMP D PRO LOCK STAHLKARABINER. \u2705 14 Tage R\u00fcckgaberecht \u2705 versandfrei* ab \u20ac 100,- \u2705 Kaufberatung \u2705 Fachh\u00e4ndler aus \u00d6sterreich","og_url":"https:\/\/bolting.eu\/en\/shop\/camp-d-pro-lock-stahlkarabiner\/","og_site_name":"bolting.eu","article_publisher":"https:\/\/www.facebook.com\/bolting.eu","article_modified_time":"2026-03-25T17:06:52+00:00","og_image":[{"width":700,"height":700,"url":"https:\/\/bolting.eu\/wp-content\/uploads\/2020\/08\/Camp-D-Pro-Lock-Stahlkarabiner-1.jpg","type":"image\/jpeg"}],"twitter_card":"summary_large_image","twitter_misc":{"Price":"&euro;&nbsp;18,30","Availability":"Out of stock"},"schema":{"@context":"https:\/\/schema.org","@graph":[{"@type":["WebPage","ItemPage"],"@id":"https:\/\/bolting.eu\/en\/shop\/camp-d-pro-lock-stahlkarabiner\/","url":"https:\/\/bolting.eu\/en\/shop\/camp-d-pro-lock-stahlkarabiner\/","name":"Camp D Pro Lock Stahlkarabiner jetz g\u00fcnstig Online kaufen | bolting.eu","isPartOf":{"@id":"https:\/\/bolting.eu\/en\/#website"},"primaryImageOfPage":{"@id":"https:\/\/bolting.eu\/en\/shop\/camp-d-pro-lock-stahlkarabiner\/#primaryimage"},"image":{"@id":"https:\/\/bolting.eu\/en\/shop\/camp-d-pro-lock-stahlkarabiner\/#primaryimage"},"thumbnailUrl":"https:\/\/bolting.eu\/wp-content\/uploads\/2020\/08\/Camp-D-Pro-Lock-Stahlkarabiner-1.jpg","datePublished":"2020-08-28T20:05:08+00:00","dateModified":"2026-03-25T17:06:52+00:00","description":"Hier findest Du den CAMP D PRO LOCK STAHLKARABINER. \u2705 14 Tage R\u00fcckgaberecht \u2705 versandfrei* ab \u20ac 100,- \u2705 Kaufberatung \u2705 Fachh\u00e4ndler aus \u00d6sterreich","breadcrumb":{"@id":"https:\/\/bolting.eu\/en\/shop\/camp-d-pro-lock-stahlkarabiner\/#breadcrumb"},"inLanguage":"en-US","potentialAction":[{"@type":"ReadAction","target":["https:\/\/bolting.eu\/en\/shop\/camp-d-pro-lock-stahlkarabiner\/"]}]},{"@type":"ImageObject","inLanguage":"en-US","@id":"https:\/\/bolting.eu\/en\/shop\/camp-d-pro-lock-stahlkarabiner\/#primaryimage","url":"https:\/\/bolting.eu\/wp-content\/uploads\/2020\/08\/Camp-D-Pro-Lock-Stahlkarabiner-1.jpg","contentUrl":"https:\/\/bolting.eu\/wp-content\/uploads\/2020\/08\/Camp-D-Pro-Lock-Stahlkarabiner-1.jpg","width":700,"height":700,"caption":"Das Bild zeigt den Camp D Pro Lock Stahlkarabiner. Der silberne Karabiner liegt aufrecht in Bildmitte mit dem Schnapper nach rechts."},{"@type":"BreadcrumbList","@id":"https:\/\/bolting.eu\/en\/shop\/camp-d-pro-lock-stahlkarabiner\/#breadcrumb","itemListElement":[{"@type":"ListItem","position":1,"name":"Shop","item":"https:\/\/bolting.eu\/en\/shop\/"},{"@type":"ListItem","position":2,"name":"Camp-Cassin","item":"https:\/\/bolting.eu\/en\/produkt-kategorie\/camp-cassin-en\/"},{"@type":"ListItem","position":3,"name":"Camp D Pro Lock Stahlkarabiner"}]},{"@type":"WebSite","@id":"https:\/\/bolting.eu\/en\/#website","url":"https:\/\/bolting.eu\/en\/","name":"bolting.eu","description":"we make climbs happen","publisher":{"@id":"https:\/\/bolting.eu\/en\/#organization"},"potentialAction":[{"@type":"SearchAction","target":{"@type":"EntryPoint","urlTemplate":"https:\/\/bolting.eu\/en\/?s={search_term_string}"},"query-input":{"@type":"PropertyValueSpecification","valueRequired":true,"valueName":"search_term_string"}}],"inLanguage":"en-US"},{"@type":["Organization","Place","SportingGoodsStore"],"@id":"https:\/\/bolting.eu\/en\/#organization","name":"bolting.eu","url":"https:\/\/bolting.eu\/en\/","logo":{"@id":"https:\/\/bolting.eu\/en\/shop\/camp-d-pro-lock-stahlkarabiner\/#local-main-organization-logo"},"image":{"@id":"https:\/\/bolting.eu\/en\/shop\/camp-d-pro-lock-stahlkarabiner\/#local-main-organization-logo"},"sameAs":["https:\/\/www.facebook.com\/bolting.eu","https:\/\/www.instagram.com\/bolting.eu\/"],"address":{"@id":"https:\/\/bolting.eu\/en\/shop\/camp-d-pro-lock-stahlkarabiner\/#local-main-place-address"},"geo":{"@type":"GeoCoordinates","latitude":"47.264176340396226","longitude":"11.380109057672346"},"telephone":["+43 699 19083372"],"openingHoursSpecification":[{"@type":"OpeningHoursSpecification","dayOfWeek":["Monday","Wednesday","Friday"],"opens":"14:00","closes":"18:00"},{"@type":"OpeningHoursSpecification","dayOfWeek":["Tuesday","Thursday","Saturday","Sunday"],"opens":"00:00","closes":"00:00"}],"email":"office@bolting.eu","vatID":"ATU59999728","priceRange":"$$","currenciesAccepted":"Euro"},{"@type":"PostalAddress","@id":"https:\/\/bolting.eu\/en\/shop\/camp-d-pro-lock-stahlkarabiner\/#local-main-place-address","streetAddress":"Fischnalerstra\u00dfe 4","addressLocality":"Innsbruck","postalCode":"6020","addressRegion":"Tirol","addressCountry":"AT"},{"@type":"ImageObject","inLanguage":"en-US","@id":"https:\/\/bolting.eu\/en\/shop\/camp-d-pro-lock-stahlkarabiner\/#local-main-organization-logo","url":"https:\/\/bolting.eu\/wp-content\/uploads\/2019\/09\/bolting-logo.png","contentUrl":"https:\/\/bolting.eu\/wp-content\/uploads\/2019\/09\/bolting-logo.png","width":400,"height":211,"caption":"bolting.eu"}]},"product_price_amount":"18.30","product_price_currency":"EUR","og_availability":"out of stock","product_availability":"out of stock","product_retailer_item_id":"1877","product_condition":"new","geo.placename":"Innsbruck","geo.position":{"lat":"47.264176340396226","long":"11.380109057672346"},"geo.region":"Austria"},"_links":{"self":[{"href":"https:\/\/bolting.eu\/en\/wp-json\/wp\/v2\/product\/4980","targetHints":{"allow":["GET"]}}],"collection":[{"href":"https:\/\/bolting.eu\/en\/wp-json\/wp\/v2\/product"}],"about":[{"href":"https:\/\/bolting.eu\/en\/wp-json\/wp\/v2\/types\/product"}],"replies":[{"embeddable":true,"href":"https:\/\/bolting.eu\/en\/wp-json\/wp\/v2\/comments?post=4980"}],"wp:featuredmedia":[{"embeddable":true,"href":"https:\/\/bolting.eu\/en\/wp-json\/wp\/v2\/media\/4981"}],"wp:attachment":[{"href":"https:\/\/bolting.eu\/en\/wp-json\/wp\/v2\/media?parent=4980"}],"wp:term":[{"taxonomy":"product_brand","embeddable":true,"href":"https:\/\/bolting.eu\/en\/wp-json\/wp\/v2\/product_brand?post=4980"},{"taxonomy":"product_cat","embeddable":true,"href":"https:\/\/bolting.eu\/en\/wp-json\/wp\/v2\/product_cat?post=4980"},{"taxonomy":"product_tag","embeddable":true,"href":"https:\/\/bolting.eu\/en\/wp-json\/wp\/v2\/product_tag?post=4980"}],"curies":[{"name":"wp","href":"https:\/\/api.w.org\/{rel}","templated":true}]}}