{"id":4972,"date":"2020-08-28T21:24:23","date_gmt":"2020-08-28T19:24:23","guid":{"rendered":"https:\/\/bolting.eu\/?post_type=product&#038;p=4972"},"modified":"2025-07-29T13:04:06","modified_gmt":"2025-07-29T11:04:06","slug":"edelrid-via-ferrata-belay-kit-ii","status":"publish","type":"product","link":"https:\/\/bolting.eu\/en\/shop\/edelrid-via-ferrata-belay-kit-ii\/","title":{"rendered":"Edelrid Via Ferrata Belay Kit II"},"content":{"rendered":"<p>Der Edelrid Via Ferrata Belay Kit II ist ein Klettersteig Sicherungsset. Denn mit diesem Set kann man ganz einfach Nachsteiger sichern. Beispielsweise Anf\u00e4nger oder Kinder.<\/p>\n<p>Das Set besteht im Grunde aus einem zusammenh\u00e4ngenden Kit. D.h. man brauch nichts ein-, aus- oder umh\u00e4ngen. Die Komponenten sind erstens ein 15m oder 25m langes Sicherungsseil. Zweitens eine passende Seiltasche mit Karabiner zum Anh\u00e4ngen. Zum einen am Gurt f\u00fcr den &#8220;Vorsteiger&#8221;. Zum anderen am Drahtseil beim Sichern. Drittens ist im <a href=\"https:\/\/bolting.eu\/produkt-kategorie\/kletterseil\/\">Kletterseil<\/a> eine Sicherungsplatte integriert.<\/p>\n<h2>Eigenschaften Edelrid Via Ferrata Belay Kit II<\/h2>\n<ul>\n<li>Hersteller: <a href=\"https:\/\/bolting.eu\/produkt-kategorie\/edelrid\/\">Edelrid<\/a><\/li>\n<li>Gewicht: 1 kg (15m) bzw. 1,5 kg (25m)<\/li>\n<li>Seil mit vern\u00e4hten Endschlaufen<\/li>\n<li>Sicherungsplatte mit R\u00fccklaufsperre<\/li>\n<li>2 unterschiedliche L\u00e4ngen<\/li>\n<li>inkl. Seilbeutel und Karabiner<\/li>\n<li>ausf\u00fchrliche Gebrauchsanweisung<\/li>\n<\/ul>\n<h3>Edelrid Via Ferrata Belay Kit II &#8211; f\u00fcr wen sinnvoll?<\/h3>\n<p>Diese Klettersteig Sicherungsset ist f\u00fcr das Nachholen am Klettersteig gedacht. D.h. allen Personen, welche Gefahr laufen zu st\u00fcrzen. Beispielsweise Anf\u00e4nger oder Kinder.<\/p>\n<p>Zudem k\u00f6nnen damit aber Kletterer gesichert werden, die sich in sehr schweren Passagen lieber noch von oben sichern lassen wollen.<\/p>\n<p>Mit 1 kg bzw. 1,5kg kann das Set locker im Rucksack verstaut werden. Bei Bedarf kann man es dann hervorholen. Alternativ kann es aber auch mit dem mitgelieferten <a href=\"https:\/\/bolting.eu\/produkt-kategorie\/karabiner-kletterkarabiner\/schraubkarabiner\/\">Schraubkarabiner<\/a> direkt am <a href=\"https:\/\/bolting.eu\/produkt-kategorie\/klettergurte\/\">Klettergurt<\/a> befestigt werden.<\/p>\n<h2>2 weitere Karabiner n\u00f6tig<\/h2>\n<p>Wichtig! F\u00fcr eine vollst\u00e4ndige Ausstattung des Edelrid Via Ferrata Belay Kit II braucht man weitere zwei Karabiner.<\/p>\n<p>Einerseits einen Schraub- \/ Twist Lock Karabiner zum &#8220;Einbinden&#8221; des Nachsteigers. Andererseits einen Schraubkarabiner \/ Twist Lock Karabiner zum Fixieren der Sicherungsplatte an einem Fixpunkt.<\/p>\n<h3>Immer zus\u00e4tzlich zu Klettersteigset!<\/h3>\n<p>Das Edelrid Via Ferrata Belay Kit II ist ausschlie\u00dflich auf Klettersteigen zu verwenden. Zudem darf es nur zus\u00e4tzlich zu einem Klettersteigset verwendet werden. D.h. der Nachsteiger sichert sich ganz normal mit seinem Set. Von oben wird er zus\u00e4tzlich gesichert.<\/p>\n<p>Denn das Klettersteigset verhindert in Querungen bzw. Traversen gef\u00e4hrliche Pendler! Das Via Ferrata Sicherungsset niemals alleine verwenden!<\/p>\n<h3>Wann geh\u00f6rt das Edelrid Via Ferrata Belay Kit II getauscht?<\/h3>\n<p>Das Sicherungsset hat eine Lebensdauer von mind. 10 Jahren (Lagerfrist). Je nachdem wie oft und intensiv es verwendet wird, endet diese fr\u00fcher.<\/p>\n<p>Wir empfehlen bei intensiver Verwendung das Set nach 5 Jahren auszuscheiden. Bei sporadischer Verwendung kann das Set auch die ganzen 10 Jahre benutzt werden.<\/p>\n<p>Bei groben Sch\u00e4den am Seil ist dieses umgehend auszutauschen.<\/p>\n<h4><strong>Link Tipp<\/strong><\/h4>\n<p>Wer sich zu dem Thema &#8220;Nachsichern am Klettersteig&#8221; weiter einlesen m\u00f6chte, findet <a href=\"https:\/\/www.petzl.com\/AT\/de\/Sport\/Sichern-mit-einem-Seil-zusatzlich-zu-den-Falldampfern-mit-integriertem-Verbindungsmittel\" target=\"_blank\" rel=\"noopener noreferrer\">HIER<\/a> einen interessanten Beitrag eines Herstellers.<\/p>\n","protected":false},"excerpt":{"rendered":"<ul>\n<li>Hersteller: <a href=\"https:\/\/bolting.eu\/produkt-kategorie\/edelrid\/\">Edelrid<\/a><\/li>\n<li>Gewicht: 1 kg (15m) bzw. 1,5 kg (25m)<\/li>\n<li>Seil mit vern\u00e4hten Endschlaufen<\/li>\n<li>Sicherungsplatte mit R\u00fccklaufsperre<\/li>\n<li>2 unterschiedliche L\u00e4ngen<\/li>\n<li>inkl. Seilbeutel und Karabiner<\/li>\n<li>ausf\u00fchrliche Gebrauchsanweisung<\/li>\n<\/ul>\n","protected":false},"featured_media":4973,"comment_status":"open","ping_status":"closed","template":"","meta":[],"product_brand":[],"product_cat":[4655],"product_tag":[],"class_list":{"0":"post-4972","1":"product","2":"type-product","3":"status-publish","4":"has-post-thumbnail","6":"product_cat-edelrid","8":"first","9":"instock","10":"sale","11":"taxable","12":"shipping-taxable","13":"purchasable","14":"product-type-variable"},"yoast_head":"<!-- This site is optimized with the Yoast SEO Premium plugin v26.9 (Yoast SEO v26.9) - https:\/\/yoast.com\/product\/yoast-seo-premium-wordpress\/ -->\n<title>Edelrid Via Ferrata Belay Kit II jetzt g\u00fcnstig online kaufen | bolting.eu<\/title>\n<meta name=\"description\" content=\"Hier findest Du den EDELRID VIA FERRATA BELAY KIT II. \u2705 14 Tage R\u00fcckgaberecht \u2705 versandfrei* ab \u20ac 100,- \u2705 Kaufberatung \u2705 Fachh\u00e4ndler aus \u00d6sterreich\" \/>\n<meta name=\"robots\" content=\"index, follow, max-snippet:-1, max-image-preview:large, max-video-preview:-1\" \/>\n<link rel=\"canonical\" href=\"https:\/\/bolting.eu\/en\/shop\/edelrid-via-ferrata-belay-kit-ii\/\" \/>\n<meta property=\"og:locale\" content=\"en_US\" \/>\n<meta property=\"og:type\" content=\"article\" \/>\n<meta property=\"og:title\" content=\"Edelrid Via Ferrata Belay Kit II\" \/>\n<meta property=\"og:description\" content=\"Hier findest Du den EDELRID VIA FERRATA BELAY KIT II. \u2705 14 Tage R\u00fcckgaberecht \u2705 versandfrei* ab \u20ac 100,- \u2705 Kaufberatung \u2705 Fachh\u00e4ndler aus \u00d6sterreich\" \/>\n<meta property=\"og:url\" content=\"https:\/\/bolting.eu\/en\/shop\/edelrid-via-ferrata-belay-kit-ii\/\" \/>\n<meta property=\"og:site_name\" content=\"bolting.eu\" \/>\n<meta property=\"article:publisher\" content=\"https:\/\/www.facebook.com\/bolting.eu\" \/>\n<meta property=\"article:modified_time\" content=\"2025-07-29T11:04:06+00:00\" \/>\n<meta property=\"og:image\" content=\"https:\/\/bolting.eu\/wp-content\/uploads\/2020\/08\/Edelrid-Via-Ferrata-Belay-Kit-II-1.jpg\" \/>\n\t<meta property=\"og:image:width\" content=\"700\" \/>\n\t<meta property=\"og:image:height\" content=\"700\" \/>\n\t<meta property=\"og:image:type\" content=\"image\/jpeg\" \/>\n<meta name=\"twitter:card\" content=\"summary_large_image\" \/>\n<meta name=\"twitter:label1\" content=\"Availability\" \/>\n\t<meta name=\"twitter:data1\" content=\"In stock\" \/>\n<script type=\"application\/ld+json\" class=\"yoast-schema-graph\">{\"@context\":\"https:\/\/schema.org\",\"@graph\":[{\"@type\":[\"WebPage\",\"ItemPage\"],\"@id\":\"https:\/\/bolting.eu\/en\/shop\/edelrid-via-ferrata-belay-kit-ii\/\",\"url\":\"https:\/\/bolting.eu\/en\/shop\/edelrid-via-ferrata-belay-kit-ii\/\",\"name\":\"Edelrid Via Ferrata Belay Kit II jetzt g\u00fcnstig online kaufen | bolting.eu\",\"isPartOf\":{\"@id\":\"https:\/\/bolting.eu\/en\/#website\"},\"primaryImageOfPage\":{\"@id\":\"https:\/\/bolting.eu\/en\/shop\/edelrid-via-ferrata-belay-kit-ii\/#primaryimage\"},\"image\":{\"@id\":\"https:\/\/bolting.eu\/en\/shop\/edelrid-via-ferrata-belay-kit-ii\/#primaryimage\"},\"thumbnailUrl\":\"https:\/\/bolting.eu\/wp-content\/uploads\/2020\/08\/Edelrid-Via-Ferrata-Belay-Kit-II-1.jpg\",\"datePublished\":\"2020-08-28T19:24:23+00:00\",\"dateModified\":\"2025-07-29T11:04:06+00:00\",\"description\":\"Hier findest Du den EDELRID VIA FERRATA BELAY KIT II. \u2705 14 Tage R\u00fcckgaberecht \u2705 versandfrei* ab \u20ac 100,- \u2705 Kaufberatung \u2705 Fachh\u00e4ndler aus \u00d6sterreich\",\"breadcrumb\":{\"@id\":\"https:\/\/bolting.eu\/en\/shop\/edelrid-via-ferrata-belay-kit-ii\/#breadcrumb\"},\"inLanguage\":\"en-US\",\"potentialAction\":[{\"@type\":\"ReadAction\",\"target\":[\"https:\/\/bolting.eu\/en\/shop\/edelrid-via-ferrata-belay-kit-ii\/\"]}]},{\"@type\":\"ImageObject\",\"inLanguage\":\"en-US\",\"@id\":\"https:\/\/bolting.eu\/en\/shop\/edelrid-via-ferrata-belay-kit-ii\/#primaryimage\",\"url\":\"https:\/\/bolting.eu\/wp-content\/uploads\/2020\/08\/Edelrid-Via-Ferrata-Belay-Kit-II-1.jpg\",\"contentUrl\":\"https:\/\/bolting.eu\/wp-content\/uploads\/2020\/08\/Edelrid-Via-Ferrata-Belay-Kit-II-1.jpg\",\"width\":700,\"height\":700,\"caption\":\"Das Bild zeigt den Edelrid Via Ferrata Belay Kit II. Man sieht links das Seilende und die Sicherungsplatte des Sicherungssets f\u00fcr Klettersteige, dann rechts den Seilsack mit dem Restseil und den kleinen Karabiner zum Anh\u00e4ngen.\"},{\"@type\":\"BreadcrumbList\",\"@id\":\"https:\/\/bolting.eu\/en\/shop\/edelrid-via-ferrata-belay-kit-ii\/#breadcrumb\",\"itemListElement\":[{\"@type\":\"ListItem\",\"position\":1,\"name\":\"Shop\",\"item\":\"https:\/\/bolting.eu\/en\/shop\/\"},{\"@type\":\"ListItem\",\"position\":2,\"name\":\"Edelrid\",\"item\":\"https:\/\/bolting.eu\/en\/produkt-kategorie\/edelrid-en\/\"},{\"@type\":\"ListItem\",\"position\":3,\"name\":\"Edelrid Via Ferrata Belay Kit II\"}]},{\"@type\":\"WebSite\",\"@id\":\"https:\/\/bolting.eu\/en\/#website\",\"url\":\"https:\/\/bolting.eu\/en\/\",\"name\":\"bolting.eu\",\"description\":\"we make climbs happen\",\"publisher\":{\"@id\":\"https:\/\/bolting.eu\/en\/#organization\"},\"potentialAction\":[{\"@type\":\"SearchAction\",\"target\":{\"@type\":\"EntryPoint\",\"urlTemplate\":\"https:\/\/bolting.eu\/en\/?s={search_term_string}\"},\"query-input\":{\"@type\":\"PropertyValueSpecification\",\"valueRequired\":true,\"valueName\":\"search_term_string\"}}],\"inLanguage\":\"en-US\"},{\"@type\":[\"Organization\",\"Place\",\"SportingGoodsStore\"],\"@id\":\"https:\/\/bolting.eu\/en\/#organization\",\"name\":\"bolting.eu\",\"url\":\"https:\/\/bolting.eu\/en\/\",\"logo\":{\"@id\":\"https:\/\/bolting.eu\/en\/shop\/edelrid-via-ferrata-belay-kit-ii\/#local-main-organization-logo\"},\"image\":{\"@id\":\"https:\/\/bolting.eu\/en\/shop\/edelrid-via-ferrata-belay-kit-ii\/#local-main-organization-logo\"},\"sameAs\":[\"https:\/\/www.facebook.com\/bolting.eu\",\"https:\/\/www.instagram.com\/bolting.eu\/\"],\"address\":{\"@id\":\"https:\/\/bolting.eu\/en\/shop\/edelrid-via-ferrata-belay-kit-ii\/#local-main-place-address\"},\"geo\":{\"@type\":\"GeoCoordinates\",\"latitude\":\"47.264176340396226\",\"longitude\":\"11.380109057672346\"},\"telephone\":[\"+43 699 19083372\"],\"openingHoursSpecification\":[{\"@type\":\"OpeningHoursSpecification\",\"dayOfWeek\":[\"Monday\",\"Wednesday\",\"Friday\"],\"opens\":\"14:00\",\"closes\":\"18:00\"},{\"@type\":\"OpeningHoursSpecification\",\"dayOfWeek\":[\"Tuesday\",\"Thursday\",\"Saturday\",\"Sunday\"],\"opens\":\"00:00\",\"closes\":\"00:00\"}],\"email\":\"office@bolting.eu\",\"vatID\":\"ATU59999728\",\"priceRange\":\"$$\",\"currenciesAccepted\":\"Euro\"},{\"@type\":\"PostalAddress\",\"@id\":\"https:\/\/bolting.eu\/en\/shop\/edelrid-via-ferrata-belay-kit-ii\/#local-main-place-address\",\"streetAddress\":\"Fischnalerstra\u00dfe 4\",\"addressLocality\":\"Innsbruck\",\"postalCode\":\"6020\",\"addressRegion\":\"Tirol\",\"addressCountry\":\"AT\"},{\"@type\":\"ImageObject\",\"inLanguage\":\"en-US\",\"@id\":\"https:\/\/bolting.eu\/en\/shop\/edelrid-via-ferrata-belay-kit-ii\/#local-main-organization-logo\",\"url\":\"https:\/\/bolting.eu\/wp-content\/uploads\/2019\/09\/bolting-logo.png\",\"contentUrl\":\"https:\/\/bolting.eu\/wp-content\/uploads\/2019\/09\/bolting-logo.png\",\"width\":400,\"height\":211,\"caption\":\"bolting.eu\"}]}<\/script>\n<meta property=\"og:availability\" content=\"instock\" \/>\n<meta property=\"product:availability\" content=\"instock\" \/>\n<meta property=\"product:condition\" content=\"new\" \/>\n<meta name=\"geo.placename\" content=\"Innsbruck\" \/>\n<meta name=\"geo.position\" content=\"47.264176340396226;11.380109057672346\" \/>\n<meta name=\"geo.region\" content=\"Austria\" \/>\n<!-- \/ Yoast SEO Premium plugin. -->","yoast_head_json":{"title":"Edelrid Via Ferrata Belay Kit II jetzt g\u00fcnstig online kaufen | bolting.eu","description":"Hier findest Du den EDELRID VIA FERRATA BELAY KIT II. \u2705 14 Tage R\u00fcckgaberecht \u2705 versandfrei* ab \u20ac 100,- \u2705 Kaufberatung \u2705 Fachh\u00e4ndler aus \u00d6sterreich","robots":{"index":"index","follow":"follow","max-snippet":"max-snippet:-1","max-image-preview":"max-image-preview:large","max-video-preview":"max-video-preview:-1"},"canonical":"https:\/\/bolting.eu\/en\/shop\/edelrid-via-ferrata-belay-kit-ii\/","og_locale":"en_US","og_type":"article","og_title":"Edelrid Via Ferrata Belay Kit II","og_description":"Hier findest Du den EDELRID VIA FERRATA BELAY KIT II. \u2705 14 Tage R\u00fcckgaberecht \u2705 versandfrei* ab \u20ac 100,- \u2705 Kaufberatung \u2705 Fachh\u00e4ndler aus \u00d6sterreich","og_url":"https:\/\/bolting.eu\/en\/shop\/edelrid-via-ferrata-belay-kit-ii\/","og_site_name":"bolting.eu","article_publisher":"https:\/\/www.facebook.com\/bolting.eu","article_modified_time":"2025-07-29T11:04:06+00:00","og_image":[{"width":700,"height":700,"url":"https:\/\/bolting.eu\/wp-content\/uploads\/2020\/08\/Edelrid-Via-Ferrata-Belay-Kit-II-1.jpg","type":"image\/jpeg"}],"twitter_card":"summary_large_image","twitter_misc":{"Availability":"In stock"},"schema":{"@context":"https:\/\/schema.org","@graph":[{"@type":["WebPage","ItemPage"],"@id":"https:\/\/bolting.eu\/en\/shop\/edelrid-via-ferrata-belay-kit-ii\/","url":"https:\/\/bolting.eu\/en\/shop\/edelrid-via-ferrata-belay-kit-ii\/","name":"Edelrid Via Ferrata Belay Kit II jetzt g\u00fcnstig online kaufen | bolting.eu","isPartOf":{"@id":"https:\/\/bolting.eu\/en\/#website"},"primaryImageOfPage":{"@id":"https:\/\/bolting.eu\/en\/shop\/edelrid-via-ferrata-belay-kit-ii\/#primaryimage"},"image":{"@id":"https:\/\/bolting.eu\/en\/shop\/edelrid-via-ferrata-belay-kit-ii\/#primaryimage"},"thumbnailUrl":"https:\/\/bolting.eu\/wp-content\/uploads\/2020\/08\/Edelrid-Via-Ferrata-Belay-Kit-II-1.jpg","datePublished":"2020-08-28T19:24:23+00:00","dateModified":"2025-07-29T11:04:06+00:00","description":"Hier findest Du den EDELRID VIA FERRATA BELAY KIT II. \u2705 14 Tage R\u00fcckgaberecht \u2705 versandfrei* ab \u20ac 100,- \u2705 Kaufberatung \u2705 Fachh\u00e4ndler aus \u00d6sterreich","breadcrumb":{"@id":"https:\/\/bolting.eu\/en\/shop\/edelrid-via-ferrata-belay-kit-ii\/#breadcrumb"},"inLanguage":"en-US","potentialAction":[{"@type":"ReadAction","target":["https:\/\/bolting.eu\/en\/shop\/edelrid-via-ferrata-belay-kit-ii\/"]}]},{"@type":"ImageObject","inLanguage":"en-US","@id":"https:\/\/bolting.eu\/en\/shop\/edelrid-via-ferrata-belay-kit-ii\/#primaryimage","url":"https:\/\/bolting.eu\/wp-content\/uploads\/2020\/08\/Edelrid-Via-Ferrata-Belay-Kit-II-1.jpg","contentUrl":"https:\/\/bolting.eu\/wp-content\/uploads\/2020\/08\/Edelrid-Via-Ferrata-Belay-Kit-II-1.jpg","width":700,"height":700,"caption":"Das Bild zeigt den Edelrid Via Ferrata Belay Kit II. Man sieht links das Seilende und die Sicherungsplatte des Sicherungssets f\u00fcr Klettersteige, dann rechts den Seilsack mit dem Restseil und den kleinen Karabiner zum Anh\u00e4ngen."},{"@type":"BreadcrumbList","@id":"https:\/\/bolting.eu\/en\/shop\/edelrid-via-ferrata-belay-kit-ii\/#breadcrumb","itemListElement":[{"@type":"ListItem","position":1,"name":"Shop","item":"https:\/\/bolting.eu\/en\/shop\/"},{"@type":"ListItem","position":2,"name":"Edelrid","item":"https:\/\/bolting.eu\/en\/produkt-kategorie\/edelrid-en\/"},{"@type":"ListItem","position":3,"name":"Edelrid Via Ferrata Belay Kit II"}]},{"@type":"WebSite","@id":"https:\/\/bolting.eu\/en\/#website","url":"https:\/\/bolting.eu\/en\/","name":"bolting.eu","description":"we make climbs happen","publisher":{"@id":"https:\/\/bolting.eu\/en\/#organization"},"potentialAction":[{"@type":"SearchAction","target":{"@type":"EntryPoint","urlTemplate":"https:\/\/bolting.eu\/en\/?s={search_term_string}"},"query-input":{"@type":"PropertyValueSpecification","valueRequired":true,"valueName":"search_term_string"}}],"inLanguage":"en-US"},{"@type":["Organization","Place","SportingGoodsStore"],"@id":"https:\/\/bolting.eu\/en\/#organization","name":"bolting.eu","url":"https:\/\/bolting.eu\/en\/","logo":{"@id":"https:\/\/bolting.eu\/en\/shop\/edelrid-via-ferrata-belay-kit-ii\/#local-main-organization-logo"},"image":{"@id":"https:\/\/bolting.eu\/en\/shop\/edelrid-via-ferrata-belay-kit-ii\/#local-main-organization-logo"},"sameAs":["https:\/\/www.facebook.com\/bolting.eu","https:\/\/www.instagram.com\/bolting.eu\/"],"address":{"@id":"https:\/\/bolting.eu\/en\/shop\/edelrid-via-ferrata-belay-kit-ii\/#local-main-place-address"},"geo":{"@type":"GeoCoordinates","latitude":"47.264176340396226","longitude":"11.380109057672346"},"telephone":["+43 699 19083372"],"openingHoursSpecification":[{"@type":"OpeningHoursSpecification","dayOfWeek":["Monday","Wednesday","Friday"],"opens":"14:00","closes":"18:00"},{"@type":"OpeningHoursSpecification","dayOfWeek":["Tuesday","Thursday","Saturday","Sunday"],"opens":"00:00","closes":"00:00"}],"email":"office@bolting.eu","vatID":"ATU59999728","priceRange":"$$","currenciesAccepted":"Euro"},{"@type":"PostalAddress","@id":"https:\/\/bolting.eu\/en\/shop\/edelrid-via-ferrata-belay-kit-ii\/#local-main-place-address","streetAddress":"Fischnalerstra\u00dfe 4","addressLocality":"Innsbruck","postalCode":"6020","addressRegion":"Tirol","addressCountry":"AT"},{"@type":"ImageObject","inLanguage":"en-US","@id":"https:\/\/bolting.eu\/en\/shop\/edelrid-via-ferrata-belay-kit-ii\/#local-main-organization-logo","url":"https:\/\/bolting.eu\/wp-content\/uploads\/2019\/09\/bolting-logo.png","contentUrl":"https:\/\/bolting.eu\/wp-content\/uploads\/2019\/09\/bolting-logo.png","width":400,"height":211,"caption":"bolting.eu"}]},"og_availability":"instock","product_availability":"instock","product_condition":"new","geo.placename":"Innsbruck","geo.position":{"lat":"47.264176340396226","long":"11.380109057672346"},"geo.region":"Austria"},"_links":{"self":[{"href":"https:\/\/bolting.eu\/en\/wp-json\/wp\/v2\/product\/4972","targetHints":{"allow":["GET"]}}],"collection":[{"href":"https:\/\/bolting.eu\/en\/wp-json\/wp\/v2\/product"}],"about":[{"href":"https:\/\/bolting.eu\/en\/wp-json\/wp\/v2\/types\/product"}],"replies":[{"embeddable":true,"href":"https:\/\/bolting.eu\/en\/wp-json\/wp\/v2\/comments?post=4972"}],"wp:featuredmedia":[{"embeddable":true,"href":"https:\/\/bolting.eu\/en\/wp-json\/wp\/v2\/media\/4973"}],"wp:attachment":[{"href":"https:\/\/bolting.eu\/en\/wp-json\/wp\/v2\/media?parent=4972"}],"wp:term":[{"taxonomy":"product_brand","embeddable":true,"href":"https:\/\/bolting.eu\/en\/wp-json\/wp\/v2\/product_brand?post=4972"},{"taxonomy":"product_cat","embeddable":true,"href":"https:\/\/bolting.eu\/en\/wp-json\/wp\/v2\/product_cat?post=4972"},{"taxonomy":"product_tag","embeddable":true,"href":"https:\/\/bolting.eu\/en\/wp-json\/wp\/v2\/product_tag?post=4972"}],"curies":[{"name":"wp","href":"https:\/\/api.w.org\/{rel}","templated":true}]}}