{"id":4939,"date":"2020-08-28T12:47:36","date_gmt":"2020-08-28T10:47:36","guid":{"rendered":"https:\/\/bolting.eu\/?post_type=product&#038;p=4939"},"modified":"2024-12-31T12:40:01","modified_gmt":"2024-12-31T11:40:01","slug":"salewa-ergo-zip-klettersteigset","status":"publish","type":"product","link":"https:\/\/bolting.eu\/en\/shop\/salewa-ergo-zip-klettersteigset\/","title":{"rendered":"Salewa Ergo Zip Klettersteigset"},"content":{"rendered":"<p>Das Salewa Ergo Zip Klettersteigset ist etwas ganz Neues. Denn dieses Set hat keine klassischen Stretch Arme. Daf\u00fcr sorgen zwei Trommeln f\u00fcr das automatische R\u00fcckholen der ausgezogenen Arme. D.h. man zieht die Arme mit den Karabinern aus der Trommel beim Einh\u00e4ngen ins Drahtseil. Durch den Aufrollmechanismus werden die Arme beim Umh\u00e4ngen jeweils automatisch wieder eingezogen. Echt klasse!<\/p>\n<p>Wir finden zudem die gro\u00dfen <a href=\"https:\/\/bolting.eu\/produkt-kategorie\/karabiner-kletterkarabiner\/klettersteigkarabiner\/\">Klettersteigkarabiner<\/a> ganz fein. D.h. vor allem Personen mit normalen bis gr\u00f6\u00dferen H\u00e4nden werden damit eine Freude haben.<\/p>\n<p>Kurzum. Ein klasse Set f\u00fcr alle Level mit dem entscheidenden &#8220;Extra&#8221;!<\/p>\n<h2>Eigenschaften Salewa Ergo Zip Klettersteigset<\/h2>\n<ul>\n<li>Hersteller: Salewa<\/li>\n<li>Gewichtsklasse: 50 \u2013 120kg<\/li>\n<li>EN Norm: EN 958:2017<\/li>\n<li>CE Norm: CE 0123<\/li>\n<li>Karabinertyp: Ergo Tec Klettersteigkarabiner<\/li>\n<li>Gewicht: 680 Gramm<\/li>\n<li>L\u00e4nge: 140 cm<\/li>\n<li>gro\u00dfe Karabiner<\/li>\n<li>integrierter Bandfalld\u00e4mpfer<\/li>\n<li>mit Aufrollmechanismus<\/li>\n<\/ul>\n<h2>Salewa Salewa Ergo Zip Klettersteigset &#8211; gro\u00dfe Karabiner<\/h2>\n<figure id=\"attachment_4883\" aria-describedby=\"caption-attachment-4883\" style=\"width: 280px\" class=\"wp-caption alignleft\"><a href=\"https:\/\/bolting.eu\/wp-content\/uploads\/2020\/08\/Gr\u00f6\u00dfenvergleich-Klettersteigkarabiner.jpg\"><img loading=\"lazy\" decoding=\"async\" class=\"wp-image-4883 size-thumbnail\" src=\"https:\/\/bolting.eu\/wp-content\/uploads\/2020\/08\/Gro\u0308\u00dfenvergleich-Klettersteigkarabiner-280x280.jpg\" alt=\"Das Bild zeigt einen Gr\u00f6\u00dfenvergleich der beiden Klettersteigkarabiner Salewa Attac und Salewa Ergotec. Der rechte Ergotec Karabiner ist deutlich gr\u00f6\u00dfer als der linke Attac Karabiner.\" width=\"280\" height=\"280\" srcset=\"https:\/\/bolting.eu\/wp-content\/uploads\/2020\/08\/Gro\u0308\u00dfenvergleich-Klettersteigkarabiner-280x280.jpg 280w, https:\/\/bolting.eu\/wp-content\/uploads\/2020\/08\/Gro\u0308\u00dfenvergleich-Klettersteigkarabiner-100x100.jpg 100w, https:\/\/bolting.eu\/wp-content\/uploads\/2020\/08\/Gro\u0308\u00dfenvergleich-Klettersteigkarabiner-510x510.jpg 510w, https:\/\/bolting.eu\/wp-content\/uploads\/2020\/08\/Gro\u0308\u00dfenvergleich-Klettersteigkarabiner-400x400.jpg 400w, https:\/\/bolting.eu\/wp-content\/uploads\/2020\/08\/Gro\u0308\u00dfenvergleich-Klettersteigkarabiner-300x300.jpg 300w, https:\/\/bolting.eu\/wp-content\/uploads\/2020\/08\/Gro\u0308\u00dfenvergleich-Klettersteigkarabiner-600x600.jpg 600w, https:\/\/bolting.eu\/wp-content\/uploads\/2020\/08\/Gro\u0308\u00dfenvergleich-Klettersteigkarabiner.jpg 700w\" sizes=\"auto, (max-width: 280px) 100vw, 280px\" \/><\/a><figcaption id=\"caption-attachment-4883\" class=\"wp-caption-text\">Die Gr\u00f6\u00dfenverh\u00e4ltnisse von Attac (links) und Ergotec (rechts).<\/figcaption><\/figure>\n<p>Der Ergotec Karabiner zeichnet dieses Set aus. Denn er ist sehr gro\u00df. D.h, vor allem M\u00e4nner bzw. Personen mit gro\u00dfen H\u00e4nden haben eine Freude damit.<\/p>\n<p>Denn er l\u00e4sst sich somit wesentlich besser umschlie\u00dfen als manche kleine Klettersteigkarabiner. Beispielsweise der Attac Karabiner.<\/p>\n<p>Der Ergotec ist gleich 25% gr\u00f6\u00dfer Folglich ergibt sich der Handling Vorteil f\u00fcr gr\u00f6\u00dfere Personen.<\/p>\n<h3><\/h3>\n<h3>Salewa Salewa Ergo Zip Klettersteigset &#8211; mit Aufrollmechanismus<\/h3>\n<p>Der entscheidende Unterschied zu anderen Salewa Set ist der Aufrollmechanismus in den Armen. D.h. die Arme werden automatisch &#8220;zur\u00fcck geholt&#8221;. Folglich passen sie sich immer ideal an den Abstand zum Drahtseil an. Dabei ziehen sie sich bis auf 30cm zusammen. Somit gibt es nie lockere Schlaufen und kein Verheddern an den Klettersteigankern.<\/p>\n<h3>Wann sollte ein Klettersteig Set ausgetauscht werden?<\/h3>\n<p>Die maximale Lebensdauer des Salewa Ergo Zip Klettersteigset betr\u00e4gt 10 Jahre (Lagerfrist). Bei entsprechend regelm\u00e4\u00dfiger Verwendung ist das Set wesentlich fr\u00fcher auszutauschen. Wir empfehlen bei regelm\u00e4\u00dfigen Gebrauch einen Austausch nach 5 Jahren. Wer sehr viel unterwegs ist, sollte das Set bereits nach 3 Jahren ausscheiden.<\/p>\n<p>Ist der Bandfalld\u00e4mpfer auch nur leicht eingerissen, muss das Set sofort ausgetauscht werden. Nat\u00fcrlich ebenso bei einem Sturz!<\/p>\n<h3>Kann ich im Klettersteigset rasten?<\/h3>\n<p><strong>Die Antwort ist klar: NEIN!<\/strong> Regelm\u00e4\u00dfiges Rasten in den Armen des Klettersteigsets f\u00fchrt zu Einrissen im Bandfalld\u00e4mpfer. D.h. er kann irgendwann bereits bei viel geringeren Kr\u00e4ften als einem Sturz aufrei\u00dfen. Zudem entwickelt das Salewa Ergo Zip Klettersteigset im Fall eines Sturzes dann auch nicht mehr den richtigen (niedrigen) Fangsto\u00df.<\/p>\n<p>Wir empfehlen eine unserer Klettersteig Rastschlingen. Diese bestehen aus einer 60cm <a href=\"https:\/\/bolting.eu\/produkt-kategorie\/bandschlinge\/\">Bandschlinge<\/a> und einem <a href=\"https:\/\/bolting.eu\/produkt-kategorie\/karabiner-kletterkarabiner\/\">Karabiner<\/a>. Dieser wird mit einem Mastwurf befestigt, die Vorrichtung wird wie das Klettersteigset mit einem Ankerstich an der Sicherungsschlaufe des <a href=\"https:\/\/bolting.eu\/produkt-kategorie\/klettergurte\/\">Klettergurtes<\/a> befestigt.<\/p>\n<h4><strong>Link Tipp<\/strong><\/h4>\n<p>Weiterf\u00fchrende Infos zum Salewa Ergo Tex Klettersteigset findet Ihr in der <a href=\"https:\/\/cdn1.salewa.com\/media\/pdf\/66\/a7\/19\/0ff0f6a6-c72e-406f-8535-9904cd6f08cd.pdf\" target=\"_blank\" rel=\"noopener noreferrer\">Gebrauchsanweisung<\/a> des Herstellers.<\/p>\n","protected":false},"excerpt":{"rendered":"<ul>\n<li>Hersteller: <a href=\"https:\/\/bolting.eu\/produkt-kategorie\/salewa\/\">Salewa<\/a><\/li>\n<li>Gewichtsklasse: 50 \u2013 120kg<\/li>\n<li>EN Norm: EN 958:2017<\/li>\n<li>CE Norm: CE 0123<\/li>\n<li>Karabinertyp: Ergo Tec Klettersteigkarabiner<\/li>\n<li>Gewicht: 680 Gramm<\/li>\n<li>L\u00e4nge: 140 cm<\/li>\n<li>gro\u00dfe Karabiner<\/li>\n<li>integrierter Bandfalld\u00e4mpfer<\/li>\n<li>mit Aufrollmechanismus<\/li>\n<li><\/li>\n<\/ul>\n","protected":false},"featured_media":4940,"comment_status":"open","ping_status":"closed","template":"","meta":[],"product_brand":[],"product_cat":[4672],"product_tag":[],"class_list":{"0":"post-4939","1":"product","2":"type-product","3":"status-publish","4":"has-post-thumbnail","6":"product_cat-salewa","8":"first","9":"outofstock","10":"sale","11":"taxable","12":"shipping-taxable","13":"purchasable","14":"product-type-simple"},"yoast_head":"<!-- This site is optimized with the Yoast SEO Premium plugin v26.9 (Yoast SEO v26.9) - https:\/\/yoast.com\/product\/yoast-seo-premium-wordpress\/ -->\n<title>Salewa Ergo Zip Klettersteigset g\u00fcnstig online kaufen | bolting.eu<\/title>\n<meta name=\"description\" content=\"Hier findest Du das SALEWA ERGO ZIP KLETTERSTEIGSET. \u2705 14 Tage R\u00fcckgaberecht \u2705 versandfrei* ab \u20ac 100,- \u2705 Kaufberatung \u2705 Fachh\u00e4ndler aus \u00d6sterreich\" \/>\n<meta name=\"robots\" content=\"index, follow, max-snippet:-1, max-image-preview:large, max-video-preview:-1\" \/>\n<link rel=\"canonical\" href=\"https:\/\/bolting.eu\/en\/shop\/salewa-ergo-zip-klettersteigset\/\" \/>\n<meta property=\"og:locale\" content=\"en_US\" \/>\n<meta property=\"og:type\" content=\"article\" \/>\n<meta property=\"og:title\" content=\"Salewa Ergo Zip Klettersteigset\" \/>\n<meta property=\"og:description\" content=\"Hier findest Du das SALEWA ERGO ZIP KLETTERSTEIGSET. \u2705 14 Tage R\u00fcckgaberecht \u2705 versandfrei* ab \u20ac 100,- \u2705 Kaufberatung \u2705 Fachh\u00e4ndler aus \u00d6sterreich\" \/>\n<meta property=\"og:url\" content=\"https:\/\/bolting.eu\/en\/shop\/salewa-ergo-zip-klettersteigset\/\" \/>\n<meta property=\"og:site_name\" content=\"bolting.eu\" \/>\n<meta property=\"article:publisher\" content=\"https:\/\/www.facebook.com\/bolting.eu\" \/>\n<meta property=\"article:modified_time\" content=\"2024-12-31T11:40:01+00:00\" \/>\n<meta property=\"og:image\" content=\"https:\/\/bolting.eu\/wp-content\/uploads\/2020\/08\/Salewa-Ergo-Zip-Klettersteigset-1.jpg\" \/>\n\t<meta property=\"og:image:width\" content=\"700\" \/>\n\t<meta property=\"og:image:height\" content=\"700\" \/>\n\t<meta property=\"og:image:type\" content=\"image\/jpeg\" \/>\n<meta name=\"twitter:card\" content=\"summary_large_image\" \/>\n<meta name=\"twitter:label1\" content=\"Price\" \/>\n\t<meta name=\"twitter:data1\" content=\"&euro;&nbsp;115,00\" \/>\n\t<meta name=\"twitter:label2\" content=\"Availability\" \/>\n\t<meta name=\"twitter:data2\" content=\"Out of stock\" \/>\n<script type=\"application\/ld+json\" class=\"yoast-schema-graph\">{\"@context\":\"https:\/\/schema.org\",\"@graph\":[{\"@type\":[\"WebPage\",\"ItemPage\"],\"@id\":\"https:\/\/bolting.eu\/en\/shop\/salewa-ergo-zip-klettersteigset\/\",\"url\":\"https:\/\/bolting.eu\/en\/shop\/salewa-ergo-zip-klettersteigset\/\",\"name\":\"Salewa Ergo Zip Klettersteigset g\u00fcnstig online kaufen | bolting.eu\",\"isPartOf\":{\"@id\":\"https:\/\/bolting.eu\/en\/#website\"},\"primaryImageOfPage\":{\"@id\":\"https:\/\/bolting.eu\/en\/shop\/salewa-ergo-zip-klettersteigset\/#primaryimage\"},\"image\":{\"@id\":\"https:\/\/bolting.eu\/en\/shop\/salewa-ergo-zip-klettersteigset\/#primaryimage\"},\"thumbnailUrl\":\"https:\/\/bolting.eu\/wp-content\/uploads\/2020\/08\/Salewa-Ergo-Zip-Klettersteigset-1.jpg\",\"datePublished\":\"2020-08-28T10:47:36+00:00\",\"dateModified\":\"2024-12-31T11:40:01+00:00\",\"description\":\"Hier findest Du das SALEWA ERGO ZIP KLETTERSTEIGSET. \u2705 14 Tage R\u00fcckgaberecht \u2705 versandfrei* ab \u20ac 100,- \u2705 Kaufberatung \u2705 Fachh\u00e4ndler aus \u00d6sterreich\",\"breadcrumb\":{\"@id\":\"https:\/\/bolting.eu\/en\/shop\/salewa-ergo-zip-klettersteigset\/#breadcrumb\"},\"inLanguage\":\"en-US\",\"potentialAction\":[{\"@type\":\"ReadAction\",\"target\":[\"https:\/\/bolting.eu\/en\/shop\/salewa-ergo-zip-klettersteigset\/\"]}]},{\"@type\":\"ImageObject\",\"inLanguage\":\"en-US\",\"@id\":\"https:\/\/bolting.eu\/en\/shop\/salewa-ergo-zip-klettersteigset\/#primaryimage\",\"url\":\"https:\/\/bolting.eu\/wp-content\/uploads\/2020\/08\/Salewa-Ergo-Zip-Klettersteigset-1.jpg\",\"contentUrl\":\"https:\/\/bolting.eu\/wp-content\/uploads\/2020\/08\/Salewa-Ergo-Zip-Klettersteigset-1.jpg\",\"width\":700,\"height\":700,\"caption\":\"Das Bild zeigt das Salewa Ergo Zip Klettersteigset. Es liegt leicht gewunden in Bildmitte. Man erkennt die Produktdetails wie die Einbindeschlaufe, den Bandfalld\u00e4mpfer, die Stretch Arme und die beiden silbern-blauen Klettersteigkarabiner.\"},{\"@type\":\"BreadcrumbList\",\"@id\":\"https:\/\/bolting.eu\/en\/shop\/salewa-ergo-zip-klettersteigset\/#breadcrumb\",\"itemListElement\":[{\"@type\":\"ListItem\",\"position\":1,\"name\":\"Shop\",\"item\":\"https:\/\/bolting.eu\/en\/shop\/\"},{\"@type\":\"ListItem\",\"position\":2,\"name\":\"Salewa Ergo Zip Klettersteigset\"}]},{\"@type\":\"WebSite\",\"@id\":\"https:\/\/bolting.eu\/en\/#website\",\"url\":\"https:\/\/bolting.eu\/en\/\",\"name\":\"bolting.eu\",\"description\":\"we make climbs happen\",\"publisher\":{\"@id\":\"https:\/\/bolting.eu\/en\/#organization\"},\"potentialAction\":[{\"@type\":\"SearchAction\",\"target\":{\"@type\":\"EntryPoint\",\"urlTemplate\":\"https:\/\/bolting.eu\/en\/?s={search_term_string}\"},\"query-input\":{\"@type\":\"PropertyValueSpecification\",\"valueRequired\":true,\"valueName\":\"search_term_string\"}}],\"inLanguage\":\"en-US\"},{\"@type\":[\"Organization\",\"Place\",\"SportingGoodsStore\"],\"@id\":\"https:\/\/bolting.eu\/en\/#organization\",\"name\":\"bolting.eu\",\"url\":\"https:\/\/bolting.eu\/en\/\",\"logo\":{\"@id\":\"https:\/\/bolting.eu\/en\/shop\/salewa-ergo-zip-klettersteigset\/#local-main-organization-logo\"},\"image\":{\"@id\":\"https:\/\/bolting.eu\/en\/shop\/salewa-ergo-zip-klettersteigset\/#local-main-organization-logo\"},\"sameAs\":[\"https:\/\/www.facebook.com\/bolting.eu\",\"https:\/\/www.instagram.com\/bolting.eu\/\"],\"address\":{\"@id\":\"https:\/\/bolting.eu\/en\/shop\/salewa-ergo-zip-klettersteigset\/#local-main-place-address\"},\"geo\":{\"@type\":\"GeoCoordinates\",\"latitude\":\"47.264176340396226\",\"longitude\":\"11.380109057672346\"},\"telephone\":[\"+43 699 19083372\"],\"openingHoursSpecification\":[{\"@type\":\"OpeningHoursSpecification\",\"dayOfWeek\":[\"Monday\",\"Wednesday\",\"Friday\"],\"opens\":\"14:00\",\"closes\":\"18:00\"},{\"@type\":\"OpeningHoursSpecification\",\"dayOfWeek\":[\"Tuesday\",\"Thursday\",\"Saturday\",\"Sunday\"],\"opens\":\"00:00\",\"closes\":\"00:00\"}],\"email\":\"office@bolting.eu\",\"vatID\":\"ATU59999728\",\"priceRange\":\"$$\",\"currenciesAccepted\":\"Euro\"},{\"@type\":\"PostalAddress\",\"@id\":\"https:\/\/bolting.eu\/en\/shop\/salewa-ergo-zip-klettersteigset\/#local-main-place-address\",\"streetAddress\":\"Fischnalerstra\u00dfe 4\",\"addressLocality\":\"Innsbruck\",\"postalCode\":\"6020\",\"addressRegion\":\"Tirol\",\"addressCountry\":\"AT\"},{\"@type\":\"ImageObject\",\"inLanguage\":\"en-US\",\"@id\":\"https:\/\/bolting.eu\/en\/shop\/salewa-ergo-zip-klettersteigset\/#local-main-organization-logo\",\"url\":\"https:\/\/bolting.eu\/wp-content\/uploads\/2019\/09\/bolting-logo.png\",\"contentUrl\":\"https:\/\/bolting.eu\/wp-content\/uploads\/2019\/09\/bolting-logo.png\",\"width\":400,\"height\":211,\"caption\":\"bolting.eu\"}]}<\/script>\n<meta property=\"product:price:amount\" content=\"115.00\" \/>\n<meta property=\"product:price:currency\" content=\"EUR\" \/>\n<meta property=\"og:availability\" content=\"out of stock\" \/>\n<meta property=\"product:availability\" content=\"out of stock\" \/>\n<meta property=\"product:retailer_item_id\" content=\"00-0000000968\" \/>\n<meta property=\"product:condition\" content=\"new\" \/>\n<meta name=\"geo.placename\" content=\"Innsbruck\" \/>\n<meta name=\"geo.position\" content=\"47.264176340396226;11.380109057672346\" \/>\n<meta name=\"geo.region\" content=\"Austria\" \/>\n<!-- \/ Yoast SEO Premium plugin. -->","yoast_head_json":{"title":"Salewa Ergo Zip Klettersteigset g\u00fcnstig online kaufen | bolting.eu","description":"Hier findest Du das SALEWA ERGO ZIP KLETTERSTEIGSET. \u2705 14 Tage R\u00fcckgaberecht \u2705 versandfrei* ab \u20ac 100,- \u2705 Kaufberatung \u2705 Fachh\u00e4ndler aus \u00d6sterreich","robots":{"index":"index","follow":"follow","max-snippet":"max-snippet:-1","max-image-preview":"max-image-preview:large","max-video-preview":"max-video-preview:-1"},"canonical":"https:\/\/bolting.eu\/en\/shop\/salewa-ergo-zip-klettersteigset\/","og_locale":"en_US","og_type":"article","og_title":"Salewa Ergo Zip Klettersteigset","og_description":"Hier findest Du das SALEWA ERGO ZIP KLETTERSTEIGSET. \u2705 14 Tage R\u00fcckgaberecht \u2705 versandfrei* ab \u20ac 100,- \u2705 Kaufberatung \u2705 Fachh\u00e4ndler aus \u00d6sterreich","og_url":"https:\/\/bolting.eu\/en\/shop\/salewa-ergo-zip-klettersteigset\/","og_site_name":"bolting.eu","article_publisher":"https:\/\/www.facebook.com\/bolting.eu","article_modified_time":"2024-12-31T11:40:01+00:00","og_image":[{"width":700,"height":700,"url":"https:\/\/bolting.eu\/wp-content\/uploads\/2020\/08\/Salewa-Ergo-Zip-Klettersteigset-1.jpg","type":"image\/jpeg"}],"twitter_card":"summary_large_image","twitter_misc":{"Price":"&euro;&nbsp;115,00","Availability":"Out of stock"},"schema":{"@context":"https:\/\/schema.org","@graph":[{"@type":["WebPage","ItemPage"],"@id":"https:\/\/bolting.eu\/en\/shop\/salewa-ergo-zip-klettersteigset\/","url":"https:\/\/bolting.eu\/en\/shop\/salewa-ergo-zip-klettersteigset\/","name":"Salewa Ergo Zip Klettersteigset g\u00fcnstig online kaufen | bolting.eu","isPartOf":{"@id":"https:\/\/bolting.eu\/en\/#website"},"primaryImageOfPage":{"@id":"https:\/\/bolting.eu\/en\/shop\/salewa-ergo-zip-klettersteigset\/#primaryimage"},"image":{"@id":"https:\/\/bolting.eu\/en\/shop\/salewa-ergo-zip-klettersteigset\/#primaryimage"},"thumbnailUrl":"https:\/\/bolting.eu\/wp-content\/uploads\/2020\/08\/Salewa-Ergo-Zip-Klettersteigset-1.jpg","datePublished":"2020-08-28T10:47:36+00:00","dateModified":"2024-12-31T11:40:01+00:00","description":"Hier findest Du das SALEWA ERGO ZIP KLETTERSTEIGSET. \u2705 14 Tage R\u00fcckgaberecht \u2705 versandfrei* ab \u20ac 100,- \u2705 Kaufberatung \u2705 Fachh\u00e4ndler aus \u00d6sterreich","breadcrumb":{"@id":"https:\/\/bolting.eu\/en\/shop\/salewa-ergo-zip-klettersteigset\/#breadcrumb"},"inLanguage":"en-US","potentialAction":[{"@type":"ReadAction","target":["https:\/\/bolting.eu\/en\/shop\/salewa-ergo-zip-klettersteigset\/"]}]},{"@type":"ImageObject","inLanguage":"en-US","@id":"https:\/\/bolting.eu\/en\/shop\/salewa-ergo-zip-klettersteigset\/#primaryimage","url":"https:\/\/bolting.eu\/wp-content\/uploads\/2020\/08\/Salewa-Ergo-Zip-Klettersteigset-1.jpg","contentUrl":"https:\/\/bolting.eu\/wp-content\/uploads\/2020\/08\/Salewa-Ergo-Zip-Klettersteigset-1.jpg","width":700,"height":700,"caption":"Das Bild zeigt das Salewa Ergo Zip Klettersteigset. Es liegt leicht gewunden in Bildmitte. Man erkennt die Produktdetails wie die Einbindeschlaufe, den Bandfalld\u00e4mpfer, die Stretch Arme und die beiden silbern-blauen Klettersteigkarabiner."},{"@type":"BreadcrumbList","@id":"https:\/\/bolting.eu\/en\/shop\/salewa-ergo-zip-klettersteigset\/#breadcrumb","itemListElement":[{"@type":"ListItem","position":1,"name":"Shop","item":"https:\/\/bolting.eu\/en\/shop\/"},{"@type":"ListItem","position":2,"name":"Salewa Ergo Zip Klettersteigset"}]},{"@type":"WebSite","@id":"https:\/\/bolting.eu\/en\/#website","url":"https:\/\/bolting.eu\/en\/","name":"bolting.eu","description":"we make climbs happen","publisher":{"@id":"https:\/\/bolting.eu\/en\/#organization"},"potentialAction":[{"@type":"SearchAction","target":{"@type":"EntryPoint","urlTemplate":"https:\/\/bolting.eu\/en\/?s={search_term_string}"},"query-input":{"@type":"PropertyValueSpecification","valueRequired":true,"valueName":"search_term_string"}}],"inLanguage":"en-US"},{"@type":["Organization","Place","SportingGoodsStore"],"@id":"https:\/\/bolting.eu\/en\/#organization","name":"bolting.eu","url":"https:\/\/bolting.eu\/en\/","logo":{"@id":"https:\/\/bolting.eu\/en\/shop\/salewa-ergo-zip-klettersteigset\/#local-main-organization-logo"},"image":{"@id":"https:\/\/bolting.eu\/en\/shop\/salewa-ergo-zip-klettersteigset\/#local-main-organization-logo"},"sameAs":["https:\/\/www.facebook.com\/bolting.eu","https:\/\/www.instagram.com\/bolting.eu\/"],"address":{"@id":"https:\/\/bolting.eu\/en\/shop\/salewa-ergo-zip-klettersteigset\/#local-main-place-address"},"geo":{"@type":"GeoCoordinates","latitude":"47.264176340396226","longitude":"11.380109057672346"},"telephone":["+43 699 19083372"],"openingHoursSpecification":[{"@type":"OpeningHoursSpecification","dayOfWeek":["Monday","Wednesday","Friday"],"opens":"14:00","closes":"18:00"},{"@type":"OpeningHoursSpecification","dayOfWeek":["Tuesday","Thursday","Saturday","Sunday"],"opens":"00:00","closes":"00:00"}],"email":"office@bolting.eu","vatID":"ATU59999728","priceRange":"$$","currenciesAccepted":"Euro"},{"@type":"PostalAddress","@id":"https:\/\/bolting.eu\/en\/shop\/salewa-ergo-zip-klettersteigset\/#local-main-place-address","streetAddress":"Fischnalerstra\u00dfe 4","addressLocality":"Innsbruck","postalCode":"6020","addressRegion":"Tirol","addressCountry":"AT"},{"@type":"ImageObject","inLanguage":"en-US","@id":"https:\/\/bolting.eu\/en\/shop\/salewa-ergo-zip-klettersteigset\/#local-main-organization-logo","url":"https:\/\/bolting.eu\/wp-content\/uploads\/2019\/09\/bolting-logo.png","contentUrl":"https:\/\/bolting.eu\/wp-content\/uploads\/2019\/09\/bolting-logo.png","width":400,"height":211,"caption":"bolting.eu"}]},"product_price_amount":"115.00","product_price_currency":"EUR","og_availability":"out of stock","product_availability":"out of stock","product_retailer_item_id":"00-0000000968","product_condition":"new","geo.placename":"Innsbruck","geo.position":{"lat":"47.264176340396226","long":"11.380109057672346"},"geo.region":"Austria"},"_links":{"self":[{"href":"https:\/\/bolting.eu\/en\/wp-json\/wp\/v2\/product\/4939","targetHints":{"allow":["GET"]}}],"collection":[{"href":"https:\/\/bolting.eu\/en\/wp-json\/wp\/v2\/product"}],"about":[{"href":"https:\/\/bolting.eu\/en\/wp-json\/wp\/v2\/types\/product"}],"replies":[{"embeddable":true,"href":"https:\/\/bolting.eu\/en\/wp-json\/wp\/v2\/comments?post=4939"}],"wp:featuredmedia":[{"embeddable":true,"href":"https:\/\/bolting.eu\/en\/wp-json\/wp\/v2\/media\/4940"}],"wp:attachment":[{"href":"https:\/\/bolting.eu\/en\/wp-json\/wp\/v2\/media?parent=4939"}],"wp:term":[{"taxonomy":"product_brand","embeddable":true,"href":"https:\/\/bolting.eu\/en\/wp-json\/wp\/v2\/product_brand?post=4939"},{"taxonomy":"product_cat","embeddable":true,"href":"https:\/\/bolting.eu\/en\/wp-json\/wp\/v2\/product_cat?post=4939"},{"taxonomy":"product_tag","embeddable":true,"href":"https:\/\/bolting.eu\/en\/wp-json\/wp\/v2\/product_tag?post=4939"}],"curies":[{"name":"wp","href":"https:\/\/api.w.org\/{rel}","templated":true}]}}