{"id":4918,"date":"2020-08-25T14:43:12","date_gmt":"2020-08-25T12:43:12","guid":{"rendered":"https:\/\/bolting.eu\/?post_type=product&#038;p=4918"},"modified":"2024-07-09T14:01:35","modified_gmt":"2024-07-09T12:01:35","slug":"ocun-incubator-bouldermatte","status":"publish","type":"product","link":"https:\/\/bolting.eu\/en\/shop\/ocun-incubator-bouldermatte\/","title":{"rendered":"Ocun Incubator Bouldermatte"},"content":{"rendered":"<p>Die Ocun Incubator Bouldermatte ist eine gro\u00dfe Sache. Genau genommen 210 x 100cm gro\u00df. D.h. sie z\u00e4hlt zu den gr\u00f6\u00dften verf\u00fcgbaren Crashpads am Markt. Folglich ist sie bei Boulderern beliebt die wirklich viel unterwegs sind.<\/p>\n<p>Denn einerseits ist sie durch die gro\u00dfe Fl\u00e4che ein perfekter Begleiter am Fels. Und andererseits ein klasse Pad um auch darauf zu schlafen.<\/p>\n<p>Zudem ist das Pad extrem gut faltbar und passt daher auch in fast jeden Kombi!<\/p>\n<p>Kurzum. Du bist extrem viel unterwegs bzw. sch\u00e4tzt gro\u00dfe Pads? Dann sollte diese Matte unbedingt in deiner <a href=\"https:\/\/bolting.eu\/boulderausruestung\/\">Boulderausr\u00fcstung<\/a> dabei sein!<\/p>\n<h2>Eigenschaften Ocun Incubator Bouldermatte<\/h2>\n<ul>\n<li>Hersteller: Ocun<\/li>\n<li>Dimension: 210 x 100 x 10cm<\/li>\n<li>gefaltet: 102 x 55 x 50cm<\/li>\n<li>Gewicht: 8,3 kg<\/li>\n<li>ideal f\u00fcr intensives Bouldern<\/li>\n<li>robustes Cordura Ballistic Material f\u00fcr lange Lebensdauer<\/li>\n<li>variables Tragesystem<\/li>\n<li>50 x 30 cm Fu\u00dfabstreifer inkludiert<\/li>\n<\/ul>\n<h3>Ocun Incubator Bouldermatte &#8211; lang und gro\u00df<\/h3>\n<p>Dieses Crashpad besticht mit seinen gro\u00dfen Ma\u00dfen. Mit 210cm ist es das l\u00e4ngste Pad am Markt. Somit deckt es die Base bei fast jedem Problem perfekt ab. Dadurch kann man mit nur einem Zusatzpad sehr gro\u00dfe Fl\u00e4chen abdecken.<\/p>\n<p>Ein zweites Pad auf das Incubator gelegt garantiert auch ein softes Landen bei hohen Bouldern.<\/p>\n<h3>Vielseitiger Begleiter<\/h3>\n<p>Das Ocun Incubator wird von vielen Boulderern auch zum Schlafen verwendet. Denn mit seinen Ma\u00dfen passt es gut in viele Busse bzw. Kombis. Zudem kann man es \u00fcberall im Freien verwenden.<\/p>\n<p>Zum Chillen am Parkplatz ist das Pad aber dann schon etwas zu gro\u00df. Hierf\u00fcr empfehlen wir eine etwas kleine Matte.<\/p>\n<h3>Wenig Platz im &#8220;Innenteil&#8221;<\/h3>\n<p>Die Ocun Incubator Bouldermatte hat viele gute Eigenschaften. Was man bei dieser Matte nicht machen kann, ist eine <a href=\"https:\/\/bolting.eu\/produkt-kategorie\/bouldertaschen\/\">Bouldertasche<\/a> mit <a href=\"https:\/\/bolting.eu\/produkt-kategorie\/boulder-zubehoer\/\">Boulder Zubeh\u00f6r<\/a> in die Mitte geben. Denn die Matte basiert darauf, dass man sie sehr fest zusammendr\u00fcckt wenn man sie f\u00fcr den Transport faltet.<\/p>\n<p>D.h. es haben so gut wie keine Gegenst\u00e4nde in der Mitte Platz. Dicke Taschen wie gesagt kann man nur separat mitnehmen.<\/p>\n<h4><strong>Link Tipp<\/strong><\/h4>\n<p>Besuche mit deiner neuen Ocun Incubator Bouldermatte einen der besten Boulderspots der Alpen. Hier findest Du alle Infos zum <a href=\"https:\/\/maltatal.rocks\" target=\"_blank\" rel=\"noopener noreferrer\">Bouldern im Maltatal<\/a><\/p>\n","protected":false},"excerpt":{"rendered":"<ul>\n<li>Hersteller: Ocun<\/li>\n<li>Dimension: 210 x 100 x 10cm<\/li>\n<li>gefaltet: 102 x 55 x 50cm<\/li>\n<li>Gewicht: 8,3 kg<\/li>\n<li>ideal f\u00fcr intensives Bouldern<\/li>\n<li>robustes Cordura Ballistic Material f\u00fcr lange Lebensdauer<\/li>\n<li>variables Tragesystem<\/li>\n<li>50 x 30 cm Fu\u00dfabstreifer inkludiert<\/li>\n<\/ul>\n","protected":false},"featured_media":5033,"comment_status":"open","ping_status":"closed","template":"","meta":[],"product_brand":[],"product_cat":[12383,13906,5284,6358],"product_tag":[263],"class_list":{"0":"post-4918","1":"product","2":"type-product","3":"status-publish","4":"has-post-thumbnail","6":"product_cat-ocun","7":"product_cat-sperrgut-gross","8":"product_cat-boulder-ausruestung","9":"product_cat-bouldermatte","10":"product_tag-bouldern","12":"first","13":"instock","14":"sale","15":"taxable","16":"shipping-taxable","17":"purchasable","18":"product-type-simple"},"yoast_head":"<!-- This site is optimized with the Yoast SEO Premium plugin v26.9 (Yoast SEO v26.9) - https:\/\/yoast.com\/product\/yoast-seo-premium-wordpress\/ -->\n<title>Ocun Incubator Bouldermatte jetzt g\u00fcnstig online kaufen | bolting.eu<\/title>\n<meta name=\"description\" content=\"Hier findest du die OCUN INCUBATOR BOULDERMATTE. \u2705 14 Tage R\u00fcckgaberecht \u2705 versandfrei* ab \u20ac 100,- \u2705 Kaufberatung \u2705 Fachh\u00e4ndler aus \u00d6sterreich\" \/>\n<meta name=\"robots\" content=\"index, follow, max-snippet:-1, max-image-preview:large, max-video-preview:-1\" \/>\n<link rel=\"canonical\" href=\"https:\/\/bolting.eu\/en\/shop\/ocun-incubator-bouldermatte\/\" \/>\n<meta property=\"og:locale\" content=\"en_US\" \/>\n<meta property=\"og:type\" content=\"article\" \/>\n<meta property=\"og:title\" content=\"Ocun Incubator Bouldermatte\" \/>\n<meta property=\"og:description\" content=\"Hier findest du die OCUN INCUBATOR BOULDERMATTE. \u2705 14 Tage R\u00fcckgaberecht \u2705 versandfrei* ab \u20ac 100,- \u2705 Kaufberatung \u2705 Fachh\u00e4ndler aus \u00d6sterreich\" \/>\n<meta property=\"og:url\" content=\"https:\/\/bolting.eu\/en\/shop\/ocun-incubator-bouldermatte\/\" \/>\n<meta property=\"og:site_name\" content=\"bolting.eu\" \/>\n<meta property=\"article:publisher\" content=\"https:\/\/www.facebook.com\/bolting.eu\" \/>\n<meta property=\"article:modified_time\" content=\"2024-07-09T12:01:35+00:00\" \/>\n<meta property=\"og:image\" content=\"https:\/\/bolting.eu\/wp-content\/uploads\/2020\/08\/Ocun-Paddy-Incubator-1.jpg\" \/>\n\t<meta property=\"og:image:width\" content=\"700\" \/>\n\t<meta property=\"og:image:height\" content=\"700\" \/>\n\t<meta property=\"og:image:type\" content=\"image\/jpeg\" \/>\n<meta name=\"twitter:card\" content=\"summary_large_image\" \/>\n<meta name=\"twitter:label1\" content=\"Price\" \/>\n\t<meta name=\"twitter:data1\" content=\"&euro;&nbsp;390,00\" \/>\n\t<meta name=\"twitter:label2\" content=\"Availability\" \/>\n\t<meta name=\"twitter:data2\" content=\"In stock\" \/>\n<script type=\"application\/ld+json\" class=\"yoast-schema-graph\">{\"@context\":\"https:\/\/schema.org\",\"@graph\":[{\"@type\":[\"WebPage\",\"ItemPage\"],\"@id\":\"https:\/\/bolting.eu\/en\/shop\/ocun-incubator-bouldermatte\/\",\"url\":\"https:\/\/bolting.eu\/en\/shop\/ocun-incubator-bouldermatte\/\",\"name\":\"Ocun Incubator Bouldermatte jetzt g\u00fcnstig online kaufen | bolting.eu\",\"isPartOf\":{\"@id\":\"https:\/\/bolting.eu\/en\/#website\"},\"primaryImageOfPage\":{\"@id\":\"https:\/\/bolting.eu\/en\/shop\/ocun-incubator-bouldermatte\/#primaryimage\"},\"image\":{\"@id\":\"https:\/\/bolting.eu\/en\/shop\/ocun-incubator-bouldermatte\/#primaryimage\"},\"thumbnailUrl\":\"https:\/\/bolting.eu\/wp-content\/uploads\/2020\/08\/Ocun-Paddy-Incubator-1.jpg\",\"datePublished\":\"2020-08-25T12:43:12+00:00\",\"dateModified\":\"2024-07-09T12:01:35+00:00\",\"description\":\"Hier findest du die OCUN INCUBATOR BOULDERMATTE. \u2705 14 Tage R\u00fcckgaberecht \u2705 versandfrei* ab \u20ac 100,- \u2705 Kaufberatung \u2705 Fachh\u00e4ndler aus \u00d6sterreich\",\"breadcrumb\":{\"@id\":\"https:\/\/bolting.eu\/en\/shop\/ocun-incubator-bouldermatte\/#breadcrumb\"},\"inLanguage\":\"en-US\",\"potentialAction\":[{\"@type\":\"ReadAction\",\"target\":[\"https:\/\/bolting.eu\/en\/shop\/ocun-incubator-bouldermatte\/\"]}]},{\"@type\":\"ImageObject\",\"inLanguage\":\"en-US\",\"@id\":\"https:\/\/bolting.eu\/en\/shop\/ocun-incubator-bouldermatte\/#primaryimage\",\"url\":\"https:\/\/bolting.eu\/wp-content\/uploads\/2020\/08\/Ocun-Paddy-Incubator-1.jpg\",\"contentUrl\":\"https:\/\/bolting.eu\/wp-content\/uploads\/2020\/08\/Ocun-Paddy-Incubator-1.jpg\",\"width\":700,\"height\":700,\"caption\":\"Das Bild zeigt die Ocun Incubator Bouldermatte. Sie liegt ausgebreitet und schr\u00e4g in Bildmitte. Man erkennt ihre gro\u00dfe Fl\u00e4che, die rote Oberseite sowie mehrere kleine Trage- und Schnallen Riemen.\"},{\"@type\":\"BreadcrumbList\",\"@id\":\"https:\/\/bolting.eu\/en\/shop\/ocun-incubator-bouldermatte\/#breadcrumb\",\"itemListElement\":[{\"@type\":\"ListItem\",\"position\":1,\"name\":\"Shop\",\"item\":\"https:\/\/bolting.eu\/en\/shop\/\"},{\"@type\":\"ListItem\",\"position\":2,\"name\":\"Boulder Ausr\u00fcstung\",\"item\":\"https:\/\/bolting.eu\/produkt-kategorie\/boulder-ausruestung\/\"},{\"@type\":\"ListItem\",\"position\":3,\"name\":\"Bouldermatten\",\"item\":\"https:\/\/bolting.eu\/produkt-kategorie\/boulder-ausruestung\/bouldermatte\/\"},{\"@type\":\"ListItem\",\"position\":4,\"name\":\"Ocun Incubator Bouldermatte\"}]},{\"@type\":\"WebSite\",\"@id\":\"https:\/\/bolting.eu\/en\/#website\",\"url\":\"https:\/\/bolting.eu\/en\/\",\"name\":\"bolting.eu\",\"description\":\"we make climbs happen\",\"publisher\":{\"@id\":\"https:\/\/bolting.eu\/en\/#organization\"},\"potentialAction\":[{\"@type\":\"SearchAction\",\"target\":{\"@type\":\"EntryPoint\",\"urlTemplate\":\"https:\/\/bolting.eu\/en\/?s={search_term_string}\"},\"query-input\":{\"@type\":\"PropertyValueSpecification\",\"valueRequired\":true,\"valueName\":\"search_term_string\"}}],\"inLanguage\":\"en-US\"},{\"@type\":[\"Organization\",\"Place\",\"SportingGoodsStore\"],\"@id\":\"https:\/\/bolting.eu\/en\/#organization\",\"name\":\"bolting.eu\",\"url\":\"https:\/\/bolting.eu\/en\/\",\"logo\":{\"@id\":\"https:\/\/bolting.eu\/en\/shop\/ocun-incubator-bouldermatte\/#local-main-organization-logo\"},\"image\":{\"@id\":\"https:\/\/bolting.eu\/en\/shop\/ocun-incubator-bouldermatte\/#local-main-organization-logo\"},\"sameAs\":[\"https:\/\/www.facebook.com\/bolting.eu\",\"https:\/\/www.instagram.com\/bolting.eu\/\"],\"address\":{\"@id\":\"https:\/\/bolting.eu\/en\/shop\/ocun-incubator-bouldermatte\/#local-main-place-address\"},\"geo\":{\"@type\":\"GeoCoordinates\",\"latitude\":\"47.264176340396226\",\"longitude\":\"11.380109057672346\"},\"telephone\":[\"+43 699 19083372\"],\"openingHoursSpecification\":[{\"@type\":\"OpeningHoursSpecification\",\"dayOfWeek\":[\"Monday\",\"Wednesday\",\"Friday\"],\"opens\":\"14:00\",\"closes\":\"18:00\"},{\"@type\":\"OpeningHoursSpecification\",\"dayOfWeek\":[\"Tuesday\",\"Thursday\",\"Saturday\",\"Sunday\"],\"opens\":\"00:00\",\"closes\":\"00:00\"}],\"email\":\"office@bolting.eu\",\"vatID\":\"ATU59999728\",\"priceRange\":\"$$\",\"currenciesAccepted\":\"Euro\"},{\"@type\":\"PostalAddress\",\"@id\":\"https:\/\/bolting.eu\/en\/shop\/ocun-incubator-bouldermatte\/#local-main-place-address\",\"streetAddress\":\"Fischnalerstra\u00dfe 4\",\"addressLocality\":\"Innsbruck\",\"postalCode\":\"6020\",\"addressRegion\":\"Tirol\",\"addressCountry\":\"AT\"},{\"@type\":\"ImageObject\",\"inLanguage\":\"en-US\",\"@id\":\"https:\/\/bolting.eu\/en\/shop\/ocun-incubator-bouldermatte\/#local-main-organization-logo\",\"url\":\"https:\/\/bolting.eu\/wp-content\/uploads\/2019\/09\/bolting-logo.png\",\"contentUrl\":\"https:\/\/bolting.eu\/wp-content\/uploads\/2019\/09\/bolting-logo.png\",\"width\":400,\"height\":211,\"caption\":\"bolting.eu\"}]}<\/script>\n<meta property=\"product:price:amount\" content=\"390.00\" \/>\n<meta property=\"product:price:currency\" content=\"EUR\" \/>\n<meta property=\"og:availability\" content=\"instock\" \/>\n<meta property=\"product:availability\" content=\"instock\" \/>\n<meta property=\"product:retailer_item_id\" content=\"02471\" \/>\n<meta property=\"product:condition\" content=\"new\" \/>\n<meta name=\"geo.placename\" content=\"Innsbruck\" \/>\n<meta name=\"geo.position\" content=\"47.264176340396226;11.380109057672346\" \/>\n<meta name=\"geo.region\" content=\"Austria\" \/>\n<!-- \/ Yoast SEO Premium plugin. -->","yoast_head_json":{"title":"Ocun Incubator Bouldermatte jetzt g\u00fcnstig online kaufen | bolting.eu","description":"Hier findest du die OCUN INCUBATOR BOULDERMATTE. \u2705 14 Tage R\u00fcckgaberecht \u2705 versandfrei* ab \u20ac 100,- \u2705 Kaufberatung \u2705 Fachh\u00e4ndler aus \u00d6sterreich","robots":{"index":"index","follow":"follow","max-snippet":"max-snippet:-1","max-image-preview":"max-image-preview:large","max-video-preview":"max-video-preview:-1"},"canonical":"https:\/\/bolting.eu\/en\/shop\/ocun-incubator-bouldermatte\/","og_locale":"en_US","og_type":"article","og_title":"Ocun Incubator Bouldermatte","og_description":"Hier findest du die OCUN INCUBATOR BOULDERMATTE. \u2705 14 Tage R\u00fcckgaberecht \u2705 versandfrei* ab \u20ac 100,- \u2705 Kaufberatung \u2705 Fachh\u00e4ndler aus \u00d6sterreich","og_url":"https:\/\/bolting.eu\/en\/shop\/ocun-incubator-bouldermatte\/","og_site_name":"bolting.eu","article_publisher":"https:\/\/www.facebook.com\/bolting.eu","article_modified_time":"2024-07-09T12:01:35+00:00","og_image":[{"width":700,"height":700,"url":"https:\/\/bolting.eu\/wp-content\/uploads\/2020\/08\/Ocun-Paddy-Incubator-1.jpg","type":"image\/jpeg"}],"twitter_card":"summary_large_image","twitter_misc":{"Price":"&euro;&nbsp;390,00","Availability":"In stock"},"schema":{"@context":"https:\/\/schema.org","@graph":[{"@type":["WebPage","ItemPage"],"@id":"https:\/\/bolting.eu\/en\/shop\/ocun-incubator-bouldermatte\/","url":"https:\/\/bolting.eu\/en\/shop\/ocun-incubator-bouldermatte\/","name":"Ocun Incubator Bouldermatte jetzt g\u00fcnstig online kaufen | bolting.eu","isPartOf":{"@id":"https:\/\/bolting.eu\/en\/#website"},"primaryImageOfPage":{"@id":"https:\/\/bolting.eu\/en\/shop\/ocun-incubator-bouldermatte\/#primaryimage"},"image":{"@id":"https:\/\/bolting.eu\/en\/shop\/ocun-incubator-bouldermatte\/#primaryimage"},"thumbnailUrl":"https:\/\/bolting.eu\/wp-content\/uploads\/2020\/08\/Ocun-Paddy-Incubator-1.jpg","datePublished":"2020-08-25T12:43:12+00:00","dateModified":"2024-07-09T12:01:35+00:00","description":"Hier findest du die OCUN INCUBATOR BOULDERMATTE. \u2705 14 Tage R\u00fcckgaberecht \u2705 versandfrei* ab \u20ac 100,- \u2705 Kaufberatung \u2705 Fachh\u00e4ndler aus \u00d6sterreich","breadcrumb":{"@id":"https:\/\/bolting.eu\/en\/shop\/ocun-incubator-bouldermatte\/#breadcrumb"},"inLanguage":"en-US","potentialAction":[{"@type":"ReadAction","target":["https:\/\/bolting.eu\/en\/shop\/ocun-incubator-bouldermatte\/"]}]},{"@type":"ImageObject","inLanguage":"en-US","@id":"https:\/\/bolting.eu\/en\/shop\/ocun-incubator-bouldermatte\/#primaryimage","url":"https:\/\/bolting.eu\/wp-content\/uploads\/2020\/08\/Ocun-Paddy-Incubator-1.jpg","contentUrl":"https:\/\/bolting.eu\/wp-content\/uploads\/2020\/08\/Ocun-Paddy-Incubator-1.jpg","width":700,"height":700,"caption":"Das Bild zeigt die Ocun Incubator Bouldermatte. Sie liegt ausgebreitet und schr\u00e4g in Bildmitte. Man erkennt ihre gro\u00dfe Fl\u00e4che, die rote Oberseite sowie mehrere kleine Trage- und Schnallen Riemen."},{"@type":"BreadcrumbList","@id":"https:\/\/bolting.eu\/en\/shop\/ocun-incubator-bouldermatte\/#breadcrumb","itemListElement":[{"@type":"ListItem","position":1,"name":"Shop","item":"https:\/\/bolting.eu\/en\/shop\/"},{"@type":"ListItem","position":2,"name":"Boulder Ausr\u00fcstung","item":"https:\/\/bolting.eu\/produkt-kategorie\/boulder-ausruestung\/"},{"@type":"ListItem","position":3,"name":"Bouldermatten","item":"https:\/\/bolting.eu\/produkt-kategorie\/boulder-ausruestung\/bouldermatte\/"},{"@type":"ListItem","position":4,"name":"Ocun Incubator Bouldermatte"}]},{"@type":"WebSite","@id":"https:\/\/bolting.eu\/en\/#website","url":"https:\/\/bolting.eu\/en\/","name":"bolting.eu","description":"we make climbs happen","publisher":{"@id":"https:\/\/bolting.eu\/en\/#organization"},"potentialAction":[{"@type":"SearchAction","target":{"@type":"EntryPoint","urlTemplate":"https:\/\/bolting.eu\/en\/?s={search_term_string}"},"query-input":{"@type":"PropertyValueSpecification","valueRequired":true,"valueName":"search_term_string"}}],"inLanguage":"en-US"},{"@type":["Organization","Place","SportingGoodsStore"],"@id":"https:\/\/bolting.eu\/en\/#organization","name":"bolting.eu","url":"https:\/\/bolting.eu\/en\/","logo":{"@id":"https:\/\/bolting.eu\/en\/shop\/ocun-incubator-bouldermatte\/#local-main-organization-logo"},"image":{"@id":"https:\/\/bolting.eu\/en\/shop\/ocun-incubator-bouldermatte\/#local-main-organization-logo"},"sameAs":["https:\/\/www.facebook.com\/bolting.eu","https:\/\/www.instagram.com\/bolting.eu\/"],"address":{"@id":"https:\/\/bolting.eu\/en\/shop\/ocun-incubator-bouldermatte\/#local-main-place-address"},"geo":{"@type":"GeoCoordinates","latitude":"47.264176340396226","longitude":"11.380109057672346"},"telephone":["+43 699 19083372"],"openingHoursSpecification":[{"@type":"OpeningHoursSpecification","dayOfWeek":["Monday","Wednesday","Friday"],"opens":"14:00","closes":"18:00"},{"@type":"OpeningHoursSpecification","dayOfWeek":["Tuesday","Thursday","Saturday","Sunday"],"opens":"00:00","closes":"00:00"}],"email":"office@bolting.eu","vatID":"ATU59999728","priceRange":"$$","currenciesAccepted":"Euro"},{"@type":"PostalAddress","@id":"https:\/\/bolting.eu\/en\/shop\/ocun-incubator-bouldermatte\/#local-main-place-address","streetAddress":"Fischnalerstra\u00dfe 4","addressLocality":"Innsbruck","postalCode":"6020","addressRegion":"Tirol","addressCountry":"AT"},{"@type":"ImageObject","inLanguage":"en-US","@id":"https:\/\/bolting.eu\/en\/shop\/ocun-incubator-bouldermatte\/#local-main-organization-logo","url":"https:\/\/bolting.eu\/wp-content\/uploads\/2019\/09\/bolting-logo.png","contentUrl":"https:\/\/bolting.eu\/wp-content\/uploads\/2019\/09\/bolting-logo.png","width":400,"height":211,"caption":"bolting.eu"}]},"product_price_amount":"390.00","product_price_currency":"EUR","og_availability":"instock","product_availability":"instock","product_retailer_item_id":"02471","product_condition":"new","geo.placename":"Innsbruck","geo.position":{"lat":"47.264176340396226","long":"11.380109057672346"},"geo.region":"Austria"},"_links":{"self":[{"href":"https:\/\/bolting.eu\/en\/wp-json\/wp\/v2\/product\/4918","targetHints":{"allow":["GET"]}}],"collection":[{"href":"https:\/\/bolting.eu\/en\/wp-json\/wp\/v2\/product"}],"about":[{"href":"https:\/\/bolting.eu\/en\/wp-json\/wp\/v2\/types\/product"}],"replies":[{"embeddable":true,"href":"https:\/\/bolting.eu\/en\/wp-json\/wp\/v2\/comments?post=4918"}],"wp:featuredmedia":[{"embeddable":true,"href":"https:\/\/bolting.eu\/en\/wp-json\/wp\/v2\/media\/5033"}],"wp:attachment":[{"href":"https:\/\/bolting.eu\/en\/wp-json\/wp\/v2\/media?parent=4918"}],"wp:term":[{"taxonomy":"product_brand","embeddable":true,"href":"https:\/\/bolting.eu\/en\/wp-json\/wp\/v2\/product_brand?post=4918"},{"taxonomy":"product_cat","embeddable":true,"href":"https:\/\/bolting.eu\/en\/wp-json\/wp\/v2\/product_cat?post=4918"},{"taxonomy":"product_tag","embeddable":true,"href":"https:\/\/bolting.eu\/en\/wp-json\/wp\/v2\/product_tag?post=4918"}],"curies":[{"name":"wp","href":"https:\/\/api.w.org\/{rel}","templated":true}]}}