{"id":4913,"date":"2020-08-25T13:48:32","date_gmt":"2020-08-25T11:48:32","guid":{"rendered":"https:\/\/bolting.eu\/?post_type=product&#038;p=4913"},"modified":"2025-02-26T20:32:25","modified_gmt":"2025-02-26T19:32:25","slug":"ocun-dominator-bouldermatte","status":"publish","type":"product","link":"https:\/\/bolting.eu\/en\/shop\/ocun-dominator-bouldermatte\/","title":{"rendered":"Ocun Dominator Bouldermatte"},"content":{"rendered":"<p>Die Ocun Dominator Bouldermatte ist eine dickes Ding. D.h. sie ist f\u00fcr gro\u00dfe Absprungh\u00f6hen gebaut. Wie z.B. f\u00fcr Highballs. Folglich hat sich Ocun dabei auch Gedanken \u00fcber das passende D\u00e4mpfungssystem gemacht. Dabei haben die smarten Tschechen das FTS System entwickelt.<\/p>\n<p>Des Weiteren hat dieses Crashpad einige coole Features. Erstens den integrierten Fu\u00dfabstreifer. Zweitens ein smartes Rei\u00dfverschluss System. Damit kann man die Matte auch seitlich aufklappen. Drittens das verstellbare Tragesystem. Und viertens die Fixierschlaufen um ein kleines Sofa aus dem pad zu basteln.<\/p>\n<p>Kurzum. Wenn du viele Highballs kletterst sollte diese Matte in deiner <a href=\"https:\/\/bolting.eu\/boulderausruestung\/\">Boulderausr\u00fcstung<\/a> nicht fehlen!<\/p>\n<h2>Eigenschaften Ocun Dominator Bouldermatte<\/h2>\n<ul>\n<li>Hersteller: Ocun<\/li>\n<li>Dimension: 100 x 132 x 14,5 cm bzw. 100 x 66 x 29 cm<\/li>\n<li>Gewicht: 6,2 kg<\/li>\n<li>ideal als Standard Bouldermatte<\/li>\n<li>kann mit Rei\u00dfverschluss quer bzw. l\u00e4ngs aufgeklappt werden<\/li>\n<li>FTS Absorbtion Block<\/li>\n<li>robuste Kunststoffh\u00fclle f\u00fcr lange Lebensdauer<\/li>\n<li>variables Tragesystem<\/li>\n<li>Fu\u00dfabstreifer inkludiert<\/li>\n<\/ul>\n<h3>Produktvideo Ocun Dominator Bouldermatte<\/h3>\n<p>Wir haben f\u00fcr euch im Folgenden ein Produktvideo eingebaut. Dort wird die Matte umfangreich vorgestellt. Somit bekommt man f\u00fcr seinen m\u00f6glichen Kauf einen sehr guten Eindruck was diese Bouldermatte tats\u00e4chlich kann.<\/p>\n<p><iframe loading=\"lazy\" src=\"https:\/\/www.youtube.com\/embed\/5M_KStUoUV0\" width=\"75%;\" height=\"450\" frameborder=\"0\" allowfullscreen=\"allowfullscreen\"><span data-mce-type=\"bookmark\" style=\"display: inline-block; width: 0px; overflow: hidden; line-height: 0;\" class=\"mce_SELRES_start\">\ufeff<\/span><\/iframe><\/p>\n<h3>Ocun Dominator Bouldermatte &#8211; FTS D\u00e4mpfungssystem<\/h3>\n<p>Bei der Konstruktion dieses Pads ist ein neuartiges D\u00e4mpfungssystem zum Einsatz gekommen. Es hei\u00dft FTS. Zum einen basiert es auf vertikalen Kunststoff H\u00fcllen, welche in den restlichen Schaumstoff gesteckt werden k\u00f6nnen. Zum anderen ist es individuell einstellbar. D.h. die H\u00fcllen kann man selber gerne auch anders in den vorgeformten &#8220;l\u00f6chern&#8221; verstauen. So kann man sein Pad individuell konfigurieren.<\/p>\n<p><a href=\"https:\/\/bolting.eu\/wp-content\/uploads\/2020\/08\/Ocun-Paddy-Dominator-1.jpg\"><img loading=\"lazy\" decoding=\"async\" class=\"alignnone wp-image-4915 size-full\" src=\"https:\/\/bolting.eu\/wp-content\/uploads\/2020\/08\/Ocun-Paddy-Dominator-1.jpg\" alt=\"Das Bild zeigt eine Grafik, welche das FTS D\u00e4mpfungssystem einer Bouldermatte erkl\u00e4rt. zu sehen sind Details der Konstruktion und einige Erkl\u00e4rungen.\" width=\"1024\" height=\"411\" srcset=\"https:\/\/bolting.eu\/wp-content\/uploads\/2020\/08\/Ocun-Paddy-Dominator-1.jpg 1024w, https:\/\/bolting.eu\/wp-content\/uploads\/2020\/08\/Ocun-Paddy-Dominator-1-510x205.jpg 510w, https:\/\/bolting.eu\/wp-content\/uploads\/2020\/08\/Ocun-Paddy-Dominator-1-800x321.jpg 800w, https:\/\/bolting.eu\/wp-content\/uploads\/2020\/08\/Ocun-Paddy-Dominator-1-768x308.jpg 768w, https:\/\/bolting.eu\/wp-content\/uploads\/2020\/08\/Ocun-Paddy-Dominator-1-600x241.jpg 600w\" sizes=\"auto, (max-width: 1024px) 100vw, 1024px\" \/><\/a><\/p>\n<h3>Ocun Dominator Bouldermatte &#8211; Allesk\u00f6nner<\/h3>\n<p>Dieses Crashpad ist sehr vielseitig. Denn es hat eine variable Verbindungsm\u00f6glichkeit. D.h. durch Rei\u00dfverschl\u00fcsse kann man es sowohl l\u00e4ngs als auch quer zusammen zippen.<\/p>\n<p>Somit bekommt man eine 132 x 100cm bzw. 200 x 66cm gro\u00dfe Fl\u00e4che. Dadurch eignet sich das Pad nicht nur ideal f\u00fcr Highballs. Sondern es ist auch ein perfektes Pad um darauf schlafen zu k\u00f6nnen!<\/p>\n<h3>Auch ein Chill Pad<\/h3>\n<p>Die\u00a0Ocun Dominator Bouldermatte macht aber auch abseits der Bouldergebiete eine gute Figur. Denn durch ein Gurte bzw. Schnallen System, l\u00e4sst es sich zu einer Couch umfunktionieren. D.h. egal ob ihr am Parkplatz noch einen Gerstensaft trinken wollt. Oder ob ihr am Abend am Campingplatz eine feine Unterlage braucht. Dieses Crashpad ist in vielen Situationen ein echter &#8220;L\u00fcmmel Garant&#8221;.<\/p>\n<h3>Wenig Platz im &#8220;Innenteil&#8221;<\/h3>\n<p>Die Ocun Dominator Bouldermatte hat fast nur positive Eigenschaften. Was man bei dieser Matte nicht machen kann, ist eine <a href=\"https:\/\/bolting.eu\/produkt-kategorie\/bouldertaschen\/\">Bouldertasche<\/a> mit <a href=\"https:\/\/bolting.eu\/produkt-kategorie\/boulder-zubehoer\/\">Boulder Zubeh\u00f6r<\/a> in die Mitte geben. Denn durch das FTS D\u00e4mpfungssystem ist die Matte relativ hart.<\/p>\n<p>D.h. es haben nur d\u00fcnne Gegenst\u00e4nde in der Mitte Platz. Dicke Taschen wie gesagt kann man nur separat mitnehmen.<\/p>\n<h4><strong>Link Tipp<\/strong><\/h4>\n<p>Besuche mit deiner neuen Ocun Dominator einen der besten Boulderspots der Alpen. Hier findest Du alle Infos zum <a href=\"https:\/\/maltatal.rocks\" target=\"_blank\" rel=\"noopener noreferrer\">Bouldern im Maltatal<\/a><\/p>\n","protected":false},"excerpt":{"rendered":"<ul>\n<li>Hersteller: Ocun<\/li>\n<li>Dimension: 132 x 100 x 14,5 cm bzw. 200 x 60 x 14,5 cm<\/li>\n<li>Gewicht: 6,2 kg<\/li>\n<li>ideal als Standard Bouldermatte<\/li>\n<li>kann mit Rei\u00dfverschluss quer bzw. l\u00e4ngs aufgeklappt werden<\/li>\n<li>FTS Absorbtion Block<\/li>\n<li>robuste Kunststoffh\u00fclle f\u00fcr lange Lebensdauer<\/li>\n<li>variables Tragesystem<\/li>\n<li>Fu\u00dfabstreifer inkludiert<\/li>\n<\/ul>\n","protected":false},"featured_media":4916,"comment_status":"open","ping_status":"closed","template":"","meta":[],"product_brand":[],"product_cat":[6358,12383,13906,5284],"product_tag":[263],"class_list":{"0":"post-4913","1":"product","2":"type-product","3":"status-publish","4":"has-post-thumbnail","6":"product_cat-bouldermatte","7":"product_cat-ocun","8":"product_cat-sperrgut-gross","9":"product_cat-boulder-ausruestung","10":"product_tag-bouldern","12":"first","13":"instock","14":"sale","15":"taxable","16":"shipping-taxable","17":"purchasable","18":"product-type-simple"},"yoast_head":"<!-- This site is optimized with the Yoast SEO Premium plugin v26.9 (Yoast SEO v26.9) - https:\/\/yoast.com\/product\/yoast-seo-premium-wordpress\/ -->\n<title>Ocun Dominator Bouldermatte online kaufen | bolting.eu<\/title>\n<meta name=\"description\" content=\"OCUN DOMINATOR BOULDERMATTE beim Kletterprofi aus Innsbruck kaufen \u2705 14 Tage R\u00fcckgaberecht \u2705 versandfrei* ab \u20ac 100,- \u2705 Co2 neutrale Zustellung\" \/>\n<meta name=\"robots\" content=\"index, follow, max-snippet:-1, max-image-preview:large, max-video-preview:-1\" \/>\n<link rel=\"canonical\" href=\"https:\/\/bolting.eu\/en\/shop\/ocun-dominator-bouldermatte\/\" \/>\n<meta property=\"og:locale\" content=\"en_US\" \/>\n<meta property=\"og:type\" content=\"article\" \/>\n<meta property=\"og:title\" content=\"Ocun Dominator Bouldermatte\" \/>\n<meta property=\"og:description\" content=\"OCUN DOMINATOR BOULDERMATTE beim Kletterprofi aus Innsbruck kaufen \u2705 14 Tage R\u00fcckgaberecht \u2705 versandfrei* ab \u20ac 100,- \u2705 Co2 neutrale Zustellung\" \/>\n<meta property=\"og:url\" content=\"https:\/\/bolting.eu\/en\/shop\/ocun-dominator-bouldermatte\/\" \/>\n<meta property=\"og:site_name\" content=\"bolting.eu\" \/>\n<meta property=\"article:publisher\" content=\"https:\/\/www.facebook.com\/bolting.eu\" \/>\n<meta property=\"article:modified_time\" content=\"2025-02-26T19:32:25+00:00\" \/>\n<meta property=\"og:image\" content=\"https:\/\/bolting.eu\/wp-content\/uploads\/2020\/08\/Ocun-Paddy-Dominator-3.jpg\" \/>\n\t<meta property=\"og:image:width\" content=\"700\" \/>\n\t<meta property=\"og:image:height\" content=\"700\" \/>\n\t<meta property=\"og:image:type\" content=\"image\/jpeg\" \/>\n<meta name=\"twitter:card\" content=\"summary_large_image\" \/>\n<meta name=\"twitter:label1\" content=\"Price\" \/>\n\t<meta name=\"twitter:data1\" content=\"&euro;&nbsp;315,00\" \/>\n\t<meta name=\"twitter:label2\" content=\"Availability\" \/>\n\t<meta name=\"twitter:data2\" content=\"In stock\" \/>\n<script type=\"application\/ld+json\" class=\"yoast-schema-graph\">{\"@context\":\"https:\/\/schema.org\",\"@graph\":[{\"@type\":[\"WebPage\",\"ItemPage\"],\"@id\":\"https:\/\/bolting.eu\/en\/shop\/ocun-dominator-bouldermatte\/\",\"url\":\"https:\/\/bolting.eu\/en\/shop\/ocun-dominator-bouldermatte\/\",\"name\":\"Ocun Dominator Bouldermatte online kaufen | bolting.eu\",\"isPartOf\":{\"@id\":\"https:\/\/bolting.eu\/en\/#website\"},\"primaryImageOfPage\":{\"@id\":\"https:\/\/bolting.eu\/en\/shop\/ocun-dominator-bouldermatte\/#primaryimage\"},\"image\":{\"@id\":\"https:\/\/bolting.eu\/en\/shop\/ocun-dominator-bouldermatte\/#primaryimage\"},\"thumbnailUrl\":\"https:\/\/bolting.eu\/wp-content\/uploads\/2020\/08\/Ocun-Paddy-Dominator-3.jpg\",\"datePublished\":\"2020-08-25T11:48:32+00:00\",\"dateModified\":\"2025-02-26T19:32:25+00:00\",\"description\":\"OCUN DOMINATOR BOULDERMATTE beim Kletterprofi aus Innsbruck kaufen \u2705 14 Tage R\u00fcckgaberecht \u2705 versandfrei* ab \u20ac 100,- \u2705 Co2 neutrale Zustellung\",\"breadcrumb\":{\"@id\":\"https:\/\/bolting.eu\/en\/shop\/ocun-dominator-bouldermatte\/#breadcrumb\"},\"inLanguage\":\"en-US\",\"potentialAction\":[{\"@type\":\"ReadAction\",\"target\":[\"https:\/\/bolting.eu\/en\/shop\/ocun-dominator-bouldermatte\/\"]}]},{\"@type\":\"ImageObject\",\"inLanguage\":\"en-US\",\"@id\":\"https:\/\/bolting.eu\/en\/shop\/ocun-dominator-bouldermatte\/#primaryimage\",\"url\":\"https:\/\/bolting.eu\/wp-content\/uploads\/2020\/08\/Ocun-Paddy-Dominator-3.jpg\",\"contentUrl\":\"https:\/\/bolting.eu\/wp-content\/uploads\/2020\/08\/Ocun-Paddy-Dominator-3.jpg\",\"width\":700,\"height\":700,\"caption\":\"Das Bild zeigt die Ocun Dominator Bouldermatte. Das Pad liegt schr\u00e4g und im ge\u00f6ffnetem Zustand in Bildmitte. Man erkennt die gelb-schwarzen H\u00e4lften und die seitlichen kleinen Schnellen \u00d6sen.\"},{\"@type\":\"BreadcrumbList\",\"@id\":\"https:\/\/bolting.eu\/en\/shop\/ocun-dominator-bouldermatte\/#breadcrumb\",\"itemListElement\":[{\"@type\":\"ListItem\",\"position\":1,\"name\":\"Shop\",\"item\":\"https:\/\/bolting.eu\/en\/shop\/\"},{\"@type\":\"ListItem\",\"position\":2,\"name\":\"Boulder Ausr\u00fcstung\",\"item\":\"https:\/\/bolting.eu\/produkt-kategorie\/boulder-ausruestung\/\"},{\"@type\":\"ListItem\",\"position\":3,\"name\":\"Bouldermatten\",\"item\":\"https:\/\/bolting.eu\/produkt-kategorie\/boulder-ausruestung\/bouldermatte\/\"},{\"@type\":\"ListItem\",\"position\":4,\"name\":\"Ocun Dominator Bouldermatte\"}]},{\"@type\":\"WebSite\",\"@id\":\"https:\/\/bolting.eu\/en\/#website\",\"url\":\"https:\/\/bolting.eu\/en\/\",\"name\":\"bolting.eu\",\"description\":\"we make climbs happen\",\"publisher\":{\"@id\":\"https:\/\/bolting.eu\/en\/#organization\"},\"potentialAction\":[{\"@type\":\"SearchAction\",\"target\":{\"@type\":\"EntryPoint\",\"urlTemplate\":\"https:\/\/bolting.eu\/en\/?s={search_term_string}\"},\"query-input\":{\"@type\":\"PropertyValueSpecification\",\"valueRequired\":true,\"valueName\":\"search_term_string\"}}],\"inLanguage\":\"en-US\"},{\"@type\":[\"Organization\",\"Place\",\"SportingGoodsStore\"],\"@id\":\"https:\/\/bolting.eu\/en\/#organization\",\"name\":\"bolting.eu\",\"url\":\"https:\/\/bolting.eu\/en\/\",\"logo\":{\"@id\":\"https:\/\/bolting.eu\/en\/shop\/ocun-dominator-bouldermatte\/#local-main-organization-logo\"},\"image\":{\"@id\":\"https:\/\/bolting.eu\/en\/shop\/ocun-dominator-bouldermatte\/#local-main-organization-logo\"},\"sameAs\":[\"https:\/\/www.facebook.com\/bolting.eu\",\"https:\/\/www.instagram.com\/bolting.eu\/\"],\"address\":{\"@id\":\"https:\/\/bolting.eu\/en\/shop\/ocun-dominator-bouldermatte\/#local-main-place-address\"},\"geo\":{\"@type\":\"GeoCoordinates\",\"latitude\":\"47.264176340396226\",\"longitude\":\"11.380109057672346\"},\"telephone\":[\"+43 699 19083372\"],\"openingHoursSpecification\":[{\"@type\":\"OpeningHoursSpecification\",\"dayOfWeek\":[\"Monday\",\"Wednesday\",\"Friday\"],\"opens\":\"14:00\",\"closes\":\"18:00\"},{\"@type\":\"OpeningHoursSpecification\",\"dayOfWeek\":[\"Tuesday\",\"Thursday\",\"Saturday\",\"Sunday\"],\"opens\":\"00:00\",\"closes\":\"00:00\"}],\"email\":\"office@bolting.eu\",\"vatID\":\"ATU59999728\",\"priceRange\":\"$$\",\"currenciesAccepted\":\"Euro\"},{\"@type\":\"PostalAddress\",\"@id\":\"https:\/\/bolting.eu\/en\/shop\/ocun-dominator-bouldermatte\/#local-main-place-address\",\"streetAddress\":\"Fischnalerstra\u00dfe 4\",\"addressLocality\":\"Innsbruck\",\"postalCode\":\"6020\",\"addressRegion\":\"Tirol\",\"addressCountry\":\"AT\"},{\"@type\":\"ImageObject\",\"inLanguage\":\"en-US\",\"@id\":\"https:\/\/bolting.eu\/en\/shop\/ocun-dominator-bouldermatte\/#local-main-organization-logo\",\"url\":\"https:\/\/bolting.eu\/wp-content\/uploads\/2019\/09\/bolting-logo.png\",\"contentUrl\":\"https:\/\/bolting.eu\/wp-content\/uploads\/2019\/09\/bolting-logo.png\",\"width\":400,\"height\":211,\"caption\":\"bolting.eu\"}]}<\/script>\n<meta property=\"og:video\" content=\"https:\/\/www.youtube.com\/embed\/5M_KStUoUV0\" \/>\n<meta property=\"og:video:type\" content=\"text\/html\" \/>\n<meta property=\"og:video:duration\" content=\"112\" \/>\n<meta property=\"og:video:width\" content=\"480\" \/>\n<meta property=\"og:video:height\" content=\"270\" \/>\n<meta property=\"ya:ovs:adult\" content=\"false\" \/>\n<meta property=\"ya:ovs:upload_date\" content=\"2020-08-25T11:48:32+00:00\" \/>\n<meta property=\"ya:ovs:allow_embed\" content=\"true\" \/>\n<meta property=\"product:price:amount\" content=\"315.00\" \/>\n<meta property=\"product:price:currency\" content=\"EUR\" \/>\n<meta property=\"og:availability\" content=\"instock\" \/>\n<meta property=\"product:availability\" content=\"instock\" \/>\n<meta property=\"product:retailer_item_id\" content=\"02472\" \/>\n<meta property=\"product:condition\" content=\"new\" \/>\n<meta name=\"geo.placename\" content=\"Innsbruck\" \/>\n<meta name=\"geo.position\" content=\"47.264176340396226;11.380109057672346\" \/>\n<meta name=\"geo.region\" content=\"Austria\" \/>\n<!-- \/ Yoast SEO Premium plugin. -->","yoast_head_json":{"title":"Ocun Dominator Bouldermatte online kaufen | bolting.eu","description":"OCUN DOMINATOR BOULDERMATTE beim Kletterprofi aus Innsbruck kaufen \u2705 14 Tage R\u00fcckgaberecht \u2705 versandfrei* ab \u20ac 100,- \u2705 Co2 neutrale Zustellung","robots":{"index":"index","follow":"follow","max-snippet":"max-snippet:-1","max-image-preview":"max-image-preview:large","max-video-preview":"max-video-preview:-1"},"canonical":"https:\/\/bolting.eu\/en\/shop\/ocun-dominator-bouldermatte\/","og_locale":"en_US","og_type":"article","og_title":"Ocun Dominator Bouldermatte","og_description":"OCUN DOMINATOR BOULDERMATTE beim Kletterprofi aus Innsbruck kaufen \u2705 14 Tage R\u00fcckgaberecht \u2705 versandfrei* ab \u20ac 100,- \u2705 Co2 neutrale Zustellung","og_url":"https:\/\/bolting.eu\/en\/shop\/ocun-dominator-bouldermatte\/","og_site_name":"bolting.eu","article_publisher":"https:\/\/www.facebook.com\/bolting.eu","article_modified_time":"2025-02-26T19:32:25+00:00","og_image":[{"width":700,"height":700,"url":"https:\/\/bolting.eu\/wp-content\/uploads\/2020\/08\/Ocun-Paddy-Dominator-3.jpg","type":"image\/jpeg"}],"twitter_card":"summary_large_image","twitter_misc":{"Price":"&euro;&nbsp;315,00","Availability":"In stock"},"schema":{"@context":"https:\/\/schema.org","@graph":[{"@type":["WebPage","ItemPage"],"@id":"https:\/\/bolting.eu\/en\/shop\/ocun-dominator-bouldermatte\/","url":"https:\/\/bolting.eu\/en\/shop\/ocun-dominator-bouldermatte\/","name":"Ocun Dominator Bouldermatte online kaufen | bolting.eu","isPartOf":{"@id":"https:\/\/bolting.eu\/en\/#website"},"primaryImageOfPage":{"@id":"https:\/\/bolting.eu\/en\/shop\/ocun-dominator-bouldermatte\/#primaryimage"},"image":{"@id":"https:\/\/bolting.eu\/en\/shop\/ocun-dominator-bouldermatte\/#primaryimage"},"thumbnailUrl":"https:\/\/bolting.eu\/wp-content\/uploads\/2020\/08\/Ocun-Paddy-Dominator-3.jpg","datePublished":"2020-08-25T11:48:32+00:00","dateModified":"2025-02-26T19:32:25+00:00","description":"OCUN DOMINATOR BOULDERMATTE beim Kletterprofi aus Innsbruck kaufen \u2705 14 Tage R\u00fcckgaberecht \u2705 versandfrei* ab \u20ac 100,- \u2705 Co2 neutrale Zustellung","breadcrumb":{"@id":"https:\/\/bolting.eu\/en\/shop\/ocun-dominator-bouldermatte\/#breadcrumb"},"inLanguage":"en-US","potentialAction":[{"@type":"ReadAction","target":["https:\/\/bolting.eu\/en\/shop\/ocun-dominator-bouldermatte\/"]}]},{"@type":"ImageObject","inLanguage":"en-US","@id":"https:\/\/bolting.eu\/en\/shop\/ocun-dominator-bouldermatte\/#primaryimage","url":"https:\/\/bolting.eu\/wp-content\/uploads\/2020\/08\/Ocun-Paddy-Dominator-3.jpg","contentUrl":"https:\/\/bolting.eu\/wp-content\/uploads\/2020\/08\/Ocun-Paddy-Dominator-3.jpg","width":700,"height":700,"caption":"Das Bild zeigt die Ocun Dominator Bouldermatte. Das Pad liegt schr\u00e4g und im ge\u00f6ffnetem Zustand in Bildmitte. Man erkennt die gelb-schwarzen H\u00e4lften und die seitlichen kleinen Schnellen \u00d6sen."},{"@type":"BreadcrumbList","@id":"https:\/\/bolting.eu\/en\/shop\/ocun-dominator-bouldermatte\/#breadcrumb","itemListElement":[{"@type":"ListItem","position":1,"name":"Shop","item":"https:\/\/bolting.eu\/en\/shop\/"},{"@type":"ListItem","position":2,"name":"Boulder Ausr\u00fcstung","item":"https:\/\/bolting.eu\/produkt-kategorie\/boulder-ausruestung\/"},{"@type":"ListItem","position":3,"name":"Bouldermatten","item":"https:\/\/bolting.eu\/produkt-kategorie\/boulder-ausruestung\/bouldermatte\/"},{"@type":"ListItem","position":4,"name":"Ocun Dominator Bouldermatte"}]},{"@type":"WebSite","@id":"https:\/\/bolting.eu\/en\/#website","url":"https:\/\/bolting.eu\/en\/","name":"bolting.eu","description":"we make climbs happen","publisher":{"@id":"https:\/\/bolting.eu\/en\/#organization"},"potentialAction":[{"@type":"SearchAction","target":{"@type":"EntryPoint","urlTemplate":"https:\/\/bolting.eu\/en\/?s={search_term_string}"},"query-input":{"@type":"PropertyValueSpecification","valueRequired":true,"valueName":"search_term_string"}}],"inLanguage":"en-US"},{"@type":["Organization","Place","SportingGoodsStore"],"@id":"https:\/\/bolting.eu\/en\/#organization","name":"bolting.eu","url":"https:\/\/bolting.eu\/en\/","logo":{"@id":"https:\/\/bolting.eu\/en\/shop\/ocun-dominator-bouldermatte\/#local-main-organization-logo"},"image":{"@id":"https:\/\/bolting.eu\/en\/shop\/ocun-dominator-bouldermatte\/#local-main-organization-logo"},"sameAs":["https:\/\/www.facebook.com\/bolting.eu","https:\/\/www.instagram.com\/bolting.eu\/"],"address":{"@id":"https:\/\/bolting.eu\/en\/shop\/ocun-dominator-bouldermatte\/#local-main-place-address"},"geo":{"@type":"GeoCoordinates","latitude":"47.264176340396226","longitude":"11.380109057672346"},"telephone":["+43 699 19083372"],"openingHoursSpecification":[{"@type":"OpeningHoursSpecification","dayOfWeek":["Monday","Wednesday","Friday"],"opens":"14:00","closes":"18:00"},{"@type":"OpeningHoursSpecification","dayOfWeek":["Tuesday","Thursday","Saturday","Sunday"],"opens":"00:00","closes":"00:00"}],"email":"office@bolting.eu","vatID":"ATU59999728","priceRange":"$$","currenciesAccepted":"Euro"},{"@type":"PostalAddress","@id":"https:\/\/bolting.eu\/en\/shop\/ocun-dominator-bouldermatte\/#local-main-place-address","streetAddress":"Fischnalerstra\u00dfe 4","addressLocality":"Innsbruck","postalCode":"6020","addressRegion":"Tirol","addressCountry":"AT"},{"@type":"ImageObject","inLanguage":"en-US","@id":"https:\/\/bolting.eu\/en\/shop\/ocun-dominator-bouldermatte\/#local-main-organization-logo","url":"https:\/\/bolting.eu\/wp-content\/uploads\/2019\/09\/bolting-logo.png","contentUrl":"https:\/\/bolting.eu\/wp-content\/uploads\/2019\/09\/bolting-logo.png","width":400,"height":211,"caption":"bolting.eu"}]},"og_video":"https:\/\/www.youtube.com\/embed\/5M_KStUoUV0","og_video_type":"text\/html","og_video_duration":"112","og_video_width":"480","og_video_height":"270","ya_ovs_adult":"false","ya_ovs_upload_date":"2020-08-25T11:48:32+00:00","ya_ovs_allow_embed":"true","product_price_amount":"315.00","product_price_currency":"EUR","og_availability":"instock","product_availability":"instock","product_retailer_item_id":"02472","product_condition":"new","geo.placename":"Innsbruck","geo.position":{"lat":"47.264176340396226","long":"11.380109057672346"},"geo.region":"Austria"},"_links":{"self":[{"href":"https:\/\/bolting.eu\/en\/wp-json\/wp\/v2\/product\/4913","targetHints":{"allow":["GET"]}}],"collection":[{"href":"https:\/\/bolting.eu\/en\/wp-json\/wp\/v2\/product"}],"about":[{"href":"https:\/\/bolting.eu\/en\/wp-json\/wp\/v2\/types\/product"}],"replies":[{"embeddable":true,"href":"https:\/\/bolting.eu\/en\/wp-json\/wp\/v2\/comments?post=4913"}],"wp:featuredmedia":[{"embeddable":true,"href":"https:\/\/bolting.eu\/en\/wp-json\/wp\/v2\/media\/4916"}],"wp:attachment":[{"href":"https:\/\/bolting.eu\/en\/wp-json\/wp\/v2\/media?parent=4913"}],"wp:term":[{"taxonomy":"product_brand","embeddable":true,"href":"https:\/\/bolting.eu\/en\/wp-json\/wp\/v2\/product_brand?post=4913"},{"taxonomy":"product_cat","embeddable":true,"href":"https:\/\/bolting.eu\/en\/wp-json\/wp\/v2\/product_cat?post=4913"},{"taxonomy":"product_tag","embeddable":true,"href":"https:\/\/bolting.eu\/en\/wp-json\/wp\/v2\/product_tag?post=4913"}],"curies":[{"name":"wp","href":"https:\/\/api.w.org\/{rel}","templated":true}]}}