{"id":4901,"date":"2020-08-25T12:03:57","date_gmt":"2020-08-25T10:03:57","guid":{"rendered":"https:\/\/bolting.eu\/?post_type=product&#038;p=4901"},"modified":"2025-07-08T22:33:44","modified_gmt":"2025-07-08T20:33:44","slug":"lacd-via-ferrata-ultimate-s","status":"publish","type":"product","link":"https:\/\/bolting.eu\/en\/shop\/lacd-via-ferrata-ultimate-s\/","title":{"rendered":"LACD Via Ferrata Ultimate S"},"content":{"rendered":"<p>Das LACD Via Ferrata Ultimate S ist es super praktisches Klettersteigset. Denn es hat einen integriertes Swivel. D.h. einen Wirbel der sich automatisch mit dreht. Somit kommt es nicht zum l\u00e4stigen Verheddern der Stretch Arme.<\/p>\n<p>Folglich entf\u00e4llt das umst\u00e4ndliche Entwirren der Arme w\u00e4hrend dem Klettern. Das spart zum einen Zeit. und zum anderen bringt es wesentlich mehr Sichert durch besseren Kletterfluss.<\/p>\n<p>Kurzum. wer auf fl\u00fcssiges Klettersteig-Gehen aus ist, hat ein tolles Set gefunden!<\/p>\n<h2>Eigenschaften LACD Via Ferrata Ultimate S<\/h2>\n<ul>\n<li>Hersteller: LACD<\/li>\n<li>Gewichtsklasse: 40 \u2013 120kg<\/li>\n<li>EN Norm: EN 958:2017<\/li>\n<li>CE Norm: CE 0123<\/li>\n<li>Karabinertyp: HAndballensicherung<\/li>\n<li>Gewicht: 630 Gramm<\/li>\n<li>L\u00e4nge: 135 cm<\/li>\n<li>integrierter Wirbel a.k.a. &#8220;Swivel&#8221;<\/li>\n<li>kein Verheddern der Stretch Arme m\u00f6glich<\/li>\n<li>integrierter Bandfalld\u00e4mpfer<\/li>\n<\/ul>\n<h3>S-wie Swivel<\/h3>\n<p>Das &#8220;S&#8221; in LACD Via Ferrata Ultimate S steht f\u00fcr den Swivel. Das ist ein extrem starkes Drehgelenk gleich nach dem Bandfalld\u00e4mpfer. Es ist auch unter dem Begriff &#8220;Wirbel&#8221; bekannt.<\/p>\n<p>Dieser Wirbel verhindert das extrem l\u00e4stige Verheddern der Stretch Arme. Dies geschieht bei normalen Sets ganz oft. Denn man h\u00e4ngt die Karabiner nicht immer gleich ein. So kommt es beispielsweise oft schon nach wenigen Klipp Aktionen zum Verheddern der Arme.<\/p>\n<p>Genau dieses Problem l\u00f6st der Swivel. Denn er dreht sich automatisch mit. D.h. sobald man einmal mit dem 2. Arm um den ersten f\u00e4hrt rutscht diese Arm automatisch nach.<\/p>\n<h3>LACD Via Ferrata Ultimate S &#8211; extra gro\u00dfe Karabiner<\/h3>\n<p>Ein weiteres auff\u00e4lliges Feature dieses Sets sind die gro\u00dfen Klettersteigkarabiner. Sie sind extrem lang und haben auch eine gro\u00dfe Karabiner\u00f6ffnung. Das erleichtert das Klippen sehr. Allerdings k\u00f6nnen Personen mit sehr kleinen H\u00e4nden hier Nachteile haben.<\/p>\n<h3>Befestigung LACD Via Ferrata Ultimate S mit Ankerstich<\/h3>\n<p>Das Klettersteigset kann man sehr einfach am <a href=\"https:\/\/bolting.eu\/produkt-kategorie\/klettergurte\/\">Klettergurt<\/a> befestigen. Denn es wird ganz simpel mit Ankerstich in der Sicherungsschlaufe eingeh\u00e4ngt. Hierf\u00fcr hat das Set eine Einbindeschlaufe mit guter L\u00e4nge. Diese ist zudem weder zu weich noch zu hart. Somit l\u00e4sst sie sich auch wieder gut entfernen.<\/p>\n<h3>Wann sollte ein Klettersteig Set ausgetauscht werden?<\/h3>\n<p>Die maximale Lebensdauer des LACD Via Ferrata Ultimate S betr\u00e4gt 10 Jahre (Lagerfrist). Bei entsprechend regelm\u00e4\u00dfiger Verwendung ist das Set wesentlich fr\u00fcher auszutauschen. Wir empfehlen bei regelm\u00e4\u00dfigen Gebrauch einen Austausch nach 5 Jahren. Wer sehr viel unterwegs ist, sollte das Set bereits nach 3 Jahren ausscheiden.<\/p>\n<p>Ist der Bandfalld\u00e4mpfer auch nur leicht eingerissen, muss das Set sofort ausgetauscht werden. Nat\u00fcrlich ebenso bei einem Sturz!<\/p>\n<h3>Kann ich im LACD Via Ferrata Ultimate S rasten?<\/h3>\n<p><strong>Die Antwort ist klar: NEIN!<\/strong> Regelm\u00e4\u00dfiges Rasten in den Armen des Klettersteigsets f\u00fchrt zu Einrissen im Bandfalld\u00e4mpfer. D.h. er kann irgendwann bereits bei viel geringeren Kr\u00e4ften als einem Sturz aufrei\u00dfen. Zudem entwickelt das Klettersteigset im Fall eines Sturzes dann auch nicht mehr den richtigen (niedrigen) Fangsto\u00df.<\/p>\n<p>Wir empfehlen eine unserer Klettersteig Rastschlingen. Diese bestehen aus einer 60cm <a href=\"https:\/\/bolting.eu\/produkt-kategorie\/bandschlinge\/\">Bandschlinge<\/a> und einem <a href=\"https:\/\/bolting.eu\/produkt-kategorie\/karabiner-kletterkarabiner\/\">Karabiner<\/a>. Dieser wird mit einem Mastwurf befestigt, die Vorrichtung wird wie das Klettersteigset mit einem Ankerstich an der Sicherungsschlaufe des Gurtes befestigt.<\/p>\n<h4><strong>Link Tipp<\/strong><\/h4>\n<p>Besucht einen der sch\u00f6nsten Klettersteige in K\u00e4rnten. Euer neues LACD Via Ferrata Ultimate S Set k\u00f6nnt ihr am <a href=\"https:\/\/maltatal.rocks\/klettergebiete-posts\/luft-unter-den-sohlen-klettersteig-millstaetter-see\/\" target=\"_blank\" rel=\"noopener noreferrer\">Klettersteig &#8220;Luft unter den Sohlen&#8221;<\/a> am Millst\u00e4tter See ausprobieren.<\/p>\n","protected":false},"excerpt":{"rendered":"<ul>\n<li>Hersteller: LACD<\/li>\n<li>Gewichtsklasse: 40 \u2013 120kg<\/li>\n<li>EN Norm: EN 958:2017<\/li>\n<li>CE Norm: CE 0123<\/li>\n<li>Karabinertyp: HAndballensicherung<\/li>\n<li>Gewicht: 630 Gramm<\/li>\n<li>L\u00e4nge: 135 cm<\/li>\n<li>integrierter Wirbel a.k.a. &#8220;Swivel&#8221;<\/li>\n<li>kein Verheddern der Stretch Arme m\u00f6glich<\/li>\n<li>integrierter Bandfalld\u00e4mpfer<\/li>\n<\/ul>\n","protected":false},"featured_media":4902,"comment_status":"open","ping_status":"closed","template":"","meta":[],"product_brand":[],"product_cat":[4669,14744],"product_tag":[],"class_list":{"0":"post-4901","1":"product","2":"type-product","3":"status-publish","4":"has-post-thumbnail","6":"product_cat-lacd","7":"product_cat-klettersteigsets","9":"first","10":"outofstock","11":"sale","12":"taxable","13":"shipping-taxable","14":"purchasable","15":"product-type-simple"},"yoast_head":"<!-- This site is optimized with the Yoast SEO Premium plugin v26.9 (Yoast SEO v26.9) - https:\/\/yoast.com\/product\/yoast-seo-premium-wordpress\/ -->\n<title>LACD Via Ferrata Ultimate S Klettersteigset online kaufen | bolting.eu<\/title>\n<meta name=\"description\" content=\"Hier gibt\u00b4s das LACD VIA FERRATA ULTIMATE S Klettersteigset. \u2705 14 Tage R\u00fcckgaberecht \u2705 versandfrei* ab \u20ac 100,- \u2705 Kaufberatung \u2705 Fachh\u00e4ndler aus \u00d6sterreich\" \/>\n<meta name=\"robots\" content=\"index, follow, max-snippet:-1, max-image-preview:large, max-video-preview:-1\" \/>\n<link rel=\"canonical\" href=\"https:\/\/bolting.eu\/en\/shop\/lacd-via-ferrata-ultimate-s\/\" \/>\n<meta property=\"og:locale\" content=\"en_US\" \/>\n<meta property=\"og:type\" content=\"article\" \/>\n<meta property=\"og:title\" content=\"LACD Via Ferrata Ultimate S\" \/>\n<meta property=\"og:description\" content=\"Hier gibt\u00b4s das LACD VIA FERRATA ULTIMATE S Klettersteigset. \u2705 14 Tage R\u00fcckgaberecht \u2705 versandfrei* ab \u20ac 100,- \u2705 Kaufberatung \u2705 Fachh\u00e4ndler aus \u00d6sterreich\" \/>\n<meta property=\"og:url\" content=\"https:\/\/bolting.eu\/en\/shop\/lacd-via-ferrata-ultimate-s\/\" \/>\n<meta property=\"og:site_name\" content=\"bolting.eu\" \/>\n<meta property=\"article:publisher\" content=\"https:\/\/www.facebook.com\/bolting.eu\" \/>\n<meta property=\"article:modified_time\" content=\"2025-07-08T20:33:44+00:00\" \/>\n<meta property=\"og:image\" content=\"https:\/\/bolting.eu\/wp-content\/uploads\/2020\/08\/LACD-Via-Ferrata-Ultimate-S-1.jpg\" \/>\n\t<meta property=\"og:image:width\" content=\"700\" \/>\n\t<meta property=\"og:image:height\" content=\"700\" \/>\n\t<meta property=\"og:image:type\" content=\"image\/jpeg\" \/>\n<meta name=\"twitter:card\" content=\"summary_large_image\" \/>\n<meta name=\"twitter:label1\" content=\"Price\" \/>\n\t<meta name=\"twitter:data1\" content=\"&euro;&nbsp;100,00\" \/>\n\t<meta name=\"twitter:label2\" content=\"Availability\" \/>\n\t<meta name=\"twitter:data2\" content=\"Out of stock\" \/>\n<script type=\"application\/ld+json\" class=\"yoast-schema-graph\">{\"@context\":\"https:\/\/schema.org\",\"@graph\":[{\"@type\":[\"WebPage\",\"ItemPage\"],\"@id\":\"https:\/\/bolting.eu\/en\/shop\/lacd-via-ferrata-ultimate-s\/\",\"url\":\"https:\/\/bolting.eu\/en\/shop\/lacd-via-ferrata-ultimate-s\/\",\"name\":\"LACD Via Ferrata Ultimate S Klettersteigset online kaufen | bolting.eu\",\"isPartOf\":{\"@id\":\"https:\/\/bolting.eu\/en\/#website\"},\"primaryImageOfPage\":{\"@id\":\"https:\/\/bolting.eu\/en\/shop\/lacd-via-ferrata-ultimate-s\/#primaryimage\"},\"image\":{\"@id\":\"https:\/\/bolting.eu\/en\/shop\/lacd-via-ferrata-ultimate-s\/#primaryimage\"},\"thumbnailUrl\":\"https:\/\/bolting.eu\/wp-content\/uploads\/2020\/08\/LACD-Via-Ferrata-Ultimate-S-1.jpg\",\"datePublished\":\"2020-08-25T10:03:57+00:00\",\"dateModified\":\"2025-07-08T20:33:44+00:00\",\"description\":\"Hier gibt\u00b4s das LACD VIA FERRATA ULTIMATE S Klettersteigset. \u2705 14 Tage R\u00fcckgaberecht \u2705 versandfrei* ab \u20ac 100,- \u2705 Kaufberatung \u2705 Fachh\u00e4ndler aus \u00d6sterreich\",\"breadcrumb\":{\"@id\":\"https:\/\/bolting.eu\/en\/shop\/lacd-via-ferrata-ultimate-s\/#breadcrumb\"},\"inLanguage\":\"en-US\",\"potentialAction\":[{\"@type\":\"ReadAction\",\"target\":[\"https:\/\/bolting.eu\/en\/shop\/lacd-via-ferrata-ultimate-s\/\"]}]},{\"@type\":\"ImageObject\",\"inLanguage\":\"en-US\",\"@id\":\"https:\/\/bolting.eu\/en\/shop\/lacd-via-ferrata-ultimate-s\/#primaryimage\",\"url\":\"https:\/\/bolting.eu\/wp-content\/uploads\/2020\/08\/LACD-Via-Ferrata-Ultimate-S-1.jpg\",\"contentUrl\":\"https:\/\/bolting.eu\/wp-content\/uploads\/2020\/08\/LACD-Via-Ferrata-Ultimate-S-1.jpg\",\"width\":700,\"height\":700,\"caption\":\"Das Bild zeigt das LACD Via Ferrata Ultimate S Klettersteigset. Es liegt in gebogener Form in Bildmitte. Man erkennt alle Details wie die Einbindeschlaufe, den BAndfalld\u00e4mpfer, den Wirbel, die Stretch Arme sowie die Klettersteigkarabiner.\"},{\"@type\":\"BreadcrumbList\",\"@id\":\"https:\/\/bolting.eu\/en\/shop\/lacd-via-ferrata-ultimate-s\/#breadcrumb\",\"itemListElement\":[{\"@type\":\"ListItem\",\"position\":1,\"name\":\"Shop\",\"item\":\"https:\/\/bolting.eu\/en\/shop\/\"},{\"@type\":\"ListItem\",\"position\":2,\"name\":\"climbing equipment\",\"item\":\"https:\/\/bolting.eu\/en\/produkt-kategorie\/climbing-equipment\/\"},{\"@type\":\"ListItem\",\"position\":3,\"name\":\"Klettersteigsets\",\"item\":\"https:\/\/bolting.eu\/produkt-kategorie\/kletterausruestung\/klettersteigsets\/\"},{\"@type\":\"ListItem\",\"position\":4,\"name\":\"LACD Via Ferrata Ultimate S\"}]},{\"@type\":\"WebSite\",\"@id\":\"https:\/\/bolting.eu\/en\/#website\",\"url\":\"https:\/\/bolting.eu\/en\/\",\"name\":\"bolting.eu\",\"description\":\"we make climbs happen\",\"publisher\":{\"@id\":\"https:\/\/bolting.eu\/en\/#organization\"},\"potentialAction\":[{\"@type\":\"SearchAction\",\"target\":{\"@type\":\"EntryPoint\",\"urlTemplate\":\"https:\/\/bolting.eu\/en\/?s={search_term_string}\"},\"query-input\":{\"@type\":\"PropertyValueSpecification\",\"valueRequired\":true,\"valueName\":\"search_term_string\"}}],\"inLanguage\":\"en-US\"},{\"@type\":[\"Organization\",\"Place\",\"SportingGoodsStore\"],\"@id\":\"https:\/\/bolting.eu\/en\/#organization\",\"name\":\"bolting.eu\",\"url\":\"https:\/\/bolting.eu\/en\/\",\"logo\":{\"@id\":\"https:\/\/bolting.eu\/en\/shop\/lacd-via-ferrata-ultimate-s\/#local-main-organization-logo\"},\"image\":{\"@id\":\"https:\/\/bolting.eu\/en\/shop\/lacd-via-ferrata-ultimate-s\/#local-main-organization-logo\"},\"sameAs\":[\"https:\/\/www.facebook.com\/bolting.eu\",\"https:\/\/www.instagram.com\/bolting.eu\/\"],\"address\":{\"@id\":\"https:\/\/bolting.eu\/en\/shop\/lacd-via-ferrata-ultimate-s\/#local-main-place-address\"},\"geo\":{\"@type\":\"GeoCoordinates\",\"latitude\":\"47.264176340396226\",\"longitude\":\"11.380109057672346\"},\"telephone\":[\"+43 699 19083372\"],\"openingHoursSpecification\":[{\"@type\":\"OpeningHoursSpecification\",\"dayOfWeek\":[\"Monday\",\"Wednesday\",\"Friday\"],\"opens\":\"14:00\",\"closes\":\"18:00\"},{\"@type\":\"OpeningHoursSpecification\",\"dayOfWeek\":[\"Tuesday\",\"Thursday\",\"Saturday\",\"Sunday\"],\"opens\":\"00:00\",\"closes\":\"00:00\"}],\"email\":\"office@bolting.eu\",\"vatID\":\"ATU59999728\",\"priceRange\":\"$$\",\"currenciesAccepted\":\"Euro\"},{\"@type\":\"PostalAddress\",\"@id\":\"https:\/\/bolting.eu\/en\/shop\/lacd-via-ferrata-ultimate-s\/#local-main-place-address\",\"streetAddress\":\"Fischnalerstra\u00dfe 4\",\"addressLocality\":\"Innsbruck\",\"postalCode\":\"6020\",\"addressRegion\":\"Tirol\",\"addressCountry\":\"AT\"},{\"@type\":\"ImageObject\",\"inLanguage\":\"en-US\",\"@id\":\"https:\/\/bolting.eu\/en\/shop\/lacd-via-ferrata-ultimate-s\/#local-main-organization-logo\",\"url\":\"https:\/\/bolting.eu\/wp-content\/uploads\/2019\/09\/bolting-logo.png\",\"contentUrl\":\"https:\/\/bolting.eu\/wp-content\/uploads\/2019\/09\/bolting-logo.png\",\"width\":400,\"height\":211,\"caption\":\"bolting.eu\"}]}<\/script>\n<meta property=\"product:price:amount\" content=\"100.00\" \/>\n<meta property=\"product:price:currency\" content=\"EUR\" \/>\n<meta property=\"og:availability\" content=\"out of stock\" \/>\n<meta property=\"product:availability\" content=\"out of stock\" \/>\n<meta property=\"product:retailer_item_id\" content=\"1097\" \/>\n<meta property=\"product:condition\" content=\"new\" \/>\n<meta name=\"geo.placename\" content=\"Innsbruck\" \/>\n<meta name=\"geo.position\" content=\"47.264176340396226;11.380109057672346\" \/>\n<meta name=\"geo.region\" content=\"Austria\" \/>\n<!-- \/ Yoast SEO Premium plugin. -->","yoast_head_json":{"title":"LACD Via Ferrata Ultimate S Klettersteigset online kaufen | bolting.eu","description":"Hier gibt\u00b4s das LACD VIA FERRATA ULTIMATE S Klettersteigset. \u2705 14 Tage R\u00fcckgaberecht \u2705 versandfrei* ab \u20ac 100,- \u2705 Kaufberatung \u2705 Fachh\u00e4ndler aus \u00d6sterreich","robots":{"index":"index","follow":"follow","max-snippet":"max-snippet:-1","max-image-preview":"max-image-preview:large","max-video-preview":"max-video-preview:-1"},"canonical":"https:\/\/bolting.eu\/en\/shop\/lacd-via-ferrata-ultimate-s\/","og_locale":"en_US","og_type":"article","og_title":"LACD Via Ferrata Ultimate S","og_description":"Hier gibt\u00b4s das LACD VIA FERRATA ULTIMATE S Klettersteigset. \u2705 14 Tage R\u00fcckgaberecht \u2705 versandfrei* ab \u20ac 100,- \u2705 Kaufberatung \u2705 Fachh\u00e4ndler aus \u00d6sterreich","og_url":"https:\/\/bolting.eu\/en\/shop\/lacd-via-ferrata-ultimate-s\/","og_site_name":"bolting.eu","article_publisher":"https:\/\/www.facebook.com\/bolting.eu","article_modified_time":"2025-07-08T20:33:44+00:00","og_image":[{"width":700,"height":700,"url":"https:\/\/bolting.eu\/wp-content\/uploads\/2020\/08\/LACD-Via-Ferrata-Ultimate-S-1.jpg","type":"image\/jpeg"}],"twitter_card":"summary_large_image","twitter_misc":{"Price":"&euro;&nbsp;100,00","Availability":"Out of stock"},"schema":{"@context":"https:\/\/schema.org","@graph":[{"@type":["WebPage","ItemPage"],"@id":"https:\/\/bolting.eu\/en\/shop\/lacd-via-ferrata-ultimate-s\/","url":"https:\/\/bolting.eu\/en\/shop\/lacd-via-ferrata-ultimate-s\/","name":"LACD Via Ferrata Ultimate S Klettersteigset online kaufen | bolting.eu","isPartOf":{"@id":"https:\/\/bolting.eu\/en\/#website"},"primaryImageOfPage":{"@id":"https:\/\/bolting.eu\/en\/shop\/lacd-via-ferrata-ultimate-s\/#primaryimage"},"image":{"@id":"https:\/\/bolting.eu\/en\/shop\/lacd-via-ferrata-ultimate-s\/#primaryimage"},"thumbnailUrl":"https:\/\/bolting.eu\/wp-content\/uploads\/2020\/08\/LACD-Via-Ferrata-Ultimate-S-1.jpg","datePublished":"2020-08-25T10:03:57+00:00","dateModified":"2025-07-08T20:33:44+00:00","description":"Hier gibt\u00b4s das LACD VIA FERRATA ULTIMATE S Klettersteigset. \u2705 14 Tage R\u00fcckgaberecht \u2705 versandfrei* ab \u20ac 100,- \u2705 Kaufberatung \u2705 Fachh\u00e4ndler aus \u00d6sterreich","breadcrumb":{"@id":"https:\/\/bolting.eu\/en\/shop\/lacd-via-ferrata-ultimate-s\/#breadcrumb"},"inLanguage":"en-US","potentialAction":[{"@type":"ReadAction","target":["https:\/\/bolting.eu\/en\/shop\/lacd-via-ferrata-ultimate-s\/"]}]},{"@type":"ImageObject","inLanguage":"en-US","@id":"https:\/\/bolting.eu\/en\/shop\/lacd-via-ferrata-ultimate-s\/#primaryimage","url":"https:\/\/bolting.eu\/wp-content\/uploads\/2020\/08\/LACD-Via-Ferrata-Ultimate-S-1.jpg","contentUrl":"https:\/\/bolting.eu\/wp-content\/uploads\/2020\/08\/LACD-Via-Ferrata-Ultimate-S-1.jpg","width":700,"height":700,"caption":"Das Bild zeigt das LACD Via Ferrata Ultimate S Klettersteigset. Es liegt in gebogener Form in Bildmitte. Man erkennt alle Details wie die Einbindeschlaufe, den BAndfalld\u00e4mpfer, den Wirbel, die Stretch Arme sowie die Klettersteigkarabiner."},{"@type":"BreadcrumbList","@id":"https:\/\/bolting.eu\/en\/shop\/lacd-via-ferrata-ultimate-s\/#breadcrumb","itemListElement":[{"@type":"ListItem","position":1,"name":"Shop","item":"https:\/\/bolting.eu\/en\/shop\/"},{"@type":"ListItem","position":2,"name":"climbing equipment","item":"https:\/\/bolting.eu\/en\/produkt-kategorie\/climbing-equipment\/"},{"@type":"ListItem","position":3,"name":"Klettersteigsets","item":"https:\/\/bolting.eu\/produkt-kategorie\/kletterausruestung\/klettersteigsets\/"},{"@type":"ListItem","position":4,"name":"LACD Via Ferrata Ultimate S"}]},{"@type":"WebSite","@id":"https:\/\/bolting.eu\/en\/#website","url":"https:\/\/bolting.eu\/en\/","name":"bolting.eu","description":"we make climbs happen","publisher":{"@id":"https:\/\/bolting.eu\/en\/#organization"},"potentialAction":[{"@type":"SearchAction","target":{"@type":"EntryPoint","urlTemplate":"https:\/\/bolting.eu\/en\/?s={search_term_string}"},"query-input":{"@type":"PropertyValueSpecification","valueRequired":true,"valueName":"search_term_string"}}],"inLanguage":"en-US"},{"@type":["Organization","Place","SportingGoodsStore"],"@id":"https:\/\/bolting.eu\/en\/#organization","name":"bolting.eu","url":"https:\/\/bolting.eu\/en\/","logo":{"@id":"https:\/\/bolting.eu\/en\/shop\/lacd-via-ferrata-ultimate-s\/#local-main-organization-logo"},"image":{"@id":"https:\/\/bolting.eu\/en\/shop\/lacd-via-ferrata-ultimate-s\/#local-main-organization-logo"},"sameAs":["https:\/\/www.facebook.com\/bolting.eu","https:\/\/www.instagram.com\/bolting.eu\/"],"address":{"@id":"https:\/\/bolting.eu\/en\/shop\/lacd-via-ferrata-ultimate-s\/#local-main-place-address"},"geo":{"@type":"GeoCoordinates","latitude":"47.264176340396226","longitude":"11.380109057672346"},"telephone":["+43 699 19083372"],"openingHoursSpecification":[{"@type":"OpeningHoursSpecification","dayOfWeek":["Monday","Wednesday","Friday"],"opens":"14:00","closes":"18:00"},{"@type":"OpeningHoursSpecification","dayOfWeek":["Tuesday","Thursday","Saturday","Sunday"],"opens":"00:00","closes":"00:00"}],"email":"office@bolting.eu","vatID":"ATU59999728","priceRange":"$$","currenciesAccepted":"Euro"},{"@type":"PostalAddress","@id":"https:\/\/bolting.eu\/en\/shop\/lacd-via-ferrata-ultimate-s\/#local-main-place-address","streetAddress":"Fischnalerstra\u00dfe 4","addressLocality":"Innsbruck","postalCode":"6020","addressRegion":"Tirol","addressCountry":"AT"},{"@type":"ImageObject","inLanguage":"en-US","@id":"https:\/\/bolting.eu\/en\/shop\/lacd-via-ferrata-ultimate-s\/#local-main-organization-logo","url":"https:\/\/bolting.eu\/wp-content\/uploads\/2019\/09\/bolting-logo.png","contentUrl":"https:\/\/bolting.eu\/wp-content\/uploads\/2019\/09\/bolting-logo.png","width":400,"height":211,"caption":"bolting.eu"}]},"product_price_amount":"100.00","product_price_currency":"EUR","og_availability":"out of stock","product_availability":"out of stock","product_retailer_item_id":"1097","product_condition":"new","geo.placename":"Innsbruck","geo.position":{"lat":"47.264176340396226","long":"11.380109057672346"},"geo.region":"Austria"},"_links":{"self":[{"href":"https:\/\/bolting.eu\/en\/wp-json\/wp\/v2\/product\/4901","targetHints":{"allow":["GET"]}}],"collection":[{"href":"https:\/\/bolting.eu\/en\/wp-json\/wp\/v2\/product"}],"about":[{"href":"https:\/\/bolting.eu\/en\/wp-json\/wp\/v2\/types\/product"}],"replies":[{"embeddable":true,"href":"https:\/\/bolting.eu\/en\/wp-json\/wp\/v2\/comments?post=4901"}],"wp:featuredmedia":[{"embeddable":true,"href":"https:\/\/bolting.eu\/en\/wp-json\/wp\/v2\/media\/4902"}],"wp:attachment":[{"href":"https:\/\/bolting.eu\/en\/wp-json\/wp\/v2\/media?parent=4901"}],"wp:term":[{"taxonomy":"product_brand","embeddable":true,"href":"https:\/\/bolting.eu\/en\/wp-json\/wp\/v2\/product_brand?post=4901"},{"taxonomy":"product_cat","embeddable":true,"href":"https:\/\/bolting.eu\/en\/wp-json\/wp\/v2\/product_cat?post=4901"},{"taxonomy":"product_tag","embeddable":true,"href":"https:\/\/bolting.eu\/en\/wp-json\/wp\/v2\/product_tag?post=4901"}],"curies":[{"name":"wp","href":"https:\/\/api.w.org\/{rel}","templated":true}]}}