{"id":4878,"date":"2020-08-25T08:11:10","date_gmt":"2020-08-25T06:11:10","guid":{"rendered":"https:\/\/bolting.eu\/?post_type=product&#038;p=4878"},"modified":"2025-05-21T18:36:36","modified_gmt":"2025-05-21T16:36:36","slug":"austrialpin-hydra-evo-klettersteigset","status":"publish","type":"product","link":"https:\/\/bolting.eu\/en\/shop\/austrialpin-hydra-evo-klettersteigset\/","title":{"rendered":"Austrialpin Hydra Evo Klettersteigset"},"content":{"rendered":"<p>Das Austrialpin Hydra Evo Klettersteigset ist besonders sicher. Denn dieses Set ist mit einem zus\u00e4tzlichen Feature ausgestattet. Der Ferrata Bloc\u00a0 Zusatzbremse! Dieser &#8220;3.Arm&#8221; rastet in vertikalen Passagen am Drahtseil sofort ein, wenn man nach unten rutscht. Somit werden weite St\u00fcrze verhindert.<\/p>\n<p>Zudem ist dieses Set ist ein ausgewogenes Produkt mit einem gutem Preis-Leistungsverh\u00e4ltnis. D.h. man erh\u00e4lt viel Leistung und Funktion f\u00fcr seinen Kauf.<\/p>\n<p>Zudem kauft man ein Produkt aus \u00d6sterreich. Somit ist der Kauf auch \u00f6kologisch sinnvoll und nachhaltig. Denn die Produktion in \u00d6sterreich bedingt hohe soziale und \u00f6kologische Standards. Dar\u00fcber hinaus bleiben die Transportwege kurz. Kurzum. Eine richtig runde Sache!<\/p>\n<h2>Eigenschaften Austrialpin Hydra Evo Klettersteigset<\/h2>\n<ul>\n<li>Hersteller: Austrialpin<\/li>\n<li>Gewichtsklasse: 40 \u2013 120kg<\/li>\n<li>EN Norm: EN 958:2017<\/li>\n<li>CE Norm: CE 0123<\/li>\n<li>Karabinertyp: Colt<\/li>\n<li>Drahtseilbremse &#8220;ferrata Bloc&#8221;<\/li>\n<li>Gewicht: 699 Gramm<\/li>\n<li>L\u00e4nge 128 cm<\/li>\n<li>Karabiner mit Abriebschutz<\/li>\n<li>ideal auch f\u00fcr Jugendliche und Frauen<\/li>\n<li>integrierter Bandfalld\u00e4mpfer<\/li>\n<\/ul>\n<h3>Der Ferrata Bloc Arm<\/h3>\n<p><a href=\"https:\/\/bolting.eu\/wp-content\/uploads\/2020\/08\/Austrialpin-Ferrata-Bloc-Drahtseilklemme.jpg\"><img loading=\"lazy\" decoding=\"async\" class=\"size-thumbnail wp-image-4881 alignleft\" src=\"https:\/\/bolting.eu\/wp-content\/uploads\/2020\/08\/Austrialpin-Ferrata-Bloc-Drahtseilklemme-280x280.jpg\" alt=\"Das Bild zeigt die Austrialpin Ferrata Bloc Drahtseilklemme f\u00fcr Klettersteigsets. MAn sieht die Klemme an einem Drahtseil wie sie tats\u00e4chlich wirkt. Sie h\u00e4ngt schr\u00e4g eingerastet an einem silbernen Drahtseil. Man erkennt sofort ihre Klemm Funktion.\" width=\"280\" height=\"280\" srcset=\"https:\/\/bolting.eu\/wp-content\/uploads\/2020\/08\/Austrialpin-Ferrata-Bloc-Drahtseilklemme-280x280.jpg 280w, https:\/\/bolting.eu\/wp-content\/uploads\/2020\/08\/Austrialpin-Ferrata-Bloc-Drahtseilklemme-247x247.jpg 247w, https:\/\/bolting.eu\/wp-content\/uploads\/2020\/08\/Austrialpin-Ferrata-Bloc-Drahtseilklemme-100x100.jpg 100w, https:\/\/bolting.eu\/wp-content\/uploads\/2020\/08\/Austrialpin-Ferrata-Bloc-Drahtseilklemme-510x510.jpg 510w, https:\/\/bolting.eu\/wp-content\/uploads\/2020\/08\/Austrialpin-Ferrata-Bloc-Drahtseilklemme-400x400.jpg 400w, https:\/\/bolting.eu\/wp-content\/uploads\/2020\/08\/Austrialpin-Ferrata-Bloc-Drahtseilklemme-300x300.jpg 300w, https:\/\/bolting.eu\/wp-content\/uploads\/2020\/08\/Austrialpin-Ferrata-Bloc-Drahtseilklemme-600x600.jpg 600w, https:\/\/bolting.eu\/wp-content\/uploads\/2020\/08\/Austrialpin-Ferrata-Bloc-Drahtseilklemme.jpg 700w\" sizes=\"auto, (max-width: 280px) 100vw, 280px\" \/><\/a>Die Drahtseilbremse ist das Hauptmerkmal des Austrialpin Hydra Evo Klettersteigset. Denn wie bereits erw\u00e4hnt ist dieser 3. Arm ein tolles Sicherheitsfeature.<\/p>\n<p>Allerdings gilt zu beachten.<\/p>\n<ul>\n<li>nur f\u00fcr Drahtseile 12-16mm<\/li>\n<li>nur f\u00fcr leicht bis fest gespannte Drahtseile<\/li>\n<li>Ferrata Bloc muss richtig eingeh\u00e4ngt sein<\/li>\n<li>niemals einen Klettersteigkarabiner oberhalb der Bremse klippen!<\/li>\n<\/ul>\n<p>Wir empfehlen Euch bei einem Kauf die <a href=\"https:\/\/www.austrialpin.at\/fileadmin\/anleitungen\/AA_instruction-manual_via-ferrata.pdf\">Gebrauchsanweisung<\/a> aufmerksam zu lesen. Dadurch werdet ihr gleich mit den wenigen, aber wichtigen, Sicherheitshinweisen vertraut.<\/p>\n<p>&nbsp;<\/p>\n<h3>Austrialpin Hydra Evo Klettersteigset &#8211; extrem langlebig<\/h3>\n<p><a href=\"https:\/\/bolting.eu\/wp-content\/uploads\/2020\/08\/Austrialpin-Klettersteigkarabiner-Colt.jpg\"><img loading=\"lazy\" decoding=\"async\" class=\"size-thumbnail wp-image-4877 alignleft\" src=\"https:\/\/bolting.eu\/wp-content\/uploads\/2020\/08\/Austrialpin-Klettersteigkarabiner-Colt-280x280.jpg\" alt=\"Das Bild zeigt den Austrialpin Klettersteigkarabiner Colt. Der gelbe Karabiner hat einen Kunststoff Schutz im Scheitel gegen Abrieb der Drahtseile. MAn erkennt alle Details wie ebenfalls schwarzen Kunststoff Teile der Handballensicherung.\" width=\"280\" height=\"280\" srcset=\"https:\/\/bolting.eu\/wp-content\/uploads\/2020\/08\/Austrialpin-Klettersteigkarabiner-Colt-280x280.jpg 280w, https:\/\/bolting.eu\/wp-content\/uploads\/2020\/08\/Austrialpin-Klettersteigkarabiner-Colt-100x100.jpg 100w, https:\/\/bolting.eu\/wp-content\/uploads\/2020\/08\/Austrialpin-Klettersteigkarabiner-Colt-510x510.jpg 510w, https:\/\/bolting.eu\/wp-content\/uploads\/2020\/08\/Austrialpin-Klettersteigkarabiner-Colt-400x400.jpg 400w, https:\/\/bolting.eu\/wp-content\/uploads\/2020\/08\/Austrialpin-Klettersteigkarabiner-Colt-300x300.jpg 300w, https:\/\/bolting.eu\/wp-content\/uploads\/2020\/08\/Austrialpin-Klettersteigkarabiner-Colt-600x600.jpg 600w, https:\/\/bolting.eu\/wp-content\/uploads\/2020\/08\/Austrialpin-Klettersteigkarabiner-Colt.jpg 700w\" sizes=\"auto, (max-width: 280px) 100vw, 280px\" \/><\/a>Der <a href=\"https:\/\/bolting.eu\/produkt-kategorie\/karabiner-kletterkarabiner\/klettersteigkarabiner\/\">Klettersteigkarabiner<\/a> Colt macht dieses Set so langlebig. Denn der Karabiner hat einen speziellen Abriebschutz im Scheitel eingebaut. D.h. der harte Kunststoff nimmt den Abrieb der Drahtseile auf und das Aluminium selbst wird geschont.<\/p>\n<p>Somit kommt es erst gar nicht zur Bildung der sonst so charakteristischen &#8220;Rillen&#8221; im Scheitel. Diese sind ja der Hauptgrund f\u00fcr ein fr\u00fchzeitiges Ausscheiden von Klettersteigsets.<\/p>\n<h3>Ausgewogenes Set<\/h3>\n<p>Das Austrialpin Hydra Evo Klettersteigset ist unserer Meinung nach extrem ausgewogen. Die Einbindeschlaufe hat eine gute L\u00e4nge. Somit ist sie einfach mit dem Ankerstich in der Anseilschlaufe des <a href=\"https:\/\/bolting.eu\/produkt-kategorie\/klettergurte\/\">Klettergurtes<\/a> einzubinden.<\/p>\n<p>Der Bandfalld\u00e4mpfer ist l\u00e4nglich verpackt. Zudem l\u00e4sst der eingebaute Rei\u00dfverschluss eine rasche Kontrolle der B\u00e4nder zu. Dar\u00fcber hinaus sind die Stretch Arme ordentlich lang und haben eine gute Spannung. Den Colt Karabiner haben wir Euch ja bereits beschrieben.<\/p>\n<p>Ebenso die Drahtseilbremse &#8220;Ferrata Bloc&#8221;, welche dieses Produkt ganz wunderbar abrundet.<\/p>\n<h3>Wann sollte das Austrialpin Hydra Evo Klettersteigset getauscht werden?<\/h3>\n<p>Die maximale Lebensdauer des Klettersteigset betr\u00e4gt 10 Jahre (Lagerfrist). Bei entsprechend regelm\u00e4\u00dfiger Verwendung ist das Set wesentlich fr\u00fcher auszutauschen. Wir empfehlen bei regelm\u00e4\u00dfigen Gebrauch einen Austausch nach 5 Jahren. Wer sehr viel unterwegs ist, sollte das Set bereits nach 3 Jahren ausscheiden.<\/p>\n<p>Ist der Bandfalld\u00e4mpfer auch nur leicht eingerissen, muss das Set sofort ausgetauscht werden. Nat\u00fcrlich ebenso bei einem Sturz!<\/p>\n<h3>Kann ich direkt in den Stretch-Armen rasten?<\/h3>\n<p>Die Antwort ist klar: NEIN! Regelm\u00e4\u00dfiges Rasten in den Armen des Klettersteigsets f\u00fchrt zu Einrissen im Bandfalld\u00e4mpfer. D.h. er kann irgendwann bereits bei viel geringeren Kr\u00e4ften als einem Sturz aufrei\u00dfen. Zudem entwickelt euer Austrialpin Hydra Evo Klettersteigset im Fall eines Sturzes dann auch nicht mehr den richtigen (niedrigen) Fangsto\u00df.<\/p>\n<p>Wir empfehlen eine unserer Klettersteig Rastschlingen. Diese bestehen aus einer 60cm <a href=\"https:\/\/bolting.eu\/produkt-kategorie\/bandschlinge\/\">Bandschlinge<\/a> und einem passenden <a href=\"https:\/\/bolting.eu\/produkt-kategorie\/karabiner-kletterkarabiner\/\">Karabiner<\/a>. Dieser wird mit einem Mastwurf befestigt, die Vorrichtung wird wie das Klettersteigset mit einem Ankerstich an der Sicherungsschlaufe des Gurtes befestigt.<\/p>\n<h4><strong>Link Tipp<\/strong><\/h4>\n<p>Besuche mit deinem neuen Austrialpin Hydra Evo Klettersteigset doch einen der sch\u00f6nsten Klettersteige der Alpen. Den <a href=\"https:\/\/www.austrialpin.at\/fileadmin\/anleitungen\/AA_instruction-manual_via-ferrata.pdf\" target=\"_blank\" rel=\"noopener noreferrer\">Fallbach Klettersteig im Maltatal<\/a> in K\u00e4rnten!<\/p>\n","protected":false},"excerpt":{"rendered":"<ul>\n<li>Hersteller: <a href=\"https:\/\/bolting.eu\/produkt-kategorie\/austrialpin\/\">Austrialpin<\/a><\/li>\n<li>Gewichtsklasse: 40 \u2013 120kg<\/li>\n<li>EN Norm: EN 958:2017<\/li>\n<li>CE Norm: CE 0123<\/li>\n<li>Karabinertyp: Colt<\/li>\n<li>Drahtseilbremse &#8220;ferrata Bloc&#8221;<\/li>\n<li>Gewicht: 699 Gramm<\/li>\n<li>L\u00e4nge 128 cm<\/li>\n<li>Karabiner mit Abriebschutz<\/li>\n<li>ideal auch f\u00fcr Jugendliche und Frauen<\/li>\n<li>integrierter Bandfalld\u00e4mpfer<\/li>\n<li><\/li>\n<\/ul>\n","protected":false},"featured_media":4880,"comment_status":"open","ping_status":"closed","template":"","meta":[],"product_brand":[],"product_cat":[4649,14744],"product_tag":[],"class_list":{"0":"post-4878","1":"product","2":"type-product","3":"status-publish","4":"has-post-thumbnail","6":"product_cat-austrialpin","7":"product_cat-klettersteigsets","9":"first","10":"outofstock","11":"sale","12":"taxable","13":"shipping-taxable","14":"purchasable","15":"product-type-simple"},"yoast_head":"<!-- This site is optimized with the Yoast SEO Premium plugin v26.9 (Yoast SEO v26.9) - https:\/\/yoast.com\/product\/yoast-seo-premium-wordpress\/ -->\n<title>Austrialpin Hydra Evo Klettersteigset jetzt g\u00fcnstig online kaufen | bolting.eu<\/title>\n<meta name=\"description\" content=\"Hier findest Du das AUSTRIALPIN HYDRA EVO KLETTERSTEIGSET. \u2705 14 Tage R\u00fcckgaberecht \u2705 versandfrei* ab \u20ac 100,- \u2705 Kaufberatung \u2705 Fachh\u00e4ndler aus \u00d6sterreich\" \/>\n<meta name=\"robots\" content=\"index, follow, max-snippet:-1, max-image-preview:large, max-video-preview:-1\" \/>\n<link rel=\"canonical\" href=\"https:\/\/bolting.eu\/en\/shop\/austrialpin-hydra-evo-klettersteigset\/\" \/>\n<meta property=\"og:locale\" content=\"en_US\" \/>\n<meta property=\"og:type\" content=\"article\" \/>\n<meta property=\"og:title\" content=\"Austrialpin Hydra Evo Klettersteigset\" \/>\n<meta property=\"og:description\" content=\"Hier findest Du das AUSTRIALPIN HYDRA EVO KLETTERSTEIGSET. \u2705 14 Tage R\u00fcckgaberecht \u2705 versandfrei* ab \u20ac 100,- \u2705 Kaufberatung \u2705 Fachh\u00e4ndler aus \u00d6sterreich\" \/>\n<meta property=\"og:url\" content=\"https:\/\/bolting.eu\/en\/shop\/austrialpin-hydra-evo-klettersteigset\/\" \/>\n<meta property=\"og:site_name\" content=\"bolting.eu\" \/>\n<meta property=\"article:publisher\" content=\"https:\/\/www.facebook.com\/bolting.eu\" \/>\n<meta property=\"article:modified_time\" content=\"2025-05-21T16:36:36+00:00\" \/>\n<meta property=\"og:image\" content=\"https:\/\/bolting.eu\/wp-content\/uploads\/2020\/08\/Austrialpin-Hydra-Evo-Klettersteigset-2.jpg\" \/>\n\t<meta property=\"og:image:width\" content=\"700\" \/>\n\t<meta property=\"og:image:height\" content=\"700\" \/>\n\t<meta property=\"og:image:type\" content=\"image\/jpeg\" \/>\n<meta name=\"twitter:card\" content=\"summary_large_image\" \/>\n<meta name=\"twitter:label1\" content=\"Price\" \/>\n\t<meta name=\"twitter:data1\" content=\"&euro;&nbsp;154,99\" \/>\n\t<meta name=\"twitter:label2\" content=\"Availability\" \/>\n\t<meta name=\"twitter:data2\" content=\"Out of stock\" \/>\n<script type=\"application\/ld+json\" class=\"yoast-schema-graph\">{\"@context\":\"https:\/\/schema.org\",\"@graph\":[{\"@type\":[\"WebPage\",\"ItemPage\"],\"@id\":\"https:\/\/bolting.eu\/en\/shop\/austrialpin-hydra-evo-klettersteigset\/\",\"url\":\"https:\/\/bolting.eu\/en\/shop\/austrialpin-hydra-evo-klettersteigset\/\",\"name\":\"Austrialpin Hydra Evo Klettersteigset jetzt g\u00fcnstig online kaufen | bolting.eu\",\"isPartOf\":{\"@id\":\"https:\/\/bolting.eu\/en\/#website\"},\"primaryImageOfPage\":{\"@id\":\"https:\/\/bolting.eu\/en\/shop\/austrialpin-hydra-evo-klettersteigset\/#primaryimage\"},\"image\":{\"@id\":\"https:\/\/bolting.eu\/en\/shop\/austrialpin-hydra-evo-klettersteigset\/#primaryimage\"},\"thumbnailUrl\":\"https:\/\/bolting.eu\/wp-content\/uploads\/2020\/08\/Austrialpin-Hydra-Evo-Klettersteigset-2.jpg\",\"datePublished\":\"2020-08-25T06:11:10+00:00\",\"dateModified\":\"2025-05-21T16:36:36+00:00\",\"description\":\"Hier findest Du das AUSTRIALPIN HYDRA EVO KLETTERSTEIGSET. \u2705 14 Tage R\u00fcckgaberecht \u2705 versandfrei* ab \u20ac 100,- \u2705 Kaufberatung \u2705 Fachh\u00e4ndler aus \u00d6sterreich\",\"breadcrumb\":{\"@id\":\"https:\/\/bolting.eu\/en\/shop\/austrialpin-hydra-evo-klettersteigset\/#breadcrumb\"},\"inLanguage\":\"en-US\",\"potentialAction\":[{\"@type\":\"ReadAction\",\"target\":[\"https:\/\/bolting.eu\/en\/shop\/austrialpin-hydra-evo-klettersteigset\/\"]}]},{\"@type\":\"ImageObject\",\"inLanguage\":\"en-US\",\"@id\":\"https:\/\/bolting.eu\/en\/shop\/austrialpin-hydra-evo-klettersteigset\/#primaryimage\",\"url\":\"https:\/\/bolting.eu\/wp-content\/uploads\/2020\/08\/Austrialpin-Hydra-Evo-Klettersteigset-2.jpg\",\"contentUrl\":\"https:\/\/bolting.eu\/wp-content\/uploads\/2020\/08\/Austrialpin-Hydra-Evo-Klettersteigset-2.jpg\",\"width\":700,\"height\":700,\"caption\":\"Das Bild zeigt das Austrialpin Hydra Evo Klettersteigset. Es liegt gewunden aufgelegt in Bildmitte. Man erkennt die Produktdetails wie die Anseilschlaufe, Bandfalld\u00e4mpfer, Drahtseil-Klemme, Stretch Arme und die gelben Klettersteigkarabiner.\"},{\"@type\":\"BreadcrumbList\",\"@id\":\"https:\/\/bolting.eu\/en\/shop\/austrialpin-hydra-evo-klettersteigset\/#breadcrumb\",\"itemListElement\":[{\"@type\":\"ListItem\",\"position\":1,\"name\":\"Shop\",\"item\":\"https:\/\/bolting.eu\/en\/shop\/\"},{\"@type\":\"ListItem\",\"position\":2,\"name\":\"Austrialpin\",\"item\":\"https:\/\/bolting.eu\/en\/produkt-kategorie\/austrialpin-en\/\"},{\"@type\":\"ListItem\",\"position\":3,\"name\":\"Austrialpin Hydra Evo Klettersteigset\"}]},{\"@type\":\"WebSite\",\"@id\":\"https:\/\/bolting.eu\/en\/#website\",\"url\":\"https:\/\/bolting.eu\/en\/\",\"name\":\"bolting.eu\",\"description\":\"we make climbs happen\",\"publisher\":{\"@id\":\"https:\/\/bolting.eu\/en\/#organization\"},\"potentialAction\":[{\"@type\":\"SearchAction\",\"target\":{\"@type\":\"EntryPoint\",\"urlTemplate\":\"https:\/\/bolting.eu\/en\/?s={search_term_string}\"},\"query-input\":{\"@type\":\"PropertyValueSpecification\",\"valueRequired\":true,\"valueName\":\"search_term_string\"}}],\"inLanguage\":\"en-US\"},{\"@type\":[\"Organization\",\"Place\",\"SportingGoodsStore\"],\"@id\":\"https:\/\/bolting.eu\/en\/#organization\",\"name\":\"bolting.eu\",\"url\":\"https:\/\/bolting.eu\/en\/\",\"logo\":{\"@id\":\"https:\/\/bolting.eu\/en\/shop\/austrialpin-hydra-evo-klettersteigset\/#local-main-organization-logo\"},\"image\":{\"@id\":\"https:\/\/bolting.eu\/en\/shop\/austrialpin-hydra-evo-klettersteigset\/#local-main-organization-logo\"},\"sameAs\":[\"https:\/\/www.facebook.com\/bolting.eu\",\"https:\/\/www.instagram.com\/bolting.eu\/\"],\"address\":{\"@id\":\"https:\/\/bolting.eu\/en\/shop\/austrialpin-hydra-evo-klettersteigset\/#local-main-place-address\"},\"geo\":{\"@type\":\"GeoCoordinates\",\"latitude\":\"47.264176340396226\",\"longitude\":\"11.380109057672346\"},\"telephone\":[\"+43 699 19083372\"],\"openingHoursSpecification\":[{\"@type\":\"OpeningHoursSpecification\",\"dayOfWeek\":[\"Monday\",\"Wednesday\",\"Friday\"],\"opens\":\"14:00\",\"closes\":\"18:00\"},{\"@type\":\"OpeningHoursSpecification\",\"dayOfWeek\":[\"Tuesday\",\"Thursday\",\"Saturday\",\"Sunday\"],\"opens\":\"00:00\",\"closes\":\"00:00\"}],\"email\":\"office@bolting.eu\",\"vatID\":\"ATU59999728\",\"priceRange\":\"$$\",\"currenciesAccepted\":\"Euro\"},{\"@type\":\"PostalAddress\",\"@id\":\"https:\/\/bolting.eu\/en\/shop\/austrialpin-hydra-evo-klettersteigset\/#local-main-place-address\",\"streetAddress\":\"Fischnalerstra\u00dfe 4\",\"addressLocality\":\"Innsbruck\",\"postalCode\":\"6020\",\"addressRegion\":\"Tirol\",\"addressCountry\":\"AT\"},{\"@type\":\"ImageObject\",\"inLanguage\":\"en-US\",\"@id\":\"https:\/\/bolting.eu\/en\/shop\/austrialpin-hydra-evo-klettersteigset\/#local-main-organization-logo\",\"url\":\"https:\/\/bolting.eu\/wp-content\/uploads\/2019\/09\/bolting-logo.png\",\"contentUrl\":\"https:\/\/bolting.eu\/wp-content\/uploads\/2019\/09\/bolting-logo.png\",\"width\":400,\"height\":211,\"caption\":\"bolting.eu\"}]}<\/script>\n<meta property=\"product:price:amount\" content=\"154.99\" \/>\n<meta property=\"product:price:currency\" content=\"EUR\" \/>\n<meta property=\"og:availability\" content=\"out of stock\" \/>\n<meta property=\"product:availability\" content=\"out of stock\" \/>\n<meta property=\"product:retailer_item_id\" content=\"AS93CS2\" \/>\n<meta property=\"product:condition\" content=\"new\" \/>\n<meta name=\"geo.placename\" content=\"Innsbruck\" \/>\n<meta name=\"geo.position\" content=\"47.264176340396226;11.380109057672346\" \/>\n<meta name=\"geo.region\" content=\"Austria\" \/>\n<!-- \/ Yoast SEO Premium plugin. -->","yoast_head_json":{"title":"Austrialpin Hydra Evo Klettersteigset jetzt g\u00fcnstig online kaufen | bolting.eu","description":"Hier findest Du das AUSTRIALPIN HYDRA EVO KLETTERSTEIGSET. \u2705 14 Tage R\u00fcckgaberecht \u2705 versandfrei* ab \u20ac 100,- \u2705 Kaufberatung \u2705 Fachh\u00e4ndler aus \u00d6sterreich","robots":{"index":"index","follow":"follow","max-snippet":"max-snippet:-1","max-image-preview":"max-image-preview:large","max-video-preview":"max-video-preview:-1"},"canonical":"https:\/\/bolting.eu\/en\/shop\/austrialpin-hydra-evo-klettersteigset\/","og_locale":"en_US","og_type":"article","og_title":"Austrialpin Hydra Evo Klettersteigset","og_description":"Hier findest Du das AUSTRIALPIN HYDRA EVO KLETTERSTEIGSET. \u2705 14 Tage R\u00fcckgaberecht \u2705 versandfrei* ab \u20ac 100,- \u2705 Kaufberatung \u2705 Fachh\u00e4ndler aus \u00d6sterreich","og_url":"https:\/\/bolting.eu\/en\/shop\/austrialpin-hydra-evo-klettersteigset\/","og_site_name":"bolting.eu","article_publisher":"https:\/\/www.facebook.com\/bolting.eu","article_modified_time":"2025-05-21T16:36:36+00:00","og_image":[{"width":700,"height":700,"url":"https:\/\/bolting.eu\/wp-content\/uploads\/2020\/08\/Austrialpin-Hydra-Evo-Klettersteigset-2.jpg","type":"image\/jpeg"}],"twitter_card":"summary_large_image","twitter_misc":{"Price":"&euro;&nbsp;154,99","Availability":"Out of stock"},"schema":{"@context":"https:\/\/schema.org","@graph":[{"@type":["WebPage","ItemPage"],"@id":"https:\/\/bolting.eu\/en\/shop\/austrialpin-hydra-evo-klettersteigset\/","url":"https:\/\/bolting.eu\/en\/shop\/austrialpin-hydra-evo-klettersteigset\/","name":"Austrialpin Hydra Evo Klettersteigset jetzt g\u00fcnstig online kaufen | bolting.eu","isPartOf":{"@id":"https:\/\/bolting.eu\/en\/#website"},"primaryImageOfPage":{"@id":"https:\/\/bolting.eu\/en\/shop\/austrialpin-hydra-evo-klettersteigset\/#primaryimage"},"image":{"@id":"https:\/\/bolting.eu\/en\/shop\/austrialpin-hydra-evo-klettersteigset\/#primaryimage"},"thumbnailUrl":"https:\/\/bolting.eu\/wp-content\/uploads\/2020\/08\/Austrialpin-Hydra-Evo-Klettersteigset-2.jpg","datePublished":"2020-08-25T06:11:10+00:00","dateModified":"2025-05-21T16:36:36+00:00","description":"Hier findest Du das AUSTRIALPIN HYDRA EVO KLETTERSTEIGSET. \u2705 14 Tage R\u00fcckgaberecht \u2705 versandfrei* ab \u20ac 100,- \u2705 Kaufberatung \u2705 Fachh\u00e4ndler aus \u00d6sterreich","breadcrumb":{"@id":"https:\/\/bolting.eu\/en\/shop\/austrialpin-hydra-evo-klettersteigset\/#breadcrumb"},"inLanguage":"en-US","potentialAction":[{"@type":"ReadAction","target":["https:\/\/bolting.eu\/en\/shop\/austrialpin-hydra-evo-klettersteigset\/"]}]},{"@type":"ImageObject","inLanguage":"en-US","@id":"https:\/\/bolting.eu\/en\/shop\/austrialpin-hydra-evo-klettersteigset\/#primaryimage","url":"https:\/\/bolting.eu\/wp-content\/uploads\/2020\/08\/Austrialpin-Hydra-Evo-Klettersteigset-2.jpg","contentUrl":"https:\/\/bolting.eu\/wp-content\/uploads\/2020\/08\/Austrialpin-Hydra-Evo-Klettersteigset-2.jpg","width":700,"height":700,"caption":"Das Bild zeigt das Austrialpin Hydra Evo Klettersteigset. Es liegt gewunden aufgelegt in Bildmitte. Man erkennt die Produktdetails wie die Anseilschlaufe, Bandfalld\u00e4mpfer, Drahtseil-Klemme, Stretch Arme und die gelben Klettersteigkarabiner."},{"@type":"BreadcrumbList","@id":"https:\/\/bolting.eu\/en\/shop\/austrialpin-hydra-evo-klettersteigset\/#breadcrumb","itemListElement":[{"@type":"ListItem","position":1,"name":"Shop","item":"https:\/\/bolting.eu\/en\/shop\/"},{"@type":"ListItem","position":2,"name":"Austrialpin","item":"https:\/\/bolting.eu\/en\/produkt-kategorie\/austrialpin-en\/"},{"@type":"ListItem","position":3,"name":"Austrialpin Hydra Evo Klettersteigset"}]},{"@type":"WebSite","@id":"https:\/\/bolting.eu\/en\/#website","url":"https:\/\/bolting.eu\/en\/","name":"bolting.eu","description":"we make climbs happen","publisher":{"@id":"https:\/\/bolting.eu\/en\/#organization"},"potentialAction":[{"@type":"SearchAction","target":{"@type":"EntryPoint","urlTemplate":"https:\/\/bolting.eu\/en\/?s={search_term_string}"},"query-input":{"@type":"PropertyValueSpecification","valueRequired":true,"valueName":"search_term_string"}}],"inLanguage":"en-US"},{"@type":["Organization","Place","SportingGoodsStore"],"@id":"https:\/\/bolting.eu\/en\/#organization","name":"bolting.eu","url":"https:\/\/bolting.eu\/en\/","logo":{"@id":"https:\/\/bolting.eu\/en\/shop\/austrialpin-hydra-evo-klettersteigset\/#local-main-organization-logo"},"image":{"@id":"https:\/\/bolting.eu\/en\/shop\/austrialpin-hydra-evo-klettersteigset\/#local-main-organization-logo"},"sameAs":["https:\/\/www.facebook.com\/bolting.eu","https:\/\/www.instagram.com\/bolting.eu\/"],"address":{"@id":"https:\/\/bolting.eu\/en\/shop\/austrialpin-hydra-evo-klettersteigset\/#local-main-place-address"},"geo":{"@type":"GeoCoordinates","latitude":"47.264176340396226","longitude":"11.380109057672346"},"telephone":["+43 699 19083372"],"openingHoursSpecification":[{"@type":"OpeningHoursSpecification","dayOfWeek":["Monday","Wednesday","Friday"],"opens":"14:00","closes":"18:00"},{"@type":"OpeningHoursSpecification","dayOfWeek":["Tuesday","Thursday","Saturday","Sunday"],"opens":"00:00","closes":"00:00"}],"email":"office@bolting.eu","vatID":"ATU59999728","priceRange":"$$","currenciesAccepted":"Euro"},{"@type":"PostalAddress","@id":"https:\/\/bolting.eu\/en\/shop\/austrialpin-hydra-evo-klettersteigset\/#local-main-place-address","streetAddress":"Fischnalerstra\u00dfe 4","addressLocality":"Innsbruck","postalCode":"6020","addressRegion":"Tirol","addressCountry":"AT"},{"@type":"ImageObject","inLanguage":"en-US","@id":"https:\/\/bolting.eu\/en\/shop\/austrialpin-hydra-evo-klettersteigset\/#local-main-organization-logo","url":"https:\/\/bolting.eu\/wp-content\/uploads\/2019\/09\/bolting-logo.png","contentUrl":"https:\/\/bolting.eu\/wp-content\/uploads\/2019\/09\/bolting-logo.png","width":400,"height":211,"caption":"bolting.eu"}]},"product_price_amount":"154.99","product_price_currency":"EUR","og_availability":"out of stock","product_availability":"out of stock","product_retailer_item_id":"AS93CS2","product_condition":"new","geo.placename":"Innsbruck","geo.position":{"lat":"47.264176340396226","long":"11.380109057672346"},"geo.region":"Austria"},"_links":{"self":[{"href":"https:\/\/bolting.eu\/en\/wp-json\/wp\/v2\/product\/4878","targetHints":{"allow":["GET"]}}],"collection":[{"href":"https:\/\/bolting.eu\/en\/wp-json\/wp\/v2\/product"}],"about":[{"href":"https:\/\/bolting.eu\/en\/wp-json\/wp\/v2\/types\/product"}],"replies":[{"embeddable":true,"href":"https:\/\/bolting.eu\/en\/wp-json\/wp\/v2\/comments?post=4878"}],"wp:featuredmedia":[{"embeddable":true,"href":"https:\/\/bolting.eu\/en\/wp-json\/wp\/v2\/media\/4880"}],"wp:attachment":[{"href":"https:\/\/bolting.eu\/en\/wp-json\/wp\/v2\/media?parent=4878"}],"wp:term":[{"taxonomy":"product_brand","embeddable":true,"href":"https:\/\/bolting.eu\/en\/wp-json\/wp\/v2\/product_brand?post=4878"},{"taxonomy":"product_cat","embeddable":true,"href":"https:\/\/bolting.eu\/en\/wp-json\/wp\/v2\/product_cat?post=4878"},{"taxonomy":"product_tag","embeddable":true,"href":"https:\/\/bolting.eu\/en\/wp-json\/wp\/v2\/product_tag?post=4878"}],"curies":[{"name":"wp","href":"https:\/\/api.w.org\/{rel}","templated":true}]}}