{"id":4874,"date":"2020-08-25T08:11:00","date_gmt":"2020-08-25T06:11:00","guid":{"rendered":"https:\/\/bolting.eu\/?post_type=product&#038;p=4874"},"modified":"2025-09-10T17:34:02","modified_gmt":"2025-09-10T15:34:02","slug":"austrialpin-colt-evo-klettersteigset","status":"publish","type":"product","link":"https:\/\/bolting.eu\/en\/shop\/austrialpin-colt-evo-klettersteigset\/","title":{"rendered":"Austrialpin Colt Evo Klettersteigset"},"content":{"rendered":"<p>Das Austrialpin Colt Evo Klettersteigset ist eines unserer meistverkauften Sets. Und das aus gutem Grund. Denn dieses Set ist ein ausgewogenes Produkt mit einem gutem Preis-Leistungsverh\u00e4ltnis. D.h. man erh\u00e4lt viel Leistung und Funktion f\u00fcr seinen Kauf.<\/p>\n<p>Zudem kauft man ein Produkt aus \u00d6sterreich. Somit ist der Kauf auch \u00f6kologisch sinnvoll und nachhaltig. Denn die Produktion in \u00d6sterreich bedingt hohe soziale und \u00f6kologische Standards. Dar\u00fcber hinaus bleiben die Transportwege kurz. Kurzum. Eine richtig runde Sache!<\/p>\n<h2>Eigenschaften Austrialpin Colt Evo Klettersteigset<\/h2>\n<ul>\n<li>Hersteller: Austrialpin<\/li>\n<li>Gewichtsklasse: 40 \u2013 120kg<\/li>\n<li>EN Norm: EN 958:2017<\/li>\n<li>CE Norm: CE 0123<\/li>\n<li>Karabinertyp: Colt<\/li>\n<li>Gewicht: 526 Gramm<\/li>\n<li>L\u00e4nge 128 cm<\/li>\n<li>Karabiner mit Abriebschutz<\/li>\n<li>ideal auch f\u00fcr Jugendliche und Frauen<\/li>\n<li>integrierter Bandfalld\u00e4mpfer<\/li>\n<\/ul>\n<h3>Austrialpin Colt Evo Klettersteigset\u00a0 &#8211; extrem langlebig<\/h3>\n<p><a href=\"https:\/\/bolting.eu\/wp-content\/uploads\/2020\/08\/Austrialpin-Klettersteigkarabiner-Colt.jpg\"><img loading=\"lazy\" decoding=\"async\" class=\"size-thumbnail wp-image-4877 alignleft\" src=\"https:\/\/bolting.eu\/wp-content\/uploads\/2020\/08\/Austrialpin-Klettersteigkarabiner-Colt-280x280.jpg\" alt=\"Das Bild zeigt den Austrialpin Klettersteigkarabiner Colt. Der gelbe Karabiner hat einen Kunststoff Schutz im Scheitel gegen Abrieb der Drahtseile. MAn erkennt alle Details wie ebenfalls schwarzen Kunststoff Teile der Handballensicherung.\" width=\"280\" height=\"280\" srcset=\"https:\/\/bolting.eu\/wp-content\/uploads\/2020\/08\/Austrialpin-Klettersteigkarabiner-Colt-280x280.jpg 280w, https:\/\/bolting.eu\/wp-content\/uploads\/2020\/08\/Austrialpin-Klettersteigkarabiner-Colt-100x100.jpg 100w, https:\/\/bolting.eu\/wp-content\/uploads\/2020\/08\/Austrialpin-Klettersteigkarabiner-Colt-510x510.jpg 510w, https:\/\/bolting.eu\/wp-content\/uploads\/2020\/08\/Austrialpin-Klettersteigkarabiner-Colt-400x400.jpg 400w, https:\/\/bolting.eu\/wp-content\/uploads\/2020\/08\/Austrialpin-Klettersteigkarabiner-Colt-300x300.jpg 300w, https:\/\/bolting.eu\/wp-content\/uploads\/2020\/08\/Austrialpin-Klettersteigkarabiner-Colt-600x600.jpg 600w, https:\/\/bolting.eu\/wp-content\/uploads\/2020\/08\/Austrialpin-Klettersteigkarabiner-Colt.jpg 700w\" sizes=\"auto, (max-width: 280px) 100vw, 280px\" \/><\/a>Der <a href=\"https:\/\/bolting.eu\/produkt-kategorie\/karabiner-kletterkarabiner\/klettersteigkarabiner\/\">Klettersteigkarabiner<\/a> Colt macht dieses Set so langlebig. Denn der Karabiner hat einen speziellen Abriebschutz im Scheitel eingebaut. D.h. der harte Kunststoff nimmt den Abrieb der Drahtseile auf und das Aluminium selbst wird geschont.<\/p>\n<p>Somit kommt es erst gar nicht zur Bildung der sonst so charakteristischen &#8220;Rillen&#8221; im Scheitel. Diese sind ja der Hauptgrund f\u00fcr ein fr\u00fchzeitiges Ausscheiden von Klettersteigsets.<\/p>\n<h3>Ausgewogenes Set<\/h3>\n<p>Das Austrialpin Colt Evo Klettersteigset ist unserer Meinung nach extrem ausgewogen. Die Einbindeschlaufe hat eine gute L\u00e4nge. Somit ist sie einfach mit dem Ankerstich in der Anseilschlaufe des <a href=\"https:\/\/bolting.eu\/produkt-kategorie\/klettergurte\/\">Klettergurtes<\/a> einzubinden.<\/p>\n<p>Der Bandfalld\u00e4mpfer ist l\u00e4nglich verpackt. Zudem l\u00e4sst der eingebaute Rei\u00dfverschluss eine rasche Kontrolle der B\u00e4nder zu. Dar\u00fcber hinaus sind die Stretch Arme ordentlich lang und haben eine gute Spannung. Abschlie\u00dfend rundet der Colt Karabiner, wie beschrieben, das Set ab.<\/p>\n<h3>Wann sollte das Austrialpin Colt Evo Klettersteigset getauscht werden?<\/h3>\n<p>Die maximale Lebensdauer des Klettersteigset betr\u00e4gt 10 Jahre (Lagerfrist). Bei entsprechend regelm\u00e4\u00dfiger Verwendung ist das Set wesentlich fr\u00fcher auszutauschen. Wir empfehlen bei regelm\u00e4\u00dfigen Gebrauch einen Austausch nach 5 Jahren. Wer sehr viel unterwegs ist, sollte das Set bereits nach 3 Jahren ausscheiden.<\/p>\n<p>Ist der Bandfalld\u00e4mpfer auch nur leicht eingerissen, muss das Set sofort ausgetauscht werden. Nat\u00fcrlich ebenso bei einem Sturz!<\/p>\n<h3>Kann ich direkt in den Stretch-Armen rasten?<\/h3>\n<p>Die Antwort ist klar: NEIN! Regelm\u00e4\u00dfiges Rasten in den Armen des Klettersteigsets f\u00fchrt zu Einrissen im Bandfalld\u00e4mpfer. D.h. er kann irgendwann bereits bei viel geringeren Kr\u00e4ften als einem Sturz aufrei\u00dfen. Zudem entwickelt euer Austrialpin Colt Evo Klettersteigset im Fall eines Sturzes dann auch nicht mehr den richtigen (niedrigen) Fangsto\u00df.<\/p>\n<p>Wir empfehlen eine unserer Klettersteig Rastschlingen. Diese bestehen aus einer 60cm <a href=\"https:\/\/bolting.eu\/produkt-kategorie\/bandschlinge\/\">Bandschlinge<\/a> und einem passenden <a href=\"https:\/\/bolting.eu\/produkt-kategorie\/karabiner-kletterkarabiner\/\">Karabiner<\/a>. Dieser wird mit einem Mastwurf befestigt, die Vorrichtung wird wie das Klettersteigset mit einem Ankerstich an der Sicherungsschlaufe des Gurtes befestigt.<\/p>\n<h4><strong>Link Tipp<\/strong><\/h4>\n<p>Du m\u00f6chtest mehr Informationen zur korrekten Verwendung des Austrialpin Colt Evo Klettersteigset? Diese findest Du in der Gebrauchsanweisung des <a href=\"https:\/\/www.austrialpin.at\/fileadmin\/anleitungen\/AA_instruction-manual_via-ferrata.pdf\" target=\"_blank\" rel=\"noopener noreferrer\">Herstellers<\/a>.<\/p>\n<p>&nbsp;<\/p>\n<p>&nbsp;<\/p>\n","protected":false},"excerpt":{"rendered":"<ul>\n<li>Hersteller: <a href=\"https:\/\/bolting.eu\/produkt-kategorie\/austrialpin\/\">Austrialpin<\/a><\/li>\n<li>Gewichtsklasse: 40 \u2013 120kg<\/li>\n<li>EN Norm: EN 958:2017<\/li>\n<li>CE Norm: CE 0123<\/li>\n<li>Karabinertyp: Colt<\/li>\n<li>Gewicht: 526 Gramm<\/li>\n<li>L\u00e4nge 128 cm<\/li>\n<li>Karabiner mit Abriebschutz<\/li>\n<li>ideal auch f\u00fcr Jugendliche und Frauen<\/li>\n<li>integrierter Bandfalld\u00e4mpfer<\/li>\n<\/ul>\n","protected":false},"featured_media":4875,"comment_status":"open","ping_status":"closed","template":"","meta":[],"product_brand":[],"product_cat":[4649,14744,29],"product_tag":[],"class_list":{"0":"post-4874","1":"product","2":"type-product","3":"status-publish","4":"has-post-thumbnail","6":"product_cat-austrialpin","7":"product_cat-klettersteigsets","8":"product_cat-kletterausruestung","10":"first","11":"outofstock","12":"sale","13":"taxable","14":"shipping-taxable","15":"purchasable","16":"product-type-simple"},"yoast_head":"<!-- This site is optimized with the Yoast SEO Premium plugin v26.9 (Yoast SEO v26.9) - https:\/\/yoast.com\/product\/yoast-seo-premium-wordpress\/ -->\n<title>Austrialpin Colt Evo Klettersteigset jetzt g\u00fcnstig online kaufen | bolting.eu<\/title>\n<meta name=\"description\" content=\"Hier findest Du das AUSTRIALPIN COLT EVO KLETTERSTEIGSET. \u2705 14 Tage R\u00fcckgaberecht \u2705 versandfrei* ab \u20ac 100,- \u2705 Kaufberatung \u2705 Fachh\u00e4ndler aus \u00d6sterreich\" \/>\n<meta name=\"robots\" content=\"index, follow, max-snippet:-1, max-image-preview:large, max-video-preview:-1\" \/>\n<link rel=\"canonical\" href=\"https:\/\/bolting.eu\/en\/shop\/austrialpin-colt-evo-klettersteigset\/\" \/>\n<meta property=\"og:locale\" content=\"en_US\" \/>\n<meta property=\"og:type\" content=\"article\" \/>\n<meta property=\"og:title\" content=\"Austrialpin Colt Evo Klettersteigset\" \/>\n<meta property=\"og:description\" content=\"Hier findest Du das AUSTRIALPIN COLT EVO KLETTERSTEIGSET. \u2705 14 Tage R\u00fcckgaberecht \u2705 versandfrei* ab \u20ac 100,- \u2705 Kaufberatung \u2705 Fachh\u00e4ndler aus \u00d6sterreich\" \/>\n<meta property=\"og:url\" content=\"https:\/\/bolting.eu\/en\/shop\/austrialpin-colt-evo-klettersteigset\/\" \/>\n<meta property=\"og:site_name\" content=\"bolting.eu\" \/>\n<meta property=\"article:publisher\" content=\"https:\/\/www.facebook.com\/bolting.eu\" \/>\n<meta property=\"article:modified_time\" content=\"2025-09-10T15:34:02+00:00\" \/>\n<meta property=\"og:image\" content=\"https:\/\/bolting.eu\/wp-content\/uploads\/2020\/08\/Austrialpin-Colt-Evo-Klettersteigset-3.jpg\" \/>\n\t<meta property=\"og:image:width\" content=\"700\" \/>\n\t<meta property=\"og:image:height\" content=\"700\" \/>\n\t<meta property=\"og:image:type\" content=\"image\/jpeg\" \/>\n<meta name=\"twitter:card\" content=\"summary_large_image\" \/>\n<meta name=\"twitter:label1\" content=\"Price\" \/>\n\t<meta name=\"twitter:data1\" content=\"&euro;&nbsp;108,00\" \/>\n\t<meta name=\"twitter:label2\" content=\"Availability\" \/>\n\t<meta name=\"twitter:data2\" content=\"Out of stock\" \/>\n<script type=\"application\/ld+json\" class=\"yoast-schema-graph\">{\"@context\":\"https:\/\/schema.org\",\"@graph\":[{\"@type\":[\"WebPage\",\"ItemPage\"],\"@id\":\"https:\/\/bolting.eu\/en\/shop\/austrialpin-colt-evo-klettersteigset\/\",\"url\":\"https:\/\/bolting.eu\/en\/shop\/austrialpin-colt-evo-klettersteigset\/\",\"name\":\"Austrialpin Colt Evo Klettersteigset jetzt g\u00fcnstig online kaufen | bolting.eu\",\"isPartOf\":{\"@id\":\"https:\/\/bolting.eu\/en\/#website\"},\"primaryImageOfPage\":{\"@id\":\"https:\/\/bolting.eu\/en\/shop\/austrialpin-colt-evo-klettersteigset\/#primaryimage\"},\"image\":{\"@id\":\"https:\/\/bolting.eu\/en\/shop\/austrialpin-colt-evo-klettersteigset\/#primaryimage\"},\"thumbnailUrl\":\"https:\/\/bolting.eu\/wp-content\/uploads\/2020\/08\/Austrialpin-Colt-Evo-Klettersteigset-3.jpg\",\"datePublished\":\"2020-08-25T06:11:00+00:00\",\"dateModified\":\"2025-09-10T15:34:02+00:00\",\"description\":\"Hier findest Du das AUSTRIALPIN COLT EVO KLETTERSTEIGSET. \u2705 14 Tage R\u00fcckgaberecht \u2705 versandfrei* ab \u20ac 100,- \u2705 Kaufberatung \u2705 Fachh\u00e4ndler aus \u00d6sterreich\",\"breadcrumb\":{\"@id\":\"https:\/\/bolting.eu\/en\/shop\/austrialpin-colt-evo-klettersteigset\/#breadcrumb\"},\"inLanguage\":\"en-US\",\"potentialAction\":[{\"@type\":\"ReadAction\",\"target\":[\"https:\/\/bolting.eu\/en\/shop\/austrialpin-colt-evo-klettersteigset\/\"]}]},{\"@type\":\"ImageObject\",\"inLanguage\":\"en-US\",\"@id\":\"https:\/\/bolting.eu\/en\/shop\/austrialpin-colt-evo-klettersteigset\/#primaryimage\",\"url\":\"https:\/\/bolting.eu\/wp-content\/uploads\/2020\/08\/Austrialpin-Colt-Evo-Klettersteigset-3.jpg\",\"contentUrl\":\"https:\/\/bolting.eu\/wp-content\/uploads\/2020\/08\/Austrialpin-Colt-Evo-Klettersteigset-3.jpg\",\"width\":700,\"height\":700,\"caption\":\"Das Bild zeigt das Austrialpin Colt Evo Klettersteigset. Es liegt gewunden aufgelegt in Bildmitte. Man erkennt die Produktdetails wie die Anseilschlaufe, BAndfalld\u00e4mpfer, Stretch Arme und die gelben Klettersteigkarabiner.\"},{\"@type\":\"BreadcrumbList\",\"@id\":\"https:\/\/bolting.eu\/en\/shop\/austrialpin-colt-evo-klettersteigset\/#breadcrumb\",\"itemListElement\":[{\"@type\":\"ListItem\",\"position\":1,\"name\":\"Shop\",\"item\":\"https:\/\/bolting.eu\/en\/shop\/\"},{\"@type\":\"ListItem\",\"position\":2,\"name\":\"climbing equipment\",\"item\":\"https:\/\/bolting.eu\/en\/produkt-kategorie\/climbing-equipment\/\"},{\"@type\":\"ListItem\",\"position\":3,\"name\":\"Klettersteigsets\",\"item\":\"https:\/\/bolting.eu\/produkt-kategorie\/kletterausruestung\/klettersteigsets\/\"},{\"@type\":\"ListItem\",\"position\":4,\"name\":\"Austrialpin Colt Evo Klettersteigset\"}]},{\"@type\":\"WebSite\",\"@id\":\"https:\/\/bolting.eu\/en\/#website\",\"url\":\"https:\/\/bolting.eu\/en\/\",\"name\":\"bolting.eu\",\"description\":\"we make climbs happen\",\"publisher\":{\"@id\":\"https:\/\/bolting.eu\/en\/#organization\"},\"potentialAction\":[{\"@type\":\"SearchAction\",\"target\":{\"@type\":\"EntryPoint\",\"urlTemplate\":\"https:\/\/bolting.eu\/en\/?s={search_term_string}\"},\"query-input\":{\"@type\":\"PropertyValueSpecification\",\"valueRequired\":true,\"valueName\":\"search_term_string\"}}],\"inLanguage\":\"en-US\"},{\"@type\":[\"Organization\",\"Place\",\"SportingGoodsStore\"],\"@id\":\"https:\/\/bolting.eu\/en\/#organization\",\"name\":\"bolting.eu\",\"url\":\"https:\/\/bolting.eu\/en\/\",\"logo\":{\"@id\":\"https:\/\/bolting.eu\/en\/shop\/austrialpin-colt-evo-klettersteigset\/#local-main-organization-logo\"},\"image\":{\"@id\":\"https:\/\/bolting.eu\/en\/shop\/austrialpin-colt-evo-klettersteigset\/#local-main-organization-logo\"},\"sameAs\":[\"https:\/\/www.facebook.com\/bolting.eu\",\"https:\/\/www.instagram.com\/bolting.eu\/\"],\"address\":{\"@id\":\"https:\/\/bolting.eu\/en\/shop\/austrialpin-colt-evo-klettersteigset\/#local-main-place-address\"},\"geo\":{\"@type\":\"GeoCoordinates\",\"latitude\":\"47.264176340396226\",\"longitude\":\"11.380109057672346\"},\"telephone\":[\"+43 699 19083372\"],\"openingHoursSpecification\":[{\"@type\":\"OpeningHoursSpecification\",\"dayOfWeek\":[\"Monday\",\"Wednesday\",\"Friday\"],\"opens\":\"14:00\",\"closes\":\"18:00\"},{\"@type\":\"OpeningHoursSpecification\",\"dayOfWeek\":[\"Tuesday\",\"Thursday\",\"Saturday\",\"Sunday\"],\"opens\":\"00:00\",\"closes\":\"00:00\"}],\"email\":\"office@bolting.eu\",\"vatID\":\"ATU59999728\",\"priceRange\":\"$$\",\"currenciesAccepted\":\"Euro\"},{\"@type\":\"PostalAddress\",\"@id\":\"https:\/\/bolting.eu\/en\/shop\/austrialpin-colt-evo-klettersteigset\/#local-main-place-address\",\"streetAddress\":\"Fischnalerstra\u00dfe 4\",\"addressLocality\":\"Innsbruck\",\"postalCode\":\"6020\",\"addressRegion\":\"Tirol\",\"addressCountry\":\"AT\"},{\"@type\":\"ImageObject\",\"inLanguage\":\"en-US\",\"@id\":\"https:\/\/bolting.eu\/en\/shop\/austrialpin-colt-evo-klettersteigset\/#local-main-organization-logo\",\"url\":\"https:\/\/bolting.eu\/wp-content\/uploads\/2019\/09\/bolting-logo.png\",\"contentUrl\":\"https:\/\/bolting.eu\/wp-content\/uploads\/2019\/09\/bolting-logo.png\",\"width\":400,\"height\":211,\"caption\":\"bolting.eu\"}]}<\/script>\n<meta property=\"product:price:amount\" content=\"108.00\" \/>\n<meta property=\"product:price:currency\" content=\"EUR\" \/>\n<meta property=\"og:availability\" content=\"out of stock\" \/>\n<meta property=\"product:availability\" content=\"out of stock\" \/>\n<meta property=\"product:retailer_item_id\" content=\"AS90CS2\" \/>\n<meta property=\"product:condition\" content=\"new\" \/>\n<meta name=\"geo.placename\" content=\"Innsbruck\" \/>\n<meta name=\"geo.position\" content=\"47.264176340396226;11.380109057672346\" \/>\n<meta name=\"geo.region\" content=\"Austria\" \/>\n<!-- \/ Yoast SEO Premium plugin. -->","yoast_head_json":{"title":"Austrialpin Colt Evo Klettersteigset jetzt g\u00fcnstig online kaufen | bolting.eu","description":"Hier findest Du das AUSTRIALPIN COLT EVO KLETTERSTEIGSET. \u2705 14 Tage R\u00fcckgaberecht \u2705 versandfrei* ab \u20ac 100,- \u2705 Kaufberatung \u2705 Fachh\u00e4ndler aus \u00d6sterreich","robots":{"index":"index","follow":"follow","max-snippet":"max-snippet:-1","max-image-preview":"max-image-preview:large","max-video-preview":"max-video-preview:-1"},"canonical":"https:\/\/bolting.eu\/en\/shop\/austrialpin-colt-evo-klettersteigset\/","og_locale":"en_US","og_type":"article","og_title":"Austrialpin Colt Evo Klettersteigset","og_description":"Hier findest Du das AUSTRIALPIN COLT EVO KLETTERSTEIGSET. \u2705 14 Tage R\u00fcckgaberecht \u2705 versandfrei* ab \u20ac 100,- \u2705 Kaufberatung \u2705 Fachh\u00e4ndler aus \u00d6sterreich","og_url":"https:\/\/bolting.eu\/en\/shop\/austrialpin-colt-evo-klettersteigset\/","og_site_name":"bolting.eu","article_publisher":"https:\/\/www.facebook.com\/bolting.eu","article_modified_time":"2025-09-10T15:34:02+00:00","og_image":[{"width":700,"height":700,"url":"https:\/\/bolting.eu\/wp-content\/uploads\/2020\/08\/Austrialpin-Colt-Evo-Klettersteigset-3.jpg","type":"image\/jpeg"}],"twitter_card":"summary_large_image","twitter_misc":{"Price":"&euro;&nbsp;108,00","Availability":"Out of stock"},"schema":{"@context":"https:\/\/schema.org","@graph":[{"@type":["WebPage","ItemPage"],"@id":"https:\/\/bolting.eu\/en\/shop\/austrialpin-colt-evo-klettersteigset\/","url":"https:\/\/bolting.eu\/en\/shop\/austrialpin-colt-evo-klettersteigset\/","name":"Austrialpin Colt Evo Klettersteigset jetzt g\u00fcnstig online kaufen | bolting.eu","isPartOf":{"@id":"https:\/\/bolting.eu\/en\/#website"},"primaryImageOfPage":{"@id":"https:\/\/bolting.eu\/en\/shop\/austrialpin-colt-evo-klettersteigset\/#primaryimage"},"image":{"@id":"https:\/\/bolting.eu\/en\/shop\/austrialpin-colt-evo-klettersteigset\/#primaryimage"},"thumbnailUrl":"https:\/\/bolting.eu\/wp-content\/uploads\/2020\/08\/Austrialpin-Colt-Evo-Klettersteigset-3.jpg","datePublished":"2020-08-25T06:11:00+00:00","dateModified":"2025-09-10T15:34:02+00:00","description":"Hier findest Du das AUSTRIALPIN COLT EVO KLETTERSTEIGSET. \u2705 14 Tage R\u00fcckgaberecht \u2705 versandfrei* ab \u20ac 100,- \u2705 Kaufberatung \u2705 Fachh\u00e4ndler aus \u00d6sterreich","breadcrumb":{"@id":"https:\/\/bolting.eu\/en\/shop\/austrialpin-colt-evo-klettersteigset\/#breadcrumb"},"inLanguage":"en-US","potentialAction":[{"@type":"ReadAction","target":["https:\/\/bolting.eu\/en\/shop\/austrialpin-colt-evo-klettersteigset\/"]}]},{"@type":"ImageObject","inLanguage":"en-US","@id":"https:\/\/bolting.eu\/en\/shop\/austrialpin-colt-evo-klettersteigset\/#primaryimage","url":"https:\/\/bolting.eu\/wp-content\/uploads\/2020\/08\/Austrialpin-Colt-Evo-Klettersteigset-3.jpg","contentUrl":"https:\/\/bolting.eu\/wp-content\/uploads\/2020\/08\/Austrialpin-Colt-Evo-Klettersteigset-3.jpg","width":700,"height":700,"caption":"Das Bild zeigt das Austrialpin Colt Evo Klettersteigset. Es liegt gewunden aufgelegt in Bildmitte. Man erkennt die Produktdetails wie die Anseilschlaufe, BAndfalld\u00e4mpfer, Stretch Arme und die gelben Klettersteigkarabiner."},{"@type":"BreadcrumbList","@id":"https:\/\/bolting.eu\/en\/shop\/austrialpin-colt-evo-klettersteigset\/#breadcrumb","itemListElement":[{"@type":"ListItem","position":1,"name":"Shop","item":"https:\/\/bolting.eu\/en\/shop\/"},{"@type":"ListItem","position":2,"name":"climbing equipment","item":"https:\/\/bolting.eu\/en\/produkt-kategorie\/climbing-equipment\/"},{"@type":"ListItem","position":3,"name":"Klettersteigsets","item":"https:\/\/bolting.eu\/produkt-kategorie\/kletterausruestung\/klettersteigsets\/"},{"@type":"ListItem","position":4,"name":"Austrialpin Colt Evo Klettersteigset"}]},{"@type":"WebSite","@id":"https:\/\/bolting.eu\/en\/#website","url":"https:\/\/bolting.eu\/en\/","name":"bolting.eu","description":"we make climbs happen","publisher":{"@id":"https:\/\/bolting.eu\/en\/#organization"},"potentialAction":[{"@type":"SearchAction","target":{"@type":"EntryPoint","urlTemplate":"https:\/\/bolting.eu\/en\/?s={search_term_string}"},"query-input":{"@type":"PropertyValueSpecification","valueRequired":true,"valueName":"search_term_string"}}],"inLanguage":"en-US"},{"@type":["Organization","Place","SportingGoodsStore"],"@id":"https:\/\/bolting.eu\/en\/#organization","name":"bolting.eu","url":"https:\/\/bolting.eu\/en\/","logo":{"@id":"https:\/\/bolting.eu\/en\/shop\/austrialpin-colt-evo-klettersteigset\/#local-main-organization-logo"},"image":{"@id":"https:\/\/bolting.eu\/en\/shop\/austrialpin-colt-evo-klettersteigset\/#local-main-organization-logo"},"sameAs":["https:\/\/www.facebook.com\/bolting.eu","https:\/\/www.instagram.com\/bolting.eu\/"],"address":{"@id":"https:\/\/bolting.eu\/en\/shop\/austrialpin-colt-evo-klettersteigset\/#local-main-place-address"},"geo":{"@type":"GeoCoordinates","latitude":"47.264176340396226","longitude":"11.380109057672346"},"telephone":["+43 699 19083372"],"openingHoursSpecification":[{"@type":"OpeningHoursSpecification","dayOfWeek":["Monday","Wednesday","Friday"],"opens":"14:00","closes":"18:00"},{"@type":"OpeningHoursSpecification","dayOfWeek":["Tuesday","Thursday","Saturday","Sunday"],"opens":"00:00","closes":"00:00"}],"email":"office@bolting.eu","vatID":"ATU59999728","priceRange":"$$","currenciesAccepted":"Euro"},{"@type":"PostalAddress","@id":"https:\/\/bolting.eu\/en\/shop\/austrialpin-colt-evo-klettersteigset\/#local-main-place-address","streetAddress":"Fischnalerstra\u00dfe 4","addressLocality":"Innsbruck","postalCode":"6020","addressRegion":"Tirol","addressCountry":"AT"},{"@type":"ImageObject","inLanguage":"en-US","@id":"https:\/\/bolting.eu\/en\/shop\/austrialpin-colt-evo-klettersteigset\/#local-main-organization-logo","url":"https:\/\/bolting.eu\/wp-content\/uploads\/2019\/09\/bolting-logo.png","contentUrl":"https:\/\/bolting.eu\/wp-content\/uploads\/2019\/09\/bolting-logo.png","width":400,"height":211,"caption":"bolting.eu"}]},"product_price_amount":"108.00","product_price_currency":"EUR","og_availability":"out of stock","product_availability":"out of stock","product_retailer_item_id":"AS90CS2","product_condition":"new","geo.placename":"Innsbruck","geo.position":{"lat":"47.264176340396226","long":"11.380109057672346"},"geo.region":"Austria"},"_links":{"self":[{"href":"https:\/\/bolting.eu\/en\/wp-json\/wp\/v2\/product\/4874","targetHints":{"allow":["GET"]}}],"collection":[{"href":"https:\/\/bolting.eu\/en\/wp-json\/wp\/v2\/product"}],"about":[{"href":"https:\/\/bolting.eu\/en\/wp-json\/wp\/v2\/types\/product"}],"replies":[{"embeddable":true,"href":"https:\/\/bolting.eu\/en\/wp-json\/wp\/v2\/comments?post=4874"}],"wp:featuredmedia":[{"embeddable":true,"href":"https:\/\/bolting.eu\/en\/wp-json\/wp\/v2\/media\/4875"}],"wp:attachment":[{"href":"https:\/\/bolting.eu\/en\/wp-json\/wp\/v2\/media?parent=4874"}],"wp:term":[{"taxonomy":"product_brand","embeddable":true,"href":"https:\/\/bolting.eu\/en\/wp-json\/wp\/v2\/product_brand?post=4874"},{"taxonomy":"product_cat","embeddable":true,"href":"https:\/\/bolting.eu\/en\/wp-json\/wp\/v2\/product_cat?post=4874"},{"taxonomy":"product_tag","embeddable":true,"href":"https:\/\/bolting.eu\/en\/wp-json\/wp\/v2\/product_tag?post=4874"}],"curies":[{"name":"wp","href":"https:\/\/api.w.org\/{rel}","templated":true}]}}