{"id":4867,"date":"2020-08-24T20:01:47","date_gmt":"2020-08-24T18:01:47","guid":{"rendered":"https:\/\/bolting.eu\/?post_type=product&#038;p=4867"},"modified":"2026-04-14T13:24:36","modified_gmt":"2026-04-14T11:24:36","slug":"edelrid-cable-kit","status":"publish","type":"product","link":"https:\/\/bolting.eu\/en\/shop\/edelrid-cable-kit\/","title":{"rendered":"Edelrid Cable Kit"},"content":{"rendered":"<p>Das Edelrid Cable Kit ist ein extrem beliebtes Klettersteigset. Die Gr\u00fcnde daf\u00fcr sind sehr einfach. Denn erstens hat dieses Set ein super Preis-Leistungsverh\u00e4ltnis. D.h. bei maximaler Funktion und tollem Design zahlt man einen sehr g\u00fcnstigen Preis. Zweitens sind die Karabiner extrem gro\u00df. Somit ist das Umh\u00e4ngen sehr leicht zu bewerkstelligen. Drittens l\u00e4sst sich die Handballensicherung kinderleicht bedienen. Folglich haben auch Jugendliche und Damen eine gro\u00dfe Freude mit dem Set.<\/p>\n<h2>Eigenschaften Edelrid Cable Kit<\/h2>\n<ul>\n<li>Hersteller: <a href=\"https:\/\/bolting.eu\/produkt-kategorie\/edelrid\/\">Edelrid<\/a><\/li>\n<li>Gewichtsklasse: 40 &#8211; 120kg<\/li>\n<li>EN Norm: EN 958:2017<\/li>\n<li>CE Norm: CE 0123<\/li>\n<li>Karabinertyp: One Touch II<\/li>\n<li>Gewicht: 570 Gramm<\/li>\n<li>super leicht zu \u00f6ffnende Karabiner<\/li>\n<li>ideal auch f\u00fcr Jugendliche und Frauen<\/li>\n<li>integrierter Bandfalld\u00e4mpfer<\/li>\n<\/ul>\n<h3>Mit One Touch Karabinern<\/h3>\n<p>Die Klettersteigkarabiner von Edelrid sind leicht zu bedienen. Sie haben deshalb den Namen &#8220;One Touch&#8221; auch wirklich verdient. Denn man kann sie bereits mit sanftem Druck \u00f6ffnen. Zudem ist die \u00d6ffnung der <a href=\"https:\/\/bolting.eu\/produkt-kategorie\/karabiner-kletterkarabiner\/klettersteigkarabiner\/\">Klettersteigkarabiner<\/a> sehr gro\u00df. Folglich ist das Umh\u00e4ngen \u00e4u\u00dferst komfortabel.<\/p>\n<h3>Integrierter Bandfalld\u00e4mpfer<\/h3>\n<p>Das Edelrid Cable Kit Klettersteigset hat wie alle anderen EN 958:2017 genormten Sets einen integrierten Bandfalld\u00e4mpfer. Zudem garantiert die Norm, dass er auch bei sehr leichten Person ab 40kg aufrei\u00dft. Folglich k\u00f6nnen auch Jugendliche und leichte Frauen das Set problemlos verwenden.<\/p>\n<p>Des Weiteren k\u00f6nnen aber auch schwere Personen dieses Klettersteigset verwenden. Denn es ist bis zu 120kg K\u00f6rpergewicht zugelassen.<\/p>\n<h3>Befestigung Edelrid Cable Kit 5.0 mit Ankerstich<\/h3>\n<p>Das Klettersteigset kann man sehr einfach am Klettergurt befestigen. Denn es wird ganz simpel mit Ankerstich in der Sicherungsschlaufe eingeh\u00e4ngt. Hierf\u00fcr hat das Set eine Einbindeschlaufe mit guter L\u00e4nge. Diese ist zudem weder zu weich noch zu hart. Somit l\u00e4sst sie sich auch wieder gut entfernen.<\/p>\n<h3>Wann sollte ein Klettersteig Set ausgetauscht werden?<\/h3>\n<p>Die maximale Lebensdauer des Cable Kit Klettersteigset betr\u00e4gt 10 Jahre (Lagerfrist). Bei entsprechend regelm\u00e4\u00dfiger Verwendung ist das Set wesentlich fr\u00fcher auszutauschen. Wir empfehlen bei regelm\u00e4\u00dfigen Gebrauch einen Austausch nach 5 Jahren. Wer sehr viel unterwegs ist, sollte das Set bereits nach 3 Jahren ausscheiden.<\/p>\n<p>Ist der Bandfalld\u00e4mpfer auch nur leicht eingerissen, muss das Set sofort ausgetauscht werden. Nat\u00fcrlich ebenso bei einem Sturz!<\/p>\n<h3>Kann ich im Klettersteigset rasten?<\/h3>\n<p><strong>Die Antwort ist klar: NEIN!<\/strong> Regelm\u00e4\u00dfiges Rasten in den Armen des Klettersteigsets f\u00fchrt zu Einrissen im Bandfalld\u00e4mpfer. D.h. er kann irgendwann bereits bei viel geringeren Kr\u00e4ften als einem Sturz aufrei\u00dfen. Zudem entwickelt das Cable Kit von Edelrid im Fall eines Sturzes dann auch nicht mehr den richtigen (niedrigen) Fangsto\u00df.<\/p>\n<p>Wir empfehlen eine unserer Klettersteig Rastschlingen. Diese bestehen aus einer 60cm <a href=\"https:\/\/bolting.eu\/produkt-kategorie\/bandschlinge\/\">Bandschlinge<\/a> und einem <a href=\"https:\/\/bolting.eu\/produkt-kategorie\/karabiner-kletterkarabiner\/\">Karabiner<\/a>. Dieser wird mit einem Mastwurf befestigt, die Vorrichtung wird wie das Klettersteigset mit einem Ankerstich an der Sicherungsschlaufe des Gurtes befestigt.<\/p>\n<h4><strong>Link Tipp<\/strong><\/h4>\n<p>Weiterf\u00fchrende Infos findet Ihr in der <a href=\"https:\/\/media.edelrid.de\/images\/attribut\/54521_GAL_Via_Ferrata_Set_5_0_DRUCK_1.pdf\" target=\"_blank\" rel=\"noopener noreferrer\">Gebrauchsanweisung<\/a> des Herstellers.<\/p>\n","protected":false},"excerpt":{"rendered":"<p>Preiswertes Klettersteigset mit gro\u00dfen Handballensicherung Karabinern.<\/p>\n<p>Ideal f\u00fcr sporadische Touren und Personen mit gro\u00dfen H\u00e4nden bzw. die Handballensicherung bevorzugen.<\/p>\n<p>Versandkostenfrei bis 2kg in\u00a0<img decoding=\"async\" class=\"emoji\" role=\"img\" draggable=\"false\" src=\"https:\/\/s.w.org\/images\/core\/emoji\/14.0.0\/svg\/1f1e6-1f1f9.svg\" alt=\"\ud83c\udde6\ud83c\uddf9\" \/>\u00a0ab \u20ac 100,- und\u00a0<img decoding=\"async\" class=\"emoji\" role=\"img\" draggable=\"false\" src=\"https:\/\/s.w.org\/images\/core\/emoji\/14.0.0\/svg\/1f1e9-1f1ea.svg\" alt=\"\ud83c\udde9\ud83c\uddea\" \/>\u00a0ab \u20ac 200,-!<\/p>\n<p>&nbsp;<\/p>\n","protected":false},"featured_media":4868,"comment_status":"open","ping_status":"closed","template":"","meta":[],"product_brand":[],"product_cat":[4655,14744,29],"product_tag":[],"class_list":{"0":"post-4867","1":"product","2":"type-product","3":"status-publish","4":"has-post-thumbnail","6":"product_cat-edelrid","7":"product_cat-klettersteigsets","8":"product_cat-kletterausruestung","10":"first","11":"instock","12":"sale","13":"taxable","14":"shipping-taxable","15":"purchasable","16":"product-type-simple"},"yoast_head":"<!-- This site is optimized with the Yoast SEO Premium plugin v26.9 (Yoast SEO v26.9) - https:\/\/yoast.com\/product\/yoast-seo-premium-wordpress\/ -->\n<title>Edelrid Cable Kit Klettersteigset jetzt online kaufen | bolting.eu<\/title>\n<meta name=\"description\" content=\"EDELRID CABLE KIT Klettersteigset beim Kletter Hardware Profi kaufen \u2705 Trusted Shop \u2705 14 Tage R\u00fcckgaberecht \u2705 versandfrei* \u2705 C02neutrale Zustellung\" \/>\n<meta name=\"robots\" content=\"index, follow, max-snippet:-1, max-image-preview:large, max-video-preview:-1\" \/>\n<link rel=\"canonical\" href=\"https:\/\/bolting.eu\/en\/shop\/edelrid-cable-kit\/\" \/>\n<meta property=\"og:locale\" content=\"en_US\" \/>\n<meta property=\"og:type\" content=\"article\" \/>\n<meta property=\"og:title\" content=\"Edelrid Cable Kit\" \/>\n<meta property=\"og:description\" content=\"EDELRID CABLE KIT Klettersteigset beim Kletter Hardware Profi kaufen \u2705 Trusted Shop \u2705 14 Tage R\u00fcckgaberecht \u2705 versandfrei* \u2705 C02neutrale Zustellung\" \/>\n<meta property=\"og:url\" content=\"https:\/\/bolting.eu\/en\/shop\/edelrid-cable-kit\/\" \/>\n<meta property=\"og:site_name\" content=\"bolting.eu\" \/>\n<meta property=\"article:publisher\" content=\"https:\/\/www.facebook.com\/bolting.eu\" \/>\n<meta property=\"article:modified_time\" content=\"2026-04-14T11:24:36+00:00\" \/>\n<meta property=\"og:image\" content=\"https:\/\/bolting.eu\/wp-content\/uploads\/2020\/08\/Edelrid-Cable-Kit-5.0-1.jpg\" \/>\n\t<meta property=\"og:image:width\" content=\"700\" \/>\n\t<meta property=\"og:image:height\" content=\"700\" \/>\n\t<meta property=\"og:image:type\" content=\"image\/jpeg\" \/>\n<meta name=\"twitter:card\" content=\"summary_large_image\" \/>\n<meta name=\"twitter:label1\" content=\"Price\" \/>\n\t<meta name=\"twitter:data1\" content=\"&euro;&nbsp;115,00\" \/>\n\t<meta name=\"twitter:label2\" content=\"Availability\" \/>\n\t<meta name=\"twitter:data2\" content=\"In stock\" \/>\n<script type=\"application\/ld+json\" class=\"yoast-schema-graph\">{\"@context\":\"https:\/\/schema.org\",\"@graph\":[{\"@type\":[\"WebPage\",\"ItemPage\"],\"@id\":\"https:\/\/bolting.eu\/en\/shop\/edelrid-cable-kit\/\",\"url\":\"https:\/\/bolting.eu\/en\/shop\/edelrid-cable-kit\/\",\"name\":\"Edelrid Cable Kit Klettersteigset jetzt online kaufen | bolting.eu\",\"isPartOf\":{\"@id\":\"https:\/\/bolting.eu\/en\/#website\"},\"primaryImageOfPage\":{\"@id\":\"https:\/\/bolting.eu\/en\/shop\/edelrid-cable-kit\/#primaryimage\"},\"image\":{\"@id\":\"https:\/\/bolting.eu\/en\/shop\/edelrid-cable-kit\/#primaryimage\"},\"thumbnailUrl\":\"https:\/\/bolting.eu\/wp-content\/uploads\/2020\/08\/Edelrid-Cable-Kit-5.0-1.jpg\",\"datePublished\":\"2020-08-24T18:01:47+00:00\",\"dateModified\":\"2026-04-14T11:24:36+00:00\",\"description\":\"EDELRID CABLE KIT Klettersteigset beim Kletter Hardware Profi kaufen \u2705 Trusted Shop \u2705 14 Tage R\u00fcckgaberecht \u2705 versandfrei* \u2705 C02neutrale Zustellung\",\"breadcrumb\":{\"@id\":\"https:\/\/bolting.eu\/en\/shop\/edelrid-cable-kit\/#breadcrumb\"},\"inLanguage\":\"en-US\",\"potentialAction\":[{\"@type\":\"ReadAction\",\"target\":[\"https:\/\/bolting.eu\/en\/shop\/edelrid-cable-kit\/\"]}]},{\"@type\":\"ImageObject\",\"inLanguage\":\"en-US\",\"@id\":\"https:\/\/bolting.eu\/en\/shop\/edelrid-cable-kit\/#primaryimage\",\"url\":\"https:\/\/bolting.eu\/wp-content\/uploads\/2020\/08\/Edelrid-Cable-Kit-5.0-1.jpg\",\"contentUrl\":\"https:\/\/bolting.eu\/wp-content\/uploads\/2020\/08\/Edelrid-Cable-Kit-5.0-1.jpg\",\"width\":700,\"height\":700,\"caption\":\"Das Bild zeigt das Edelrid Cable Kit 5.0 Klettersteigset. Es ist in Bildmitte zu sehen, wo es leicht gewunden aufgelegt ist. Man erkennt alle Details des Produktes, wie die Einbindeschlaufe, den Bandfalld\u00e4mpfer sowie die Stretch Arme und die Klettersteigkarabiner.\"},{\"@type\":\"BreadcrumbList\",\"@id\":\"https:\/\/bolting.eu\/en\/shop\/edelrid-cable-kit\/#breadcrumb\",\"itemListElement\":[{\"@type\":\"ListItem\",\"position\":1,\"name\":\"Shop\",\"item\":\"https:\/\/bolting.eu\/en\/shop\/\"},{\"@type\":\"ListItem\",\"position\":2,\"name\":\"climbing equipment\",\"item\":\"https:\/\/bolting.eu\/en\/produkt-kategorie\/climbing-equipment\/\"},{\"@type\":\"ListItem\",\"position\":3,\"name\":\"Klettersteigsets\",\"item\":\"https:\/\/bolting.eu\/produkt-kategorie\/kletterausruestung\/klettersteigsets\/\"},{\"@type\":\"ListItem\",\"position\":4,\"name\":\"Edelrid Cable Kit\"}]},{\"@type\":\"WebSite\",\"@id\":\"https:\/\/bolting.eu\/en\/#website\",\"url\":\"https:\/\/bolting.eu\/en\/\",\"name\":\"bolting.eu\",\"description\":\"we make climbs happen\",\"publisher\":{\"@id\":\"https:\/\/bolting.eu\/en\/#organization\"},\"potentialAction\":[{\"@type\":\"SearchAction\",\"target\":{\"@type\":\"EntryPoint\",\"urlTemplate\":\"https:\/\/bolting.eu\/en\/?s={search_term_string}\"},\"query-input\":{\"@type\":\"PropertyValueSpecification\",\"valueRequired\":true,\"valueName\":\"search_term_string\"}}],\"inLanguage\":\"en-US\"},{\"@type\":[\"Organization\",\"Place\",\"SportingGoodsStore\"],\"@id\":\"https:\/\/bolting.eu\/en\/#organization\",\"name\":\"bolting.eu\",\"url\":\"https:\/\/bolting.eu\/en\/\",\"logo\":{\"@id\":\"https:\/\/bolting.eu\/en\/shop\/edelrid-cable-kit\/#local-main-organization-logo\"},\"image\":{\"@id\":\"https:\/\/bolting.eu\/en\/shop\/edelrid-cable-kit\/#local-main-organization-logo\"},\"sameAs\":[\"https:\/\/www.facebook.com\/bolting.eu\",\"https:\/\/www.instagram.com\/bolting.eu\/\"],\"address\":{\"@id\":\"https:\/\/bolting.eu\/en\/shop\/edelrid-cable-kit\/#local-main-place-address\"},\"geo\":{\"@type\":\"GeoCoordinates\",\"latitude\":\"47.264176340396226\",\"longitude\":\"11.380109057672346\"},\"telephone\":[\"+43 699 19083372\"],\"openingHoursSpecification\":[{\"@type\":\"OpeningHoursSpecification\",\"dayOfWeek\":[\"Monday\",\"Wednesday\",\"Friday\"],\"opens\":\"14:00\",\"closes\":\"18:00\"},{\"@type\":\"OpeningHoursSpecification\",\"dayOfWeek\":[\"Tuesday\",\"Thursday\",\"Saturday\",\"Sunday\"],\"opens\":\"00:00\",\"closes\":\"00:00\"}],\"email\":\"office@bolting.eu\",\"vatID\":\"ATU59999728\",\"priceRange\":\"$$\",\"currenciesAccepted\":\"Euro\"},{\"@type\":\"PostalAddress\",\"@id\":\"https:\/\/bolting.eu\/en\/shop\/edelrid-cable-kit\/#local-main-place-address\",\"streetAddress\":\"Fischnalerstra\u00dfe 4\",\"addressLocality\":\"Innsbruck\",\"postalCode\":\"6020\",\"addressRegion\":\"Tirol\",\"addressCountry\":\"AT\"},{\"@type\":\"ImageObject\",\"inLanguage\":\"en-US\",\"@id\":\"https:\/\/bolting.eu\/en\/shop\/edelrid-cable-kit\/#local-main-organization-logo\",\"url\":\"https:\/\/bolting.eu\/wp-content\/uploads\/2019\/09\/bolting-logo.png\",\"contentUrl\":\"https:\/\/bolting.eu\/wp-content\/uploads\/2019\/09\/bolting-logo.png\",\"width\":400,\"height\":211,\"caption\":\"bolting.eu\"}]}<\/script>\n<meta property=\"product:price:amount\" content=\"115.00\" \/>\n<meta property=\"product:price:currency\" content=\"EUR\" \/>\n<meta property=\"og:availability\" content=\"instock\" \/>\n<meta property=\"product:availability\" content=\"instock\" \/>\n<meta property=\"product:retailer_item_id\" content=\"743130001380\" \/>\n<meta property=\"product:condition\" content=\"new\" \/>\n<meta name=\"geo.placename\" content=\"Innsbruck\" \/>\n<meta name=\"geo.position\" content=\"47.264176340396226;11.380109057672346\" \/>\n<meta name=\"geo.region\" content=\"Austria\" \/>\n<!-- \/ Yoast SEO Premium plugin. -->","yoast_head_json":{"title":"Edelrid Cable Kit Klettersteigset jetzt online kaufen | bolting.eu","description":"EDELRID CABLE KIT Klettersteigset beim Kletter Hardware Profi kaufen \u2705 Trusted Shop \u2705 14 Tage R\u00fcckgaberecht \u2705 versandfrei* \u2705 C02neutrale Zustellung","robots":{"index":"index","follow":"follow","max-snippet":"max-snippet:-1","max-image-preview":"max-image-preview:large","max-video-preview":"max-video-preview:-1"},"canonical":"https:\/\/bolting.eu\/en\/shop\/edelrid-cable-kit\/","og_locale":"en_US","og_type":"article","og_title":"Edelrid Cable Kit","og_description":"EDELRID CABLE KIT Klettersteigset beim Kletter Hardware Profi kaufen \u2705 Trusted Shop \u2705 14 Tage R\u00fcckgaberecht \u2705 versandfrei* \u2705 C02neutrale Zustellung","og_url":"https:\/\/bolting.eu\/en\/shop\/edelrid-cable-kit\/","og_site_name":"bolting.eu","article_publisher":"https:\/\/www.facebook.com\/bolting.eu","article_modified_time":"2026-04-14T11:24:36+00:00","og_image":[{"width":700,"height":700,"url":"https:\/\/bolting.eu\/wp-content\/uploads\/2020\/08\/Edelrid-Cable-Kit-5.0-1.jpg","type":"image\/jpeg"}],"twitter_card":"summary_large_image","twitter_misc":{"Price":"&euro;&nbsp;115,00","Availability":"In stock"},"schema":{"@context":"https:\/\/schema.org","@graph":[{"@type":["WebPage","ItemPage"],"@id":"https:\/\/bolting.eu\/en\/shop\/edelrid-cable-kit\/","url":"https:\/\/bolting.eu\/en\/shop\/edelrid-cable-kit\/","name":"Edelrid Cable Kit Klettersteigset jetzt online kaufen | bolting.eu","isPartOf":{"@id":"https:\/\/bolting.eu\/en\/#website"},"primaryImageOfPage":{"@id":"https:\/\/bolting.eu\/en\/shop\/edelrid-cable-kit\/#primaryimage"},"image":{"@id":"https:\/\/bolting.eu\/en\/shop\/edelrid-cable-kit\/#primaryimage"},"thumbnailUrl":"https:\/\/bolting.eu\/wp-content\/uploads\/2020\/08\/Edelrid-Cable-Kit-5.0-1.jpg","datePublished":"2020-08-24T18:01:47+00:00","dateModified":"2026-04-14T11:24:36+00:00","description":"EDELRID CABLE KIT Klettersteigset beim Kletter Hardware Profi kaufen \u2705 Trusted Shop \u2705 14 Tage R\u00fcckgaberecht \u2705 versandfrei* \u2705 C02neutrale Zustellung","breadcrumb":{"@id":"https:\/\/bolting.eu\/en\/shop\/edelrid-cable-kit\/#breadcrumb"},"inLanguage":"en-US","potentialAction":[{"@type":"ReadAction","target":["https:\/\/bolting.eu\/en\/shop\/edelrid-cable-kit\/"]}]},{"@type":"ImageObject","inLanguage":"en-US","@id":"https:\/\/bolting.eu\/en\/shop\/edelrid-cable-kit\/#primaryimage","url":"https:\/\/bolting.eu\/wp-content\/uploads\/2020\/08\/Edelrid-Cable-Kit-5.0-1.jpg","contentUrl":"https:\/\/bolting.eu\/wp-content\/uploads\/2020\/08\/Edelrid-Cable-Kit-5.0-1.jpg","width":700,"height":700,"caption":"Das Bild zeigt das Edelrid Cable Kit 5.0 Klettersteigset. Es ist in Bildmitte zu sehen, wo es leicht gewunden aufgelegt ist. Man erkennt alle Details des Produktes, wie die Einbindeschlaufe, den Bandfalld\u00e4mpfer sowie die Stretch Arme und die Klettersteigkarabiner."},{"@type":"BreadcrumbList","@id":"https:\/\/bolting.eu\/en\/shop\/edelrid-cable-kit\/#breadcrumb","itemListElement":[{"@type":"ListItem","position":1,"name":"Shop","item":"https:\/\/bolting.eu\/en\/shop\/"},{"@type":"ListItem","position":2,"name":"climbing equipment","item":"https:\/\/bolting.eu\/en\/produkt-kategorie\/climbing-equipment\/"},{"@type":"ListItem","position":3,"name":"Klettersteigsets","item":"https:\/\/bolting.eu\/produkt-kategorie\/kletterausruestung\/klettersteigsets\/"},{"@type":"ListItem","position":4,"name":"Edelrid Cable Kit"}]},{"@type":"WebSite","@id":"https:\/\/bolting.eu\/en\/#website","url":"https:\/\/bolting.eu\/en\/","name":"bolting.eu","description":"we make climbs happen","publisher":{"@id":"https:\/\/bolting.eu\/en\/#organization"},"potentialAction":[{"@type":"SearchAction","target":{"@type":"EntryPoint","urlTemplate":"https:\/\/bolting.eu\/en\/?s={search_term_string}"},"query-input":{"@type":"PropertyValueSpecification","valueRequired":true,"valueName":"search_term_string"}}],"inLanguage":"en-US"},{"@type":["Organization","Place","SportingGoodsStore"],"@id":"https:\/\/bolting.eu\/en\/#organization","name":"bolting.eu","url":"https:\/\/bolting.eu\/en\/","logo":{"@id":"https:\/\/bolting.eu\/en\/shop\/edelrid-cable-kit\/#local-main-organization-logo"},"image":{"@id":"https:\/\/bolting.eu\/en\/shop\/edelrid-cable-kit\/#local-main-organization-logo"},"sameAs":["https:\/\/www.facebook.com\/bolting.eu","https:\/\/www.instagram.com\/bolting.eu\/"],"address":{"@id":"https:\/\/bolting.eu\/en\/shop\/edelrid-cable-kit\/#local-main-place-address"},"geo":{"@type":"GeoCoordinates","latitude":"47.264176340396226","longitude":"11.380109057672346"},"telephone":["+43 699 19083372"],"openingHoursSpecification":[{"@type":"OpeningHoursSpecification","dayOfWeek":["Monday","Wednesday","Friday"],"opens":"14:00","closes":"18:00"},{"@type":"OpeningHoursSpecification","dayOfWeek":["Tuesday","Thursday","Saturday","Sunday"],"opens":"00:00","closes":"00:00"}],"email":"office@bolting.eu","vatID":"ATU59999728","priceRange":"$$","currenciesAccepted":"Euro"},{"@type":"PostalAddress","@id":"https:\/\/bolting.eu\/en\/shop\/edelrid-cable-kit\/#local-main-place-address","streetAddress":"Fischnalerstra\u00dfe 4","addressLocality":"Innsbruck","postalCode":"6020","addressRegion":"Tirol","addressCountry":"AT"},{"@type":"ImageObject","inLanguage":"en-US","@id":"https:\/\/bolting.eu\/en\/shop\/edelrid-cable-kit\/#local-main-organization-logo","url":"https:\/\/bolting.eu\/wp-content\/uploads\/2019\/09\/bolting-logo.png","contentUrl":"https:\/\/bolting.eu\/wp-content\/uploads\/2019\/09\/bolting-logo.png","width":400,"height":211,"caption":"bolting.eu"}]},"product_price_amount":"115.00","product_price_currency":"EUR","og_availability":"instock","product_availability":"instock","product_retailer_item_id":"743130001380","product_condition":"new","geo.placename":"Innsbruck","geo.position":{"lat":"47.264176340396226","long":"11.380109057672346"},"geo.region":"Austria"},"_links":{"self":[{"href":"https:\/\/bolting.eu\/en\/wp-json\/wp\/v2\/product\/4867","targetHints":{"allow":["GET"]}}],"collection":[{"href":"https:\/\/bolting.eu\/en\/wp-json\/wp\/v2\/product"}],"about":[{"href":"https:\/\/bolting.eu\/en\/wp-json\/wp\/v2\/types\/product"}],"replies":[{"embeddable":true,"href":"https:\/\/bolting.eu\/en\/wp-json\/wp\/v2\/comments?post=4867"}],"wp:featuredmedia":[{"embeddable":true,"href":"https:\/\/bolting.eu\/en\/wp-json\/wp\/v2\/media\/4868"}],"wp:attachment":[{"href":"https:\/\/bolting.eu\/en\/wp-json\/wp\/v2\/media?parent=4867"}],"wp:term":[{"taxonomy":"product_brand","embeddable":true,"href":"https:\/\/bolting.eu\/en\/wp-json\/wp\/v2\/product_brand?post=4867"},{"taxonomy":"product_cat","embeddable":true,"href":"https:\/\/bolting.eu\/en\/wp-json\/wp\/v2\/product_cat?post=4867"},{"taxonomy":"product_tag","embeddable":true,"href":"https:\/\/bolting.eu\/en\/wp-json\/wp\/v2\/product_tag?post=4867"}],"curies":[{"name":"wp","href":"https:\/\/api.w.org\/{rel}","templated":true}]}}