{"id":4864,"date":"2020-08-24T18:44:29","date_gmt":"2020-08-24T16:44:29","guid":{"rendered":"https:\/\/bolting.eu\/?post_type=product&#038;p=4864"},"modified":"2026-01-22T15:07:45","modified_gmt":"2026-01-22T14:07:45","slug":"edelrid-verstellbare-standplatzschlinge","status":"publish","type":"product","link":"https:\/\/bolting.eu\/en\/shop\/edelrid-verstellbare-standplatzschlinge\/","title":{"rendered":"Edelrid verstellbare Standplatzschlinge"},"content":{"rendered":"<p>Die verstellbare Standplatzschlinge von Edelrid ist eine feine Sache. Denn diese 20mm breite Bandschlinge kann \u00fcber eine Schnalle super schnell in der L\u00e4nge verstellt werden.<\/p>\n<p>D.h. sie ist zum einen perfekt f\u00fcr den Standplatzbau. Dabei kann man im Handumdrehen sowohl eine Serienschaltung als auch Ausgleichsverankerung bauen.<\/p>\n<p>Zum anderen ist sie aber auch in vielen weiteren Situationen n\u00fctzlich. Beispielsweise als Selbstsicherungsschlinge sowie beim Abseilen und als Steighilfe.<\/p>\n<p>Kurzum. Besonders f\u00fcr Alpinkletter Anf\u00e4nger kann diese Schlinge eine gro\u00dfe Hilfe sein. Sie sollte in jeder <a href=\"https:\/\/bolting.eu\/kletterausruestung\/\">Kletterausr\u00fcstung<\/a> mit dabei sein.<\/p>\n<h2>Eigenschaften verstellbare Standplatzschlinge<\/h2>\n<ul>\n<li>Hersteller: Edelrid<\/li>\n<li>Material: Polyamid<\/li>\n<li>Bruchlast: 22kN<\/li>\n<li>EN Norm: EN 566<\/li>\n<li>CE Norm: CE 0123<\/li>\n<li>Breite 20mm bzw. L\u00e4nge 110cm<\/li>\n<li>Gewicht: 150 Gramm<\/li>\n<li>super praktisch f\u00fcr raschen Standbau<\/li>\n<li>fixes &#8220;Auge&#8221; als Zentral Einh\u00e4ngepunkt<\/li>\n<li>\u00fcber Schnalle blitzschnell verstellbar<\/li>\n<\/ul>\n<h3>Eine gro\u00dfe Erleichterung<\/h3>\n<p>Wer kennt das nicht? Man kommt zum Stand und soll dann aus immer verschiedensten Konstellationen von Fixpunkten Stand machen. Das kann ganz sch\u00f6n fordernd sein. Denn man muss sowohl alle Knoten wie auch die passenden <a href=\"https:\/\/bolting.eu\/produkt-kategorie\/reepschnur\/\">Reepschnur<\/a> bzw. <a href=\"https:\/\/bolting.eu\/produkt-kategorie\/bandschlinge\/\">Bandschlinge<\/a> f\u00fcr Reihenschaltung bzw. Ausgleichsverankerung vorr\u00e4tig haben.<\/p>\n<p>Die verstellbare Standplatzschlinge l\u00f6st dieses Problem zu einem ganz betr\u00e4chtlichen Teil. Denn diese Schlinge hat ein fixes &#8220;Auge&#8221; als zentralen Einh\u00e4ngepunkt. Man muss nur noch den Mastwurf beherrschen um das Band korrekt in die <a href=\"https:\/\/bolting.eu\/produkt-kategorie\/karabiner-kletterkarabiner\/\">Karabiner<\/a> einzuh\u00e4ngen.<\/p>\n<h3>Transport beim Klettern<\/h3>\n<p>Die Standplatzschlinge h\u00e4ngt man sich am besten um die Schulter. Daf\u00fcr die Schlinge erstens \u00fcber die Schnalle ganz lang machen. Zweitens dann einfach einmal umschlagen. Drittens die beiden Schlaufen \u00fcber eine Schulter bzw. unter ein Achsel und schon kann es los gehen.<\/p>\n<h3>Produktvideo &amp; Anleitung der verstellbaren Standplatzschlinge<\/h3>\n<p>Wie diese Schlinge genau verwendet wird zeigt das folgende Video. Es lohnt sich sehr sich die Erkl\u00e4rungen ganz anzusehen. Denn zum einen wird einem die Verwendung des Produktes ganz klar. zum anderen bekommt man aber auch coole Tipps. Z.B. f\u00fcr verschiedene Haken Anordnungen usw.<\/p>\n<p><iframe loading=\"lazy\" src=\"https:\/\/www.youtube.com\/embed\/DrkTqGU6yfE\" width=\"100%\" height=\"450\" frameborder=\"0\" allowfullscreen=\"allowfullscreen\"><span data-mce-type=\"bookmark\" style=\"display: inline-block; width: 0px; overflow: hidden; line-height: 0;\" class=\"mce_SELRES_start\">\ufeff<\/span><\/iframe><\/p>\n<h3>Wann ist sie auszutauschen?<\/h3>\n<p>Wie jede andere Bandschlinge erreicht auch die verstellbare Standplatzschlinge irgendwann einmal ihre maximale Verwendungsdauer. Diese h\u00e4ngt von mehreren Faktoren ab. Erstens der Intensit\u00e4t der Nutzung. Zweitens der H\u00e4ufigkeit. Drittens der Dauer der jeweiligen Kombination aus Intensit\u00e4t und H\u00e4ufigkeit. D.h. fr\u00fcher oder sp\u00e4ter wird es Verschlei\u00dferscheinungen geben.<\/p>\n<p>Sind N\u00e4hte vom Verschlie\u00df deutlich betroffen betroffen und aufgeplatzt? Dann ist die Schlinge zu entsorgen. Hat das Bandmaterial deutliche Risse bzw. franst sie irgendwo schon aus? Dann ist das Produkt ebenfalls zu entsorgen.<\/p>\n<p>Bei h\u00e4ufiger Verwendung sollte man eine Bandschlinge nach 3 Jahren austauschen. Die maximale Lagerfrist betr\u00e4gt bei Nicht Verwendung 10 Jahre.<\/p>\n<h4><strong>Link Tipp<\/strong><\/h4>\n<p>Wie man Schlinge genau inspiziert, erf\u00e4hrst du auf der Website des <a href=\"https:\/\/media.edelrid.de\/images\/attribut\/Pruefanweisung_Schlingen-Band-Verbindungsmittel.pdf\" target=\"_blank\" rel=\"noopener noreferrer\">Hersteller<\/a><\/p>\n","protected":false},"excerpt":{"rendered":"<ul>\n<li>Hersteller: <a href=\"https:\/\/bolting.eu\/produkt-kategorie\/edelrid\/\">Edelrid<\/a><\/li>\n<li>Material: Polyamid<\/li>\n<li>Bruchlast: 22kN<\/li>\n<li>EN Norm: EN 566<\/li>\n<li>CE Norm: CE 0123<\/li>\n<li>Breite 20mm bzw. L\u00e4nge 110cm<\/li>\n<li>Gewicht: 150 Gramm<\/li>\n<li>super praktisch f\u00fcr raschen Standbau<\/li>\n<li>fixes &#8220;Auge&#8221; als Zentral Einh\u00e4ngepunkt<\/li>\n<li>\u00fcber Schnalle blitzschnell verstellbar<\/li>\n<\/ul>\n","protected":false},"featured_media":35099,"comment_status":"open","ping_status":"closed","template":"","meta":[],"product_brand":[],"product_cat":[4655,259],"product_tag":[262],"class_list":{"0":"post-4864","1":"product","2":"type-product","3":"status-publish","4":"has-post-thumbnail","6":"product_cat-edelrid","7":"product_cat-bandschlinge","8":"product_tag-alpinklettern","10":"first","11":"instock","12":"taxable","13":"shipping-taxable","14":"purchasable","15":"product-type-simple"},"yoast_head":"<!-- This site is optimized with the Yoast SEO Premium plugin v26.9 (Yoast SEO v26.9) - https:\/\/yoast.com\/product\/yoast-seo-premium-wordpress\/ -->\n<title>Edelrid verstellbare Standplatzschlinge g\u00fcnstig online kaufen| bolting.eu<\/title>\n<meta name=\"description\" content=\"Hier findest Du die EDELRID VERSTELLBARE STANDPLATZSCHLINGE. \u2705 14 Tage R\u00fcckgaberecht \u2705 versandfrei* ab \u20ac 100,- \u2705 Kaufberatung \u2705 Fachh\u00e4ndler aus \u00d6sterreich\" \/>\n<meta name=\"robots\" content=\"index, follow, max-snippet:-1, max-image-preview:large, max-video-preview:-1\" \/>\n<link rel=\"canonical\" href=\"https:\/\/bolting.eu\/en\/shop\/edelrid-verstellbare-standplatzschlinge\/\" \/>\n<meta property=\"og:locale\" content=\"en_US\" \/>\n<meta property=\"og:type\" content=\"article\" \/>\n<meta property=\"og:title\" content=\"Edelrid verstellbare Standplatzschlinge\" \/>\n<meta property=\"og:description\" content=\"Hier findest Du die EDELRID VERSTELLBARE STANDPLATZSCHLINGE. \u2705 14 Tage R\u00fcckgaberecht \u2705 versandfrei* ab \u20ac 100,- \u2705 Kaufberatung \u2705 Fachh\u00e4ndler aus \u00d6sterreich\" \/>\n<meta property=\"og:url\" content=\"https:\/\/bolting.eu\/en\/shop\/edelrid-verstellbare-standplatzschlinge\/\" \/>\n<meta property=\"og:site_name\" content=\"bolting.eu\" \/>\n<meta property=\"article:publisher\" content=\"https:\/\/www.facebook.com\/bolting.eu\" \/>\n<meta property=\"article:modified_time\" content=\"2026-01-22T14:07:45+00:00\" \/>\n<meta property=\"og:image\" content=\"https:\/\/bolting.eu\/wp-content\/uploads\/2020\/08\/Edelrid-verstellbare-Standplatzschlinge-1-1.jpg\" \/>\n\t<meta property=\"og:image:width\" content=\"700\" \/>\n\t<meta property=\"og:image:height\" content=\"700\" \/>\n\t<meta property=\"og:image:type\" content=\"image\/jpeg\" \/>\n<meta name=\"twitter:card\" content=\"summary_large_image\" \/>\n<meta name=\"twitter:label1\" content=\"Price\" \/>\n\t<meta name=\"twitter:data1\" content=\"&euro;&nbsp;40,00\" \/>\n\t<meta name=\"twitter:label2\" content=\"Availability\" \/>\n\t<meta name=\"twitter:data2\" content=\"In stock\" \/>\n<script type=\"application\/ld+json\" class=\"yoast-schema-graph\">{\"@context\":\"https:\/\/schema.org\",\"@graph\":[{\"@type\":[\"WebPage\",\"ItemPage\"],\"@id\":\"https:\/\/bolting.eu\/en\/shop\/edelrid-verstellbare-standplatzschlinge\/\",\"url\":\"https:\/\/bolting.eu\/en\/shop\/edelrid-verstellbare-standplatzschlinge\/\",\"name\":\"Edelrid verstellbare Standplatzschlinge g\u00fcnstig online kaufen| bolting.eu\",\"isPartOf\":{\"@id\":\"https:\/\/bolting.eu\/en\/#website\"},\"primaryImageOfPage\":{\"@id\":\"https:\/\/bolting.eu\/en\/shop\/edelrid-verstellbare-standplatzschlinge\/#primaryimage\"},\"image\":{\"@id\":\"https:\/\/bolting.eu\/en\/shop\/edelrid-verstellbare-standplatzschlinge\/#primaryimage\"},\"thumbnailUrl\":\"https:\/\/bolting.eu\/wp-content\/uploads\/2020\/08\/Edelrid-verstellbare-Standplatzschlinge-1-1.jpg\",\"datePublished\":\"2020-08-24T16:44:29+00:00\",\"dateModified\":\"2026-01-22T14:07:45+00:00\",\"description\":\"Hier findest Du die EDELRID VERSTELLBARE STANDPLATZSCHLINGE. \u2705 14 Tage R\u00fcckgaberecht \u2705 versandfrei* ab \u20ac 100,- \u2705 Kaufberatung \u2705 Fachh\u00e4ndler aus \u00d6sterreich\",\"breadcrumb\":{\"@id\":\"https:\/\/bolting.eu\/en\/shop\/edelrid-verstellbare-standplatzschlinge\/#breadcrumb\"},\"inLanguage\":\"en-US\",\"potentialAction\":[{\"@type\":\"ReadAction\",\"target\":[\"https:\/\/bolting.eu\/en\/shop\/edelrid-verstellbare-standplatzschlinge\/\"]}]},{\"@type\":\"ImageObject\",\"inLanguage\":\"en-US\",\"@id\":\"https:\/\/bolting.eu\/en\/shop\/edelrid-verstellbare-standplatzschlinge\/#primaryimage\",\"url\":\"https:\/\/bolting.eu\/wp-content\/uploads\/2020\/08\/Edelrid-verstellbare-Standplatzschlinge-1-1.jpg\",\"contentUrl\":\"https:\/\/bolting.eu\/wp-content\/uploads\/2020\/08\/Edelrid-verstellbare-Standplatzschlinge-1-1.jpg\",\"width\":700,\"height\":700,\"caption\":\"Schwarze Edelrid verstellbare Standplatzschlinge mit gr\u00fcnem Zentralring auf wei\u00dfem Hintergrund.\"},{\"@type\":\"BreadcrumbList\",\"@id\":\"https:\/\/bolting.eu\/en\/shop\/edelrid-verstellbare-standplatzschlinge\/#breadcrumb\",\"itemListElement\":[{\"@type\":\"ListItem\",\"position\":1,\"name\":\"Shop\",\"item\":\"https:\/\/bolting.eu\/en\/shop\/\"},{\"@type\":\"ListItem\",\"position\":2,\"name\":\"climbing equipment\",\"item\":\"https:\/\/bolting.eu\/en\/produkt-kategorie\/climbing-equipment\/\"},{\"@type\":\"ListItem\",\"position\":3,\"name\":\"Bandschlinge\",\"item\":\"https:\/\/bolting.eu\/produkt-kategorie\/kletterausruestung\/bandschlinge\/\"},{\"@type\":\"ListItem\",\"position\":4,\"name\":\"Edelrid verstellbare Standplatzschlinge\"}]},{\"@type\":\"WebSite\",\"@id\":\"https:\/\/bolting.eu\/en\/#website\",\"url\":\"https:\/\/bolting.eu\/en\/\",\"name\":\"bolting.eu\",\"description\":\"we make climbs happen\",\"publisher\":{\"@id\":\"https:\/\/bolting.eu\/en\/#organization\"},\"potentialAction\":[{\"@type\":\"SearchAction\",\"target\":{\"@type\":\"EntryPoint\",\"urlTemplate\":\"https:\/\/bolting.eu\/en\/?s={search_term_string}\"},\"query-input\":{\"@type\":\"PropertyValueSpecification\",\"valueRequired\":true,\"valueName\":\"search_term_string\"}}],\"inLanguage\":\"en-US\"},{\"@type\":[\"Organization\",\"Place\",\"SportingGoodsStore\"],\"@id\":\"https:\/\/bolting.eu\/en\/#organization\",\"name\":\"bolting.eu\",\"url\":\"https:\/\/bolting.eu\/en\/\",\"logo\":{\"@id\":\"https:\/\/bolting.eu\/en\/shop\/edelrid-verstellbare-standplatzschlinge\/#local-main-organization-logo\"},\"image\":{\"@id\":\"https:\/\/bolting.eu\/en\/shop\/edelrid-verstellbare-standplatzschlinge\/#local-main-organization-logo\"},\"sameAs\":[\"https:\/\/www.facebook.com\/bolting.eu\",\"https:\/\/www.instagram.com\/bolting.eu\/\"],\"address\":{\"@id\":\"https:\/\/bolting.eu\/en\/shop\/edelrid-verstellbare-standplatzschlinge\/#local-main-place-address\"},\"geo\":{\"@type\":\"GeoCoordinates\",\"latitude\":\"47.264176340396226\",\"longitude\":\"11.380109057672346\"},\"telephone\":[\"+43 699 19083372\"],\"openingHoursSpecification\":[{\"@type\":\"OpeningHoursSpecification\",\"dayOfWeek\":[\"Monday\",\"Wednesday\",\"Friday\"],\"opens\":\"14:00\",\"closes\":\"18:00\"},{\"@type\":\"OpeningHoursSpecification\",\"dayOfWeek\":[\"Tuesday\",\"Thursday\",\"Saturday\",\"Sunday\"],\"opens\":\"00:00\",\"closes\":\"00:00\"}],\"email\":\"office@bolting.eu\",\"vatID\":\"ATU59999728\",\"priceRange\":\"$$\",\"currenciesAccepted\":\"Euro\"},{\"@type\":\"PostalAddress\",\"@id\":\"https:\/\/bolting.eu\/en\/shop\/edelrid-verstellbare-standplatzschlinge\/#local-main-place-address\",\"streetAddress\":\"Fischnalerstra\u00dfe 4\",\"addressLocality\":\"Innsbruck\",\"postalCode\":\"6020\",\"addressRegion\":\"Tirol\",\"addressCountry\":\"AT\"},{\"@type\":\"ImageObject\",\"inLanguage\":\"en-US\",\"@id\":\"https:\/\/bolting.eu\/en\/shop\/edelrid-verstellbare-standplatzschlinge\/#local-main-organization-logo\",\"url\":\"https:\/\/bolting.eu\/wp-content\/uploads\/2019\/09\/bolting-logo.png\",\"contentUrl\":\"https:\/\/bolting.eu\/wp-content\/uploads\/2019\/09\/bolting-logo.png\",\"width\":400,\"height\":211,\"caption\":\"bolting.eu\"}]}<\/script>\n<meta property=\"og:video\" content=\"https:\/\/www.youtube.com\/embed\/DrkTqGU6yfE\" \/>\n<meta property=\"og:video:type\" content=\"text\/html\" \/>\n<meta property=\"og:video:duration\" content=\"671\" \/>\n<meta property=\"og:video:width\" content=\"480\" \/>\n<meta property=\"og:video:height\" content=\"270\" \/>\n<meta property=\"ya:ovs:adult\" content=\"false\" \/>\n<meta property=\"ya:ovs:upload_date\" content=\"2020-08-24T16:44:29+00:00\" \/>\n<meta property=\"ya:ovs:allow_embed\" content=\"true\" \/>\n<meta property=\"product:price:amount\" content=\"40.00\" \/>\n<meta property=\"product:price:currency\" content=\"EUR\" \/>\n<meta property=\"og:availability\" content=\"instock\" \/>\n<meta property=\"product:availability\" content=\"instock\" \/>\n<meta property=\"product:retailer_item_id\" content=\"739361100170\" \/>\n<meta property=\"product:condition\" content=\"new\" \/>\n<meta name=\"geo.placename\" content=\"Innsbruck\" \/>\n<meta name=\"geo.position\" content=\"47.264176340396226;11.380109057672346\" \/>\n<meta name=\"geo.region\" content=\"Austria\" \/>\n<!-- \/ Yoast SEO Premium plugin. -->","yoast_head_json":{"title":"Edelrid verstellbare Standplatzschlinge g\u00fcnstig online kaufen| bolting.eu","description":"Hier findest Du die EDELRID VERSTELLBARE STANDPLATZSCHLINGE. \u2705 14 Tage R\u00fcckgaberecht \u2705 versandfrei* ab \u20ac 100,- \u2705 Kaufberatung \u2705 Fachh\u00e4ndler aus \u00d6sterreich","robots":{"index":"index","follow":"follow","max-snippet":"max-snippet:-1","max-image-preview":"max-image-preview:large","max-video-preview":"max-video-preview:-1"},"canonical":"https:\/\/bolting.eu\/en\/shop\/edelrid-verstellbare-standplatzschlinge\/","og_locale":"en_US","og_type":"article","og_title":"Edelrid verstellbare Standplatzschlinge","og_description":"Hier findest Du die EDELRID VERSTELLBARE STANDPLATZSCHLINGE. \u2705 14 Tage R\u00fcckgaberecht \u2705 versandfrei* ab \u20ac 100,- \u2705 Kaufberatung \u2705 Fachh\u00e4ndler aus \u00d6sterreich","og_url":"https:\/\/bolting.eu\/en\/shop\/edelrid-verstellbare-standplatzschlinge\/","og_site_name":"bolting.eu","article_publisher":"https:\/\/www.facebook.com\/bolting.eu","article_modified_time":"2026-01-22T14:07:45+00:00","og_image":[{"width":700,"height":700,"url":"https:\/\/bolting.eu\/wp-content\/uploads\/2020\/08\/Edelrid-verstellbare-Standplatzschlinge-1-1.jpg","type":"image\/jpeg"}],"twitter_card":"summary_large_image","twitter_misc":{"Price":"&euro;&nbsp;40,00","Availability":"In stock"},"schema":{"@context":"https:\/\/schema.org","@graph":[{"@type":["WebPage","ItemPage"],"@id":"https:\/\/bolting.eu\/en\/shop\/edelrid-verstellbare-standplatzschlinge\/","url":"https:\/\/bolting.eu\/en\/shop\/edelrid-verstellbare-standplatzschlinge\/","name":"Edelrid verstellbare Standplatzschlinge g\u00fcnstig online kaufen| bolting.eu","isPartOf":{"@id":"https:\/\/bolting.eu\/en\/#website"},"primaryImageOfPage":{"@id":"https:\/\/bolting.eu\/en\/shop\/edelrid-verstellbare-standplatzschlinge\/#primaryimage"},"image":{"@id":"https:\/\/bolting.eu\/en\/shop\/edelrid-verstellbare-standplatzschlinge\/#primaryimage"},"thumbnailUrl":"https:\/\/bolting.eu\/wp-content\/uploads\/2020\/08\/Edelrid-verstellbare-Standplatzschlinge-1-1.jpg","datePublished":"2020-08-24T16:44:29+00:00","dateModified":"2026-01-22T14:07:45+00:00","description":"Hier findest Du die EDELRID VERSTELLBARE STANDPLATZSCHLINGE. \u2705 14 Tage R\u00fcckgaberecht \u2705 versandfrei* ab \u20ac 100,- \u2705 Kaufberatung \u2705 Fachh\u00e4ndler aus \u00d6sterreich","breadcrumb":{"@id":"https:\/\/bolting.eu\/en\/shop\/edelrid-verstellbare-standplatzschlinge\/#breadcrumb"},"inLanguage":"en-US","potentialAction":[{"@type":"ReadAction","target":["https:\/\/bolting.eu\/en\/shop\/edelrid-verstellbare-standplatzschlinge\/"]}]},{"@type":"ImageObject","inLanguage":"en-US","@id":"https:\/\/bolting.eu\/en\/shop\/edelrid-verstellbare-standplatzschlinge\/#primaryimage","url":"https:\/\/bolting.eu\/wp-content\/uploads\/2020\/08\/Edelrid-verstellbare-Standplatzschlinge-1-1.jpg","contentUrl":"https:\/\/bolting.eu\/wp-content\/uploads\/2020\/08\/Edelrid-verstellbare-Standplatzschlinge-1-1.jpg","width":700,"height":700,"caption":"Schwarze Edelrid verstellbare Standplatzschlinge mit gr\u00fcnem Zentralring auf wei\u00dfem Hintergrund."},{"@type":"BreadcrumbList","@id":"https:\/\/bolting.eu\/en\/shop\/edelrid-verstellbare-standplatzschlinge\/#breadcrumb","itemListElement":[{"@type":"ListItem","position":1,"name":"Shop","item":"https:\/\/bolting.eu\/en\/shop\/"},{"@type":"ListItem","position":2,"name":"climbing equipment","item":"https:\/\/bolting.eu\/en\/produkt-kategorie\/climbing-equipment\/"},{"@type":"ListItem","position":3,"name":"Bandschlinge","item":"https:\/\/bolting.eu\/produkt-kategorie\/kletterausruestung\/bandschlinge\/"},{"@type":"ListItem","position":4,"name":"Edelrid verstellbare Standplatzschlinge"}]},{"@type":"WebSite","@id":"https:\/\/bolting.eu\/en\/#website","url":"https:\/\/bolting.eu\/en\/","name":"bolting.eu","description":"we make climbs happen","publisher":{"@id":"https:\/\/bolting.eu\/en\/#organization"},"potentialAction":[{"@type":"SearchAction","target":{"@type":"EntryPoint","urlTemplate":"https:\/\/bolting.eu\/en\/?s={search_term_string}"},"query-input":{"@type":"PropertyValueSpecification","valueRequired":true,"valueName":"search_term_string"}}],"inLanguage":"en-US"},{"@type":["Organization","Place","SportingGoodsStore"],"@id":"https:\/\/bolting.eu\/en\/#organization","name":"bolting.eu","url":"https:\/\/bolting.eu\/en\/","logo":{"@id":"https:\/\/bolting.eu\/en\/shop\/edelrid-verstellbare-standplatzschlinge\/#local-main-organization-logo"},"image":{"@id":"https:\/\/bolting.eu\/en\/shop\/edelrid-verstellbare-standplatzschlinge\/#local-main-organization-logo"},"sameAs":["https:\/\/www.facebook.com\/bolting.eu","https:\/\/www.instagram.com\/bolting.eu\/"],"address":{"@id":"https:\/\/bolting.eu\/en\/shop\/edelrid-verstellbare-standplatzschlinge\/#local-main-place-address"},"geo":{"@type":"GeoCoordinates","latitude":"47.264176340396226","longitude":"11.380109057672346"},"telephone":["+43 699 19083372"],"openingHoursSpecification":[{"@type":"OpeningHoursSpecification","dayOfWeek":["Monday","Wednesday","Friday"],"opens":"14:00","closes":"18:00"},{"@type":"OpeningHoursSpecification","dayOfWeek":["Tuesday","Thursday","Saturday","Sunday"],"opens":"00:00","closes":"00:00"}],"email":"office@bolting.eu","vatID":"ATU59999728","priceRange":"$$","currenciesAccepted":"Euro"},{"@type":"PostalAddress","@id":"https:\/\/bolting.eu\/en\/shop\/edelrid-verstellbare-standplatzschlinge\/#local-main-place-address","streetAddress":"Fischnalerstra\u00dfe 4","addressLocality":"Innsbruck","postalCode":"6020","addressRegion":"Tirol","addressCountry":"AT"},{"@type":"ImageObject","inLanguage":"en-US","@id":"https:\/\/bolting.eu\/en\/shop\/edelrid-verstellbare-standplatzschlinge\/#local-main-organization-logo","url":"https:\/\/bolting.eu\/wp-content\/uploads\/2019\/09\/bolting-logo.png","contentUrl":"https:\/\/bolting.eu\/wp-content\/uploads\/2019\/09\/bolting-logo.png","width":400,"height":211,"caption":"bolting.eu"}]},"og_video":"https:\/\/www.youtube.com\/embed\/DrkTqGU6yfE","og_video_type":"text\/html","og_video_duration":"671","og_video_width":"480","og_video_height":"270","ya_ovs_adult":"false","ya_ovs_upload_date":"2020-08-24T16:44:29+00:00","ya_ovs_allow_embed":"true","product_price_amount":"40.00","product_price_currency":"EUR","og_availability":"instock","product_availability":"instock","product_retailer_item_id":"739361100170","product_condition":"new","geo.placename":"Innsbruck","geo.position":{"lat":"47.264176340396226","long":"11.380109057672346"},"geo.region":"Austria"},"_links":{"self":[{"href":"https:\/\/bolting.eu\/en\/wp-json\/wp\/v2\/product\/4864","targetHints":{"allow":["GET"]}}],"collection":[{"href":"https:\/\/bolting.eu\/en\/wp-json\/wp\/v2\/product"}],"about":[{"href":"https:\/\/bolting.eu\/en\/wp-json\/wp\/v2\/types\/product"}],"replies":[{"embeddable":true,"href":"https:\/\/bolting.eu\/en\/wp-json\/wp\/v2\/comments?post=4864"}],"wp:featuredmedia":[{"embeddable":true,"href":"https:\/\/bolting.eu\/en\/wp-json\/wp\/v2\/media\/35099"}],"wp:attachment":[{"href":"https:\/\/bolting.eu\/en\/wp-json\/wp\/v2\/media?parent=4864"}],"wp:term":[{"taxonomy":"product_brand","embeddable":true,"href":"https:\/\/bolting.eu\/en\/wp-json\/wp\/v2\/product_brand?post=4864"},{"taxonomy":"product_cat","embeddable":true,"href":"https:\/\/bolting.eu\/en\/wp-json\/wp\/v2\/product_cat?post=4864"},{"taxonomy":"product_tag","embeddable":true,"href":"https:\/\/bolting.eu\/en\/wp-json\/wp\/v2\/product_tag?post=4864"}],"curies":[{"name":"wp","href":"https:\/\/api.w.org\/{rel}","templated":true}]}}