{"id":4861,"date":"2020-08-24T18:32:08","date_gmt":"2020-08-24T16:32:08","guid":{"rendered":"https:\/\/bolting.eu\/?post_type=product&#038;p=4861"},"modified":"2023-11-08T15:12:48","modified_gmt":"2023-11-08T14:12:48","slug":"edelrid-standplatzschlinge-belay-station","status":"publish","type":"product","link":"https:\/\/bolting.eu\/en\/shop\/edelrid-standplatzschlinge-belay-station\/","title":{"rendered":"Edelrid Standplatzschlinge Belay Station"},"content":{"rendered":"<p>Die Edelrid Standplatzschlinge Belay Station ist eine klasse Sache. Denn diese 12mm Bandschlinge hat es in sich. Das ist sprichw\u00f6rtlich gemeint. Denn in einer Polyamid H\u00fclle steckt ein extrem rei\u00dffestes Band aus Dyneema Material. Somit kann man mit der 120cm langen Schlinge und dem eingen\u00e4hten &#8220;Auge&#8221; perfekt Stand machen.<\/p>\n<p>Dabei kann man im Handumdrehen eine Serienschaltung bauen. Kurzum. Besonders f\u00fcr Alpinkletter Anf\u00e4nger kann diese Schlinge eine gro\u00dfe Hilfe sein. Sie sollte in jeder <a href=\"https:\/\/bolting.eu\/kletterausruestung\/\">Kletterausr\u00fcstung<\/a> mit dabei sein.<\/p>\n<h2>Eigenschaften Edelrid Standplatzschlinge Belay Station<\/h2>\n<ul>\n<li>Hersteller: <a href=\"https:\/\/bolting.eu\/produkt-kategorie\/edelrid\/\">Edelrid<\/a><\/li>\n<li>Material: Polyamid (H\u00fclle9 bzw. Dyneema (Kern)<\/li>\n<li>Bruchlast: 22kN<\/li>\n<li>EN Norm: EN 566<\/li>\n<li>CE Norm: CE 0123<\/li>\n<li>Breite 12mm<\/li>\n<li>Gewicht: 59 Gramm<\/li>\n<li>super praktisch f\u00fcr raschen Standbau<\/li>\n<li>fixes &#8220;Auge&#8221; als Zentral Einh\u00e4ngepunkt<\/li>\n<\/ul>\n<h3>Edelrid Standplatzschlinge Belay Station &#8211; eine gro\u00dfe Erleichterung<\/h3>\n<p>Wer kennt das nicht? Man kommt zum Stand und soll dann aus immer verschiedensten Konstellationen von Fixpunkten Stand machen. Das kann ganz sch\u00f6n fordernd sein. Denn man muss sowohl alle Knoten wie auch die passenden <a href=\"https:\/\/bolting.eu\/produkt-kategorie\/reepschnur\/\">Reepschnur<\/a> bzw. <a href=\"https:\/\/bolting.eu\/produkt-kategorie\/bandschlinge\/\">Bandschlinge<\/a> f\u00fcr Reihenschaltung bzw. Ausgleichsverankerung vorr\u00e4tig haben.<\/p>\n<p>Die Standplatzschlinge von Edelrid l\u00f6st dieses Problem zu einem ganz betr\u00e4chtlichen Teil. Denn diese Schlinge hat ein fixes &#8220;Auge&#8221; als zentralen Einh\u00e4ngepunkt. Man muss nur noch den Mastwurf beherrschen um das Band korrekt in die <a href=\"https:\/\/bolting.eu\/produkt-kategorie\/karabiner-kletterkarabiner\/\">Karabiner<\/a> einzuh\u00e4ngen.<\/p>\n<h3>So transportiert man die Edelrid Standplatzschlinge Belay Station<\/h3>\n<p>DieSchlinge h\u00e4ngt man sich am besten um die Schulter. Daf\u00fcr die Schlinge einfach einmal umschlagen. Die beiden Schlaufen \u00fcber eine Schulter bzw. unter ein Achsel und schon kann es los gehen.<\/p>\n<h3>Video Reihenschaltung<\/h3>\n<p>Die der Bau einer Reihenschaltung funktioniert zeigt euch das folgende Video. Beachtet dabei. Das F\u00e4deln des &#8220;weichen Auge&#8221; entf\u00e4llt dank der Bauweise der Edelrid Standplatzschlinge Belay Station.<\/p>\n<p><iframe loading=\"lazy\" src=\"https:\/\/www.youtube.com\/embed\/PuDso2BHrow\" width=\"100%\" height=\"450\" frameborder=\"0\" allowfullscreen=\"allowfullscreen\"><\/iframe><\/p>\n<h3>Wann ist die Schlinge auszutauschen?<\/h3>\n<p>Wie jede andere Bandschlinge erreicht die Edelrid Standplatzschlinge Belay Station irgendwann einmal ihre maximale Verwendungsdauer. Diese h\u00e4ngt von mehreren Faktoren ab. Erstens der Intensit\u00e4t der Nutzung. Zweitens der H\u00e4ufigkeit. Drittens der Dauer der jeweiligen Kombination aus Intensit\u00e4t und H\u00e4ufigkeit. D.h. fr\u00fcher oder sp\u00e4ter wird es Verschlei\u00dferscheinungen geben.<\/p>\n<p>Sind N\u00e4hte vom Verschlie\u00df deutlich betroffen betroffen und aufgeplatzt? Dann ist die Schlinge zu entsorgen. Hat das Bandmaterial deutliche Risse bzw. franst sie irgendwo schon aus? Dann ist das Produkt ebenfalls zu entsorgen.<\/p>\n<p>Bei h\u00e4ufiger Verwendung sollte man eine Bandschlinge nach 3 Jahren austauschen. Die maximale Lagerfrist betr\u00e4gt beiNicht Verwendung 10 Jahre.<\/p>\n<h4><strong>Link Tipp<\/strong><\/h4>\n<p>Mehr Infos zur Inspektion der Edelrid Standplatzschlinge Belay Station gibt es beim <a href=\"https:\/\/media.edelrid.de\/images\/attribut\/Pruefanweisung_Schlingen-Band-Verbindungsmittel.pdf\" target=\"_blank\" rel=\"noopener noreferrer\">Hersteller<\/a><\/p>\n<p>&nbsp;<\/p>\n","protected":false},"excerpt":{"rendered":"<ul>\n<li>Hersteller: <a href=\"https:\/\/bolting.eu\/produkt-kategorie\/edelrid\/\">Edelrid<\/a><\/li>\n<li>Material: Polyamid (H\u00fclle9 bzw. Dyneema (Kern)<\/li>\n<li>Bruchlast: 22kN<\/li>\n<li>EN Norm: EN 566<\/li>\n<li>CE Norm: CE 0123<\/li>\n<li>Breite 12mm<\/li>\n<li>Gewicht: 59 Gramm<\/li>\n<li>super praktisch f\u00fcr raschen Standbau<\/li>\n<li>fixes &#8220;Auge&#8221; als Zentral Einh\u00e4ngepunkt<\/li>\n<\/ul>\n","protected":false},"featured_media":4862,"comment_status":"open","ping_status":"closed","template":"","meta":[],"product_brand":[],"product_cat":[259,4655],"product_tag":[262],"class_list":{"0":"post-4861","1":"product","2":"type-product","3":"status-publish","4":"has-post-thumbnail","6":"product_cat-bandschlinge","7":"product_cat-edelrid","8":"product_tag-alpinklettern","10":"first","11":"instock","12":"taxable","13":"shipping-taxable","14":"purchasable","15":"product-type-simple"},"yoast_head":"<!-- This site is optimized with the Yoast SEO Premium plugin v26.9 (Yoast SEO v26.9) - https:\/\/yoast.com\/product\/yoast-seo-premium-wordpress\/ -->\n<title>Edelrid Standplatzschlinge Belay Station g\u00fcnstig online kaufen| bolting.eu<\/title>\n<meta name=\"description\" content=\"Hier findest Du die EDELRID STANDPLATZSCHLINGE BELAY STATION. \u2705 14 Tage R\u00fcckgaberecht \u2705 versandfrei* ab \u20ac 100,- \u2705 Kaufberatung \u2705 Fachh\u00e4ndler aus \u00d6sterreich\" \/>\n<meta name=\"robots\" content=\"index, follow, max-snippet:-1, max-image-preview:large, max-video-preview:-1\" \/>\n<link rel=\"canonical\" href=\"https:\/\/bolting.eu\/en\/shop\/edelrid-standplatzschlinge-belay-station\/\" \/>\n<meta property=\"og:locale\" content=\"en_US\" \/>\n<meta property=\"og:type\" content=\"article\" \/>\n<meta property=\"og:title\" content=\"Edelrid Standplatzschlinge Belay Station\" \/>\n<meta property=\"og:description\" content=\"Hier findest Du die EDELRID STANDPLATZSCHLINGE BELAY STATION. \u2705 14 Tage R\u00fcckgaberecht \u2705 versandfrei* ab \u20ac 100,- \u2705 Kaufberatung \u2705 Fachh\u00e4ndler aus \u00d6sterreich\" \/>\n<meta property=\"og:url\" content=\"https:\/\/bolting.eu\/en\/shop\/edelrid-standplatzschlinge-belay-station\/\" \/>\n<meta property=\"og:site_name\" content=\"bolting.eu\" \/>\n<meta property=\"article:publisher\" content=\"https:\/\/www.facebook.com\/bolting.eu\" \/>\n<meta property=\"article:modified_time\" content=\"2023-11-08T14:12:48+00:00\" \/>\n<meta property=\"og:image\" content=\"https:\/\/bolting.eu\/wp-content\/uploads\/2020\/08\/Edelrid-Standplatzschlinge-Belay-Station-1.jpg\" \/>\n\t<meta property=\"og:image:width\" content=\"700\" \/>\n\t<meta property=\"og:image:height\" content=\"700\" \/>\n\t<meta property=\"og:image:type\" content=\"image\/jpeg\" \/>\n<meta name=\"twitter:card\" content=\"summary_large_image\" \/>\n<meta name=\"twitter:label1\" content=\"Price\" \/>\n\t<meta name=\"twitter:data1\" content=\"&euro;&nbsp;30,00\" \/>\n\t<meta name=\"twitter:label2\" content=\"Availability\" \/>\n\t<meta name=\"twitter:data2\" content=\"In stock\" \/>\n<script type=\"application\/ld+json\" class=\"yoast-schema-graph\">{\"@context\":\"https:\/\/schema.org\",\"@graph\":[{\"@type\":[\"WebPage\",\"ItemPage\"],\"@id\":\"https:\/\/bolting.eu\/en\/shop\/edelrid-standplatzschlinge-belay-station\/\",\"url\":\"https:\/\/bolting.eu\/en\/shop\/edelrid-standplatzschlinge-belay-station\/\",\"name\":\"Edelrid Standplatzschlinge Belay Station g\u00fcnstig online kaufen| bolting.eu\",\"isPartOf\":{\"@id\":\"https:\/\/bolting.eu\/en\/#website\"},\"primaryImageOfPage\":{\"@id\":\"https:\/\/bolting.eu\/en\/shop\/edelrid-standplatzschlinge-belay-station\/#primaryimage\"},\"image\":{\"@id\":\"https:\/\/bolting.eu\/en\/shop\/edelrid-standplatzschlinge-belay-station\/#primaryimage\"},\"thumbnailUrl\":\"https:\/\/bolting.eu\/wp-content\/uploads\/2020\/08\/Edelrid-Standplatzschlinge-Belay-Station-1.jpg\",\"datePublished\":\"2020-08-24T16:32:08+00:00\",\"dateModified\":\"2023-11-08T14:12:48+00:00\",\"description\":\"Hier findest Du die EDELRID STANDPLATZSCHLINGE BELAY STATION. \u2705 14 Tage R\u00fcckgaberecht \u2705 versandfrei* ab \u20ac 100,- \u2705 Kaufberatung \u2705 Fachh\u00e4ndler aus \u00d6sterreich\",\"breadcrumb\":{\"@id\":\"https:\/\/bolting.eu\/en\/shop\/edelrid-standplatzschlinge-belay-station\/#breadcrumb\"},\"inLanguage\":\"en-US\",\"potentialAction\":[{\"@type\":\"ReadAction\",\"target\":[\"https:\/\/bolting.eu\/en\/shop\/edelrid-standplatzschlinge-belay-station\/\"]}]},{\"@type\":\"ImageObject\",\"inLanguage\":\"en-US\",\"@id\":\"https:\/\/bolting.eu\/en\/shop\/edelrid-standplatzschlinge-belay-station\/#primaryimage\",\"url\":\"https:\/\/bolting.eu\/wp-content\/uploads\/2020\/08\/Edelrid-Standplatzschlinge-Belay-Station-1.jpg\",\"contentUrl\":\"https:\/\/bolting.eu\/wp-content\/uploads\/2020\/08\/Edelrid-Standplatzschlinge-Belay-Station-1.jpg\",\"width\":700,\"height\":700,\"caption\":\"Das Bild zeigt eine Edelrid Standplatzschlinge Belay Station. Sie ist wie eine Spinne ausgelegt, an den beiden Enden befinden sich jeweils Mastwurf Knoten. Die Vorrichtung ist dem Aufbau an einem Standplatz mit zwei Haken nachempfunden.\"},{\"@type\":\"BreadcrumbList\",\"@id\":\"https:\/\/bolting.eu\/en\/shop\/edelrid-standplatzschlinge-belay-station\/#breadcrumb\",\"itemListElement\":[{\"@type\":\"ListItem\",\"position\":1,\"name\":\"Shop\",\"item\":\"https:\/\/bolting.eu\/en\/shop\/\"},{\"@type\":\"ListItem\",\"position\":2,\"name\":\"climbing equipment\",\"item\":\"https:\/\/bolting.eu\/en\/produkt-kategorie\/climbing-equipment\/\"},{\"@type\":\"ListItem\",\"position\":3,\"name\":\"Bandschlinge\",\"item\":\"https:\/\/bolting.eu\/produkt-kategorie\/kletterausruestung\/bandschlinge\/\"},{\"@type\":\"ListItem\",\"position\":4,\"name\":\"Edelrid Standplatzschlinge Belay Station\"}]},{\"@type\":\"WebSite\",\"@id\":\"https:\/\/bolting.eu\/en\/#website\",\"url\":\"https:\/\/bolting.eu\/en\/\",\"name\":\"bolting.eu\",\"description\":\"we make climbs happen\",\"publisher\":{\"@id\":\"https:\/\/bolting.eu\/en\/#organization\"},\"potentialAction\":[{\"@type\":\"SearchAction\",\"target\":{\"@type\":\"EntryPoint\",\"urlTemplate\":\"https:\/\/bolting.eu\/en\/?s={search_term_string}\"},\"query-input\":{\"@type\":\"PropertyValueSpecification\",\"valueRequired\":true,\"valueName\":\"search_term_string\"}}],\"inLanguage\":\"en-US\"},{\"@type\":[\"Organization\",\"Place\",\"SportingGoodsStore\"],\"@id\":\"https:\/\/bolting.eu\/en\/#organization\",\"name\":\"bolting.eu\",\"url\":\"https:\/\/bolting.eu\/en\/\",\"logo\":{\"@id\":\"https:\/\/bolting.eu\/en\/shop\/edelrid-standplatzschlinge-belay-station\/#local-main-organization-logo\"},\"image\":{\"@id\":\"https:\/\/bolting.eu\/en\/shop\/edelrid-standplatzschlinge-belay-station\/#local-main-organization-logo\"},\"sameAs\":[\"https:\/\/www.facebook.com\/bolting.eu\",\"https:\/\/www.instagram.com\/bolting.eu\/\"],\"address\":{\"@id\":\"https:\/\/bolting.eu\/en\/shop\/edelrid-standplatzschlinge-belay-station\/#local-main-place-address\"},\"geo\":{\"@type\":\"GeoCoordinates\",\"latitude\":\"47.264176340396226\",\"longitude\":\"11.380109057672346\"},\"telephone\":[\"+43 699 19083372\"],\"openingHoursSpecification\":[{\"@type\":\"OpeningHoursSpecification\",\"dayOfWeek\":[\"Monday\",\"Wednesday\",\"Friday\"],\"opens\":\"14:00\",\"closes\":\"18:00\"},{\"@type\":\"OpeningHoursSpecification\",\"dayOfWeek\":[\"Tuesday\",\"Thursday\",\"Saturday\",\"Sunday\"],\"opens\":\"00:00\",\"closes\":\"00:00\"}],\"email\":\"office@bolting.eu\",\"vatID\":\"ATU59999728\",\"priceRange\":\"$$\",\"currenciesAccepted\":\"Euro\"},{\"@type\":\"PostalAddress\",\"@id\":\"https:\/\/bolting.eu\/en\/shop\/edelrid-standplatzschlinge-belay-station\/#local-main-place-address\",\"streetAddress\":\"Fischnalerstra\u00dfe 4\",\"addressLocality\":\"Innsbruck\",\"postalCode\":\"6020\",\"addressRegion\":\"Tirol\",\"addressCountry\":\"AT\"},{\"@type\":\"ImageObject\",\"inLanguage\":\"en-US\",\"@id\":\"https:\/\/bolting.eu\/en\/shop\/edelrid-standplatzschlinge-belay-station\/#local-main-organization-logo\",\"url\":\"https:\/\/bolting.eu\/wp-content\/uploads\/2019\/09\/bolting-logo.png\",\"contentUrl\":\"https:\/\/bolting.eu\/wp-content\/uploads\/2019\/09\/bolting-logo.png\",\"width\":400,\"height\":211,\"caption\":\"bolting.eu\"}]}<\/script>\n<meta property=\"og:video\" content=\"https:\/\/www.youtube.com\/embed\/PuDso2BHrow\" \/>\n<meta property=\"og:video:type\" content=\"text\/html\" \/>\n<meta property=\"og:video:duration\" content=\"231\" \/>\n<meta property=\"og:video:width\" content=\"480\" \/>\n<meta property=\"og:video:height\" content=\"270\" \/>\n<meta property=\"ya:ovs:adult\" content=\"false\" \/>\n<meta property=\"ya:ovs:upload_date\" content=\"2020-08-24T16:32:08+00:00\" \/>\n<meta property=\"ya:ovs:allow_embed\" content=\"true\" \/>\n<meta property=\"product:price:amount\" content=\"30.00\" \/>\n<meta property=\"product:price:currency\" content=\"EUR\" \/>\n<meta property=\"og:availability\" content=\"instock\" \/>\n<meta property=\"product:availability\" content=\"instock\" \/>\n<meta property=\"product:retailer_item_id\" content=\"717341100170\" \/>\n<meta property=\"product:condition\" content=\"new\" \/>\n<meta name=\"geo.placename\" content=\"Innsbruck\" \/>\n<meta name=\"geo.position\" content=\"47.264176340396226;11.380109057672346\" \/>\n<meta name=\"geo.region\" content=\"Austria\" \/>\n<!-- \/ Yoast SEO Premium plugin. -->","yoast_head_json":{"title":"Edelrid Standplatzschlinge Belay Station g\u00fcnstig online kaufen| bolting.eu","description":"Hier findest Du die EDELRID STANDPLATZSCHLINGE BELAY STATION. \u2705 14 Tage R\u00fcckgaberecht \u2705 versandfrei* ab \u20ac 100,- \u2705 Kaufberatung \u2705 Fachh\u00e4ndler aus \u00d6sterreich","robots":{"index":"index","follow":"follow","max-snippet":"max-snippet:-1","max-image-preview":"max-image-preview:large","max-video-preview":"max-video-preview:-1"},"canonical":"https:\/\/bolting.eu\/en\/shop\/edelrid-standplatzschlinge-belay-station\/","og_locale":"en_US","og_type":"article","og_title":"Edelrid Standplatzschlinge Belay Station","og_description":"Hier findest Du die EDELRID STANDPLATZSCHLINGE BELAY STATION. \u2705 14 Tage R\u00fcckgaberecht \u2705 versandfrei* ab \u20ac 100,- \u2705 Kaufberatung \u2705 Fachh\u00e4ndler aus \u00d6sterreich","og_url":"https:\/\/bolting.eu\/en\/shop\/edelrid-standplatzschlinge-belay-station\/","og_site_name":"bolting.eu","article_publisher":"https:\/\/www.facebook.com\/bolting.eu","article_modified_time":"2023-11-08T14:12:48+00:00","og_image":[{"width":700,"height":700,"url":"https:\/\/bolting.eu\/wp-content\/uploads\/2020\/08\/Edelrid-Standplatzschlinge-Belay-Station-1.jpg","type":"image\/jpeg"}],"twitter_card":"summary_large_image","twitter_misc":{"Price":"&euro;&nbsp;30,00","Availability":"In stock"},"schema":{"@context":"https:\/\/schema.org","@graph":[{"@type":["WebPage","ItemPage"],"@id":"https:\/\/bolting.eu\/en\/shop\/edelrid-standplatzschlinge-belay-station\/","url":"https:\/\/bolting.eu\/en\/shop\/edelrid-standplatzschlinge-belay-station\/","name":"Edelrid Standplatzschlinge Belay Station g\u00fcnstig online kaufen| bolting.eu","isPartOf":{"@id":"https:\/\/bolting.eu\/en\/#website"},"primaryImageOfPage":{"@id":"https:\/\/bolting.eu\/en\/shop\/edelrid-standplatzschlinge-belay-station\/#primaryimage"},"image":{"@id":"https:\/\/bolting.eu\/en\/shop\/edelrid-standplatzschlinge-belay-station\/#primaryimage"},"thumbnailUrl":"https:\/\/bolting.eu\/wp-content\/uploads\/2020\/08\/Edelrid-Standplatzschlinge-Belay-Station-1.jpg","datePublished":"2020-08-24T16:32:08+00:00","dateModified":"2023-11-08T14:12:48+00:00","description":"Hier findest Du die EDELRID STANDPLATZSCHLINGE BELAY STATION. \u2705 14 Tage R\u00fcckgaberecht \u2705 versandfrei* ab \u20ac 100,- \u2705 Kaufberatung \u2705 Fachh\u00e4ndler aus \u00d6sterreich","breadcrumb":{"@id":"https:\/\/bolting.eu\/en\/shop\/edelrid-standplatzschlinge-belay-station\/#breadcrumb"},"inLanguage":"en-US","potentialAction":[{"@type":"ReadAction","target":["https:\/\/bolting.eu\/en\/shop\/edelrid-standplatzschlinge-belay-station\/"]}]},{"@type":"ImageObject","inLanguage":"en-US","@id":"https:\/\/bolting.eu\/en\/shop\/edelrid-standplatzschlinge-belay-station\/#primaryimage","url":"https:\/\/bolting.eu\/wp-content\/uploads\/2020\/08\/Edelrid-Standplatzschlinge-Belay-Station-1.jpg","contentUrl":"https:\/\/bolting.eu\/wp-content\/uploads\/2020\/08\/Edelrid-Standplatzschlinge-Belay-Station-1.jpg","width":700,"height":700,"caption":"Das Bild zeigt eine Edelrid Standplatzschlinge Belay Station. Sie ist wie eine Spinne ausgelegt, an den beiden Enden befinden sich jeweils Mastwurf Knoten. Die Vorrichtung ist dem Aufbau an einem Standplatz mit zwei Haken nachempfunden."},{"@type":"BreadcrumbList","@id":"https:\/\/bolting.eu\/en\/shop\/edelrid-standplatzschlinge-belay-station\/#breadcrumb","itemListElement":[{"@type":"ListItem","position":1,"name":"Shop","item":"https:\/\/bolting.eu\/en\/shop\/"},{"@type":"ListItem","position":2,"name":"climbing equipment","item":"https:\/\/bolting.eu\/en\/produkt-kategorie\/climbing-equipment\/"},{"@type":"ListItem","position":3,"name":"Bandschlinge","item":"https:\/\/bolting.eu\/produkt-kategorie\/kletterausruestung\/bandschlinge\/"},{"@type":"ListItem","position":4,"name":"Edelrid Standplatzschlinge Belay Station"}]},{"@type":"WebSite","@id":"https:\/\/bolting.eu\/en\/#website","url":"https:\/\/bolting.eu\/en\/","name":"bolting.eu","description":"we make climbs happen","publisher":{"@id":"https:\/\/bolting.eu\/en\/#organization"},"potentialAction":[{"@type":"SearchAction","target":{"@type":"EntryPoint","urlTemplate":"https:\/\/bolting.eu\/en\/?s={search_term_string}"},"query-input":{"@type":"PropertyValueSpecification","valueRequired":true,"valueName":"search_term_string"}}],"inLanguage":"en-US"},{"@type":["Organization","Place","SportingGoodsStore"],"@id":"https:\/\/bolting.eu\/en\/#organization","name":"bolting.eu","url":"https:\/\/bolting.eu\/en\/","logo":{"@id":"https:\/\/bolting.eu\/en\/shop\/edelrid-standplatzschlinge-belay-station\/#local-main-organization-logo"},"image":{"@id":"https:\/\/bolting.eu\/en\/shop\/edelrid-standplatzschlinge-belay-station\/#local-main-organization-logo"},"sameAs":["https:\/\/www.facebook.com\/bolting.eu","https:\/\/www.instagram.com\/bolting.eu\/"],"address":{"@id":"https:\/\/bolting.eu\/en\/shop\/edelrid-standplatzschlinge-belay-station\/#local-main-place-address"},"geo":{"@type":"GeoCoordinates","latitude":"47.264176340396226","longitude":"11.380109057672346"},"telephone":["+43 699 19083372"],"openingHoursSpecification":[{"@type":"OpeningHoursSpecification","dayOfWeek":["Monday","Wednesday","Friday"],"opens":"14:00","closes":"18:00"},{"@type":"OpeningHoursSpecification","dayOfWeek":["Tuesday","Thursday","Saturday","Sunday"],"opens":"00:00","closes":"00:00"}],"email":"office@bolting.eu","vatID":"ATU59999728","priceRange":"$$","currenciesAccepted":"Euro"},{"@type":"PostalAddress","@id":"https:\/\/bolting.eu\/en\/shop\/edelrid-standplatzschlinge-belay-station\/#local-main-place-address","streetAddress":"Fischnalerstra\u00dfe 4","addressLocality":"Innsbruck","postalCode":"6020","addressRegion":"Tirol","addressCountry":"AT"},{"@type":"ImageObject","inLanguage":"en-US","@id":"https:\/\/bolting.eu\/en\/shop\/edelrid-standplatzschlinge-belay-station\/#local-main-organization-logo","url":"https:\/\/bolting.eu\/wp-content\/uploads\/2019\/09\/bolting-logo.png","contentUrl":"https:\/\/bolting.eu\/wp-content\/uploads\/2019\/09\/bolting-logo.png","width":400,"height":211,"caption":"bolting.eu"}]},"og_video":"https:\/\/www.youtube.com\/embed\/PuDso2BHrow","og_video_type":"text\/html","og_video_duration":"231","og_video_width":"480","og_video_height":"270","ya_ovs_adult":"false","ya_ovs_upload_date":"2020-08-24T16:32:08+00:00","ya_ovs_allow_embed":"true","product_price_amount":"30.00","product_price_currency":"EUR","og_availability":"instock","product_availability":"instock","product_retailer_item_id":"717341100170","product_condition":"new","geo.placename":"Innsbruck","geo.position":{"lat":"47.264176340396226","long":"11.380109057672346"},"geo.region":"Austria"},"_links":{"self":[{"href":"https:\/\/bolting.eu\/en\/wp-json\/wp\/v2\/product\/4861","targetHints":{"allow":["GET"]}}],"collection":[{"href":"https:\/\/bolting.eu\/en\/wp-json\/wp\/v2\/product"}],"about":[{"href":"https:\/\/bolting.eu\/en\/wp-json\/wp\/v2\/types\/product"}],"replies":[{"embeddable":true,"href":"https:\/\/bolting.eu\/en\/wp-json\/wp\/v2\/comments?post=4861"}],"wp:featuredmedia":[{"embeddable":true,"href":"https:\/\/bolting.eu\/en\/wp-json\/wp\/v2\/media\/4862"}],"wp:attachment":[{"href":"https:\/\/bolting.eu\/en\/wp-json\/wp\/v2\/media?parent=4861"}],"wp:term":[{"taxonomy":"product_brand","embeddable":true,"href":"https:\/\/bolting.eu\/en\/wp-json\/wp\/v2\/product_brand?post=4861"},{"taxonomy":"product_cat","embeddable":true,"href":"https:\/\/bolting.eu\/en\/wp-json\/wp\/v2\/product_cat?post=4861"},{"taxonomy":"product_tag","embeddable":true,"href":"https:\/\/bolting.eu\/en\/wp-json\/wp\/v2\/product_tag?post=4861"}],"curies":[{"name":"wp","href":"https:\/\/api.w.org\/{rel}","templated":true}]}}