{"id":4832,"date":"2020-08-24T09:02:27","date_gmt":"2020-08-24T07:02:27","guid":{"rendered":"https:\/\/bolting.eu\/?post_type=product&#038;p=4832"},"modified":"2026-02-25T16:32:34","modified_gmt":"2026-02-25T15:32:34","slug":"dmm-wallnuts","status":"publish","type":"product","link":"https:\/\/bolting.eu\/en\/shop\/dmm-wallnuts\/","title":{"rendered":"DMM Wallnuts"},"content":{"rendered":"<p>Die DMM Wallnuts sind ein richtig cooles <a href=\"https:\/\/bolting.eu\/produkt-kategorie\/klemmkeile\/\">Klemmkeil<\/a> Set. Denn es besteht erstens aus bis zu 11 Keilen. D.h. man kann in einer normalen Route meist locker alle Keil-Placements abdecken. Zweitens decken sie einen gro\u00dfen Bereich an Rissbreiten ab. Dieser reicht von 6,7 bis 37,4 mm. Drittens sind die eloxierten Alu K\u00f6pfe quasi unkaputtbar. Und viertens ist das Set in gleich vier Varianten erh\u00e4ltlich.<\/p>\n<p>Kurzum. Ein extrem universelles Keile Set mit dem man ganz lange Freude haben wird. Es sollte in keiner <a href=\"https:\/\/bolting.eu\/kletterausruestung\/\">Klettterausr\u00fcstung<\/a> bzw. <a href=\"https:\/\/bolting.eu\/produkt-kategorie\/big-wall-ausruestung\/\">Big Wall Ausr\u00fcstung<\/a> fehlen!<\/p>\n<h2>Eigenschaften DMM Wallnuts<\/h2>\n<ul>\n<li>Hersteller: <a href=\"https:\/\/bolting.eu\/produkt-kategorie\/dmm\/\">DMM Climbing<\/a><\/li>\n<li>Material: eloxiertes Alu (Kopf) bzw. verzinkter Stahl (Drahtschlinge)<\/li>\n<li>Set in vier Varianten erh\u00e4ltlich<\/li>\n<li>EN Norm: EN 12276:2013<\/li>\n<li>Bruchlasten: 7 &#8211; 12 kN<\/li>\n<li>Gewicht: 170 Gramm bis 429 Gramm<\/li>\n<li>sehr gro\u00dfe Oberfl\u00e4che f\u00fcr besten Halt<\/li>\n<li>Rissbreiten 6,7 \u2013 37,4 mm<\/li>\n<li>K\u00f6pfe in verschiedenen Farben<\/li>\n<li>Gr\u00f6\u00dfen leicht erkennbar<\/li>\n<li>zum Anh\u00e4ngen am <a href=\"https:\/\/bolting.eu\/produkt-kategorie\/kletterausruestung\/klettergurte\/\">Klettergurt<\/a> am besten<br \/>\nkleinen <a href=\"https:\/\/bolting.eu\/produkt-kategorie\/kletterausruestung\/kletterkarabiner\/\">Kletterkarabiner<\/a> verwenden<\/li>\n<li>f\u00fcr sicheren Halt lange <a href=\"https:\/\/bolting.eu\/produkt-kategorie\/kletterausruestung\/expressschlingen\/\">Expressschlinge<\/a> einh\u00e4ngen<\/li>\n<\/ul>\n<h3>\u00dcbersicht DMM Wallnuts Sets<\/h3>\n<p>Wir alle haben beim Klettern ganz bestimmte Anforderungen bzw. Vorlieben. Folglich wollen nicht alle Kletterer das gro\u00dfe Wallnuts Set mit 11 Keilen kaufen.<\/p>\n<p>DMM und wir wissen das nat\u00fcrlich auch. Deshalb bieten wir dieses Set in gleich vier Varianten an. Im Folgenden findet ihr eine \u00dcbersicht zu den jeweiligen Zusammenstellungen.<\/p>\n<table style=\"height: 251px;\" width=\"727\">\n<tbody>\n<tr>\n<td style=\"text-align: center;\" colspan=\"4\" width=\"379\"><strong>DMM Wallnuts Klemmkeile Sets<\/strong><\/td>\n<\/tr>\n<tr>\n<td><\/td>\n<td><\/td>\n<td><\/td>\n<td><\/td>\n<\/tr>\n<tr>\n<td style=\"text-align: center;\"><strong>Set<\/strong><\/td>\n<td style=\"text-align: center;\"><strong>Anzahl Keile<\/strong><\/td>\n<td style=\"text-align: center;\"><strong>Rissbreiten<\/strong><\/td>\n<td style=\"text-align: center;\"><strong>Gewicht<\/strong><\/td>\n<\/tr>\n<tr>\n<td style=\"text-align: center;\">Set Gr\u00f6\u00dfe 1-6<\/td>\n<td style=\"text-align: center;\">6<\/td>\n<td style=\"text-align: center;\">6,7 &#8211; 22,6 mm<\/td>\n<td style=\"text-align: center;\">170 Gramm<\/td>\n<\/tr>\n<tr>\n<td style=\"text-align: center;\">Set Gr\u00f6\u00dfe 3-8<\/td>\n<td style=\"text-align: center;\">6<\/td>\n<td style=\"text-align: center;\">9,4 &#8211; 29 mm<\/td>\n<td style=\"text-align: center;\">214 Gramm<\/td>\n<\/tr>\n<tr>\n<td style=\"text-align: center;\">Set Gr\u00f6\u00dfe 7-11<\/td>\n<td style=\"text-align: center;\">5<\/td>\n<td style=\"text-align: center;\">18,9 &#8211; 37,4 mm<\/td>\n<td style=\"text-align: center;\">259 Gramm<\/td>\n<\/tr>\n<tr>\n<td style=\"text-align: center;\">Set Gr\u00f6\u00dfe 1-11<\/td>\n<td style=\"text-align: center;\">11<\/td>\n<td style=\"text-align: center;\">6,7 &#8211; 37,4 mm<\/td>\n<td style=\"text-align: center;\">429 Gramm<\/td>\n<\/tr>\n<\/tbody>\n<\/table>\n<p>&nbsp;<\/p>\n<h3>Produktvideo<\/h3>\n<p>Der walisische Hersteller hat ein tolles Produktvideo zu den DMM Wallnuts gemacht. Dieses wollen wir euch nat\u00fcrlich nicht vorenthalten. Das Video wartet auch mit einigen coolen Tipps zum Legen der Keile auf.<\/p>\n<p><iframe loading=\"lazy\" src=\"https:\/\/player.vimeo.com\/video\/33283858?color=cc0033&amp;title=0&amp;byline=0&amp;portrait=0\" width=\"100%\" height=\"450\" frameborder=\"0\" allowfullscreen=\"allowfullscreen\"><span data-mce-type=\"bookmark\" style=\"display: inline-block; width: 0px; overflow: hidden; line-height: 0;\" class=\"mce_SELRES_start\">\ufeff<\/span><\/iframe><\/p>\n<p>&nbsp;<\/p>\n<h3>DMM Wallnuts &#8211; cleveres Design<\/h3>\n<p>Dieses Keilset hat ein extrem ausgereiftes Design. Denn die Gr\u00f6\u00dfen sind zum einen schon einmal super \u00fcberlappend. Somit k\u00f6nnen durchgehend alle Rissbreiten abgedeckt werden. Zum anderen haben die Keile aber auch eine gebogene Form. D.h. es ergeben sich dadurch viel mehr Optionen zum Legen. Beispielsweise in fast schon parallelen Rissen.<\/p>\n<h3>Zwei Materialtypen<\/h3>\n<p>Die DMM Wallnuts werden in zwei verschiedenen Materialien hergestellt.<\/p>\n<p>Erstens sehr hartes Aluminium f\u00fcr die Gr\u00f6\u00dfen 1-6. Denn diese Keile werden oft als ganzes extrem belastet. Folglich sind sie aus einem festen Alu-Block gefertigt.<\/p>\n<p>Zweitens werden die Gr\u00f6\u00dfen 7-11 aus einem weicheren Alu produziert. Zudem sind diese Gr\u00f6\u00dfen aus einem Rohr hergestellt. Die &#8220;hohle&#8221; Form spart extrem viel Gewicht und gibt zudem mehr Stabilit\u00e4t.<\/p>\n<h3>bolting.eu Praxis Tipp<\/h3>\n<p>Klemmkeile wie die DMM Wallnuts werden oft f\u00fcr den Standplatzbau verwendet. Hierbei gilt es dann oft mehrere Placements in einer Ausgleichsverankerung oder Serienschaltung zu verbinden.<\/p>\n<p>Beachtet in diesem Fall bitte. Sowohl <a href=\"https:\/\/bolting.eu\/produkt-kategorie\/reepschnur\/\">Reepschn\u00fcre<\/a> als auch <a href=\"https:\/\/bolting.eu\/produkt-kategorie\/bandschlinge\/\">Bandschlingen<\/a> sollen niemals direkt in die Drahtschlinge gef\u00e4delt werden. Verwendet daf\u00fcr ausschlie\u00dflich Karabiner!<\/p>\n<p>Denn die weichen Kunststoff Materialien werden an den Drahtkabeln kaputt.<\/p>\n<h4><strong>Link Tipp<\/strong><\/h4>\n<p>Mehr Infos zu den DMM Wallnuts gib es auf der Website des <a href=\"https:\/\/dmmclimbing.com\/\">Herstellers<\/a>.<\/p>\n","protected":false},"excerpt":{"rendered":"<ul>\n<li>Hersteller: <a href=\"https:\/\/bolting.eu\/produkt-kategorie\/dmm\/\">DMM Climbing<\/a><\/li>\n<li>Material: eloxiertes Alu (Kopf) bzw. verzinkter Stahl (Drahtschlinge)<\/li>\n<li>Set in vier Varianten erh\u00e4ltlich<\/li>\n<li>EN Norm: EN 12276:2013<\/li>\n<li>Bruchlasten: 7 &#8211; 12 kN<\/li>\n<li>Gewicht: 170 Gramm bis 429 Gramm<\/li>\n<li>sehr gro\u00dfe Oberfl\u00e4che f\u00fcr besten Halt<\/li>\n<li>Rissbreiten 6,7 \u2013 37,4 mm<\/li>\n<li>K\u00f6pfe in verschiedenen Farben<\/li>\n<li>Gr\u00f6\u00dfen leicht erkennbar<\/li>\n<\/ul>\n","protected":false},"featured_media":4834,"comment_status":"open","ping_status":"closed","template":"","meta":[],"product_brand":[],"product_cat":[31,9670,3712],"product_tag":[262,265,4164],"class_list":{"0":"post-4832","1":"product","2":"type-product","3":"status-publish","4":"has-post-thumbnail","6":"product_cat-big-wall-ausruestung","7":"product_cat-dmm","8":"product_cat-klemmkeile","9":"product_tag-alpinklettern","10":"product_tag-big-wall-klettern","11":"product_tag-trad-klettern","13":"first","14":"instock","15":"taxable","16":"shipping-taxable","17":"purchasable","18":"product-type-variable"},"yoast_head":"<!-- This site is optimized with the Yoast SEO Premium plugin v26.9 (Yoast SEO v26.9) - https:\/\/yoast.com\/product\/yoast-seo-premium-wordpress\/ -->\n<title>DMM Wallnuts Klemmkeil Set online kaufen | bolting.eu<\/title>\n<meta name=\"description\" content=\"Hier findest Du das DMM WALLNUTS Klemmkeil Set mit 11 Gr\u00f6\u00dfen. \u2705 14 Tage R\u00fcckgaberecht \u2705 versandfrei* ab \u20ac 100,- \u2705 Kaufberatung \u2705 Fachh\u00e4ndler aus \u00d6sterreich\" \/>\n<meta name=\"robots\" content=\"index, follow, max-snippet:-1, max-image-preview:large, max-video-preview:-1\" \/>\n<link rel=\"canonical\" href=\"https:\/\/bolting.eu\/en\/shop\/dmm-wallnuts\/\" \/>\n<meta property=\"og:locale\" content=\"en_US\" \/>\n<meta property=\"og:type\" content=\"article\" \/>\n<meta property=\"og:title\" content=\"DMM Wallnuts\" \/>\n<meta property=\"og:description\" content=\"Hier findest Du das DMM WALLNUTS Klemmkeil Set mit 11 Gr\u00f6\u00dfen. \u2705 14 Tage R\u00fcckgaberecht \u2705 versandfrei* ab \u20ac 100,- \u2705 Kaufberatung \u2705 Fachh\u00e4ndler aus \u00d6sterreich\" \/>\n<meta property=\"og:url\" content=\"https:\/\/bolting.eu\/en\/shop\/dmm-wallnuts\/\" \/>\n<meta property=\"og:site_name\" content=\"bolting.eu\" \/>\n<meta property=\"article:publisher\" content=\"https:\/\/www.facebook.com\/bolting.eu\" \/>\n<meta property=\"article:modified_time\" content=\"2026-02-25T15:32:34+00:00\" \/>\n<meta property=\"og:image\" content=\"https:\/\/bolting.eu\/wp-content\/uploads\/2020\/08\/DMM-Wallnuts-1-11.jpg\" \/>\n\t<meta property=\"og:image:width\" content=\"700\" \/>\n\t<meta property=\"og:image:height\" content=\"700\" \/>\n\t<meta property=\"og:image:type\" content=\"image\/jpeg\" \/>\n<meta name=\"twitter:card\" content=\"summary_large_image\" \/>\n<meta name=\"twitter:label1\" content=\"Availability\" \/>\n\t<meta name=\"twitter:data1\" content=\"In stock\" \/>\n<script type=\"application\/ld+json\" class=\"yoast-schema-graph\">{\"@context\":\"https:\/\/schema.org\",\"@graph\":[{\"@type\":[\"WebPage\",\"ItemPage\"],\"@id\":\"https:\/\/bolting.eu\/en\/shop\/dmm-wallnuts\/\",\"url\":\"https:\/\/bolting.eu\/en\/shop\/dmm-wallnuts\/\",\"name\":\"DMM Wallnuts Klemmkeil Set online kaufen | bolting.eu\",\"isPartOf\":{\"@id\":\"https:\/\/bolting.eu\/en\/#website\"},\"primaryImageOfPage\":{\"@id\":\"https:\/\/bolting.eu\/en\/shop\/dmm-wallnuts\/#primaryimage\"},\"image\":{\"@id\":\"https:\/\/bolting.eu\/en\/shop\/dmm-wallnuts\/#primaryimage\"},\"thumbnailUrl\":\"https:\/\/bolting.eu\/wp-content\/uploads\/2020\/08\/DMM-Wallnuts-1-11.jpg\",\"datePublished\":\"2020-08-24T07:02:27+00:00\",\"dateModified\":\"2026-02-25T15:32:34+00:00\",\"description\":\"Hier findest Du das DMM WALLNUTS Klemmkeil Set mit 11 Gr\u00f6\u00dfen. \u2705 14 Tage R\u00fcckgaberecht \u2705 versandfrei* ab \u20ac 100,- \u2705 Kaufberatung \u2705 Fachh\u00e4ndler aus \u00d6sterreich\",\"breadcrumb\":{\"@id\":\"https:\/\/bolting.eu\/en\/shop\/dmm-wallnuts\/#breadcrumb\"},\"inLanguage\":\"en-US\",\"potentialAction\":[{\"@type\":\"ReadAction\",\"target\":[\"https:\/\/bolting.eu\/en\/shop\/dmm-wallnuts\/\"]}]},{\"@type\":\"ImageObject\",\"inLanguage\":\"en-US\",\"@id\":\"https:\/\/bolting.eu\/en\/shop\/dmm-wallnuts\/#primaryimage\",\"url\":\"https:\/\/bolting.eu\/wp-content\/uploads\/2020\/08\/DMM-Wallnuts-1-11.jpg\",\"contentUrl\":\"https:\/\/bolting.eu\/wp-content\/uploads\/2020\/08\/DMM-Wallnuts-1-11.jpg\",\"width\":700,\"height\":700,\"caption\":\"Das Bild zeigt das DMM Wallnuts Klemmkeile Set mit den Gr\u00f6\u00dfen 1-11. Das Set liegt f\u00e4cherf\u00f6rmig in Bildmitte. Man erkennt die unterschiedlichen Farben und Gr\u00f6\u00dfen der Keile, sowie deren Drahtschlingen.\"},{\"@type\":\"BreadcrumbList\",\"@id\":\"https:\/\/bolting.eu\/en\/shop\/dmm-wallnuts\/#breadcrumb\",\"itemListElement\":[{\"@type\":\"ListItem\",\"position\":1,\"name\":\"Shop\",\"item\":\"https:\/\/bolting.eu\/en\/shop\/\"},{\"@type\":\"ListItem\",\"position\":2,\"name\":\"Klemmkeile\",\"item\":\"https:\/\/bolting.eu\/produkt-kategorie\/klemmkeile\/\"},{\"@type\":\"ListItem\",\"position\":3,\"name\":\"DMM Wallnuts\"}]},{\"@type\":\"WebSite\",\"@id\":\"https:\/\/bolting.eu\/en\/#website\",\"url\":\"https:\/\/bolting.eu\/en\/\",\"name\":\"bolting.eu\",\"description\":\"we make climbs happen\",\"publisher\":{\"@id\":\"https:\/\/bolting.eu\/en\/#organization\"},\"potentialAction\":[{\"@type\":\"SearchAction\",\"target\":{\"@type\":\"EntryPoint\",\"urlTemplate\":\"https:\/\/bolting.eu\/en\/?s={search_term_string}\"},\"query-input\":{\"@type\":\"PropertyValueSpecification\",\"valueRequired\":true,\"valueName\":\"search_term_string\"}}],\"inLanguage\":\"en-US\"},{\"@type\":[\"Organization\",\"Place\",\"SportingGoodsStore\"],\"@id\":\"https:\/\/bolting.eu\/en\/#organization\",\"name\":\"bolting.eu\",\"url\":\"https:\/\/bolting.eu\/en\/\",\"logo\":{\"@id\":\"https:\/\/bolting.eu\/en\/shop\/dmm-wallnuts\/#local-main-organization-logo\"},\"image\":{\"@id\":\"https:\/\/bolting.eu\/en\/shop\/dmm-wallnuts\/#local-main-organization-logo\"},\"sameAs\":[\"https:\/\/www.facebook.com\/bolting.eu\",\"https:\/\/www.instagram.com\/bolting.eu\/\"],\"address\":{\"@id\":\"https:\/\/bolting.eu\/en\/shop\/dmm-wallnuts\/#local-main-place-address\"},\"geo\":{\"@type\":\"GeoCoordinates\",\"latitude\":\"47.264176340396226\",\"longitude\":\"11.380109057672346\"},\"telephone\":[\"+43 699 19083372\"],\"openingHoursSpecification\":[{\"@type\":\"OpeningHoursSpecification\",\"dayOfWeek\":[\"Monday\",\"Wednesday\",\"Friday\"],\"opens\":\"14:00\",\"closes\":\"18:00\"},{\"@type\":\"OpeningHoursSpecification\",\"dayOfWeek\":[\"Tuesday\",\"Thursday\",\"Saturday\",\"Sunday\"],\"opens\":\"00:00\",\"closes\":\"00:00\"}],\"email\":\"office@bolting.eu\",\"vatID\":\"ATU59999728\",\"priceRange\":\"$$\",\"currenciesAccepted\":\"Euro\"},{\"@type\":\"PostalAddress\",\"@id\":\"https:\/\/bolting.eu\/en\/shop\/dmm-wallnuts\/#local-main-place-address\",\"streetAddress\":\"Fischnalerstra\u00dfe 4\",\"addressLocality\":\"Innsbruck\",\"postalCode\":\"6020\",\"addressRegion\":\"Tirol\",\"addressCountry\":\"AT\"},{\"@type\":\"ImageObject\",\"inLanguage\":\"en-US\",\"@id\":\"https:\/\/bolting.eu\/en\/shop\/dmm-wallnuts\/#local-main-organization-logo\",\"url\":\"https:\/\/bolting.eu\/wp-content\/uploads\/2019\/09\/bolting-logo.png\",\"contentUrl\":\"https:\/\/bolting.eu\/wp-content\/uploads\/2019\/09\/bolting-logo.png\",\"width\":400,\"height\":211,\"caption\":\"bolting.eu\"}]}<\/script>\n<meta property=\"og:availability\" content=\"instock\" \/>\n<meta property=\"product:availability\" content=\"instock\" \/>\n<meta property=\"product:retailer_item_id\" content=\"A1611\/21A\" \/>\n<meta property=\"product:condition\" content=\"new\" \/>\n<meta name=\"geo.placename\" content=\"Innsbruck\" \/>\n<meta name=\"geo.position\" content=\"47.264176340396226;11.380109057672346\" \/>\n<meta name=\"geo.region\" content=\"Austria\" \/>\n<!-- \/ Yoast SEO Premium plugin. -->","yoast_head_json":{"title":"DMM Wallnuts Klemmkeil Set online kaufen | bolting.eu","description":"Hier findest Du das DMM WALLNUTS Klemmkeil Set mit 11 Gr\u00f6\u00dfen. \u2705 14 Tage R\u00fcckgaberecht \u2705 versandfrei* ab \u20ac 100,- \u2705 Kaufberatung \u2705 Fachh\u00e4ndler aus \u00d6sterreich","robots":{"index":"index","follow":"follow","max-snippet":"max-snippet:-1","max-image-preview":"max-image-preview:large","max-video-preview":"max-video-preview:-1"},"canonical":"https:\/\/bolting.eu\/en\/shop\/dmm-wallnuts\/","og_locale":"en_US","og_type":"article","og_title":"DMM Wallnuts","og_description":"Hier findest Du das DMM WALLNUTS Klemmkeil Set mit 11 Gr\u00f6\u00dfen. \u2705 14 Tage R\u00fcckgaberecht \u2705 versandfrei* ab \u20ac 100,- \u2705 Kaufberatung \u2705 Fachh\u00e4ndler aus \u00d6sterreich","og_url":"https:\/\/bolting.eu\/en\/shop\/dmm-wallnuts\/","og_site_name":"bolting.eu","article_publisher":"https:\/\/www.facebook.com\/bolting.eu","article_modified_time":"2026-02-25T15:32:34+00:00","og_image":[{"width":700,"height":700,"url":"https:\/\/bolting.eu\/wp-content\/uploads\/2020\/08\/DMM-Wallnuts-1-11.jpg","type":"image\/jpeg"}],"twitter_card":"summary_large_image","twitter_misc":{"Availability":"In stock"},"schema":{"@context":"https:\/\/schema.org","@graph":[{"@type":["WebPage","ItemPage"],"@id":"https:\/\/bolting.eu\/en\/shop\/dmm-wallnuts\/","url":"https:\/\/bolting.eu\/en\/shop\/dmm-wallnuts\/","name":"DMM Wallnuts Klemmkeil Set online kaufen | bolting.eu","isPartOf":{"@id":"https:\/\/bolting.eu\/en\/#website"},"primaryImageOfPage":{"@id":"https:\/\/bolting.eu\/en\/shop\/dmm-wallnuts\/#primaryimage"},"image":{"@id":"https:\/\/bolting.eu\/en\/shop\/dmm-wallnuts\/#primaryimage"},"thumbnailUrl":"https:\/\/bolting.eu\/wp-content\/uploads\/2020\/08\/DMM-Wallnuts-1-11.jpg","datePublished":"2020-08-24T07:02:27+00:00","dateModified":"2026-02-25T15:32:34+00:00","description":"Hier findest Du das DMM WALLNUTS Klemmkeil Set mit 11 Gr\u00f6\u00dfen. \u2705 14 Tage R\u00fcckgaberecht \u2705 versandfrei* ab \u20ac 100,- \u2705 Kaufberatung \u2705 Fachh\u00e4ndler aus \u00d6sterreich","breadcrumb":{"@id":"https:\/\/bolting.eu\/en\/shop\/dmm-wallnuts\/#breadcrumb"},"inLanguage":"en-US","potentialAction":[{"@type":"ReadAction","target":["https:\/\/bolting.eu\/en\/shop\/dmm-wallnuts\/"]}]},{"@type":"ImageObject","inLanguage":"en-US","@id":"https:\/\/bolting.eu\/en\/shop\/dmm-wallnuts\/#primaryimage","url":"https:\/\/bolting.eu\/wp-content\/uploads\/2020\/08\/DMM-Wallnuts-1-11.jpg","contentUrl":"https:\/\/bolting.eu\/wp-content\/uploads\/2020\/08\/DMM-Wallnuts-1-11.jpg","width":700,"height":700,"caption":"Das Bild zeigt das DMM Wallnuts Klemmkeile Set mit den Gr\u00f6\u00dfen 1-11. Das Set liegt f\u00e4cherf\u00f6rmig in Bildmitte. Man erkennt die unterschiedlichen Farben und Gr\u00f6\u00dfen der Keile, sowie deren Drahtschlingen."},{"@type":"BreadcrumbList","@id":"https:\/\/bolting.eu\/en\/shop\/dmm-wallnuts\/#breadcrumb","itemListElement":[{"@type":"ListItem","position":1,"name":"Shop","item":"https:\/\/bolting.eu\/en\/shop\/"},{"@type":"ListItem","position":2,"name":"Klemmkeile","item":"https:\/\/bolting.eu\/produkt-kategorie\/klemmkeile\/"},{"@type":"ListItem","position":3,"name":"DMM Wallnuts"}]},{"@type":"WebSite","@id":"https:\/\/bolting.eu\/en\/#website","url":"https:\/\/bolting.eu\/en\/","name":"bolting.eu","description":"we make climbs happen","publisher":{"@id":"https:\/\/bolting.eu\/en\/#organization"},"potentialAction":[{"@type":"SearchAction","target":{"@type":"EntryPoint","urlTemplate":"https:\/\/bolting.eu\/en\/?s={search_term_string}"},"query-input":{"@type":"PropertyValueSpecification","valueRequired":true,"valueName":"search_term_string"}}],"inLanguage":"en-US"},{"@type":["Organization","Place","SportingGoodsStore"],"@id":"https:\/\/bolting.eu\/en\/#organization","name":"bolting.eu","url":"https:\/\/bolting.eu\/en\/","logo":{"@id":"https:\/\/bolting.eu\/en\/shop\/dmm-wallnuts\/#local-main-organization-logo"},"image":{"@id":"https:\/\/bolting.eu\/en\/shop\/dmm-wallnuts\/#local-main-organization-logo"},"sameAs":["https:\/\/www.facebook.com\/bolting.eu","https:\/\/www.instagram.com\/bolting.eu\/"],"address":{"@id":"https:\/\/bolting.eu\/en\/shop\/dmm-wallnuts\/#local-main-place-address"},"geo":{"@type":"GeoCoordinates","latitude":"47.264176340396226","longitude":"11.380109057672346"},"telephone":["+43 699 19083372"],"openingHoursSpecification":[{"@type":"OpeningHoursSpecification","dayOfWeek":["Monday","Wednesday","Friday"],"opens":"14:00","closes":"18:00"},{"@type":"OpeningHoursSpecification","dayOfWeek":["Tuesday","Thursday","Saturday","Sunday"],"opens":"00:00","closes":"00:00"}],"email":"office@bolting.eu","vatID":"ATU59999728","priceRange":"$$","currenciesAccepted":"Euro"},{"@type":"PostalAddress","@id":"https:\/\/bolting.eu\/en\/shop\/dmm-wallnuts\/#local-main-place-address","streetAddress":"Fischnalerstra\u00dfe 4","addressLocality":"Innsbruck","postalCode":"6020","addressRegion":"Tirol","addressCountry":"AT"},{"@type":"ImageObject","inLanguage":"en-US","@id":"https:\/\/bolting.eu\/en\/shop\/dmm-wallnuts\/#local-main-organization-logo","url":"https:\/\/bolting.eu\/wp-content\/uploads\/2019\/09\/bolting-logo.png","contentUrl":"https:\/\/bolting.eu\/wp-content\/uploads\/2019\/09\/bolting-logo.png","width":400,"height":211,"caption":"bolting.eu"}]},"og_availability":"instock","product_availability":"instock","product_retailer_item_id":"A1611\/21A","product_condition":"new","geo.placename":"Innsbruck","geo.position":{"lat":"47.264176340396226","long":"11.380109057672346"},"geo.region":"Austria"},"_links":{"self":[{"href":"https:\/\/bolting.eu\/en\/wp-json\/wp\/v2\/product\/4832","targetHints":{"allow":["GET"]}}],"collection":[{"href":"https:\/\/bolting.eu\/en\/wp-json\/wp\/v2\/product"}],"about":[{"href":"https:\/\/bolting.eu\/en\/wp-json\/wp\/v2\/types\/product"}],"replies":[{"embeddable":true,"href":"https:\/\/bolting.eu\/en\/wp-json\/wp\/v2\/comments?post=4832"}],"wp:featuredmedia":[{"embeddable":true,"href":"https:\/\/bolting.eu\/en\/wp-json\/wp\/v2\/media\/4834"}],"wp:attachment":[{"href":"https:\/\/bolting.eu\/en\/wp-json\/wp\/v2\/media?parent=4832"}],"wp:term":[{"taxonomy":"product_brand","embeddable":true,"href":"https:\/\/bolting.eu\/en\/wp-json\/wp\/v2\/product_brand?post=4832"},{"taxonomy":"product_cat","embeddable":true,"href":"https:\/\/bolting.eu\/en\/wp-json\/wp\/v2\/product_cat?post=4832"},{"taxonomy":"product_tag","embeddable":true,"href":"https:\/\/bolting.eu\/en\/wp-json\/wp\/v2\/product_tag?post=4832"}],"curies":[{"name":"wp","href":"https:\/\/api.w.org\/{rel}","templated":true}]}}