{"id":4821,"date":"2020-08-24T07:43:10","date_gmt":"2020-08-24T05:43:10","guid":{"rendered":"https:\/\/bolting.eu\/?post_type=product&#038;p=4821"},"modified":"2025-09-14T21:15:19","modified_gmt":"2025-09-14T19:15:19","slug":"dmm-offset-nuts","status":"publish","type":"product","link":"https:\/\/bolting.eu\/en\/shop\/dmm-offset-nuts\/","title":{"rendered":"DMM Offset Nuts"},"content":{"rendered":"<p>Die DMM Offset Nuts sind ein Klemmkeil Set bestehend aus 5 Gr\u00f6\u00dfen. Diese Keile zeichnen sich besonders durch ihre asymmetrische Form aus. D.h. sie k\u00f6nnen auch in in &#8220;geflarten&#8221; Rissen verwendet werden. Oder besser ausgedr\u00fcckt. Man kann sie in nach au\u00dfen breiter werdenden Rissen legen. Folglich ist dieses <a href=\"https:\/\/bolting.eu\/produkt-kategorie\/klemmkeile\/\">Klemmkeile<\/a> Set eine perfekte Erg\u00e4nzung zu einem normalen Keile Set. Somit lassen sich n\u00e4mlich auch weitere Lege Optionen zur Absicherung nutzen.<\/p>\n<p>Kurzum. Wer viel Trad klettert bzw. beim Alpinklettern unterwegs ist sollte ein Set Offsets in seiner <a href=\"https:\/\/bolting.eu\/kletterausruestung\/\">Kletterausr\u00fcstung<\/a> haben. Zudem sollten sie auch in keiner Big Wall Ausr\u00fcstung fehlen.<\/p>\n<h2>Eigenschaften DMM Offset Nuts<\/h2>\n<ul>\n<li>Hersteller: <a href=\"https:\/\/bolting.eu\/produkt-kategorie\/dmm\/\">DMM Climbing<\/a><\/li>\n<li>Material: Alu bzw. verzinktes Stahlkabel<\/li>\n<li>Gr\u00f6\u00dfen: 7-11 (5 St\u00fcck)<\/li>\n<li>Gewicht: 195 Gramm<\/li>\n<li>EN Norm: EN 12270<\/li>\n<li>Bruchlast 12kN<\/li>\n<li>f\u00fcr Rissbreiten 12 &#8211; 30 mm<\/li>\n<li>eloxierter Alu Kopf<\/li>\n<li>stark asymmetrisch<\/li>\n<li>f\u00fcr besten Halt in &#8220;geflarten&#8221; Rissen<\/li>\n<li>perfekt f\u00fcr nasse und eisige Risse<\/li>\n<li>zum Anh\u00e4ngen am <a href=\"https:\/\/bolting.eu\/produkt-kategorie\/kletterausruestung\/klettergurte\/\">Klettergurt<\/a> am besten<br \/>\nkleinen <a href=\"https:\/\/bolting.eu\/produkt-kategorie\/kletterausruestung\/kletterkarabiner\/\">Kletterkarabiner<\/a> verwenden<\/li>\n<li>f\u00fcr sicheren Halt lange <a href=\"https:\/\/bolting.eu\/produkt-kategorie\/kletterausruestung\/expressschlingen\/\">Expressschlinge<\/a> einh\u00e4ngen<\/li>\n<\/ul>\n<h3>DMM Offset Nuts &#8211; f\u00fcr Trad und Alpinkletterer<\/h3>\n<p>Dieses Keil Set ist eine perfekte Erg\u00e4nzung zu einem bestehenden &#8220;normalen&#8221; Set. Denn die Offsets erlauben es viele weitere Placement M\u00f6glichkeiten zu n\u00fctzen. Dies ist wegen ihrer spezifischen Bauweise m\u00f6glich.<\/p>\n<p>Zum einen werden die Nuts wie alle anderen Keile von oben nach unten schm\u00e4ler. Zum anderen sind sie aber auch seitlich stark asymmetrisch. Somit erm\u00f6glicht diese Bauweise das Legen in Rissen die nach au\u00dfen breiter werden.<\/p>\n<p>Folglich ist dieses Set etwas f\u00fcr Trad Kletterer bzw. Alpinkletterer.<\/p>\n<h3>Wann geh\u00f6ren die Keile ausgetauscht?<\/h3>\n<p>Die DMM Offset Nuts sind extrem robust gebaut. Ihre Bruchlast liegt bei 12kN. D.h. richtig solide gebaut und somit \u00e4u\u00dferst langlebig.<\/p>\n<p>Wer jedoch &#8220;eingeschnittene&#8221; Karabiner (Anm.: von z.B. <a href=\"https:\/\/bolting.eu\/produkt-kategorie\/einbohrartikel\/bohrhakenlasche\/\">Bohrhakenlaschen<\/a>) verwendet, tut seinen Keilen nichts Gutes. Denn dann k\u00f6nnen die Drahtschlingen bei St\u00fcrzen besch\u00e4digt werden. Ebenso k\u00f6nnen bei St\u00fcrzen einzelne Draht Litzen besch\u00e4digt werden. Dann &#8220;fransen&#8221; die Drahtschlingen leicht aus.<\/p>\n<p>In beiden F\u00e4llen nimmt die Bruchlast dann deutlich ab. Kurzum. Wenn zu viele Drahtlitzen kaputt sind dann muss man die Keile aussortieren. Sie halten zwar noch normale Lasten, k\u00f6nnen aber bei Maximalbelastungen versagen.<\/p>\n<h3>bolting.eu Praxis Tipp<\/h3>\n<p>Klemmkeile wie die DMM Offset Nuts werden oft f\u00fcr den Standplatzbau verwendet. Hierbei gilt es dann oft mehrere Placements in einer Ausgleichsverankerung oder Serienschaltung zu verbinden.<\/p>\n<p>Beachtet in diesem Fall bitte. Sowohl <a href=\"https:\/\/bolting.eu\/produkt-kategorie\/reepschnur\/\">Reepschn\u00fcre<\/a> als auch <a href=\"https:\/\/bolting.eu\/produkt-kategorie\/bandschlinge\/\">Bandschlingen<\/a> sollen niemals direkt in die Drahtschlinge gef\u00e4delt werden. Verwendet daf\u00fcr ausschlie\u00dflich Karabiner!<\/p>\n<p>Denn die weichen Kunststoff Materialien werden an den Drahtkabeln kaputt.<\/p>\n<h4><strong>Link Tipp<\/strong><\/h4>\n<p>Mehr \u00fcber die DMM Offset Nuts erf\u00e4hrt ihr auf der Website des <a href=\"https:\/\/dmmclimbing.com\/\" target=\"_blank\" rel=\"noopener noreferrer\">Herstellers<\/a><\/p>\n","protected":false},"excerpt":{"rendered":"<ul>\n<li>Hersteller: <a href=\"https:\/\/bolting.eu\/produkt-kategorie\/wild-country\/\">Wild Country<\/a><\/li>\n<li>Material: Alu bzw. verzinktes Stahlkabel<\/li>\n<li>Gr\u00f6\u00dfen: 7-11 (5 St\u00fcck)<\/li>\n<li>Gewicht: 195 Gramm<\/li>\n<li>EN Norm: EN 12270<\/li>\n<li>Bruchlast 12kN<\/li>\n<li>f\u00fcr Rissbreiten 12 &#8211; 30 mm<\/li>\n<li>eloxierter Alu Kopf<\/li>\n<li>stark asymmetrisch<\/li>\n<li>f\u00fcr besten Halt in &#8220;geflarten&#8221; Rissen<\/li>\n<li>perfekt f\u00fcr nasse und eisige Risse<\/li>\n<\/ul>\n","protected":false},"featured_media":4828,"comment_status":"open","ping_status":"closed","template":"","meta":[],"product_brand":[],"product_cat":[31,3712,9670],"product_tag":[262,265,4164],"class_list":{"0":"post-4821","1":"product","2":"type-product","3":"status-publish","4":"has-post-thumbnail","6":"product_cat-big-wall-ausruestung","7":"product_cat-klemmkeile","8":"product_cat-dmm","9":"product_tag-alpinklettern","10":"product_tag-big-wall-klettern","11":"product_tag-trad-klettern","13":"first","14":"outofstock","15":"sale","16":"taxable","17":"shipping-taxable","18":"purchasable","19":"product-type-simple"},"yoast_head":"<!-- This site is optimized with the Yoast SEO Premium plugin v26.9 (Yoast SEO v26.9) - https:\/\/yoast.com\/product\/yoast-seo-premium-wordpress\/ -->\n<title>DMM Offset Nuts jetzt g\u00fcnstig online kaufen beim Kletterprofi | bolting.eu<\/title>\n<meta name=\"description\" content=\"Hier findest Du die DMM OFFSET NUTS als Set mit 5 Gr\u00f6\u00dfen. \u2705 14 Tage R\u00fcckgaberecht \u2705 versandfrei* ab \u20ac 100,- \u2705 Kaufberatung \u2705 Fachh\u00e4ndler aus \u00d6sterreich\" \/>\n<meta name=\"robots\" content=\"index, follow, max-snippet:-1, max-image-preview:large, max-video-preview:-1\" \/>\n<link rel=\"canonical\" href=\"https:\/\/bolting.eu\/en\/shop\/dmm-offset-nuts\/\" \/>\n<meta property=\"og:locale\" content=\"en_US\" \/>\n<meta property=\"og:type\" content=\"article\" \/>\n<meta property=\"og:title\" content=\"DMM Offset Nuts\" \/>\n<meta property=\"og:description\" content=\"Hier findest Du die DMM OFFSET NUTS als Set mit 5 Gr\u00f6\u00dfen. \u2705 14 Tage R\u00fcckgaberecht \u2705 versandfrei* ab \u20ac 100,- \u2705 Kaufberatung \u2705 Fachh\u00e4ndler aus \u00d6sterreich\" \/>\n<meta property=\"og:url\" content=\"https:\/\/bolting.eu\/en\/shop\/dmm-offset-nuts\/\" \/>\n<meta property=\"og:site_name\" content=\"bolting.eu\" \/>\n<meta property=\"article:publisher\" content=\"https:\/\/www.facebook.com\/bolting.eu\" \/>\n<meta property=\"article:modified_time\" content=\"2025-09-14T19:15:19+00:00\" \/>\n<meta property=\"og:image\" content=\"https:\/\/bolting.eu\/wp-content\/uploads\/2020\/08\/DMM-Offset-Nuts-1.jpg\" \/>\n\t<meta property=\"og:image:width\" content=\"700\" \/>\n\t<meta property=\"og:image:height\" content=\"700\" \/>\n\t<meta property=\"og:image:type\" content=\"image\/jpeg\" \/>\n<meta name=\"twitter:card\" content=\"summary_large_image\" \/>\n<meta name=\"twitter:label1\" content=\"Price\" \/>\n\t<meta name=\"twitter:data1\" content=\"&euro;&nbsp;75,00\" \/>\n\t<meta name=\"twitter:label2\" content=\"Availability\" \/>\n\t<meta name=\"twitter:data2\" content=\"Out of stock\" \/>\n<script type=\"application\/ld+json\" class=\"yoast-schema-graph\">{\"@context\":\"https:\/\/schema.org\",\"@graph\":[{\"@type\":[\"WebPage\",\"ItemPage\"],\"@id\":\"https:\/\/bolting.eu\/en\/shop\/dmm-offset-nuts\/\",\"url\":\"https:\/\/bolting.eu\/en\/shop\/dmm-offset-nuts\/\",\"name\":\"DMM Offset Nuts jetzt g\u00fcnstig online kaufen beim Kletterprofi | bolting.eu\",\"isPartOf\":{\"@id\":\"https:\/\/bolting.eu\/en\/#website\"},\"primaryImageOfPage\":{\"@id\":\"https:\/\/bolting.eu\/en\/shop\/dmm-offset-nuts\/#primaryimage\"},\"image\":{\"@id\":\"https:\/\/bolting.eu\/en\/shop\/dmm-offset-nuts\/#primaryimage\"},\"thumbnailUrl\":\"https:\/\/bolting.eu\/wp-content\/uploads\/2020\/08\/DMM-Offset-Nuts-1.jpg\",\"datePublished\":\"2020-08-24T05:43:10+00:00\",\"dateModified\":\"2025-09-14T19:15:19+00:00\",\"description\":\"Hier findest Du die DMM OFFSET NUTS als Set mit 5 Gr\u00f6\u00dfen. \u2705 14 Tage R\u00fcckgaberecht \u2705 versandfrei* ab \u20ac 100,- \u2705 Kaufberatung \u2705 Fachh\u00e4ndler aus \u00d6sterreich\",\"breadcrumb\":{\"@id\":\"https:\/\/bolting.eu\/en\/shop\/dmm-offset-nuts\/#breadcrumb\"},\"inLanguage\":\"en-US\",\"potentialAction\":[{\"@type\":\"ReadAction\",\"target\":[\"https:\/\/bolting.eu\/en\/shop\/dmm-offset-nuts\/\"]}]},{\"@type\":\"ImageObject\",\"inLanguage\":\"en-US\",\"@id\":\"https:\/\/bolting.eu\/en\/shop\/dmm-offset-nuts\/#primaryimage\",\"url\":\"https:\/\/bolting.eu\/wp-content\/uploads\/2020\/08\/DMM-Offset-Nuts-1.jpg\",\"contentUrl\":\"https:\/\/bolting.eu\/wp-content\/uploads\/2020\/08\/DMM-Offset-Nuts-1.jpg\",\"width\":700,\"height\":700,\"caption\":\"Das Bild zeigt ein Set DMM Offset Nuts. Das Keile Set liegt f\u00e4cherf\u00f6rmig in Bildmitte. Man erkennt die unterschiedlichen Farben und Gr\u00f6\u00dfen der Alu K\u00f6pfe sowie die silbernen Drahtschlingen.\"},{\"@type\":\"BreadcrumbList\",\"@id\":\"https:\/\/bolting.eu\/en\/shop\/dmm-offset-nuts\/#breadcrumb\",\"itemListElement\":[{\"@type\":\"ListItem\",\"position\":1,\"name\":\"Shop\",\"item\":\"https:\/\/bolting.eu\/en\/shop\/\"},{\"@type\":\"ListItem\",\"position\":2,\"name\":\"Klemmkeile\",\"item\":\"https:\/\/bolting.eu\/produkt-kategorie\/klemmkeile\/\"},{\"@type\":\"ListItem\",\"position\":3,\"name\":\"DMM Offset Nuts\"}]},{\"@type\":\"WebSite\",\"@id\":\"https:\/\/bolting.eu\/en\/#website\",\"url\":\"https:\/\/bolting.eu\/en\/\",\"name\":\"bolting.eu\",\"description\":\"we make climbs happen\",\"publisher\":{\"@id\":\"https:\/\/bolting.eu\/en\/#organization\"},\"potentialAction\":[{\"@type\":\"SearchAction\",\"target\":{\"@type\":\"EntryPoint\",\"urlTemplate\":\"https:\/\/bolting.eu\/en\/?s={search_term_string}\"},\"query-input\":{\"@type\":\"PropertyValueSpecification\",\"valueRequired\":true,\"valueName\":\"search_term_string\"}}],\"inLanguage\":\"en-US\"},{\"@type\":[\"Organization\",\"Place\",\"SportingGoodsStore\"],\"@id\":\"https:\/\/bolting.eu\/en\/#organization\",\"name\":\"bolting.eu\",\"url\":\"https:\/\/bolting.eu\/en\/\",\"logo\":{\"@id\":\"https:\/\/bolting.eu\/en\/shop\/dmm-offset-nuts\/#local-main-organization-logo\"},\"image\":{\"@id\":\"https:\/\/bolting.eu\/en\/shop\/dmm-offset-nuts\/#local-main-organization-logo\"},\"sameAs\":[\"https:\/\/www.facebook.com\/bolting.eu\",\"https:\/\/www.instagram.com\/bolting.eu\/\"],\"address\":{\"@id\":\"https:\/\/bolting.eu\/en\/shop\/dmm-offset-nuts\/#local-main-place-address\"},\"geo\":{\"@type\":\"GeoCoordinates\",\"latitude\":\"47.264176340396226\",\"longitude\":\"11.380109057672346\"},\"telephone\":[\"+43 699 19083372\"],\"openingHoursSpecification\":[{\"@type\":\"OpeningHoursSpecification\",\"dayOfWeek\":[\"Monday\",\"Wednesday\",\"Friday\"],\"opens\":\"14:00\",\"closes\":\"18:00\"},{\"@type\":\"OpeningHoursSpecification\",\"dayOfWeek\":[\"Tuesday\",\"Thursday\",\"Saturday\",\"Sunday\"],\"opens\":\"00:00\",\"closes\":\"00:00\"}],\"email\":\"office@bolting.eu\",\"vatID\":\"ATU59999728\",\"priceRange\":\"$$\",\"currenciesAccepted\":\"Euro\"},{\"@type\":\"PostalAddress\",\"@id\":\"https:\/\/bolting.eu\/en\/shop\/dmm-offset-nuts\/#local-main-place-address\",\"streetAddress\":\"Fischnalerstra\u00dfe 4\",\"addressLocality\":\"Innsbruck\",\"postalCode\":\"6020\",\"addressRegion\":\"Tirol\",\"addressCountry\":\"AT\"},{\"@type\":\"ImageObject\",\"inLanguage\":\"en-US\",\"@id\":\"https:\/\/bolting.eu\/en\/shop\/dmm-offset-nuts\/#local-main-organization-logo\",\"url\":\"https:\/\/bolting.eu\/wp-content\/uploads\/2019\/09\/bolting-logo.png\",\"contentUrl\":\"https:\/\/bolting.eu\/wp-content\/uploads\/2019\/09\/bolting-logo.png\",\"width\":400,\"height\":211,\"caption\":\"bolting.eu\"}]}<\/script>\n<meta property=\"product:price:amount\" content=\"75.00\" \/>\n<meta property=\"product:price:currency\" content=\"EUR\" \/>\n<meta property=\"og:availability\" content=\"out of stock\" \/>\n<meta property=\"product:availability\" content=\"out of stock\" \/>\n<meta property=\"product:retailer_item_id\" content=\"A1817\/21A\" \/>\n<meta property=\"product:condition\" content=\"new\" \/>\n<meta name=\"geo.placename\" content=\"Innsbruck\" \/>\n<meta name=\"geo.position\" content=\"47.264176340396226;11.380109057672346\" \/>\n<meta name=\"geo.region\" content=\"Austria\" \/>\n<!-- \/ Yoast SEO Premium plugin. -->","yoast_head_json":{"title":"DMM Offset Nuts jetzt g\u00fcnstig online kaufen beim Kletterprofi | bolting.eu","description":"Hier findest Du die DMM OFFSET NUTS als Set mit 5 Gr\u00f6\u00dfen. \u2705 14 Tage R\u00fcckgaberecht \u2705 versandfrei* ab \u20ac 100,- \u2705 Kaufberatung \u2705 Fachh\u00e4ndler aus \u00d6sterreich","robots":{"index":"index","follow":"follow","max-snippet":"max-snippet:-1","max-image-preview":"max-image-preview:large","max-video-preview":"max-video-preview:-1"},"canonical":"https:\/\/bolting.eu\/en\/shop\/dmm-offset-nuts\/","og_locale":"en_US","og_type":"article","og_title":"DMM Offset Nuts","og_description":"Hier findest Du die DMM OFFSET NUTS als Set mit 5 Gr\u00f6\u00dfen. \u2705 14 Tage R\u00fcckgaberecht \u2705 versandfrei* ab \u20ac 100,- \u2705 Kaufberatung \u2705 Fachh\u00e4ndler aus \u00d6sterreich","og_url":"https:\/\/bolting.eu\/en\/shop\/dmm-offset-nuts\/","og_site_name":"bolting.eu","article_publisher":"https:\/\/www.facebook.com\/bolting.eu","article_modified_time":"2025-09-14T19:15:19+00:00","og_image":[{"width":700,"height":700,"url":"https:\/\/bolting.eu\/wp-content\/uploads\/2020\/08\/DMM-Offset-Nuts-1.jpg","type":"image\/jpeg"}],"twitter_card":"summary_large_image","twitter_misc":{"Price":"&euro;&nbsp;75,00","Availability":"Out of stock"},"schema":{"@context":"https:\/\/schema.org","@graph":[{"@type":["WebPage","ItemPage"],"@id":"https:\/\/bolting.eu\/en\/shop\/dmm-offset-nuts\/","url":"https:\/\/bolting.eu\/en\/shop\/dmm-offset-nuts\/","name":"DMM Offset Nuts jetzt g\u00fcnstig online kaufen beim Kletterprofi | bolting.eu","isPartOf":{"@id":"https:\/\/bolting.eu\/en\/#website"},"primaryImageOfPage":{"@id":"https:\/\/bolting.eu\/en\/shop\/dmm-offset-nuts\/#primaryimage"},"image":{"@id":"https:\/\/bolting.eu\/en\/shop\/dmm-offset-nuts\/#primaryimage"},"thumbnailUrl":"https:\/\/bolting.eu\/wp-content\/uploads\/2020\/08\/DMM-Offset-Nuts-1.jpg","datePublished":"2020-08-24T05:43:10+00:00","dateModified":"2025-09-14T19:15:19+00:00","description":"Hier findest Du die DMM OFFSET NUTS als Set mit 5 Gr\u00f6\u00dfen. \u2705 14 Tage R\u00fcckgaberecht \u2705 versandfrei* ab \u20ac 100,- \u2705 Kaufberatung \u2705 Fachh\u00e4ndler aus \u00d6sterreich","breadcrumb":{"@id":"https:\/\/bolting.eu\/en\/shop\/dmm-offset-nuts\/#breadcrumb"},"inLanguage":"en-US","potentialAction":[{"@type":"ReadAction","target":["https:\/\/bolting.eu\/en\/shop\/dmm-offset-nuts\/"]}]},{"@type":"ImageObject","inLanguage":"en-US","@id":"https:\/\/bolting.eu\/en\/shop\/dmm-offset-nuts\/#primaryimage","url":"https:\/\/bolting.eu\/wp-content\/uploads\/2020\/08\/DMM-Offset-Nuts-1.jpg","contentUrl":"https:\/\/bolting.eu\/wp-content\/uploads\/2020\/08\/DMM-Offset-Nuts-1.jpg","width":700,"height":700,"caption":"Das Bild zeigt ein Set DMM Offset Nuts. Das Keile Set liegt f\u00e4cherf\u00f6rmig in Bildmitte. Man erkennt die unterschiedlichen Farben und Gr\u00f6\u00dfen der Alu K\u00f6pfe sowie die silbernen Drahtschlingen."},{"@type":"BreadcrumbList","@id":"https:\/\/bolting.eu\/en\/shop\/dmm-offset-nuts\/#breadcrumb","itemListElement":[{"@type":"ListItem","position":1,"name":"Shop","item":"https:\/\/bolting.eu\/en\/shop\/"},{"@type":"ListItem","position":2,"name":"Klemmkeile","item":"https:\/\/bolting.eu\/produkt-kategorie\/klemmkeile\/"},{"@type":"ListItem","position":3,"name":"DMM Offset Nuts"}]},{"@type":"WebSite","@id":"https:\/\/bolting.eu\/en\/#website","url":"https:\/\/bolting.eu\/en\/","name":"bolting.eu","description":"we make climbs happen","publisher":{"@id":"https:\/\/bolting.eu\/en\/#organization"},"potentialAction":[{"@type":"SearchAction","target":{"@type":"EntryPoint","urlTemplate":"https:\/\/bolting.eu\/en\/?s={search_term_string}"},"query-input":{"@type":"PropertyValueSpecification","valueRequired":true,"valueName":"search_term_string"}}],"inLanguage":"en-US"},{"@type":["Organization","Place","SportingGoodsStore"],"@id":"https:\/\/bolting.eu\/en\/#organization","name":"bolting.eu","url":"https:\/\/bolting.eu\/en\/","logo":{"@id":"https:\/\/bolting.eu\/en\/shop\/dmm-offset-nuts\/#local-main-organization-logo"},"image":{"@id":"https:\/\/bolting.eu\/en\/shop\/dmm-offset-nuts\/#local-main-organization-logo"},"sameAs":["https:\/\/www.facebook.com\/bolting.eu","https:\/\/www.instagram.com\/bolting.eu\/"],"address":{"@id":"https:\/\/bolting.eu\/en\/shop\/dmm-offset-nuts\/#local-main-place-address"},"geo":{"@type":"GeoCoordinates","latitude":"47.264176340396226","longitude":"11.380109057672346"},"telephone":["+43 699 19083372"],"openingHoursSpecification":[{"@type":"OpeningHoursSpecification","dayOfWeek":["Monday","Wednesday","Friday"],"opens":"14:00","closes":"18:00"},{"@type":"OpeningHoursSpecification","dayOfWeek":["Tuesday","Thursday","Saturday","Sunday"],"opens":"00:00","closes":"00:00"}],"email":"office@bolting.eu","vatID":"ATU59999728","priceRange":"$$","currenciesAccepted":"Euro"},{"@type":"PostalAddress","@id":"https:\/\/bolting.eu\/en\/shop\/dmm-offset-nuts\/#local-main-place-address","streetAddress":"Fischnalerstra\u00dfe 4","addressLocality":"Innsbruck","postalCode":"6020","addressRegion":"Tirol","addressCountry":"AT"},{"@type":"ImageObject","inLanguage":"en-US","@id":"https:\/\/bolting.eu\/en\/shop\/dmm-offset-nuts\/#local-main-organization-logo","url":"https:\/\/bolting.eu\/wp-content\/uploads\/2019\/09\/bolting-logo.png","contentUrl":"https:\/\/bolting.eu\/wp-content\/uploads\/2019\/09\/bolting-logo.png","width":400,"height":211,"caption":"bolting.eu"}]},"product_price_amount":"75.00","product_price_currency":"EUR","og_availability":"out of stock","product_availability":"out of stock","product_retailer_item_id":"A1817\/21A","product_condition":"new","geo.placename":"Innsbruck","geo.position":{"lat":"47.264176340396226","long":"11.380109057672346"},"geo.region":"Austria"},"_links":{"self":[{"href":"https:\/\/bolting.eu\/en\/wp-json\/wp\/v2\/product\/4821","targetHints":{"allow":["GET"]}}],"collection":[{"href":"https:\/\/bolting.eu\/en\/wp-json\/wp\/v2\/product"}],"about":[{"href":"https:\/\/bolting.eu\/en\/wp-json\/wp\/v2\/types\/product"}],"replies":[{"embeddable":true,"href":"https:\/\/bolting.eu\/en\/wp-json\/wp\/v2\/comments?post=4821"}],"wp:featuredmedia":[{"embeddable":true,"href":"https:\/\/bolting.eu\/en\/wp-json\/wp\/v2\/media\/4828"}],"wp:attachment":[{"href":"https:\/\/bolting.eu\/en\/wp-json\/wp\/v2\/media?parent=4821"}],"wp:term":[{"taxonomy":"product_brand","embeddable":true,"href":"https:\/\/bolting.eu\/en\/wp-json\/wp\/v2\/product_brand?post=4821"},{"taxonomy":"product_cat","embeddable":true,"href":"https:\/\/bolting.eu\/en\/wp-json\/wp\/v2\/product_cat?post=4821"},{"taxonomy":"product_tag","embeddable":true,"href":"https:\/\/bolting.eu\/en\/wp-json\/wp\/v2\/product_tag?post=4821"}],"curies":[{"name":"wp","href":"https:\/\/api.w.org\/{rel}","templated":true}]}}