{"id":4810,"date":"2020-08-23T20:41:37","date_gmt":"2020-08-23T18:41:37","guid":{"rendered":"https:\/\/bolting.eu\/?post_type=product&#038;p=4810"},"modified":"2026-03-10T14:29:07","modified_gmt":"2026-03-10T13:29:07","slug":"dmm-halfnuts","status":"publish","type":"product","link":"https:\/\/bolting.eu\/en\/shop\/dmm-halfnuts\/","title":{"rendered":"DMM Halfnuts"},"content":{"rendered":"<p>Die DMM Halfnuts sind ein spezielles Klemmkeil Set zum Trad- bzw. Alpinklettern. Diese vielseitigen Keile haben einige tolle Eigenschaften.<\/p>\n<p>Erstens sind einfache Stahlkabel in die Alu K\u00f6pfe gel\u00f6tet. Folglich sind die Keile sehr leicht. Zweitens k\u00f6nnen sie dadurch einen sehr schmalen Alu Kopf haben. Diese Form macht die Halfnuts extrem vielseitig beim Legen. D.h. sie passen in sehr viele verschiedenen Placements. Drittens sind die K\u00f6pfe leicht asymmetrisch. Somit k\u00f6nnen sie auch in leicht geflarte Risse gelegt werden.<\/p>\n<p>Kurzum. Wer viel Trad klettert oder im Alpinen unterwegs is sollte dieses Klemmkeil Set in seiner <a href=\"https:\/\/bolting.eu\/kletterausruestung\/\">Kletterausr\u00fcstung<\/a> haben.<\/p>\n<h2>Eigenschaften DMM Halfnuts<\/h2>\n<ul>\n<li>Hersteller: DMM Climbing<\/li>\n<li>Material: Alu (Kopf) bzw. verzinkter Stahl (Drahtschlinge)<\/li>\n<li>3 Sets mit bis zu 11 Gr\u00f6\u00dfen<\/li>\n<li>EN Norm: EN 12276:2013<\/li>\n<li>Bruchlasten: 4kN &#8211; 9kN<\/li>\n<li>Gewicht Set 1-11: 250 Gramm, Set 1- 7: 112 Gramm, Set 8 &#8211; 11 138 Gramm<\/li>\n<li>sehr gro\u00dfe Oberfl\u00e4che f\u00fcr besten Halt<\/li>\n<li>Rissbreiten 6,7 \u2013 24,5 mm<\/li>\n<li>K\u00f6pfe in verschiedenen Farben<\/li>\n<li>asymmetrische und f\u00e4rbige K\u00f6pfe<\/li>\n<li>Gr\u00f6\u00dfen leicht erkennbar<\/li>\n<\/ul>\n<h3>DMM Halfnuts &#8211; f\u00fcr Trad Enthusiasten<\/h3>\n<p>Du kletterst sehr gerne und sehr viel Trad? Oder du bist ganz viel im Alpinen unterwegs? Dann ist dieses Keile Set ein guter Kauf. Denn die kleinen und asymmetrischen K\u00f6pfe erm\u00f6glichen viele weitere Placements.<\/p>\n<p>Besonders gut lassen sich kleine Ritzen bzw. leicht geflarte Rissspuren absichern. Dort wo die normalen Keile zu breit finden diese kleinen Kerle wunderbar Platz.<\/p>\n<p>Folglich sind die Halfnuts als eine Erg\u00e4nzung zum bestehenden Keile Set zu sehen.<\/p>\n<h3>Wann sollte man die Keile ausscheiden?<\/h3>\n<p>Grunds\u00e4tzlich sind Klemmkeile unbegrenzt verwendbar. D.h. auch die DMM Halfnuts k\u00f6nnen solange verwendet werden bis sie sichtbare Sch\u00e4den aufweisen.<\/p>\n<p>Deshalb sollte man z.B. keine eingeschnittenen, scharfen <a href=\"https:\/\/bolting.eu\/produkt-kategorie\/karabiner-kletterkarabiner\/\">Karabiner<\/a> darin einh\u00e4ngen. Denn wenn die Drahtschlingen ausfransen dann nimmt die Bruchlast drastisch ab. Bei sehr harten St\u00fcrzen kann zudem die Drahtschlinge auch rei\u00dfen.<\/p>\n<h3>DMM Halfnuts Praxis Tipp<\/h3>\n<p>Wir empfehlen euch die Halfnuts vor der 1. Verwendung &#8220;probe zu legen&#8221;. D.h. ihr solltet einfach vom Boden aus die richtigen Placements daf\u00fcr suchen. Somit habt ihr \u00fcberhaupt keinen Stress. Ihr k\u00f6nnt in aller Ruhe ein Auge daf\u00fcr bekommen, wie und wo die Keile gut zu legen sind.<\/p>\n<h3>bolting.eu Praxis Tipp<\/h3>\n<p>Klemmkeile wie die DMM Halfnuts werden oft f\u00fcr den Standplatzbau verwendet. Hierbei gilt es dann oft mehrere Placements in einer Ausgleichsverankerung oder Serienschaltung zu verbinden.<\/p>\n<p>Beachtet in diesem Fall bitte. Sowohl <a href=\"https:\/\/bolting.eu\/produkt-kategorie\/reepschnur\/\">Reepschn\u00fcre<\/a> als auch <a href=\"https:\/\/bolting.eu\/produkt-kategorie\/bandschlinge\/\">Bandschlingen<\/a> sollen niemals direkt in die Drahtschlinge gef\u00e4delt werden. Verwendet daf\u00fcr ausschlie\u00dflich Karabiner!<\/p>\n<p>Denn die weichen Kunststoff Materialien werden an den Drahtkabeln kaputt.<\/p>\n<h4><strong>Link Tipp<\/strong><\/h4>\n<p>Mehr Infos zu den DMM Halfnuts gib es auf der Website des <a href=\"https:\/\/dmmclimbing.com\/\">Herstellers<\/a>.<\/p>\n","protected":false},"excerpt":{"rendered":"<p>Tolles Set in drei Varianten f\u00fcr Trad Enthusiasten! Mit den Halfnuts lassen sich vor allem kleinere Placements in &#8220;Offset&#8221; Rissen gut absichern.<\/p>\n<p>Ideal f\u00fcr Kletterer, die auf jedes Gramm achten!<\/p>\n<p>Versandkostenfrei bis 2kg in <img decoding=\"async\" class=\"emoji\" role=\"img\" draggable=\"false\" src=\"https:\/\/s.w.org\/images\/core\/emoji\/14.0.0\/svg\/1f1e6-1f1f9.svg\" alt=\"\ud83c\udde6\ud83c\uddf9\" \/> ab \u20ac 100,- und <img decoding=\"async\" class=\"emoji\" role=\"img\" draggable=\"false\" src=\"https:\/\/s.w.org\/images\/core\/emoji\/14.0.0\/svg\/1f1e9-1f1ea.svg\" alt=\"\ud83c\udde9\ud83c\uddea\" \/> ab \u20ac 200,-!<\/p>\n","protected":false},"featured_media":15481,"comment_status":"open","ping_status":"closed","template":"","meta":[],"product_brand":[],"product_cat":[3712,9670],"product_tag":[262,4164],"class_list":{"0":"post-4810","1":"product","2":"type-product","3":"status-publish","4":"has-post-thumbnail","6":"product_cat-klemmkeile","7":"product_cat-dmm","8":"product_tag-alpinklettern","9":"product_tag-trad-klettern","11":"first","12":"instock","13":"sale","14":"taxable","15":"shipping-taxable","16":"purchasable","17":"product-type-variable"},"yoast_head":"<!-- This site is optimized with the Yoast SEO Premium plugin v26.9 (Yoast SEO v26.9) - https:\/\/yoast.com\/product\/yoast-seo-premium-wordpress\/ -->\n<title>DMM Halfnuts jetzt g\u00fcnstig online kaufen | bolting.eu<\/title>\n<meta name=\"description\" content=\"Hier findest Du die DMM HALFNUTS im Set mit 7 Gr\u00f6\u00dfen. \u2705 14 Tage R\u00fcckgaberecht \u2705 versandfrei* ab \u20ac 100,- \u2705 Kaufberatung \u2705 Fachh\u00e4ndler aus \u00d6sterreich\" \/>\n<meta name=\"robots\" content=\"index, follow, max-snippet:-1, max-image-preview:large, max-video-preview:-1\" \/>\n<link rel=\"canonical\" href=\"https:\/\/bolting.eu\/en\/shop\/dmm-halfnuts\/\" \/>\n<meta property=\"og:locale\" content=\"en_US\" \/>\n<meta property=\"og:type\" content=\"article\" \/>\n<meta property=\"og:title\" content=\"DMM Halfnuts\" \/>\n<meta property=\"og:description\" content=\"Hier findest Du die DMM HALFNUTS im Set mit 7 Gr\u00f6\u00dfen. \u2705 14 Tage R\u00fcckgaberecht \u2705 versandfrei* ab \u20ac 100,- \u2705 Kaufberatung \u2705 Fachh\u00e4ndler aus \u00d6sterreich\" \/>\n<meta property=\"og:url\" content=\"https:\/\/bolting.eu\/en\/shop\/dmm-halfnuts\/\" \/>\n<meta property=\"og:site_name\" content=\"bolting.eu\" \/>\n<meta property=\"article:publisher\" content=\"https:\/\/www.facebook.com\/bolting.eu\" \/>\n<meta property=\"article:modified_time\" content=\"2026-03-10T13:29:07+00:00\" \/>\n<meta property=\"og:image\" content=\"https:\/\/bolting.eu\/wp-content\/uploads\/2023\/03\/DMM-Halfnuts-1-11.jpg\" \/>\n\t<meta property=\"og:image:width\" content=\"700\" \/>\n\t<meta property=\"og:image:height\" content=\"700\" \/>\n\t<meta property=\"og:image:type\" content=\"image\/jpeg\" \/>\n<meta name=\"twitter:card\" content=\"summary_large_image\" \/>\n<meta name=\"twitter:label1\" content=\"Availability\" \/>\n\t<meta name=\"twitter:data1\" content=\"In stock\" \/>\n<script type=\"application\/ld+json\" class=\"yoast-schema-graph\">{\"@context\":\"https:\/\/schema.org\",\"@graph\":[{\"@type\":[\"WebPage\",\"ItemPage\"],\"@id\":\"https:\/\/bolting.eu\/en\/shop\/dmm-halfnuts\/\",\"url\":\"https:\/\/bolting.eu\/en\/shop\/dmm-halfnuts\/\",\"name\":\"DMM Halfnuts jetzt g\u00fcnstig online kaufen | bolting.eu\",\"isPartOf\":{\"@id\":\"https:\/\/bolting.eu\/en\/#website\"},\"primaryImageOfPage\":{\"@id\":\"https:\/\/bolting.eu\/en\/shop\/dmm-halfnuts\/#primaryimage\"},\"image\":{\"@id\":\"https:\/\/bolting.eu\/en\/shop\/dmm-halfnuts\/#primaryimage\"},\"thumbnailUrl\":\"https:\/\/bolting.eu\/wp-content\/uploads\/2023\/03\/DMM-Halfnuts-1-11.jpg\",\"datePublished\":\"2020-08-23T18:41:37+00:00\",\"dateModified\":\"2026-03-10T13:29:07+00:00\",\"description\":\"Hier findest Du die DMM HALFNUTS im Set mit 7 Gr\u00f6\u00dfen. \u2705 14 Tage R\u00fcckgaberecht \u2705 versandfrei* ab \u20ac 100,- \u2705 Kaufberatung \u2705 Fachh\u00e4ndler aus \u00d6sterreich\",\"breadcrumb\":{\"@id\":\"https:\/\/bolting.eu\/en\/shop\/dmm-halfnuts\/#breadcrumb\"},\"inLanguage\":\"en-US\",\"potentialAction\":[{\"@type\":\"ReadAction\",\"target\":[\"https:\/\/bolting.eu\/en\/shop\/dmm-halfnuts\/\"]}]},{\"@type\":\"ImageObject\",\"inLanguage\":\"en-US\",\"@id\":\"https:\/\/bolting.eu\/en\/shop\/dmm-halfnuts\/#primaryimage\",\"url\":\"https:\/\/bolting.eu\/wp-content\/uploads\/2023\/03\/DMM-Halfnuts-1-11.jpg\",\"contentUrl\":\"https:\/\/bolting.eu\/wp-content\/uploads\/2023\/03\/DMM-Halfnuts-1-11.jpg\",\"width\":700,\"height\":700,\"caption\":\"Set DMM Halfnuts mit 11 verschiedenen Klemmkeilen nebeneinander in einem F\u00e4cher.\"},{\"@type\":\"BreadcrumbList\",\"@id\":\"https:\/\/bolting.eu\/en\/shop\/dmm-halfnuts\/#breadcrumb\",\"itemListElement\":[{\"@type\":\"ListItem\",\"position\":1,\"name\":\"Shop\",\"item\":\"https:\/\/bolting.eu\/en\/shop\/\"},{\"@type\":\"ListItem\",\"position\":2,\"name\":\"Klemmkeile\",\"item\":\"https:\/\/bolting.eu\/produkt-kategorie\/klemmkeile\/\"},{\"@type\":\"ListItem\",\"position\":3,\"name\":\"DMM Halfnuts\"}]},{\"@type\":\"WebSite\",\"@id\":\"https:\/\/bolting.eu\/en\/#website\",\"url\":\"https:\/\/bolting.eu\/en\/\",\"name\":\"bolting.eu\",\"description\":\"we make climbs happen\",\"publisher\":{\"@id\":\"https:\/\/bolting.eu\/en\/#organization\"},\"potentialAction\":[{\"@type\":\"SearchAction\",\"target\":{\"@type\":\"EntryPoint\",\"urlTemplate\":\"https:\/\/bolting.eu\/en\/?s={search_term_string}\"},\"query-input\":{\"@type\":\"PropertyValueSpecification\",\"valueRequired\":true,\"valueName\":\"search_term_string\"}}],\"inLanguage\":\"en-US\"},{\"@type\":[\"Organization\",\"Place\",\"SportingGoodsStore\"],\"@id\":\"https:\/\/bolting.eu\/en\/#organization\",\"name\":\"bolting.eu\",\"url\":\"https:\/\/bolting.eu\/en\/\",\"logo\":{\"@id\":\"https:\/\/bolting.eu\/en\/shop\/dmm-halfnuts\/#local-main-organization-logo\"},\"image\":{\"@id\":\"https:\/\/bolting.eu\/en\/shop\/dmm-halfnuts\/#local-main-organization-logo\"},\"sameAs\":[\"https:\/\/www.facebook.com\/bolting.eu\",\"https:\/\/www.instagram.com\/bolting.eu\/\"],\"address\":{\"@id\":\"https:\/\/bolting.eu\/en\/shop\/dmm-halfnuts\/#local-main-place-address\"},\"geo\":{\"@type\":\"GeoCoordinates\",\"latitude\":\"47.264176340396226\",\"longitude\":\"11.380109057672346\"},\"telephone\":[\"+43 699 19083372\"],\"openingHoursSpecification\":[{\"@type\":\"OpeningHoursSpecification\",\"dayOfWeek\":[\"Monday\",\"Wednesday\",\"Friday\"],\"opens\":\"14:00\",\"closes\":\"18:00\"},{\"@type\":\"OpeningHoursSpecification\",\"dayOfWeek\":[\"Tuesday\",\"Thursday\",\"Saturday\",\"Sunday\"],\"opens\":\"00:00\",\"closes\":\"00:00\"}],\"email\":\"office@bolting.eu\",\"vatID\":\"ATU59999728\",\"priceRange\":\"$$\",\"currenciesAccepted\":\"Euro\"},{\"@type\":\"PostalAddress\",\"@id\":\"https:\/\/bolting.eu\/en\/shop\/dmm-halfnuts\/#local-main-place-address\",\"streetAddress\":\"Fischnalerstra\u00dfe 4\",\"addressLocality\":\"Innsbruck\",\"postalCode\":\"6020\",\"addressRegion\":\"Tirol\",\"addressCountry\":\"AT\"},{\"@type\":\"ImageObject\",\"inLanguage\":\"en-US\",\"@id\":\"https:\/\/bolting.eu\/en\/shop\/dmm-halfnuts\/#local-main-organization-logo\",\"url\":\"https:\/\/bolting.eu\/wp-content\/uploads\/2019\/09\/bolting-logo.png\",\"contentUrl\":\"https:\/\/bolting.eu\/wp-content\/uploads\/2019\/09\/bolting-logo.png\",\"width\":400,\"height\":211,\"caption\":\"bolting.eu\"}]}<\/script>\n<meta property=\"og:availability\" content=\"instock\" \/>\n<meta property=\"product:availability\" content=\"instock\" \/>\n<meta property=\"product:condition\" content=\"new\" \/>\n<meta name=\"geo.placename\" content=\"Innsbruck\" \/>\n<meta name=\"geo.position\" content=\"47.264176340396226;11.380109057672346\" \/>\n<meta name=\"geo.region\" content=\"Austria\" \/>\n<!-- \/ Yoast SEO Premium plugin. -->","yoast_head_json":{"title":"DMM Halfnuts jetzt g\u00fcnstig online kaufen | bolting.eu","description":"Hier findest Du die DMM HALFNUTS im Set mit 7 Gr\u00f6\u00dfen. \u2705 14 Tage R\u00fcckgaberecht \u2705 versandfrei* ab \u20ac 100,- \u2705 Kaufberatung \u2705 Fachh\u00e4ndler aus \u00d6sterreich","robots":{"index":"index","follow":"follow","max-snippet":"max-snippet:-1","max-image-preview":"max-image-preview:large","max-video-preview":"max-video-preview:-1"},"canonical":"https:\/\/bolting.eu\/en\/shop\/dmm-halfnuts\/","og_locale":"en_US","og_type":"article","og_title":"DMM Halfnuts","og_description":"Hier findest Du die DMM HALFNUTS im Set mit 7 Gr\u00f6\u00dfen. \u2705 14 Tage R\u00fcckgaberecht \u2705 versandfrei* ab \u20ac 100,- \u2705 Kaufberatung \u2705 Fachh\u00e4ndler aus \u00d6sterreich","og_url":"https:\/\/bolting.eu\/en\/shop\/dmm-halfnuts\/","og_site_name":"bolting.eu","article_publisher":"https:\/\/www.facebook.com\/bolting.eu","article_modified_time":"2026-03-10T13:29:07+00:00","og_image":[{"width":700,"height":700,"url":"https:\/\/bolting.eu\/wp-content\/uploads\/2023\/03\/DMM-Halfnuts-1-11.jpg","type":"image\/jpeg"}],"twitter_card":"summary_large_image","twitter_misc":{"Availability":"In stock"},"schema":{"@context":"https:\/\/schema.org","@graph":[{"@type":["WebPage","ItemPage"],"@id":"https:\/\/bolting.eu\/en\/shop\/dmm-halfnuts\/","url":"https:\/\/bolting.eu\/en\/shop\/dmm-halfnuts\/","name":"DMM Halfnuts jetzt g\u00fcnstig online kaufen | bolting.eu","isPartOf":{"@id":"https:\/\/bolting.eu\/en\/#website"},"primaryImageOfPage":{"@id":"https:\/\/bolting.eu\/en\/shop\/dmm-halfnuts\/#primaryimage"},"image":{"@id":"https:\/\/bolting.eu\/en\/shop\/dmm-halfnuts\/#primaryimage"},"thumbnailUrl":"https:\/\/bolting.eu\/wp-content\/uploads\/2023\/03\/DMM-Halfnuts-1-11.jpg","datePublished":"2020-08-23T18:41:37+00:00","dateModified":"2026-03-10T13:29:07+00:00","description":"Hier findest Du die DMM HALFNUTS im Set mit 7 Gr\u00f6\u00dfen. \u2705 14 Tage R\u00fcckgaberecht \u2705 versandfrei* ab \u20ac 100,- \u2705 Kaufberatung \u2705 Fachh\u00e4ndler aus \u00d6sterreich","breadcrumb":{"@id":"https:\/\/bolting.eu\/en\/shop\/dmm-halfnuts\/#breadcrumb"},"inLanguage":"en-US","potentialAction":[{"@type":"ReadAction","target":["https:\/\/bolting.eu\/en\/shop\/dmm-halfnuts\/"]}]},{"@type":"ImageObject","inLanguage":"en-US","@id":"https:\/\/bolting.eu\/en\/shop\/dmm-halfnuts\/#primaryimage","url":"https:\/\/bolting.eu\/wp-content\/uploads\/2023\/03\/DMM-Halfnuts-1-11.jpg","contentUrl":"https:\/\/bolting.eu\/wp-content\/uploads\/2023\/03\/DMM-Halfnuts-1-11.jpg","width":700,"height":700,"caption":"Set DMM Halfnuts mit 11 verschiedenen Klemmkeilen nebeneinander in einem F\u00e4cher."},{"@type":"BreadcrumbList","@id":"https:\/\/bolting.eu\/en\/shop\/dmm-halfnuts\/#breadcrumb","itemListElement":[{"@type":"ListItem","position":1,"name":"Shop","item":"https:\/\/bolting.eu\/en\/shop\/"},{"@type":"ListItem","position":2,"name":"Klemmkeile","item":"https:\/\/bolting.eu\/produkt-kategorie\/klemmkeile\/"},{"@type":"ListItem","position":3,"name":"DMM Halfnuts"}]},{"@type":"WebSite","@id":"https:\/\/bolting.eu\/en\/#website","url":"https:\/\/bolting.eu\/en\/","name":"bolting.eu","description":"we make climbs happen","publisher":{"@id":"https:\/\/bolting.eu\/en\/#organization"},"potentialAction":[{"@type":"SearchAction","target":{"@type":"EntryPoint","urlTemplate":"https:\/\/bolting.eu\/en\/?s={search_term_string}"},"query-input":{"@type":"PropertyValueSpecification","valueRequired":true,"valueName":"search_term_string"}}],"inLanguage":"en-US"},{"@type":["Organization","Place","SportingGoodsStore"],"@id":"https:\/\/bolting.eu\/en\/#organization","name":"bolting.eu","url":"https:\/\/bolting.eu\/en\/","logo":{"@id":"https:\/\/bolting.eu\/en\/shop\/dmm-halfnuts\/#local-main-organization-logo"},"image":{"@id":"https:\/\/bolting.eu\/en\/shop\/dmm-halfnuts\/#local-main-organization-logo"},"sameAs":["https:\/\/www.facebook.com\/bolting.eu","https:\/\/www.instagram.com\/bolting.eu\/"],"address":{"@id":"https:\/\/bolting.eu\/en\/shop\/dmm-halfnuts\/#local-main-place-address"},"geo":{"@type":"GeoCoordinates","latitude":"47.264176340396226","longitude":"11.380109057672346"},"telephone":["+43 699 19083372"],"openingHoursSpecification":[{"@type":"OpeningHoursSpecification","dayOfWeek":["Monday","Wednesday","Friday"],"opens":"14:00","closes":"18:00"},{"@type":"OpeningHoursSpecification","dayOfWeek":["Tuesday","Thursday","Saturday","Sunday"],"opens":"00:00","closes":"00:00"}],"email":"office@bolting.eu","vatID":"ATU59999728","priceRange":"$$","currenciesAccepted":"Euro"},{"@type":"PostalAddress","@id":"https:\/\/bolting.eu\/en\/shop\/dmm-halfnuts\/#local-main-place-address","streetAddress":"Fischnalerstra\u00dfe 4","addressLocality":"Innsbruck","postalCode":"6020","addressRegion":"Tirol","addressCountry":"AT"},{"@type":"ImageObject","inLanguage":"en-US","@id":"https:\/\/bolting.eu\/en\/shop\/dmm-halfnuts\/#local-main-organization-logo","url":"https:\/\/bolting.eu\/wp-content\/uploads\/2019\/09\/bolting-logo.png","contentUrl":"https:\/\/bolting.eu\/wp-content\/uploads\/2019\/09\/bolting-logo.png","width":400,"height":211,"caption":"bolting.eu"}]},"og_availability":"instock","product_availability":"instock","product_condition":"new","geo.placename":"Innsbruck","geo.position":{"lat":"47.264176340396226","long":"11.380109057672346"},"geo.region":"Austria"},"_links":{"self":[{"href":"https:\/\/bolting.eu\/en\/wp-json\/wp\/v2\/product\/4810","targetHints":{"allow":["GET"]}}],"collection":[{"href":"https:\/\/bolting.eu\/en\/wp-json\/wp\/v2\/product"}],"about":[{"href":"https:\/\/bolting.eu\/en\/wp-json\/wp\/v2\/types\/product"}],"replies":[{"embeddable":true,"href":"https:\/\/bolting.eu\/en\/wp-json\/wp\/v2\/comments?post=4810"}],"wp:featuredmedia":[{"embeddable":true,"href":"https:\/\/bolting.eu\/en\/wp-json\/wp\/v2\/media\/15481"}],"wp:attachment":[{"href":"https:\/\/bolting.eu\/en\/wp-json\/wp\/v2\/media?parent=4810"}],"wp:term":[{"taxonomy":"product_brand","embeddable":true,"href":"https:\/\/bolting.eu\/en\/wp-json\/wp\/v2\/product_brand?post=4810"},{"taxonomy":"product_cat","embeddable":true,"href":"https:\/\/bolting.eu\/en\/wp-json\/wp\/v2\/product_cat?post=4810"},{"taxonomy":"product_tag","embeddable":true,"href":"https:\/\/bolting.eu\/en\/wp-json\/wp\/v2\/product_tag?post=4810"}],"curies":[{"name":"wp","href":"https:\/\/api.w.org\/{rel}","templated":true}]}}