{"id":4803,"date":"2020-08-23T19:35:45","date_gmt":"2020-08-23T17:35:45","guid":{"rendered":"https:\/\/bolting.eu\/?post_type=product&#038;p=4803"},"modified":"2025-09-17T16:49:29","modified_gmt":"2025-09-17T14:49:29","slug":"dmm-micro-wallnuts","status":"publish","type":"product","link":"https:\/\/bolting.eu\/en\/shop\/dmm-micro-wallnuts\/","title":{"rendered":"DMM Micro Wallnuts"},"content":{"rendered":"<p>Die DMM Micro Wallnuts sind ein Set von sehr kleinen <a href=\"https:\/\/bolting.eu\/produkt-kategorie\/klemmkeile\/\">Klemmkeilen<\/a>. Sie werden vor allem beim Techno Klettern bzw. bei Big Walls eingesetzt. Sie passen in sehr kleine Risse sowie hinter kleine Schuppen. Die Keile sind im Grunde daf\u00fcr gedacht, nur das K\u00f6rpergewicht zu halten. Folglich sollten sie in keiner <a href=\"https:\/\/bolting.eu\/big-wall-ausruestung\/\">Big Wall Ausr\u00fcstung<\/a> fehlen.<\/p>\n<h2>Eigenschaften DMM Micro Wallnuts<\/h2>\n<ul>\n<li>Hersteller: <a href=\"https:\/\/bolting.eu\/produkt-kategorie\/dmm\/\">DMM Climbing<\/a><\/li>\n<li>Material: Alu (kopf) bzw. verzinkter Stahl (Drahtschlinge)<\/li>\n<li>Set mit 4 Gr\u00f6\u00dfen (00, 0, 0,5, 0,75)<\/li>\n<li>EN Norm: EN 12276:2013<\/li>\n<li>Bruchlasten: 2kN &#8211; 6kN<\/li>\n<li>Gewicht: nur 30 Gramm<\/li>\n<li>sehr gro\u00dfe Oberfl\u00e4che f\u00fcr besten Halt<\/li>\n<li>Rissbreiten 4,0 &#8211; 12,6mm<\/li>\n<li>K\u00f6pfe in verschiedenen Farben<\/li>\n<li>f\u00fcr nasse und eisige Risse<\/li>\n<\/ul>\n<h3>Perfekt zum Techno Klettern<\/h3>\n<p>Die DMM Micro Wallnuts sind perfekt zum Techno Klettern. D.h. sie sind f\u00fcr Placements gedacht, die nur das K\u00f6rpergewicht halten. Denn die kleinen Keile sind f\u00fcr schmalste Risse gedacht. Zudem kann man sie auch hinter sehr kleine Schuppen legen.<\/p>\n<p>Folglich sollte man beim Legen der Keile sehr achtsam sein. In vielen F\u00e4llen wird deshalb mit dem <a href=\"https:\/\/bolting.eu\/produkt-kategorie\/einbohrartikel\/felshammer\/\">Felshammer<\/a> oder <a href=\"https:\/\/bolting.eu\/produkt-kategorie\/klemmkeile\/klemmkeilentferner\/\">Klemmkeilentferner<\/a> nachgeholfen.<\/p>\n<h3>Wann geh\u00f6ren die DMM Micro Wallnuts ausgetauscht?<\/h3>\n<p>Wer in einen Micro Keil hinein f\u00e4llt, wird ihn wahrscheinlich aus der Wand rei\u00dfen. Sollte er wieder Erwarten aber halten, so kommt es immer wieder zu Sch\u00e4den an der Drahtschlinge.<\/p>\n<p>Zum einen rei\u00dfen diese gerne dort etwas ein, wo sie \u00fcber scharfe Kanten &#8220;rutschen&#8221;. Oder wo <a href=\"https:\/\/bolting.eu\/produkt-kategorie\/kletterausruestung\/kletterkarabiner\/\">Kletterkarabiner <\/a>sich &#8220;einschneiden&#8221;.<\/p>\n<p>Zum anderen k\u00f6nnen sie bei sehr harten St\u00fcrzen sogar abrei\u00dfen. Beachtet. Die Bruchlast betr\u00e4gt ja nur 2kN bis 6kN. Somit sind Risse nichts ungew\u00f6hnlich. Allerdings nur sofern das Placement echt &#8220;bomber&#8221; ist.<\/p>\n<p>Bei Starken Sch\u00e4den an der Drahtschlinge ist der Keil umgehend auszuscheiden. Ansonsten kann er unbefristet weiter verwendet werden.<\/p>\n<h3>DMM Micro Wallnuts f\u00fcr Big Walls<\/h3>\n<p>Mit diesem Klemmkeil Set werden nur erfahrene Big Wall Ratten eine Freude haben. Denn sie sind etwas f\u00fcr schwere Techno L\u00e4ngen, wie z.B. The Shield, oder Zodiac am El Cap.<\/p>\n<p>F\u00fcr das normale Trad Klettern braucht ihr die Wallnuts ab der Gr\u00f6\u00dfe 1.<\/p>\n<h4><strong>Link Tipp<\/strong><\/h4>\n<p>Mehr Infos zu den DMM Wallnuts gibt es auf der Website des <a href=\"https:\/\/dmmclimbing.com\/\">Herstellers<\/a><\/p>\n<p>&nbsp;<\/p>\n","protected":false},"excerpt":{"rendered":"<ul>\n<li>Hersteller: <a href=\"https:\/\/bolting.eu\/produkt-kategorie\/dmm\/\">DMM Climbing<\/a><\/li>\n<li>Material: Alu (kopf) bzw. verzinkter Stahl (Drahtschlinge)<\/li>\n<li>Set mit 4 Gr\u00f6\u00dfen (00, 0, 0,5, 0,75)<\/li>\n<li>EN Norm: EN 12276:2013<\/li>\n<li>Gewicht: nur 30 Gramm<\/li>\n<li>sehr gro\u00dfe Oberfl\u00e4che f\u00fcr besten Halt<\/li>\n<li>Rissbreiten 4,0 &#8211; 12,6mm<\/li>\n<li>K\u00f6pfe in verschiedenen Farben<\/li>\n<li>f\u00fcr nasse und eisige Risse<\/li>\n<\/ul>\n","protected":false},"featured_media":4804,"comment_status":"open","ping_status":"closed","template":"","meta":[],"product_brand":[],"product_cat":[31,3712,9670],"product_tag":[265],"class_list":{"0":"post-4803","1":"product","2":"type-product","3":"status-publish","4":"has-post-thumbnail","6":"product_cat-big-wall-ausruestung","7":"product_cat-klemmkeile","8":"product_cat-dmm","9":"product_tag-big-wall-klettern","11":"first","12":"instock","13":"sale","14":"taxable","15":"shipping-taxable","16":"purchasable","17":"product-type-simple"},"yoast_head":"<!-- This site is optimized with the Yoast SEO Premium plugin v26.9 (Yoast SEO v26.9) - https:\/\/yoast.com\/product\/yoast-seo-premium-wordpress\/ -->\n<title>DMM Micro Wallnuts jetzt g\u00fcnstig online kaufen | bolting.eu<\/title>\n<meta name=\"description\" content=\"Hier findest du das DMM MICRO WALLNUTS Set mit 4 Gr\u00f6\u00dfen. \u2705 14 Tage R\u00fcckgaberecht \u2705 versandfrei* ab \u20ac 100,- \u2705 Kaufberatung \u2705 Fachh\u00e4ndler aus \u00d6sterreich\" \/>\n<meta name=\"robots\" content=\"index, follow, max-snippet:-1, max-image-preview:large, max-video-preview:-1\" \/>\n<link rel=\"canonical\" href=\"https:\/\/bolting.eu\/en\/shop\/dmm-micro-wallnuts\/\" \/>\n<meta property=\"og:locale\" content=\"en_US\" \/>\n<meta property=\"og:type\" content=\"article\" \/>\n<meta property=\"og:title\" content=\"DMM Micro Wallnuts\" \/>\n<meta property=\"og:description\" content=\"Hier findest du das DMM MICRO WALLNUTS Set mit 4 Gr\u00f6\u00dfen. \u2705 14 Tage R\u00fcckgaberecht \u2705 versandfrei* ab \u20ac 100,- \u2705 Kaufberatung \u2705 Fachh\u00e4ndler aus \u00d6sterreich\" \/>\n<meta property=\"og:url\" content=\"https:\/\/bolting.eu\/en\/shop\/dmm-micro-wallnuts\/\" \/>\n<meta property=\"og:site_name\" content=\"bolting.eu\" \/>\n<meta property=\"article:publisher\" content=\"https:\/\/www.facebook.com\/bolting.eu\" \/>\n<meta property=\"article:modified_time\" content=\"2025-09-17T14:49:29+00:00\" \/>\n<meta property=\"og:image\" content=\"https:\/\/bolting.eu\/wp-content\/uploads\/2020\/08\/DMM-Micro-Wallnuts-1.jpg\" \/>\n\t<meta property=\"og:image:width\" content=\"700\" \/>\n\t<meta property=\"og:image:height\" content=\"700\" \/>\n\t<meta property=\"og:image:type\" content=\"image\/jpeg\" \/>\n<meta name=\"twitter:card\" content=\"summary_large_image\" \/>\n<meta name=\"twitter:label1\" content=\"Price\" \/>\n\t<meta name=\"twitter:data1\" content=\"&euro;&nbsp;45,00\" \/>\n\t<meta name=\"twitter:label2\" content=\"Availability\" \/>\n\t<meta name=\"twitter:data2\" content=\"In stock\" \/>\n<script type=\"application\/ld+json\" class=\"yoast-schema-graph\">{\"@context\":\"https:\/\/schema.org\",\"@graph\":[{\"@type\":[\"WebPage\",\"ItemPage\"],\"@id\":\"https:\/\/bolting.eu\/en\/shop\/dmm-micro-wallnuts\/\",\"url\":\"https:\/\/bolting.eu\/en\/shop\/dmm-micro-wallnuts\/\",\"name\":\"DMM Micro Wallnuts jetzt g\u00fcnstig online kaufen | bolting.eu\",\"isPartOf\":{\"@id\":\"https:\/\/bolting.eu\/en\/#website\"},\"primaryImageOfPage\":{\"@id\":\"https:\/\/bolting.eu\/en\/shop\/dmm-micro-wallnuts\/#primaryimage\"},\"image\":{\"@id\":\"https:\/\/bolting.eu\/en\/shop\/dmm-micro-wallnuts\/#primaryimage\"},\"thumbnailUrl\":\"https:\/\/bolting.eu\/wp-content\/uploads\/2020\/08\/DMM-Micro-Wallnuts-1.jpg\",\"datePublished\":\"2020-08-23T17:35:45+00:00\",\"dateModified\":\"2025-09-17T14:49:29+00:00\",\"description\":\"Hier findest du das DMM MICRO WALLNUTS Set mit 4 Gr\u00f6\u00dfen. \u2705 14 Tage R\u00fcckgaberecht \u2705 versandfrei* ab \u20ac 100,- \u2705 Kaufberatung \u2705 Fachh\u00e4ndler aus \u00d6sterreich\",\"breadcrumb\":{\"@id\":\"https:\/\/bolting.eu\/en\/shop\/dmm-micro-wallnuts\/#breadcrumb\"},\"inLanguage\":\"en-US\",\"potentialAction\":[{\"@type\":\"ReadAction\",\"target\":[\"https:\/\/bolting.eu\/en\/shop\/dmm-micro-wallnuts\/\"]}]},{\"@type\":\"ImageObject\",\"inLanguage\":\"en-US\",\"@id\":\"https:\/\/bolting.eu\/en\/shop\/dmm-micro-wallnuts\/#primaryimage\",\"url\":\"https:\/\/bolting.eu\/wp-content\/uploads\/2020\/08\/DMM-Micro-Wallnuts-1.jpg\",\"contentUrl\":\"https:\/\/bolting.eu\/wp-content\/uploads\/2020\/08\/DMM-Micro-Wallnuts-1.jpg\",\"width\":700,\"height\":700,\"caption\":\"das Bild zeigt ein Set der DMM MIcro Wallnuts. Die vier Klemmkeile liegen schr\u00e4g in Bildmitte. Man erkennt die bunten Alu K\u00f6pfe sowie die Drahtschlingen.\"},{\"@type\":\"BreadcrumbList\",\"@id\":\"https:\/\/bolting.eu\/en\/shop\/dmm-micro-wallnuts\/#breadcrumb\",\"itemListElement\":[{\"@type\":\"ListItem\",\"position\":1,\"name\":\"Shop\",\"item\":\"https:\/\/bolting.eu\/en\/shop\/\"},{\"@type\":\"ListItem\",\"position\":2,\"name\":\"Klemmkeile\",\"item\":\"https:\/\/bolting.eu\/produkt-kategorie\/klemmkeile\/\"},{\"@type\":\"ListItem\",\"position\":3,\"name\":\"DMM Micro Wallnuts\"}]},{\"@type\":\"WebSite\",\"@id\":\"https:\/\/bolting.eu\/en\/#website\",\"url\":\"https:\/\/bolting.eu\/en\/\",\"name\":\"bolting.eu\",\"description\":\"we make climbs happen\",\"publisher\":{\"@id\":\"https:\/\/bolting.eu\/en\/#organization\"},\"potentialAction\":[{\"@type\":\"SearchAction\",\"target\":{\"@type\":\"EntryPoint\",\"urlTemplate\":\"https:\/\/bolting.eu\/en\/?s={search_term_string}\"},\"query-input\":{\"@type\":\"PropertyValueSpecification\",\"valueRequired\":true,\"valueName\":\"search_term_string\"}}],\"inLanguage\":\"en-US\"},{\"@type\":[\"Organization\",\"Place\",\"SportingGoodsStore\"],\"@id\":\"https:\/\/bolting.eu\/en\/#organization\",\"name\":\"bolting.eu\",\"url\":\"https:\/\/bolting.eu\/en\/\",\"logo\":{\"@id\":\"https:\/\/bolting.eu\/en\/shop\/dmm-micro-wallnuts\/#local-main-organization-logo\"},\"image\":{\"@id\":\"https:\/\/bolting.eu\/en\/shop\/dmm-micro-wallnuts\/#local-main-organization-logo\"},\"sameAs\":[\"https:\/\/www.facebook.com\/bolting.eu\",\"https:\/\/www.instagram.com\/bolting.eu\/\"],\"address\":{\"@id\":\"https:\/\/bolting.eu\/en\/shop\/dmm-micro-wallnuts\/#local-main-place-address\"},\"geo\":{\"@type\":\"GeoCoordinates\",\"latitude\":\"47.264176340396226\",\"longitude\":\"11.380109057672346\"},\"telephone\":[\"+43 699 19083372\"],\"openingHoursSpecification\":[{\"@type\":\"OpeningHoursSpecification\",\"dayOfWeek\":[\"Monday\",\"Wednesday\",\"Friday\"],\"opens\":\"14:00\",\"closes\":\"18:00\"},{\"@type\":\"OpeningHoursSpecification\",\"dayOfWeek\":[\"Tuesday\",\"Thursday\",\"Saturday\",\"Sunday\"],\"opens\":\"00:00\",\"closes\":\"00:00\"}],\"email\":\"office@bolting.eu\",\"vatID\":\"ATU59999728\",\"priceRange\":\"$$\",\"currenciesAccepted\":\"Euro\"},{\"@type\":\"PostalAddress\",\"@id\":\"https:\/\/bolting.eu\/en\/shop\/dmm-micro-wallnuts\/#local-main-place-address\",\"streetAddress\":\"Fischnalerstra\u00dfe 4\",\"addressLocality\":\"Innsbruck\",\"postalCode\":\"6020\",\"addressRegion\":\"Tirol\",\"addressCountry\":\"AT\"},{\"@type\":\"ImageObject\",\"inLanguage\":\"en-US\",\"@id\":\"https:\/\/bolting.eu\/en\/shop\/dmm-micro-wallnuts\/#local-main-organization-logo\",\"url\":\"https:\/\/bolting.eu\/wp-content\/uploads\/2019\/09\/bolting-logo.png\",\"contentUrl\":\"https:\/\/bolting.eu\/wp-content\/uploads\/2019\/09\/bolting-logo.png\",\"width\":400,\"height\":211,\"caption\":\"bolting.eu\"}]}<\/script>\n<meta property=\"product:price:amount\" content=\"45.00\" \/>\n<meta property=\"product:price:currency\" content=\"EUR\" \/>\n<meta property=\"og:availability\" content=\"instock\" \/>\n<meta property=\"product:availability\" content=\"instock\" \/>\n<meta property=\"product:retailer_item_id\" content=\"A1600\/59A\" \/>\n<meta property=\"product:condition\" content=\"new\" \/>\n<meta name=\"geo.placename\" content=\"Innsbruck\" \/>\n<meta name=\"geo.position\" content=\"47.264176340396226;11.380109057672346\" \/>\n<meta name=\"geo.region\" content=\"Austria\" \/>\n<!-- \/ Yoast SEO Premium plugin. -->","yoast_head_json":{"title":"DMM Micro Wallnuts jetzt g\u00fcnstig online kaufen | bolting.eu","description":"Hier findest du das DMM MICRO WALLNUTS Set mit 4 Gr\u00f6\u00dfen. \u2705 14 Tage R\u00fcckgaberecht \u2705 versandfrei* ab \u20ac 100,- \u2705 Kaufberatung \u2705 Fachh\u00e4ndler aus \u00d6sterreich","robots":{"index":"index","follow":"follow","max-snippet":"max-snippet:-1","max-image-preview":"max-image-preview:large","max-video-preview":"max-video-preview:-1"},"canonical":"https:\/\/bolting.eu\/en\/shop\/dmm-micro-wallnuts\/","og_locale":"en_US","og_type":"article","og_title":"DMM Micro Wallnuts","og_description":"Hier findest du das DMM MICRO WALLNUTS Set mit 4 Gr\u00f6\u00dfen. \u2705 14 Tage R\u00fcckgaberecht \u2705 versandfrei* ab \u20ac 100,- \u2705 Kaufberatung \u2705 Fachh\u00e4ndler aus \u00d6sterreich","og_url":"https:\/\/bolting.eu\/en\/shop\/dmm-micro-wallnuts\/","og_site_name":"bolting.eu","article_publisher":"https:\/\/www.facebook.com\/bolting.eu","article_modified_time":"2025-09-17T14:49:29+00:00","og_image":[{"width":700,"height":700,"url":"https:\/\/bolting.eu\/wp-content\/uploads\/2020\/08\/DMM-Micro-Wallnuts-1.jpg","type":"image\/jpeg"}],"twitter_card":"summary_large_image","twitter_misc":{"Price":"&euro;&nbsp;45,00","Availability":"In stock"},"schema":{"@context":"https:\/\/schema.org","@graph":[{"@type":["WebPage","ItemPage"],"@id":"https:\/\/bolting.eu\/en\/shop\/dmm-micro-wallnuts\/","url":"https:\/\/bolting.eu\/en\/shop\/dmm-micro-wallnuts\/","name":"DMM Micro Wallnuts jetzt g\u00fcnstig online kaufen | bolting.eu","isPartOf":{"@id":"https:\/\/bolting.eu\/en\/#website"},"primaryImageOfPage":{"@id":"https:\/\/bolting.eu\/en\/shop\/dmm-micro-wallnuts\/#primaryimage"},"image":{"@id":"https:\/\/bolting.eu\/en\/shop\/dmm-micro-wallnuts\/#primaryimage"},"thumbnailUrl":"https:\/\/bolting.eu\/wp-content\/uploads\/2020\/08\/DMM-Micro-Wallnuts-1.jpg","datePublished":"2020-08-23T17:35:45+00:00","dateModified":"2025-09-17T14:49:29+00:00","description":"Hier findest du das DMM MICRO WALLNUTS Set mit 4 Gr\u00f6\u00dfen. \u2705 14 Tage R\u00fcckgaberecht \u2705 versandfrei* ab \u20ac 100,- \u2705 Kaufberatung \u2705 Fachh\u00e4ndler aus \u00d6sterreich","breadcrumb":{"@id":"https:\/\/bolting.eu\/en\/shop\/dmm-micro-wallnuts\/#breadcrumb"},"inLanguage":"en-US","potentialAction":[{"@type":"ReadAction","target":["https:\/\/bolting.eu\/en\/shop\/dmm-micro-wallnuts\/"]}]},{"@type":"ImageObject","inLanguage":"en-US","@id":"https:\/\/bolting.eu\/en\/shop\/dmm-micro-wallnuts\/#primaryimage","url":"https:\/\/bolting.eu\/wp-content\/uploads\/2020\/08\/DMM-Micro-Wallnuts-1.jpg","contentUrl":"https:\/\/bolting.eu\/wp-content\/uploads\/2020\/08\/DMM-Micro-Wallnuts-1.jpg","width":700,"height":700,"caption":"das Bild zeigt ein Set der DMM MIcro Wallnuts. Die vier Klemmkeile liegen schr\u00e4g in Bildmitte. Man erkennt die bunten Alu K\u00f6pfe sowie die Drahtschlingen."},{"@type":"BreadcrumbList","@id":"https:\/\/bolting.eu\/en\/shop\/dmm-micro-wallnuts\/#breadcrumb","itemListElement":[{"@type":"ListItem","position":1,"name":"Shop","item":"https:\/\/bolting.eu\/en\/shop\/"},{"@type":"ListItem","position":2,"name":"Klemmkeile","item":"https:\/\/bolting.eu\/produkt-kategorie\/klemmkeile\/"},{"@type":"ListItem","position":3,"name":"DMM Micro Wallnuts"}]},{"@type":"WebSite","@id":"https:\/\/bolting.eu\/en\/#website","url":"https:\/\/bolting.eu\/en\/","name":"bolting.eu","description":"we make climbs happen","publisher":{"@id":"https:\/\/bolting.eu\/en\/#organization"},"potentialAction":[{"@type":"SearchAction","target":{"@type":"EntryPoint","urlTemplate":"https:\/\/bolting.eu\/en\/?s={search_term_string}"},"query-input":{"@type":"PropertyValueSpecification","valueRequired":true,"valueName":"search_term_string"}}],"inLanguage":"en-US"},{"@type":["Organization","Place","SportingGoodsStore"],"@id":"https:\/\/bolting.eu\/en\/#organization","name":"bolting.eu","url":"https:\/\/bolting.eu\/en\/","logo":{"@id":"https:\/\/bolting.eu\/en\/shop\/dmm-micro-wallnuts\/#local-main-organization-logo"},"image":{"@id":"https:\/\/bolting.eu\/en\/shop\/dmm-micro-wallnuts\/#local-main-organization-logo"},"sameAs":["https:\/\/www.facebook.com\/bolting.eu","https:\/\/www.instagram.com\/bolting.eu\/"],"address":{"@id":"https:\/\/bolting.eu\/en\/shop\/dmm-micro-wallnuts\/#local-main-place-address"},"geo":{"@type":"GeoCoordinates","latitude":"47.264176340396226","longitude":"11.380109057672346"},"telephone":["+43 699 19083372"],"openingHoursSpecification":[{"@type":"OpeningHoursSpecification","dayOfWeek":["Monday","Wednesday","Friday"],"opens":"14:00","closes":"18:00"},{"@type":"OpeningHoursSpecification","dayOfWeek":["Tuesday","Thursday","Saturday","Sunday"],"opens":"00:00","closes":"00:00"}],"email":"office@bolting.eu","vatID":"ATU59999728","priceRange":"$$","currenciesAccepted":"Euro"},{"@type":"PostalAddress","@id":"https:\/\/bolting.eu\/en\/shop\/dmm-micro-wallnuts\/#local-main-place-address","streetAddress":"Fischnalerstra\u00dfe 4","addressLocality":"Innsbruck","postalCode":"6020","addressRegion":"Tirol","addressCountry":"AT"},{"@type":"ImageObject","inLanguage":"en-US","@id":"https:\/\/bolting.eu\/en\/shop\/dmm-micro-wallnuts\/#local-main-organization-logo","url":"https:\/\/bolting.eu\/wp-content\/uploads\/2019\/09\/bolting-logo.png","contentUrl":"https:\/\/bolting.eu\/wp-content\/uploads\/2019\/09\/bolting-logo.png","width":400,"height":211,"caption":"bolting.eu"}]},"product_price_amount":"45.00","product_price_currency":"EUR","og_availability":"instock","product_availability":"instock","product_retailer_item_id":"A1600\/59A","product_condition":"new","geo.placename":"Innsbruck","geo.position":{"lat":"47.264176340396226","long":"11.380109057672346"},"geo.region":"Austria"},"_links":{"self":[{"href":"https:\/\/bolting.eu\/en\/wp-json\/wp\/v2\/product\/4803","targetHints":{"allow":["GET"]}}],"collection":[{"href":"https:\/\/bolting.eu\/en\/wp-json\/wp\/v2\/product"}],"about":[{"href":"https:\/\/bolting.eu\/en\/wp-json\/wp\/v2\/types\/product"}],"replies":[{"embeddable":true,"href":"https:\/\/bolting.eu\/en\/wp-json\/wp\/v2\/comments?post=4803"}],"wp:featuredmedia":[{"embeddable":true,"href":"https:\/\/bolting.eu\/en\/wp-json\/wp\/v2\/media\/4804"}],"wp:attachment":[{"href":"https:\/\/bolting.eu\/en\/wp-json\/wp\/v2\/media?parent=4803"}],"wp:term":[{"taxonomy":"product_brand","embeddable":true,"href":"https:\/\/bolting.eu\/en\/wp-json\/wp\/v2\/product_brand?post=4803"},{"taxonomy":"product_cat","embeddable":true,"href":"https:\/\/bolting.eu\/en\/wp-json\/wp\/v2\/product_cat?post=4803"},{"taxonomy":"product_tag","embeddable":true,"href":"https:\/\/bolting.eu\/en\/wp-json\/wp\/v2\/product_tag?post=4803"}],"curies":[{"name":"wp","href":"https:\/\/api.w.org\/{rel}","templated":true}]}}