{"id":4782,"date":"2020-08-23T09:44:05","date_gmt":"2020-08-23T07:44:05","guid":{"rendered":"https:\/\/bolting.eu\/?post_type=product&#038;p=4782"},"modified":"2025-06-16T15:27:13","modified_gmt":"2025-06-16T13:27:13","slug":"dmm-wire-torque-nuts","status":"publish","type":"product","link":"https:\/\/bolting.eu\/en\/shop\/dmm-wire-torque-nuts\/","title":{"rendered":"DMM Wire Torque Nuts"},"content":{"rendered":"<p>Die DMM Wire Torque Nuts sind gro\u00dfe sechseckige <a href=\"https:\/\/bolting.eu\/produkt-kategorie\/klemmkeile\/\">Klemmkeile<\/a> mit Drahtschlingen. Sie werden oftmals auch als &#8220;Hexentrics&#8221; bezeichnet. Diese Keile sind f\u00fcr breite Risse sowie als g\u00fcnstiger Ersatz f\u00fcr Friends gedacht.<\/p>\n<p>Die &#8220;Torques&#8221; zeichnen sich durch diese Features aus. Erstens sind sie im Vergleich zu Friends viel leichter. Folglich sind sie eine lohnende Alternative zu Klemmger\u00e4ten. Besonders bei kleinem Budget bzw. f\u00fcr Anf\u00e4nger sind sie eine \u00dcberlegung wert.<\/p>\n<p>Zweitens sind diese Keile durch ihre sechseckige Form bestens f\u00fcr Risse geeignet. Sie verdrehen sich bei Belastung automatisch und sorgen in vielen Situationen f\u00fcr perfekte Absicherung.<\/p>\n<p>Drittens sind die DMM Torque Nuts vor allem im Winter super zu verwenden. Denn wenn Risse eisig sind, funktionieren normale Friends meist gar nicht.<\/p>\n<p>Viertens sind diese Klemmkeile so gut wie nicht kaputt zu bekommen. D.h. sie halten viele, viele Jahre.<\/p>\n<p>F\u00fcnftens gibt es diese Hexentrics in zwei Varianten. Zum einen in der vorliegenden Version mit Drahtschlingen. Dieses Set hat 430 Gramm. Und zum anderen mit verl\u00e4ngerbaren Dyneema Schlingen. Dieses Set ist nur 374 Gramm schwer und somit etwas leichter.<\/p>\n<h2>Eigenschaften DMM Wire Torque Nuts<\/h2>\n<ul>\n<li>Hersteller: DMM<\/li>\n<li>Material: leichtes Aluminium<\/li>\n<li>EN Norm: EN 12270:2013<\/li>\n<li>Bruchlast 14 kN<\/li>\n<li>Set mit 4 Gr\u00f6\u00dfen<\/li>\n<li>f\u00fcr Risse 31-71mm<\/li>\n<li>Gewicht des Set: 430 Gramm<\/li>\n<li>mit Drahtschlingen<\/li>\n<li>auch f\u00fcr parallele Risse geeignet<\/li>\n<li>speziell n\u00fctzlich im Winter bei vereisten Rissen<\/li>\n<\/ul>\n<h3>Vorteile gegen\u00fcber Friends<\/h3>\n<p>Die DMM Wire Torque Nuts sind eine veritable Alternative zu Friends. Denn man kann sie sowohl in parallelen Rissen als auch vielen weiteren Placements legen. Zudem sind dieses &#8220;Hexes&#8221; im Winter eine bessere Wahl als Klemmger\u00e4te. Denn bei vereister Felsoberfl\u00e4che halten Klemmger\u00e4te meist gar nicht. Die &#8220;Torques&#8221; hingegen brechen die Eisfl\u00e4chen einfach auf und dr\u00fccken sich gegen den Fels.<\/p>\n<h3>Variante mit Drahtschlingen<\/h3>\n<p>Dies DMM Wire Torque Nuts haben robuste Drahtschlingen eingearbeitet. D.h. sie sind etwas robuster gebaut als die Variante mit den Dyneema Schlingen. Folglich kann man hier entweder direkt einen <a href=\"https:\/\/bolting.eu\/produkt-kategorie\/kletterausruestung\/kletterkarabiner\/\">Karabiner <\/a>darin einh\u00e4ngen. Oder aber besser eine etwas l\u00e4ngere <a href=\"https:\/\/bolting.eu\/produkt-kategorie\/expressschlingen\/\">Expressschlinge<\/a> um zu viel Seilreibung zu vermeiden.<\/p>\n<h3>Wann sind die DMM Wire Torque Nuts auszuscheiden?<\/h3>\n<p>Ihr m\u00fcsst eure Keile dann aussondern, wenn die Drahtschlingen sichtbar besch\u00e4digt sind. D.h. wenn sie ausfransen bzw. irgendwo Sch\u00e4den aufweisen.<\/p>\n<h3>bolting.eu Praxis Tipp<\/h3>\n<p>Klemmkeile werden oft f\u00fcr den Standplatzbau verwendet. Hierbei gilt es dann oft mehrere Placements in einer Ausgleichsverankerung oder Serienschaltung zu verbinden.<\/p>\n<p>Beachtet auch bei euren DMM Wire Torque Nuts bitte. Sowohl <a href=\"https:\/\/bolting.eu\/produkt-kategorie\/reepschnur\/\">Reepschn\u00fcre<\/a> als auch <a href=\"https:\/\/bolting.eu\/produkt-kategorie\/bandschlinge\/\">Bandschlingen<\/a> sollen niemals direkt in die Drahtschlinge gef\u00e4delt werden. Verwendet daf\u00fcr ausschlie\u00dflich Karabiner!<\/p>\n<p>Denn die weichen Kunststoff Materialien werden an den Drahtkabeln kaputt.<\/p>\n<h4><strong>Link Tipp<\/strong><\/h4>\n<p>Mehr Informationen zu den Klemmkeilen findet ihr beim <a href=\"https:\/\/dmmclimbing.com\/\">Hersteller<\/a>!<\/p>\n","protected":false},"excerpt":{"rendered":"<ul>\n<li>Hersteller: <a href=\"https:\/\/bolting.eu\/produkt-kategorie\/dmm\/\">DMM<\/a><\/li>\n<li>Material: leichtes Aluminium<\/li>\n<li>EN Norm: EN 12270:2013<\/li>\n<li>Bruchlast 14 kN<\/li>\n<li>Set mit 4 Gr\u00f6\u00dfen<\/li>\n<li>f\u00fcr Risse 31-71mm<\/li>\n<li>Gewicht des Set: 430 Gramm<\/li>\n<li>mit Drahtschlingen<\/li>\n<li>auch f\u00fcr parallele Risse geeignet<\/li>\n<li>speziell n\u00fctzlich im Winter bei vereisten Rissen<\/li>\n<\/ul>\n","protected":false},"featured_media":4787,"comment_status":"open","ping_status":"closed","template":"","meta":[],"product_brand":[],"product_cat":[3712,9670],"product_tag":[],"class_list":{"0":"post-4782","1":"product","2":"type-product","3":"status-publish","4":"has-post-thumbnail","6":"product_cat-klemmkeile","7":"product_cat-dmm","9":"first","10":"instock","11":"taxable","12":"shipping-taxable","13":"purchasable","14":"product-type-simple"},"yoast_head":"<!-- This site is optimized with the Yoast SEO Premium plugin v26.9 (Yoast SEO v26.9) - https:\/\/yoast.com\/product\/yoast-seo-premium-wordpress\/ -->\n<title>DMM Wire Torque Nuts jetzt g\u00fcnstig online kaufen | bolting.eu<\/title>\n<meta name=\"description\" content=\"Hier findest Du das DMM WIRE TORQUE NUTS Set mit 4 Gr\u00f6\u00dfen. \u2705 14 Tage R\u00fcckgaberecht \u2705 versandfrei* ab \u20ac 100,- \u2705 Kaufberatung \u2705 Fachh\u00e4ndler aus \u00d6sterreich\" \/>\n<meta name=\"robots\" content=\"index, follow, max-snippet:-1, max-image-preview:large, max-video-preview:-1\" \/>\n<link rel=\"canonical\" href=\"https:\/\/bolting.eu\/en\/shop\/dmm-wire-torque-nuts\/\" \/>\n<meta property=\"og:locale\" content=\"en_US\" \/>\n<meta property=\"og:type\" content=\"article\" \/>\n<meta property=\"og:title\" content=\"DMM Wire Torque Nuts\" \/>\n<meta property=\"og:description\" content=\"Hier findest Du das DMM WIRE TORQUE NUTS Set mit 4 Gr\u00f6\u00dfen. \u2705 14 Tage R\u00fcckgaberecht \u2705 versandfrei* ab \u20ac 100,- \u2705 Kaufberatung \u2705 Fachh\u00e4ndler aus \u00d6sterreich\" \/>\n<meta property=\"og:url\" content=\"https:\/\/bolting.eu\/en\/shop\/dmm-wire-torque-nuts\/\" \/>\n<meta property=\"og:site_name\" content=\"bolting.eu\" \/>\n<meta property=\"article:publisher\" content=\"https:\/\/www.facebook.com\/bolting.eu\" \/>\n<meta property=\"article:modified_time\" content=\"2025-06-16T13:27:13+00:00\" \/>\n<meta property=\"og:image\" content=\"https:\/\/bolting.eu\/wp-content\/uploads\/2020\/08\/DMM-Wire-Torque-Nuts-Set-1.jpg\" \/>\n\t<meta property=\"og:image:width\" content=\"700\" \/>\n\t<meta property=\"og:image:height\" content=\"700\" \/>\n\t<meta property=\"og:image:type\" content=\"image\/jpeg\" \/>\n<meta name=\"twitter:card\" content=\"summary_large_image\" \/>\n<meta name=\"twitter:label1\" content=\"Price\" \/>\n\t<meta name=\"twitter:data1\" content=\"&euro;&nbsp;72,90\" \/>\n\t<meta name=\"twitter:label2\" content=\"Availability\" \/>\n\t<meta name=\"twitter:data2\" content=\"In stock\" \/>\n<script type=\"application\/ld+json\" class=\"yoast-schema-graph\">{\"@context\":\"https:\/\/schema.org\",\"@graph\":[{\"@type\":[\"WebPage\",\"ItemPage\"],\"@id\":\"https:\/\/bolting.eu\/en\/shop\/dmm-wire-torque-nuts\/\",\"url\":\"https:\/\/bolting.eu\/en\/shop\/dmm-wire-torque-nuts\/\",\"name\":\"DMM Wire Torque Nuts jetzt g\u00fcnstig online kaufen | bolting.eu\",\"isPartOf\":{\"@id\":\"https:\/\/bolting.eu\/en\/#website\"},\"primaryImageOfPage\":{\"@id\":\"https:\/\/bolting.eu\/en\/shop\/dmm-wire-torque-nuts\/#primaryimage\"},\"image\":{\"@id\":\"https:\/\/bolting.eu\/en\/shop\/dmm-wire-torque-nuts\/#primaryimage\"},\"thumbnailUrl\":\"https:\/\/bolting.eu\/wp-content\/uploads\/2020\/08\/DMM-Wire-Torque-Nuts-Set-1.jpg\",\"datePublished\":\"2020-08-23T07:44:05+00:00\",\"dateModified\":\"2025-06-16T13:27:13+00:00\",\"description\":\"Hier findest Du das DMM WIRE TORQUE NUTS Set mit 4 Gr\u00f6\u00dfen. \u2705 14 Tage R\u00fcckgaberecht \u2705 versandfrei* ab \u20ac 100,- \u2705 Kaufberatung \u2705 Fachh\u00e4ndler aus \u00d6sterreich\",\"breadcrumb\":{\"@id\":\"https:\/\/bolting.eu\/en\/shop\/dmm-wire-torque-nuts\/#breadcrumb\"},\"inLanguage\":\"en-US\",\"potentialAction\":[{\"@type\":\"ReadAction\",\"target\":[\"https:\/\/bolting.eu\/en\/shop\/dmm-wire-torque-nuts\/\"]}]},{\"@type\":\"ImageObject\",\"inLanguage\":\"en-US\",\"@id\":\"https:\/\/bolting.eu\/en\/shop\/dmm-wire-torque-nuts\/#primaryimage\",\"url\":\"https:\/\/bolting.eu\/wp-content\/uploads\/2020\/08\/DMM-Wire-Torque-Nuts-Set-1.jpg\",\"contentUrl\":\"https:\/\/bolting.eu\/wp-content\/uploads\/2020\/08\/DMM-Wire-Torque-Nuts-Set-1.jpg\",\"width\":700,\"height\":700,\"caption\":\"Das Bild zeigt ein Set der DMM Wire Torque Nuts. Die vier bunten Klemmkeile liegen schr\u00e4g in Bildmitte. Die Alu K\u00f6pfe mit den Drahtschlingen sind perfekt zu erkennen.\"},{\"@type\":\"BreadcrumbList\",\"@id\":\"https:\/\/bolting.eu\/en\/shop\/dmm-wire-torque-nuts\/#breadcrumb\",\"itemListElement\":[{\"@type\":\"ListItem\",\"position\":1,\"name\":\"Shop\",\"item\":\"https:\/\/bolting.eu\/en\/shop\/\"},{\"@type\":\"ListItem\",\"position\":2,\"name\":\"DMM\",\"item\":\"https:\/\/bolting.eu\/produkt-kategorie\/dmm\/\"},{\"@type\":\"ListItem\",\"position\":3,\"name\":\"DMM Wire Torque Nuts\"}]},{\"@type\":\"WebSite\",\"@id\":\"https:\/\/bolting.eu\/en\/#website\",\"url\":\"https:\/\/bolting.eu\/en\/\",\"name\":\"bolting.eu\",\"description\":\"we make climbs happen\",\"publisher\":{\"@id\":\"https:\/\/bolting.eu\/en\/#organization\"},\"potentialAction\":[{\"@type\":\"SearchAction\",\"target\":{\"@type\":\"EntryPoint\",\"urlTemplate\":\"https:\/\/bolting.eu\/en\/?s={search_term_string}\"},\"query-input\":{\"@type\":\"PropertyValueSpecification\",\"valueRequired\":true,\"valueName\":\"search_term_string\"}}],\"inLanguage\":\"en-US\"},{\"@type\":[\"Organization\",\"Place\",\"SportingGoodsStore\"],\"@id\":\"https:\/\/bolting.eu\/en\/#organization\",\"name\":\"bolting.eu\",\"url\":\"https:\/\/bolting.eu\/en\/\",\"logo\":{\"@id\":\"https:\/\/bolting.eu\/en\/shop\/dmm-wire-torque-nuts\/#local-main-organization-logo\"},\"image\":{\"@id\":\"https:\/\/bolting.eu\/en\/shop\/dmm-wire-torque-nuts\/#local-main-organization-logo\"},\"sameAs\":[\"https:\/\/www.facebook.com\/bolting.eu\",\"https:\/\/www.instagram.com\/bolting.eu\/\"],\"address\":{\"@id\":\"https:\/\/bolting.eu\/en\/shop\/dmm-wire-torque-nuts\/#local-main-place-address\"},\"geo\":{\"@type\":\"GeoCoordinates\",\"latitude\":\"47.264176340396226\",\"longitude\":\"11.380109057672346\"},\"telephone\":[\"+43 699 19083372\"],\"openingHoursSpecification\":[{\"@type\":\"OpeningHoursSpecification\",\"dayOfWeek\":[\"Monday\",\"Wednesday\",\"Friday\"],\"opens\":\"14:00\",\"closes\":\"18:00\"},{\"@type\":\"OpeningHoursSpecification\",\"dayOfWeek\":[\"Tuesday\",\"Thursday\",\"Saturday\",\"Sunday\"],\"opens\":\"00:00\",\"closes\":\"00:00\"}],\"email\":\"office@bolting.eu\",\"vatID\":\"ATU59999728\",\"priceRange\":\"$$\",\"currenciesAccepted\":\"Euro\"},{\"@type\":\"PostalAddress\",\"@id\":\"https:\/\/bolting.eu\/en\/shop\/dmm-wire-torque-nuts\/#local-main-place-address\",\"streetAddress\":\"Fischnalerstra\u00dfe 4\",\"addressLocality\":\"Innsbruck\",\"postalCode\":\"6020\",\"addressRegion\":\"Tirol\",\"addressCountry\":\"AT\"},{\"@type\":\"ImageObject\",\"inLanguage\":\"en-US\",\"@id\":\"https:\/\/bolting.eu\/en\/shop\/dmm-wire-torque-nuts\/#local-main-organization-logo\",\"url\":\"https:\/\/bolting.eu\/wp-content\/uploads\/2019\/09\/bolting-logo.png\",\"contentUrl\":\"https:\/\/bolting.eu\/wp-content\/uploads\/2019\/09\/bolting-logo.png\",\"width\":400,\"height\":211,\"caption\":\"bolting.eu\"}]}<\/script>\n<meta property=\"product:price:amount\" content=\"72.90\" \/>\n<meta property=\"product:price:currency\" content=\"EUR\" \/>\n<meta property=\"og:availability\" content=\"instock\" \/>\n<meta property=\"product:availability\" content=\"instock\" \/>\n<meta property=\"product:retailer_item_id\" content=\"A1751\/54\" \/>\n<meta property=\"product:condition\" content=\"new\" \/>\n<meta name=\"geo.placename\" content=\"Innsbruck\" \/>\n<meta name=\"geo.position\" content=\"47.264176340396226;11.380109057672346\" \/>\n<meta name=\"geo.region\" content=\"Austria\" \/>\n<!-- \/ Yoast SEO Premium plugin. -->","yoast_head_json":{"title":"DMM Wire Torque Nuts jetzt g\u00fcnstig online kaufen | bolting.eu","description":"Hier findest Du das DMM WIRE TORQUE NUTS Set mit 4 Gr\u00f6\u00dfen. \u2705 14 Tage R\u00fcckgaberecht \u2705 versandfrei* ab \u20ac 100,- \u2705 Kaufberatung \u2705 Fachh\u00e4ndler aus \u00d6sterreich","robots":{"index":"index","follow":"follow","max-snippet":"max-snippet:-1","max-image-preview":"max-image-preview:large","max-video-preview":"max-video-preview:-1"},"canonical":"https:\/\/bolting.eu\/en\/shop\/dmm-wire-torque-nuts\/","og_locale":"en_US","og_type":"article","og_title":"DMM Wire Torque Nuts","og_description":"Hier findest Du das DMM WIRE TORQUE NUTS Set mit 4 Gr\u00f6\u00dfen. \u2705 14 Tage R\u00fcckgaberecht \u2705 versandfrei* ab \u20ac 100,- \u2705 Kaufberatung \u2705 Fachh\u00e4ndler aus \u00d6sterreich","og_url":"https:\/\/bolting.eu\/en\/shop\/dmm-wire-torque-nuts\/","og_site_name":"bolting.eu","article_publisher":"https:\/\/www.facebook.com\/bolting.eu","article_modified_time":"2025-06-16T13:27:13+00:00","og_image":[{"width":700,"height":700,"url":"https:\/\/bolting.eu\/wp-content\/uploads\/2020\/08\/DMM-Wire-Torque-Nuts-Set-1.jpg","type":"image\/jpeg"}],"twitter_card":"summary_large_image","twitter_misc":{"Price":"&euro;&nbsp;72,90","Availability":"In stock"},"schema":{"@context":"https:\/\/schema.org","@graph":[{"@type":["WebPage","ItemPage"],"@id":"https:\/\/bolting.eu\/en\/shop\/dmm-wire-torque-nuts\/","url":"https:\/\/bolting.eu\/en\/shop\/dmm-wire-torque-nuts\/","name":"DMM Wire Torque Nuts jetzt g\u00fcnstig online kaufen | bolting.eu","isPartOf":{"@id":"https:\/\/bolting.eu\/en\/#website"},"primaryImageOfPage":{"@id":"https:\/\/bolting.eu\/en\/shop\/dmm-wire-torque-nuts\/#primaryimage"},"image":{"@id":"https:\/\/bolting.eu\/en\/shop\/dmm-wire-torque-nuts\/#primaryimage"},"thumbnailUrl":"https:\/\/bolting.eu\/wp-content\/uploads\/2020\/08\/DMM-Wire-Torque-Nuts-Set-1.jpg","datePublished":"2020-08-23T07:44:05+00:00","dateModified":"2025-06-16T13:27:13+00:00","description":"Hier findest Du das DMM WIRE TORQUE NUTS Set mit 4 Gr\u00f6\u00dfen. \u2705 14 Tage R\u00fcckgaberecht \u2705 versandfrei* ab \u20ac 100,- \u2705 Kaufberatung \u2705 Fachh\u00e4ndler aus \u00d6sterreich","breadcrumb":{"@id":"https:\/\/bolting.eu\/en\/shop\/dmm-wire-torque-nuts\/#breadcrumb"},"inLanguage":"en-US","potentialAction":[{"@type":"ReadAction","target":["https:\/\/bolting.eu\/en\/shop\/dmm-wire-torque-nuts\/"]}]},{"@type":"ImageObject","inLanguage":"en-US","@id":"https:\/\/bolting.eu\/en\/shop\/dmm-wire-torque-nuts\/#primaryimage","url":"https:\/\/bolting.eu\/wp-content\/uploads\/2020\/08\/DMM-Wire-Torque-Nuts-Set-1.jpg","contentUrl":"https:\/\/bolting.eu\/wp-content\/uploads\/2020\/08\/DMM-Wire-Torque-Nuts-Set-1.jpg","width":700,"height":700,"caption":"Das Bild zeigt ein Set der DMM Wire Torque Nuts. Die vier bunten Klemmkeile liegen schr\u00e4g in Bildmitte. Die Alu K\u00f6pfe mit den Drahtschlingen sind perfekt zu erkennen."},{"@type":"BreadcrumbList","@id":"https:\/\/bolting.eu\/en\/shop\/dmm-wire-torque-nuts\/#breadcrumb","itemListElement":[{"@type":"ListItem","position":1,"name":"Shop","item":"https:\/\/bolting.eu\/en\/shop\/"},{"@type":"ListItem","position":2,"name":"DMM","item":"https:\/\/bolting.eu\/produkt-kategorie\/dmm\/"},{"@type":"ListItem","position":3,"name":"DMM Wire Torque Nuts"}]},{"@type":"WebSite","@id":"https:\/\/bolting.eu\/en\/#website","url":"https:\/\/bolting.eu\/en\/","name":"bolting.eu","description":"we make climbs happen","publisher":{"@id":"https:\/\/bolting.eu\/en\/#organization"},"potentialAction":[{"@type":"SearchAction","target":{"@type":"EntryPoint","urlTemplate":"https:\/\/bolting.eu\/en\/?s={search_term_string}"},"query-input":{"@type":"PropertyValueSpecification","valueRequired":true,"valueName":"search_term_string"}}],"inLanguage":"en-US"},{"@type":["Organization","Place","SportingGoodsStore"],"@id":"https:\/\/bolting.eu\/en\/#organization","name":"bolting.eu","url":"https:\/\/bolting.eu\/en\/","logo":{"@id":"https:\/\/bolting.eu\/en\/shop\/dmm-wire-torque-nuts\/#local-main-organization-logo"},"image":{"@id":"https:\/\/bolting.eu\/en\/shop\/dmm-wire-torque-nuts\/#local-main-organization-logo"},"sameAs":["https:\/\/www.facebook.com\/bolting.eu","https:\/\/www.instagram.com\/bolting.eu\/"],"address":{"@id":"https:\/\/bolting.eu\/en\/shop\/dmm-wire-torque-nuts\/#local-main-place-address"},"geo":{"@type":"GeoCoordinates","latitude":"47.264176340396226","longitude":"11.380109057672346"},"telephone":["+43 699 19083372"],"openingHoursSpecification":[{"@type":"OpeningHoursSpecification","dayOfWeek":["Monday","Wednesday","Friday"],"opens":"14:00","closes":"18:00"},{"@type":"OpeningHoursSpecification","dayOfWeek":["Tuesday","Thursday","Saturday","Sunday"],"opens":"00:00","closes":"00:00"}],"email":"office@bolting.eu","vatID":"ATU59999728","priceRange":"$$","currenciesAccepted":"Euro"},{"@type":"PostalAddress","@id":"https:\/\/bolting.eu\/en\/shop\/dmm-wire-torque-nuts\/#local-main-place-address","streetAddress":"Fischnalerstra\u00dfe 4","addressLocality":"Innsbruck","postalCode":"6020","addressRegion":"Tirol","addressCountry":"AT"},{"@type":"ImageObject","inLanguage":"en-US","@id":"https:\/\/bolting.eu\/en\/shop\/dmm-wire-torque-nuts\/#local-main-organization-logo","url":"https:\/\/bolting.eu\/wp-content\/uploads\/2019\/09\/bolting-logo.png","contentUrl":"https:\/\/bolting.eu\/wp-content\/uploads\/2019\/09\/bolting-logo.png","width":400,"height":211,"caption":"bolting.eu"}]},"product_price_amount":"72.90","product_price_currency":"EUR","og_availability":"instock","product_availability":"instock","product_retailer_item_id":"A1751\/54","product_condition":"new","geo.placename":"Innsbruck","geo.position":{"lat":"47.264176340396226","long":"11.380109057672346"},"geo.region":"Austria"},"_links":{"self":[{"href":"https:\/\/bolting.eu\/en\/wp-json\/wp\/v2\/product\/4782","targetHints":{"allow":["GET"]}}],"collection":[{"href":"https:\/\/bolting.eu\/en\/wp-json\/wp\/v2\/product"}],"about":[{"href":"https:\/\/bolting.eu\/en\/wp-json\/wp\/v2\/types\/product"}],"replies":[{"embeddable":true,"href":"https:\/\/bolting.eu\/en\/wp-json\/wp\/v2\/comments?post=4782"}],"wp:featuredmedia":[{"embeddable":true,"href":"https:\/\/bolting.eu\/en\/wp-json\/wp\/v2\/media\/4787"}],"wp:attachment":[{"href":"https:\/\/bolting.eu\/en\/wp-json\/wp\/v2\/media?parent=4782"}],"wp:term":[{"taxonomy":"product_brand","embeddable":true,"href":"https:\/\/bolting.eu\/en\/wp-json\/wp\/v2\/product_brand?post=4782"},{"taxonomy":"product_cat","embeddable":true,"href":"https:\/\/bolting.eu\/en\/wp-json\/wp\/v2\/product_cat?post=4782"},{"taxonomy":"product_tag","embeddable":true,"href":"https:\/\/bolting.eu\/en\/wp-json\/wp\/v2\/product_tag?post=4782"}],"curies":[{"name":"wp","href":"https:\/\/api.w.org\/{rel}","templated":true}]}}