{"id":4775,"date":"2020-08-23T09:42:10","date_gmt":"2020-08-23T07:42:10","guid":{"rendered":"https:\/\/bolting.eu\/?post_type=product&#038;p=4775"},"modified":"2025-06-06T11:41:11","modified_gmt":"2025-06-06T09:41:11","slug":"dmm-torque-nuts","status":"publish","type":"product","link":"https:\/\/bolting.eu\/en\/shop\/dmm-torque-nuts\/","title":{"rendered":"DMM Torque Nuts"},"content":{"rendered":"<p>Die DMM Torque Nuts sind gro\u00dfe sechseckige Klemmkeile. Sie werden oftmals auch als &#8220;Hexentrics&#8221; bezeichnet. Diese Keile sind f\u00fcr breite Risse sowie als g\u00fcnstiger Ersatz f\u00fcr Friends gedacht.<\/p>\n<p>Die &#8220;Torques&#8221; zeichnen sich durch diese Features aus. Erstens sind sie im Vergleich zu Friends viel leichter. Folglich sind sie eine lohnende Alternative zu Klemmger\u00e4ten. Besonders bei kleinem Budget bzw. f\u00fcr Anf\u00e4nger sind sie eine \u00dcberlegung wert.<\/p>\n<p>Zweitens sind diese Keile durch ihre sechseckige Form bestens f\u00fcr Risse geeignet. Sie verdrehen sich bei Belastung automatisch und sorgen in vielen Situationen f\u00fcr perfekte Absicherung.<\/p>\n<p>Drittens sind sie vor allem im Winter super zu verwenden. Denn wenn Risse eisig sind, funktionieren normale Friends meist gar nicht.<\/p>\n<p>Viertens sind diese Klemmkeile so gut wie nicht kaputt zu bekommen. D.h. sie halten viele, viele Jahre.<\/p>\n<p>F\u00fcnftens gibt es diese Hexentrics in zwei Varianten. Zum einen in der vorliegenden Version mit Dyneema Schlingen. Und zum anderen als &#8220;Wire Torque Nuts&#8221;.<\/p>\n<h2>Eigenschaften DMM Torque Nuts<\/h2>\n<ul>\n<li>Hersteller: DMM<\/li>\n<li>Material: leichtes Aluminium<\/li>\n<li>EN Norm: EN 12270:2013<\/li>\n<li>Bruchlast 14 kN<\/li>\n<li>Set mit 4 Gr\u00f6\u00dfen<\/li>\n<li>f\u00fcr Risse 31-71mm<\/li>\n<li>Gewicht des Set: 374 Gramm<\/li>\n<li>verl\u00e4ngerbare Dyneema Schlinge<\/li>\n<li>auch f\u00fcr parallele Risse geeignet<\/li>\n<li>speziell n\u00fctzlich im Winter bei vereisten Rissen<\/li>\n<\/ul>\n<h3>Video DMM Torque Nuts<\/h3>\n<p>Ein Bild sagt mehr als 1.000 Worte. Deshalb lassen wir DMM selbst mal im folgenden Video sein Produkt ausf\u00fchrlich vorstellen.<\/p>\n<p><iframe loading=\"lazy\" src=\"https:\/\/player.vimeo.com\/video\/40287948?color=cc0033&amp;title=0&amp;byline=0&amp;portrait=0\" width=\"100%\" height=\"450\" frameborder=\"0\" allowfullscreen=\"allowfullscreen\"><span data-mce-type=\"bookmark\" style=\"display: inline-block; width: 0px; overflow: hidden; line-height: 0;\" class=\"mce_SELRES_start\">\ufeff<\/span><\/iframe><\/p>\n<p>&nbsp;<\/p>\n<h3>Vorteile gegen\u00fcber Friends<\/h3>\n<p>Die DMM Torque Nuts sind eine veritable Alternative zu Friends. Denn man kann sie sowohl in parallelen Rissen als auch vielen weiteren Placements legen. Zudem sind dieses &#8220;Hexes&#8221; im Winter eine bessere Wahl als Klemmger\u00e4te. Denn bei vereister Felsoberfl\u00e4che halten Klemmger\u00e4te meist gar nicht. Die &#8220;Torques&#8221; hingegen brechen die Eisfl\u00e4chen einfach auf und dr\u00fccken sich gegen den Fels.<\/p>\n<h3>Verl\u00e4ngerbare Schlinge<\/h3>\n<p>Diese Klemmkeile haben eine &#8220;doppelte&#8221; Dyneema Schlinge eingearbeitet. D.h. man kann zum einen in der &#8220;kurzen Version&#8221; einfach einen <a href=\"https:\/\/bolting.eu\/produkt-kategorie\/karabiner-kletterkarabiner\/\">Karabiner<\/a> darin einh\u00e4ngen. Oder aber auch an einem der Loops anziehen. Dadurch verl\u00e4ngert sich die Schlinge deutlich. Das ist beispielsweise w\u00fcnschenswert, um Seilreibung zu vermeiden. \u00dcberdies spart man sich so eine extra <a href=\"https:\/\/bolting.eu\/produkt-kategorie\/expressschlingen\/\">Expressschlinge<\/a>.<\/p>\n<h3>Wann sind die DMM Torque Nuts auszuscheiden?<\/h3>\n<p>Ihr m\u00fcsst eure Keile dann aussondern, wenn die <a href=\"https:\/\/bolting.eu\/produkt-kategorie\/bandschlinge\/dyneema-bandschlingen\/\">Dyneema Bandschlingen<\/a> sichtbar besch\u00e4digt sind. D.h. wenn sie Einrisse haben oder mit Steigeisen oder Eisger\u00e4ten &#8220;durchbohrt&#8221; wurden. Ebenso ist Vorsicht angesagt, solltet ihr mit einem Felshammer auf die Schlinge geklopft haben.<\/p>\n<h3>bolting.eu Praxis Tipp<\/h3>\n<p>Klemmkeile wie die DMM Offset Nuts werden oft f\u00fcr den Standplatzbau verwendet. Hierbei gilt es dann oft mehrere Placements in einer Ausgleichsverankerung oder Serienschaltung zu verbinden.<\/p>\n<p>Beachtet in diesem Fall bitte. Sowohl <a href=\"https:\/\/bolting.eu\/produkt-kategorie\/reepschnur\/\">Reepschn\u00fcre<\/a> als auch <a href=\"https:\/\/bolting.eu\/produkt-kategorie\/bandschlinge\/\">Bandschlingen<\/a> sollen niemals direkt in die <a href=\"https:\/\/bolting.eu\/produkt-kategorie\/bandschlinge\/dyneema-bandschlingen\/\">Dyneema Bandschlinge<\/a> gef\u00e4delt werden. Verwendet daf\u00fcr ausschlie\u00dflich Karabiner!<\/p>\n<p>Denn die weichen Kunststoff Materialien k\u00f6nnen sich bei gro\u00dfen Belastungen unl\u00f6sbar zusammenziehen.<\/p>\n<h4><strong>Link Tipp<\/strong><\/h4>\n<p>Mehr Informationen zu den Klemmkeilen findet ihr beim <a href=\"https:\/\/dmmclimbing.com\/\">Hersteller<\/a>!<\/p>\n","protected":false},"excerpt":{"rendered":"<p>Hexentrics Set mit 4 Gr\u00f6\u00dfen f\u00fcr Risse von 31mm &#8211; 71mm.<\/p>\n<p>Mit 10mm Dyneema Schlingen, sodass man nur mehr einen Schnappkarabiner ben\u00f6tigt!<\/p>\n<p>Versandkostenfrei bis 2kg in <img decoding=\"async\" class=\"emoji\" role=\"img\" draggable=\"false\" src=\"https:\/\/s.w.org\/images\/core\/emoji\/14.0.0\/svg\/1f1e6-1f1f9.svg\" alt=\"\ud83c\udde6\ud83c\uddf9\" \/> ab \u20ac 100,- und <img decoding=\"async\" class=\"emoji\" role=\"img\" draggable=\"false\" src=\"https:\/\/s.w.org\/images\/core\/emoji\/14.0.0\/svg\/1f1e9-1f1ea.svg\" alt=\"\ud83c\udde9\ud83c\uddea\" \/> ab \u20ac 200,-!<\/p>\n","protected":false},"featured_media":4780,"comment_status":"open","ping_status":"closed","template":"","meta":[],"product_brand":[],"product_cat":[9670,3712],"product_tag":[],"class_list":{"0":"post-4775","1":"product","2":"type-product","3":"status-publish","4":"has-post-thumbnail","6":"product_cat-dmm","7":"product_cat-klemmkeile","9":"first","10":"instock","11":"sale","12":"taxable","13":"shipping-taxable","14":"purchasable","15":"product-type-simple"},"yoast_head":"<!-- This site is optimized with the Yoast SEO Premium plugin v26.9 (Yoast SEO v26.9) - https:\/\/yoast.com\/product\/yoast-seo-premium-wordpress\/ -->\n<title>DMM Torque Nuts - Hexentric Set online kaufen | bolting.eu<\/title>\n<meta name=\"description\" content=\"Hier findest Du das DMM TORQUE NUTS Set mit 4 Gr\u00f6\u00dfen. \u2705 14 Tage R\u00fcckgaberecht \u2705 versandfrei* ab \u20ac 100,- \u2705 Kaufberatung \u2705 Fachh\u00e4ndler aus \u00d6sterreich\" \/>\n<meta name=\"robots\" content=\"index, follow, max-snippet:-1, max-image-preview:large, max-video-preview:-1\" \/>\n<link rel=\"canonical\" href=\"https:\/\/bolting.eu\/en\/shop\/dmm-torque-nuts\/\" \/>\n<meta property=\"og:locale\" content=\"en_US\" \/>\n<meta property=\"og:type\" content=\"article\" \/>\n<meta property=\"og:title\" content=\"DMM Torque Nuts\" \/>\n<meta property=\"og:description\" content=\"Hier findest Du das DMM TORQUE NUTS Set mit 4 Gr\u00f6\u00dfen. \u2705 14 Tage R\u00fcckgaberecht \u2705 versandfrei* ab \u20ac 100,- \u2705 Kaufberatung \u2705 Fachh\u00e4ndler aus \u00d6sterreich\" \/>\n<meta property=\"og:url\" content=\"https:\/\/bolting.eu\/en\/shop\/dmm-torque-nuts\/\" \/>\n<meta property=\"og:site_name\" content=\"bolting.eu\" \/>\n<meta property=\"article:publisher\" content=\"https:\/\/www.facebook.com\/bolting.eu\" \/>\n<meta property=\"article:modified_time\" content=\"2025-06-06T09:41:11+00:00\" \/>\n<meta property=\"og:image\" content=\"https:\/\/bolting.eu\/wp-content\/uploads\/2020\/08\/DMM-Torque-Nuts-Set-1.jpg\" \/>\n\t<meta property=\"og:image:width\" content=\"700\" \/>\n\t<meta property=\"og:image:height\" content=\"700\" \/>\n\t<meta property=\"og:image:type\" content=\"image\/jpeg\" \/>\n<meta name=\"twitter:card\" content=\"summary_large_image\" \/>\n<meta name=\"twitter:label1\" content=\"Price\" \/>\n\t<meta name=\"twitter:data1\" content=\"&euro;&nbsp;90,00\" \/>\n\t<meta name=\"twitter:label2\" content=\"Availability\" \/>\n\t<meta name=\"twitter:data2\" content=\"In stock\" \/>\n<script type=\"application\/ld+json\" class=\"yoast-schema-graph\">{\"@context\":\"https:\/\/schema.org\",\"@graph\":[{\"@type\":[\"WebPage\",\"ItemPage\"],\"@id\":\"https:\/\/bolting.eu\/en\/shop\/dmm-torque-nuts\/\",\"url\":\"https:\/\/bolting.eu\/en\/shop\/dmm-torque-nuts\/\",\"name\":\"DMM Torque Nuts - Hexentric Set online kaufen | bolting.eu\",\"isPartOf\":{\"@id\":\"https:\/\/bolting.eu\/en\/#website\"},\"primaryImageOfPage\":{\"@id\":\"https:\/\/bolting.eu\/en\/shop\/dmm-torque-nuts\/#primaryimage\"},\"image\":{\"@id\":\"https:\/\/bolting.eu\/en\/shop\/dmm-torque-nuts\/#primaryimage\"},\"thumbnailUrl\":\"https:\/\/bolting.eu\/wp-content\/uploads\/2020\/08\/DMM-Torque-Nuts-Set-1.jpg\",\"datePublished\":\"2020-08-23T07:42:10+00:00\",\"dateModified\":\"2025-06-06T09:41:11+00:00\",\"description\":\"Hier findest Du das DMM TORQUE NUTS Set mit 4 Gr\u00f6\u00dfen. \u2705 14 Tage R\u00fcckgaberecht \u2705 versandfrei* ab \u20ac 100,- \u2705 Kaufberatung \u2705 Fachh\u00e4ndler aus \u00d6sterreich\",\"breadcrumb\":{\"@id\":\"https:\/\/bolting.eu\/en\/shop\/dmm-torque-nuts\/#breadcrumb\"},\"inLanguage\":\"en-US\",\"potentialAction\":[{\"@type\":\"ReadAction\",\"target\":[\"https:\/\/bolting.eu\/en\/shop\/dmm-torque-nuts\/\"]}]},{\"@type\":\"ImageObject\",\"inLanguage\":\"en-US\",\"@id\":\"https:\/\/bolting.eu\/en\/shop\/dmm-torque-nuts\/#primaryimage\",\"url\":\"https:\/\/bolting.eu\/wp-content\/uploads\/2020\/08\/DMM-Torque-Nuts-Set-1.jpg\",\"contentUrl\":\"https:\/\/bolting.eu\/wp-content\/uploads\/2020\/08\/DMM-Torque-Nuts-Set-1.jpg\",\"width\":700,\"height\":700,\"caption\":\"Das Bild zeigt ein Set der DMM Torque Nuts. Das Klemmkeil Set mit vier sechseckigen Alu Keilen und Bandschlingen liegt schr\u00e4g in Bildmitte. Es sind die verschiedenf\u00f6rmigen Keile und deren Bandschlingen perfekt zu erkennen.\"},{\"@type\":\"BreadcrumbList\",\"@id\":\"https:\/\/bolting.eu\/en\/shop\/dmm-torque-nuts\/#breadcrumb\",\"itemListElement\":[{\"@type\":\"ListItem\",\"position\":1,\"name\":\"Shop\",\"item\":\"https:\/\/bolting.eu\/en\/shop\/\"},{\"@type\":\"ListItem\",\"position\":2,\"name\":\"Klemmkeile\",\"item\":\"https:\/\/bolting.eu\/produkt-kategorie\/klemmkeile\/\"},{\"@type\":\"ListItem\",\"position\":3,\"name\":\"DMM Torque Nuts\"}]},{\"@type\":\"WebSite\",\"@id\":\"https:\/\/bolting.eu\/en\/#website\",\"url\":\"https:\/\/bolting.eu\/en\/\",\"name\":\"bolting.eu\",\"description\":\"we make climbs happen\",\"publisher\":{\"@id\":\"https:\/\/bolting.eu\/en\/#organization\"},\"potentialAction\":[{\"@type\":\"SearchAction\",\"target\":{\"@type\":\"EntryPoint\",\"urlTemplate\":\"https:\/\/bolting.eu\/en\/?s={search_term_string}\"},\"query-input\":{\"@type\":\"PropertyValueSpecification\",\"valueRequired\":true,\"valueName\":\"search_term_string\"}}],\"inLanguage\":\"en-US\"},{\"@type\":[\"Organization\",\"Place\",\"SportingGoodsStore\"],\"@id\":\"https:\/\/bolting.eu\/en\/#organization\",\"name\":\"bolting.eu\",\"url\":\"https:\/\/bolting.eu\/en\/\",\"logo\":{\"@id\":\"https:\/\/bolting.eu\/en\/shop\/dmm-torque-nuts\/#local-main-organization-logo\"},\"image\":{\"@id\":\"https:\/\/bolting.eu\/en\/shop\/dmm-torque-nuts\/#local-main-organization-logo\"},\"sameAs\":[\"https:\/\/www.facebook.com\/bolting.eu\",\"https:\/\/www.instagram.com\/bolting.eu\/\"],\"address\":{\"@id\":\"https:\/\/bolting.eu\/en\/shop\/dmm-torque-nuts\/#local-main-place-address\"},\"geo\":{\"@type\":\"GeoCoordinates\",\"latitude\":\"47.264176340396226\",\"longitude\":\"11.380109057672346\"},\"telephone\":[\"+43 699 19083372\"],\"openingHoursSpecification\":[{\"@type\":\"OpeningHoursSpecification\",\"dayOfWeek\":[\"Monday\",\"Wednesday\",\"Friday\"],\"opens\":\"14:00\",\"closes\":\"18:00\"},{\"@type\":\"OpeningHoursSpecification\",\"dayOfWeek\":[\"Tuesday\",\"Thursday\",\"Saturday\",\"Sunday\"],\"opens\":\"00:00\",\"closes\":\"00:00\"}],\"email\":\"office@bolting.eu\",\"vatID\":\"ATU59999728\",\"priceRange\":\"$$\",\"currenciesAccepted\":\"Euro\"},{\"@type\":\"PostalAddress\",\"@id\":\"https:\/\/bolting.eu\/en\/shop\/dmm-torque-nuts\/#local-main-place-address\",\"streetAddress\":\"Fischnalerstra\u00dfe 4\",\"addressLocality\":\"Innsbruck\",\"postalCode\":\"6020\",\"addressRegion\":\"Tirol\",\"addressCountry\":\"AT\"},{\"@type\":\"ImageObject\",\"inLanguage\":\"en-US\",\"@id\":\"https:\/\/bolting.eu\/en\/shop\/dmm-torque-nuts\/#local-main-organization-logo\",\"url\":\"https:\/\/bolting.eu\/wp-content\/uploads\/2019\/09\/bolting-logo.png\",\"contentUrl\":\"https:\/\/bolting.eu\/wp-content\/uploads\/2019\/09\/bolting-logo.png\",\"width\":400,\"height\":211,\"caption\":\"bolting.eu\"}]}<\/script>\n<meta property=\"product:price:amount\" content=\"90.00\" \/>\n<meta property=\"product:price:currency\" content=\"EUR\" \/>\n<meta property=\"og:availability\" content=\"instock\" \/>\n<meta property=\"product:availability\" content=\"instock\" \/>\n<meta property=\"product:retailer_item_id\" content=\"A1741\/44\" \/>\n<meta property=\"product:condition\" content=\"new\" \/>\n<meta name=\"geo.placename\" content=\"Innsbruck\" \/>\n<meta name=\"geo.position\" content=\"47.264176340396226;11.380109057672346\" \/>\n<meta name=\"geo.region\" content=\"Austria\" \/>\n<!-- \/ Yoast SEO Premium plugin. -->","yoast_head_json":{"title":"DMM Torque Nuts - Hexentric Set online kaufen | bolting.eu","description":"Hier findest Du das DMM TORQUE NUTS Set mit 4 Gr\u00f6\u00dfen. \u2705 14 Tage R\u00fcckgaberecht \u2705 versandfrei* ab \u20ac 100,- \u2705 Kaufberatung \u2705 Fachh\u00e4ndler aus \u00d6sterreich","robots":{"index":"index","follow":"follow","max-snippet":"max-snippet:-1","max-image-preview":"max-image-preview:large","max-video-preview":"max-video-preview:-1"},"canonical":"https:\/\/bolting.eu\/en\/shop\/dmm-torque-nuts\/","og_locale":"en_US","og_type":"article","og_title":"DMM Torque Nuts","og_description":"Hier findest Du das DMM TORQUE NUTS Set mit 4 Gr\u00f6\u00dfen. \u2705 14 Tage R\u00fcckgaberecht \u2705 versandfrei* ab \u20ac 100,- \u2705 Kaufberatung \u2705 Fachh\u00e4ndler aus \u00d6sterreich","og_url":"https:\/\/bolting.eu\/en\/shop\/dmm-torque-nuts\/","og_site_name":"bolting.eu","article_publisher":"https:\/\/www.facebook.com\/bolting.eu","article_modified_time":"2025-06-06T09:41:11+00:00","og_image":[{"width":700,"height":700,"url":"https:\/\/bolting.eu\/wp-content\/uploads\/2020\/08\/DMM-Torque-Nuts-Set-1.jpg","type":"image\/jpeg"}],"twitter_card":"summary_large_image","twitter_misc":{"Price":"&euro;&nbsp;90,00","Availability":"In stock"},"schema":{"@context":"https:\/\/schema.org","@graph":[{"@type":["WebPage","ItemPage"],"@id":"https:\/\/bolting.eu\/en\/shop\/dmm-torque-nuts\/","url":"https:\/\/bolting.eu\/en\/shop\/dmm-torque-nuts\/","name":"DMM Torque Nuts - Hexentric Set online kaufen | bolting.eu","isPartOf":{"@id":"https:\/\/bolting.eu\/en\/#website"},"primaryImageOfPage":{"@id":"https:\/\/bolting.eu\/en\/shop\/dmm-torque-nuts\/#primaryimage"},"image":{"@id":"https:\/\/bolting.eu\/en\/shop\/dmm-torque-nuts\/#primaryimage"},"thumbnailUrl":"https:\/\/bolting.eu\/wp-content\/uploads\/2020\/08\/DMM-Torque-Nuts-Set-1.jpg","datePublished":"2020-08-23T07:42:10+00:00","dateModified":"2025-06-06T09:41:11+00:00","description":"Hier findest Du das DMM TORQUE NUTS Set mit 4 Gr\u00f6\u00dfen. \u2705 14 Tage R\u00fcckgaberecht \u2705 versandfrei* ab \u20ac 100,- \u2705 Kaufberatung \u2705 Fachh\u00e4ndler aus \u00d6sterreich","breadcrumb":{"@id":"https:\/\/bolting.eu\/en\/shop\/dmm-torque-nuts\/#breadcrumb"},"inLanguage":"en-US","potentialAction":[{"@type":"ReadAction","target":["https:\/\/bolting.eu\/en\/shop\/dmm-torque-nuts\/"]}]},{"@type":"ImageObject","inLanguage":"en-US","@id":"https:\/\/bolting.eu\/en\/shop\/dmm-torque-nuts\/#primaryimage","url":"https:\/\/bolting.eu\/wp-content\/uploads\/2020\/08\/DMM-Torque-Nuts-Set-1.jpg","contentUrl":"https:\/\/bolting.eu\/wp-content\/uploads\/2020\/08\/DMM-Torque-Nuts-Set-1.jpg","width":700,"height":700,"caption":"Das Bild zeigt ein Set der DMM Torque Nuts. Das Klemmkeil Set mit vier sechseckigen Alu Keilen und Bandschlingen liegt schr\u00e4g in Bildmitte. Es sind die verschiedenf\u00f6rmigen Keile und deren Bandschlingen perfekt zu erkennen."},{"@type":"BreadcrumbList","@id":"https:\/\/bolting.eu\/en\/shop\/dmm-torque-nuts\/#breadcrumb","itemListElement":[{"@type":"ListItem","position":1,"name":"Shop","item":"https:\/\/bolting.eu\/en\/shop\/"},{"@type":"ListItem","position":2,"name":"Klemmkeile","item":"https:\/\/bolting.eu\/produkt-kategorie\/klemmkeile\/"},{"@type":"ListItem","position":3,"name":"DMM Torque Nuts"}]},{"@type":"WebSite","@id":"https:\/\/bolting.eu\/en\/#website","url":"https:\/\/bolting.eu\/en\/","name":"bolting.eu","description":"we make climbs happen","publisher":{"@id":"https:\/\/bolting.eu\/en\/#organization"},"potentialAction":[{"@type":"SearchAction","target":{"@type":"EntryPoint","urlTemplate":"https:\/\/bolting.eu\/en\/?s={search_term_string}"},"query-input":{"@type":"PropertyValueSpecification","valueRequired":true,"valueName":"search_term_string"}}],"inLanguage":"en-US"},{"@type":["Organization","Place","SportingGoodsStore"],"@id":"https:\/\/bolting.eu\/en\/#organization","name":"bolting.eu","url":"https:\/\/bolting.eu\/en\/","logo":{"@id":"https:\/\/bolting.eu\/en\/shop\/dmm-torque-nuts\/#local-main-organization-logo"},"image":{"@id":"https:\/\/bolting.eu\/en\/shop\/dmm-torque-nuts\/#local-main-organization-logo"},"sameAs":["https:\/\/www.facebook.com\/bolting.eu","https:\/\/www.instagram.com\/bolting.eu\/"],"address":{"@id":"https:\/\/bolting.eu\/en\/shop\/dmm-torque-nuts\/#local-main-place-address"},"geo":{"@type":"GeoCoordinates","latitude":"47.264176340396226","longitude":"11.380109057672346"},"telephone":["+43 699 19083372"],"openingHoursSpecification":[{"@type":"OpeningHoursSpecification","dayOfWeek":["Monday","Wednesday","Friday"],"opens":"14:00","closes":"18:00"},{"@type":"OpeningHoursSpecification","dayOfWeek":["Tuesday","Thursday","Saturday","Sunday"],"opens":"00:00","closes":"00:00"}],"email":"office@bolting.eu","vatID":"ATU59999728","priceRange":"$$","currenciesAccepted":"Euro"},{"@type":"PostalAddress","@id":"https:\/\/bolting.eu\/en\/shop\/dmm-torque-nuts\/#local-main-place-address","streetAddress":"Fischnalerstra\u00dfe 4","addressLocality":"Innsbruck","postalCode":"6020","addressRegion":"Tirol","addressCountry":"AT"},{"@type":"ImageObject","inLanguage":"en-US","@id":"https:\/\/bolting.eu\/en\/shop\/dmm-torque-nuts\/#local-main-organization-logo","url":"https:\/\/bolting.eu\/wp-content\/uploads\/2019\/09\/bolting-logo.png","contentUrl":"https:\/\/bolting.eu\/wp-content\/uploads\/2019\/09\/bolting-logo.png","width":400,"height":211,"caption":"bolting.eu"}]},"product_price_amount":"90.00","product_price_currency":"EUR","og_availability":"instock","product_availability":"instock","product_retailer_item_id":"A1741\/44","product_condition":"new","geo.placename":"Innsbruck","geo.position":{"lat":"47.264176340396226","long":"11.380109057672346"},"geo.region":"Austria"},"_links":{"self":[{"href":"https:\/\/bolting.eu\/en\/wp-json\/wp\/v2\/product\/4775","targetHints":{"allow":["GET"]}}],"collection":[{"href":"https:\/\/bolting.eu\/en\/wp-json\/wp\/v2\/product"}],"about":[{"href":"https:\/\/bolting.eu\/en\/wp-json\/wp\/v2\/types\/product"}],"replies":[{"embeddable":true,"href":"https:\/\/bolting.eu\/en\/wp-json\/wp\/v2\/comments?post=4775"}],"wp:featuredmedia":[{"embeddable":true,"href":"https:\/\/bolting.eu\/en\/wp-json\/wp\/v2\/media\/4780"}],"wp:attachment":[{"href":"https:\/\/bolting.eu\/en\/wp-json\/wp\/v2\/media?parent=4775"}],"wp:term":[{"taxonomy":"product_brand","embeddable":true,"href":"https:\/\/bolting.eu\/en\/wp-json\/wp\/v2\/product_brand?post=4775"},{"taxonomy":"product_cat","embeddable":true,"href":"https:\/\/bolting.eu\/en\/wp-json\/wp\/v2\/product_cat?post=4775"},{"taxonomy":"product_tag","embeddable":true,"href":"https:\/\/bolting.eu\/en\/wp-json\/wp\/v2\/product_tag?post=4775"}],"curies":[{"name":"wp","href":"https:\/\/api.w.org\/{rel}","templated":true}]}}