{"id":4566,"date":"2020-08-13T13:27:06","date_gmt":"2020-08-13T11:27:06","guid":{"rendered":"https:\/\/bolting.eu\/?post_type=product&#038;p=4566"},"modified":"2025-10-03T18:50:40","modified_gmt":"2025-10-03T16:50:40","slug":"wild-country-revo","status":"publish","type":"product","link":"https:\/\/bolting.eu\/en\/shop\/wild-country-revo\/","title":{"rendered":"Wild Country Revo"},"content":{"rendered":"<p>Das Wild Country Revo ist ein wirklich revolution\u00e4res <a href=\"https:\/\/bolting.eu\/produkt-kategorie\/kletterausruestung\/sicherungsgeraete-klettern\/\">Sicherungsger\u00e4t<\/a>. Denn es funktioniert bidirektional. D.h. es ist egal in welche Richtung das Seil verl\u00e4uft. Egal wo der Kletterer ist und wo die Bremshand. Der Mechanismus ist immer der selbe und funktioniert auch immer gleich verl\u00e4sslich.<\/p>\n<p>Dabei ist die Bedienung sehr intuitiv. Oder anders ausgedr\u00fcckt. Das Revo wird wie ein klassisches Sicherungsger\u00e4t bedient. Allerdings blockiert es bei Belastung selbst\u00e4ndig. Um das blockierte Seil zu l\u00f6sen, reicht ein einfaches Anziehen des Bremsseiles nach unten. Es muss kein Hebel oder \u00c4hnliches bedient werden.<\/p>\n<p>Das macht dieses Produkt einzigartig. Deshalb sieht man es immer \u00f6fters am Fels und in der Halle. Vor allem Anf\u00e4nger und Hobbykletterer sind diesem Ger\u00e4t viel sicherer unterwegs als mit manuellen Ger\u00e4ten bzw. Halbautomaten.<\/p>\n<h2>Eigenschaften Revo<\/h2>\n<ul>\n<li>Hersteller: <a href=\"https:\/\/bolting.eu\/produkt-kategorie\/wild-country\/\">Wild Country<\/a><\/li>\n<li>Material: Edelstahl bzw. Kunststoff<\/li>\n<li>Gewicht: 245 Gramm<\/li>\n<li>EN Norm: EN 892:1998, EN 15151-1<\/li>\n<li>f\u00fcr Einfachseile 8,5 &#8211; 11mm<\/li>\n<li>blockiert automatisch<\/li>\n<li>zum Ablassen reicht einfacher Druck mit Bremsseil<\/li>\n<li>sehr intuitiv<\/li>\n<\/ul>\n<h3>Video<\/h3>\n<p>Das folgende Video stellt die Funktionsweise des Revo Sicherungsger\u00e4tes von Wild Country n\u00e4her vor. Uns gef\u00e4llt die Praxisn\u00e4he des Videos. Denn man bekommt einen super Eindruck davon wie es in den vielen verschiedenen Situationen zu bedienen ist.<\/p>\n<p><iframe loading=\"lazy\" src=\"https:\/\/www.youtube.com\/embed\/9ESlh_jDMkc\" width=\"100%\" height=\"450\" frameborder=\"0\" allowfullscreen=\"allowfullscreen\"><span data-mce-type=\"bookmark\" style=\"display: inline-block; width: 0px; overflow: hidden; line-height: 0;\" class=\"mce_SELRES_start\">\ufeff<\/span><\/iframe><\/p>\n<h3>Einfache, intuitive\u00a0 Bedienung<\/h3>\n<p>Es ist die einfache Bedienung, welche das Revo unserer Meinung zu einem Top Sicherungsger\u00e4t macht. Denn bei anderen Ger\u00e4ten muss man doch etwas \u00fcben, um sie sicher bedienen zu k\u00f6nnen. Bei diesem Modell ist alles sehr intuitiv. D.h. wer mit tube-\u00e4hnlichen Ger\u00e4ten umgehen kann, kommt sofort auch mit diesem Ger\u00e4t zurecht.<\/p>\n<h3>Vermeidung von Fehlerquellen<\/h3>\n<figure id=\"attachment_4568\" aria-describedby=\"caption-attachment-4568\" style=\"width: 280px\" class=\"wp-caption alignleft\"><a href=\"https:\/\/bolting.eu\/wp-content\/uploads\/2020\/08\/Wild-Country-Revo-2.jpg\"><img loading=\"lazy\" decoding=\"async\" class=\"wp-image-4568 size-thumbnail\" src=\"https:\/\/bolting.eu\/wp-content\/uploads\/2020\/08\/Wild-Country-Revo-2-280x280.jpg\" alt=\"Das Bild zeigt das Wild Country Revo Sicherungsger\u00e4t mit eingelegtem roten Seil. Man sieht das Produkt von der Seite und bekommt einenguten Eindruck von dessen Beschaffenheit und Funktionsweise.\" width=\"280\" height=\"280\" srcset=\"https:\/\/bolting.eu\/wp-content\/uploads\/2020\/08\/Wild-Country-Revo-2-280x280.jpg 280w, https:\/\/bolting.eu\/wp-content\/uploads\/2020\/08\/Wild-Country-Revo-2-100x100.jpg 100w, https:\/\/bolting.eu\/wp-content\/uploads\/2020\/08\/Wild-Country-Revo-2-510x510.jpg 510w, https:\/\/bolting.eu\/wp-content\/uploads\/2020\/08\/Wild-Country-Revo-2-400x400.jpg 400w, https:\/\/bolting.eu\/wp-content\/uploads\/2020\/08\/Wild-Country-Revo-2-300x300.jpg 300w, https:\/\/bolting.eu\/wp-content\/uploads\/2020\/08\/Wild-Country-Revo-2-600x600.jpg 600w, https:\/\/bolting.eu\/wp-content\/uploads\/2020\/08\/Wild-Country-Revo-2.jpg 700w\" sizes=\"auto, (max-width: 280px) 100vw, 280px\" \/><\/a><figcaption id=\"caption-attachment-4568\" class=\"wp-caption-text\">Vermeidet viele Fehlerquellen &#8211; das Revo.<\/figcaption><\/figure>\n<p>Was wir ganz klasse finden? Beim Revo von Wild Country werden viele klassische Fehlerquellen komplett ausgeschlossen!<\/p>\n<p>Erstens ist es egal welchen <a href=\"https:\/\/bolting.eu\/produkt-kategorie\/karabiner-kletterkarabiner\/\">Karabiner<\/a> man mit dem Sicherungsger\u00e4t verwendet. Solange es ein <a href=\"https:\/\/bolting.eu\/produkt-kategorie\/karabiner-kletterkarabiner\/schraubkarabiner\/\">Schraubkarabiner<\/a> oder Twist Lock ist, ist alles gut. D.h. die Karabinerform sowie Karabinergr\u00f6\u00dfe spielt hier keinerlei Rolle!<\/p>\n<p>Zweitens spielt die Belastungsrichtung keine Rolle. Denn das Ger\u00e4t ist wie bereits erw\u00e4<\/p>\n<p>hnt bidirektional belastbar. Zum einen bedeutet das.\u00a0 Es ist egal in welche Richtung das Ger\u00e4t beim Einlegen des Seiles gedreht wird. Und zum anderen hei\u00dft es aber auch. Es ist sogar egal ob die Sicherungshand k\u00f6rperfern oder k\u00f6rpernah ist! Anders ausgedr\u00fcckt. Es kann die Bremshand zum Gesicht schauen und dennoch l\u00f6st der Bremsmechanismus beim Revo aus.<\/p>\n<p>Drittens reicht zum L\u00f6sen der Blockade dann ein einfacher Druck des Seiles mit der Bremshand aus. Schon kann man weiter Seil ausgeben oder den Partner ablassen.<\/p>\n<p>Viertens blockiert das Ger\u00e4t erneut automatisch, sollte einem beim Ablassen das Seil aus den H\u00e4nden rutschen.<\/p>\n<h3>Wild Country Revo &#8211; nur Vorteile?<\/h3>\n<p>Wie bei allen Sicherungsger\u00e4ten gibt es auch bei diesem Modell ein paar kleine Nachteile.<\/p>\n<p>Da w\u00e4re das etwas h\u00f6here Gewicht z.B. im Vergleich zum <a href=\"https:\/\/bolting.eu\/shop\/petzl-grigri-2\/\">Grigri<\/a>, <a href=\"https:\/\/bolting.eu\/shop\/climbing-technology-click-up\/\">Click-Up+<\/a> oder dem <a href=\"https:\/\/bolting.eu\/shop\/camp-matik\/\">Camp Matik<\/a>.<\/p>\n<p>Des weiteren braucht der Blockiermechanismus etwas Seil-Durchlauf um anzuschlagen. Das kann die Sturzweite beeinflussen und an Einstiegen Probleme machen.<\/p>\n<p>&nbsp;<\/p>\n","protected":false},"excerpt":{"rendered":"<p>Intuitives Sicherungsger\u00e4t welches wie ein Tuber bedient werden kann. Die Tr\u00e4gheitstrommel blockiert selbst\u00e4ndig, Bremshandprinzip jedoch immer n\u00f6tig!<\/p>\n<p>Das Ger\u00e4t hat keine Hebel, was das Handling stark vereinfacht.<\/p>\n<p>Versandkostenfrei bis 2kg in <img decoding=\"async\" class=\"emoji\" role=\"img\" draggable=\"false\" src=\"https:\/\/s.w.org\/images\/core\/emoji\/14.0.0\/svg\/1f1e6-1f1f9.svg\" alt=\"\ud83c\udde6\ud83c\uddf9\" \/> ab \u20ac 100,- und <img decoding=\"async\" class=\"emoji\" role=\"img\" draggable=\"false\" src=\"https:\/\/s.w.org\/images\/core\/emoji\/14.0.0\/svg\/1f1e9-1f1ea.svg\" alt=\"\ud83c\udde9\ud83c\uddea\" \/> ab \u20ac 200,-!<\/p>\n<p>&nbsp;<\/p>\n","protected":false},"featured_media":4567,"comment_status":"open","ping_status":"closed","template":"","meta":[],"product_brand":[],"product_cat":[3711,4656],"product_tag":[],"class_list":{"0":"post-4566","1":"product","2":"type-product","3":"status-publish","4":"has-post-thumbnail","6":"product_cat-sicherungsgeraete-klettern","7":"product_cat-wild-country","9":"first","10":"instock","11":"sale","12":"taxable","13":"shipping-taxable","14":"purchasable","15":"product-type-simple"},"yoast_head":"<!-- This site is optimized with the Yoast SEO Premium plugin v26.9 (Yoast SEO v26.9) - https:\/\/yoast.com\/product\/yoast-seo-premium-wordpress\/ -->\n<title>Wild Country Revo Sicherungsger\u00e4t g\u00fcnstig online kaufen | bolting.eu<\/title>\n<meta name=\"description\" content=\"WILD COUNTRY REVO Sicherungsger\u00e4t beim Kletterprofi kaufen \u2705 Trusted Shop \u2705 versandfrei* \u2705 Co2neutrale Zustellung \u2705 14 Tage R\u00fcckgaberecht\" \/>\n<meta name=\"robots\" content=\"index, follow, max-snippet:-1, max-image-preview:large, max-video-preview:-1\" \/>\n<link rel=\"canonical\" href=\"https:\/\/bolting.eu\/en\/shop\/wild-country-revo\/\" \/>\n<meta property=\"og:locale\" content=\"en_US\" \/>\n<meta property=\"og:type\" content=\"article\" \/>\n<meta property=\"og:title\" content=\"Wild Country Revo\" \/>\n<meta property=\"og:description\" content=\"WILD COUNTRY REVO Sicherungsger\u00e4t beim Kletterprofi kaufen \u2705 Trusted Shop \u2705 versandfrei* \u2705 Co2neutrale Zustellung \u2705 14 Tage R\u00fcckgaberecht\" \/>\n<meta property=\"og:url\" content=\"https:\/\/bolting.eu\/en\/shop\/wild-country-revo\/\" \/>\n<meta property=\"og:site_name\" content=\"bolting.eu\" \/>\n<meta property=\"article:publisher\" content=\"https:\/\/www.facebook.com\/bolting.eu\" \/>\n<meta property=\"article:modified_time\" content=\"2025-10-03T16:50:40+00:00\" \/>\n<meta property=\"og:image\" content=\"https:\/\/bolting.eu\/wp-content\/uploads\/2020\/08\/Wild-Country-Revo-1.jpg\" \/>\n\t<meta property=\"og:image:width\" content=\"700\" \/>\n\t<meta property=\"og:image:height\" content=\"700\" \/>\n\t<meta property=\"og:image:type\" content=\"image\/jpeg\" \/>\n<meta name=\"twitter:card\" content=\"summary_large_image\" \/>\n<meta name=\"twitter:label1\" content=\"Price\" \/>\n\t<meta name=\"twitter:data1\" content=\"&euro;&nbsp;130,00\" \/>\n\t<meta name=\"twitter:label2\" content=\"Availability\" \/>\n\t<meta name=\"twitter:data2\" content=\"In stock\" \/>\n<script type=\"application\/ld+json\" class=\"yoast-schema-graph\">{\"@context\":\"https:\/\/schema.org\",\"@graph\":[{\"@type\":[\"WebPage\",\"ItemPage\"],\"@id\":\"https:\/\/bolting.eu\/en\/shop\/wild-country-revo\/\",\"url\":\"https:\/\/bolting.eu\/en\/shop\/wild-country-revo\/\",\"name\":\"Wild Country Revo Sicherungsger\u00e4t g\u00fcnstig online kaufen | bolting.eu\",\"isPartOf\":{\"@id\":\"https:\/\/bolting.eu\/en\/#website\"},\"primaryImageOfPage\":{\"@id\":\"https:\/\/bolting.eu\/en\/shop\/wild-country-revo\/#primaryimage\"},\"image\":{\"@id\":\"https:\/\/bolting.eu\/en\/shop\/wild-country-revo\/#primaryimage\"},\"thumbnailUrl\":\"https:\/\/bolting.eu\/wp-content\/uploads\/2020\/08\/Wild-Country-Revo-1.jpg\",\"datePublished\":\"2020-08-13T11:27:06+00:00\",\"dateModified\":\"2025-10-03T16:50:40+00:00\",\"description\":\"WILD COUNTRY REVO Sicherungsger\u00e4t beim Kletterprofi kaufen \u2705 Trusted Shop \u2705 versandfrei* \u2705 Co2neutrale Zustellung \u2705 14 Tage R\u00fcckgaberecht\",\"breadcrumb\":{\"@id\":\"https:\/\/bolting.eu\/en\/shop\/wild-country-revo\/#breadcrumb\"},\"inLanguage\":\"en-US\",\"potentialAction\":[{\"@type\":\"ReadAction\",\"target\":[\"https:\/\/bolting.eu\/en\/shop\/wild-country-revo\/\"]}]},{\"@type\":\"ImageObject\",\"inLanguage\":\"en-US\",\"@id\":\"https:\/\/bolting.eu\/en\/shop\/wild-country-revo\/#primaryimage\",\"url\":\"https:\/\/bolting.eu\/wp-content\/uploads\/2020\/08\/Wild-Country-Revo-1.jpg\",\"contentUrl\":\"https:\/\/bolting.eu\/wp-content\/uploads\/2020\/08\/Wild-Country-Revo-1.jpg\",\"width\":700,\"height\":700,\"caption\":\"Das Bild zeigt ein Wild Country Revo Sicherungsger\u00e4t von leicht links oben. Man erkennt viele Produktdetails des silbergrauen Geh\u00e4uses sowie des orangen Laufrades in der Mitte.\"},{\"@type\":\"BreadcrumbList\",\"@id\":\"https:\/\/bolting.eu\/en\/shop\/wild-country-revo\/#breadcrumb\",\"itemListElement\":[{\"@type\":\"ListItem\",\"position\":1,\"name\":\"Shop\",\"item\":\"https:\/\/bolting.eu\/en\/shop\/\"},{\"@type\":\"ListItem\",\"position\":2,\"name\":\"Wild Country\",\"item\":\"https:\/\/bolting.eu\/produkt-kategorie\/wild-country\/\"},{\"@type\":\"ListItem\",\"position\":3,\"name\":\"Wild Country Revo\"}]},{\"@type\":\"WebSite\",\"@id\":\"https:\/\/bolting.eu\/en\/#website\",\"url\":\"https:\/\/bolting.eu\/en\/\",\"name\":\"bolting.eu\",\"description\":\"we make climbs happen\",\"publisher\":{\"@id\":\"https:\/\/bolting.eu\/en\/#organization\"},\"potentialAction\":[{\"@type\":\"SearchAction\",\"target\":{\"@type\":\"EntryPoint\",\"urlTemplate\":\"https:\/\/bolting.eu\/en\/?s={search_term_string}\"},\"query-input\":{\"@type\":\"PropertyValueSpecification\",\"valueRequired\":true,\"valueName\":\"search_term_string\"}}],\"inLanguage\":\"en-US\"},{\"@type\":[\"Organization\",\"Place\",\"SportingGoodsStore\"],\"@id\":\"https:\/\/bolting.eu\/en\/#organization\",\"name\":\"bolting.eu\",\"url\":\"https:\/\/bolting.eu\/en\/\",\"logo\":{\"@id\":\"https:\/\/bolting.eu\/en\/shop\/wild-country-revo\/#local-main-organization-logo\"},\"image\":{\"@id\":\"https:\/\/bolting.eu\/en\/shop\/wild-country-revo\/#local-main-organization-logo\"},\"sameAs\":[\"https:\/\/www.facebook.com\/bolting.eu\",\"https:\/\/www.instagram.com\/bolting.eu\/\"],\"address\":{\"@id\":\"https:\/\/bolting.eu\/en\/shop\/wild-country-revo\/#local-main-place-address\"},\"geo\":{\"@type\":\"GeoCoordinates\",\"latitude\":\"47.264176340396226\",\"longitude\":\"11.380109057672346\"},\"telephone\":[\"+43 699 19083372\"],\"openingHoursSpecification\":[{\"@type\":\"OpeningHoursSpecification\",\"dayOfWeek\":[\"Monday\",\"Wednesday\",\"Friday\"],\"opens\":\"14:00\",\"closes\":\"18:00\"},{\"@type\":\"OpeningHoursSpecification\",\"dayOfWeek\":[\"Tuesday\",\"Thursday\",\"Saturday\",\"Sunday\"],\"opens\":\"00:00\",\"closes\":\"00:00\"}],\"email\":\"office@bolting.eu\",\"vatID\":\"ATU59999728\",\"priceRange\":\"$$\",\"currenciesAccepted\":\"Euro\"},{\"@type\":\"PostalAddress\",\"@id\":\"https:\/\/bolting.eu\/en\/shop\/wild-country-revo\/#local-main-place-address\",\"streetAddress\":\"Fischnalerstra\u00dfe 4\",\"addressLocality\":\"Innsbruck\",\"postalCode\":\"6020\",\"addressRegion\":\"Tirol\",\"addressCountry\":\"AT\"},{\"@type\":\"ImageObject\",\"inLanguage\":\"en-US\",\"@id\":\"https:\/\/bolting.eu\/en\/shop\/wild-country-revo\/#local-main-organization-logo\",\"url\":\"https:\/\/bolting.eu\/wp-content\/uploads\/2019\/09\/bolting-logo.png\",\"contentUrl\":\"https:\/\/bolting.eu\/wp-content\/uploads\/2019\/09\/bolting-logo.png\",\"width\":400,\"height\":211,\"caption\":\"bolting.eu\"}]}<\/script>\n<meta property=\"og:video\" content=\"https:\/\/www.youtube.com\/embed\/9ESlh_jDMkc\" \/>\n<meta property=\"og:video:type\" content=\"text\/html\" \/>\n<meta property=\"og:video:duration\" content=\"167\" \/>\n<meta property=\"og:video:width\" content=\"480\" \/>\n<meta property=\"og:video:height\" content=\"270\" \/>\n<meta property=\"ya:ovs:adult\" content=\"false\" \/>\n<meta property=\"ya:ovs:upload_date\" content=\"2020-08-13T11:27:06+00:00\" \/>\n<meta property=\"ya:ovs:allow_embed\" content=\"true\" \/>\n<meta property=\"product:price:amount\" content=\"130.00\" \/>\n<meta property=\"product:price:currency\" content=\"EUR\" \/>\n<meta property=\"og:availability\" content=\"instock\" \/>\n<meta property=\"product:availability\" content=\"instock\" \/>\n<meta property=\"product:retailer_item_id\" content=\"40-REVO\" \/>\n<meta property=\"product:condition\" content=\"new\" \/>\n<meta name=\"geo.placename\" content=\"Innsbruck\" \/>\n<meta name=\"geo.position\" content=\"47.264176340396226;11.380109057672346\" \/>\n<meta name=\"geo.region\" content=\"Austria\" \/>\n<!-- \/ Yoast SEO Premium plugin. -->","yoast_head_json":{"title":"Wild Country Revo Sicherungsger\u00e4t g\u00fcnstig online kaufen | bolting.eu","description":"WILD COUNTRY REVO Sicherungsger\u00e4t beim Kletterprofi kaufen \u2705 Trusted Shop \u2705 versandfrei* \u2705 Co2neutrale Zustellung \u2705 14 Tage R\u00fcckgaberecht","robots":{"index":"index","follow":"follow","max-snippet":"max-snippet:-1","max-image-preview":"max-image-preview:large","max-video-preview":"max-video-preview:-1"},"canonical":"https:\/\/bolting.eu\/en\/shop\/wild-country-revo\/","og_locale":"en_US","og_type":"article","og_title":"Wild Country Revo","og_description":"WILD COUNTRY REVO Sicherungsger\u00e4t beim Kletterprofi kaufen \u2705 Trusted Shop \u2705 versandfrei* \u2705 Co2neutrale Zustellung \u2705 14 Tage R\u00fcckgaberecht","og_url":"https:\/\/bolting.eu\/en\/shop\/wild-country-revo\/","og_site_name":"bolting.eu","article_publisher":"https:\/\/www.facebook.com\/bolting.eu","article_modified_time":"2025-10-03T16:50:40+00:00","og_image":[{"width":700,"height":700,"url":"https:\/\/bolting.eu\/wp-content\/uploads\/2020\/08\/Wild-Country-Revo-1.jpg","type":"image\/jpeg"}],"twitter_card":"summary_large_image","twitter_misc":{"Price":"&euro;&nbsp;130,00","Availability":"In stock"},"schema":{"@context":"https:\/\/schema.org","@graph":[{"@type":["WebPage","ItemPage"],"@id":"https:\/\/bolting.eu\/en\/shop\/wild-country-revo\/","url":"https:\/\/bolting.eu\/en\/shop\/wild-country-revo\/","name":"Wild Country Revo Sicherungsger\u00e4t g\u00fcnstig online kaufen | bolting.eu","isPartOf":{"@id":"https:\/\/bolting.eu\/en\/#website"},"primaryImageOfPage":{"@id":"https:\/\/bolting.eu\/en\/shop\/wild-country-revo\/#primaryimage"},"image":{"@id":"https:\/\/bolting.eu\/en\/shop\/wild-country-revo\/#primaryimage"},"thumbnailUrl":"https:\/\/bolting.eu\/wp-content\/uploads\/2020\/08\/Wild-Country-Revo-1.jpg","datePublished":"2020-08-13T11:27:06+00:00","dateModified":"2025-10-03T16:50:40+00:00","description":"WILD COUNTRY REVO Sicherungsger\u00e4t beim Kletterprofi kaufen \u2705 Trusted Shop \u2705 versandfrei* \u2705 Co2neutrale Zustellung \u2705 14 Tage R\u00fcckgaberecht","breadcrumb":{"@id":"https:\/\/bolting.eu\/en\/shop\/wild-country-revo\/#breadcrumb"},"inLanguage":"en-US","potentialAction":[{"@type":"ReadAction","target":["https:\/\/bolting.eu\/en\/shop\/wild-country-revo\/"]}]},{"@type":"ImageObject","inLanguage":"en-US","@id":"https:\/\/bolting.eu\/en\/shop\/wild-country-revo\/#primaryimage","url":"https:\/\/bolting.eu\/wp-content\/uploads\/2020\/08\/Wild-Country-Revo-1.jpg","contentUrl":"https:\/\/bolting.eu\/wp-content\/uploads\/2020\/08\/Wild-Country-Revo-1.jpg","width":700,"height":700,"caption":"Das Bild zeigt ein Wild Country Revo Sicherungsger\u00e4t von leicht links oben. Man erkennt viele Produktdetails des silbergrauen Geh\u00e4uses sowie des orangen Laufrades in der Mitte."},{"@type":"BreadcrumbList","@id":"https:\/\/bolting.eu\/en\/shop\/wild-country-revo\/#breadcrumb","itemListElement":[{"@type":"ListItem","position":1,"name":"Shop","item":"https:\/\/bolting.eu\/en\/shop\/"},{"@type":"ListItem","position":2,"name":"Wild Country","item":"https:\/\/bolting.eu\/produkt-kategorie\/wild-country\/"},{"@type":"ListItem","position":3,"name":"Wild Country Revo"}]},{"@type":"WebSite","@id":"https:\/\/bolting.eu\/en\/#website","url":"https:\/\/bolting.eu\/en\/","name":"bolting.eu","description":"we make climbs happen","publisher":{"@id":"https:\/\/bolting.eu\/en\/#organization"},"potentialAction":[{"@type":"SearchAction","target":{"@type":"EntryPoint","urlTemplate":"https:\/\/bolting.eu\/en\/?s={search_term_string}"},"query-input":{"@type":"PropertyValueSpecification","valueRequired":true,"valueName":"search_term_string"}}],"inLanguage":"en-US"},{"@type":["Organization","Place","SportingGoodsStore"],"@id":"https:\/\/bolting.eu\/en\/#organization","name":"bolting.eu","url":"https:\/\/bolting.eu\/en\/","logo":{"@id":"https:\/\/bolting.eu\/en\/shop\/wild-country-revo\/#local-main-organization-logo"},"image":{"@id":"https:\/\/bolting.eu\/en\/shop\/wild-country-revo\/#local-main-organization-logo"},"sameAs":["https:\/\/www.facebook.com\/bolting.eu","https:\/\/www.instagram.com\/bolting.eu\/"],"address":{"@id":"https:\/\/bolting.eu\/en\/shop\/wild-country-revo\/#local-main-place-address"},"geo":{"@type":"GeoCoordinates","latitude":"47.264176340396226","longitude":"11.380109057672346"},"telephone":["+43 699 19083372"],"openingHoursSpecification":[{"@type":"OpeningHoursSpecification","dayOfWeek":["Monday","Wednesday","Friday"],"opens":"14:00","closes":"18:00"},{"@type":"OpeningHoursSpecification","dayOfWeek":["Tuesday","Thursday","Saturday","Sunday"],"opens":"00:00","closes":"00:00"}],"email":"office@bolting.eu","vatID":"ATU59999728","priceRange":"$$","currenciesAccepted":"Euro"},{"@type":"PostalAddress","@id":"https:\/\/bolting.eu\/en\/shop\/wild-country-revo\/#local-main-place-address","streetAddress":"Fischnalerstra\u00dfe 4","addressLocality":"Innsbruck","postalCode":"6020","addressRegion":"Tirol","addressCountry":"AT"},{"@type":"ImageObject","inLanguage":"en-US","@id":"https:\/\/bolting.eu\/en\/shop\/wild-country-revo\/#local-main-organization-logo","url":"https:\/\/bolting.eu\/wp-content\/uploads\/2019\/09\/bolting-logo.png","contentUrl":"https:\/\/bolting.eu\/wp-content\/uploads\/2019\/09\/bolting-logo.png","width":400,"height":211,"caption":"bolting.eu"}]},"og_video":"https:\/\/www.youtube.com\/embed\/9ESlh_jDMkc","og_video_type":"text\/html","og_video_duration":"167","og_video_width":"480","og_video_height":"270","ya_ovs_adult":"false","ya_ovs_upload_date":"2020-08-13T11:27:06+00:00","ya_ovs_allow_embed":"true","product_price_amount":"130.00","product_price_currency":"EUR","og_availability":"instock","product_availability":"instock","product_retailer_item_id":"40-REVO","product_condition":"new","geo.placename":"Innsbruck","geo.position":{"lat":"47.264176340396226","long":"11.380109057672346"},"geo.region":"Austria"},"_links":{"self":[{"href":"https:\/\/bolting.eu\/en\/wp-json\/wp\/v2\/product\/4566","targetHints":{"allow":["GET"]}}],"collection":[{"href":"https:\/\/bolting.eu\/en\/wp-json\/wp\/v2\/product"}],"about":[{"href":"https:\/\/bolting.eu\/en\/wp-json\/wp\/v2\/types\/product"}],"replies":[{"embeddable":true,"href":"https:\/\/bolting.eu\/en\/wp-json\/wp\/v2\/comments?post=4566"}],"wp:featuredmedia":[{"embeddable":true,"href":"https:\/\/bolting.eu\/en\/wp-json\/wp\/v2\/media\/4567"}],"wp:attachment":[{"href":"https:\/\/bolting.eu\/en\/wp-json\/wp\/v2\/media?parent=4566"}],"wp:term":[{"taxonomy":"product_brand","embeddable":true,"href":"https:\/\/bolting.eu\/en\/wp-json\/wp\/v2\/product_brand?post=4566"},{"taxonomy":"product_cat","embeddable":true,"href":"https:\/\/bolting.eu\/en\/wp-json\/wp\/v2\/product_cat?post=4566"},{"taxonomy":"product_tag","embeddable":true,"href":"https:\/\/bolting.eu\/en\/wp-json\/wp\/v2\/product_tag?post=4566"}],"curies":[{"name":"wp","href":"https:\/\/api.w.org\/{rel}","templated":true}]}}