{"id":4558,"date":"2020-08-13T11:40:24","date_gmt":"2020-08-13T09:40:24","guid":{"rendered":"https:\/\/bolting.eu\/?post_type=product&#038;p=4558"},"modified":"2025-10-03T18:54:48","modified_gmt":"2025-10-03T16:54:48","slug":"wild-country-zero-friends","status":"publish","type":"product","link":"https:\/\/bolting.eu\/en\/shop\/wild-country-zero-friends\/","title":{"rendered":"Wild Country Zero Friends"},"content":{"rendered":"<p>Die Wild Country Zero Friends z\u00e4hlen zu den hochwertigsten Klemmger\u00e4ten am Markt. Sie haben sich einen hervorragenden Ruf zum Absichern von schmalen Rissen erarbeitet. Und dies aus gutem Grund!<\/p>\n<p>Denn diese Wild Country Friends sind hochwertigst verarbeitet.<\/p>\n<p>D.h. zum einen hochqualitative Werkstoffe wie beispielsweise st\u00e4rkstes Aluminium sowie langlebige Stahl Federn. Dar\u00fcber hinaus Dyneema Schlingen und langlebige Stahlkabel.<\/p>\n<p>Zum anderen haben Diese Friends eine ausgesprochen gute Ergonomie. Folglich liegen sie perfekt in der Hand. D.h. sie lassen sich auch rasch legen was ganz entscheidend ist. Dar\u00fcber hinaus sind die Zero\u00b4s auch sehr leicht. Sie wiegen gerade einmal zwischen 51 und 82,6 Gramm.<\/p>\n<p>Kurzum. Diese Friends sind eine tolle Erg\u00e4nzung f\u00fcr Eure <a href=\"https:\/\/bolting.eu\/big-wall-ausruestung\/\">Big Wall Ausr\u00fcstung<\/a> bzw. <a href=\"https:\/\/bolting.eu\/big-wall-ausruestung\/\">Big Wall Ausr\u00fcstung<\/a>.<\/p>\n<h2>Eigenschaften Wild Country Zero Friends<\/h2>\n<ul>\n<li>Hersteller: <a href=\"https:\/\/bolting.eu\/produkt-kategorie\/wild-country\/\">Wild Country<\/a><\/li>\n<li>Material: Alu, verzinktes Stahlkabel, Kunststoff, Dyneema<\/li>\n<li>Gr\u00f6\u00dfen: 0,1 &#8211; 0,2 &#8211; 0,3 -0,4 &#8211; 0,5 &#8211; 0,75<\/li>\n<li>Gewicht: 51-82,6 Gramm (Details siehe \u00dcbersicht)<\/li>\n<li>EN Norm: EN 12276<\/li>\n<li>schmaler Kopf<\/li>\n<li>scharf gefr\u00e4ste Klemmnocken f\u00fcr besten Halt<\/li>\n<li>10mm Dyneema Bandschlinge<\/li>\n<li>super starke Stahlfeder<\/li>\n<li>perfektes Handling<\/li>\n<\/ul>\n<h2>Wild Country Zero Friends &#8211; kleiner, schm\u00e4ler und leichter<\/h2>\n<p>Dieser Friend Typ unterscheidet sich von den regul\u00e4ren Wild Country Friends in drei Punkten.<\/p>\n<p>Erstens sind die Zero\u00b4s f\u00fcr viel schm\u00e4lere Risse. Zweitens ist der Kopf im Verh\u00e4ltnis auch wesentlich kleiner. Und drittens sind diese Klemmger\u00e4te folglich auch um ein St\u00fcck leichter.<\/p>\n<p>Daraus ergibt sich auch der Einsatzbereich dieser Friends. Sie sind eine Erg\u00e4nzung zu einem Standard Set an Klemmger\u00e4ten. D.h. kauft euch dieses Set erst, wenn ihr schon ein &#8220;normales&#8221; Friend Rack habt!<\/p>\n<h3>\u00dcbersicht Dimensionen<\/h3>\n<p><a href=\"https:\/\/bolting.eu\/wp-content\/uploads\/2020\/08\/Wild-Country-Zero-Friends-Specs.jpg\"><img loading=\"lazy\" decoding=\"async\" class=\"alignnone size-full wp-image-4564\" src=\"https:\/\/bolting.eu\/wp-content\/uploads\/2020\/08\/Wild-Country-Zero-Friends-Specs.jpg\" alt=\"Das Bild zeigt eine Tabelle mit den Angaben zu den Wild Country Zero Friends. Man sieht Dimensionen, Gewicht und Bruchlasten.\" width=\"600\" height=\"357\" srcset=\"https:\/\/bolting.eu\/wp-content\/uploads\/2020\/08\/Wild-Country-Zero-Friends-Specs.jpg 600w, https:\/\/bolting.eu\/wp-content\/uploads\/2020\/08\/Wild-Country-Zero-Friends-Specs-510x303.jpg 510w\" sizes=\"auto, (max-width: 600px) 100vw, 600px\" \/><\/a><\/p>\n<h2>Etwas f\u00fcr Alpin-, Trad- und Big Wall Kletterer<\/h2>\n<p><a href=\"https:\/\/bolting.eu\/wp-content\/uploads\/2020\/08\/Wild-Country-Zero-Friends-2.jpg\"><img loading=\"lazy\" decoding=\"async\" class=\"alignleft wp-image-4559\" src=\"https:\/\/bolting.eu\/wp-content\/uploads\/2020\/08\/Wild-Country-Zero-Friends-2-280x280.jpg\" alt=\"Das Bild zeigt ein Set Wild Country Zero Friends der Gr\u00f6\u00dfen 0,4 sowie 0,5 und 0,75. Die drei Klemmger\u00e4te stehen aufrecht und nebeneinander in Bildmitte, mit den Klemmbacken nach oben. Man erkennt wunderbar alle Produktdetails.\" width=\"200\" height=\"200\" srcset=\"https:\/\/bolting.eu\/wp-content\/uploads\/2020\/08\/Wild-Country-Zero-Friends-2-280x280.jpg 280w, https:\/\/bolting.eu\/wp-content\/uploads\/2020\/08\/Wild-Country-Zero-Friends-2-247x247.jpg 247w, https:\/\/bolting.eu\/wp-content\/uploads\/2020\/08\/Wild-Country-Zero-Friends-2-100x100.jpg 100w, https:\/\/bolting.eu\/wp-content\/uploads\/2020\/08\/Wild-Country-Zero-Friends-2-510x510.jpg 510w, https:\/\/bolting.eu\/wp-content\/uploads\/2020\/08\/Wild-Country-Zero-Friends-2-400x400.jpg 400w, https:\/\/bolting.eu\/wp-content\/uploads\/2020\/08\/Wild-Country-Zero-Friends-2-300x300.jpg 300w, https:\/\/bolting.eu\/wp-content\/uploads\/2020\/08\/Wild-Country-Zero-Friends-2-600x600.jpg 600w, https:\/\/bolting.eu\/wp-content\/uploads\/2020\/08\/Wild-Country-Zero-Friends-2.jpg 700w\" sizes=\"auto, (max-width: 200px) 100vw, 200px\" \/><\/a>Die Wild Country Zero Friends sind also etwas f\u00fcr Spezialisten. Zum einen werden engagierte Alpin- und Trad Kletterer eine gro\u00dfe Freude mit ihnen haben. Denn ohne ein-zwei Sets an sehr kleinen Cams ist in vielen Routen nichts zu holen.<\/p>\n<p>Ein Aufenthalt in Chamonix ohne kleine Friends? No way Jose! D.h. die kleinen Friends sind unerl\u00e4sslich wenn Routen zur G\u00e4nze selber abgesichert werden m\u00fcssen. Dabei werden sie vor allem im Granit gebraucht. Granit Gebiete wo die Zero\u00b4s handy sind w\u00e4ren Val di Mello, Valle del Orco, Chamonix, Tessin,&#8230;<\/p>\n<p>Zum anderen sind diese Art von Cams bei Big Walls unerl\u00e4sslich. Salath\u00e9, The Shield oder Zodiac ohne kleinste Friends? Get out of here!<\/p>\n<h3>Video als Hilfe beim Kauf<\/h3>\n<p>Wir wollen Euch bei der Auswahl der richtigen Friends behilflich sein. Deshalb haben wir hier ein Video eingebaut, welches verdeutlich wo die Bedeutung der Wild Country Zero Friends bei einem Rack liegt.<\/p>\n<p><iframe loading=\"lazy\" src=\"https:\/\/www.youtube.com\/embed\/M9dhOPQvbVA\" width=\"100%\" height=\"450\" frameborder=\"0\" allowfullscreen=\"allowfullscreen\"><span data-mce-type=\"bookmark\" style=\"display: inline-block; width: 0px; overflow: hidden; line-height: 0;\" class=\"mce_SELRES_start\">\ufeff<\/span><\/iframe><\/p>\n<h3>Wann geh\u00f6ren Klemmger\u00e4te ausgeschieden?<\/h3>\n<p>Eure Wild Country Zero Friends werden &#8211; wie jeder andere Friend auch &#8211; mal kaputt gehen. Erfreulicherweise ist die Qualit\u00e4t vieler Klemmger\u00e4te sehr hoch. D.h. sie halten im Grunde viele Jahre.<\/p>\n<p>Wie lange, h\u00e4ngt ab von:<\/p>\n<ul>\n<li>Intensit\u00e4t der Nutzung<\/li>\n<li>H\u00e4ufigkeit der Nutzung<\/li>\n<li>Sturzbelastung<\/li>\n<li>Pflege<\/li>\n<\/ul>\n<p>Man sollte dabei zwei Szenarien im Auge behalten.<\/p>\n<p>Erstens die normale &#8220;Altersschw\u00e4che&#8221;. Denn diese tritt je nach den o.a. Faktoren fr\u00fcher oder sp\u00e4ter ein. Ihr m\u00fcsst selbst entscheiden wann der Friend auszuscheiden ist. Wir wollen euch besonders auf das kritische Teil der Dyneema Schlinge aufmerksam machen. Dieser Bauteil ist nach einigen Jahren das schw\u00e4chste Glied in der Kette. D.h. bei sichtbaren Sch\u00e4den oder deutlicher Abnutzung. Ausscheiden!<\/p>\n<p>Zweitens muss man Friends nach St\u00fcrzen ordentlich inspizieren. Extreme Belastungen der kleinen Wild Country Zero Friends k\u00f6nnen zum Verbiegen, Brechen und Verklemmen von Bauteilen f\u00fchren. Im ung\u00fcnstigen Fall ist ein Cam nach einem Sturz umgehend auszuscheiden.<\/p>\n<h4><strong>Link Tipp<\/strong><\/h4>\n<p>Interessanter Fachbeitrag in <a href=\"http:\/\/www.bergundsteigen.at\/file.php\/archiv\/2018\/3\/40-44%28ueber%20die%20verlaesslichkeit%20von%20freunden%29.pdf\" target=\"_blank\" rel=\"noopener noreferrer\">bergundsteigen<\/a> zum Thema Friends.<\/p>\n","protected":false},"excerpt":{"rendered":"<ul>\n<li>Hersteller: <a href=\"https:\/\/bolting.eu\/produkt-kategorie\/wild-country\/\">Wild Country<\/a><\/li>\n<li>Material: Alu, verzinktes Stahlkabel, Kunststoff, Dyneema<\/li>\n<li>Gr\u00f6\u00dfen: 0,1 &#8211; 0,2 &#8211; 0,3 -0,4 &#8211; 0,5 &#8211; 0,75<\/li>\n<li>Gewicht: 51-82,6 Gramm (Details siehe \u00dcbersicht)<\/li>\n<li>EN Norm: EN 12276<\/li>\n<li>schmaler Kopf<\/li>\n<li>scharf gefr\u00e4ste Klemmnocken f\u00fcr besten Halt<\/li>\n<li>10mm Dyneema Bandschlinge<\/li>\n<li>super starke Stahlfeder<\/li>\n<li>perfektes Handling<\/li>\n<\/ul>\n","protected":false},"featured_media":4560,"comment_status":"open","ping_status":"closed","template":"","meta":[],"product_brand":[],"product_cat":[31,39,29,4656],"product_tag":[262,265,4164],"class_list":{"0":"post-4558","1":"product","2":"type-product","3":"status-publish","4":"has-post-thumbnail","6":"product_cat-big-wall-ausruestung","7":"product_cat-klemmgeraete-friends","8":"product_cat-kletterausruestung","9":"product_cat-wild-country","10":"product_tag-alpinklettern","11":"product_tag-big-wall-klettern","12":"product_tag-trad-klettern","14":"first","15":"instock","16":"taxable","17":"shipping-taxable","18":"purchasable","19":"product-type-variable"},"yoast_head":"<!-- This site is optimized with the Yoast SEO Premium plugin v26.9 (Yoast SEO v26.9) - https:\/\/yoast.com\/product\/yoast-seo-premium-wordpress\/ -->\n<title>Wild Country Zero Friends Klemmger\u00e4te g\u00fcnstig online kaufen | bolting.eu<\/title>\n<meta name=\"description\" content=\"Hier findest Du die WILD COUNTRY ZERO FRIENDS Klemmger\u00e4te! \u2705 14 Tage R\u00fcckgaberecht \u2705 versandfrei* ab \u20ac 100,- \u2705 Kaufberatung \u2705 Fachh\u00e4ndler aus \u00d6sterreich\" \/>\n<meta name=\"robots\" content=\"index, follow, max-snippet:-1, max-image-preview:large, max-video-preview:-1\" \/>\n<link rel=\"canonical\" href=\"https:\/\/bolting.eu\/en\/shop\/wild-country-zero-friends\/\" \/>\n<meta property=\"og:locale\" content=\"en_US\" \/>\n<meta property=\"og:type\" content=\"article\" \/>\n<meta property=\"og:title\" content=\"Wild Country Zero Friends\" \/>\n<meta property=\"og:description\" content=\"Hier findest Du die WILD COUNTRY ZERO FRIENDS Klemmger\u00e4te! \u2705 14 Tage R\u00fcckgaberecht \u2705 versandfrei* ab \u20ac 100,- \u2705 Kaufberatung \u2705 Fachh\u00e4ndler aus \u00d6sterreich\" \/>\n<meta property=\"og:url\" content=\"https:\/\/bolting.eu\/en\/shop\/wild-country-zero-friends\/\" \/>\n<meta property=\"og:site_name\" content=\"bolting.eu\" \/>\n<meta property=\"article:publisher\" content=\"https:\/\/www.facebook.com\/bolting.eu\" \/>\n<meta property=\"article:modified_time\" content=\"2025-10-03T16:54:48+00:00\" \/>\n<meta property=\"og:image\" content=\"https:\/\/bolting.eu\/wp-content\/uploads\/2020\/08\/Wild-Country-Zero-Friends-1.jpg\" \/>\n\t<meta property=\"og:image:width\" content=\"700\" \/>\n\t<meta property=\"og:image:height\" content=\"700\" \/>\n\t<meta property=\"og:image:type\" content=\"image\/jpeg\" \/>\n<meta name=\"twitter:card\" content=\"summary_large_image\" \/>\n<meta name=\"twitter:label1\" content=\"Availability\" \/>\n\t<meta name=\"twitter:data1\" content=\"In stock\" \/>\n<script type=\"application\/ld+json\" class=\"yoast-schema-graph\">{\"@context\":\"https:\/\/schema.org\",\"@graph\":[{\"@type\":[\"WebPage\",\"ItemPage\"],\"@id\":\"https:\/\/bolting.eu\/en\/shop\/wild-country-zero-friends\/\",\"url\":\"https:\/\/bolting.eu\/en\/shop\/wild-country-zero-friends\/\",\"name\":\"Wild Country Zero Friends Klemmger\u00e4te g\u00fcnstig online kaufen | bolting.eu\",\"isPartOf\":{\"@id\":\"https:\/\/bolting.eu\/en\/#website\"},\"primaryImageOfPage\":{\"@id\":\"https:\/\/bolting.eu\/en\/shop\/wild-country-zero-friends\/#primaryimage\"},\"image\":{\"@id\":\"https:\/\/bolting.eu\/en\/shop\/wild-country-zero-friends\/#primaryimage\"},\"thumbnailUrl\":\"https:\/\/bolting.eu\/wp-content\/uploads\/2020\/08\/Wild-Country-Zero-Friends-1.jpg\",\"datePublished\":\"2020-08-13T09:40:24+00:00\",\"dateModified\":\"2025-10-03T16:54:48+00:00\",\"description\":\"Hier findest Du die WILD COUNTRY ZERO FRIENDS Klemmger\u00e4te! \u2705 14 Tage R\u00fcckgaberecht \u2705 versandfrei* ab \u20ac 100,- \u2705 Kaufberatung \u2705 Fachh\u00e4ndler aus \u00d6sterreich\",\"breadcrumb\":{\"@id\":\"https:\/\/bolting.eu\/en\/shop\/wild-country-zero-friends\/#breadcrumb\"},\"inLanguage\":\"en-US\",\"potentialAction\":[{\"@type\":\"ReadAction\",\"target\":[\"https:\/\/bolting.eu\/en\/shop\/wild-country-zero-friends\/\"]}]},{\"@type\":\"ImageObject\",\"inLanguage\":\"en-US\",\"@id\":\"https:\/\/bolting.eu\/en\/shop\/wild-country-zero-friends\/#primaryimage\",\"url\":\"https:\/\/bolting.eu\/wp-content\/uploads\/2020\/08\/Wild-Country-Zero-Friends-1.jpg\",\"contentUrl\":\"https:\/\/bolting.eu\/wp-content\/uploads\/2020\/08\/Wild-Country-Zero-Friends-1.jpg\",\"width\":700,\"height\":700,\"caption\":\"Das Bild zeigt ein Set Wild Country Zero Friends der Gr\u00f6\u00dfen 0,1 sowie 0,2 und 0,3. Die drei Klemmger\u00e4te stehen aufrecht und nebeneinander in Bildmitte, mit den Klemmbacken nach oben. Man erkennt wunderbar alle Produktdetails.\"},{\"@type\":\"BreadcrumbList\",\"@id\":\"https:\/\/bolting.eu\/en\/shop\/wild-country-zero-friends\/#breadcrumb\",\"itemListElement\":[{\"@type\":\"ListItem\",\"position\":1,\"name\":\"Shop\",\"item\":\"https:\/\/bolting.eu\/en\/shop\/\"},{\"@type\":\"ListItem\",\"position\":2,\"name\":\"climbing equipment\",\"item\":\"https:\/\/bolting.eu\/en\/produkt-kategorie\/climbing-equipment\/\"},{\"@type\":\"ListItem\",\"position\":3,\"name\":\"Klemmger\u00e4te - Friends\",\"item\":\"https:\/\/bolting.eu\/produkt-kategorie\/kletterausruestung\/klemmgeraete-friends\/\"},{\"@type\":\"ListItem\",\"position\":4,\"name\":\"Wild Country Zero Friends\"}]},{\"@type\":\"WebSite\",\"@id\":\"https:\/\/bolting.eu\/en\/#website\",\"url\":\"https:\/\/bolting.eu\/en\/\",\"name\":\"bolting.eu\",\"description\":\"we make climbs happen\",\"publisher\":{\"@id\":\"https:\/\/bolting.eu\/en\/#organization\"},\"potentialAction\":[{\"@type\":\"SearchAction\",\"target\":{\"@type\":\"EntryPoint\",\"urlTemplate\":\"https:\/\/bolting.eu\/en\/?s={search_term_string}\"},\"query-input\":{\"@type\":\"PropertyValueSpecification\",\"valueRequired\":true,\"valueName\":\"search_term_string\"}}],\"inLanguage\":\"en-US\"},{\"@type\":[\"Organization\",\"Place\",\"SportingGoodsStore\"],\"@id\":\"https:\/\/bolting.eu\/en\/#organization\",\"name\":\"bolting.eu\",\"url\":\"https:\/\/bolting.eu\/en\/\",\"logo\":{\"@id\":\"https:\/\/bolting.eu\/en\/shop\/wild-country-zero-friends\/#local-main-organization-logo\"},\"image\":{\"@id\":\"https:\/\/bolting.eu\/en\/shop\/wild-country-zero-friends\/#local-main-organization-logo\"},\"sameAs\":[\"https:\/\/www.facebook.com\/bolting.eu\",\"https:\/\/www.instagram.com\/bolting.eu\/\"],\"address\":{\"@id\":\"https:\/\/bolting.eu\/en\/shop\/wild-country-zero-friends\/#local-main-place-address\"},\"geo\":{\"@type\":\"GeoCoordinates\",\"latitude\":\"47.264176340396226\",\"longitude\":\"11.380109057672346\"},\"telephone\":[\"+43 699 19083372\"],\"openingHoursSpecification\":[{\"@type\":\"OpeningHoursSpecification\",\"dayOfWeek\":[\"Monday\",\"Wednesday\",\"Friday\"],\"opens\":\"14:00\",\"closes\":\"18:00\"},{\"@type\":\"OpeningHoursSpecification\",\"dayOfWeek\":[\"Tuesday\",\"Thursday\",\"Saturday\",\"Sunday\"],\"opens\":\"00:00\",\"closes\":\"00:00\"}],\"email\":\"office@bolting.eu\",\"vatID\":\"ATU59999728\",\"priceRange\":\"$$\",\"currenciesAccepted\":\"Euro\"},{\"@type\":\"PostalAddress\",\"@id\":\"https:\/\/bolting.eu\/en\/shop\/wild-country-zero-friends\/#local-main-place-address\",\"streetAddress\":\"Fischnalerstra\u00dfe 4\",\"addressLocality\":\"Innsbruck\",\"postalCode\":\"6020\",\"addressRegion\":\"Tirol\",\"addressCountry\":\"AT\"},{\"@type\":\"ImageObject\",\"inLanguage\":\"en-US\",\"@id\":\"https:\/\/bolting.eu\/en\/shop\/wild-country-zero-friends\/#local-main-organization-logo\",\"url\":\"https:\/\/bolting.eu\/wp-content\/uploads\/2019\/09\/bolting-logo.png\",\"contentUrl\":\"https:\/\/bolting.eu\/wp-content\/uploads\/2019\/09\/bolting-logo.png\",\"width\":400,\"height\":211,\"caption\":\"bolting.eu\"}]}<\/script>\n<meta property=\"og:video\" content=\"https:\/\/www.youtube.com\/embed\/M9dhOPQvbVA\" \/>\n<meta property=\"og:video:type\" content=\"text\/html\" \/>\n<meta property=\"og:video:duration\" content=\"167\" \/>\n<meta property=\"og:video:width\" content=\"480\" \/>\n<meta property=\"og:video:height\" content=\"270\" \/>\n<meta property=\"ya:ovs:adult\" content=\"false\" \/>\n<meta property=\"ya:ovs:upload_date\" content=\"2020-08-13T09:40:24+00:00\" \/>\n<meta property=\"ya:ovs:allow_embed\" content=\"true\" \/>\n<meta property=\"og:availability\" content=\"instock\" \/>\n<meta property=\"product:availability\" content=\"instock\" \/>\n<meta property=\"product:condition\" content=\"new\" \/>\n<meta name=\"geo.placename\" content=\"Innsbruck\" \/>\n<meta name=\"geo.position\" content=\"47.264176340396226;11.380109057672346\" \/>\n<meta name=\"geo.region\" content=\"Austria\" \/>\n<!-- \/ Yoast SEO Premium plugin. -->","yoast_head_json":{"title":"Wild Country Zero Friends Klemmger\u00e4te g\u00fcnstig online kaufen | bolting.eu","description":"Hier findest Du die WILD COUNTRY ZERO FRIENDS Klemmger\u00e4te! \u2705 14 Tage R\u00fcckgaberecht \u2705 versandfrei* ab \u20ac 100,- \u2705 Kaufberatung \u2705 Fachh\u00e4ndler aus \u00d6sterreich","robots":{"index":"index","follow":"follow","max-snippet":"max-snippet:-1","max-image-preview":"max-image-preview:large","max-video-preview":"max-video-preview:-1"},"canonical":"https:\/\/bolting.eu\/en\/shop\/wild-country-zero-friends\/","og_locale":"en_US","og_type":"article","og_title":"Wild Country Zero Friends","og_description":"Hier findest Du die WILD COUNTRY ZERO FRIENDS Klemmger\u00e4te! \u2705 14 Tage R\u00fcckgaberecht \u2705 versandfrei* ab \u20ac 100,- \u2705 Kaufberatung \u2705 Fachh\u00e4ndler aus \u00d6sterreich","og_url":"https:\/\/bolting.eu\/en\/shop\/wild-country-zero-friends\/","og_site_name":"bolting.eu","article_publisher":"https:\/\/www.facebook.com\/bolting.eu","article_modified_time":"2025-10-03T16:54:48+00:00","og_image":[{"width":700,"height":700,"url":"https:\/\/bolting.eu\/wp-content\/uploads\/2020\/08\/Wild-Country-Zero-Friends-1.jpg","type":"image\/jpeg"}],"twitter_card":"summary_large_image","twitter_misc":{"Availability":"In stock"},"schema":{"@context":"https:\/\/schema.org","@graph":[{"@type":["WebPage","ItemPage"],"@id":"https:\/\/bolting.eu\/en\/shop\/wild-country-zero-friends\/","url":"https:\/\/bolting.eu\/en\/shop\/wild-country-zero-friends\/","name":"Wild Country Zero Friends Klemmger\u00e4te g\u00fcnstig online kaufen | bolting.eu","isPartOf":{"@id":"https:\/\/bolting.eu\/en\/#website"},"primaryImageOfPage":{"@id":"https:\/\/bolting.eu\/en\/shop\/wild-country-zero-friends\/#primaryimage"},"image":{"@id":"https:\/\/bolting.eu\/en\/shop\/wild-country-zero-friends\/#primaryimage"},"thumbnailUrl":"https:\/\/bolting.eu\/wp-content\/uploads\/2020\/08\/Wild-Country-Zero-Friends-1.jpg","datePublished":"2020-08-13T09:40:24+00:00","dateModified":"2025-10-03T16:54:48+00:00","description":"Hier findest Du die WILD COUNTRY ZERO FRIENDS Klemmger\u00e4te! \u2705 14 Tage R\u00fcckgaberecht \u2705 versandfrei* ab \u20ac 100,- \u2705 Kaufberatung \u2705 Fachh\u00e4ndler aus \u00d6sterreich","breadcrumb":{"@id":"https:\/\/bolting.eu\/en\/shop\/wild-country-zero-friends\/#breadcrumb"},"inLanguage":"en-US","potentialAction":[{"@type":"ReadAction","target":["https:\/\/bolting.eu\/en\/shop\/wild-country-zero-friends\/"]}]},{"@type":"ImageObject","inLanguage":"en-US","@id":"https:\/\/bolting.eu\/en\/shop\/wild-country-zero-friends\/#primaryimage","url":"https:\/\/bolting.eu\/wp-content\/uploads\/2020\/08\/Wild-Country-Zero-Friends-1.jpg","contentUrl":"https:\/\/bolting.eu\/wp-content\/uploads\/2020\/08\/Wild-Country-Zero-Friends-1.jpg","width":700,"height":700,"caption":"Das Bild zeigt ein Set Wild Country Zero Friends der Gr\u00f6\u00dfen 0,1 sowie 0,2 und 0,3. Die drei Klemmger\u00e4te stehen aufrecht und nebeneinander in Bildmitte, mit den Klemmbacken nach oben. Man erkennt wunderbar alle Produktdetails."},{"@type":"BreadcrumbList","@id":"https:\/\/bolting.eu\/en\/shop\/wild-country-zero-friends\/#breadcrumb","itemListElement":[{"@type":"ListItem","position":1,"name":"Shop","item":"https:\/\/bolting.eu\/en\/shop\/"},{"@type":"ListItem","position":2,"name":"climbing equipment","item":"https:\/\/bolting.eu\/en\/produkt-kategorie\/climbing-equipment\/"},{"@type":"ListItem","position":3,"name":"Klemmger\u00e4te - Friends","item":"https:\/\/bolting.eu\/produkt-kategorie\/kletterausruestung\/klemmgeraete-friends\/"},{"@type":"ListItem","position":4,"name":"Wild Country Zero Friends"}]},{"@type":"WebSite","@id":"https:\/\/bolting.eu\/en\/#website","url":"https:\/\/bolting.eu\/en\/","name":"bolting.eu","description":"we make climbs happen","publisher":{"@id":"https:\/\/bolting.eu\/en\/#organization"},"potentialAction":[{"@type":"SearchAction","target":{"@type":"EntryPoint","urlTemplate":"https:\/\/bolting.eu\/en\/?s={search_term_string}"},"query-input":{"@type":"PropertyValueSpecification","valueRequired":true,"valueName":"search_term_string"}}],"inLanguage":"en-US"},{"@type":["Organization","Place","SportingGoodsStore"],"@id":"https:\/\/bolting.eu\/en\/#organization","name":"bolting.eu","url":"https:\/\/bolting.eu\/en\/","logo":{"@id":"https:\/\/bolting.eu\/en\/shop\/wild-country-zero-friends\/#local-main-organization-logo"},"image":{"@id":"https:\/\/bolting.eu\/en\/shop\/wild-country-zero-friends\/#local-main-organization-logo"},"sameAs":["https:\/\/www.facebook.com\/bolting.eu","https:\/\/www.instagram.com\/bolting.eu\/"],"address":{"@id":"https:\/\/bolting.eu\/en\/shop\/wild-country-zero-friends\/#local-main-place-address"},"geo":{"@type":"GeoCoordinates","latitude":"47.264176340396226","longitude":"11.380109057672346"},"telephone":["+43 699 19083372"],"openingHoursSpecification":[{"@type":"OpeningHoursSpecification","dayOfWeek":["Monday","Wednesday","Friday"],"opens":"14:00","closes":"18:00"},{"@type":"OpeningHoursSpecification","dayOfWeek":["Tuesday","Thursday","Saturday","Sunday"],"opens":"00:00","closes":"00:00"}],"email":"office@bolting.eu","vatID":"ATU59999728","priceRange":"$$","currenciesAccepted":"Euro"},{"@type":"PostalAddress","@id":"https:\/\/bolting.eu\/en\/shop\/wild-country-zero-friends\/#local-main-place-address","streetAddress":"Fischnalerstra\u00dfe 4","addressLocality":"Innsbruck","postalCode":"6020","addressRegion":"Tirol","addressCountry":"AT"},{"@type":"ImageObject","inLanguage":"en-US","@id":"https:\/\/bolting.eu\/en\/shop\/wild-country-zero-friends\/#local-main-organization-logo","url":"https:\/\/bolting.eu\/wp-content\/uploads\/2019\/09\/bolting-logo.png","contentUrl":"https:\/\/bolting.eu\/wp-content\/uploads\/2019\/09\/bolting-logo.png","width":400,"height":211,"caption":"bolting.eu"}]},"og_video":"https:\/\/www.youtube.com\/embed\/M9dhOPQvbVA","og_video_type":"text\/html","og_video_duration":"167","og_video_width":"480","og_video_height":"270","ya_ovs_adult":"false","ya_ovs_upload_date":"2020-08-13T09:40:24+00:00","ya_ovs_allow_embed":"true","og_availability":"instock","product_availability":"instock","product_condition":"new","geo.placename":"Innsbruck","geo.position":{"lat":"47.264176340396226","long":"11.380109057672346"},"geo.region":"Austria"},"_links":{"self":[{"href":"https:\/\/bolting.eu\/en\/wp-json\/wp\/v2\/product\/4558","targetHints":{"allow":["GET"]}}],"collection":[{"href":"https:\/\/bolting.eu\/en\/wp-json\/wp\/v2\/product"}],"about":[{"href":"https:\/\/bolting.eu\/en\/wp-json\/wp\/v2\/types\/product"}],"replies":[{"embeddable":true,"href":"https:\/\/bolting.eu\/en\/wp-json\/wp\/v2\/comments?post=4558"}],"wp:featuredmedia":[{"embeddable":true,"href":"https:\/\/bolting.eu\/en\/wp-json\/wp\/v2\/media\/4560"}],"wp:attachment":[{"href":"https:\/\/bolting.eu\/en\/wp-json\/wp\/v2\/media?parent=4558"}],"wp:term":[{"taxonomy":"product_brand","embeddable":true,"href":"https:\/\/bolting.eu\/en\/wp-json\/wp\/v2\/product_brand?post=4558"},{"taxonomy":"product_cat","embeddable":true,"href":"https:\/\/bolting.eu\/en\/wp-json\/wp\/v2\/product_cat?post=4558"},{"taxonomy":"product_tag","embeddable":true,"href":"https:\/\/bolting.eu\/en\/wp-json\/wp\/v2\/product_tag?post=4558"}],"curies":[{"name":"wp","href":"https:\/\/api.w.org\/{rel}","templated":true}]}}