{"id":4548,"date":"2020-08-13T09:36:53","date_gmt":"2020-08-13T07:36:53","guid":{"rendered":"https:\/\/bolting.eu\/?post_type=product&#038;p=4548"},"modified":"2025-05-10T20:29:21","modified_gmt":"2025-05-10T18:29:21","slug":"wild-country-superlight-rocks","status":"publish","type":"product","link":"https:\/\/bolting.eu\/en\/shop\/wild-country-superlight-rocks\/","title":{"rendered":"Wild Country Superlight Rocks"},"content":{"rendered":"<p>Die Wild Country Superlight Rocks sind ein spezielles Klemmkeile Set. Es ist f\u00fcr Trad Kletterer bzw. zur Erg\u00e4nzung eines regul\u00e4ren Racks gedacht. Denn diese Keile sind sehr schmal. Folglich sind mit ihnen ganz andere Placements m\u00f6glich.<\/p>\n<p>Die kleinen Dimensionen sind nur aufgrund des einfachen Stahlkabels m\u00f6glich. Hierbei wird ein Kabel direkt in den schmalen Alu-Kopf eingel\u00f6tet. Somit sind die Keile nicht nur extrem sicher sondern auch \u00e4u\u00dferst leicht!<\/p>\n<p>Was die Superlights k\u00f6nnen, ist sich in sehr seichte Vertiefungen legen zu lassen. D.h. auch kleine Schuppen sowie &#8220;Noppen&#8221; oder seichte Schlitze k\u00f6nnen zur Absicherung genutzt werden. Somit werden viele weitere Felsformationen zu potentiellen Sicherungspunkten. Daher ist es wenig \u00fcberraschend dass sie haupts\u00e4chlich beim Trad Klettern eingesetzt werden.<\/p>\n<h2>Eigenschaften Wild Country Superlight Rocks<\/h2>\n<ul>\n<li>Hersteller: <a href=\"https:\/\/bolting.eu\/produkt-kategorie\/wild-country\/\">Wild Country<\/a><\/li>\n<li>Material: Alu bzw. verzinktes Stahlkabel<\/li>\n<li>Gr\u00f6\u00dfen: 1-6<\/li>\n<li>Gewicht: 119 Gramm<\/li>\n<li>EN Norm: EN 12270<\/li>\n<li>Bruchlast 4kN-6kN<\/li>\n<li>eloxierter Alu Kopf<\/li>\n<li>extrem schmal &#8211; superleicht<\/li>\n<li>leicht asymmetrisch f\u00fcr besseren Halt<\/li>\n<\/ul>\n<h3>Wozu Wild Country Superlight Rocks?<\/h3>\n<p><a href=\"https:\/\/bolting.eu\/wp-content\/uploads\/2020\/08\/Wild-Country-Superlight-Rocks-2.jpg\"><img loading=\"lazy\" decoding=\"async\" class=\"alignleft wp-image-4550\" src=\"https:\/\/bolting.eu\/wp-content\/uploads\/2020\/08\/Wild-Country-Superlight-Rocks-2-280x280.jpg\" alt=\"\" width=\"200\" height=\"200\" srcset=\"https:\/\/bolting.eu\/wp-content\/uploads\/2020\/08\/Wild-Country-Superlight-Rocks-2-280x280.jpg 280w, https:\/\/bolting.eu\/wp-content\/uploads\/2020\/08\/Wild-Country-Superlight-Rocks-2-247x247.jpg 247w, https:\/\/bolting.eu\/wp-content\/uploads\/2020\/08\/Wild-Country-Superlight-Rocks-2-100x100.jpg 100w, https:\/\/bolting.eu\/wp-content\/uploads\/2020\/08\/Wild-Country-Superlight-Rocks-2-510x510.jpg 510w, https:\/\/bolting.eu\/wp-content\/uploads\/2020\/08\/Wild-Country-Superlight-Rocks-2-400x400.jpg 400w, https:\/\/bolting.eu\/wp-content\/uploads\/2020\/08\/Wild-Country-Superlight-Rocks-2-300x300.jpg 300w, https:\/\/bolting.eu\/wp-content\/uploads\/2020\/08\/Wild-Country-Superlight-Rocks-2-600x600.jpg 600w, https:\/\/bolting.eu\/wp-content\/uploads\/2020\/08\/Wild-Country-Superlight-Rocks-2.jpg 700w\" sizes=\"auto, (max-width: 200px) 100vw, 200px\" \/><\/a>Dieses Klemmkeil Set\u00a0 ist eine sehr gute Erg\u00e4nzung zu einem normalen Keile Rack. Denn zum einen bekommt man sechs weitere Keile dazu. D.h. es lassen sich potentiell l\u00e4ngere Routen absichern. Zum anderen erh\u00e4lt man aber vor allem eine wesentlich breitere Range an Placement M\u00f6glichkeiten.<\/p>\n<p>Denn mit diesen Keilen auch seichte Schlitze nutzen. Oder anders ausgedr\u00fcckt. Mit den Superlights kann man sowohl viel mehr als auch ganz andere Placements nutzen!<\/p>\n<h3>Entscheidend ist der Fels!<\/h3>\n<p>Beachtet. Wie gut die Wild Country Superlight Rocks halten, h\u00e4ngt von mehreren Faktoren ab. Der wohl wichtigste dabei ist die Felsqualit\u00e4t!<\/p>\n<p>D.h. ihr m\u00fcsst neben einem soliden Placement vor allem den Fels pr\u00fcfen. Bestens geeignet sind in der Regel Granit und harter Sandstein, wie z.B. der Gritstone. Gut geeignet ist auch solider Kalk bzw. Dolomit.<\/p>\n<p>Besonders Acht geben m\u00fcsst ihr im splittrigen Fels, sowie weichem Sandstein. Dort sind Keile aber meist ohnehin tabu!<\/p>\n<h3>Wann sind Wild Country Superlight Rocks auszuscheiden?<\/h3>\n<p>Wenn Keile an den Drahtkabeln ausfransen, dann ist dies ein Indiz f\u00fcr beginnende Altersschw\u00e4che. Folglich ist das der Zeitpunkt \u00fcber einen Austausch nachzudenken. Denn selbst wenn die Keile immer noch funktionieren. Im Falle eines Sturzes nimmt die maximale Belastbarkeit ab! D.h. auf Zug bei einem selber gebauten Stand ist alles o.k. Bei einem harten Sturz mit maximalen Belastungen um die 6kN aber m\u00f6glicherweise nicht mehr.<\/p>\n<p>Deswegen. Tauscht eure Keile aus wenn sie offensichtlich in die Jahre gekommen sind.<\/p>\n<h4><strong>Link Tipp<\/strong><\/h4>\n<p>Weitere Informationen zum Thema Klemmkeile bzw. den Produkten findet ihr auf der Website des <a href=\"https:\/\/www.wildcountry.com\/de-at\/\" target=\"_blank\" rel=\"noopener noreferrer\">Herstellers<\/a><\/p>\n","protected":false},"excerpt":{"rendered":"<ul>\n<li>Hersteller: <a href=\"https:\/\/bolting.eu\/produkt-kategorie\/wild-country\/\">Wild Country<\/a><\/li>\n<li>Material: Alu bzw. verzinktes Stahlkabel<\/li>\n<li>Gr\u00f6\u00dfen: 1-6<\/li>\n<li>Gewicht: 119 Gramm<\/li>\n<li>EN Norm: EN 12270<\/li>\n<li>Bruchlast 4kN-6kN<\/li>\n<li>eloxierter Alu Kopf<\/li>\n<li>extrem schmal<\/li>\n<li>superleichtes Set<\/li>\n<li>leicht asymmetrisch f\u00fcr besseren Halt<\/li>\n<\/ul>\n","protected":false},"featured_media":4549,"comment_status":"open","ping_status":"closed","template":"","meta":[],"product_brand":[],"product_cat":[31,3712,4656],"product_tag":[265,4164],"class_list":{"0":"post-4548","1":"product","2":"type-product","3":"status-publish","4":"has-post-thumbnail","6":"product_cat-big-wall-ausruestung","7":"product_cat-klemmkeile","8":"product_cat-wild-country","9":"product_tag-big-wall-klettern","10":"product_tag-trad-klettern","12":"first","13":"instock","14":"taxable","15":"shipping-taxable","16":"purchasable","17":"product-type-simple"},"yoast_head":"<!-- This site is optimized with the Yoast SEO Premium plugin v26.9 (Yoast SEO v26.9) - https:\/\/yoast.com\/product\/yoast-seo-premium-wordpress\/ -->\n<title>Wild Country Superlight Rocks g\u00fcnstig online kaufen | bolting.eu<\/title>\n<meta name=\"description\" content=\"Hier findet ihr die WILD COUNTRY SUPERLIGHT ROCKS Klemmkeile. \u2705 14 Tage R\u00fcckgaberecht \u2705 versandfrei* ab \u20ac 100,- \u2705 Kaufberatung \u2705 Fachh\u00e4ndler aus \u00d6sterreich\" \/>\n<meta name=\"robots\" content=\"index, follow, max-snippet:-1, max-image-preview:large, max-video-preview:-1\" \/>\n<link rel=\"canonical\" href=\"https:\/\/bolting.eu\/en\/shop\/wild-country-superlight-rocks\/\" \/>\n<meta property=\"og:locale\" content=\"en_US\" \/>\n<meta property=\"og:type\" content=\"article\" \/>\n<meta property=\"og:title\" content=\"Wild Country Superlight Rocks\" \/>\n<meta property=\"og:description\" content=\"Hier findet ihr die WILD COUNTRY SUPERLIGHT ROCKS Klemmkeile. \u2705 14 Tage R\u00fcckgaberecht \u2705 versandfrei* ab \u20ac 100,- \u2705 Kaufberatung \u2705 Fachh\u00e4ndler aus \u00d6sterreich\" \/>\n<meta property=\"og:url\" content=\"https:\/\/bolting.eu\/en\/shop\/wild-country-superlight-rocks\/\" \/>\n<meta property=\"og:site_name\" content=\"bolting.eu\" \/>\n<meta property=\"article:publisher\" content=\"https:\/\/www.facebook.com\/bolting.eu\" \/>\n<meta property=\"article:modified_time\" content=\"2025-05-10T18:29:21+00:00\" \/>\n<meta property=\"og:image\" content=\"https:\/\/bolting.eu\/wp-content\/uploads\/2020\/08\/Wild-Country-Superlight-Rocks.jpg\" \/>\n\t<meta property=\"og:image:width\" content=\"700\" \/>\n\t<meta property=\"og:image:height\" content=\"700\" \/>\n\t<meta property=\"og:image:type\" content=\"image\/jpeg\" \/>\n<meta name=\"twitter:card\" content=\"summary_large_image\" \/>\n<meta name=\"twitter:label1\" content=\"Price\" \/>\n\t<meta name=\"twitter:data1\" content=\"&euro;&nbsp;74,90\" \/>\n\t<meta name=\"twitter:label2\" content=\"Availability\" \/>\n\t<meta name=\"twitter:data2\" content=\"In stock\" \/>\n<script type=\"application\/ld+json\" class=\"yoast-schema-graph\">{\"@context\":\"https:\/\/schema.org\",\"@graph\":[{\"@type\":[\"WebPage\",\"ItemPage\"],\"@id\":\"https:\/\/bolting.eu\/en\/shop\/wild-country-superlight-rocks\/\",\"url\":\"https:\/\/bolting.eu\/en\/shop\/wild-country-superlight-rocks\/\",\"name\":\"Wild Country Superlight Rocks g\u00fcnstig online kaufen | bolting.eu\",\"isPartOf\":{\"@id\":\"https:\/\/bolting.eu\/en\/#website\"},\"primaryImageOfPage\":{\"@id\":\"https:\/\/bolting.eu\/en\/shop\/wild-country-superlight-rocks\/#primaryimage\"},\"image\":{\"@id\":\"https:\/\/bolting.eu\/en\/shop\/wild-country-superlight-rocks\/#primaryimage\"},\"thumbnailUrl\":\"https:\/\/bolting.eu\/wp-content\/uploads\/2020\/08\/Wild-Country-Superlight-Rocks.jpg\",\"datePublished\":\"2020-08-13T07:36:53+00:00\",\"dateModified\":\"2025-05-10T18:29:21+00:00\",\"description\":\"Hier findet ihr die WILD COUNTRY SUPERLIGHT ROCKS Klemmkeile. \u2705 14 Tage R\u00fcckgaberecht \u2705 versandfrei* ab \u20ac 100,- \u2705 Kaufberatung \u2705 Fachh\u00e4ndler aus \u00d6sterreich\",\"breadcrumb\":{\"@id\":\"https:\/\/bolting.eu\/en\/shop\/wild-country-superlight-rocks\/#breadcrumb\"},\"inLanguage\":\"en-US\",\"potentialAction\":[{\"@type\":\"ReadAction\",\"target\":[\"https:\/\/bolting.eu\/en\/shop\/wild-country-superlight-rocks\/\"]}]},{\"@type\":\"ImageObject\",\"inLanguage\":\"en-US\",\"@id\":\"https:\/\/bolting.eu\/en\/shop\/wild-country-superlight-rocks\/#primaryimage\",\"url\":\"https:\/\/bolting.eu\/wp-content\/uploads\/2020\/08\/Wild-Country-Superlight-Rocks.jpg\",\"contentUrl\":\"https:\/\/bolting.eu\/wp-content\/uploads\/2020\/08\/Wild-Country-Superlight-Rocks.jpg\",\"width\":700,\"height\":700,\"caption\":\"Das Bild zeigt die Wild Country Superlight Rocks. Die einzelnen Klemmkeil stehen nebeneinander aufgereiht in Bildmitte. Man erkennt die sechs verschiedenen Keile und ihre bunten Alu K\u00f6pfe.\"},{\"@type\":\"BreadcrumbList\",\"@id\":\"https:\/\/bolting.eu\/en\/shop\/wild-country-superlight-rocks\/#breadcrumb\",\"itemListElement\":[{\"@type\":\"ListItem\",\"position\":1,\"name\":\"Shop\",\"item\":\"https:\/\/bolting.eu\/en\/shop\/\"},{\"@type\":\"ListItem\",\"position\":2,\"name\":\"Klemmkeile\",\"item\":\"https:\/\/bolting.eu\/produkt-kategorie\/klemmkeile\/\"},{\"@type\":\"ListItem\",\"position\":3,\"name\":\"Wild Country Superlight Rocks\"}]},{\"@type\":\"WebSite\",\"@id\":\"https:\/\/bolting.eu\/en\/#website\",\"url\":\"https:\/\/bolting.eu\/en\/\",\"name\":\"bolting.eu\",\"description\":\"we make climbs happen\",\"publisher\":{\"@id\":\"https:\/\/bolting.eu\/en\/#organization\"},\"potentialAction\":[{\"@type\":\"SearchAction\",\"target\":{\"@type\":\"EntryPoint\",\"urlTemplate\":\"https:\/\/bolting.eu\/en\/?s={search_term_string}\"},\"query-input\":{\"@type\":\"PropertyValueSpecification\",\"valueRequired\":true,\"valueName\":\"search_term_string\"}}],\"inLanguage\":\"en-US\"},{\"@type\":[\"Organization\",\"Place\",\"SportingGoodsStore\"],\"@id\":\"https:\/\/bolting.eu\/en\/#organization\",\"name\":\"bolting.eu\",\"url\":\"https:\/\/bolting.eu\/en\/\",\"logo\":{\"@id\":\"https:\/\/bolting.eu\/en\/shop\/wild-country-superlight-rocks\/#local-main-organization-logo\"},\"image\":{\"@id\":\"https:\/\/bolting.eu\/en\/shop\/wild-country-superlight-rocks\/#local-main-organization-logo\"},\"sameAs\":[\"https:\/\/www.facebook.com\/bolting.eu\",\"https:\/\/www.instagram.com\/bolting.eu\/\"],\"address\":{\"@id\":\"https:\/\/bolting.eu\/en\/shop\/wild-country-superlight-rocks\/#local-main-place-address\"},\"geo\":{\"@type\":\"GeoCoordinates\",\"latitude\":\"47.264176340396226\",\"longitude\":\"11.380109057672346\"},\"telephone\":[\"+43 699 19083372\"],\"openingHoursSpecification\":[{\"@type\":\"OpeningHoursSpecification\",\"dayOfWeek\":[\"Monday\",\"Wednesday\",\"Friday\"],\"opens\":\"14:00\",\"closes\":\"18:00\"},{\"@type\":\"OpeningHoursSpecification\",\"dayOfWeek\":[\"Tuesday\",\"Thursday\",\"Saturday\",\"Sunday\"],\"opens\":\"00:00\",\"closes\":\"00:00\"}],\"email\":\"office@bolting.eu\",\"vatID\":\"ATU59999728\",\"priceRange\":\"$$\",\"currenciesAccepted\":\"Euro\"},{\"@type\":\"PostalAddress\",\"@id\":\"https:\/\/bolting.eu\/en\/shop\/wild-country-superlight-rocks\/#local-main-place-address\",\"streetAddress\":\"Fischnalerstra\u00dfe 4\",\"addressLocality\":\"Innsbruck\",\"postalCode\":\"6020\",\"addressRegion\":\"Tirol\",\"addressCountry\":\"AT\"},{\"@type\":\"ImageObject\",\"inLanguage\":\"en-US\",\"@id\":\"https:\/\/bolting.eu\/en\/shop\/wild-country-superlight-rocks\/#local-main-organization-logo\",\"url\":\"https:\/\/bolting.eu\/wp-content\/uploads\/2019\/09\/bolting-logo.png\",\"contentUrl\":\"https:\/\/bolting.eu\/wp-content\/uploads\/2019\/09\/bolting-logo.png\",\"width\":400,\"height\":211,\"caption\":\"bolting.eu\"}]}<\/script>\n<meta property=\"product:price:amount\" content=\"74.90\" \/>\n<meta property=\"product:price:currency\" content=\"EUR\" \/>\n<meta property=\"og:availability\" content=\"instock\" \/>\n<meta property=\"product:availability\" content=\"instock\" \/>\n<meta property=\"product:retailer_item_id\" content=\"40-RSLSET\" \/>\n<meta property=\"product:condition\" content=\"new\" \/>\n<meta name=\"geo.placename\" content=\"Innsbruck\" \/>\n<meta name=\"geo.position\" content=\"47.264176340396226;11.380109057672346\" \/>\n<meta name=\"geo.region\" content=\"Austria\" \/>\n<!-- \/ Yoast SEO Premium plugin. -->","yoast_head_json":{"title":"Wild Country Superlight Rocks g\u00fcnstig online kaufen | bolting.eu","description":"Hier findet ihr die WILD COUNTRY SUPERLIGHT ROCKS Klemmkeile. \u2705 14 Tage R\u00fcckgaberecht \u2705 versandfrei* ab \u20ac 100,- \u2705 Kaufberatung \u2705 Fachh\u00e4ndler aus \u00d6sterreich","robots":{"index":"index","follow":"follow","max-snippet":"max-snippet:-1","max-image-preview":"max-image-preview:large","max-video-preview":"max-video-preview:-1"},"canonical":"https:\/\/bolting.eu\/en\/shop\/wild-country-superlight-rocks\/","og_locale":"en_US","og_type":"article","og_title":"Wild Country Superlight Rocks","og_description":"Hier findet ihr die WILD COUNTRY SUPERLIGHT ROCKS Klemmkeile. \u2705 14 Tage R\u00fcckgaberecht \u2705 versandfrei* ab \u20ac 100,- \u2705 Kaufberatung \u2705 Fachh\u00e4ndler aus \u00d6sterreich","og_url":"https:\/\/bolting.eu\/en\/shop\/wild-country-superlight-rocks\/","og_site_name":"bolting.eu","article_publisher":"https:\/\/www.facebook.com\/bolting.eu","article_modified_time":"2025-05-10T18:29:21+00:00","og_image":[{"width":700,"height":700,"url":"https:\/\/bolting.eu\/wp-content\/uploads\/2020\/08\/Wild-Country-Superlight-Rocks.jpg","type":"image\/jpeg"}],"twitter_card":"summary_large_image","twitter_misc":{"Price":"&euro;&nbsp;74,90","Availability":"In stock"},"schema":{"@context":"https:\/\/schema.org","@graph":[{"@type":["WebPage","ItemPage"],"@id":"https:\/\/bolting.eu\/en\/shop\/wild-country-superlight-rocks\/","url":"https:\/\/bolting.eu\/en\/shop\/wild-country-superlight-rocks\/","name":"Wild Country Superlight Rocks g\u00fcnstig online kaufen | bolting.eu","isPartOf":{"@id":"https:\/\/bolting.eu\/en\/#website"},"primaryImageOfPage":{"@id":"https:\/\/bolting.eu\/en\/shop\/wild-country-superlight-rocks\/#primaryimage"},"image":{"@id":"https:\/\/bolting.eu\/en\/shop\/wild-country-superlight-rocks\/#primaryimage"},"thumbnailUrl":"https:\/\/bolting.eu\/wp-content\/uploads\/2020\/08\/Wild-Country-Superlight-Rocks.jpg","datePublished":"2020-08-13T07:36:53+00:00","dateModified":"2025-05-10T18:29:21+00:00","description":"Hier findet ihr die WILD COUNTRY SUPERLIGHT ROCKS Klemmkeile. \u2705 14 Tage R\u00fcckgaberecht \u2705 versandfrei* ab \u20ac 100,- \u2705 Kaufberatung \u2705 Fachh\u00e4ndler aus \u00d6sterreich","breadcrumb":{"@id":"https:\/\/bolting.eu\/en\/shop\/wild-country-superlight-rocks\/#breadcrumb"},"inLanguage":"en-US","potentialAction":[{"@type":"ReadAction","target":["https:\/\/bolting.eu\/en\/shop\/wild-country-superlight-rocks\/"]}]},{"@type":"ImageObject","inLanguage":"en-US","@id":"https:\/\/bolting.eu\/en\/shop\/wild-country-superlight-rocks\/#primaryimage","url":"https:\/\/bolting.eu\/wp-content\/uploads\/2020\/08\/Wild-Country-Superlight-Rocks.jpg","contentUrl":"https:\/\/bolting.eu\/wp-content\/uploads\/2020\/08\/Wild-Country-Superlight-Rocks.jpg","width":700,"height":700,"caption":"Das Bild zeigt die Wild Country Superlight Rocks. Die einzelnen Klemmkeil stehen nebeneinander aufgereiht in Bildmitte. Man erkennt die sechs verschiedenen Keile und ihre bunten Alu K\u00f6pfe."},{"@type":"BreadcrumbList","@id":"https:\/\/bolting.eu\/en\/shop\/wild-country-superlight-rocks\/#breadcrumb","itemListElement":[{"@type":"ListItem","position":1,"name":"Shop","item":"https:\/\/bolting.eu\/en\/shop\/"},{"@type":"ListItem","position":2,"name":"Klemmkeile","item":"https:\/\/bolting.eu\/produkt-kategorie\/klemmkeile\/"},{"@type":"ListItem","position":3,"name":"Wild Country Superlight Rocks"}]},{"@type":"WebSite","@id":"https:\/\/bolting.eu\/en\/#website","url":"https:\/\/bolting.eu\/en\/","name":"bolting.eu","description":"we make climbs happen","publisher":{"@id":"https:\/\/bolting.eu\/en\/#organization"},"potentialAction":[{"@type":"SearchAction","target":{"@type":"EntryPoint","urlTemplate":"https:\/\/bolting.eu\/en\/?s={search_term_string}"},"query-input":{"@type":"PropertyValueSpecification","valueRequired":true,"valueName":"search_term_string"}}],"inLanguage":"en-US"},{"@type":["Organization","Place","SportingGoodsStore"],"@id":"https:\/\/bolting.eu\/en\/#organization","name":"bolting.eu","url":"https:\/\/bolting.eu\/en\/","logo":{"@id":"https:\/\/bolting.eu\/en\/shop\/wild-country-superlight-rocks\/#local-main-organization-logo"},"image":{"@id":"https:\/\/bolting.eu\/en\/shop\/wild-country-superlight-rocks\/#local-main-organization-logo"},"sameAs":["https:\/\/www.facebook.com\/bolting.eu","https:\/\/www.instagram.com\/bolting.eu\/"],"address":{"@id":"https:\/\/bolting.eu\/en\/shop\/wild-country-superlight-rocks\/#local-main-place-address"},"geo":{"@type":"GeoCoordinates","latitude":"47.264176340396226","longitude":"11.380109057672346"},"telephone":["+43 699 19083372"],"openingHoursSpecification":[{"@type":"OpeningHoursSpecification","dayOfWeek":["Monday","Wednesday","Friday"],"opens":"14:00","closes":"18:00"},{"@type":"OpeningHoursSpecification","dayOfWeek":["Tuesday","Thursday","Saturday","Sunday"],"opens":"00:00","closes":"00:00"}],"email":"office@bolting.eu","vatID":"ATU59999728","priceRange":"$$","currenciesAccepted":"Euro"},{"@type":"PostalAddress","@id":"https:\/\/bolting.eu\/en\/shop\/wild-country-superlight-rocks\/#local-main-place-address","streetAddress":"Fischnalerstra\u00dfe 4","addressLocality":"Innsbruck","postalCode":"6020","addressRegion":"Tirol","addressCountry":"AT"},{"@type":"ImageObject","inLanguage":"en-US","@id":"https:\/\/bolting.eu\/en\/shop\/wild-country-superlight-rocks\/#local-main-organization-logo","url":"https:\/\/bolting.eu\/wp-content\/uploads\/2019\/09\/bolting-logo.png","contentUrl":"https:\/\/bolting.eu\/wp-content\/uploads\/2019\/09\/bolting-logo.png","width":400,"height":211,"caption":"bolting.eu"}]},"product_price_amount":"74.90","product_price_currency":"EUR","og_availability":"instock","product_availability":"instock","product_retailer_item_id":"40-RSLSET","product_condition":"new","geo.placename":"Innsbruck","geo.position":{"lat":"47.264176340396226","long":"11.380109057672346"},"geo.region":"Austria"},"_links":{"self":[{"href":"https:\/\/bolting.eu\/en\/wp-json\/wp\/v2\/product\/4548","targetHints":{"allow":["GET"]}}],"collection":[{"href":"https:\/\/bolting.eu\/en\/wp-json\/wp\/v2\/product"}],"about":[{"href":"https:\/\/bolting.eu\/en\/wp-json\/wp\/v2\/types\/product"}],"replies":[{"embeddable":true,"href":"https:\/\/bolting.eu\/en\/wp-json\/wp\/v2\/comments?post=4548"}],"wp:featuredmedia":[{"embeddable":true,"href":"https:\/\/bolting.eu\/en\/wp-json\/wp\/v2\/media\/4549"}],"wp:attachment":[{"href":"https:\/\/bolting.eu\/en\/wp-json\/wp\/v2\/media?parent=4548"}],"wp:term":[{"taxonomy":"product_brand","embeddable":true,"href":"https:\/\/bolting.eu\/en\/wp-json\/wp\/v2\/product_brand?post=4548"},{"taxonomy":"product_cat","embeddable":true,"href":"https:\/\/bolting.eu\/en\/wp-json\/wp\/v2\/product_cat?post=4548"},{"taxonomy":"product_tag","embeddable":true,"href":"https:\/\/bolting.eu\/en\/wp-json\/wp\/v2\/product_tag?post=4548"}],"curies":[{"name":"wp","href":"https:\/\/api.w.org\/{rel}","templated":true}]}}