{"id":4519,"date":"2020-08-12T22:47:19","date_gmt":"2020-08-12T20:47:19","guid":{"rendered":"https:\/\/bolting.eu\/?post_type=product&#038;p=4519"},"modified":"2025-08-29T18:19:33","modified_gmt":"2025-08-29T16:19:33","slug":"wild-country-pro-key","status":"publish","type":"product","link":"https:\/\/bolting.eu\/en\/shop\/wild-country-pro-key\/","title":{"rendered":"Wild Country Pro Key"},"content":{"rendered":"<p>Der Wild Country Pro Key ist ein klasse <a href=\"https:\/\/bolting.eu\/produkt-kategorie\/klemmkeile\/klemmkeilentferner\/\">Klemmkeilentferner<\/a>. Denn wurden viele funktionelle Details ber\u00fccksichtigt.<\/p>\n<p>Erstens ist er aus richtig festem, 3mm dickem Stahlblech gemacht. Das gibt ihm ordentlich Stabilit\u00e4t. So kann man auch mal unbeschwert mit dem Hammer nachhelfen, wenn sich ein <a href=\"https:\/\/bolting.eu\/produkt-kategorie\/klemmkeile\/\">Klemmkeil<\/a> nicht l\u00f6sen l\u00e4sst. Daf\u00fcr hat das Ende des Griffes auch extra einen kleinen Flansch. Zweitens hat er eine richtig gute L\u00e4nge. Zum einen lang genug um auch tief liegende Placements zu erreichen. Zum anderen aber auch so kurz, dass er am Gurt nicht st\u00f6rt.<\/p>\n<p>Apropos Gurt. Darin kann das Nut Tool drittens direkt eingeh\u00e4ngt werden. Und viertens kann der Pro Key mit der integrierten Leash bzw. dem Fangkarabiner niemals verloren gehen.<\/p>\n<h2>Eigenschaften Wild Country Pro Key<\/h2>\n<ul>\n<li>Hersteller: <a href=\"https:\/\/bolting.eu\/produkt-kategorie\/wild-country\/\">Wild Country<\/a><\/li>\n<li>Material: Edelstahl<\/li>\n<li>Gewicht: 109 Gramm<\/li>\n<li>inkl. Leash und Fangkarabiner<\/li>\n<li>Drahtschnapper zur Befestigung am Gurt<\/li>\n<li>liegt perfekt in der Hand<\/li>\n<li>d\u00fcnne Spitze f\u00fcr kleinste Risse<\/li>\n<\/ul>\n<h3>Ein Klemmkeilentferner deluxe<\/h3>\n<p>Der Wild Country Pro Key ist ein besonders aufwendig gestaltetes Nut Tool. Wir haben ja bereits einige Features in der Einleitung erw\u00e4hnt. Insgesamt ist der Klemmkeilentferner wohl der edelste am gesamten Markt. Denn sowohl Design, Funktion wie auch Verarbeitung passen hier perfekt zusammen.<\/p>\n<p><a href=\"https:\/\/bolting.eu\/wp-content\/uploads\/2020\/08\/Wild-country-Pro-Key-3.jpg\"><img loading=\"lazy\" decoding=\"async\" class=\"size-thumbnail wp-image-4527 alignleft\" src=\"https:\/\/bolting.eu\/wp-content\/uploads\/2020\/08\/Wild-country-Pro-Key-3-280x280.jpg\" alt=\"Das Bild zeigt das verst\u00e4rkte Ende des Griffes beim Wild Country Pro Key. Man erkennt sofort die Funktion des Flansches, wo man fest andr\u00fccken kann.\" width=\"280\" height=\"280\" srcset=\"https:\/\/bolting.eu\/wp-content\/uploads\/2020\/08\/Wild-country-Pro-Key-3-280x280.jpg 280w, https:\/\/bolting.eu\/wp-content\/uploads\/2020\/08\/Wild-country-Pro-Key-3-100x100.jpg 100w, https:\/\/bolting.eu\/wp-content\/uploads\/2020\/08\/Wild-country-Pro-Key-3-510x510.jpg 510w, https:\/\/bolting.eu\/wp-content\/uploads\/2020\/08\/Wild-country-Pro-Key-3-400x400.jpg 400w, https:\/\/bolting.eu\/wp-content\/uploads\/2020\/08\/Wild-country-Pro-Key-3-300x300.jpg 300w, https:\/\/bolting.eu\/wp-content\/uploads\/2020\/08\/Wild-country-Pro-Key-3-600x600.jpg 600w, https:\/\/bolting.eu\/wp-content\/uploads\/2020\/08\/Wild-country-Pro-Key-3.jpg 700w\" sizes=\"auto, (max-width: 280px) 100vw, 280px\" \/><\/a>Besonders klasse finden wir den Flansch am Ende des Griffes. Denn dieses Feature erm\u00f6glicht zwei Dinge.<\/p>\n<p>Zum einen kann man das Nut Tool fest einhalten und ordentlich andr\u00fccken. Hierbei tun einem nicht gleich die Finger weh wie bei anderen Herstellern. Und zum anderen kann auch schon mal mit dem Hammer nachhelfen. Die breite Fl\u00e4che ist ideal um gef\u00fchlvoll drauf zu schlagen. \u00dcbrigens! Wer keinen Hammer dabei hat kann gerne auch einen gr\u00f6\u00dferen Friend als Hilfsmittel verwenden.<\/p>\n<h3>Wild Country Pro Key &#8211; auch f\u00fcr Friends<\/h3>\n<p>Wir haben es hier zwar mit einem Klemmkeilentferner zu tun. Aber man kann ihn auch bei feststeckenden <a href=\"https:\/\/bolting.eu\/produkt-kategorie\/kletterausruestung\/klemmgeraete-friends\/\">Friends<\/a> prima verwenden. Denn die d\u00fcnne Spitze hat daf\u00fcr einen extra Haken. Damit kann man ideal um die Klemmsegmente herum fahren um daran zu ziehen. \u00dcberdies kann man bei &#8220;gewanderten Friends&#8221; versuchen, die Trigger anzuziehen. Somit lassen sich manchmal steckende Friends wieder l\u00f6sen.<\/p>\n<h4><strong>Link Tipp<\/strong><\/h4>\n<p>Mehr zum Thema Klemmkeile und Klemmkeilentferner gibt es in diesem <a href=\"https:\/\/www.youtube.com\/watch?v=8ia6byVFIls&amp;t=53s\" target=\"_blank\" rel=\"noopener noreferrer\">Youtube Erkl\u00e4rungsvideo<\/a><\/p>\n","protected":false},"excerpt":{"rendered":"<p>Super durchdachter Klemmkeilentferner mit Gummiband und Minikarabiner.<\/p>\n<p>Dieses Modell kann einem somit nicht hinunter fallen. Auch ideal zum L\u00f6sen feststeckender Friends.<\/p>\n<p>Versandkostenfrei bis 2kg in <img decoding=\"async\" class=\"emoji\" role=\"img\" draggable=\"false\" src=\"https:\/\/s.w.org\/images\/core\/emoji\/14.0.0\/svg\/1f1e6-1f1f9.svg\" alt=\"\ud83c\udde6\ud83c\uddf9\" \/> ab \u20ac 100,- und <img decoding=\"async\" class=\"emoji\" role=\"img\" draggable=\"false\" src=\"https:\/\/s.w.org\/images\/core\/emoji\/14.0.0\/svg\/1f1e9-1f1ea.svg\" alt=\"\ud83c\udde9\ud83c\uddea\" \/> ab \u20ac 200,-!<\/p>\n","protected":false},"featured_media":4520,"comment_status":"open","ping_status":"closed","template":"","meta":[],"product_brand":[],"product_cat":[14248,4656],"product_tag":[],"class_list":{"0":"post-4519","1":"product","2":"type-product","3":"status-publish","4":"has-post-thumbnail","6":"product_cat-klemmkeilentferner","7":"product_cat-wild-country","9":"first","10":"instock","11":"taxable","12":"shipping-taxable","13":"purchasable","14":"product-type-simple"},"yoast_head":"<!-- This site is optimized with the Yoast SEO Premium plugin v26.9 (Yoast SEO v26.9) - https:\/\/yoast.com\/product\/yoast-seo-premium-wordpress\/ -->\n<title>Wild Country Pro Key Klemmkeilentferner g\u00fcnstig online kaufen | bolting.eu<\/title>\n<meta name=\"description\" content=\"WILD COUNTRY PRO KEY Klemmkeilentferner beim Kletterprofi kaufen \u2705 Trusted Shop \u2705 kostenloser Versand* \u2705 14 Tage R\u00fcckgaberecht \u2705 Co2 neutrale Zustellung\" \/>\n<meta name=\"robots\" content=\"index, follow, max-snippet:-1, max-image-preview:large, max-video-preview:-1\" \/>\n<link rel=\"canonical\" href=\"https:\/\/bolting.eu\/en\/shop\/wild-country-pro-key\/\" \/>\n<meta property=\"og:locale\" content=\"en_US\" \/>\n<meta property=\"og:type\" content=\"article\" \/>\n<meta property=\"og:title\" content=\"Wild Country Pro Key\" \/>\n<meta property=\"og:description\" content=\"WILD COUNTRY PRO KEY Klemmkeilentferner beim Kletterprofi kaufen \u2705 Trusted Shop \u2705 kostenloser Versand* \u2705 14 Tage R\u00fcckgaberecht \u2705 Co2 neutrale Zustellung\" \/>\n<meta property=\"og:url\" content=\"https:\/\/bolting.eu\/en\/shop\/wild-country-pro-key\/\" \/>\n<meta property=\"og:site_name\" content=\"bolting.eu\" \/>\n<meta property=\"article:publisher\" content=\"https:\/\/www.facebook.com\/bolting.eu\" \/>\n<meta property=\"article:modified_time\" content=\"2025-08-29T16:19:33+00:00\" \/>\n<meta property=\"og:image\" content=\"https:\/\/bolting.eu\/wp-content\/uploads\/2020\/08\/Wild-country-Pro-Key.jpg\" \/>\n\t<meta property=\"og:image:width\" content=\"700\" \/>\n\t<meta property=\"og:image:height\" content=\"700\" \/>\n\t<meta property=\"og:image:type\" content=\"image\/jpeg\" \/>\n<meta name=\"twitter:card\" content=\"summary_large_image\" \/>\n<meta name=\"twitter:label1\" content=\"Price\" \/>\n\t<meta name=\"twitter:data1\" content=\"&euro;&nbsp;23,00\" \/>\n\t<meta name=\"twitter:label2\" content=\"Availability\" \/>\n\t<meta name=\"twitter:data2\" content=\"In stock\" \/>\n<script type=\"application\/ld+json\" class=\"yoast-schema-graph\">{\"@context\":\"https:\/\/schema.org\",\"@graph\":[{\"@type\":[\"WebPage\",\"ItemPage\"],\"@id\":\"https:\/\/bolting.eu\/en\/shop\/wild-country-pro-key\/\",\"url\":\"https:\/\/bolting.eu\/en\/shop\/wild-country-pro-key\/\",\"name\":\"Wild Country Pro Key Klemmkeilentferner g\u00fcnstig online kaufen | bolting.eu\",\"isPartOf\":{\"@id\":\"https:\/\/bolting.eu\/en\/#website\"},\"primaryImageOfPage\":{\"@id\":\"https:\/\/bolting.eu\/en\/shop\/wild-country-pro-key\/#primaryimage\"},\"image\":{\"@id\":\"https:\/\/bolting.eu\/en\/shop\/wild-country-pro-key\/#primaryimage\"},\"thumbnailUrl\":\"https:\/\/bolting.eu\/wp-content\/uploads\/2020\/08\/Wild-country-Pro-Key.jpg\",\"datePublished\":\"2020-08-12T20:47:19+00:00\",\"dateModified\":\"2025-08-29T16:19:33+00:00\",\"description\":\"WILD COUNTRY PRO KEY Klemmkeilentferner beim Kletterprofi kaufen \u2705 Trusted Shop \u2705 kostenloser Versand* \u2705 14 Tage R\u00fcckgaberecht \u2705 Co2 neutrale Zustellung\",\"breadcrumb\":{\"@id\":\"https:\/\/bolting.eu\/en\/shop\/wild-country-pro-key\/#breadcrumb\"},\"inLanguage\":\"en-US\",\"potentialAction\":[{\"@type\":\"ReadAction\",\"target\":[\"https:\/\/bolting.eu\/en\/shop\/wild-country-pro-key\/\"]}]},{\"@type\":\"ImageObject\",\"inLanguage\":\"en-US\",\"@id\":\"https:\/\/bolting.eu\/en\/shop\/wild-country-pro-key\/#primaryimage\",\"url\":\"https:\/\/bolting.eu\/wp-content\/uploads\/2020\/08\/Wild-country-Pro-Key.jpg\",\"contentUrl\":\"https:\/\/bolting.eu\/wp-content\/uploads\/2020\/08\/Wild-country-Pro-Key.jpg\",\"width\":700,\"height\":700,\"caption\":\"Das Bild zeigt ein Wild Country Pro Key Klemmkeilentferner. Er liegt schr\u00e4g in der Mitte eines wei\u00dfen Quadrates. Man erkennt alle Produktdetails des silbernen Produktes sowie die schwarze Spiralleine mit dem Fixierkarabiner als Absturzsicherung.\"},{\"@type\":\"BreadcrumbList\",\"@id\":\"https:\/\/bolting.eu\/en\/shop\/wild-country-pro-key\/#breadcrumb\",\"itemListElement\":[{\"@type\":\"ListItem\",\"position\":1,\"name\":\"Shop\",\"item\":\"https:\/\/bolting.eu\/en\/shop\/\"},{\"@type\":\"ListItem\",\"position\":2,\"name\":\"Klemmkeile\",\"item\":\"https:\/\/bolting.eu\/produkt-kategorie\/klemmkeile\/\"},{\"@type\":\"ListItem\",\"position\":3,\"name\":\"nut tool\",\"item\":\"https:\/\/bolting.eu\/en\/produkt-kategorie\/nut-tool\/\"},{\"@type\":\"ListItem\",\"position\":4,\"name\":\"Wild Country Pro Key\"}]},{\"@type\":\"WebSite\",\"@id\":\"https:\/\/bolting.eu\/en\/#website\",\"url\":\"https:\/\/bolting.eu\/en\/\",\"name\":\"bolting.eu\",\"description\":\"we make climbs happen\",\"publisher\":{\"@id\":\"https:\/\/bolting.eu\/en\/#organization\"},\"potentialAction\":[{\"@type\":\"SearchAction\",\"target\":{\"@type\":\"EntryPoint\",\"urlTemplate\":\"https:\/\/bolting.eu\/en\/?s={search_term_string}\"},\"query-input\":{\"@type\":\"PropertyValueSpecification\",\"valueRequired\":true,\"valueName\":\"search_term_string\"}}],\"inLanguage\":\"en-US\"},{\"@type\":[\"Organization\",\"Place\",\"SportingGoodsStore\"],\"@id\":\"https:\/\/bolting.eu\/en\/#organization\",\"name\":\"bolting.eu\",\"url\":\"https:\/\/bolting.eu\/en\/\",\"logo\":{\"@id\":\"https:\/\/bolting.eu\/en\/shop\/wild-country-pro-key\/#local-main-organization-logo\"},\"image\":{\"@id\":\"https:\/\/bolting.eu\/en\/shop\/wild-country-pro-key\/#local-main-organization-logo\"},\"sameAs\":[\"https:\/\/www.facebook.com\/bolting.eu\",\"https:\/\/www.instagram.com\/bolting.eu\/\"],\"address\":{\"@id\":\"https:\/\/bolting.eu\/en\/shop\/wild-country-pro-key\/#local-main-place-address\"},\"geo\":{\"@type\":\"GeoCoordinates\",\"latitude\":\"47.264176340396226\",\"longitude\":\"11.380109057672346\"},\"telephone\":[\"+43 699 19083372\"],\"openingHoursSpecification\":[{\"@type\":\"OpeningHoursSpecification\",\"dayOfWeek\":[\"Monday\",\"Wednesday\",\"Friday\"],\"opens\":\"14:00\",\"closes\":\"18:00\"},{\"@type\":\"OpeningHoursSpecification\",\"dayOfWeek\":[\"Tuesday\",\"Thursday\",\"Saturday\",\"Sunday\"],\"opens\":\"00:00\",\"closes\":\"00:00\"}],\"email\":\"office@bolting.eu\",\"vatID\":\"ATU59999728\",\"priceRange\":\"$$\",\"currenciesAccepted\":\"Euro\"},{\"@type\":\"PostalAddress\",\"@id\":\"https:\/\/bolting.eu\/en\/shop\/wild-country-pro-key\/#local-main-place-address\",\"streetAddress\":\"Fischnalerstra\u00dfe 4\",\"addressLocality\":\"Innsbruck\",\"postalCode\":\"6020\",\"addressRegion\":\"Tirol\",\"addressCountry\":\"AT\"},{\"@type\":\"ImageObject\",\"inLanguage\":\"en-US\",\"@id\":\"https:\/\/bolting.eu\/en\/shop\/wild-country-pro-key\/#local-main-organization-logo\",\"url\":\"https:\/\/bolting.eu\/wp-content\/uploads\/2019\/09\/bolting-logo.png\",\"contentUrl\":\"https:\/\/bolting.eu\/wp-content\/uploads\/2019\/09\/bolting-logo.png\",\"width\":400,\"height\":211,\"caption\":\"bolting.eu\"}]}<\/script>\n<meta property=\"product:price:amount\" content=\"23.00\" \/>\n<meta property=\"product:price:currency\" content=\"EUR\" \/>\n<meta property=\"og:availability\" content=\"instock\" \/>\n<meta property=\"product:availability\" content=\"instock\" \/>\n<meta property=\"product:retailer_item_id\" content=\"40-PROKEYLSH\" \/>\n<meta property=\"product:condition\" content=\"new\" \/>\n<meta name=\"geo.placename\" content=\"Innsbruck\" \/>\n<meta name=\"geo.position\" content=\"47.264176340396226;11.380109057672346\" \/>\n<meta name=\"geo.region\" content=\"Austria\" \/>\n<!-- \/ Yoast SEO Premium plugin. -->","yoast_head_json":{"title":"Wild Country Pro Key Klemmkeilentferner g\u00fcnstig online kaufen | bolting.eu","description":"WILD COUNTRY PRO KEY Klemmkeilentferner beim Kletterprofi kaufen \u2705 Trusted Shop \u2705 kostenloser Versand* \u2705 14 Tage R\u00fcckgaberecht \u2705 Co2 neutrale Zustellung","robots":{"index":"index","follow":"follow","max-snippet":"max-snippet:-1","max-image-preview":"max-image-preview:large","max-video-preview":"max-video-preview:-1"},"canonical":"https:\/\/bolting.eu\/en\/shop\/wild-country-pro-key\/","og_locale":"en_US","og_type":"article","og_title":"Wild Country Pro Key","og_description":"WILD COUNTRY PRO KEY Klemmkeilentferner beim Kletterprofi kaufen \u2705 Trusted Shop \u2705 kostenloser Versand* \u2705 14 Tage R\u00fcckgaberecht \u2705 Co2 neutrale Zustellung","og_url":"https:\/\/bolting.eu\/en\/shop\/wild-country-pro-key\/","og_site_name":"bolting.eu","article_publisher":"https:\/\/www.facebook.com\/bolting.eu","article_modified_time":"2025-08-29T16:19:33+00:00","og_image":[{"width":700,"height":700,"url":"https:\/\/bolting.eu\/wp-content\/uploads\/2020\/08\/Wild-country-Pro-Key.jpg","type":"image\/jpeg"}],"twitter_card":"summary_large_image","twitter_misc":{"Price":"&euro;&nbsp;23,00","Availability":"In stock"},"schema":{"@context":"https:\/\/schema.org","@graph":[{"@type":["WebPage","ItemPage"],"@id":"https:\/\/bolting.eu\/en\/shop\/wild-country-pro-key\/","url":"https:\/\/bolting.eu\/en\/shop\/wild-country-pro-key\/","name":"Wild Country Pro Key Klemmkeilentferner g\u00fcnstig online kaufen | bolting.eu","isPartOf":{"@id":"https:\/\/bolting.eu\/en\/#website"},"primaryImageOfPage":{"@id":"https:\/\/bolting.eu\/en\/shop\/wild-country-pro-key\/#primaryimage"},"image":{"@id":"https:\/\/bolting.eu\/en\/shop\/wild-country-pro-key\/#primaryimage"},"thumbnailUrl":"https:\/\/bolting.eu\/wp-content\/uploads\/2020\/08\/Wild-country-Pro-Key.jpg","datePublished":"2020-08-12T20:47:19+00:00","dateModified":"2025-08-29T16:19:33+00:00","description":"WILD COUNTRY PRO KEY Klemmkeilentferner beim Kletterprofi kaufen \u2705 Trusted Shop \u2705 kostenloser Versand* \u2705 14 Tage R\u00fcckgaberecht \u2705 Co2 neutrale Zustellung","breadcrumb":{"@id":"https:\/\/bolting.eu\/en\/shop\/wild-country-pro-key\/#breadcrumb"},"inLanguage":"en-US","potentialAction":[{"@type":"ReadAction","target":["https:\/\/bolting.eu\/en\/shop\/wild-country-pro-key\/"]}]},{"@type":"ImageObject","inLanguage":"en-US","@id":"https:\/\/bolting.eu\/en\/shop\/wild-country-pro-key\/#primaryimage","url":"https:\/\/bolting.eu\/wp-content\/uploads\/2020\/08\/Wild-country-Pro-Key.jpg","contentUrl":"https:\/\/bolting.eu\/wp-content\/uploads\/2020\/08\/Wild-country-Pro-Key.jpg","width":700,"height":700,"caption":"Das Bild zeigt ein Wild Country Pro Key Klemmkeilentferner. Er liegt schr\u00e4g in der Mitte eines wei\u00dfen Quadrates. Man erkennt alle Produktdetails des silbernen Produktes sowie die schwarze Spiralleine mit dem Fixierkarabiner als Absturzsicherung."},{"@type":"BreadcrumbList","@id":"https:\/\/bolting.eu\/en\/shop\/wild-country-pro-key\/#breadcrumb","itemListElement":[{"@type":"ListItem","position":1,"name":"Shop","item":"https:\/\/bolting.eu\/en\/shop\/"},{"@type":"ListItem","position":2,"name":"Klemmkeile","item":"https:\/\/bolting.eu\/produkt-kategorie\/klemmkeile\/"},{"@type":"ListItem","position":3,"name":"nut tool","item":"https:\/\/bolting.eu\/en\/produkt-kategorie\/nut-tool\/"},{"@type":"ListItem","position":4,"name":"Wild Country Pro Key"}]},{"@type":"WebSite","@id":"https:\/\/bolting.eu\/en\/#website","url":"https:\/\/bolting.eu\/en\/","name":"bolting.eu","description":"we make climbs happen","publisher":{"@id":"https:\/\/bolting.eu\/en\/#organization"},"potentialAction":[{"@type":"SearchAction","target":{"@type":"EntryPoint","urlTemplate":"https:\/\/bolting.eu\/en\/?s={search_term_string}"},"query-input":{"@type":"PropertyValueSpecification","valueRequired":true,"valueName":"search_term_string"}}],"inLanguage":"en-US"},{"@type":["Organization","Place","SportingGoodsStore"],"@id":"https:\/\/bolting.eu\/en\/#organization","name":"bolting.eu","url":"https:\/\/bolting.eu\/en\/","logo":{"@id":"https:\/\/bolting.eu\/en\/shop\/wild-country-pro-key\/#local-main-organization-logo"},"image":{"@id":"https:\/\/bolting.eu\/en\/shop\/wild-country-pro-key\/#local-main-organization-logo"},"sameAs":["https:\/\/www.facebook.com\/bolting.eu","https:\/\/www.instagram.com\/bolting.eu\/"],"address":{"@id":"https:\/\/bolting.eu\/en\/shop\/wild-country-pro-key\/#local-main-place-address"},"geo":{"@type":"GeoCoordinates","latitude":"47.264176340396226","longitude":"11.380109057672346"},"telephone":["+43 699 19083372"],"openingHoursSpecification":[{"@type":"OpeningHoursSpecification","dayOfWeek":["Monday","Wednesday","Friday"],"opens":"14:00","closes":"18:00"},{"@type":"OpeningHoursSpecification","dayOfWeek":["Tuesday","Thursday","Saturday","Sunday"],"opens":"00:00","closes":"00:00"}],"email":"office@bolting.eu","vatID":"ATU59999728","priceRange":"$$","currenciesAccepted":"Euro"},{"@type":"PostalAddress","@id":"https:\/\/bolting.eu\/en\/shop\/wild-country-pro-key\/#local-main-place-address","streetAddress":"Fischnalerstra\u00dfe 4","addressLocality":"Innsbruck","postalCode":"6020","addressRegion":"Tirol","addressCountry":"AT"},{"@type":"ImageObject","inLanguage":"en-US","@id":"https:\/\/bolting.eu\/en\/shop\/wild-country-pro-key\/#local-main-organization-logo","url":"https:\/\/bolting.eu\/wp-content\/uploads\/2019\/09\/bolting-logo.png","contentUrl":"https:\/\/bolting.eu\/wp-content\/uploads\/2019\/09\/bolting-logo.png","width":400,"height":211,"caption":"bolting.eu"}]},"product_price_amount":"23.00","product_price_currency":"EUR","og_availability":"instock","product_availability":"instock","product_retailer_item_id":"40-PROKEYLSH","product_condition":"new","geo.placename":"Innsbruck","geo.position":{"lat":"47.264176340396226","long":"11.380109057672346"},"geo.region":"Austria"},"_links":{"self":[{"href":"https:\/\/bolting.eu\/en\/wp-json\/wp\/v2\/product\/4519","targetHints":{"allow":["GET"]}}],"collection":[{"href":"https:\/\/bolting.eu\/en\/wp-json\/wp\/v2\/product"}],"about":[{"href":"https:\/\/bolting.eu\/en\/wp-json\/wp\/v2\/types\/product"}],"replies":[{"embeddable":true,"href":"https:\/\/bolting.eu\/en\/wp-json\/wp\/v2\/comments?post=4519"}],"wp:featuredmedia":[{"embeddable":true,"href":"https:\/\/bolting.eu\/en\/wp-json\/wp\/v2\/media\/4520"}],"wp:attachment":[{"href":"https:\/\/bolting.eu\/en\/wp-json\/wp\/v2\/media?parent=4519"}],"wp:term":[{"taxonomy":"product_brand","embeddable":true,"href":"https:\/\/bolting.eu\/en\/wp-json\/wp\/v2\/product_brand?post=4519"},{"taxonomy":"product_cat","embeddable":true,"href":"https:\/\/bolting.eu\/en\/wp-json\/wp\/v2\/product_cat?post=4519"},{"taxonomy":"product_tag","embeddable":true,"href":"https:\/\/bolting.eu\/en\/wp-json\/wp\/v2\/product_tag?post=4519"}],"curies":[{"name":"wp","href":"https:\/\/api.w.org\/{rel}","templated":true}]}}