{"id":4453,"date":"2020-08-11T16:25:52","date_gmt":"2020-08-11T14:25:52","guid":{"rendered":"https:\/\/bolting.eu\/?post_type=product&#038;p=4453"},"modified":"2025-03-03T11:05:08","modified_gmt":"2025-03-03T10:05:08","slug":"dmm-phantom","status":"publish","type":"product","link":"https:\/\/bolting.eu\/en\/shop\/dmm-phantom\/","title":{"rendered":"DMM Phantom"},"content":{"rendered":"<p>Der DMM Phantom ist ein federleichter Schraubkarabiner. Er wiegt gerade einmal 42 Gramm. Deshalb sollte er in keiner <a href=\"https:\/\/bolting.eu\/kletterausruestung\/\">Kletterausr\u00fcstung<\/a> fehlen die auf Gewicht optimiert ist. Deshalb wird er sehr gerne von Alpinkletterern gekauft. Denn einerseits ist er eben ein Leichtgewicht. Andererseits erlaubt die Form die Verwendung in ganz vielen Situationen. Beispielsweise das Einh\u00e4ngen von Schlingen am Standplatz, zur Selbstsicherung, usw.<\/p>\n<p>Zusammengefasst. Der Phantom ist ein must have f\u00fcr jeden Alpinfreak!<\/p>\n<h2>Eigenschaften DMM Phantom<\/h2>\n<ul>\n<li>Hersteller: DMM<\/li>\n<li>Material: Alu<\/li>\n<li>Gewicht: 42 Gramm<\/li>\n<li>EN Norm: EN 362, EN 12275<\/li>\n<li>Bruchlasten: 24kN &#8211; 9kN &#8211; 9kN<\/li>\n<li>Schnapper\u00f6ffnung: 15mm<\/li>\n<li>i-beam Konstruktion<\/li>\n<li>ideal f\u00fcr Euer Alpinrack<\/li>\n<li>unz\u00e4hlige Einsatzm\u00f6glichkeiten<\/li>\n<li>mit Schraubverschluss<\/li>\n<\/ul>\n<h3>DMM Phantom &#8211; klein aber oho!<\/h3>\n<p>Auch wenn der Phantom klein ist. Er ist ein echtes Arbeitstier. Denn gerade bei der Verwendung im Alpinklettern kann man ihn bei unz\u00e4hligen Gelegenheiten einsetzen. Dabei macht der kleine Schraubkarabiner mit seinen geringsten Gewicht eine tolle Figur.<\/p>\n<p>Denn erstens kann man ihn durch die 15mm Schnapper\u00f6ffnung so gut wie \u00fcberall einh\u00e4ngen. Zweitens ist die D-Form ideal um die Last gleich der L\u00e4ngsachse nach auszurichten. Und drittens sorgt die i-beam Konstruktion f\u00fcr solide Bruchwerte.<\/p>\n<p>Zusammengefasst hat der Karabiner ein tolles Gewichts-Leistungs Verh\u00e4ltnis.<\/p>\n<h3>Wann geh\u00f6rt der Karabiner ausgetauscht?<\/h3>\n<p>Euer DMM Phantom sollte mindestens einige Jahre halten. Wie lange, das h\u00e4ngt von der Einsatzfrequenz sowie Intensit\u00e4t ab. Beim intensiven Klettern im alpinen Gel\u00e4nde oder durch Big Walls kann der Karabiner bereits nach einer Saison deutliche Abnutzungserscheinungen haben. Vor allem scharfe Grate bei Normalhaken bzw. von Bohrhakenlaschen k\u00f6nnen sich tief in die Scheitel bohren.<\/p>\n<p>Wird er selten verwendet, kann er 10 Jahre wie neu aussehen.<\/p>\n<p>In der Regel wird die max. Lebensdauer mit 15 Jahren angegeben. In jedem Fall m\u00fcsst ihr das Produkt aber tauschen, wenn der Verschluss irreparable Sch\u00e4den hat.<\/p>\n<h3>Praxis Tipp<\/h3>\n<p>Ein gutes Alpinrack hat eine ausgewogene Mischung an unterschiedlichen Karabinern. D.h. ihr solltet unserer Meinung nach mindestens 2 St\u00fcck DMM Phantom Karabiner mit dabei haben. Des weiteren einen mittleren HMS, einen gro\u00dfen HMS sowie einen ovalen Schraubkarabiner. So seid ihr auf alle Situationen bestens vorbereitet.<\/p>\n<h4><strong>Link Tipp<\/strong><\/h4>\n<p>Weitere Infos findet ihr beim <a href=\"https:\/\/dmmclimbing.com\" target=\"_blank\" rel=\"noopener noreferrer\">Hersteller<\/a><\/p>\n","protected":false},"excerpt":{"rendered":"<ul>\n<li>Hersteller: DMM<\/li>\n<li>Material: Alu<\/li>\n<li>Gewicht: 42 Gramm<\/li>\n<li>EN Norm: EN 362, EN 12275<\/li>\n<li>Bruchlasten: 24kN &#8211; 9kN &#8211; 9kN<\/li>\n<li>ideal f\u00fcr Euer Alpinrack<\/li>\n<li>unz\u00e4hlige Einsatzm\u00f6glichkeiten<\/li>\n<li>mit Schraubverschluss<\/li>\n<\/ul>\n","protected":false},"featured_media":4454,"comment_status":"open","ping_status":"closed","template":"","meta":[],"product_brand":[],"product_cat":[44,3009,9670],"product_tag":[],"class_list":{"0":"post-4453","1":"product","2":"type-product","3":"status-publish","4":"has-post-thumbnail","6":"product_cat-kletterkarabiner","7":"product_cat-schraubkarabiner","8":"product_cat-dmm","10":"first","11":"outofstock","12":"taxable","13":"shipping-taxable","14":"purchasable","15":"product-type-simple"},"yoast_head":"<!-- This site is optimized with the Yoast SEO Premium plugin v26.9 (Yoast SEO v26.9) - https:\/\/yoast.com\/product\/yoast-seo-premium-wordpress\/ -->\n<title>DMM Phantom Schraubkarabiner jetzt online kaufen | bolting.eu<\/title>\n<meta name=\"description\" content=\"Hier gibt\u00b4s den DMM PHANTOM Schraubkarabiner mit nur 42 Gramm. Ein perfekter Schrauber f\u00fcr alle gewichtsbewussten Alpinkletterer vom Kletterprofi aus \ud83c\udde6\ud83c\uddf9!\" \/>\n<meta name=\"robots\" content=\"index, follow, max-snippet:-1, max-image-preview:large, max-video-preview:-1\" \/>\n<link rel=\"canonical\" href=\"https:\/\/bolting.eu\/en\/shop\/dmm-phantom\/\" \/>\n<meta property=\"og:locale\" content=\"en_US\" \/>\n<meta property=\"og:type\" content=\"article\" \/>\n<meta property=\"og:title\" content=\"DMM Phantom\" \/>\n<meta property=\"og:description\" content=\"Hier gibt\u00b4s den DMM PHANTOM Schraubkarabiner mit nur 42 Gramm. Ein perfekter Schrauber f\u00fcr alle gewichtsbewussten Alpinkletterer vom Kletterprofi aus \ud83c\udde6\ud83c\uddf9!\" \/>\n<meta property=\"og:url\" content=\"https:\/\/bolting.eu\/en\/shop\/dmm-phantom\/\" \/>\n<meta property=\"og:site_name\" content=\"bolting.eu\" \/>\n<meta property=\"article:publisher\" content=\"https:\/\/www.facebook.com\/bolting.eu\" \/>\n<meta property=\"article:modified_time\" content=\"2025-03-03T10:05:08+00:00\" \/>\n<meta property=\"og:image\" content=\"https:\/\/bolting.eu\/wp-content\/uploads\/2020\/08\/DMM-Phantom.jpg\" \/>\n\t<meta property=\"og:image:width\" content=\"700\" \/>\n\t<meta property=\"og:image:height\" content=\"700\" \/>\n\t<meta property=\"og:image:type\" content=\"image\/jpeg\" \/>\n<meta name=\"twitter:card\" content=\"summary_large_image\" \/>\n<meta name=\"twitter:label1\" content=\"Price\" \/>\n\t<meta name=\"twitter:data1\" content=\"&euro;&nbsp;15,90\" \/>\n\t<meta name=\"twitter:label2\" content=\"Availability\" \/>\n\t<meta name=\"twitter:data2\" content=\"Out of stock\" \/>\n<script type=\"application\/ld+json\" class=\"yoast-schema-graph\">{\"@context\":\"https:\/\/schema.org\",\"@graph\":[{\"@type\":[\"WebPage\",\"ItemPage\"],\"@id\":\"https:\/\/bolting.eu\/en\/shop\/dmm-phantom\/\",\"url\":\"https:\/\/bolting.eu\/en\/shop\/dmm-phantom\/\",\"name\":\"DMM Phantom Schraubkarabiner jetzt online kaufen | bolting.eu\",\"isPartOf\":{\"@id\":\"https:\/\/bolting.eu\/en\/#website\"},\"primaryImageOfPage\":{\"@id\":\"https:\/\/bolting.eu\/en\/shop\/dmm-phantom\/#primaryimage\"},\"image\":{\"@id\":\"https:\/\/bolting.eu\/en\/shop\/dmm-phantom\/#primaryimage\"},\"thumbnailUrl\":\"https:\/\/bolting.eu\/wp-content\/uploads\/2020\/08\/DMM-Phantom.jpg\",\"datePublished\":\"2020-08-11T14:25:52+00:00\",\"dateModified\":\"2025-03-03T10:05:08+00:00\",\"description\":\"Hier gibt\u00b4s den DMM PHANTOM Schraubkarabiner mit nur 42 Gramm. Ein perfekter Schrauber f\u00fcr alle gewichtsbewussten Alpinkletterer vom Kletterprofi aus \ud83c\udde6\ud83c\uddf9!\",\"breadcrumb\":{\"@id\":\"https:\/\/bolting.eu\/en\/shop\/dmm-phantom\/#breadcrumb\"},\"inLanguage\":\"en-US\",\"potentialAction\":[{\"@type\":\"ReadAction\",\"target\":[\"https:\/\/bolting.eu\/en\/shop\/dmm-phantom\/\"]}]},{\"@type\":\"ImageObject\",\"inLanguage\":\"en-US\",\"@id\":\"https:\/\/bolting.eu\/en\/shop\/dmm-phantom\/#primaryimage\",\"url\":\"https:\/\/bolting.eu\/wp-content\/uploads\/2020\/08\/DMM-Phantom.jpg\",\"contentUrl\":\"https:\/\/bolting.eu\/wp-content\/uploads\/2020\/08\/DMM-Phantom.jpg\",\"width\":700,\"height\":700,\"caption\":\"Das Bild zeigt einen silbrig-grauen DMM Phantom Karabiner. Er steht in Bildmitte mit dem Schnapper und dem gelben Drehverschluss nach links.\"},{\"@type\":\"BreadcrumbList\",\"@id\":\"https:\/\/bolting.eu\/en\/shop\/dmm-phantom\/#breadcrumb\",\"itemListElement\":[{\"@type\":\"ListItem\",\"position\":1,\"name\":\"Shop\",\"item\":\"https:\/\/bolting.eu\/en\/shop\/\"},{\"@type\":\"ListItem\",\"position\":2,\"name\":\"DMM\",\"item\":\"https:\/\/bolting.eu\/produkt-kategorie\/dmm\/\"},{\"@type\":\"ListItem\",\"position\":3,\"name\":\"DMM Phantom\"}]},{\"@type\":\"WebSite\",\"@id\":\"https:\/\/bolting.eu\/en\/#website\",\"url\":\"https:\/\/bolting.eu\/en\/\",\"name\":\"bolting.eu\",\"description\":\"we make climbs happen\",\"publisher\":{\"@id\":\"https:\/\/bolting.eu\/en\/#organization\"},\"potentialAction\":[{\"@type\":\"SearchAction\",\"target\":{\"@type\":\"EntryPoint\",\"urlTemplate\":\"https:\/\/bolting.eu\/en\/?s={search_term_string}\"},\"query-input\":{\"@type\":\"PropertyValueSpecification\",\"valueRequired\":true,\"valueName\":\"search_term_string\"}}],\"inLanguage\":\"en-US\"},{\"@type\":[\"Organization\",\"Place\",\"SportingGoodsStore\"],\"@id\":\"https:\/\/bolting.eu\/en\/#organization\",\"name\":\"bolting.eu\",\"url\":\"https:\/\/bolting.eu\/en\/\",\"logo\":{\"@id\":\"https:\/\/bolting.eu\/en\/shop\/dmm-phantom\/#local-main-organization-logo\"},\"image\":{\"@id\":\"https:\/\/bolting.eu\/en\/shop\/dmm-phantom\/#local-main-organization-logo\"},\"sameAs\":[\"https:\/\/www.facebook.com\/bolting.eu\",\"https:\/\/www.instagram.com\/bolting.eu\/\"],\"address\":{\"@id\":\"https:\/\/bolting.eu\/en\/shop\/dmm-phantom\/#local-main-place-address\"},\"geo\":{\"@type\":\"GeoCoordinates\",\"latitude\":\"47.264176340396226\",\"longitude\":\"11.380109057672346\"},\"telephone\":[\"+43 699 19083372\"],\"openingHoursSpecification\":[{\"@type\":\"OpeningHoursSpecification\",\"dayOfWeek\":[\"Monday\",\"Wednesday\",\"Friday\"],\"opens\":\"14:00\",\"closes\":\"18:00\"},{\"@type\":\"OpeningHoursSpecification\",\"dayOfWeek\":[\"Tuesday\",\"Thursday\",\"Saturday\",\"Sunday\"],\"opens\":\"00:00\",\"closes\":\"00:00\"}],\"email\":\"office@bolting.eu\",\"vatID\":\"ATU59999728\",\"priceRange\":\"$$\",\"currenciesAccepted\":\"Euro\"},{\"@type\":\"PostalAddress\",\"@id\":\"https:\/\/bolting.eu\/en\/shop\/dmm-phantom\/#local-main-place-address\",\"streetAddress\":\"Fischnalerstra\u00dfe 4\",\"addressLocality\":\"Innsbruck\",\"postalCode\":\"6020\",\"addressRegion\":\"Tirol\",\"addressCountry\":\"AT\"},{\"@type\":\"ImageObject\",\"inLanguage\":\"en-US\",\"@id\":\"https:\/\/bolting.eu\/en\/shop\/dmm-phantom\/#local-main-organization-logo\",\"url\":\"https:\/\/bolting.eu\/wp-content\/uploads\/2019\/09\/bolting-logo.png\",\"contentUrl\":\"https:\/\/bolting.eu\/wp-content\/uploads\/2019\/09\/bolting-logo.png\",\"width\":400,\"height\":211,\"caption\":\"bolting.eu\"}]}<\/script>\n<meta property=\"product:price:amount\" content=\"15.90\" \/>\n<meta property=\"product:price:currency\" content=\"EUR\" \/>\n<meta property=\"og:availability\" content=\"out of stock\" \/>\n<meta property=\"product:availability\" content=\"out of stock\" \/>\n<meta property=\"product:retailer_item_id\" content=\"A312\" \/>\n<meta property=\"product:condition\" content=\"new\" \/>\n<meta name=\"geo.placename\" content=\"Innsbruck\" \/>\n<meta name=\"geo.position\" content=\"47.264176340396226;11.380109057672346\" \/>\n<meta name=\"geo.region\" content=\"Austria\" \/>\n<!-- \/ Yoast SEO Premium plugin. -->","yoast_head_json":{"title":"DMM Phantom Schraubkarabiner jetzt online kaufen | bolting.eu","description":"Hier gibt\u00b4s den DMM PHANTOM Schraubkarabiner mit nur 42 Gramm. Ein perfekter Schrauber f\u00fcr alle gewichtsbewussten Alpinkletterer vom Kletterprofi aus \ud83c\udde6\ud83c\uddf9!","robots":{"index":"index","follow":"follow","max-snippet":"max-snippet:-1","max-image-preview":"max-image-preview:large","max-video-preview":"max-video-preview:-1"},"canonical":"https:\/\/bolting.eu\/en\/shop\/dmm-phantom\/","og_locale":"en_US","og_type":"article","og_title":"DMM Phantom","og_description":"Hier gibt\u00b4s den DMM PHANTOM Schraubkarabiner mit nur 42 Gramm. Ein perfekter Schrauber f\u00fcr alle gewichtsbewussten Alpinkletterer vom Kletterprofi aus \ud83c\udde6\ud83c\uddf9!","og_url":"https:\/\/bolting.eu\/en\/shop\/dmm-phantom\/","og_site_name":"bolting.eu","article_publisher":"https:\/\/www.facebook.com\/bolting.eu","article_modified_time":"2025-03-03T10:05:08+00:00","og_image":[{"width":700,"height":700,"url":"https:\/\/bolting.eu\/wp-content\/uploads\/2020\/08\/DMM-Phantom.jpg","type":"image\/jpeg"}],"twitter_card":"summary_large_image","twitter_misc":{"Price":"&euro;&nbsp;15,90","Availability":"Out of stock"},"schema":{"@context":"https:\/\/schema.org","@graph":[{"@type":["WebPage","ItemPage"],"@id":"https:\/\/bolting.eu\/en\/shop\/dmm-phantom\/","url":"https:\/\/bolting.eu\/en\/shop\/dmm-phantom\/","name":"DMM Phantom Schraubkarabiner jetzt online kaufen | bolting.eu","isPartOf":{"@id":"https:\/\/bolting.eu\/en\/#website"},"primaryImageOfPage":{"@id":"https:\/\/bolting.eu\/en\/shop\/dmm-phantom\/#primaryimage"},"image":{"@id":"https:\/\/bolting.eu\/en\/shop\/dmm-phantom\/#primaryimage"},"thumbnailUrl":"https:\/\/bolting.eu\/wp-content\/uploads\/2020\/08\/DMM-Phantom.jpg","datePublished":"2020-08-11T14:25:52+00:00","dateModified":"2025-03-03T10:05:08+00:00","description":"Hier gibt\u00b4s den DMM PHANTOM Schraubkarabiner mit nur 42 Gramm. Ein perfekter Schrauber f\u00fcr alle gewichtsbewussten Alpinkletterer vom Kletterprofi aus \ud83c\udde6\ud83c\uddf9!","breadcrumb":{"@id":"https:\/\/bolting.eu\/en\/shop\/dmm-phantom\/#breadcrumb"},"inLanguage":"en-US","potentialAction":[{"@type":"ReadAction","target":["https:\/\/bolting.eu\/en\/shop\/dmm-phantom\/"]}]},{"@type":"ImageObject","inLanguage":"en-US","@id":"https:\/\/bolting.eu\/en\/shop\/dmm-phantom\/#primaryimage","url":"https:\/\/bolting.eu\/wp-content\/uploads\/2020\/08\/DMM-Phantom.jpg","contentUrl":"https:\/\/bolting.eu\/wp-content\/uploads\/2020\/08\/DMM-Phantom.jpg","width":700,"height":700,"caption":"Das Bild zeigt einen silbrig-grauen DMM Phantom Karabiner. Er steht in Bildmitte mit dem Schnapper und dem gelben Drehverschluss nach links."},{"@type":"BreadcrumbList","@id":"https:\/\/bolting.eu\/en\/shop\/dmm-phantom\/#breadcrumb","itemListElement":[{"@type":"ListItem","position":1,"name":"Shop","item":"https:\/\/bolting.eu\/en\/shop\/"},{"@type":"ListItem","position":2,"name":"DMM","item":"https:\/\/bolting.eu\/produkt-kategorie\/dmm\/"},{"@type":"ListItem","position":3,"name":"DMM Phantom"}]},{"@type":"WebSite","@id":"https:\/\/bolting.eu\/en\/#website","url":"https:\/\/bolting.eu\/en\/","name":"bolting.eu","description":"we make climbs happen","publisher":{"@id":"https:\/\/bolting.eu\/en\/#organization"},"potentialAction":[{"@type":"SearchAction","target":{"@type":"EntryPoint","urlTemplate":"https:\/\/bolting.eu\/en\/?s={search_term_string}"},"query-input":{"@type":"PropertyValueSpecification","valueRequired":true,"valueName":"search_term_string"}}],"inLanguage":"en-US"},{"@type":["Organization","Place","SportingGoodsStore"],"@id":"https:\/\/bolting.eu\/en\/#organization","name":"bolting.eu","url":"https:\/\/bolting.eu\/en\/","logo":{"@id":"https:\/\/bolting.eu\/en\/shop\/dmm-phantom\/#local-main-organization-logo"},"image":{"@id":"https:\/\/bolting.eu\/en\/shop\/dmm-phantom\/#local-main-organization-logo"},"sameAs":["https:\/\/www.facebook.com\/bolting.eu","https:\/\/www.instagram.com\/bolting.eu\/"],"address":{"@id":"https:\/\/bolting.eu\/en\/shop\/dmm-phantom\/#local-main-place-address"},"geo":{"@type":"GeoCoordinates","latitude":"47.264176340396226","longitude":"11.380109057672346"},"telephone":["+43 699 19083372"],"openingHoursSpecification":[{"@type":"OpeningHoursSpecification","dayOfWeek":["Monday","Wednesday","Friday"],"opens":"14:00","closes":"18:00"},{"@type":"OpeningHoursSpecification","dayOfWeek":["Tuesday","Thursday","Saturday","Sunday"],"opens":"00:00","closes":"00:00"}],"email":"office@bolting.eu","vatID":"ATU59999728","priceRange":"$$","currenciesAccepted":"Euro"},{"@type":"PostalAddress","@id":"https:\/\/bolting.eu\/en\/shop\/dmm-phantom\/#local-main-place-address","streetAddress":"Fischnalerstra\u00dfe 4","addressLocality":"Innsbruck","postalCode":"6020","addressRegion":"Tirol","addressCountry":"AT"},{"@type":"ImageObject","inLanguage":"en-US","@id":"https:\/\/bolting.eu\/en\/shop\/dmm-phantom\/#local-main-organization-logo","url":"https:\/\/bolting.eu\/wp-content\/uploads\/2019\/09\/bolting-logo.png","contentUrl":"https:\/\/bolting.eu\/wp-content\/uploads\/2019\/09\/bolting-logo.png","width":400,"height":211,"caption":"bolting.eu"}]},"product_price_amount":"15.90","product_price_currency":"EUR","og_availability":"out of stock","product_availability":"out of stock","product_retailer_item_id":"A312","product_condition":"new","geo.placename":"Innsbruck","geo.position":{"lat":"47.264176340396226","long":"11.380109057672346"},"geo.region":"Austria"},"_links":{"self":[{"href":"https:\/\/bolting.eu\/en\/wp-json\/wp\/v2\/product\/4453","targetHints":{"allow":["GET"]}}],"collection":[{"href":"https:\/\/bolting.eu\/en\/wp-json\/wp\/v2\/product"}],"about":[{"href":"https:\/\/bolting.eu\/en\/wp-json\/wp\/v2\/types\/product"}],"replies":[{"embeddable":true,"href":"https:\/\/bolting.eu\/en\/wp-json\/wp\/v2\/comments?post=4453"}],"wp:featuredmedia":[{"embeddable":true,"href":"https:\/\/bolting.eu\/en\/wp-json\/wp\/v2\/media\/4454"}],"wp:attachment":[{"href":"https:\/\/bolting.eu\/en\/wp-json\/wp\/v2\/media?parent=4453"}],"wp:term":[{"taxonomy":"product_brand","embeddable":true,"href":"https:\/\/bolting.eu\/en\/wp-json\/wp\/v2\/product_brand?post=4453"},{"taxonomy":"product_cat","embeddable":true,"href":"https:\/\/bolting.eu\/en\/wp-json\/wp\/v2\/product_cat?post=4453"},{"taxonomy":"product_tag","embeddable":true,"href":"https:\/\/bolting.eu\/en\/wp-json\/wp\/v2\/product_tag?post=4453"}],"curies":[{"name":"wp","href":"https:\/\/api.w.org\/{rel}","templated":true}]}}