{"id":4442,"date":"2020-08-11T14:43:40","date_gmt":"2020-08-11T12:43:40","guid":{"rendered":"https:\/\/bolting.eu\/?post_type=product&#038;p=4442"},"modified":"2026-03-20T13:25:49","modified_gmt":"2026-03-20T12:25:49","slug":"dmm-ceros-sicherungskarabiner","status":"publish","type":"product","link":"https:\/\/bolting.eu\/en\/shop\/dmm-ceros-sicherungskarabiner\/","title":{"rendered":"DMM Ceros Sicherungskarabiner"},"content":{"rendered":"<p>Der DMM Ceros Sicherungskarabiner ist ein tolles Produkt. Denn er kann sich in der Anseilschlaufe nicht verdrehen. Dies wird durch einen kleinen Drahtschnapper im schmalen Scheitel verhindert. Zudem wirkt eine kleine &#8220;Nase&#8221; am breiten Scheitelrand als &#8220;Verdrehschutz&#8221; f\u00fcr Sicherungsger\u00e4te.<\/p>\n<p>Anders ausgedr\u00fcckt. Ein sicherer Karabiner zur Verwendung mit den g\u00e4ngigen Sicherungsger\u00e4te Typen.<\/p>\n<h2>Eigenschaften DMM Ceros Sicherungskarabiner<\/h2>\n<ul>\n<li>Hersteller: DMM<\/li>\n<li>Typ: Sicherungskarabiner<\/li>\n<li>Material: Alu<\/li>\n<li>Gewicht: 86 Gramm<\/li>\n<li>Gr\u00f6\u00dfe: 121x74mm<\/li>\n<li>EN Normen: EN 362, EN 12275<\/li>\n<li>bleibt in L\u00e4ngsrichtung in Anseilschlaufe<\/li>\n<li>Nase verhindert Verdrehen des Sicherungsger\u00e4tes<\/li>\n<\/ul>\n<h3>Vollwertiger HMS Karabiner<\/h3>\n<p>Der DMM Ceros Sicherungskarabiner ist ein vollwertiger HMS Karabiner. D.h. mit ihm kann man mit Halbmastwurf sowohl sichern als auch abseilen. Der breite und runde Scheitel sorgt dabei f\u00fcr einen idealen Seilverlauf. D.h. kein Krangeln und ruckelfreies Durchlaufen!<\/p>\n<p>Somit hat man beim Verlust des Sicherungs- bzw. Abseilger\u00e4tes stets eine einfache Option mit dabei!<\/p>\n<h3>DMM Ceros Sicherungskarabiner &#8211; Sicherheitsfeatures<\/h3>\n<p>Was den Karabiner so sicher macht, ist sein kleiner Drahtschnapper im schmalen Scheitel. Denn erstens h\u00e4lt dieser den Karabiner in L\u00e4ngsrichtung. Zweitens sorgt er f\u00fcr eine stabile Lage des Sicherungsger\u00e4tes in der immer gleichen Position.<\/p>\n<p>\u00dcberdies wirkt die Nase auf der Seite des langen Scheitels wie eine Sperre. Sicherungsger\u00e4te k\u00f6nnen hier dar\u00fcber rutschen und in Querbelastung &#8220;stecken&#8221; bleiben.<\/p>\n<h3>i-Beam Konstruktion<\/h3>\n<p>Der DMM Ceros Sicherungskarabiner wird wie alle DMM Karabiner hei\u00df geschmiedet. Das erm\u00f6glicht komplexe aber zugleich leichte Formen bzw. Querschnitte. Dazu z\u00e4hlt auch dieser Sicherungskarabiner. Denn er wiegt nur 86 Gramm. Zugleich ist der Karabiner sehr stark. Seine Bruchwerte liegen bei 25kN-7kN-7kN.<\/p>\n<h3>DMM Ceros Sicherungskarabiner &#8211; Lebensdauer<\/h3>\n<p>Euer Sicherungskarabiner sollte mindestens einige Jahre halten. Wie lange, das h\u00e4ngt von der Einsatzfrequenz sowie Intensit\u00e4t ab. Beim Klettern mit schmutzigen Alpinseilen kann der Karabiner bereits nach einer Saison deutliche Abnutzungserscheinungen haben. Wird er selten verwendet, kann er 10 Jahre wie neu aussehen.<\/p>\n<p>In der Regel wird die max. Lebensdauer mit 15 Jahren angegeben. In jedem Fall m\u00fcsst ihr das Produkt aber tauschen, wenn der Verschluss irreparable Sch\u00e4den hat.<\/p>\n<h4><strong>Praxis Tipp<\/strong><\/h4>\n<p>Wir empfehlen den DMM Ceros Sicherungskarabiner von Zeit zu Zeit zu waschen. Sp\u00fclt ihn unter lauwarmen Wasser einfach eine kurze Zeit aus. Dann lasst den Sicherungskarabiner am besten im Schatten sch\u00f6n trocknen. Ein paar Tropfen <a href=\"https:\/\/bolting.eu\/shop\/kong-kletterausruestung-pflegeoel\/\">Karabiner Pflege\u00f6l<\/a> sorgen f\u00fcr eine einwandfreies Funktionieren des Schnappers f\u00fcr viele weitere Monate!<\/p>\n","protected":false},"excerpt":{"rendered":"<ul>\n<li>Hersteller: DMM<\/li>\n<li>Typ: Sicherungskarabiner<\/li>\n<li>Material: Alu<\/li>\n<li>Gewicht: 86 Gramm<\/li>\n<li>Gr\u00f6\u00dfe: 121x74mm<\/li>\n<li>EN Normen: EN 362, EN 12275<\/li>\n<li>bleibt in L\u00e4ngsrichtung in Anseilschlaufe<\/li>\n<li>Nase verhindert Verdrehen des Sicherungsger\u00e4tes<\/li>\n<\/ul>\n","protected":false},"featured_media":4443,"comment_status":"open","ping_status":"closed","template":"","meta":[],"product_brand":[],"product_cat":[9670,13358,44,3009,14193],"product_tag":[],"class_list":{"0":"post-4442","1":"product","2":"type-product","3":"status-publish","4":"has-post-thumbnail","6":"product_cat-dmm","7":"product_cat-hms-karabiner","8":"product_cat-kletterkarabiner","9":"product_cat-schraubkarabiner","10":"product_cat-sicherungskarabiner","12":"first","13":"instock","14":"taxable","15":"shipping-taxable","16":"purchasable","17":"product-type-simple"},"yoast_head":"<!-- This site is optimized with the Yoast SEO Premium plugin v26.9 (Yoast SEO v26.9) - https:\/\/yoast.com\/product\/yoast-seo-premium-wordpress\/ -->\n<title>DMM Ceros Sicherungskarabiner jetzt g\u00fcnstig online kaufen | bolting.eu<\/title>\n<meta name=\"description\" content=\"Hier findest Du den DMM CEROS SICHERUNGSKARABINER. Einen perfekten Karabiner f\u00fcr viele Sicherungsger\u00e4te Typen bzw. Halbmastsicherung. Perfekt zum Sichern!\" \/>\n<meta name=\"robots\" content=\"index, follow, max-snippet:-1, max-image-preview:large, max-video-preview:-1\" \/>\n<link rel=\"canonical\" href=\"https:\/\/bolting.eu\/en\/shop\/dmm-ceros-sicherungskarabiner\/\" \/>\n<meta property=\"og:locale\" content=\"en_US\" \/>\n<meta property=\"og:type\" content=\"article\" \/>\n<meta property=\"og:title\" content=\"DMM Ceros Sicherungskarabiner\" \/>\n<meta property=\"og:description\" content=\"Hier findest Du den DMM CEROS SICHERUNGSKARABINER. Einen perfekten Karabiner f\u00fcr viele Sicherungsger\u00e4te Typen bzw. Halbmastsicherung. Perfekt zum Sichern!\" \/>\n<meta property=\"og:url\" content=\"https:\/\/bolting.eu\/en\/shop\/dmm-ceros-sicherungskarabiner\/\" \/>\n<meta property=\"og:site_name\" content=\"bolting.eu\" \/>\n<meta property=\"article:publisher\" content=\"https:\/\/www.facebook.com\/bolting.eu\" \/>\n<meta property=\"article:modified_time\" content=\"2026-03-20T12:25:49+00:00\" \/>\n<meta property=\"og:image\" content=\"https:\/\/bolting.eu\/wp-content\/uploads\/2020\/08\/DMM-Ceros-Sicherungskarabiner.jpg\" \/>\n\t<meta property=\"og:image:width\" content=\"700\" \/>\n\t<meta property=\"og:image:height\" content=\"700\" \/>\n\t<meta property=\"og:image:type\" content=\"image\/jpeg\" \/>\n<meta name=\"twitter:card\" content=\"summary_large_image\" \/>\n<meta name=\"twitter:label1\" content=\"Price\" \/>\n\t<meta name=\"twitter:data1\" content=\"&euro;&nbsp;25,95\" \/>\n\t<meta name=\"twitter:label2\" content=\"Availability\" \/>\n\t<meta name=\"twitter:data2\" content=\"In stock\" \/>\n<script type=\"application\/ld+json\" class=\"yoast-schema-graph\">{\"@context\":\"https:\/\/schema.org\",\"@graph\":[{\"@type\":[\"WebPage\",\"ItemPage\"],\"@id\":\"https:\/\/bolting.eu\/en\/shop\/dmm-ceros-sicherungskarabiner\/\",\"url\":\"https:\/\/bolting.eu\/en\/shop\/dmm-ceros-sicherungskarabiner\/\",\"name\":\"DMM Ceros Sicherungskarabiner jetzt g\u00fcnstig online kaufen | bolting.eu\",\"isPartOf\":{\"@id\":\"https:\/\/bolting.eu\/en\/#website\"},\"primaryImageOfPage\":{\"@id\":\"https:\/\/bolting.eu\/en\/shop\/dmm-ceros-sicherungskarabiner\/#primaryimage\"},\"image\":{\"@id\":\"https:\/\/bolting.eu\/en\/shop\/dmm-ceros-sicherungskarabiner\/#primaryimage\"},\"thumbnailUrl\":\"https:\/\/bolting.eu\/wp-content\/uploads\/2020\/08\/DMM-Ceros-Sicherungskarabiner.jpg\",\"datePublished\":\"2020-08-11T12:43:40+00:00\",\"dateModified\":\"2026-03-20T12:25:49+00:00\",\"description\":\"Hier findest Du den DMM CEROS SICHERUNGSKARABINER. Einen perfekten Karabiner f\u00fcr viele Sicherungsger\u00e4te Typen bzw. Halbmastsicherung. Perfekt zum Sichern!\",\"breadcrumb\":{\"@id\":\"https:\/\/bolting.eu\/en\/shop\/dmm-ceros-sicherungskarabiner\/#breadcrumb\"},\"inLanguage\":\"en-US\",\"potentialAction\":[{\"@type\":\"ReadAction\",\"target\":[\"https:\/\/bolting.eu\/en\/shop\/dmm-ceros-sicherungskarabiner\/\"]}]},{\"@type\":\"ImageObject\",\"inLanguage\":\"en-US\",\"@id\":\"https:\/\/bolting.eu\/en\/shop\/dmm-ceros-sicherungskarabiner\/#primaryimage\",\"url\":\"https:\/\/bolting.eu\/wp-content\/uploads\/2020\/08\/DMM-Ceros-Sicherungskarabiner.jpg\",\"contentUrl\":\"https:\/\/bolting.eu\/wp-content\/uploads\/2020\/08\/DMM-Ceros-Sicherungskarabiner.jpg\",\"width\":700,\"height\":700,\"caption\":\"Das Bild zeigt den DMM Ceros Sicherungskarabiner. Er ist in Bildmitte auf einem wei\u00dfem Quadrat zu sehen. Man erkennt alle Features des silber-grauen Karabiner und seine Funktionsweise.\"},{\"@type\":\"BreadcrumbList\",\"@id\":\"https:\/\/bolting.eu\/en\/shop\/dmm-ceros-sicherungskarabiner\/#breadcrumb\",\"itemListElement\":[{\"@type\":\"ListItem\",\"position\":1,\"name\":\"Shop\",\"item\":\"https:\/\/bolting.eu\/en\/shop\/\"},{\"@type\":\"ListItem\",\"position\":2,\"name\":\"climbing equipment\",\"item\":\"https:\/\/bolting.eu\/en\/produkt-kategorie\/climbing-equipment\/\"},{\"@type\":\"ListItem\",\"position\":3,\"name\":\"Climbing carabiner\",\"item\":\"https:\/\/bolting.eu\/en\/produkt-kategorie\/climbing-carabiner\/\"},{\"@type\":\"ListItem\",\"position\":4,\"name\":\"Sicherungskarabiner\",\"item\":\"https:\/\/bolting.eu\/produkt-kategorie\/kletterausruestung\/kletterkarabiner\/sicherungskarabiner\/\"},{\"@type\":\"ListItem\",\"position\":5,\"name\":\"DMM Ceros Sicherungskarabiner\"}]},{\"@type\":\"WebSite\",\"@id\":\"https:\/\/bolting.eu\/en\/#website\",\"url\":\"https:\/\/bolting.eu\/en\/\",\"name\":\"bolting.eu\",\"description\":\"we make climbs happen\",\"publisher\":{\"@id\":\"https:\/\/bolting.eu\/en\/#organization\"},\"potentialAction\":[{\"@type\":\"SearchAction\",\"target\":{\"@type\":\"EntryPoint\",\"urlTemplate\":\"https:\/\/bolting.eu\/en\/?s={search_term_string}\"},\"query-input\":{\"@type\":\"PropertyValueSpecification\",\"valueRequired\":true,\"valueName\":\"search_term_string\"}}],\"inLanguage\":\"en-US\"},{\"@type\":[\"Organization\",\"Place\",\"SportingGoodsStore\"],\"@id\":\"https:\/\/bolting.eu\/en\/#organization\",\"name\":\"bolting.eu\",\"url\":\"https:\/\/bolting.eu\/en\/\",\"logo\":{\"@id\":\"https:\/\/bolting.eu\/en\/shop\/dmm-ceros-sicherungskarabiner\/#local-main-organization-logo\"},\"image\":{\"@id\":\"https:\/\/bolting.eu\/en\/shop\/dmm-ceros-sicherungskarabiner\/#local-main-organization-logo\"},\"sameAs\":[\"https:\/\/www.facebook.com\/bolting.eu\",\"https:\/\/www.instagram.com\/bolting.eu\/\"],\"address\":{\"@id\":\"https:\/\/bolting.eu\/en\/shop\/dmm-ceros-sicherungskarabiner\/#local-main-place-address\"},\"geo\":{\"@type\":\"GeoCoordinates\",\"latitude\":\"47.264176340396226\",\"longitude\":\"11.380109057672346\"},\"telephone\":[\"+43 699 19083372\"],\"openingHoursSpecification\":[{\"@type\":\"OpeningHoursSpecification\",\"dayOfWeek\":[\"Monday\",\"Wednesday\",\"Friday\"],\"opens\":\"14:00\",\"closes\":\"18:00\"},{\"@type\":\"OpeningHoursSpecification\",\"dayOfWeek\":[\"Tuesday\",\"Thursday\",\"Saturday\",\"Sunday\"],\"opens\":\"00:00\",\"closes\":\"00:00\"}],\"email\":\"office@bolting.eu\",\"vatID\":\"ATU59999728\",\"priceRange\":\"$$\",\"currenciesAccepted\":\"Euro\"},{\"@type\":\"PostalAddress\",\"@id\":\"https:\/\/bolting.eu\/en\/shop\/dmm-ceros-sicherungskarabiner\/#local-main-place-address\",\"streetAddress\":\"Fischnalerstra\u00dfe 4\",\"addressLocality\":\"Innsbruck\",\"postalCode\":\"6020\",\"addressRegion\":\"Tirol\",\"addressCountry\":\"AT\"},{\"@type\":\"ImageObject\",\"inLanguage\":\"en-US\",\"@id\":\"https:\/\/bolting.eu\/en\/shop\/dmm-ceros-sicherungskarabiner\/#local-main-organization-logo\",\"url\":\"https:\/\/bolting.eu\/wp-content\/uploads\/2019\/09\/bolting-logo.png\",\"contentUrl\":\"https:\/\/bolting.eu\/wp-content\/uploads\/2019\/09\/bolting-logo.png\",\"width\":400,\"height\":211,\"caption\":\"bolting.eu\"}]}<\/script>\n<meta property=\"product:price:amount\" content=\"25.95\" \/>\n<meta property=\"product:price:currency\" content=\"EUR\" \/>\n<meta property=\"og:availability\" content=\"instock\" \/>\n<meta property=\"product:availability\" content=\"instock\" \/>\n<meta property=\"product:retailer_item_id\" content=\"A872-A562\" \/>\n<meta property=\"product:condition\" content=\"new\" \/>\n<meta name=\"geo.placename\" content=\"Innsbruck\" \/>\n<meta name=\"geo.position\" content=\"47.264176340396226;11.380109057672346\" \/>\n<meta name=\"geo.region\" content=\"Austria\" \/>\n<!-- \/ Yoast SEO Premium plugin. -->","yoast_head_json":{"title":"DMM Ceros Sicherungskarabiner jetzt g\u00fcnstig online kaufen | bolting.eu","description":"Hier findest Du den DMM CEROS SICHERUNGSKARABINER. Einen perfekten Karabiner f\u00fcr viele Sicherungsger\u00e4te Typen bzw. Halbmastsicherung. Perfekt zum Sichern!","robots":{"index":"index","follow":"follow","max-snippet":"max-snippet:-1","max-image-preview":"max-image-preview:large","max-video-preview":"max-video-preview:-1"},"canonical":"https:\/\/bolting.eu\/en\/shop\/dmm-ceros-sicherungskarabiner\/","og_locale":"en_US","og_type":"article","og_title":"DMM Ceros Sicherungskarabiner","og_description":"Hier findest Du den DMM CEROS SICHERUNGSKARABINER. Einen perfekten Karabiner f\u00fcr viele Sicherungsger\u00e4te Typen bzw. Halbmastsicherung. Perfekt zum Sichern!","og_url":"https:\/\/bolting.eu\/en\/shop\/dmm-ceros-sicherungskarabiner\/","og_site_name":"bolting.eu","article_publisher":"https:\/\/www.facebook.com\/bolting.eu","article_modified_time":"2026-03-20T12:25:49+00:00","og_image":[{"width":700,"height":700,"url":"https:\/\/bolting.eu\/wp-content\/uploads\/2020\/08\/DMM-Ceros-Sicherungskarabiner.jpg","type":"image\/jpeg"}],"twitter_card":"summary_large_image","twitter_misc":{"Price":"&euro;&nbsp;25,95","Availability":"In stock"},"schema":{"@context":"https:\/\/schema.org","@graph":[{"@type":["WebPage","ItemPage"],"@id":"https:\/\/bolting.eu\/en\/shop\/dmm-ceros-sicherungskarabiner\/","url":"https:\/\/bolting.eu\/en\/shop\/dmm-ceros-sicherungskarabiner\/","name":"DMM Ceros Sicherungskarabiner jetzt g\u00fcnstig online kaufen | bolting.eu","isPartOf":{"@id":"https:\/\/bolting.eu\/en\/#website"},"primaryImageOfPage":{"@id":"https:\/\/bolting.eu\/en\/shop\/dmm-ceros-sicherungskarabiner\/#primaryimage"},"image":{"@id":"https:\/\/bolting.eu\/en\/shop\/dmm-ceros-sicherungskarabiner\/#primaryimage"},"thumbnailUrl":"https:\/\/bolting.eu\/wp-content\/uploads\/2020\/08\/DMM-Ceros-Sicherungskarabiner.jpg","datePublished":"2020-08-11T12:43:40+00:00","dateModified":"2026-03-20T12:25:49+00:00","description":"Hier findest Du den DMM CEROS SICHERUNGSKARABINER. Einen perfekten Karabiner f\u00fcr viele Sicherungsger\u00e4te Typen bzw. Halbmastsicherung. Perfekt zum Sichern!","breadcrumb":{"@id":"https:\/\/bolting.eu\/en\/shop\/dmm-ceros-sicherungskarabiner\/#breadcrumb"},"inLanguage":"en-US","potentialAction":[{"@type":"ReadAction","target":["https:\/\/bolting.eu\/en\/shop\/dmm-ceros-sicherungskarabiner\/"]}]},{"@type":"ImageObject","inLanguage":"en-US","@id":"https:\/\/bolting.eu\/en\/shop\/dmm-ceros-sicherungskarabiner\/#primaryimage","url":"https:\/\/bolting.eu\/wp-content\/uploads\/2020\/08\/DMM-Ceros-Sicherungskarabiner.jpg","contentUrl":"https:\/\/bolting.eu\/wp-content\/uploads\/2020\/08\/DMM-Ceros-Sicherungskarabiner.jpg","width":700,"height":700,"caption":"Das Bild zeigt den DMM Ceros Sicherungskarabiner. Er ist in Bildmitte auf einem wei\u00dfem Quadrat zu sehen. Man erkennt alle Features des silber-grauen Karabiner und seine Funktionsweise."},{"@type":"BreadcrumbList","@id":"https:\/\/bolting.eu\/en\/shop\/dmm-ceros-sicherungskarabiner\/#breadcrumb","itemListElement":[{"@type":"ListItem","position":1,"name":"Shop","item":"https:\/\/bolting.eu\/en\/shop\/"},{"@type":"ListItem","position":2,"name":"climbing equipment","item":"https:\/\/bolting.eu\/en\/produkt-kategorie\/climbing-equipment\/"},{"@type":"ListItem","position":3,"name":"Climbing carabiner","item":"https:\/\/bolting.eu\/en\/produkt-kategorie\/climbing-carabiner\/"},{"@type":"ListItem","position":4,"name":"Sicherungskarabiner","item":"https:\/\/bolting.eu\/produkt-kategorie\/kletterausruestung\/kletterkarabiner\/sicherungskarabiner\/"},{"@type":"ListItem","position":5,"name":"DMM Ceros Sicherungskarabiner"}]},{"@type":"WebSite","@id":"https:\/\/bolting.eu\/en\/#website","url":"https:\/\/bolting.eu\/en\/","name":"bolting.eu","description":"we make climbs happen","publisher":{"@id":"https:\/\/bolting.eu\/en\/#organization"},"potentialAction":[{"@type":"SearchAction","target":{"@type":"EntryPoint","urlTemplate":"https:\/\/bolting.eu\/en\/?s={search_term_string}"},"query-input":{"@type":"PropertyValueSpecification","valueRequired":true,"valueName":"search_term_string"}}],"inLanguage":"en-US"},{"@type":["Organization","Place","SportingGoodsStore"],"@id":"https:\/\/bolting.eu\/en\/#organization","name":"bolting.eu","url":"https:\/\/bolting.eu\/en\/","logo":{"@id":"https:\/\/bolting.eu\/en\/shop\/dmm-ceros-sicherungskarabiner\/#local-main-organization-logo"},"image":{"@id":"https:\/\/bolting.eu\/en\/shop\/dmm-ceros-sicherungskarabiner\/#local-main-organization-logo"},"sameAs":["https:\/\/www.facebook.com\/bolting.eu","https:\/\/www.instagram.com\/bolting.eu\/"],"address":{"@id":"https:\/\/bolting.eu\/en\/shop\/dmm-ceros-sicherungskarabiner\/#local-main-place-address"},"geo":{"@type":"GeoCoordinates","latitude":"47.264176340396226","longitude":"11.380109057672346"},"telephone":["+43 699 19083372"],"openingHoursSpecification":[{"@type":"OpeningHoursSpecification","dayOfWeek":["Monday","Wednesday","Friday"],"opens":"14:00","closes":"18:00"},{"@type":"OpeningHoursSpecification","dayOfWeek":["Tuesday","Thursday","Saturday","Sunday"],"opens":"00:00","closes":"00:00"}],"email":"office@bolting.eu","vatID":"ATU59999728","priceRange":"$$","currenciesAccepted":"Euro"},{"@type":"PostalAddress","@id":"https:\/\/bolting.eu\/en\/shop\/dmm-ceros-sicherungskarabiner\/#local-main-place-address","streetAddress":"Fischnalerstra\u00dfe 4","addressLocality":"Innsbruck","postalCode":"6020","addressRegion":"Tirol","addressCountry":"AT"},{"@type":"ImageObject","inLanguage":"en-US","@id":"https:\/\/bolting.eu\/en\/shop\/dmm-ceros-sicherungskarabiner\/#local-main-organization-logo","url":"https:\/\/bolting.eu\/wp-content\/uploads\/2019\/09\/bolting-logo.png","contentUrl":"https:\/\/bolting.eu\/wp-content\/uploads\/2019\/09\/bolting-logo.png","width":400,"height":211,"caption":"bolting.eu"}]},"product_price_amount":"25.95","product_price_currency":"EUR","og_availability":"instock","product_availability":"instock","product_retailer_item_id":"A872-A562","product_condition":"new","geo.placename":"Innsbruck","geo.position":{"lat":"47.264176340396226","long":"11.380109057672346"},"geo.region":"Austria"},"_links":{"self":[{"href":"https:\/\/bolting.eu\/en\/wp-json\/wp\/v2\/product\/4442","targetHints":{"allow":["GET"]}}],"collection":[{"href":"https:\/\/bolting.eu\/en\/wp-json\/wp\/v2\/product"}],"about":[{"href":"https:\/\/bolting.eu\/en\/wp-json\/wp\/v2\/types\/product"}],"replies":[{"embeddable":true,"href":"https:\/\/bolting.eu\/en\/wp-json\/wp\/v2\/comments?post=4442"}],"wp:featuredmedia":[{"embeddable":true,"href":"https:\/\/bolting.eu\/en\/wp-json\/wp\/v2\/media\/4443"}],"wp:attachment":[{"href":"https:\/\/bolting.eu\/en\/wp-json\/wp\/v2\/media?parent=4442"}],"wp:term":[{"taxonomy":"product_brand","embeddable":true,"href":"https:\/\/bolting.eu\/en\/wp-json\/wp\/v2\/product_brand?post=4442"},{"taxonomy":"product_cat","embeddable":true,"href":"https:\/\/bolting.eu\/en\/wp-json\/wp\/v2\/product_cat?post=4442"},{"taxonomy":"product_tag","embeddable":true,"href":"https:\/\/bolting.eu\/en\/wp-json\/wp\/v2\/product_tag?post=4442"}],"curies":[{"name":"wp","href":"https:\/\/api.w.org\/{rel}","templated":true}]}}