{"id":4437,"date":"2020-08-11T14:42:58","date_gmt":"2020-08-11T12:42:58","guid":{"rendered":"https:\/\/bolting.eu\/?post_type=product&#038;p=4437"},"modified":"2026-02-24T16:49:44","modified_gmt":"2026-02-24T15:49:44","slug":"dmm-belay-master-2","status":"publish","type":"product","link":"https:\/\/bolting.eu\/en\/shop\/dmm-belay-master-2\/","title":{"rendered":"DMM Belay Master 2"},"content":{"rendered":"<p>Der DMM Belay Master 2 ist ein genialer Sicherungskarabiner. Denn er kann sich in der Anseilschlaufe nicht verdrehen. Dies wird durch ein Kunststoff Drehgelenk verhindert. \u00dcberdies l\u00e4sst sich dieses nicht schlie\u00dfen, wenn der Schraubverschluss nicht ganz geschlossen wurde!<\/p>\n<p>Kurzum. Ein extrem sicherer Karabiner zur Verwendung mit vielen g\u00e4ngigen Sicherungsger\u00e4ten.<\/p>\n<h2>Eigenschaften DMM Belay Master 2<\/h2>\n<ul>\n<li>Hersteller: DMM<\/li>\n<li>Typ: Sicherungskarabiner<\/li>\n<li>Material: Alu bzw. Kunststoff<\/li>\n<li>Gewicht: 93Gramm<\/li>\n<li>Gr\u00f6\u00dfe: 115x70mm<\/li>\n<li>EN Normen: EN 362, EN 12275<\/li>\n<li>verhindert Querbelastung des Sicherungsger\u00e4tes<\/li>\n<li>nur zu schlie\u00dfen wenn Schraubverschluss ganz zu ist<\/li>\n<\/ul>\n<h3>DMM Belay Master 2 Video<\/h3>\n<p>Schaut euch das Pr\u00e4sentationsvideo dieses Sicherungskarabiners an. Es stellt \u00fcbersichtlich alle Vorteile des Karabiners vor. Wir finden es klasse, dass auch die Verwendung mit dem Halbmastwurf super r\u00fcber kommt. D.h. der Karabiner ist nicht nur f\u00fcr Sicherungsger\u00e4te geeignet!<\/p>\n<p><iframe loading=\"lazy\" src=\"https:\/\/player.vimeo.com\/video\/33283764?color=cc0033&amp;title=0&amp;byline=0&amp;portrait=0\" width=\"100%\" height=\"450\" frameborder=\"0\" allowfullscreen=\"allowfullscreen\"><\/iframe><\/p>\n<h3>Vollwertiger HMS Karabiner<\/h3>\n<p>Der DMM Belay Master 2 ist ein vollwertiger HMS Karabiner. D.h. mit ihm kann man mit Halbmastwurf sowohl sichern als auch abseilen. Der breite und runde Scheitel sorgt dabei f\u00fcr einen idealen Seilverlauf. D.h. kein Krangeln und ruckelfreies Durchlaufen!<\/p>\n<p>Somit hat man beim Verlust des Sicherungs- bzw. Abseilger\u00e4tes stets eine einfache Option mit dabei!<\/p>\n<figure id=\"attachment_4440\" aria-describedby=\"caption-attachment-4440\" style=\"width: 1024px\" class=\"wp-caption alignnone\"><a href=\"https:\/\/bolting.eu\/wp-content\/uploads\/2020\/08\/DMM-Belay-Master-2-3.jpg\"><img loading=\"lazy\" decoding=\"async\" class=\"wp-image-4440 size-full\" src=\"https:\/\/bolting.eu\/wp-content\/uploads\/2020\/08\/DMM-Belay-Master-2-3.jpg\" alt=\"Das Bild zeigt einen DMM Belay Master Sicherungskarabiner mit einem orangen Seil, dass mit einem Halbmastwurf im Karabiner h\u00e4ngt.\" width=\"1024\" height=\"573\" srcset=\"https:\/\/bolting.eu\/wp-content\/uploads\/2020\/08\/DMM-Belay-Master-2-3.jpg 1024w, https:\/\/bolting.eu\/wp-content\/uploads\/2020\/08\/DMM-Belay-Master-2-3-510x285.jpg 510w, https:\/\/bolting.eu\/wp-content\/uploads\/2020\/08\/DMM-Belay-Master-2-3-715x400.jpg 715w, https:\/\/bolting.eu\/wp-content\/uploads\/2020\/08\/DMM-Belay-Master-2-3-768x430.jpg 768w, https:\/\/bolting.eu\/wp-content\/uploads\/2020\/08\/DMM-Belay-Master-2-3-600x336.jpg 600w\" sizes=\"auto, (max-width: 1024px) 100vw, 1024px\" \/><\/a><figcaption id=\"caption-attachment-4440\" class=\"wp-caption-text\">Der Sicherungskarabiner ist ein vollwertiger HMS Karabiner!<\/figcaption><\/figure>\n<h3>DMM Belay Master 2 &#8211; sicher ist sicher<\/h3>\n<p>Was den Karabiner so einzigartig macht, ist sein Kunststoff Verschluss. Denn erstens l\u00e4sst sich diese nur schlie\u00dfen, wenn auch der Schraubverschluss am Schnapper zugedreht wurde. Zweitens h\u00e4lt er den Karabiner in der L\u00e4ngsposition fest. Somit erfolgt zum einen die Belastung in die st\u00e4rkste Richtung. Und andererseits werden Querbelastungen des Sicherungsger\u00e4tes vermieden. D.h. sie k\u00f6nnen beispielsweise nicht am Schnapper h\u00e4ngen bleiben.<\/p>\n<figure id=\"attachment_4441\" aria-describedby=\"caption-attachment-4441\" style=\"width: 1024px\" class=\"wp-caption alignnone\"><a href=\"https:\/\/bolting.eu\/wp-content\/uploads\/2020\/08\/DMM-Belay-Master-2-4.jpg\"><img loading=\"lazy\" decoding=\"async\" class=\"wp-image-4441 size-full\" src=\"https:\/\/bolting.eu\/wp-content\/uploads\/2020\/08\/DMM-Belay-Master-2-4.jpg\" alt=\"Das Bild zeigt den DMM Belay Master in der Hand einer Frau. Man erkennt, das ssich der Sicherheitsverschluss nicht schlie\u00dfen l\u00e4sst, weil der Schraubverschluss am Schnapper nicht ganz zugedreht wurde.\" width=\"1024\" height=\"682\" srcset=\"https:\/\/bolting.eu\/wp-content\/uploads\/2020\/08\/DMM-Belay-Master-2-4.jpg 1024w, https:\/\/bolting.eu\/wp-content\/uploads\/2020\/08\/DMM-Belay-Master-2-4-510x340.jpg 510w, https:\/\/bolting.eu\/wp-content\/uploads\/2020\/08\/DMM-Belay-Master-2-4-601x400.jpg 601w, https:\/\/bolting.eu\/wp-content\/uploads\/2020\/08\/DMM-Belay-Master-2-4-768x512.jpg 768w, https:\/\/bolting.eu\/wp-content\/uploads\/2020\/08\/DMM-Belay-Master-2-4-600x400.jpg 600w\" sizes=\"auto, (max-width: 1024px) 100vw, 1024px\" \/><\/a><figcaption id=\"caption-attachment-4441\" class=\"wp-caption-text\">Der DMM Belay Master l\u00e4sst sich nicht schlie\u00dfen, weil der Schraubverschluss nicht ganz zu ist. Ein super smartes Sicherheits Feature!<\/figcaption><\/figure>\n<h3>i-Beam Konstruktion<\/h3>\n<p>Der DMM Belay Master 2 wird wie alle DMM Karabiner hei\u00df geschmiedet. Das erm\u00f6glicht komplexe aber zugleich leichte Formen bzw. Querschnitte. Dazu z\u00e4hlt auch dieser Sicherungskarabiner. Denn er wiegt nur 93 Gramm. Zugleich ist der Karabiner sehr stark. Seine Bruchwerte liegen bei 25kN-10kN-8kN.<\/p>\n<h3>DMM Belay Master &#8211; Lebensdauer<\/h3>\n<p>Euer Sicherungskarabiner sollte mindestens einige Jahre halten. Wie lange, das h\u00e4ngt von der Einsatzfrequenz sowie Intensit\u00e4t ab. Beim Klettern mit schmutzigen Alpinseilen kann der Karabiner bereits nach einer Saison deutliche Abnutzungserscheinungen haben. Wird er selten verwendet, kann er 10 Jahre wie neu aussehen.<\/p>\n<p>In der Regel wird die max. Lebensdauer mit 15 Jahren angegeben. In jedem Fall m\u00fcsst ihr das Produkt aber tauschen, wenn der Kunststoff Clip kaputt geht. Denn dann ist die sichere Fixierung in der L\u00e4ngsposition nicht mehr gew\u00e4hrleistet.<\/p>\n<h4><strong>Praxis Tipp<\/strong><\/h4>\n<p>Wir empfehlen den DMM Belay Master 2 von Zeit zu Zeit zu waschen. Sp\u00fclt ihn unter lauwarmen Wasser einfach eine kurze Zeit aus. Dann lasst den Sicherungskarabiner am besten im Schatten sch\u00f6n trocknen. Ein paar Tropfen <a href=\"https:\/\/bolting.eu\/shop\/kong-kletterausruestung-pflegeoel\/\">Karabiner Pflege\u00f6l<\/a> sorgen f\u00fcr eine einwandfreies Funktionieren des Schnappers f\u00fcr viele weitere Monate!<\/p>\n","protected":false},"excerpt":{"rendered":"<ul>\n<li>Hersteller: DMM<\/li>\n<li>Typ: Sicherungskarabiner<\/li>\n<li>Material: Alu bzw. Kunststoff<\/li>\n<li>Gewicht: 93Gramm<\/li>\n<li>Gr\u00f6\u00dfe: 115x70mm<\/li>\n<li>EN Normen: EN 362, EN 12275<\/li>\n<li>verhindert Querbelastung des Sicherungsger\u00e4tes<\/li>\n<li>nur zu schlie\u00dfen wenn Schraubverschluss ganz zu ist<\/li>\n<\/ul>\n","protected":false},"featured_media":4438,"comment_status":"open","ping_status":"closed","template":"","meta":[],"product_brand":[],"product_cat":[44,9670,13358,14193,29],"product_tag":[],"class_list":{"0":"post-4437","1":"product","2":"type-product","3":"status-publish","4":"has-post-thumbnail","6":"product_cat-kletterkarabiner","7":"product_cat-dmm","8":"product_cat-hms-karabiner","9":"product_cat-sicherungskarabiner","10":"product_cat-kletterausruestung","12":"first","13":"instock","14":"taxable","15":"shipping-taxable","16":"purchasable","17":"product-type-simple"},"yoast_head":"<!-- This site is optimized with the Yoast SEO Premium plugin v26.9 (Yoast SEO v26.9) - https:\/\/yoast.com\/product\/yoast-seo-premium-wordpress\/ -->\n<title>DMM Belay Master 2 Sicherungskarabiner online kaufen | bolting.eu<\/title>\n<meta name=\"description\" content=\"Hier findest Du den DMM BELAY MASTER 2. Einen perfekten Sicherungskarabiner f\u00fcr viele Sicherungsger\u00e4te Typen bzw. Halbmastsicherung. Perfekt f\u00fcr Anf\u00e4nger!\" \/>\n<meta name=\"robots\" content=\"index, follow, max-snippet:-1, max-image-preview:large, max-video-preview:-1\" \/>\n<link rel=\"canonical\" href=\"https:\/\/bolting.eu\/en\/shop\/dmm-belay-master-2\/\" \/>\n<meta property=\"og:locale\" content=\"en_US\" \/>\n<meta property=\"og:type\" content=\"article\" \/>\n<meta property=\"og:title\" content=\"DMM Belay Master 2\" \/>\n<meta property=\"og:description\" content=\"Hier findest Du den DMM BELAY MASTER 2. Einen perfekten Sicherungskarabiner f\u00fcr viele Sicherungsger\u00e4te Typen bzw. Halbmastsicherung. Perfekt f\u00fcr Anf\u00e4nger!\" \/>\n<meta property=\"og:url\" content=\"https:\/\/bolting.eu\/en\/shop\/dmm-belay-master-2\/\" \/>\n<meta property=\"og:site_name\" content=\"bolting.eu\" \/>\n<meta property=\"article:publisher\" content=\"https:\/\/www.facebook.com\/bolting.eu\" \/>\n<meta property=\"article:modified_time\" content=\"2026-02-24T15:49:44+00:00\" \/>\n<meta property=\"og:image\" content=\"https:\/\/bolting.eu\/wp-content\/uploads\/2020\/08\/DMM-Belay-MAster-2-1.jpg\" \/>\n\t<meta property=\"og:image:width\" content=\"700\" \/>\n\t<meta property=\"og:image:height\" content=\"700\" \/>\n\t<meta property=\"og:image:type\" content=\"image\/jpeg\" \/>\n<meta name=\"twitter:card\" content=\"summary_large_image\" \/>\n<meta name=\"twitter:label1\" content=\"Price\" \/>\n\t<meta name=\"twitter:data1\" content=\"&euro;&nbsp;19,90\" \/>\n\t<meta name=\"twitter:label2\" content=\"Availability\" \/>\n\t<meta name=\"twitter:data2\" content=\"In stock\" \/>\n<script type=\"application\/ld+json\" class=\"yoast-schema-graph\">{\"@context\":\"https:\/\/schema.org\",\"@graph\":[{\"@type\":[\"WebPage\",\"ItemPage\"],\"@id\":\"https:\/\/bolting.eu\/en\/shop\/dmm-belay-master-2\/\",\"url\":\"https:\/\/bolting.eu\/en\/shop\/dmm-belay-master-2\/\",\"name\":\"DMM Belay Master 2 Sicherungskarabiner online kaufen | bolting.eu\",\"isPartOf\":{\"@id\":\"https:\/\/bolting.eu\/en\/#website\"},\"primaryImageOfPage\":{\"@id\":\"https:\/\/bolting.eu\/en\/shop\/dmm-belay-master-2\/#primaryimage\"},\"image\":{\"@id\":\"https:\/\/bolting.eu\/en\/shop\/dmm-belay-master-2\/#primaryimage\"},\"thumbnailUrl\":\"https:\/\/bolting.eu\/wp-content\/uploads\/2020\/08\/DMM-Belay-MAster-2-1.jpg\",\"datePublished\":\"2020-08-11T12:42:58+00:00\",\"dateModified\":\"2026-02-24T15:49:44+00:00\",\"description\":\"Hier findest Du den DMM BELAY MASTER 2. Einen perfekten Sicherungskarabiner f\u00fcr viele Sicherungsger\u00e4te Typen bzw. Halbmastsicherung. Perfekt f\u00fcr Anf\u00e4nger!\",\"breadcrumb\":{\"@id\":\"https:\/\/bolting.eu\/en\/shop\/dmm-belay-master-2\/#breadcrumb\"},\"inLanguage\":\"en-US\",\"potentialAction\":[{\"@type\":\"ReadAction\",\"target\":[\"https:\/\/bolting.eu\/en\/shop\/dmm-belay-master-2\/\"]}]},{\"@type\":\"ImageObject\",\"inLanguage\":\"en-US\",\"@id\":\"https:\/\/bolting.eu\/en\/shop\/dmm-belay-master-2\/#primaryimage\",\"url\":\"https:\/\/bolting.eu\/wp-content\/uploads\/2020\/08\/DMM-Belay-MAster-2-1.jpg\",\"contentUrl\":\"https:\/\/bolting.eu\/wp-content\/uploads\/2020\/08\/DMM-Belay-MAster-2-1.jpg\",\"width\":700,\"height\":700,\"caption\":\"Das Bild zeigt einen DMM Belay Master Sicherungskarabiner. Man sieht den Karabiner frontal von der Seite und erkennt den Kunststoff Sicherheitsverschluss bzw. wie das prinzip der Fixierung in der Anseilschlaufe funktioniert.\"},{\"@type\":\"BreadcrumbList\",\"@id\":\"https:\/\/bolting.eu\/en\/shop\/dmm-belay-master-2\/#breadcrumb\",\"itemListElement\":[{\"@type\":\"ListItem\",\"position\":1,\"name\":\"Shop\",\"item\":\"https:\/\/bolting.eu\/en\/shop\/\"},{\"@type\":\"ListItem\",\"position\":2,\"name\":\"climbing equipment\",\"item\":\"https:\/\/bolting.eu\/en\/produkt-kategorie\/climbing-equipment\/\"},{\"@type\":\"ListItem\",\"position\":3,\"name\":\"Climbing carabiner\",\"item\":\"https:\/\/bolting.eu\/en\/produkt-kategorie\/climbing-carabiner\/\"},{\"@type\":\"ListItem\",\"position\":4,\"name\":\"Sicherungskarabiner\",\"item\":\"https:\/\/bolting.eu\/produkt-kategorie\/kletterausruestung\/kletterkarabiner\/sicherungskarabiner\/\"},{\"@type\":\"ListItem\",\"position\":5,\"name\":\"DMM Belay Master 2\"}]},{\"@type\":\"WebSite\",\"@id\":\"https:\/\/bolting.eu\/en\/#website\",\"url\":\"https:\/\/bolting.eu\/en\/\",\"name\":\"bolting.eu\",\"description\":\"we make climbs happen\",\"publisher\":{\"@id\":\"https:\/\/bolting.eu\/en\/#organization\"},\"potentialAction\":[{\"@type\":\"SearchAction\",\"target\":{\"@type\":\"EntryPoint\",\"urlTemplate\":\"https:\/\/bolting.eu\/en\/?s={search_term_string}\"},\"query-input\":{\"@type\":\"PropertyValueSpecification\",\"valueRequired\":true,\"valueName\":\"search_term_string\"}}],\"inLanguage\":\"en-US\"},{\"@type\":[\"Organization\",\"Place\",\"SportingGoodsStore\"],\"@id\":\"https:\/\/bolting.eu\/en\/#organization\",\"name\":\"bolting.eu\",\"url\":\"https:\/\/bolting.eu\/en\/\",\"logo\":{\"@id\":\"https:\/\/bolting.eu\/en\/shop\/dmm-belay-master-2\/#local-main-organization-logo\"},\"image\":{\"@id\":\"https:\/\/bolting.eu\/en\/shop\/dmm-belay-master-2\/#local-main-organization-logo\"},\"sameAs\":[\"https:\/\/www.facebook.com\/bolting.eu\",\"https:\/\/www.instagram.com\/bolting.eu\/\"],\"address\":{\"@id\":\"https:\/\/bolting.eu\/en\/shop\/dmm-belay-master-2\/#local-main-place-address\"},\"geo\":{\"@type\":\"GeoCoordinates\",\"latitude\":\"47.264176340396226\",\"longitude\":\"11.380109057672346\"},\"telephone\":[\"+43 699 19083372\"],\"openingHoursSpecification\":[{\"@type\":\"OpeningHoursSpecification\",\"dayOfWeek\":[\"Monday\",\"Wednesday\",\"Friday\"],\"opens\":\"14:00\",\"closes\":\"18:00\"},{\"@type\":\"OpeningHoursSpecification\",\"dayOfWeek\":[\"Tuesday\",\"Thursday\",\"Saturday\",\"Sunday\"],\"opens\":\"00:00\",\"closes\":\"00:00\"}],\"email\":\"office@bolting.eu\",\"vatID\":\"ATU59999728\",\"priceRange\":\"$$\",\"currenciesAccepted\":\"Euro\"},{\"@type\":\"PostalAddress\",\"@id\":\"https:\/\/bolting.eu\/en\/shop\/dmm-belay-master-2\/#local-main-place-address\",\"streetAddress\":\"Fischnalerstra\u00dfe 4\",\"addressLocality\":\"Innsbruck\",\"postalCode\":\"6020\",\"addressRegion\":\"Tirol\",\"addressCountry\":\"AT\"},{\"@type\":\"ImageObject\",\"inLanguage\":\"en-US\",\"@id\":\"https:\/\/bolting.eu\/en\/shop\/dmm-belay-master-2\/#local-main-organization-logo\",\"url\":\"https:\/\/bolting.eu\/wp-content\/uploads\/2019\/09\/bolting-logo.png\",\"contentUrl\":\"https:\/\/bolting.eu\/wp-content\/uploads\/2019\/09\/bolting-logo.png\",\"width\":400,\"height\":211,\"caption\":\"bolting.eu\"}]}<\/script>\n<meta property=\"product:price:amount\" content=\"19.90\" \/>\n<meta property=\"product:price:currency\" content=\"EUR\" \/>\n<meta property=\"og:availability\" content=\"instock\" \/>\n<meta property=\"product:availability\" content=\"instock\" \/>\n<meta property=\"product:retailer_item_id\" content=\"A872\" \/>\n<meta property=\"product:condition\" content=\"new\" \/>\n<meta name=\"geo.placename\" content=\"Innsbruck\" \/>\n<meta name=\"geo.position\" content=\"47.264176340396226;11.380109057672346\" \/>\n<meta name=\"geo.region\" content=\"Austria\" \/>\n<!-- \/ Yoast SEO Premium plugin. -->","yoast_head_json":{"title":"DMM Belay Master 2 Sicherungskarabiner online kaufen | bolting.eu","description":"Hier findest Du den DMM BELAY MASTER 2. Einen perfekten Sicherungskarabiner f\u00fcr viele Sicherungsger\u00e4te Typen bzw. Halbmastsicherung. Perfekt f\u00fcr Anf\u00e4nger!","robots":{"index":"index","follow":"follow","max-snippet":"max-snippet:-1","max-image-preview":"max-image-preview:large","max-video-preview":"max-video-preview:-1"},"canonical":"https:\/\/bolting.eu\/en\/shop\/dmm-belay-master-2\/","og_locale":"en_US","og_type":"article","og_title":"DMM Belay Master 2","og_description":"Hier findest Du den DMM BELAY MASTER 2. Einen perfekten Sicherungskarabiner f\u00fcr viele Sicherungsger\u00e4te Typen bzw. Halbmastsicherung. Perfekt f\u00fcr Anf\u00e4nger!","og_url":"https:\/\/bolting.eu\/en\/shop\/dmm-belay-master-2\/","og_site_name":"bolting.eu","article_publisher":"https:\/\/www.facebook.com\/bolting.eu","article_modified_time":"2026-02-24T15:49:44+00:00","og_image":[{"width":700,"height":700,"url":"https:\/\/bolting.eu\/wp-content\/uploads\/2020\/08\/DMM-Belay-MAster-2-1.jpg","type":"image\/jpeg"}],"twitter_card":"summary_large_image","twitter_misc":{"Price":"&euro;&nbsp;19,90","Availability":"In stock"},"schema":{"@context":"https:\/\/schema.org","@graph":[{"@type":["WebPage","ItemPage"],"@id":"https:\/\/bolting.eu\/en\/shop\/dmm-belay-master-2\/","url":"https:\/\/bolting.eu\/en\/shop\/dmm-belay-master-2\/","name":"DMM Belay Master 2 Sicherungskarabiner online kaufen | bolting.eu","isPartOf":{"@id":"https:\/\/bolting.eu\/en\/#website"},"primaryImageOfPage":{"@id":"https:\/\/bolting.eu\/en\/shop\/dmm-belay-master-2\/#primaryimage"},"image":{"@id":"https:\/\/bolting.eu\/en\/shop\/dmm-belay-master-2\/#primaryimage"},"thumbnailUrl":"https:\/\/bolting.eu\/wp-content\/uploads\/2020\/08\/DMM-Belay-MAster-2-1.jpg","datePublished":"2020-08-11T12:42:58+00:00","dateModified":"2026-02-24T15:49:44+00:00","description":"Hier findest Du den DMM BELAY MASTER 2. Einen perfekten Sicherungskarabiner f\u00fcr viele Sicherungsger\u00e4te Typen bzw. Halbmastsicherung. Perfekt f\u00fcr Anf\u00e4nger!","breadcrumb":{"@id":"https:\/\/bolting.eu\/en\/shop\/dmm-belay-master-2\/#breadcrumb"},"inLanguage":"en-US","potentialAction":[{"@type":"ReadAction","target":["https:\/\/bolting.eu\/en\/shop\/dmm-belay-master-2\/"]}]},{"@type":"ImageObject","inLanguage":"en-US","@id":"https:\/\/bolting.eu\/en\/shop\/dmm-belay-master-2\/#primaryimage","url":"https:\/\/bolting.eu\/wp-content\/uploads\/2020\/08\/DMM-Belay-MAster-2-1.jpg","contentUrl":"https:\/\/bolting.eu\/wp-content\/uploads\/2020\/08\/DMM-Belay-MAster-2-1.jpg","width":700,"height":700,"caption":"Das Bild zeigt einen DMM Belay Master Sicherungskarabiner. Man sieht den Karabiner frontal von der Seite und erkennt den Kunststoff Sicherheitsverschluss bzw. wie das prinzip der Fixierung in der Anseilschlaufe funktioniert."},{"@type":"BreadcrumbList","@id":"https:\/\/bolting.eu\/en\/shop\/dmm-belay-master-2\/#breadcrumb","itemListElement":[{"@type":"ListItem","position":1,"name":"Shop","item":"https:\/\/bolting.eu\/en\/shop\/"},{"@type":"ListItem","position":2,"name":"climbing equipment","item":"https:\/\/bolting.eu\/en\/produkt-kategorie\/climbing-equipment\/"},{"@type":"ListItem","position":3,"name":"Climbing carabiner","item":"https:\/\/bolting.eu\/en\/produkt-kategorie\/climbing-carabiner\/"},{"@type":"ListItem","position":4,"name":"Sicherungskarabiner","item":"https:\/\/bolting.eu\/produkt-kategorie\/kletterausruestung\/kletterkarabiner\/sicherungskarabiner\/"},{"@type":"ListItem","position":5,"name":"DMM Belay Master 2"}]},{"@type":"WebSite","@id":"https:\/\/bolting.eu\/en\/#website","url":"https:\/\/bolting.eu\/en\/","name":"bolting.eu","description":"we make climbs happen","publisher":{"@id":"https:\/\/bolting.eu\/en\/#organization"},"potentialAction":[{"@type":"SearchAction","target":{"@type":"EntryPoint","urlTemplate":"https:\/\/bolting.eu\/en\/?s={search_term_string}"},"query-input":{"@type":"PropertyValueSpecification","valueRequired":true,"valueName":"search_term_string"}}],"inLanguage":"en-US"},{"@type":["Organization","Place","SportingGoodsStore"],"@id":"https:\/\/bolting.eu\/en\/#organization","name":"bolting.eu","url":"https:\/\/bolting.eu\/en\/","logo":{"@id":"https:\/\/bolting.eu\/en\/shop\/dmm-belay-master-2\/#local-main-organization-logo"},"image":{"@id":"https:\/\/bolting.eu\/en\/shop\/dmm-belay-master-2\/#local-main-organization-logo"},"sameAs":["https:\/\/www.facebook.com\/bolting.eu","https:\/\/www.instagram.com\/bolting.eu\/"],"address":{"@id":"https:\/\/bolting.eu\/en\/shop\/dmm-belay-master-2\/#local-main-place-address"},"geo":{"@type":"GeoCoordinates","latitude":"47.264176340396226","longitude":"11.380109057672346"},"telephone":["+43 699 19083372"],"openingHoursSpecification":[{"@type":"OpeningHoursSpecification","dayOfWeek":["Monday","Wednesday","Friday"],"opens":"14:00","closes":"18:00"},{"@type":"OpeningHoursSpecification","dayOfWeek":["Tuesday","Thursday","Saturday","Sunday"],"opens":"00:00","closes":"00:00"}],"email":"office@bolting.eu","vatID":"ATU59999728","priceRange":"$$","currenciesAccepted":"Euro"},{"@type":"PostalAddress","@id":"https:\/\/bolting.eu\/en\/shop\/dmm-belay-master-2\/#local-main-place-address","streetAddress":"Fischnalerstra\u00dfe 4","addressLocality":"Innsbruck","postalCode":"6020","addressRegion":"Tirol","addressCountry":"AT"},{"@type":"ImageObject","inLanguage":"en-US","@id":"https:\/\/bolting.eu\/en\/shop\/dmm-belay-master-2\/#local-main-organization-logo","url":"https:\/\/bolting.eu\/wp-content\/uploads\/2019\/09\/bolting-logo.png","contentUrl":"https:\/\/bolting.eu\/wp-content\/uploads\/2019\/09\/bolting-logo.png","width":400,"height":211,"caption":"bolting.eu"}]},"product_price_amount":"19.90","product_price_currency":"EUR","og_availability":"instock","product_availability":"instock","product_retailer_item_id":"A872","product_condition":"new","geo.placename":"Innsbruck","geo.position":{"lat":"47.264176340396226","long":"11.380109057672346"},"geo.region":"Austria"},"_links":{"self":[{"href":"https:\/\/bolting.eu\/en\/wp-json\/wp\/v2\/product\/4437","targetHints":{"allow":["GET"]}}],"collection":[{"href":"https:\/\/bolting.eu\/en\/wp-json\/wp\/v2\/product"}],"about":[{"href":"https:\/\/bolting.eu\/en\/wp-json\/wp\/v2\/types\/product"}],"replies":[{"embeddable":true,"href":"https:\/\/bolting.eu\/en\/wp-json\/wp\/v2\/comments?post=4437"}],"wp:featuredmedia":[{"embeddable":true,"href":"https:\/\/bolting.eu\/en\/wp-json\/wp\/v2\/media\/4438"}],"wp:attachment":[{"href":"https:\/\/bolting.eu\/en\/wp-json\/wp\/v2\/media?parent=4437"}],"wp:term":[{"taxonomy":"product_brand","embeddable":true,"href":"https:\/\/bolting.eu\/en\/wp-json\/wp\/v2\/product_brand?post=4437"},{"taxonomy":"product_cat","embeddable":true,"href":"https:\/\/bolting.eu\/en\/wp-json\/wp\/v2\/product_cat?post=4437"},{"taxonomy":"product_tag","embeddable":true,"href":"https:\/\/bolting.eu\/en\/wp-json\/wp\/v2\/product_tag?post=4437"}],"curies":[{"name":"wp","href":"https:\/\/api.w.org\/{rel}","templated":true}]}}