{"id":4426,"date":"2020-08-11T09:12:14","date_gmt":"2020-08-11T07:12:14","guid":{"rendered":"https:\/\/bolting.eu\/?post_type=product&#038;p=4426"},"modified":"2026-05-08T16:42:03","modified_gmt":"2026-05-08T14:42:03","slug":"dmm-revolver","status":"publish","type":"product","link":"https:\/\/bolting.eu\/en\/shop\/dmm-revolver\/","title":{"rendered":"DMM Revolver"},"content":{"rendered":"<p>Der DMM Revolver ist ein ganz spezielles Produkt. Denn es handelt sich um einen Karabiner mit Seilrolle. D.h. er ist mit einer gelagerten Rolle im Scheitel ausgestattet. Somit ist er ideal beim Klettern im Vorstieg. Beisoielsweise beim Trad Klettern. Hierbei reduziert er die Seilreibung bzw. h\u00e4lt die Placements ganz stabil. Zudem ist er f\u00fcr alle Rettungstechniken mit Flaschenz\u00fcgen perfekt geeignet.<\/p>\n<h2>Eigenschaften DMM Revolver<\/h2>\n<ul>\n<li>Hersteller: DMM<\/li>\n<li>Material: Alu<\/li>\n<li>Gewicht: 63 Gramm<\/li>\n<li>Gr\u00f6\u00dfe: 60x109mm<\/li>\n<li>Bruchlast: 24kN &#8211; 8kN &#8211; 8kN<\/li>\n<li>EN Normen: EN 362, EN 12275<\/li>\n<li>hei\u00df geschmiedete i-beam Konstruktion<\/li>\n<li>Seilrolle f\u00fcr Belastungen bis 11kN \/ 1.100kg<\/li>\n<li>perfekt f\u00fcr Flaschenz\u00fcge bzw. &#8220;lose Rolle&#8221;<\/li>\n<li>reduziert Seilreibung<\/li>\n<\/ul>\n<h2>DMM Revolver Video<\/h2>\n<p>Bilder sagen mehr als 1.000 Worte! Deswegen stellen wir Euch den Karabiner mit Seilrolle im folgenden Video vor.<\/p>\n<p><iframe loading=\"lazy\" src=\"https:\/\/player.vimeo.com\/video\/40287919?color=cc0033&amp;title=0&amp;byline=0&amp;portrait=0\" width=\"100%\" height=\"360\" frameborder=\"0\" allowfullscreen=\"allowfullscreen\"><span data-mce-type=\"bookmark\" style=\"display: inline-block; width: 0px; overflow: hidden; line-height: 0;\" class=\"mce_SELRES_start\">\ufeff<\/span><\/iframe><\/p>\n<h3>Hei\u00df geschmiedete i-beam Konstruktion<\/h3>\n<p>F\u00fcr die Produktion des DMM Revolver musste DMM ganz neue Produktionswege gehen. In diesem Zuge wurde die Hardware Edelschmiede aus Wales zum Erfinder der i-beam Konstruktion. Oder anders ausgedr\u00fcckt. DMM ist verantwortlich f\u00fcr die komplexen Karabiner Formen auf Basis des &#8220;Hei\u00df-Schmieden&#8221;. D.h. durch diese Methode k\u00f6nnen viel aufwendiger Querschnitte produziert werden.<\/p>\n<h3>Gelagerte Seilrolle<\/h3>\n<p><a href=\"https:\/\/bolting.eu\/wp-content\/uploads\/2020\/08\/DMM-Revolver-Seilrolle-Detail.jpg\"><img loading=\"lazy\" decoding=\"async\" class=\"alignleft wp-image-4432\" src=\"https:\/\/bolting.eu\/wp-content\/uploads\/2020\/08\/DMM-Revolver-Seilrolle-Detail-280x280.jpg\" alt=\"Das Bild zeigt eine Seilrolle des DMM Revolver im Detail. Man erkennt die gelbe Rolle im Scheitel eine silbetrgrauen KArabiners.\" width=\"200\" height=\"200\" srcset=\"https:\/\/bolting.eu\/wp-content\/uploads\/2020\/08\/DMM-Revolver-Seilrolle-Detail-280x280.jpg 280w, https:\/\/bolting.eu\/wp-content\/uploads\/2020\/08\/DMM-Revolver-Seilrolle-Detail-100x100.jpg 100w, https:\/\/bolting.eu\/wp-content\/uploads\/2020\/08\/DMM-Revolver-Seilrolle-Detail-510x510.jpg 510w, https:\/\/bolting.eu\/wp-content\/uploads\/2020\/08\/DMM-Revolver-Seilrolle-Detail-400x400.jpg 400w, https:\/\/bolting.eu\/wp-content\/uploads\/2020\/08\/DMM-Revolver-Seilrolle-Detail-300x300.jpg 300w, https:\/\/bolting.eu\/wp-content\/uploads\/2020\/08\/DMM-Revolver-Seilrolle-Detail-600x600.jpg 600w, https:\/\/bolting.eu\/wp-content\/uploads\/2020\/08\/DMM-Revolver-Seilrolle-Detail.jpg 700w\" sizes=\"auto, (max-width: 200px) 100vw, 200px\" \/><\/a>Der DMM Revolver war der weltweit erste Karabiner mit integrierter Seilrolle. Diese l\u00e4uft auf einem rostfreiem Stahl Lager auf rostfreier Achse. Das Lager ist komplett abgeschlossen. D.h. es kann nicht schmutzig werden und ist somit sowohl wartungsfrei als auch extrem langlebig.<\/p>\n<p>Die Rolle hat eine Delle. Dadurch liegt das Kletterseil immer genau in der Mitte der Rolle auf. Sie funktioniert bis zu einer Belastung von 11kN \/ 1.100kg. Sollte sie aufgrund zu hoher Belastung brechen, funktioniert der Karabiner immer noch wie jeder andere auch.<\/p>\n<h3>Einsatzbereiche DMM Revolver<\/h3>\n<p>Die integrierte Rolle erm\u00f6glicht einen extrem breiten Einsatzbereich dieses Karabiners. Denn durch die reduzierte Seilreibung ist er \u00fcberall dort hilfreich, wo dieser Effekt erw\u00fcnscht ist. Beispielsweise bei vielen Rettungstechniken sowie im Vorstieg. Dar\u00fcber hinaus ist der Karabiner mit Seilrolle perfekt um seilschonend ein Top Rope einzurichten. Im Bereich der H\u00f6henarbeiten ist er ein fix Bestandteil der Ausr\u00fcstung.<\/p>\n<p>Wir wollen euch die g\u00e4ngigsten Anwendungen kurz vorstellen.<\/p>\n<h4><strong>Sportklettern<\/strong><\/h4>\n<p>Der DMM Revolver reduziert die Seilreibung von Einfachseilen um bis zu 90%. D.h. er ist der perfekte Karabiner f\u00fcr verl\u00e4ngerbare Expressen bzw. lange Expressen. \u00dcberall wo der Routenverlauf &#8220;um\u00b4s Eck&#8221; geht, sorgt er f\u00fcr ein &#8220;reibungsloses&#8221; Durchlaufen.<\/p>\n<h4><strong>Trad Klettern<\/strong><\/h4>\n<p>Beim Trad Klettern hat der DMM Revolver zwei ganz entscheidende Vorteile. Zum einen die bereits erw\u00e4hnte verringerte Seilreibung. Zum anderen aber auch das &#8220;ruckelfreie&#8221; Durchlaufen des Seils im Karabiner.<\/p>\n<p>D.h. es setzt an den Keilen bzw. Friends viel weniger Kraft durch den Seilzug an. Dadurch bleiben die Placements viel stabiler in Ihrer Position. Oder anders ausgedr\u00fcckt. Das &#8220;Herausziehen&#8221; der Sicherungen durch den Seilzug kann auf ein Minimum reduziert werden!<\/p>\n<h4><strong>Rettungstechniken mit dem DMM Revolver<\/strong><\/h4>\n<p>Der Karabiner mit Seilrolle ist ein fixer Bestandteil bei vielen Bergf\u00fchrern, Bergrettern und Rettungsorganisationen. Denn er l\u00e4sst sich ideal bei allen Arten von Flaschenz\u00fcgen einbauen. Die integrierte Rolle hat einen Wirkungsgrad von ca. 90%. Folglich bedeutet sie eine enorme Erleichterung des n\u00f6tigen Kraftaufwandes. Beispielsweise bei der Spaltenbergung mit der &#8220;losen Rolle&#8221;.<\/p>\n<h4><strong>DMM Revolver bei H\u00f6henarbeiten<\/strong><\/h4>\n<p>H\u00f6henarbeiter haben immer ein paar Revolver mit dabei. Erstens f\u00fcr alle Arten der Partnerrettung wie soeben vorgestellt.<\/p>\n<p>Zweitens um das Seil im Aufstieg mit einer Seilklemme umlenken zu k\u00f6nnen. Und drittens um kraftsparend kleiner Lasten zu heben bzw. abzulassen.<\/p>\n<p><a href=\"https:\/\/bolting.eu\/wp-content\/uploads\/2020\/08\/DMM-Revolver-Modellu\u0308bersicht-1.jpg\"><img loading=\"lazy\" decoding=\"async\" class=\"alignnone wp-image-4431 size-full\" src=\"https:\/\/bolting.eu\/wp-content\/uploads\/2020\/08\/DMM-Revolver-Modellu\u0308bersicht-1.jpg\" alt=\"Das Bild zeigt vier DMM Revolver Karabiner mit Seilrolle Modelltypen. Von Links nach REchts sind zu sehen: Schnappkarabiner, Schraubkarabiner, Locksafe und Kwicklock.\" width=\"1200\" height=\"630\" srcset=\"https:\/\/bolting.eu\/wp-content\/uploads\/2020\/08\/DMM-Revolver-Modellu\u0308bersicht-1.jpg 1200w, https:\/\/bolting.eu\/wp-content\/uploads\/2020\/08\/DMM-Revolver-Modellu\u0308bersicht-1-510x268.jpg 510w, https:\/\/bolting.eu\/wp-content\/uploads\/2020\/08\/DMM-Revolver-Modellu\u0308bersicht-1-762x400.jpg 762w, https:\/\/bolting.eu\/wp-content\/uploads\/2020\/08\/DMM-Revolver-Modellu\u0308bersicht-1-768x403.jpg 768w, https:\/\/bolting.eu\/wp-content\/uploads\/2020\/08\/DMM-Revolver-Modellu\u0308bersicht-1-600x315.jpg 600w\" sizes=\"auto, (max-width: 1200px) 100vw, 1200px\" \/><\/a><\/p>\n<h3>DMM Revolver &#8211; Karabinertypen<\/h3>\n<p>Den Karabiner mit Seilrolle gibt es in vier verschiedenen Ausf\u00fchrungen.<\/p>\n<p>Erstens als Schnappkarabiner. Zweitens als Schraubkarabiner. Drittens als 2-Wege Twist Lock und viertens als 3-Wege Twist-Lock.<\/p>\n<h4><strong>Schnappkarabiner<\/strong><\/h4>\n<p>Diese Variante ist die ideale f\u00fcr das Sport- bzw. Trad Klettern.<\/p>\n<p>Wie bereits erw\u00e4hnt ist er perfekt um das Seil reibungsfrei um Ecken zu lenken bzw. Trad Palcements zu stabilisieren. Wir empfehlen 2-4 Stk. der Karabiner f\u00fcr Eure Kletterausr\u00fcstung. Dieser Modelltyp ist extrem leicht.<\/p>\n<p>Er wiegt gerade einmal 51 Gramm. Somit f\u00e4llt er sprichw\u00f6rtlich nicht ins Gewicht.<\/p>\n<h4><strong>DMM Revolver Srewgate<\/strong><\/h4>\n<p>Dieser Modelltyp ist perfekt f\u00fcr alle Rettungstechniken. Der Schraubverschluss verhindert ein unbeabsichtigtes \u00d6ffnen. Sowohl bei der &#8220;losen Rolle&#8221; in der <a href=\"https:\/\/bolting.eu\/produkt-kategorie\/spaltenbergung\/\">Spaltenbergung<\/a> als auch beim Flaschenzug um seinen Nachsteiger zu unterst\u00fctzen. Der Revolver ist immer handy!<\/p>\n<p>Mit 63 Gramm immer noch ein absolutes Leichtgewicht.<\/p>\n<h4><strong>&#8220;Kwiklock&#8221; &#8211; 2-Wege Twist Lock<\/strong><\/h4>\n<p>Zuerst den DMM Revolver einmal drehen. Dann aufdr\u00fccken. Der 2-Wege Twist Lock Verschluss ist ideal wo man rasch und effizient arbeiten will. Beispielsweise beim Heben und Senken von Lasten. Oder beim Umlenken vom Seil in einer Steigklemme.<\/p>\n<p>Dieses Modelltyp ist zu empfehlen, wo das Thema Absturzsicherheit nicht unbedingt im Vordergrund steht. Kurzum: f\u00fcr alle &#8220;Hilfsarbeiten&#8221;, Flaschenz\u00fcge etc. ist der &#8220;einfache&#8221; Twist Lock perfekt.<\/p>\n<p>Dieser Modelltyp wiegt 69 Gramm.<\/p>\n<h4><strong>&#8220;Locksafe&#8221; &#8211; 3-Wege Twist Lock<\/strong><\/h4>\n<p>Zuerst den Verschluss gegen den Schnapper dr\u00fccken. Dann 90\u00b0 drehen. Daraufhin aufdr\u00fccken. Der 3-Wege Twist Lock des DMM Revolver sorgt f\u00fcr viel Sicherheitsreserve. D.h. er wird vor allem bei H\u00f6henarbeiten und bei Rettungstechniken eingesetzt.<\/p>\n<p>Denn mit diesem System ist man sowohl schnell aus auch sehr sicher unterwegs. Bei und kaufen z.B. viele Baumpfleger sowie High Access Arbeiter diesen Modelltyp.<\/p>\n<p>Dieses Modell kommt gerade einmal auf 70 Gramm Gewicht.<\/p>\n<h3>Praxis Tipp DMM Revolver<\/h3>\n<p>Ihr wollt den Karabiner mit Seilrolle zum Klettern im Vorstieg verwenden? Dann testet unbedingt das St\u00fcrzen bzw. Sichern mit Eurem Seilpartner aus. Denn es kommt durch die geringe Reibung viel mehr Energie beim Sicherer an als normal. D.h. es ist f\u00fcr den Sicherer eine ganz neue Situation an welche man sich gew\u00f6hnen sollte.<\/p>\n<p>Insbesonders Seilschaften mit gr\u00f6\u00dferem Gewichtsunterschied m\u00fcssen dies ber\u00fccksichtigen. Verwendet gegebenenfalls einen Vorschaltwiderstand wie des <a href=\"https:\/\/bolting.eu\/shop\/edelrid-ohm\/\">Edelrid Ohm<\/a>.<\/p>\n","protected":false},"excerpt":{"rendered":"<ul>\n<li>Hersteller: DMM<\/li>\n<li>Material: Alu<\/li>\n<li>Gewicht: 63 Gramm<\/li>\n<li>Gr\u00f6\u00dfe: 60x109mm<\/li>\n<li>Bruchlast: 24kN &#8211; 8kN &#8211; 8kN<\/li>\n<li>EN Normen: EN 362, EN 12275<\/li>\n<li>hei\u00df geschmiedete i-beam Konstruktion<\/li>\n<li>Seilrolle f\u00fcr Belastungen bis 11kN \/ 1.100kg<\/li>\n<li>perfekt f\u00fcr Flaschenz\u00fcge bzw. &#8220;lose Rolle&#8221;<\/li>\n<li>reduziert Seilreibung<\/li>\n<\/ul>\n","protected":false},"featured_media":4428,"comment_status":"open","ping_status":"closed","template":"","meta":[],"product_brand":[],"product_cat":[3008,3009,31,44,9670,11051,3004],"product_tag":[],"class_list":{"0":"post-4426","1":"product","2":"type-product","3":"status-publish","4":"has-post-thumbnail","6":"product_cat-sicherheitskarabiner","7":"product_cat-schraubkarabiner","8":"product_cat-big-wall-ausruestung","9":"product_cat-kletterkarabiner","10":"product_cat-dmm","11":"product_cat-spaltenbergung","12":"product_cat-schnappkarabiner","14":"first","15":"instock","16":"taxable","17":"shipping-taxable","18":"purchasable","19":"product-type-variable"},"yoast_head":"<!-- This site is optimized with the Yoast SEO Premium plugin v26.9 (Yoast SEO v26.9) - https:\/\/yoast.com\/product\/yoast-seo-premium-wordpress\/ -->\n<title>DMM Revolver - Karabiner mit Seilrolle: jetzt online kaufen | bolting.eu<\/title>\n<meta name=\"description\" content=\"Hier findest Du den DMM REVOLVER Karabiner mit Seilrolle als Schnappkarabiner, Schrauber, 2-Wege und 3-Wege Twist Lock beim Kletterprofi aus \ud83c\udde6\ud83c\uddf9!\" \/>\n<meta name=\"robots\" content=\"index, follow, max-snippet:-1, max-image-preview:large, max-video-preview:-1\" \/>\n<link rel=\"canonical\" href=\"https:\/\/bolting.eu\/en\/shop\/dmm-revolver\/\" \/>\n<meta property=\"og:locale\" content=\"en_US\" \/>\n<meta property=\"og:type\" content=\"article\" \/>\n<meta property=\"og:title\" content=\"DMM Revolver\" \/>\n<meta property=\"og:description\" content=\"Hier findest Du den DMM REVOLVER Karabiner mit Seilrolle als Schnappkarabiner, Schrauber, 2-Wege und 3-Wege Twist Lock beim Kletterprofi aus \ud83c\udde6\ud83c\uddf9!\" \/>\n<meta property=\"og:url\" content=\"https:\/\/bolting.eu\/en\/shop\/dmm-revolver\/\" \/>\n<meta property=\"og:site_name\" content=\"bolting.eu\" \/>\n<meta property=\"article:publisher\" content=\"https:\/\/www.facebook.com\/bolting.eu\" \/>\n<meta property=\"article:modified_time\" content=\"2026-05-08T14:42:03+00:00\" \/>\n<meta property=\"og:image\" content=\"https:\/\/bolting.eu\/wp-content\/uploads\/2020\/08\/DMM-Revolver-Schnappkarabiner.jpg\" \/>\n\t<meta property=\"og:image:width\" content=\"700\" \/>\n\t<meta property=\"og:image:height\" content=\"700\" \/>\n\t<meta property=\"og:image:type\" content=\"image\/jpeg\" \/>\n<meta name=\"twitter:card\" content=\"summary_large_image\" \/>\n<meta name=\"twitter:label1\" content=\"Availability\" \/>\n\t<meta name=\"twitter:data1\" content=\"In stock\" \/>\n<script type=\"application\/ld+json\" class=\"yoast-schema-graph\">{\"@context\":\"https:\/\/schema.org\",\"@graph\":[{\"@type\":[\"WebPage\",\"ItemPage\"],\"@id\":\"https:\/\/bolting.eu\/en\/shop\/dmm-revolver\/\",\"url\":\"https:\/\/bolting.eu\/en\/shop\/dmm-revolver\/\",\"name\":\"DMM Revolver - Karabiner mit Seilrolle: jetzt online kaufen | bolting.eu\",\"isPartOf\":{\"@id\":\"https:\/\/bolting.eu\/en\/#website\"},\"primaryImageOfPage\":{\"@id\":\"https:\/\/bolting.eu\/en\/shop\/dmm-revolver\/#primaryimage\"},\"image\":{\"@id\":\"https:\/\/bolting.eu\/en\/shop\/dmm-revolver\/#primaryimage\"},\"thumbnailUrl\":\"https:\/\/bolting.eu\/wp-content\/uploads\/2020\/08\/DMM-Revolver-Schnappkarabiner.jpg\",\"datePublished\":\"2020-08-11T07:12:14+00:00\",\"dateModified\":\"2026-05-08T14:42:03+00:00\",\"description\":\"Hier findest Du den DMM REVOLVER Karabiner mit Seilrolle als Schnappkarabiner, Schrauber, 2-Wege und 3-Wege Twist Lock beim Kletterprofi aus \ud83c\udde6\ud83c\uddf9!\",\"breadcrumb\":{\"@id\":\"https:\/\/bolting.eu\/en\/shop\/dmm-revolver\/#breadcrumb\"},\"inLanguage\":\"en-US\",\"potentialAction\":[{\"@type\":\"ReadAction\",\"target\":[\"https:\/\/bolting.eu\/en\/shop\/dmm-revolver\/\"]}]},{\"@type\":\"ImageObject\",\"inLanguage\":\"en-US\",\"@id\":\"https:\/\/bolting.eu\/en\/shop\/dmm-revolver\/#primaryimage\",\"url\":\"https:\/\/bolting.eu\/wp-content\/uploads\/2020\/08\/DMM-Revolver-Schnappkarabiner.jpg\",\"contentUrl\":\"https:\/\/bolting.eu\/wp-content\/uploads\/2020\/08\/DMM-Revolver-Schnappkarabiner.jpg\",\"width\":700,\"height\":700,\"caption\":\"Das Bild zeigt einen silbergraue schimmernden DMM Revolver Karabiner mit Seilrolle. In Mitte eines wei\u00dfen Quadrates ist das Modell Keylock mit einem Drahtschnapper bzw. gelber Mini Seilrolle zu sehen.\"},{\"@type\":\"BreadcrumbList\",\"@id\":\"https:\/\/bolting.eu\/en\/shop\/dmm-revolver\/#breadcrumb\",\"itemListElement\":[{\"@type\":\"ListItem\",\"position\":1,\"name\":\"Shop\",\"item\":\"https:\/\/bolting.eu\/en\/shop\/\"},{\"@type\":\"ListItem\",\"position\":2,\"name\":\"DMM\",\"item\":\"https:\/\/bolting.eu\/produkt-kategorie\/dmm\/\"},{\"@type\":\"ListItem\",\"position\":3,\"name\":\"DMM Revolver\"}]},{\"@type\":\"WebSite\",\"@id\":\"https:\/\/bolting.eu\/en\/#website\",\"url\":\"https:\/\/bolting.eu\/en\/\",\"name\":\"bolting.eu\",\"description\":\"we make climbs happen\",\"publisher\":{\"@id\":\"https:\/\/bolting.eu\/en\/#organization\"},\"potentialAction\":[{\"@type\":\"SearchAction\",\"target\":{\"@type\":\"EntryPoint\",\"urlTemplate\":\"https:\/\/bolting.eu\/en\/?s={search_term_string}\"},\"query-input\":{\"@type\":\"PropertyValueSpecification\",\"valueRequired\":true,\"valueName\":\"search_term_string\"}}],\"inLanguage\":\"en-US\"},{\"@type\":[\"Organization\",\"Place\",\"SportingGoodsStore\"],\"@id\":\"https:\/\/bolting.eu\/en\/#organization\",\"name\":\"bolting.eu\",\"url\":\"https:\/\/bolting.eu\/en\/\",\"logo\":{\"@id\":\"https:\/\/bolting.eu\/en\/shop\/dmm-revolver\/#local-main-organization-logo\"},\"image\":{\"@id\":\"https:\/\/bolting.eu\/en\/shop\/dmm-revolver\/#local-main-organization-logo\"},\"sameAs\":[\"https:\/\/www.facebook.com\/bolting.eu\",\"https:\/\/www.instagram.com\/bolting.eu\/\"],\"address\":{\"@id\":\"https:\/\/bolting.eu\/en\/shop\/dmm-revolver\/#local-main-place-address\"},\"geo\":{\"@type\":\"GeoCoordinates\",\"latitude\":\"47.264176340396226\",\"longitude\":\"11.380109057672346\"},\"telephone\":[\"+43 699 19083372\"],\"openingHoursSpecification\":[{\"@type\":\"OpeningHoursSpecification\",\"dayOfWeek\":[\"Monday\",\"Wednesday\",\"Friday\"],\"opens\":\"14:00\",\"closes\":\"18:00\"},{\"@type\":\"OpeningHoursSpecification\",\"dayOfWeek\":[\"Tuesday\",\"Thursday\",\"Saturday\",\"Sunday\"],\"opens\":\"00:00\",\"closes\":\"00:00\"}],\"email\":\"office@bolting.eu\",\"vatID\":\"ATU59999728\",\"priceRange\":\"$$\",\"currenciesAccepted\":\"Euro\"},{\"@type\":\"PostalAddress\",\"@id\":\"https:\/\/bolting.eu\/en\/shop\/dmm-revolver\/#local-main-place-address\",\"streetAddress\":\"Fischnalerstra\u00dfe 4\",\"addressLocality\":\"Innsbruck\",\"postalCode\":\"6020\",\"addressRegion\":\"Tirol\",\"addressCountry\":\"AT\"},{\"@type\":\"ImageObject\",\"inLanguage\":\"en-US\",\"@id\":\"https:\/\/bolting.eu\/en\/shop\/dmm-revolver\/#local-main-organization-logo\",\"url\":\"https:\/\/bolting.eu\/wp-content\/uploads\/2019\/09\/bolting-logo.png\",\"contentUrl\":\"https:\/\/bolting.eu\/wp-content\/uploads\/2019\/09\/bolting-logo.png\",\"width\":400,\"height\":211,\"caption\":\"bolting.eu\"}]}<\/script>\n<meta property=\"og:availability\" content=\"instock\" \/>\n<meta property=\"product:availability\" content=\"instock\" \/>\n<meta property=\"product:condition\" content=\"new\" \/>\n<meta name=\"geo.placename\" content=\"Innsbruck\" \/>\n<meta name=\"geo.position\" content=\"47.264176340396226;11.380109057672346\" \/>\n<meta name=\"geo.region\" content=\"Austria\" \/>\n<!-- \/ Yoast SEO Premium plugin. -->","yoast_head_json":{"title":"DMM Revolver - Karabiner mit Seilrolle: jetzt online kaufen | bolting.eu","description":"Hier findest Du den DMM REVOLVER Karabiner mit Seilrolle als Schnappkarabiner, Schrauber, 2-Wege und 3-Wege Twist Lock beim Kletterprofi aus \ud83c\udde6\ud83c\uddf9!","robots":{"index":"index","follow":"follow","max-snippet":"max-snippet:-1","max-image-preview":"max-image-preview:large","max-video-preview":"max-video-preview:-1"},"canonical":"https:\/\/bolting.eu\/en\/shop\/dmm-revolver\/","og_locale":"en_US","og_type":"article","og_title":"DMM Revolver","og_description":"Hier findest Du den DMM REVOLVER Karabiner mit Seilrolle als Schnappkarabiner, Schrauber, 2-Wege und 3-Wege Twist Lock beim Kletterprofi aus \ud83c\udde6\ud83c\uddf9!","og_url":"https:\/\/bolting.eu\/en\/shop\/dmm-revolver\/","og_site_name":"bolting.eu","article_publisher":"https:\/\/www.facebook.com\/bolting.eu","article_modified_time":"2026-05-08T14:42:03+00:00","og_image":[{"width":700,"height":700,"url":"https:\/\/bolting.eu\/wp-content\/uploads\/2020\/08\/DMM-Revolver-Schnappkarabiner.jpg","type":"image\/jpeg"}],"twitter_card":"summary_large_image","twitter_misc":{"Availability":"In stock"},"schema":{"@context":"https:\/\/schema.org","@graph":[{"@type":["WebPage","ItemPage"],"@id":"https:\/\/bolting.eu\/en\/shop\/dmm-revolver\/","url":"https:\/\/bolting.eu\/en\/shop\/dmm-revolver\/","name":"DMM Revolver - Karabiner mit Seilrolle: jetzt online kaufen | bolting.eu","isPartOf":{"@id":"https:\/\/bolting.eu\/en\/#website"},"primaryImageOfPage":{"@id":"https:\/\/bolting.eu\/en\/shop\/dmm-revolver\/#primaryimage"},"image":{"@id":"https:\/\/bolting.eu\/en\/shop\/dmm-revolver\/#primaryimage"},"thumbnailUrl":"https:\/\/bolting.eu\/wp-content\/uploads\/2020\/08\/DMM-Revolver-Schnappkarabiner.jpg","datePublished":"2020-08-11T07:12:14+00:00","dateModified":"2026-05-08T14:42:03+00:00","description":"Hier findest Du den DMM REVOLVER Karabiner mit Seilrolle als Schnappkarabiner, Schrauber, 2-Wege und 3-Wege Twist Lock beim Kletterprofi aus \ud83c\udde6\ud83c\uddf9!","breadcrumb":{"@id":"https:\/\/bolting.eu\/en\/shop\/dmm-revolver\/#breadcrumb"},"inLanguage":"en-US","potentialAction":[{"@type":"ReadAction","target":["https:\/\/bolting.eu\/en\/shop\/dmm-revolver\/"]}]},{"@type":"ImageObject","inLanguage":"en-US","@id":"https:\/\/bolting.eu\/en\/shop\/dmm-revolver\/#primaryimage","url":"https:\/\/bolting.eu\/wp-content\/uploads\/2020\/08\/DMM-Revolver-Schnappkarabiner.jpg","contentUrl":"https:\/\/bolting.eu\/wp-content\/uploads\/2020\/08\/DMM-Revolver-Schnappkarabiner.jpg","width":700,"height":700,"caption":"Das Bild zeigt einen silbergraue schimmernden DMM Revolver Karabiner mit Seilrolle. In Mitte eines wei\u00dfen Quadrates ist das Modell Keylock mit einem Drahtschnapper bzw. gelber Mini Seilrolle zu sehen."},{"@type":"BreadcrumbList","@id":"https:\/\/bolting.eu\/en\/shop\/dmm-revolver\/#breadcrumb","itemListElement":[{"@type":"ListItem","position":1,"name":"Shop","item":"https:\/\/bolting.eu\/en\/shop\/"},{"@type":"ListItem","position":2,"name":"DMM","item":"https:\/\/bolting.eu\/produkt-kategorie\/dmm\/"},{"@type":"ListItem","position":3,"name":"DMM Revolver"}]},{"@type":"WebSite","@id":"https:\/\/bolting.eu\/en\/#website","url":"https:\/\/bolting.eu\/en\/","name":"bolting.eu","description":"we make climbs happen","publisher":{"@id":"https:\/\/bolting.eu\/en\/#organization"},"potentialAction":[{"@type":"SearchAction","target":{"@type":"EntryPoint","urlTemplate":"https:\/\/bolting.eu\/en\/?s={search_term_string}"},"query-input":{"@type":"PropertyValueSpecification","valueRequired":true,"valueName":"search_term_string"}}],"inLanguage":"en-US"},{"@type":["Organization","Place","SportingGoodsStore"],"@id":"https:\/\/bolting.eu\/en\/#organization","name":"bolting.eu","url":"https:\/\/bolting.eu\/en\/","logo":{"@id":"https:\/\/bolting.eu\/en\/shop\/dmm-revolver\/#local-main-organization-logo"},"image":{"@id":"https:\/\/bolting.eu\/en\/shop\/dmm-revolver\/#local-main-organization-logo"},"sameAs":["https:\/\/www.facebook.com\/bolting.eu","https:\/\/www.instagram.com\/bolting.eu\/"],"address":{"@id":"https:\/\/bolting.eu\/en\/shop\/dmm-revolver\/#local-main-place-address"},"geo":{"@type":"GeoCoordinates","latitude":"47.264176340396226","longitude":"11.380109057672346"},"telephone":["+43 699 19083372"],"openingHoursSpecification":[{"@type":"OpeningHoursSpecification","dayOfWeek":["Monday","Wednesday","Friday"],"opens":"14:00","closes":"18:00"},{"@type":"OpeningHoursSpecification","dayOfWeek":["Tuesday","Thursday","Saturday","Sunday"],"opens":"00:00","closes":"00:00"}],"email":"office@bolting.eu","vatID":"ATU59999728","priceRange":"$$","currenciesAccepted":"Euro"},{"@type":"PostalAddress","@id":"https:\/\/bolting.eu\/en\/shop\/dmm-revolver\/#local-main-place-address","streetAddress":"Fischnalerstra\u00dfe 4","addressLocality":"Innsbruck","postalCode":"6020","addressRegion":"Tirol","addressCountry":"AT"},{"@type":"ImageObject","inLanguage":"en-US","@id":"https:\/\/bolting.eu\/en\/shop\/dmm-revolver\/#local-main-organization-logo","url":"https:\/\/bolting.eu\/wp-content\/uploads\/2019\/09\/bolting-logo.png","contentUrl":"https:\/\/bolting.eu\/wp-content\/uploads\/2019\/09\/bolting-logo.png","width":400,"height":211,"caption":"bolting.eu"}]},"og_availability":"instock","product_availability":"instock","product_condition":"new","geo.placename":"Innsbruck","geo.position":{"lat":"47.264176340396226","long":"11.380109057672346"},"geo.region":"Austria"},"_links":{"self":[{"href":"https:\/\/bolting.eu\/en\/wp-json\/wp\/v2\/product\/4426","targetHints":{"allow":["GET"]}}],"collection":[{"href":"https:\/\/bolting.eu\/en\/wp-json\/wp\/v2\/product"}],"about":[{"href":"https:\/\/bolting.eu\/en\/wp-json\/wp\/v2\/types\/product"}],"replies":[{"embeddable":true,"href":"https:\/\/bolting.eu\/en\/wp-json\/wp\/v2\/comments?post=4426"}],"wp:featuredmedia":[{"embeddable":true,"href":"https:\/\/bolting.eu\/en\/wp-json\/wp\/v2\/media\/4428"}],"wp:attachment":[{"href":"https:\/\/bolting.eu\/en\/wp-json\/wp\/v2\/media?parent=4426"}],"wp:term":[{"taxonomy":"product_brand","embeddable":true,"href":"https:\/\/bolting.eu\/en\/wp-json\/wp\/v2\/product_brand?post=4426"},{"taxonomy":"product_cat","embeddable":true,"href":"https:\/\/bolting.eu\/en\/wp-json\/wp\/v2\/product_cat?post=4426"},{"taxonomy":"product_tag","embeddable":true,"href":"https:\/\/bolting.eu\/en\/wp-json\/wp\/v2\/product_tag?post=4426"}],"curies":[{"name":"wp","href":"https:\/\/api.w.org\/{rel}","templated":true}]}}