{"id":4418,"date":"2020-08-10T22:15:09","date_gmt":"2020-08-10T20:15:09","guid":{"rendered":"https:\/\/bolting.eu\/?post_type=product&#038;p=4418"},"modified":"2023-09-13T14:39:21","modified_gmt":"2023-09-13T12:39:21","slug":"lacd-klettersteigkarabiner-via-ferrata","status":"publish","type":"product","link":"https:\/\/bolting.eu\/en\/shop\/lacd-klettersteigkarabiner-via-ferrata\/","title":{"rendered":"LACD Klettersteigkarabiner Via Ferrata"},"content":{"rendered":"<p>Der LACD Klettersteigkarabiner Via Ferrata ist ein extrem leichter aber robuster Karabiner. Der Alu <a href=\"https:\/\/bolting.eu\/produkt-kategorie\/karabiner-kletterkarabiner\/\">Karabiner<\/a> bietet gro\u00dfe Sicherheitsreserven. Denn zum einen ist die Bruchlast in L\u00e4ngsrichtung 38kN. D.h. 3.800kg. Schr\u00e4g belastet h\u00e4lt er immer noch 35kN. D.h. trotz seines Gewichts von nur 128 Gramm ist er extrem belastbar.<\/p>\n<p>Die Bedienung dieses Klettersteigkarabiners ist zudem sehr einfach. Mit der Handballensicherung \u00f6ffnet sich der Karabiner. Zudem verhindert dann der Nasen-Keylock Verschluss ein verheddern des Karabiners. Dieser schlie\u00dft sich \u00fcbrigens ganz von alleine wieder.<\/p>\n<p>Somit kann man sich auf das Wesentliche konzentrieren. Den n\u00e4chsten Klipper!<\/p>\n<h3>Eigenschaften LACD Klettersteigkarabiner Via Ferrata<\/h3>\n<ul>\n<li>Hersteller LACD<\/li>\n<li>Material: Aluminium<\/li>\n<li>EN Normen: 362 und 12275<\/li>\n<li>Runde Aufnahme\u00f6se<\/li>\n<li>Bruchlasten: 38kN l\u00e4ngs &#8211; 35kN schr\u00e4g &#8211; 12 kN quer &#8211; 12 kN offen<\/li>\n<li>Gewicht: 128 Gramm<\/li>\n<li>Dimensionen: 136 x 70mm<\/li>\n<li>Farbe: blau<\/li>\n<li>zum Bau von Positionierungs- und Absturzsicherungen<\/li>\n<li>Bandfalld\u00e4mpfer st\u00e4rkstens emfohlen<\/li>\n<\/ul>\n<p><strong>Ausschlie\u00dflich in Verbindung mit einem genormten Bandfalld\u00e4mpfer zu verwenden!<\/strong><\/p>\n<p>Dieser Karabiner ist nicht f\u00fcr ein selbstgebautes Klettersteigset gedacht.\u00a0 Diese entsprechen keinerlei Norm und sind sehr gef\u00e4hrlich. W\u00e4hlt doch bitte lieber gleich eines unserer genormten <a href=\"https:\/\/bolting.eu\/produkt-kategorie\/klettersteigset\/\">Klettersteigsets<\/a>!<\/p>\n<h3>Wartung LACD Klettersteigkarabiner Via Ferrata<\/h3>\n<p>Wie alle Karabiner sollte man auch diesen Klettersteigkarabiner von Zeit zu Zeit warten. Wir empfehlen Euch den Karabiner alle paar Monate entsprechend zu pflegen. Einfach unter lauwarmen Wasser absp\u00fclen. Den Schnapperverschluss bzw. Druckverschluss durch \u201ePeitschen\u201c in der Hand von Staub s\u00e4ubern. Dann an der Luft trocknen lassen. Anschlie\u00dfend mit dem <a href=\"https:\/\/bolting.eu\/shop\/kong-kletterausruestung-pflegeoel\/\">Karabiner Pflege\u00f6l<\/a> die Gelenke einschmieren und fertig!<\/p>\n<h3>Wann muss der Schrauber ausgetauscht werden?<\/h3>\n<p>Durch das st\u00e4ndige Einh\u00e4ngen wird der LACD Klettersteigkarabiner Via Ferrata wie jeder anderer Karabiner auch laufend beansprucht. Die Stahlseile reiben st\u00e4ndig am Aluminium. Je nachdem wie viel ihr klettert, m\u00fcsst ihr diese \u201eKerben\u201c im Auge behalten. Werden Sie zu gro\u00df, muss der Karabiner ausgetauscht werden.<\/p>\n<p>Die Gebrauchsfrist ist maximal mit 10 Jahren angegeben. Dann muss der Karabiner ebenfalls ausgetauscht werden.<\/p>\n<p>Im Falle eines Sturzes in einen Klettersteigkarabiner muss diese bzw. das gesamte Set nat\u00fcrlich sofort ausgeschieden werden.<\/p>\n<h4><strong>Link Tipp<\/strong><\/h4>\n<p>Die neuen LACD Klettersteigkarabiner Via Ferrata gleich einmal ausprobieren. Z.B. beim Anf\u00e4nger <a href=\"https:\/\/maltatal.rocks\/klettergebiete-posts\/kletterarena-damm-high-koelnbreinsperre\/\" target=\"_blank\" rel=\"noopener noreferrer\">Klettersteig &#8220;Damm High&#8221;<\/a> im Maltatal in K\u00e4rnten.<\/p>\n","protected":false},"excerpt":{"rendered":"<ul>\n<li>innovativer Klettersteigkarabiner von <a href=\"https:\/\/bolting.eu\/produkt-kategorie\/kong\/\">Kong Italy<\/a><\/li>\n<li>Material: Aluminium<\/li>\n<li>EN Normen: 362 und 12275<\/li>\n<li>NFPA 1983:2017<\/li>\n<li>Bruchlasten: 33kN l\u00e4ngs &#8211; 10 kN quer &#8211; 15 kN offen<\/li>\n<li>Gewicht: 130 Gramm<\/li>\n<li>Dimensionen: 136 x 70mm<\/li>\n<li>Farben: rot und schwarz<\/li>\n<li>zum Bau von Positionierungs- und Absturzsicherungen<\/li>\n<li>Bandfalld\u00e4mpfer st\u00e4rkstens emfohlen<\/li>\n<\/ul>\n","protected":false},"featured_media":4421,"comment_status":"open","ping_status":"closed","template":"","meta":[],"product_brand":[],"product_cat":[44,3007,3010,4669],"product_tag":[],"class_list":{"0":"post-4418","1":"product","2":"type-product","3":"status-publish","4":"has-post-thumbnail","6":"product_cat-kletterkarabiner","7":"product_cat-einhandkarabiner","8":"product_cat-klettersteigkarabiner","9":"product_cat-lacd","11":"first","12":"outofstock","13":"taxable","14":"shipping-taxable","15":"purchasable","16":"product-type-simple"},"yoast_head":"<!-- This site is optimized with the Yoast SEO Premium plugin v26.9 (Yoast SEO v26.9) - https:\/\/yoast.com\/product\/yoast-seo-premium-wordpress\/ -->\n<title>LACD Klettersteigkarabiner Via Ferrata zum Top Preis kaufen | bolting.eu<\/title>\n<meta name=\"description\" content=\"Hier findet ihr den LACD KLETTERSTEIGKARABINER VIA FERRATA. Jetzt den kleinen und extrem starken Karabiner gleich online kaufen beim Kletterprofi aus \ud83c\udde6\ud83c\uddf9 !\" \/>\n<meta name=\"robots\" content=\"index, follow, max-snippet:-1, max-image-preview:large, max-video-preview:-1\" \/>\n<link rel=\"canonical\" href=\"https:\/\/bolting.eu\/en\/shop\/lacd-klettersteigkarabiner-via-ferrata\/\" \/>\n<meta property=\"og:locale\" content=\"en_US\" \/>\n<meta property=\"og:type\" content=\"article\" \/>\n<meta property=\"og:title\" content=\"LACD Klettersteigkarabiner Via Ferrata\" \/>\n<meta property=\"og:description\" content=\"Hier findet ihr den LACD KLETTERSTEIGKARABINER VIA FERRATA. Jetzt den kleinen und extrem starken Karabiner gleich online kaufen beim Kletterprofi aus \ud83c\udde6\ud83c\uddf9 !\" \/>\n<meta property=\"og:url\" content=\"https:\/\/bolting.eu\/en\/shop\/lacd-klettersteigkarabiner-via-ferrata\/\" \/>\n<meta property=\"og:site_name\" content=\"bolting.eu\" \/>\n<meta property=\"article:publisher\" content=\"https:\/\/www.facebook.com\/bolting.eu\" \/>\n<meta property=\"article:modified_time\" content=\"2023-09-13T12:39:21+00:00\" \/>\n<meta property=\"og:image\" content=\"https:\/\/bolting.eu\/wp-content\/uploads\/2020\/08\/LACD-Klettersteigkarabiner-Via-Ferrata-2.jpg\" \/>\n\t<meta property=\"og:image:width\" content=\"700\" \/>\n\t<meta property=\"og:image:height\" content=\"700\" \/>\n\t<meta property=\"og:image:type\" content=\"image\/jpeg\" \/>\n<meta name=\"twitter:card\" content=\"summary_large_image\" \/>\n<meta name=\"twitter:label1\" content=\"Price\" \/>\n\t<meta name=\"twitter:data1\" content=\"&euro;&nbsp;19,90\" \/>\n\t<meta name=\"twitter:label2\" content=\"Availability\" \/>\n\t<meta name=\"twitter:data2\" content=\"Out of stock\" \/>\n<script type=\"application\/ld+json\" class=\"yoast-schema-graph\">{\"@context\":\"https:\/\/schema.org\",\"@graph\":[{\"@type\":[\"WebPage\",\"ItemPage\"],\"@id\":\"https:\/\/bolting.eu\/en\/shop\/lacd-klettersteigkarabiner-via-ferrata\/\",\"url\":\"https:\/\/bolting.eu\/en\/shop\/lacd-klettersteigkarabiner-via-ferrata\/\",\"name\":\"LACD Klettersteigkarabiner Via Ferrata zum Top Preis kaufen | bolting.eu\",\"isPartOf\":{\"@id\":\"https:\/\/bolting.eu\/en\/#website\"},\"primaryImageOfPage\":{\"@id\":\"https:\/\/bolting.eu\/en\/shop\/lacd-klettersteigkarabiner-via-ferrata\/#primaryimage\"},\"image\":{\"@id\":\"https:\/\/bolting.eu\/en\/shop\/lacd-klettersteigkarabiner-via-ferrata\/#primaryimage\"},\"thumbnailUrl\":\"https:\/\/bolting.eu\/wp-content\/uploads\/2020\/08\/LACD-Klettersteigkarabiner-Via-Ferrata-2.jpg\",\"datePublished\":\"2020-08-10T20:15:09+00:00\",\"dateModified\":\"2023-09-13T12:39:21+00:00\",\"description\":\"Hier findet ihr den LACD KLETTERSTEIGKARABINER VIA FERRATA. Jetzt den kleinen und extrem starken Karabiner gleich online kaufen beim Kletterprofi aus \ud83c\udde6\ud83c\uddf9 !\",\"breadcrumb\":{\"@id\":\"https:\/\/bolting.eu\/en\/shop\/lacd-klettersteigkarabiner-via-ferrata\/#breadcrumb\"},\"inLanguage\":\"en-US\",\"potentialAction\":[{\"@type\":\"ReadAction\",\"target\":[\"https:\/\/bolting.eu\/en\/shop\/lacd-klettersteigkarabiner-via-ferrata\/\"]}]},{\"@type\":\"ImageObject\",\"inLanguage\":\"en-US\",\"@id\":\"https:\/\/bolting.eu\/en\/shop\/lacd-klettersteigkarabiner-via-ferrata\/#primaryimage\",\"url\":\"https:\/\/bolting.eu\/wp-content\/uploads\/2020\/08\/LACD-Klettersteigkarabiner-Via-Ferrata-2.jpg\",\"contentUrl\":\"https:\/\/bolting.eu\/wp-content\/uploads\/2020\/08\/LACD-Klettersteigkarabiner-Via-Ferrata-2.jpg\",\"width\":700,\"height\":700,\"caption\":\"Das Bild zeigt einen blau-silbernen LACD Klettersteigkarabiner Via Ferrata. Er steht in Bildmitte mit der \u00d6ffnung nach rechts.\"},{\"@type\":\"BreadcrumbList\",\"@id\":\"https:\/\/bolting.eu\/en\/shop\/lacd-klettersteigkarabiner-via-ferrata\/#breadcrumb\",\"itemListElement\":[{\"@type\":\"ListItem\",\"position\":1,\"name\":\"Shop\",\"item\":\"https:\/\/bolting.eu\/en\/shop\/\"},{\"@type\":\"ListItem\",\"position\":2,\"name\":\"climbing equipment\",\"item\":\"https:\/\/bolting.eu\/en\/produkt-kategorie\/climbing-equipment\/\"},{\"@type\":\"ListItem\",\"position\":3,\"name\":\"Climbing carabiner\",\"item\":\"https:\/\/bolting.eu\/en\/produkt-kategorie\/climbing-carabiner\/\"},{\"@type\":\"ListItem\",\"position\":4,\"name\":\"Klettersteigkarabiner\",\"item\":\"https:\/\/bolting.eu\/en\/produkt-kategorie\/climbing-carabiner\/klettersteigkarabiner\/\"},{\"@type\":\"ListItem\",\"position\":5,\"name\":\"LACD Klettersteigkarabiner Via Ferrata\"}]},{\"@type\":\"WebSite\",\"@id\":\"https:\/\/bolting.eu\/en\/#website\",\"url\":\"https:\/\/bolting.eu\/en\/\",\"name\":\"bolting.eu\",\"description\":\"we make climbs happen\",\"publisher\":{\"@id\":\"https:\/\/bolting.eu\/en\/#organization\"},\"potentialAction\":[{\"@type\":\"SearchAction\",\"target\":{\"@type\":\"EntryPoint\",\"urlTemplate\":\"https:\/\/bolting.eu\/en\/?s={search_term_string}\"},\"query-input\":{\"@type\":\"PropertyValueSpecification\",\"valueRequired\":true,\"valueName\":\"search_term_string\"}}],\"inLanguage\":\"en-US\"},{\"@type\":[\"Organization\",\"Place\",\"SportingGoodsStore\"],\"@id\":\"https:\/\/bolting.eu\/en\/#organization\",\"name\":\"bolting.eu\",\"url\":\"https:\/\/bolting.eu\/en\/\",\"logo\":{\"@id\":\"https:\/\/bolting.eu\/en\/shop\/lacd-klettersteigkarabiner-via-ferrata\/#local-main-organization-logo\"},\"image\":{\"@id\":\"https:\/\/bolting.eu\/en\/shop\/lacd-klettersteigkarabiner-via-ferrata\/#local-main-organization-logo\"},\"sameAs\":[\"https:\/\/www.facebook.com\/bolting.eu\",\"https:\/\/www.instagram.com\/bolting.eu\/\"],\"address\":{\"@id\":\"https:\/\/bolting.eu\/en\/shop\/lacd-klettersteigkarabiner-via-ferrata\/#local-main-place-address\"},\"geo\":{\"@type\":\"GeoCoordinates\",\"latitude\":\"47.264176340396226\",\"longitude\":\"11.380109057672346\"},\"telephone\":[\"+43 699 19083372\"],\"openingHoursSpecification\":[{\"@type\":\"OpeningHoursSpecification\",\"dayOfWeek\":[\"Monday\",\"Wednesday\",\"Friday\"],\"opens\":\"14:00\",\"closes\":\"18:00\"},{\"@type\":\"OpeningHoursSpecification\",\"dayOfWeek\":[\"Tuesday\",\"Thursday\",\"Saturday\",\"Sunday\"],\"opens\":\"00:00\",\"closes\":\"00:00\"}],\"email\":\"office@bolting.eu\",\"vatID\":\"ATU59999728\",\"priceRange\":\"$$\",\"currenciesAccepted\":\"Euro\"},{\"@type\":\"PostalAddress\",\"@id\":\"https:\/\/bolting.eu\/en\/shop\/lacd-klettersteigkarabiner-via-ferrata\/#local-main-place-address\",\"streetAddress\":\"Fischnalerstra\u00dfe 4\",\"addressLocality\":\"Innsbruck\",\"postalCode\":\"6020\",\"addressRegion\":\"Tirol\",\"addressCountry\":\"AT\"},{\"@type\":\"ImageObject\",\"inLanguage\":\"en-US\",\"@id\":\"https:\/\/bolting.eu\/en\/shop\/lacd-klettersteigkarabiner-via-ferrata\/#local-main-organization-logo\",\"url\":\"https:\/\/bolting.eu\/wp-content\/uploads\/2019\/09\/bolting-logo.png\",\"contentUrl\":\"https:\/\/bolting.eu\/wp-content\/uploads\/2019\/09\/bolting-logo.png\",\"width\":400,\"height\":211,\"caption\":\"bolting.eu\"}]}<\/script>\n<meta property=\"product:price:amount\" content=\"19.90\" \/>\n<meta property=\"product:price:currency\" content=\"EUR\" \/>\n<meta property=\"og:availability\" content=\"out of stock\" \/>\n<meta property=\"product:availability\" content=\"out of stock\" \/>\n<meta property=\"product:retailer_item_id\" content=\"1024\" \/>\n<meta property=\"product:condition\" content=\"new\" \/>\n<meta name=\"geo.placename\" content=\"Innsbruck\" \/>\n<meta name=\"geo.position\" content=\"47.264176340396226;11.380109057672346\" \/>\n<meta name=\"geo.region\" content=\"Austria\" \/>\n<!-- \/ Yoast SEO Premium plugin. -->","yoast_head_json":{"title":"LACD Klettersteigkarabiner Via Ferrata zum Top Preis kaufen | bolting.eu","description":"Hier findet ihr den LACD KLETTERSTEIGKARABINER VIA FERRATA. Jetzt den kleinen und extrem starken Karabiner gleich online kaufen beim Kletterprofi aus \ud83c\udde6\ud83c\uddf9 !","robots":{"index":"index","follow":"follow","max-snippet":"max-snippet:-1","max-image-preview":"max-image-preview:large","max-video-preview":"max-video-preview:-1"},"canonical":"https:\/\/bolting.eu\/en\/shop\/lacd-klettersteigkarabiner-via-ferrata\/","og_locale":"en_US","og_type":"article","og_title":"LACD Klettersteigkarabiner Via Ferrata","og_description":"Hier findet ihr den LACD KLETTERSTEIGKARABINER VIA FERRATA. Jetzt den kleinen und extrem starken Karabiner gleich online kaufen beim Kletterprofi aus \ud83c\udde6\ud83c\uddf9 !","og_url":"https:\/\/bolting.eu\/en\/shop\/lacd-klettersteigkarabiner-via-ferrata\/","og_site_name":"bolting.eu","article_publisher":"https:\/\/www.facebook.com\/bolting.eu","article_modified_time":"2023-09-13T12:39:21+00:00","og_image":[{"width":700,"height":700,"url":"https:\/\/bolting.eu\/wp-content\/uploads\/2020\/08\/LACD-Klettersteigkarabiner-Via-Ferrata-2.jpg","type":"image\/jpeg"}],"twitter_card":"summary_large_image","twitter_misc":{"Price":"&euro;&nbsp;19,90","Availability":"Out of stock"},"schema":{"@context":"https:\/\/schema.org","@graph":[{"@type":["WebPage","ItemPage"],"@id":"https:\/\/bolting.eu\/en\/shop\/lacd-klettersteigkarabiner-via-ferrata\/","url":"https:\/\/bolting.eu\/en\/shop\/lacd-klettersteigkarabiner-via-ferrata\/","name":"LACD Klettersteigkarabiner Via Ferrata zum Top Preis kaufen | bolting.eu","isPartOf":{"@id":"https:\/\/bolting.eu\/en\/#website"},"primaryImageOfPage":{"@id":"https:\/\/bolting.eu\/en\/shop\/lacd-klettersteigkarabiner-via-ferrata\/#primaryimage"},"image":{"@id":"https:\/\/bolting.eu\/en\/shop\/lacd-klettersteigkarabiner-via-ferrata\/#primaryimage"},"thumbnailUrl":"https:\/\/bolting.eu\/wp-content\/uploads\/2020\/08\/LACD-Klettersteigkarabiner-Via-Ferrata-2.jpg","datePublished":"2020-08-10T20:15:09+00:00","dateModified":"2023-09-13T12:39:21+00:00","description":"Hier findet ihr den LACD KLETTERSTEIGKARABINER VIA FERRATA. Jetzt den kleinen und extrem starken Karabiner gleich online kaufen beim Kletterprofi aus \ud83c\udde6\ud83c\uddf9 !","breadcrumb":{"@id":"https:\/\/bolting.eu\/en\/shop\/lacd-klettersteigkarabiner-via-ferrata\/#breadcrumb"},"inLanguage":"en-US","potentialAction":[{"@type":"ReadAction","target":["https:\/\/bolting.eu\/en\/shop\/lacd-klettersteigkarabiner-via-ferrata\/"]}]},{"@type":"ImageObject","inLanguage":"en-US","@id":"https:\/\/bolting.eu\/en\/shop\/lacd-klettersteigkarabiner-via-ferrata\/#primaryimage","url":"https:\/\/bolting.eu\/wp-content\/uploads\/2020\/08\/LACD-Klettersteigkarabiner-Via-Ferrata-2.jpg","contentUrl":"https:\/\/bolting.eu\/wp-content\/uploads\/2020\/08\/LACD-Klettersteigkarabiner-Via-Ferrata-2.jpg","width":700,"height":700,"caption":"Das Bild zeigt einen blau-silbernen LACD Klettersteigkarabiner Via Ferrata. Er steht in Bildmitte mit der \u00d6ffnung nach rechts."},{"@type":"BreadcrumbList","@id":"https:\/\/bolting.eu\/en\/shop\/lacd-klettersteigkarabiner-via-ferrata\/#breadcrumb","itemListElement":[{"@type":"ListItem","position":1,"name":"Shop","item":"https:\/\/bolting.eu\/en\/shop\/"},{"@type":"ListItem","position":2,"name":"climbing equipment","item":"https:\/\/bolting.eu\/en\/produkt-kategorie\/climbing-equipment\/"},{"@type":"ListItem","position":3,"name":"Climbing carabiner","item":"https:\/\/bolting.eu\/en\/produkt-kategorie\/climbing-carabiner\/"},{"@type":"ListItem","position":4,"name":"Klettersteigkarabiner","item":"https:\/\/bolting.eu\/en\/produkt-kategorie\/climbing-carabiner\/klettersteigkarabiner\/"},{"@type":"ListItem","position":5,"name":"LACD Klettersteigkarabiner Via Ferrata"}]},{"@type":"WebSite","@id":"https:\/\/bolting.eu\/en\/#website","url":"https:\/\/bolting.eu\/en\/","name":"bolting.eu","description":"we make climbs happen","publisher":{"@id":"https:\/\/bolting.eu\/en\/#organization"},"potentialAction":[{"@type":"SearchAction","target":{"@type":"EntryPoint","urlTemplate":"https:\/\/bolting.eu\/en\/?s={search_term_string}"},"query-input":{"@type":"PropertyValueSpecification","valueRequired":true,"valueName":"search_term_string"}}],"inLanguage":"en-US"},{"@type":["Organization","Place","SportingGoodsStore"],"@id":"https:\/\/bolting.eu\/en\/#organization","name":"bolting.eu","url":"https:\/\/bolting.eu\/en\/","logo":{"@id":"https:\/\/bolting.eu\/en\/shop\/lacd-klettersteigkarabiner-via-ferrata\/#local-main-organization-logo"},"image":{"@id":"https:\/\/bolting.eu\/en\/shop\/lacd-klettersteigkarabiner-via-ferrata\/#local-main-organization-logo"},"sameAs":["https:\/\/www.facebook.com\/bolting.eu","https:\/\/www.instagram.com\/bolting.eu\/"],"address":{"@id":"https:\/\/bolting.eu\/en\/shop\/lacd-klettersteigkarabiner-via-ferrata\/#local-main-place-address"},"geo":{"@type":"GeoCoordinates","latitude":"47.264176340396226","longitude":"11.380109057672346"},"telephone":["+43 699 19083372"],"openingHoursSpecification":[{"@type":"OpeningHoursSpecification","dayOfWeek":["Monday","Wednesday","Friday"],"opens":"14:00","closes":"18:00"},{"@type":"OpeningHoursSpecification","dayOfWeek":["Tuesday","Thursday","Saturday","Sunday"],"opens":"00:00","closes":"00:00"}],"email":"office@bolting.eu","vatID":"ATU59999728","priceRange":"$$","currenciesAccepted":"Euro"},{"@type":"PostalAddress","@id":"https:\/\/bolting.eu\/en\/shop\/lacd-klettersteigkarabiner-via-ferrata\/#local-main-place-address","streetAddress":"Fischnalerstra\u00dfe 4","addressLocality":"Innsbruck","postalCode":"6020","addressRegion":"Tirol","addressCountry":"AT"},{"@type":"ImageObject","inLanguage":"en-US","@id":"https:\/\/bolting.eu\/en\/shop\/lacd-klettersteigkarabiner-via-ferrata\/#local-main-organization-logo","url":"https:\/\/bolting.eu\/wp-content\/uploads\/2019\/09\/bolting-logo.png","contentUrl":"https:\/\/bolting.eu\/wp-content\/uploads\/2019\/09\/bolting-logo.png","width":400,"height":211,"caption":"bolting.eu"}]},"product_price_amount":"19.90","product_price_currency":"EUR","og_availability":"out of stock","product_availability":"out of stock","product_retailer_item_id":"1024","product_condition":"new","geo.placename":"Innsbruck","geo.position":{"lat":"47.264176340396226","long":"11.380109057672346"},"geo.region":"Austria"},"_links":{"self":[{"href":"https:\/\/bolting.eu\/en\/wp-json\/wp\/v2\/product\/4418","targetHints":{"allow":["GET"]}}],"collection":[{"href":"https:\/\/bolting.eu\/en\/wp-json\/wp\/v2\/product"}],"about":[{"href":"https:\/\/bolting.eu\/en\/wp-json\/wp\/v2\/types\/product"}],"replies":[{"embeddable":true,"href":"https:\/\/bolting.eu\/en\/wp-json\/wp\/v2\/comments?post=4418"}],"wp:featuredmedia":[{"embeddable":true,"href":"https:\/\/bolting.eu\/en\/wp-json\/wp\/v2\/media\/4421"}],"wp:attachment":[{"href":"https:\/\/bolting.eu\/en\/wp-json\/wp\/v2\/media?parent=4418"}],"wp:term":[{"taxonomy":"product_brand","embeddable":true,"href":"https:\/\/bolting.eu\/en\/wp-json\/wp\/v2\/product_brand?post=4418"},{"taxonomy":"product_cat","embeddable":true,"href":"https:\/\/bolting.eu\/en\/wp-json\/wp\/v2\/product_cat?post=4418"},{"taxonomy":"product_tag","embeddable":true,"href":"https:\/\/bolting.eu\/en\/wp-json\/wp\/v2\/product_tag?post=4418"}],"curies":[{"name":"wp","href":"https:\/\/api.w.org\/{rel}","templated":true}]}}