{"id":4276,"date":"2020-08-05T16:31:23","date_gmt":"2020-08-05T14:31:23","guid":{"rendered":"https:\/\/bolting.eu\/?post_type=product&#038;p=4276"},"modified":"2026-04-08T13:16:43","modified_gmt":"2026-04-08T11:16:43","slug":"ring-endanker-edelstahl-16mm-2","status":"publish","type":"product","link":"https:\/\/bolting.eu\/en\/shop\/ring-endanker-edelstahl-16mm-2\/","title":{"rendered":"Ring Endanker Edelstahl 16mm"},"content":{"rendered":"<p>Der Ring Endanker Edelstahl 16mm ist unser Standard Endanker f\u00fcr Handl\u00e4ufe aus A2 Stahl. Folglich ist der Anker sehr korrosionsbest\u00e4ndig. In unserer Kategorie &#8220;<a href=\"https:\/\/bolting.eu\/produkt-kategorie\/material-fuer-klettersteigbau\/\">Material f\u00fcr Klettersteigbau<\/a>&#8221; gibt es alle weiteren Komponenten f\u00fcr langlebige Seilgel\u00e4nder aus Edelstahl.<\/p>\n<p>Mit seiner Einbindetiefe von 200-400mm ist der Anker einerseits f\u00fcr fast alle Gesteinsarten bzw. Felsqualit\u00e4ten geeignet. Denn bei diesen Verankerungstiefen ist jeweils fester Halt der Handl\u00e4ufe garantiert. Zum anderen hat der Schaft durch die 16mm Durchmesser gen\u00fcgend Stabilit\u00e4t. Soferne keine extremen Schneelasten daran ansetzen. D.h. die 16mm Durchmesser sind bei allen normalen Wanderwegen in tieferen Lagen v\u00f6llig ausreichend!<\/p>\n<p>Den Endanker gibt es standardm\u00e4\u00dfig in drei L\u00e4ngen: 200mm, 300mm sowie 400mm.<\/p>\n<h3>Ring Endanker Edelstahl 16mm &#8211; Seil Durchf\u00e4deln<\/h3>\n<p>Beim Durchf\u00e4deln des Drahtseils durch die \u00d6se muss Folgendes beachtet werden. Erstens muss eine passende Kausche montiert werden. Sie muss sowohl zum Durchmesser als auch zur Stahlqualit\u00e4t des Drahtseiles passen.<\/p>\n<p>Zweitens muss das Drahtseil ordentlich gespannt werden. Ein Richtwert f\u00fcr das Spannen sollte 80kg K\u00f6rpergewicht sein.<\/p>\n<p>Drittens muss man das \u00fcberstehende Drahtseil ordentlich mit mind. drei Drahtklemmen fixieren.<\/p>\n<p><a href=\"https:\/\/bolting.eu\/wp-content\/uploads\/2020\/08\/Seilklemme-verzinkt-Anwendungsbeispiel.jpg\"><img loading=\"lazy\" decoding=\"async\" class=\"alignnone wp-image-4254\" src=\"https:\/\/bolting.eu\/wp-content\/uploads\/2020\/08\/Seilklemme-verzinkt-Anwendungsbeispiel.jpg\" alt=\"Das Bild zeigt eine Grafik zur korrekten Anbringung einer Seilklemme verzinkt bei einem Klettersteig. Man erkennt sofort die Anordnung aller BAuteile am Klettersteig Endanker.\" width=\"600\" height=\"210\" srcset=\"https:\/\/bolting.eu\/wp-content\/uploads\/2020\/08\/Seilklemme-verzinkt-Anwendungsbeispiel.jpg 1024w, https:\/\/bolting.eu\/wp-content\/uploads\/2020\/08\/Seilklemme-verzinkt-Anwendungsbeispiel-510x178.jpg 510w, https:\/\/bolting.eu\/wp-content\/uploads\/2020\/08\/Seilklemme-verzinkt-Anwendungsbeispiel-800x280.jpg 800w, https:\/\/bolting.eu\/wp-content\/uploads\/2020\/08\/Seilklemme-verzinkt-Anwendungsbeispiel-768x269.jpg 768w, https:\/\/bolting.eu\/wp-content\/uploads\/2020\/08\/Seilklemme-verzinkt-Anwendungsbeispiel-600x210.jpg 600w\" sizes=\"auto, (max-width: 600px) 100vw, 600px\" \/><\/a><\/p>\n<h2>Eigenschaften Ring Endanker Edelstahl 16mm<\/h2>\n<ul>\n<li>Hersteller: <a href=\"https:\/\/bolting.eu\/produkt-kategorie\/vertical-evolution\/\">Vertical Evolution<\/a><\/li>\n<li>Material: A2 Stahl<\/li>\n<li>Durchmesser: 16mm<\/li>\n<li>L\u00e4nge = Verankerungstiefe: 200mm, 300mm, 400mm<\/li>\n<li>Schafft: mit gerollten Rillen f\u00fcr besten Halt<\/li>\n<li>konform EN 16869<\/li>\n<li>konform EN 16968<\/li>\n<li>perfekt als Endanker bei einem Handlauf \/ Seilgel\u00e4nder wo Drahtseil &#8220;axial&#8221; angebracht werden muss<\/li>\n<li>nicht f\u00fcr Klettersteigbau geeignet (gr\u00f6\u00dfere Durchmesser verwenden)<\/li>\n<li>Bohrdurchmesser mind. 18mm<\/li>\n<\/ul>\n<h3>Qualit\u00e4tskriterien<\/h3>\n<p>Gemeinsam mit Vertical Evolution haben wir folgende Qualit\u00e4tskriterien beim Ring Endanker Edelstahl 16mm umgesetzt.<\/p>\n<p>Erstens sind alle Anker sauber geschnitten und entgratet. D.h. es gibt keine spitzen oder gef\u00e4hrlichen &#8220;Splitter&#8221; die irgendwo abstehen.<\/p>\n<p>Zweitens sind alle geschnittenen Enden sauber abgeschliffen. D.h. es gibt keine \u00fcberstehenden R\u00e4nder. Folglich ist der angegebene Durchmesser garantiert! Beispielsweise bedeuten 16mm auch ganz exakt 16mm. Keinen Millimeter mehr!<\/p>\n<p>Drittens stellen wir mit den unterschiedlichen L\u00e4ngen ein Produkt mit hoher Funktionalit\u00e4t bereit. So kann man einerseits auf die felstechnischen Gegebenheiten besten reagieren. Andererseits hat man bei den Setztiefen so immer gen\u00fcgend Spielraum.<\/p>\n<h3>Ring Endanker Edelstahl 16mm &#8211; Sonderw\u00fcnsche<\/h3>\n<p>Gerne erf\u00fcllen wir jeden Sonderwunsch unserer Kunden. Beispielsweise sind gr\u00f6\u00dfere L\u00e4ngen f\u00fcr besonders splittrigen Fels kein Problem. Ebenso fertigen wir gerne auch noch breitere Durchmesser f\u00fcr schneelastgeplagte Steige oder\u00a0 auch Klettersteige.<\/p>\n<p>Sendet uns einfach ein <a href=\"mailto:order@bolting.eu\" target=\"_blank\" rel=\"noopener noreferrer\">E-Mail<\/a> mit Eurer Anfrage bitte!<\/p>\n<h3>Passendes Zubeh\u00f6r<\/h3>\n<p>Um den Ring Endanker Edelstahl 16mm verarbeiten zu k\u00f6nnen bieten wir nat\u00fcrlich auch gleich das passende Zubeh\u00f6r. Folgende Produkte wirst du noch ben\u00f6tigen:<\/p>\n<p>Erstens einen SDS plus Bohrer mit 20mm Durchmesser. Gib dem Schaft unbedingt gen\u00fcgend Platz um ihn ordentlich verkleben zu k\u00f6nnen.<\/p>\n<p>Zweitens das richtige Zubeh\u00f6r f\u00fcr die Reinigung des Bohrlochs. Eine Stahl Lochb\u00fcrste sowie einen Ausbl\u00e4ser.<\/p>\n<p>Drittens ben\u00f6tigst du einen Hochleistungs Injektionsm\u00f6rtel inkl. Auspresspistole und Statikmischer.<\/p>\n<p>Viertens wirst du eine Kausche sowie mind. 3 Drahtseilklemmen f\u00fcr jedes Seilende ben\u00f6tigen.<\/p>\n<h4><strong>Link Tipp<\/strong><\/h4>\n<p>Die <a href=\"https:\/\/www.tirol.gv.at\/fileadmin\/themen\/sport\/berg-und-ski\/downloads_berg_und_ski\/2019_Beilage_Klettersteig-Bauempfehlung.pdf\" target=\"_blank\" rel=\"noopener noreferrer\">Beilage zur Broch\u00fcre<\/a> &#8220;Kletter:Steige &#8211; Errichtung, Wartung, Sanierung (2014) informiert \u00fcber die aktuellen \u00c4nderungen zum Klettersteigbau aufgrund der Einf\u00fchrung der Klettersteignorm 16860:2018<\/p>\n<p>Darin enthalten sind auch Infos, was bei der Verarbeitung Ring Endanker Edelstahl 16mm zu beachten ist.<\/p>\n","protected":false},"excerpt":{"rendered":"<ul>\n<li>Hersteller: <a href=\"https:\/\/bolting.eu\/produkt-kategorie\/vertical-evolution\/\">Vertical Evolution<\/a><\/li>\n<li>Material: A2 Stahl<\/li>\n<li>Durchmesser: 16mm<\/li>\n<li>L\u00e4nge = Verankerungstiefe: 200mm, 300mm, 400mm<\/li>\n<li>Schafft: mit gerollten Rillen f\u00fcr besten Halt<\/li>\n<li>konform EN 16869<\/li>\n<li>konform EN 16968<\/li>\n<li>perfekt als Endanker bei einem Handlauf \/ Seilgel\u00e4nder wo das Drahtseil &#8220;axial&#8221; montiert werden muss<\/li>\n<li>nicht f\u00fcr den Klettersteigbau geeignet (gr\u00f6\u00dfere Durchmesser verwenden!)<\/li>\n<li>Bohrdurchmesser mind. 18mm<\/li>\n<\/ul>\n","protected":false},"featured_media":7452,"comment_status":"open","ping_status":"closed","template":"","meta":[],"product_brand":[],"product_cat":[14189,482],"product_tag":[],"class_list":{"0":"post-4276","1":"product","2":"type-product","3":"status-publish","4":"has-post-thumbnail","6":"product_cat-materialien-fuer-wegebau","7":"product_cat-vertical-evolution","9":"first","10":"instock","11":"taxable","12":"shipping-taxable","13":"purchasable","14":"product-type-variable"},"yoast_head":"<!-- This site is optimized with the Yoast SEO Premium plugin v26.9 (Yoast SEO v26.9) - https:\/\/yoast.com\/product\/yoast-seo-premium-wordpress\/ -->\n<title>Ring Endanker Edelstahl 16mm f\u00fcr Seilgel\u00e4nder- &amp; Wegebau | bolting.eu<\/title>\n<meta name=\"description\" content=\"Hier findest Du den RING-ENDANKER EDELSTAHL 16mm f\u00fcr den Seilgel\u00e4nder- und Wegegbau. Ein Top Produkt vom Einbohr Profi aus \ud83c\udde6\ud83c\uddf9!\" \/>\n<meta name=\"robots\" content=\"index, follow, max-snippet:-1, max-image-preview:large, max-video-preview:-1\" \/>\n<link rel=\"canonical\" href=\"https:\/\/bolting.eu\/en\/shop\/ring-endanker-edelstahl-16mm-2\/\" \/>\n<meta property=\"og:locale\" content=\"en_US\" \/>\n<meta property=\"og:type\" content=\"article\" \/>\n<meta property=\"og:title\" content=\"Ring Endanker Edelstahl 16mm\" \/>\n<meta property=\"og:description\" content=\"Hier findest Du den RING-ENDANKER EDELSTAHL 16mm f\u00fcr den Seilgel\u00e4nder- und Wegegbau. Ein Top Produkt vom Einbohr Profi aus \ud83c\udde6\ud83c\uddf9!\" \/>\n<meta property=\"og:url\" content=\"https:\/\/bolting.eu\/en\/shop\/ring-endanker-edelstahl-16mm-2\/\" \/>\n<meta property=\"og:site_name\" content=\"bolting.eu\" \/>\n<meta property=\"article:publisher\" content=\"https:\/\/www.facebook.com\/bolting.eu\" \/>\n<meta property=\"article:modified_time\" content=\"2026-04-08T11:16:43+00:00\" \/>\n<meta property=\"og:image\" content=\"https:\/\/bolting.eu\/wp-content\/uploads\/2020\/08\/Ring-Endanker-Edelstahl-16mm-2.jpg\" \/>\n\t<meta property=\"og:image:width\" content=\"700\" \/>\n\t<meta property=\"og:image:height\" content=\"700\" \/>\n\t<meta property=\"og:image:type\" content=\"image\/jpeg\" \/>\n<meta name=\"twitter:card\" content=\"summary_large_image\" \/>\n<meta name=\"twitter:label1\" content=\"Availability\" \/>\n\t<meta name=\"twitter:data1\" content=\"In stock\" \/>\n<script type=\"application\/ld+json\" class=\"yoast-schema-graph\">{\"@context\":\"https:\/\/schema.org\",\"@graph\":[{\"@type\":[\"WebPage\",\"ItemPage\"],\"@id\":\"https:\/\/bolting.eu\/en\/shop\/ring-endanker-edelstahl-16mm-2\/\",\"url\":\"https:\/\/bolting.eu\/en\/shop\/ring-endanker-edelstahl-16mm-2\/\",\"name\":\"Ring Endanker Edelstahl 16mm f\u00fcr Seilgel\u00e4nder- & Wegebau | bolting.eu\",\"isPartOf\":{\"@id\":\"https:\/\/bolting.eu\/en\/#website\"},\"primaryImageOfPage\":{\"@id\":\"https:\/\/bolting.eu\/en\/shop\/ring-endanker-edelstahl-16mm-2\/#primaryimage\"},\"image\":{\"@id\":\"https:\/\/bolting.eu\/en\/shop\/ring-endanker-edelstahl-16mm-2\/#primaryimage\"},\"thumbnailUrl\":\"https:\/\/bolting.eu\/wp-content\/uploads\/2020\/08\/Ring-Endanker-Edelstahl-16mm-2.jpg\",\"datePublished\":\"2020-08-05T14:31:23+00:00\",\"dateModified\":\"2026-04-08T11:16:43+00:00\",\"description\":\"Hier findest Du den RING-ENDANKER EDELSTAHL 16mm f\u00fcr den Seilgel\u00e4nder- und Wegegbau. Ein Top Produkt vom Einbohr Profi aus \ud83c\udde6\ud83c\uddf9!\",\"breadcrumb\":{\"@id\":\"https:\/\/bolting.eu\/en\/shop\/ring-endanker-edelstahl-16mm-2\/#breadcrumb\"},\"inLanguage\":\"en-US\",\"potentialAction\":[{\"@type\":\"ReadAction\",\"target\":[\"https:\/\/bolting.eu\/en\/shop\/ring-endanker-edelstahl-16mm-2\/\"]}]},{\"@type\":\"ImageObject\",\"inLanguage\":\"en-US\",\"@id\":\"https:\/\/bolting.eu\/en\/shop\/ring-endanker-edelstahl-16mm-2\/#primaryimage\",\"url\":\"https:\/\/bolting.eu\/wp-content\/uploads\/2020\/08\/Ring-Endanker-Edelstahl-16mm-2.jpg\",\"contentUrl\":\"https:\/\/bolting.eu\/wp-content\/uploads\/2020\/08\/Ring-Endanker-Edelstahl-16mm-2.jpg\",\"width\":700,\"height\":700,\"caption\":\"Das Bild zeigt einen Ring Endanker Edelstahl 16mm. Er steht aufrecht in Mitte eines wei\u00dfen Quadrates. Man erkennt sofort seine Form.\"},{\"@type\":\"BreadcrumbList\",\"@id\":\"https:\/\/bolting.eu\/en\/shop\/ring-endanker-edelstahl-16mm-2\/#breadcrumb\",\"itemListElement\":[{\"@type\":\"ListItem\",\"position\":1,\"name\":\"Shop\",\"item\":\"https:\/\/bolting.eu\/en\/shop\/\"},{\"@type\":\"ListItem\",\"position\":2,\"name\":\"bolting products\",\"item\":\"https:\/\/bolting.eu\/en\/produkt-kategorie\/bolting-products\/\"},{\"@type\":\"ListItem\",\"position\":3,\"name\":\"Materialien f\u00fcr Wegebau\",\"item\":\"https:\/\/bolting.eu\/produkt-kategorie\/einbohrartikel\/materialien-fuer-wegebau\/\"},{\"@type\":\"ListItem\",\"position\":4,\"name\":\"Ring Endanker Edelstahl 16mm\"}]},{\"@type\":\"WebSite\",\"@id\":\"https:\/\/bolting.eu\/en\/#website\",\"url\":\"https:\/\/bolting.eu\/en\/\",\"name\":\"bolting.eu\",\"description\":\"we make climbs happen\",\"publisher\":{\"@id\":\"https:\/\/bolting.eu\/en\/#organization\"},\"potentialAction\":[{\"@type\":\"SearchAction\",\"target\":{\"@type\":\"EntryPoint\",\"urlTemplate\":\"https:\/\/bolting.eu\/en\/?s={search_term_string}\"},\"query-input\":{\"@type\":\"PropertyValueSpecification\",\"valueRequired\":true,\"valueName\":\"search_term_string\"}}],\"inLanguage\":\"en-US\"},{\"@type\":[\"Organization\",\"Place\",\"SportingGoodsStore\"],\"@id\":\"https:\/\/bolting.eu\/en\/#organization\",\"name\":\"bolting.eu\",\"url\":\"https:\/\/bolting.eu\/en\/\",\"logo\":{\"@id\":\"https:\/\/bolting.eu\/en\/shop\/ring-endanker-edelstahl-16mm-2\/#local-main-organization-logo\"},\"image\":{\"@id\":\"https:\/\/bolting.eu\/en\/shop\/ring-endanker-edelstahl-16mm-2\/#local-main-organization-logo\"},\"sameAs\":[\"https:\/\/www.facebook.com\/bolting.eu\",\"https:\/\/www.instagram.com\/bolting.eu\/\"],\"address\":{\"@id\":\"https:\/\/bolting.eu\/en\/shop\/ring-endanker-edelstahl-16mm-2\/#local-main-place-address\"},\"geo\":{\"@type\":\"GeoCoordinates\",\"latitude\":\"47.264176340396226\",\"longitude\":\"11.380109057672346\"},\"telephone\":[\"+43 699 19083372\"],\"openingHoursSpecification\":[{\"@type\":\"OpeningHoursSpecification\",\"dayOfWeek\":[\"Monday\",\"Wednesday\",\"Friday\"],\"opens\":\"14:00\",\"closes\":\"18:00\"},{\"@type\":\"OpeningHoursSpecification\",\"dayOfWeek\":[\"Tuesday\",\"Thursday\",\"Saturday\",\"Sunday\"],\"opens\":\"00:00\",\"closes\":\"00:00\"}],\"email\":\"office@bolting.eu\",\"vatID\":\"ATU59999728\",\"priceRange\":\"$$\",\"currenciesAccepted\":\"Euro\"},{\"@type\":\"PostalAddress\",\"@id\":\"https:\/\/bolting.eu\/en\/shop\/ring-endanker-edelstahl-16mm-2\/#local-main-place-address\",\"streetAddress\":\"Fischnalerstra\u00dfe 4\",\"addressLocality\":\"Innsbruck\",\"postalCode\":\"6020\",\"addressRegion\":\"Tirol\",\"addressCountry\":\"AT\"},{\"@type\":\"ImageObject\",\"inLanguage\":\"en-US\",\"@id\":\"https:\/\/bolting.eu\/en\/shop\/ring-endanker-edelstahl-16mm-2\/#local-main-organization-logo\",\"url\":\"https:\/\/bolting.eu\/wp-content\/uploads\/2019\/09\/bolting-logo.png\",\"contentUrl\":\"https:\/\/bolting.eu\/wp-content\/uploads\/2019\/09\/bolting-logo.png\",\"width\":400,\"height\":211,\"caption\":\"bolting.eu\"}]}<\/script>\n<meta property=\"og:availability\" content=\"instock\" \/>\n<meta property=\"product:availability\" content=\"instock\" \/>\n<meta property=\"product:condition\" content=\"new\" \/>\n<meta name=\"geo.placename\" content=\"Innsbruck\" \/>\n<meta name=\"geo.position\" content=\"47.264176340396226;11.380109057672346\" \/>\n<meta name=\"geo.region\" content=\"Austria\" \/>\n<!-- \/ Yoast SEO Premium plugin. -->","yoast_head_json":{"title":"Ring Endanker Edelstahl 16mm f\u00fcr Seilgel\u00e4nder- & Wegebau | bolting.eu","description":"Hier findest Du den RING-ENDANKER EDELSTAHL 16mm f\u00fcr den Seilgel\u00e4nder- und Wegegbau. Ein Top Produkt vom Einbohr Profi aus \ud83c\udde6\ud83c\uddf9!","robots":{"index":"index","follow":"follow","max-snippet":"max-snippet:-1","max-image-preview":"max-image-preview:large","max-video-preview":"max-video-preview:-1"},"canonical":"https:\/\/bolting.eu\/en\/shop\/ring-endanker-edelstahl-16mm-2\/","og_locale":"en_US","og_type":"article","og_title":"Ring Endanker Edelstahl 16mm","og_description":"Hier findest Du den RING-ENDANKER EDELSTAHL 16mm f\u00fcr den Seilgel\u00e4nder- und Wegegbau. Ein Top Produkt vom Einbohr Profi aus \ud83c\udde6\ud83c\uddf9!","og_url":"https:\/\/bolting.eu\/en\/shop\/ring-endanker-edelstahl-16mm-2\/","og_site_name":"bolting.eu","article_publisher":"https:\/\/www.facebook.com\/bolting.eu","article_modified_time":"2026-04-08T11:16:43+00:00","og_image":[{"width":700,"height":700,"url":"https:\/\/bolting.eu\/wp-content\/uploads\/2020\/08\/Ring-Endanker-Edelstahl-16mm-2.jpg","type":"image\/jpeg"}],"twitter_card":"summary_large_image","twitter_misc":{"Availability":"In stock"},"schema":{"@context":"https:\/\/schema.org","@graph":[{"@type":["WebPage","ItemPage"],"@id":"https:\/\/bolting.eu\/en\/shop\/ring-endanker-edelstahl-16mm-2\/","url":"https:\/\/bolting.eu\/en\/shop\/ring-endanker-edelstahl-16mm-2\/","name":"Ring Endanker Edelstahl 16mm f\u00fcr Seilgel\u00e4nder- & Wegebau | bolting.eu","isPartOf":{"@id":"https:\/\/bolting.eu\/en\/#website"},"primaryImageOfPage":{"@id":"https:\/\/bolting.eu\/en\/shop\/ring-endanker-edelstahl-16mm-2\/#primaryimage"},"image":{"@id":"https:\/\/bolting.eu\/en\/shop\/ring-endanker-edelstahl-16mm-2\/#primaryimage"},"thumbnailUrl":"https:\/\/bolting.eu\/wp-content\/uploads\/2020\/08\/Ring-Endanker-Edelstahl-16mm-2.jpg","datePublished":"2020-08-05T14:31:23+00:00","dateModified":"2026-04-08T11:16:43+00:00","description":"Hier findest Du den RING-ENDANKER EDELSTAHL 16mm f\u00fcr den Seilgel\u00e4nder- und Wegegbau. Ein Top Produkt vom Einbohr Profi aus \ud83c\udde6\ud83c\uddf9!","breadcrumb":{"@id":"https:\/\/bolting.eu\/en\/shop\/ring-endanker-edelstahl-16mm-2\/#breadcrumb"},"inLanguage":"en-US","potentialAction":[{"@type":"ReadAction","target":["https:\/\/bolting.eu\/en\/shop\/ring-endanker-edelstahl-16mm-2\/"]}]},{"@type":"ImageObject","inLanguage":"en-US","@id":"https:\/\/bolting.eu\/en\/shop\/ring-endanker-edelstahl-16mm-2\/#primaryimage","url":"https:\/\/bolting.eu\/wp-content\/uploads\/2020\/08\/Ring-Endanker-Edelstahl-16mm-2.jpg","contentUrl":"https:\/\/bolting.eu\/wp-content\/uploads\/2020\/08\/Ring-Endanker-Edelstahl-16mm-2.jpg","width":700,"height":700,"caption":"Das Bild zeigt einen Ring Endanker Edelstahl 16mm. Er steht aufrecht in Mitte eines wei\u00dfen Quadrates. Man erkennt sofort seine Form."},{"@type":"BreadcrumbList","@id":"https:\/\/bolting.eu\/en\/shop\/ring-endanker-edelstahl-16mm-2\/#breadcrumb","itemListElement":[{"@type":"ListItem","position":1,"name":"Shop","item":"https:\/\/bolting.eu\/en\/shop\/"},{"@type":"ListItem","position":2,"name":"bolting products","item":"https:\/\/bolting.eu\/en\/produkt-kategorie\/bolting-products\/"},{"@type":"ListItem","position":3,"name":"Materialien f\u00fcr Wegebau","item":"https:\/\/bolting.eu\/produkt-kategorie\/einbohrartikel\/materialien-fuer-wegebau\/"},{"@type":"ListItem","position":4,"name":"Ring Endanker Edelstahl 16mm"}]},{"@type":"WebSite","@id":"https:\/\/bolting.eu\/en\/#website","url":"https:\/\/bolting.eu\/en\/","name":"bolting.eu","description":"we make climbs happen","publisher":{"@id":"https:\/\/bolting.eu\/en\/#organization"},"potentialAction":[{"@type":"SearchAction","target":{"@type":"EntryPoint","urlTemplate":"https:\/\/bolting.eu\/en\/?s={search_term_string}"},"query-input":{"@type":"PropertyValueSpecification","valueRequired":true,"valueName":"search_term_string"}}],"inLanguage":"en-US"},{"@type":["Organization","Place","SportingGoodsStore"],"@id":"https:\/\/bolting.eu\/en\/#organization","name":"bolting.eu","url":"https:\/\/bolting.eu\/en\/","logo":{"@id":"https:\/\/bolting.eu\/en\/shop\/ring-endanker-edelstahl-16mm-2\/#local-main-organization-logo"},"image":{"@id":"https:\/\/bolting.eu\/en\/shop\/ring-endanker-edelstahl-16mm-2\/#local-main-organization-logo"},"sameAs":["https:\/\/www.facebook.com\/bolting.eu","https:\/\/www.instagram.com\/bolting.eu\/"],"address":{"@id":"https:\/\/bolting.eu\/en\/shop\/ring-endanker-edelstahl-16mm-2\/#local-main-place-address"},"geo":{"@type":"GeoCoordinates","latitude":"47.264176340396226","longitude":"11.380109057672346"},"telephone":["+43 699 19083372"],"openingHoursSpecification":[{"@type":"OpeningHoursSpecification","dayOfWeek":["Monday","Wednesday","Friday"],"opens":"14:00","closes":"18:00"},{"@type":"OpeningHoursSpecification","dayOfWeek":["Tuesday","Thursday","Saturday","Sunday"],"opens":"00:00","closes":"00:00"}],"email":"office@bolting.eu","vatID":"ATU59999728","priceRange":"$$","currenciesAccepted":"Euro"},{"@type":"PostalAddress","@id":"https:\/\/bolting.eu\/en\/shop\/ring-endanker-edelstahl-16mm-2\/#local-main-place-address","streetAddress":"Fischnalerstra\u00dfe 4","addressLocality":"Innsbruck","postalCode":"6020","addressRegion":"Tirol","addressCountry":"AT"},{"@type":"ImageObject","inLanguage":"en-US","@id":"https:\/\/bolting.eu\/en\/shop\/ring-endanker-edelstahl-16mm-2\/#local-main-organization-logo","url":"https:\/\/bolting.eu\/wp-content\/uploads\/2019\/09\/bolting-logo.png","contentUrl":"https:\/\/bolting.eu\/wp-content\/uploads\/2019\/09\/bolting-logo.png","width":400,"height":211,"caption":"bolting.eu"}]},"og_availability":"instock","product_availability":"instock","product_condition":"new","geo.placename":"Innsbruck","geo.position":{"lat":"47.264176340396226","long":"11.380109057672346"},"geo.region":"Austria"},"_links":{"self":[{"href":"https:\/\/bolting.eu\/en\/wp-json\/wp\/v2\/product\/4276","targetHints":{"allow":["GET"]}}],"collection":[{"href":"https:\/\/bolting.eu\/en\/wp-json\/wp\/v2\/product"}],"about":[{"href":"https:\/\/bolting.eu\/en\/wp-json\/wp\/v2\/types\/product"}],"replies":[{"embeddable":true,"href":"https:\/\/bolting.eu\/en\/wp-json\/wp\/v2\/comments?post=4276"}],"wp:featuredmedia":[{"embeddable":true,"href":"https:\/\/bolting.eu\/en\/wp-json\/wp\/v2\/media\/7452"}],"wp:attachment":[{"href":"https:\/\/bolting.eu\/en\/wp-json\/wp\/v2\/media?parent=4276"}],"wp:term":[{"taxonomy":"product_brand","embeddable":true,"href":"https:\/\/bolting.eu\/en\/wp-json\/wp\/v2\/product_brand?post=4276"},{"taxonomy":"product_cat","embeddable":true,"href":"https:\/\/bolting.eu\/en\/wp-json\/wp\/v2\/product_cat?post=4276"},{"taxonomy":"product_tag","embeddable":true,"href":"https:\/\/bolting.eu\/en\/wp-json\/wp\/v2\/product_tag?post=4276"}],"curies":[{"name":"wp","href":"https:\/\/api.w.org\/{rel}","templated":true}]}}