{"id":4247,"date":"2020-08-05T12:23:56","date_gmt":"2020-08-05T10:23:56","guid":{"rendered":"https:\/\/bolting.eu\/?post_type=product&#038;p=4247"},"modified":"2026-02-11T18:51:49","modified_gmt":"2026-02-11T17:51:49","slug":"drahtseilklemme-verzinkt-din1142","status":"publish","type":"product","link":"https:\/\/bolting.eu\/en\/shop\/drahtseilklemme-verzinkt-din1142\/","title":{"rendered":"Drahtseilklemme verzinkt DIN1142"},"content":{"rendered":"<p>Unsere Drahtseilklemme verzinkt DIN 1142 ist unerl\u00e4sslich beim <a href=\"https:\/\/bolting.eu\/klettersteig-bau\/\">Klettersteigbau<\/a>. Fixieren von Drahtseilen an Klettersteig Endankern. Denn die Drahtseile m\u00fcssen nach dem &#8220;R\u00fcckf\u00e4deln&#8221; nach der neuen Norm 5 x gesichert werden.<\/p>\n<p>Wir empfehlen unseren Kunden immer ein Paar St\u00fcck mehr Ersatz zu kaufen. Denn die kleinen Zubeh\u00f6rteile fallen gerne zu Boden. D.h. manchmal sind sie am Wandfu\u00df nicht mehr zu finden.<\/p>\n<h2>Eigenschaften Drahtseilklemme verzinkt DIN1142<\/h2>\n<ul>\n<li>Material: verzinkter Stahl<\/li>\n<li>zur Fixierung von Drahtseilen in Endankern<\/li>\n<li>Norm: DIN1142 bzw. EN 13411-5<\/li>\n<li>Gr\u00f6\u00dfen f\u00fcr 10mm, 12mm, 14mm und 16mm Drahtseilen<\/li>\n<li>beachtet den Anzugs Drehmoment der Muttern!<\/li>\n<li>neue Norm fordert 3 Klemmen an den Endankern!<\/li>\n<li>nur f\u00fcr Litzenseile &#8211; ungeeignet f\u00fcr Spiralseile!<\/li>\n<\/ul>\n<h3>Anzugsdrehmoment Drahtseilklemme verzinkt DIN1142<\/h3>\n<table width=\"268\">\n<tbody>\n<tr>\n<td colspan=\"2\" width=\"268\">Anzugsdrehmoment f\u00fcr Seilklemmen<\/td>\n<\/tr>\n<tr>\n<td><\/td>\n<td><\/td>\n<\/tr>\n<tr>\n<td>Seil \u2205<\/td>\n<td>Drehmoment<\/td>\n<\/tr>\n<tr>\n<td>10mm<\/td>\n<td>9Nm<\/td>\n<\/tr>\n<tr>\n<td>12mm<\/td>\n<td>20Nm<\/td>\n<\/tr>\n<tr>\n<td>14mm<\/td>\n<td>33Nm<\/td>\n<\/tr>\n<tr>\n<td>16mm<\/td>\n<td>49Nm<\/td>\n<\/tr>\n<\/tbody>\n<\/table>\n<h3>Anbringung<\/h3>\n<p>Die Drahtseilklemme verzinkt DIN 1142 m\u00fcssen sorgsam montiert werden.<\/p>\n<p>Erstens m\u00fcssen die Klemmb\u00fcgel immer am unbelasteten Seil aufliegen.<\/p>\n<p>Zweitens muss die 1. Drahtseilklemme direkt an der Kausche montiert werden. Denn somit wird das Herausrutschen des Seilauge aus der Kausche verhindert.<\/p>\n<p>Drittens muss der Anzugsdrehmoment der Muttern exakt eingehalten werden.<\/p>\n<p>Viertens muss ein Normabstand von ca. 1 x die L\u00e4nge der Klemme zwischen den einzelnen Klemmen eingehalten werden.<\/p>\n<figure id=\"attachment_4254\" aria-describedby=\"caption-attachment-4254\" style=\"width: 1024px\" class=\"wp-caption alignnone\"><a href=\"https:\/\/bolting.eu\/wp-content\/uploads\/2020\/08\/Seilklemme-verzinkt-Anwendungsbeispiel.jpg\"><img loading=\"lazy\" decoding=\"async\" class=\"wp-image-4254 size-full\" src=\"https:\/\/bolting.eu\/wp-content\/uploads\/2020\/08\/Seilklemme-verzinkt-Anwendungsbeispiel.jpg\" alt=\"Das Bild zeigt eine Grafik zur korrekten Anbringung einer Seilklemme verzinkt bei einem Klettersteig. Man erkennt sofort die Anordnung aller BAuteile am Klettersteig Endanker.\" width=\"1024\" height=\"358\" srcset=\"https:\/\/bolting.eu\/wp-content\/uploads\/2020\/08\/Seilklemme-verzinkt-Anwendungsbeispiel.jpg 1024w, https:\/\/bolting.eu\/wp-content\/uploads\/2020\/08\/Seilklemme-verzinkt-Anwendungsbeispiel-510x178.jpg 510w, https:\/\/bolting.eu\/wp-content\/uploads\/2020\/08\/Seilklemme-verzinkt-Anwendungsbeispiel-800x280.jpg 800w, https:\/\/bolting.eu\/wp-content\/uploads\/2020\/08\/Seilklemme-verzinkt-Anwendungsbeispiel-768x269.jpg 768w, https:\/\/bolting.eu\/wp-content\/uploads\/2020\/08\/Seilklemme-verzinkt-Anwendungsbeispiel-600x210.jpg 600w\" sizes=\"auto, (max-width: 1024px) 100vw, 1024px\" \/><\/a><figcaption id=\"caption-attachment-4254\" class=\"wp-caption-text\">Beachte! Die neue Klettersteignorm fordert mittlerweile 5 Drahtseilklemmen! Grafik aus: &#8220;Wegehandbuch der Alpenvereine&#8221; Kapitel 6.17.1.3.<\/figcaption><\/figure>\n<h3>Galvanische Korrosion<\/h3>\n<p>Beachtet bitte. Mischt die Drahtseilklemme verzinkt DIN 1142 niemals mit Bauteilen aus Edelstahl! Folglich sind sie zur Montage auf Ankern aus verzinktem Stahl gedacht. Ansonsten gibt es galvanische Korrosion.<\/p>\n<p>Du willst mehr zu diesem Thema wissen? Dann lies dir unseren Fachbeitrag zum Thema \u201e<a href=\"https:\/\/bolting.eu\/galvanische-korrosion-bei-bohrhaken\/\">Galvanische Korrosion bei Bohrhaken<\/a>\u201c durch.<\/p>\n<h4><strong>Link Tipp<\/strong><\/h4>\n<p>Im <a href=\"https:\/\/www.alpenverein.at\/portal_wAssets\/docs\/berg-aktiv\/wege_touren\/wegehandbuch_digital.pdf\" target=\"_blank\" rel=\"noopener noreferrer\">Wege Handbuch des Alpenverein<\/a> finden sich viele wertvolle Tipps f\u00fcr den Wegebau. Beispielsweise auch f\u00fcr die Klemmen.<\/p>\n","protected":false},"excerpt":{"rendered":"<ul>\n<li>Material: verzinkter Stahl<\/li>\n<li>zur Fixierung von Drahtseilen in Endankern<\/li>\n<li>Norm: EN 13411-5<\/li>\n<li>Gr\u00f6\u00dfen f\u00fcr 10mm, 12mm, 14mm und 16mm Drahtseilen<\/li>\n<li>beachtet den Anzugs Drehmoment der Muttern!<\/li>\n<li>neue Norm fordert 5 Klemmen an den Endankern!<\/li>\n<li>nur f\u00fcr Litzenseile &#8211; ungeeignet f\u00fcr Spiralseile!<\/li>\n<\/ul>\n","protected":false},"featured_media":4256,"comment_status":"open","ping_status":"closed","template":"","meta":[],"product_brand":[],"product_cat":[260,14189],"product_tag":[],"class_list":{"0":"post-4247","1":"product","2":"type-product","3":"status-publish","4":"has-post-thumbnail","6":"product_cat-material-fuer-klettersteigbau","7":"product_cat-materialien-fuer-wegebau","9":"first","10":"instock","11":"taxable","12":"shipping-taxable","13":"purchasable","14":"product-type-variable"},"yoast_head":"<!-- This site is optimized with the Yoast SEO Premium plugin v26.9 (Yoast SEO v26.9) - https:\/\/yoast.com\/product\/yoast-seo-premium-wordpress\/ -->\n<title>Drahtseilklemme verzinkt DIN1142 g\u00fcnstig online kaufen | bolting.eu<\/title>\n<meta name=\"description\" content=\"Hier gibt\u00b4s die DRAHTSEILKLEMME VERZINKT DIN1142 f\u00fcr Klettersteige &amp; Seilgel\u00e4nder von 10-16mm. Jetzt beim Klettersteigprofi in \ud83c\udde6\ud83c\uddf9 kaufen!\" \/>\n<meta name=\"robots\" content=\"index, follow, max-snippet:-1, max-image-preview:large, max-video-preview:-1\" \/>\n<link rel=\"canonical\" href=\"https:\/\/bolting.eu\/en\/shop\/drahtseilklemme-verzinkt-din1142\/\" \/>\n<meta property=\"og:locale\" content=\"en_US\" \/>\n<meta property=\"og:type\" content=\"article\" \/>\n<meta property=\"og:title\" content=\"Drahtseilklemme verzinkt DIN1142\" \/>\n<meta property=\"og:description\" content=\"Hier gibt\u00b4s die DRAHTSEILKLEMME VERZINKT DIN1142 f\u00fcr Klettersteige &amp; Seilgel\u00e4nder von 10-16mm. Jetzt beim Klettersteigprofi in \ud83c\udde6\ud83c\uddf9 kaufen!\" \/>\n<meta property=\"og:url\" content=\"https:\/\/bolting.eu\/en\/shop\/drahtseilklemme-verzinkt-din1142\/\" \/>\n<meta property=\"og:site_name\" content=\"bolting.eu\" \/>\n<meta property=\"article:publisher\" content=\"https:\/\/www.facebook.com\/bolting.eu\" \/>\n<meta property=\"article:modified_time\" content=\"2026-02-11T17:51:49+00:00\" \/>\n<meta property=\"og:image\" content=\"https:\/\/bolting.eu\/wp-content\/uploads\/2020\/08\/Seilklemme-verzinkt.jpg\" \/>\n\t<meta property=\"og:image:width\" content=\"700\" \/>\n\t<meta property=\"og:image:height\" content=\"700\" \/>\n\t<meta property=\"og:image:type\" content=\"image\/jpeg\" \/>\n<meta name=\"twitter:card\" content=\"summary_large_image\" \/>\n<meta name=\"twitter:label1\" content=\"Availability\" \/>\n\t<meta name=\"twitter:data1\" content=\"In stock\" \/>\n<script type=\"application\/ld+json\" class=\"yoast-schema-graph\">{\"@context\":\"https:\/\/schema.org\",\"@graph\":[{\"@type\":[\"WebPage\",\"ItemPage\"],\"@id\":\"https:\/\/bolting.eu\/en\/shop\/drahtseilklemme-verzinkt-din1142\/\",\"url\":\"https:\/\/bolting.eu\/en\/shop\/drahtseilklemme-verzinkt-din1142\/\",\"name\":\"Drahtseilklemme verzinkt DIN1142 g\u00fcnstig online kaufen | bolting.eu\",\"isPartOf\":{\"@id\":\"https:\/\/bolting.eu\/en\/#website\"},\"primaryImageOfPage\":{\"@id\":\"https:\/\/bolting.eu\/en\/shop\/drahtseilklemme-verzinkt-din1142\/#primaryimage\"},\"image\":{\"@id\":\"https:\/\/bolting.eu\/en\/shop\/drahtseilklemme-verzinkt-din1142\/#primaryimage\"},\"thumbnailUrl\":\"https:\/\/bolting.eu\/wp-content\/uploads\/2020\/08\/Seilklemme-verzinkt.jpg\",\"datePublished\":\"2020-08-05T10:23:56+00:00\",\"dateModified\":\"2026-02-11T17:51:49+00:00\",\"description\":\"Hier gibt\u00b4s die DRAHTSEILKLEMME VERZINKT DIN1142 f\u00fcr Klettersteige & Seilgel\u00e4nder von 10-16mm. Jetzt beim Klettersteigprofi in \ud83c\udde6\ud83c\uddf9 kaufen!\",\"breadcrumb\":{\"@id\":\"https:\/\/bolting.eu\/en\/shop\/drahtseilklemme-verzinkt-din1142\/#breadcrumb\"},\"inLanguage\":\"en-US\",\"potentialAction\":[{\"@type\":\"ReadAction\",\"target\":[\"https:\/\/bolting.eu\/en\/shop\/drahtseilklemme-verzinkt-din1142\/\"]}]},{\"@type\":\"ImageObject\",\"inLanguage\":\"en-US\",\"@id\":\"https:\/\/bolting.eu\/en\/shop\/drahtseilklemme-verzinkt-din1142\/#primaryimage\",\"url\":\"https:\/\/bolting.eu\/wp-content\/uploads\/2020\/08\/Seilklemme-verzinkt.jpg\",\"contentUrl\":\"https:\/\/bolting.eu\/wp-content\/uploads\/2020\/08\/Seilklemme-verzinkt.jpg\",\"width\":700,\"height\":700,\"caption\":\"Das Bild zeigt eine Drahtseilklemme verzinkt DIN 1142. Die messingfarbene Klemme steht aufrecht in Mitte eines wei\u00dfen Quadrates.\"},{\"@type\":\"BreadcrumbList\",\"@id\":\"https:\/\/bolting.eu\/en\/shop\/drahtseilklemme-verzinkt-din1142\/#breadcrumb\",\"itemListElement\":[{\"@type\":\"ListItem\",\"position\":1,\"name\":\"Shop\",\"item\":\"https:\/\/bolting.eu\/en\/shop\/\"},{\"@type\":\"ListItem\",\"position\":2,\"name\":\"bolting products\",\"item\":\"https:\/\/bolting.eu\/en\/produkt-kategorie\/bolting-products\/\"},{\"@type\":\"ListItem\",\"position\":3,\"name\":\"Material f\u00fcr Klettersteigbau\",\"item\":\"https:\/\/bolting.eu\/produkt-kategorie\/einbohrartikel\/material-fuer-klettersteigbau\/\"},{\"@type\":\"ListItem\",\"position\":4,\"name\":\"Drahtseilklemme verzinkt DIN1142\"}]},{\"@type\":\"WebSite\",\"@id\":\"https:\/\/bolting.eu\/en\/#website\",\"url\":\"https:\/\/bolting.eu\/en\/\",\"name\":\"bolting.eu\",\"description\":\"we make climbs happen\",\"publisher\":{\"@id\":\"https:\/\/bolting.eu\/en\/#organization\"},\"potentialAction\":[{\"@type\":\"SearchAction\",\"target\":{\"@type\":\"EntryPoint\",\"urlTemplate\":\"https:\/\/bolting.eu\/en\/?s={search_term_string}\"},\"query-input\":{\"@type\":\"PropertyValueSpecification\",\"valueRequired\":true,\"valueName\":\"search_term_string\"}}],\"inLanguage\":\"en-US\"},{\"@type\":[\"Organization\",\"Place\",\"SportingGoodsStore\"],\"@id\":\"https:\/\/bolting.eu\/en\/#organization\",\"name\":\"bolting.eu\",\"url\":\"https:\/\/bolting.eu\/en\/\",\"logo\":{\"@id\":\"https:\/\/bolting.eu\/en\/shop\/drahtseilklemme-verzinkt-din1142\/#local-main-organization-logo\"},\"image\":{\"@id\":\"https:\/\/bolting.eu\/en\/shop\/drahtseilklemme-verzinkt-din1142\/#local-main-organization-logo\"},\"sameAs\":[\"https:\/\/www.facebook.com\/bolting.eu\",\"https:\/\/www.instagram.com\/bolting.eu\/\"],\"address\":{\"@id\":\"https:\/\/bolting.eu\/en\/shop\/drahtseilklemme-verzinkt-din1142\/#local-main-place-address\"},\"geo\":{\"@type\":\"GeoCoordinates\",\"latitude\":\"47.264176340396226\",\"longitude\":\"11.380109057672346\"},\"telephone\":[\"+43 699 19083372\"],\"openingHoursSpecification\":[{\"@type\":\"OpeningHoursSpecification\",\"dayOfWeek\":[\"Monday\",\"Wednesday\",\"Friday\"],\"opens\":\"14:00\",\"closes\":\"18:00\"},{\"@type\":\"OpeningHoursSpecification\",\"dayOfWeek\":[\"Tuesday\",\"Thursday\",\"Saturday\",\"Sunday\"],\"opens\":\"00:00\",\"closes\":\"00:00\"}],\"email\":\"office@bolting.eu\",\"vatID\":\"ATU59999728\",\"priceRange\":\"$$\",\"currenciesAccepted\":\"Euro\"},{\"@type\":\"PostalAddress\",\"@id\":\"https:\/\/bolting.eu\/en\/shop\/drahtseilklemme-verzinkt-din1142\/#local-main-place-address\",\"streetAddress\":\"Fischnalerstra\u00dfe 4\",\"addressLocality\":\"Innsbruck\",\"postalCode\":\"6020\",\"addressRegion\":\"Tirol\",\"addressCountry\":\"AT\"},{\"@type\":\"ImageObject\",\"inLanguage\":\"en-US\",\"@id\":\"https:\/\/bolting.eu\/en\/shop\/drahtseilklemme-verzinkt-din1142\/#local-main-organization-logo\",\"url\":\"https:\/\/bolting.eu\/wp-content\/uploads\/2019\/09\/bolting-logo.png\",\"contentUrl\":\"https:\/\/bolting.eu\/wp-content\/uploads\/2019\/09\/bolting-logo.png\",\"width\":400,\"height\":211,\"caption\":\"bolting.eu\"}]}<\/script>\n<meta property=\"og:availability\" content=\"instock\" \/>\n<meta property=\"product:availability\" content=\"instock\" \/>\n<meta property=\"product:condition\" content=\"new\" \/>\n<meta name=\"geo.placename\" content=\"Innsbruck\" \/>\n<meta name=\"geo.position\" content=\"47.264176340396226;11.380109057672346\" \/>\n<meta name=\"geo.region\" content=\"Austria\" \/>\n<!-- \/ Yoast SEO Premium plugin. -->","yoast_head_json":{"title":"Drahtseilklemme verzinkt DIN1142 g\u00fcnstig online kaufen | bolting.eu","description":"Hier gibt\u00b4s die DRAHTSEILKLEMME VERZINKT DIN1142 f\u00fcr Klettersteige & Seilgel\u00e4nder von 10-16mm. Jetzt beim Klettersteigprofi in \ud83c\udde6\ud83c\uddf9 kaufen!","robots":{"index":"index","follow":"follow","max-snippet":"max-snippet:-1","max-image-preview":"max-image-preview:large","max-video-preview":"max-video-preview:-1"},"canonical":"https:\/\/bolting.eu\/en\/shop\/drahtseilklemme-verzinkt-din1142\/","og_locale":"en_US","og_type":"article","og_title":"Drahtseilklemme verzinkt DIN1142","og_description":"Hier gibt\u00b4s die DRAHTSEILKLEMME VERZINKT DIN1142 f\u00fcr Klettersteige & Seilgel\u00e4nder von 10-16mm. Jetzt beim Klettersteigprofi in \ud83c\udde6\ud83c\uddf9 kaufen!","og_url":"https:\/\/bolting.eu\/en\/shop\/drahtseilklemme-verzinkt-din1142\/","og_site_name":"bolting.eu","article_publisher":"https:\/\/www.facebook.com\/bolting.eu","article_modified_time":"2026-02-11T17:51:49+00:00","og_image":[{"width":700,"height":700,"url":"https:\/\/bolting.eu\/wp-content\/uploads\/2020\/08\/Seilklemme-verzinkt.jpg","type":"image\/jpeg"}],"twitter_card":"summary_large_image","twitter_misc":{"Availability":"In stock"},"schema":{"@context":"https:\/\/schema.org","@graph":[{"@type":["WebPage","ItemPage"],"@id":"https:\/\/bolting.eu\/en\/shop\/drahtseilklemme-verzinkt-din1142\/","url":"https:\/\/bolting.eu\/en\/shop\/drahtseilklemme-verzinkt-din1142\/","name":"Drahtseilklemme verzinkt DIN1142 g\u00fcnstig online kaufen | bolting.eu","isPartOf":{"@id":"https:\/\/bolting.eu\/en\/#website"},"primaryImageOfPage":{"@id":"https:\/\/bolting.eu\/en\/shop\/drahtseilklemme-verzinkt-din1142\/#primaryimage"},"image":{"@id":"https:\/\/bolting.eu\/en\/shop\/drahtseilklemme-verzinkt-din1142\/#primaryimage"},"thumbnailUrl":"https:\/\/bolting.eu\/wp-content\/uploads\/2020\/08\/Seilklemme-verzinkt.jpg","datePublished":"2020-08-05T10:23:56+00:00","dateModified":"2026-02-11T17:51:49+00:00","description":"Hier gibt\u00b4s die DRAHTSEILKLEMME VERZINKT DIN1142 f\u00fcr Klettersteige & Seilgel\u00e4nder von 10-16mm. Jetzt beim Klettersteigprofi in \ud83c\udde6\ud83c\uddf9 kaufen!","breadcrumb":{"@id":"https:\/\/bolting.eu\/en\/shop\/drahtseilklemme-verzinkt-din1142\/#breadcrumb"},"inLanguage":"en-US","potentialAction":[{"@type":"ReadAction","target":["https:\/\/bolting.eu\/en\/shop\/drahtseilklemme-verzinkt-din1142\/"]}]},{"@type":"ImageObject","inLanguage":"en-US","@id":"https:\/\/bolting.eu\/en\/shop\/drahtseilklemme-verzinkt-din1142\/#primaryimage","url":"https:\/\/bolting.eu\/wp-content\/uploads\/2020\/08\/Seilklemme-verzinkt.jpg","contentUrl":"https:\/\/bolting.eu\/wp-content\/uploads\/2020\/08\/Seilklemme-verzinkt.jpg","width":700,"height":700,"caption":"Das Bild zeigt eine Drahtseilklemme verzinkt DIN 1142. Die messingfarbene Klemme steht aufrecht in Mitte eines wei\u00dfen Quadrates."},{"@type":"BreadcrumbList","@id":"https:\/\/bolting.eu\/en\/shop\/drahtseilklemme-verzinkt-din1142\/#breadcrumb","itemListElement":[{"@type":"ListItem","position":1,"name":"Shop","item":"https:\/\/bolting.eu\/en\/shop\/"},{"@type":"ListItem","position":2,"name":"bolting products","item":"https:\/\/bolting.eu\/en\/produkt-kategorie\/bolting-products\/"},{"@type":"ListItem","position":3,"name":"Material f\u00fcr Klettersteigbau","item":"https:\/\/bolting.eu\/produkt-kategorie\/einbohrartikel\/material-fuer-klettersteigbau\/"},{"@type":"ListItem","position":4,"name":"Drahtseilklemme verzinkt DIN1142"}]},{"@type":"WebSite","@id":"https:\/\/bolting.eu\/en\/#website","url":"https:\/\/bolting.eu\/en\/","name":"bolting.eu","description":"we make climbs happen","publisher":{"@id":"https:\/\/bolting.eu\/en\/#organization"},"potentialAction":[{"@type":"SearchAction","target":{"@type":"EntryPoint","urlTemplate":"https:\/\/bolting.eu\/en\/?s={search_term_string}"},"query-input":{"@type":"PropertyValueSpecification","valueRequired":true,"valueName":"search_term_string"}}],"inLanguage":"en-US"},{"@type":["Organization","Place","SportingGoodsStore"],"@id":"https:\/\/bolting.eu\/en\/#organization","name":"bolting.eu","url":"https:\/\/bolting.eu\/en\/","logo":{"@id":"https:\/\/bolting.eu\/en\/shop\/drahtseilklemme-verzinkt-din1142\/#local-main-organization-logo"},"image":{"@id":"https:\/\/bolting.eu\/en\/shop\/drahtseilklemme-verzinkt-din1142\/#local-main-organization-logo"},"sameAs":["https:\/\/www.facebook.com\/bolting.eu","https:\/\/www.instagram.com\/bolting.eu\/"],"address":{"@id":"https:\/\/bolting.eu\/en\/shop\/drahtseilklemme-verzinkt-din1142\/#local-main-place-address"},"geo":{"@type":"GeoCoordinates","latitude":"47.264176340396226","longitude":"11.380109057672346"},"telephone":["+43 699 19083372"],"openingHoursSpecification":[{"@type":"OpeningHoursSpecification","dayOfWeek":["Monday","Wednesday","Friday"],"opens":"14:00","closes":"18:00"},{"@type":"OpeningHoursSpecification","dayOfWeek":["Tuesday","Thursday","Saturday","Sunday"],"opens":"00:00","closes":"00:00"}],"email":"office@bolting.eu","vatID":"ATU59999728","priceRange":"$$","currenciesAccepted":"Euro"},{"@type":"PostalAddress","@id":"https:\/\/bolting.eu\/en\/shop\/drahtseilklemme-verzinkt-din1142\/#local-main-place-address","streetAddress":"Fischnalerstra\u00dfe 4","addressLocality":"Innsbruck","postalCode":"6020","addressRegion":"Tirol","addressCountry":"AT"},{"@type":"ImageObject","inLanguage":"en-US","@id":"https:\/\/bolting.eu\/en\/shop\/drahtseilklemme-verzinkt-din1142\/#local-main-organization-logo","url":"https:\/\/bolting.eu\/wp-content\/uploads\/2019\/09\/bolting-logo.png","contentUrl":"https:\/\/bolting.eu\/wp-content\/uploads\/2019\/09\/bolting-logo.png","width":400,"height":211,"caption":"bolting.eu"}]},"og_availability":"instock","product_availability":"instock","product_condition":"new","geo.placename":"Innsbruck","geo.position":{"lat":"47.264176340396226","long":"11.380109057672346"},"geo.region":"Austria"},"_links":{"self":[{"href":"https:\/\/bolting.eu\/en\/wp-json\/wp\/v2\/product\/4247","targetHints":{"allow":["GET"]}}],"collection":[{"href":"https:\/\/bolting.eu\/en\/wp-json\/wp\/v2\/product"}],"about":[{"href":"https:\/\/bolting.eu\/en\/wp-json\/wp\/v2\/types\/product"}],"replies":[{"embeddable":true,"href":"https:\/\/bolting.eu\/en\/wp-json\/wp\/v2\/comments?post=4247"}],"wp:featuredmedia":[{"embeddable":true,"href":"https:\/\/bolting.eu\/en\/wp-json\/wp\/v2\/media\/4256"}],"wp:attachment":[{"href":"https:\/\/bolting.eu\/en\/wp-json\/wp\/v2\/media?parent=4247"}],"wp:term":[{"taxonomy":"product_brand","embeddable":true,"href":"https:\/\/bolting.eu\/en\/wp-json\/wp\/v2\/product_brand?post=4247"},{"taxonomy":"product_cat","embeddable":true,"href":"https:\/\/bolting.eu\/en\/wp-json\/wp\/v2\/product_cat?post=4247"},{"taxonomy":"product_tag","embeddable":true,"href":"https:\/\/bolting.eu\/en\/wp-json\/wp\/v2\/product_tag?post=4247"}],"curies":[{"name":"wp","href":"https:\/\/api.w.org\/{rel}","templated":true}]}}