{"id":4240,"date":"2020-08-05T12:16:24","date_gmt":"2020-08-05T10:16:24","guid":{"rendered":"https:\/\/bolting.eu\/?post_type=product&#038;p=4240"},"modified":"2026-02-16T19:56:33","modified_gmt":"2026-02-16T18:56:33","slug":"kausche-edelstahl","status":"publish","type":"product","link":"https:\/\/bolting.eu\/en\/shop\/kausche-edelstahl\/","title":{"rendered":"Kausche Edelstahl"},"content":{"rendered":"<p>Unsere Kausche Edelstahl braucht man zum Umlenken von Drahtseilen an Klettersteig Edelstahl Endankern. Denn Drahtseile sollten niemals direkt in den \u00d6sen der Anker umgelenkt werden. Folglich erreicht man mit einer Drahtseilkausche zwei Dinge.<\/p>\n<p>Erstens l\u00e4uft das Drahtseil in einem gr\u00f6\u00dferen Radius um die \u00d6se herum. Zweitens sorgt die Kausche f\u00fcr die Schonung des Drahtseiles.<\/p>\n<p>Wir empfehlen unseren Kunden immer ein Paar St\u00fcck mehr Ersatz zu kaufen. Denn die kleinen Zubeh\u00f6rteile fallen gerne zu Boden. D.h. manchmal sind sie am Wandfu\u00df nicht mehr zu finden.<\/p>\n<h2>Eigenschaften Kausche Edelstahl<\/h2>\n<ul>\n<li>Material: Edelstahl<\/li>\n<li>zur Umlenkung von Drahtseilen in Endankern<\/li>\n<li>sorgt f\u00fcr h\u00f6heren Radius<\/li>\n<li>schont das Drahtseil<\/li>\n<li>Gr\u00f6\u00dfen f\u00fcr 10mm, 12mm, 14mm und 16mm Drahtseilen<\/li>\n<\/ul>\n<h3>Anbringung<\/h3>\n<p>Einfach etwas aufbiegen und \u00fcber die Anker\u00f6se stecken. Dann wieder zusammenpressen. Schon ist die schonende &#8220;Umlenkung&#8221; f\u00fcr das Seil fertig!<\/p>\n<h3>Galvanische Korrosion<\/h3>\n<p>Beachtet bitte. Mischt die Kausche Edelstahl niemals mit Bauteilen aus verzinktem Stahl! Folglich sind sie zur Montage auf Ankern aus Edelstahl gedacht. Ansonsten gibt es galvanische Korrosion.<\/p>\n<p>Du willst mehr zu diesem Thema wissen? Dann lies dir unseren Fachbeitrag zum Thema \u201e<a href=\"https:\/\/bolting.eu\/galvanische-korrosion-bei-bohrhaken\/\">Galvanische Korrosion bei Bohrhaken<\/a>\u201c durch.<\/p>\n<h4><strong>Link Tipp<\/strong><\/h4>\n<p>Im <a href=\"https:\/\/www.alpenverein.at\/portal_wAssets\/docs\/berg-aktiv\/wege_touren\/wegehandbuch_digital.pdf\" target=\"_blank\" rel=\"noopener noreferrer\">Wege Handbuch des Alpenverein<\/a>\u00a0finden sich viele wertvolle Tipps f\u00fcr den Wegebau. Beispielsweise auch f\u00fcr Seilversicherungen.<\/p>\n","protected":false},"excerpt":{"rendered":"<ul>\n<li>Material: Edelstahl<\/li>\n<li>zur Umlenkung von Drahtseilen in Endankern<\/li>\n<li>sorgt f\u00fcr h\u00f6heren Radius<\/li>\n<li>schont das Drahtseil<\/li>\n<li>Gr\u00f6\u00dfen f\u00fcr 10mm, 12mm, 14mm und 16mm Drahtseilen<\/li>\n<\/ul>\n","protected":false},"featured_media":4246,"comment_status":"open","ping_status":"closed","template":"","meta":[],"product_brand":[],"product_cat":[260],"product_tag":[],"class_list":{"0":"post-4240","1":"product","2":"type-product","3":"status-publish","4":"has-post-thumbnail","6":"product_cat-material-fuer-klettersteigbau","8":"first","9":"instock","10":"taxable","11":"shipping-taxable","12":"purchasable","13":"product-type-variable"},"yoast_head":"<!-- This site is optimized with the Yoast SEO Premium plugin v26.9 (Yoast SEO v26.9) - https:\/\/yoast.com\/product\/yoast-seo-premium-wordpress\/ -->\n<title>Kausche Edelstahl f\u00fcr Klettersteige und Gel\u00e4nderseile kaufen | bolting.eu<\/title>\n<meta name=\"description\" content=\"Hier findest Du eine KAUSCHE Edelstahl f\u00fcr Drahtseile mit 10mm, 12mm, 14mm und 16mm Durchmesser. Jetzt beim Klettersteig Profi in \ud83c\udde6\ud83c\uddf9 kaufen!\" \/>\n<meta name=\"robots\" content=\"index, follow, max-snippet:-1, max-image-preview:large, max-video-preview:-1\" \/>\n<link rel=\"canonical\" href=\"https:\/\/bolting.eu\/en\/shop\/kausche-edelstahl\/\" \/>\n<meta property=\"og:locale\" content=\"en_US\" \/>\n<meta property=\"og:type\" content=\"article\" \/>\n<meta property=\"og:title\" content=\"Kausche Edelstahl\" \/>\n<meta property=\"og:description\" content=\"Hier findest Du eine KAUSCHE Edelstahl f\u00fcr Drahtseile mit 10mm, 12mm, 14mm und 16mm Durchmesser. Jetzt beim Klettersteig Profi in \ud83c\udde6\ud83c\uddf9 kaufen!\" \/>\n<meta property=\"og:url\" content=\"https:\/\/bolting.eu\/en\/shop\/kausche-edelstahl\/\" \/>\n<meta property=\"og:site_name\" content=\"bolting.eu\" \/>\n<meta property=\"article:publisher\" content=\"https:\/\/www.facebook.com\/bolting.eu\" \/>\n<meta property=\"article:modified_time\" content=\"2026-02-16T18:56:33+00:00\" \/>\n<meta property=\"og:image\" content=\"https:\/\/bolting.eu\/wp-content\/uploads\/2020\/08\/Kausche-Edelstahl-2.jpg\" \/>\n\t<meta property=\"og:image:width\" content=\"700\" \/>\n\t<meta property=\"og:image:height\" content=\"700\" \/>\n\t<meta property=\"og:image:type\" content=\"image\/jpeg\" \/>\n<meta name=\"twitter:card\" content=\"summary_large_image\" \/>\n<meta name=\"twitter:label1\" content=\"Availability\" \/>\n\t<meta name=\"twitter:data1\" content=\"In stock\" \/>\n<script type=\"application\/ld+json\" class=\"yoast-schema-graph\">{\"@context\":\"https:\/\/schema.org\",\"@graph\":[{\"@type\":[\"WebPage\",\"ItemPage\"],\"@id\":\"https:\/\/bolting.eu\/en\/shop\/kausche-edelstahl\/\",\"url\":\"https:\/\/bolting.eu\/en\/shop\/kausche-edelstahl\/\",\"name\":\"Kausche Edelstahl f\u00fcr Klettersteige und Gel\u00e4nderseile kaufen | bolting.eu\",\"isPartOf\":{\"@id\":\"https:\/\/bolting.eu\/en\/#website\"},\"primaryImageOfPage\":{\"@id\":\"https:\/\/bolting.eu\/en\/shop\/kausche-edelstahl\/#primaryimage\"},\"image\":{\"@id\":\"https:\/\/bolting.eu\/en\/shop\/kausche-edelstahl\/#primaryimage\"},\"thumbnailUrl\":\"https:\/\/bolting.eu\/wp-content\/uploads\/2020\/08\/Kausche-Edelstahl-2.jpg\",\"datePublished\":\"2020-08-05T10:16:24+00:00\",\"dateModified\":\"2026-02-16T18:56:33+00:00\",\"description\":\"Hier findest Du eine KAUSCHE Edelstahl f\u00fcr Drahtseile mit 10mm, 12mm, 14mm und 16mm Durchmesser. Jetzt beim Klettersteig Profi in \ud83c\udde6\ud83c\uddf9 kaufen!\",\"breadcrumb\":{\"@id\":\"https:\/\/bolting.eu\/en\/shop\/kausche-edelstahl\/#breadcrumb\"},\"inLanguage\":\"en-US\",\"potentialAction\":[{\"@type\":\"ReadAction\",\"target\":[\"https:\/\/bolting.eu\/en\/shop\/kausche-edelstahl\/\"]}]},{\"@type\":\"ImageObject\",\"inLanguage\":\"en-US\",\"@id\":\"https:\/\/bolting.eu\/en\/shop\/kausche-edelstahl\/#primaryimage\",\"url\":\"https:\/\/bolting.eu\/wp-content\/uploads\/2020\/08\/Kausche-Edelstahl-2.jpg\",\"contentUrl\":\"https:\/\/bolting.eu\/wp-content\/uploads\/2020\/08\/Kausche-Edelstahl-2.jpg\",\"width\":700,\"height\":700,\"caption\":\"Das Bild zeigt eine Kausche Edelstahl. Das silberne Metallteil liegt senkrecht im Bild auf einem wei\u00dfem Hintergrund.\"},{\"@type\":\"BreadcrumbList\",\"@id\":\"https:\/\/bolting.eu\/en\/shop\/kausche-edelstahl\/#breadcrumb\",\"itemListElement\":[{\"@type\":\"ListItem\",\"position\":1,\"name\":\"Shop\",\"item\":\"https:\/\/bolting.eu\/en\/shop\/\"},{\"@type\":\"ListItem\",\"position\":2,\"name\":\"bolting products\",\"item\":\"https:\/\/bolting.eu\/en\/produkt-kategorie\/bolting-products\/\"},{\"@type\":\"ListItem\",\"position\":3,\"name\":\"Material f\u00fcr Klettersteigbau\",\"item\":\"https:\/\/bolting.eu\/produkt-kategorie\/einbohrartikel\/material-fuer-klettersteigbau\/\"},{\"@type\":\"ListItem\",\"position\":4,\"name\":\"Kausche Edelstahl\"}]},{\"@type\":\"WebSite\",\"@id\":\"https:\/\/bolting.eu\/en\/#website\",\"url\":\"https:\/\/bolting.eu\/en\/\",\"name\":\"bolting.eu\",\"description\":\"we make climbs happen\",\"publisher\":{\"@id\":\"https:\/\/bolting.eu\/en\/#organization\"},\"potentialAction\":[{\"@type\":\"SearchAction\",\"target\":{\"@type\":\"EntryPoint\",\"urlTemplate\":\"https:\/\/bolting.eu\/en\/?s={search_term_string}\"},\"query-input\":{\"@type\":\"PropertyValueSpecification\",\"valueRequired\":true,\"valueName\":\"search_term_string\"}}],\"inLanguage\":\"en-US\"},{\"@type\":[\"Organization\",\"Place\",\"SportingGoodsStore\"],\"@id\":\"https:\/\/bolting.eu\/en\/#organization\",\"name\":\"bolting.eu\",\"url\":\"https:\/\/bolting.eu\/en\/\",\"logo\":{\"@id\":\"https:\/\/bolting.eu\/en\/shop\/kausche-edelstahl\/#local-main-organization-logo\"},\"image\":{\"@id\":\"https:\/\/bolting.eu\/en\/shop\/kausche-edelstahl\/#local-main-organization-logo\"},\"sameAs\":[\"https:\/\/www.facebook.com\/bolting.eu\",\"https:\/\/www.instagram.com\/bolting.eu\/\"],\"address\":{\"@id\":\"https:\/\/bolting.eu\/en\/shop\/kausche-edelstahl\/#local-main-place-address\"},\"geo\":{\"@type\":\"GeoCoordinates\",\"latitude\":\"47.264176340396226\",\"longitude\":\"11.380109057672346\"},\"telephone\":[\"+43 699 19083372\"],\"openingHoursSpecification\":[{\"@type\":\"OpeningHoursSpecification\",\"dayOfWeek\":[\"Monday\",\"Wednesday\",\"Friday\"],\"opens\":\"14:00\",\"closes\":\"18:00\"},{\"@type\":\"OpeningHoursSpecification\",\"dayOfWeek\":[\"Tuesday\",\"Thursday\",\"Saturday\",\"Sunday\"],\"opens\":\"00:00\",\"closes\":\"00:00\"}],\"email\":\"office@bolting.eu\",\"vatID\":\"ATU59999728\",\"priceRange\":\"$$\",\"currenciesAccepted\":\"Euro\"},{\"@type\":\"PostalAddress\",\"@id\":\"https:\/\/bolting.eu\/en\/shop\/kausche-edelstahl\/#local-main-place-address\",\"streetAddress\":\"Fischnalerstra\u00dfe 4\",\"addressLocality\":\"Innsbruck\",\"postalCode\":\"6020\",\"addressRegion\":\"Tirol\",\"addressCountry\":\"AT\"},{\"@type\":\"ImageObject\",\"inLanguage\":\"en-US\",\"@id\":\"https:\/\/bolting.eu\/en\/shop\/kausche-edelstahl\/#local-main-organization-logo\",\"url\":\"https:\/\/bolting.eu\/wp-content\/uploads\/2019\/09\/bolting-logo.png\",\"contentUrl\":\"https:\/\/bolting.eu\/wp-content\/uploads\/2019\/09\/bolting-logo.png\",\"width\":400,\"height\":211,\"caption\":\"bolting.eu\"}]}<\/script>\n<meta property=\"og:availability\" content=\"instock\" \/>\n<meta property=\"product:availability\" content=\"instock\" \/>\n<meta property=\"product:condition\" content=\"new\" \/>\n<meta name=\"geo.placename\" content=\"Innsbruck\" \/>\n<meta name=\"geo.position\" content=\"47.264176340396226;11.380109057672346\" \/>\n<meta name=\"geo.region\" content=\"Austria\" \/>\n<!-- \/ Yoast SEO Premium plugin. -->","yoast_head_json":{"title":"Kausche Edelstahl f\u00fcr Klettersteige und Gel\u00e4nderseile kaufen | bolting.eu","description":"Hier findest Du eine KAUSCHE Edelstahl f\u00fcr Drahtseile mit 10mm, 12mm, 14mm und 16mm Durchmesser. Jetzt beim Klettersteig Profi in \ud83c\udde6\ud83c\uddf9 kaufen!","robots":{"index":"index","follow":"follow","max-snippet":"max-snippet:-1","max-image-preview":"max-image-preview:large","max-video-preview":"max-video-preview:-1"},"canonical":"https:\/\/bolting.eu\/en\/shop\/kausche-edelstahl\/","og_locale":"en_US","og_type":"article","og_title":"Kausche Edelstahl","og_description":"Hier findest Du eine KAUSCHE Edelstahl f\u00fcr Drahtseile mit 10mm, 12mm, 14mm und 16mm Durchmesser. Jetzt beim Klettersteig Profi in \ud83c\udde6\ud83c\uddf9 kaufen!","og_url":"https:\/\/bolting.eu\/en\/shop\/kausche-edelstahl\/","og_site_name":"bolting.eu","article_publisher":"https:\/\/www.facebook.com\/bolting.eu","article_modified_time":"2026-02-16T18:56:33+00:00","og_image":[{"width":700,"height":700,"url":"https:\/\/bolting.eu\/wp-content\/uploads\/2020\/08\/Kausche-Edelstahl-2.jpg","type":"image\/jpeg"}],"twitter_card":"summary_large_image","twitter_misc":{"Availability":"In stock"},"schema":{"@context":"https:\/\/schema.org","@graph":[{"@type":["WebPage","ItemPage"],"@id":"https:\/\/bolting.eu\/en\/shop\/kausche-edelstahl\/","url":"https:\/\/bolting.eu\/en\/shop\/kausche-edelstahl\/","name":"Kausche Edelstahl f\u00fcr Klettersteige und Gel\u00e4nderseile kaufen | bolting.eu","isPartOf":{"@id":"https:\/\/bolting.eu\/en\/#website"},"primaryImageOfPage":{"@id":"https:\/\/bolting.eu\/en\/shop\/kausche-edelstahl\/#primaryimage"},"image":{"@id":"https:\/\/bolting.eu\/en\/shop\/kausche-edelstahl\/#primaryimage"},"thumbnailUrl":"https:\/\/bolting.eu\/wp-content\/uploads\/2020\/08\/Kausche-Edelstahl-2.jpg","datePublished":"2020-08-05T10:16:24+00:00","dateModified":"2026-02-16T18:56:33+00:00","description":"Hier findest Du eine KAUSCHE Edelstahl f\u00fcr Drahtseile mit 10mm, 12mm, 14mm und 16mm Durchmesser. Jetzt beim Klettersteig Profi in \ud83c\udde6\ud83c\uddf9 kaufen!","breadcrumb":{"@id":"https:\/\/bolting.eu\/en\/shop\/kausche-edelstahl\/#breadcrumb"},"inLanguage":"en-US","potentialAction":[{"@type":"ReadAction","target":["https:\/\/bolting.eu\/en\/shop\/kausche-edelstahl\/"]}]},{"@type":"ImageObject","inLanguage":"en-US","@id":"https:\/\/bolting.eu\/en\/shop\/kausche-edelstahl\/#primaryimage","url":"https:\/\/bolting.eu\/wp-content\/uploads\/2020\/08\/Kausche-Edelstahl-2.jpg","contentUrl":"https:\/\/bolting.eu\/wp-content\/uploads\/2020\/08\/Kausche-Edelstahl-2.jpg","width":700,"height":700,"caption":"Das Bild zeigt eine Kausche Edelstahl. Das silberne Metallteil liegt senkrecht im Bild auf einem wei\u00dfem Hintergrund."},{"@type":"BreadcrumbList","@id":"https:\/\/bolting.eu\/en\/shop\/kausche-edelstahl\/#breadcrumb","itemListElement":[{"@type":"ListItem","position":1,"name":"Shop","item":"https:\/\/bolting.eu\/en\/shop\/"},{"@type":"ListItem","position":2,"name":"bolting products","item":"https:\/\/bolting.eu\/en\/produkt-kategorie\/bolting-products\/"},{"@type":"ListItem","position":3,"name":"Material f\u00fcr Klettersteigbau","item":"https:\/\/bolting.eu\/produkt-kategorie\/einbohrartikel\/material-fuer-klettersteigbau\/"},{"@type":"ListItem","position":4,"name":"Kausche Edelstahl"}]},{"@type":"WebSite","@id":"https:\/\/bolting.eu\/en\/#website","url":"https:\/\/bolting.eu\/en\/","name":"bolting.eu","description":"we make climbs happen","publisher":{"@id":"https:\/\/bolting.eu\/en\/#organization"},"potentialAction":[{"@type":"SearchAction","target":{"@type":"EntryPoint","urlTemplate":"https:\/\/bolting.eu\/en\/?s={search_term_string}"},"query-input":{"@type":"PropertyValueSpecification","valueRequired":true,"valueName":"search_term_string"}}],"inLanguage":"en-US"},{"@type":["Organization","Place","SportingGoodsStore"],"@id":"https:\/\/bolting.eu\/en\/#organization","name":"bolting.eu","url":"https:\/\/bolting.eu\/en\/","logo":{"@id":"https:\/\/bolting.eu\/en\/shop\/kausche-edelstahl\/#local-main-organization-logo"},"image":{"@id":"https:\/\/bolting.eu\/en\/shop\/kausche-edelstahl\/#local-main-organization-logo"},"sameAs":["https:\/\/www.facebook.com\/bolting.eu","https:\/\/www.instagram.com\/bolting.eu\/"],"address":{"@id":"https:\/\/bolting.eu\/en\/shop\/kausche-edelstahl\/#local-main-place-address"},"geo":{"@type":"GeoCoordinates","latitude":"47.264176340396226","longitude":"11.380109057672346"},"telephone":["+43 699 19083372"],"openingHoursSpecification":[{"@type":"OpeningHoursSpecification","dayOfWeek":["Monday","Wednesday","Friday"],"opens":"14:00","closes":"18:00"},{"@type":"OpeningHoursSpecification","dayOfWeek":["Tuesday","Thursday","Saturday","Sunday"],"opens":"00:00","closes":"00:00"}],"email":"office@bolting.eu","vatID":"ATU59999728","priceRange":"$$","currenciesAccepted":"Euro"},{"@type":"PostalAddress","@id":"https:\/\/bolting.eu\/en\/shop\/kausche-edelstahl\/#local-main-place-address","streetAddress":"Fischnalerstra\u00dfe 4","addressLocality":"Innsbruck","postalCode":"6020","addressRegion":"Tirol","addressCountry":"AT"},{"@type":"ImageObject","inLanguage":"en-US","@id":"https:\/\/bolting.eu\/en\/shop\/kausche-edelstahl\/#local-main-organization-logo","url":"https:\/\/bolting.eu\/wp-content\/uploads\/2019\/09\/bolting-logo.png","contentUrl":"https:\/\/bolting.eu\/wp-content\/uploads\/2019\/09\/bolting-logo.png","width":400,"height":211,"caption":"bolting.eu"}]},"og_availability":"instock","product_availability":"instock","product_condition":"new","geo.placename":"Innsbruck","geo.position":{"lat":"47.264176340396226","long":"11.380109057672346"},"geo.region":"Austria"},"_links":{"self":[{"href":"https:\/\/bolting.eu\/en\/wp-json\/wp\/v2\/product\/4240","targetHints":{"allow":["GET"]}}],"collection":[{"href":"https:\/\/bolting.eu\/en\/wp-json\/wp\/v2\/product"}],"about":[{"href":"https:\/\/bolting.eu\/en\/wp-json\/wp\/v2\/types\/product"}],"replies":[{"embeddable":true,"href":"https:\/\/bolting.eu\/en\/wp-json\/wp\/v2\/comments?post=4240"}],"wp:featuredmedia":[{"embeddable":true,"href":"https:\/\/bolting.eu\/en\/wp-json\/wp\/v2\/media\/4246"}],"wp:attachment":[{"href":"https:\/\/bolting.eu\/en\/wp-json\/wp\/v2\/media?parent=4240"}],"wp:term":[{"taxonomy":"product_brand","embeddable":true,"href":"https:\/\/bolting.eu\/en\/wp-json\/wp\/v2\/product_brand?post=4240"},{"taxonomy":"product_cat","embeddable":true,"href":"https:\/\/bolting.eu\/en\/wp-json\/wp\/v2\/product_cat?post=4240"},{"taxonomy":"product_tag","embeddable":true,"href":"https:\/\/bolting.eu\/en\/wp-json\/wp\/v2\/product_tag?post=4240"}],"curies":[{"name":"wp","href":"https:\/\/api.w.org\/{rel}","templated":true}]}}