{"id":4232,"date":"2020-08-05T11:24:50","date_gmt":"2020-08-05T09:24:50","guid":{"rendered":"https:\/\/bolting.eu\/?post_type=product&#038;p=4232"},"modified":"2026-04-08T13:44:43","modified_gmt":"2026-04-08T11:44:43","slug":"klettersteig-drahtseil-verzinkt-14mm","status":"publish","type":"product","link":"https:\/\/bolting.eu\/en\/shop\/klettersteig-drahtseil-verzinkt-14mm\/","title":{"rendered":"Klettersteig Drahtseil verzinkt 14mm"},"content":{"rendered":"<p>Unser Klettersteig Drahtseil verzinkt 14mm ist ein preiswertes Produkt. Folglich ist es auch unser Bestseller f\u00fcr den Bau von Klettersteigen. Denn dieses Modell hat zum einen eine super Funktionalit\u00e4t. D.h. es vereint eine gute Griffigkeit f\u00fcr die Klettersteiggeher. Als auch eine gute Biegsamkeit f\u00fcr die Klettersteigbauer.<\/p>\n<p>Zum anderen besteht das Stahlseil aus verzinktem Stahl. Somit ist auch eine ordentliche Lebensdauer garantiert.<\/p>\n<h3>Klettersteig Drahtseil verzinkt 14mm &#8211; preiswerte L\u00f6sung<\/h3>\n<p>Dieses Drahtseil hat einige w\u00fcnschenswerte Merkmale. Erstens besitzt es die EN Norm 12385-4. Somit entspricht es den Empfehlungen der Alpenvereine. Folglich ist es zweitens ein Litzenseil. Es besitzt 6&#215;19 Dr\u00e4hte in den \u00e4u\u00dferen Wicklungen. Drittens hat es eine angenehme Griffigkeit bzw. Biegsamkeit.<\/p>\n<p>Was dieses Drahtseil so beliebt macht, ist sein Preis. Denn bei ordentlicher Stahlqualit\u00e4t bzw. Lebensdauer ist es immer noch sehr preiswert.<\/p>\n<p>Dich interessiert das Thema Stahlqualit\u00e4ten? Dann lies dir unseren Fachbeitrag &#8220;<a href=\"https:\/\/bolting.eu\/stahlqualitaeten-bei-bohrhaken-und-klebehaken\/\">Stahlqualit\u00e4ten bei Bohrhaken und Klebehaken<\/a>&#8221; durch!<\/p>\n<p><span style=\"font-size: 14.4px;\">Anders ausgedr\u00fcckt. <strong>Das preiswerte Drahtseil f\u00fcr Euer Klettersteig Projekt!<\/strong><\/span><\/p>\n<h3>Eigenschaften Klettersteig Drahtseil verzinkt 14mm<\/h3>\n<ul>\n<li>Durchmesser: 14mm<\/li>\n<li>Gewicht: 0,80kg \/ m<\/li>\n<li>Material: Stahl verzinkt<\/li>\n<li>entspricht EN Norm 12385-4<\/li>\n<li>Typ: Drahtseil Litzenseil 6 x 19S<\/li>\n<li>Kreuzschlag rechts, verzinkte Stahleinlage<\/li>\n<li>mind. Bruchlast 137 kN bzw. 1960 N\/mm2<\/li>\n<li>1400-6x19S-IWRC-B-sZ; RNC nach ISO 4309:2<\/li>\n<li>Einsatzbereiche: Klettersteige, Seilbr\u00fccken,&#8230;(Abschnitte mit Kraftaufnahme)<\/li>\n<\/ul>\n<h3>Galvanische Korrosion<\/h3>\n<p>Beachtet bitte. Verbaut das Klettersteig Drahtseil verzinkt 14mm niemals mit Bauteilen aus Edelstahl! D.h. euer <a href=\"https:\/\/bolting.eu\/produkt-kategorie\/material-fuer-klettersteigbau\/\">Material f\u00fcr Klettersteigbau<\/a> wie z.B. <a href=\"https:\/\/bolting.eu\/shop\/klettersteiganker-horizontal-verzinkt-26mm\/\">Klettersteiganker,<\/a> Drahtseilklemmen und Kauschen sollten ebenfalls alle aus verzinktem Stahl sein.<\/p>\n<p>Du willst mehr zu diesem Thema wissen? Dann lies dir unseren Fachbeitrag zum Thema \u201e<a href=\"https:\/\/bolting.eu\/galvanische-korrosion-bei-bohrhaken\/\">Galvanische Korrosion bei Bohrhaken<\/a>\u201c durch.<\/p>\n<h3>Achtung beim Abwickeln<\/h3>\n<p>Wenn ihr das Drahtseil abwickelt, ist Obacht geboten. Vermeiden das &#8220;Einknicken&#8221; des Drahtseiles indem ihr es sorgsam &#8220;abrollt&#8221;. Die Rolle auf den Boden zu legen und dann das Drahtseil einfach heraus zu ziehen ist ein absolutes &#8220;&#8221;no go&#8221;!<\/p>\n<p>Denn dann bekommt ihr struktursch\u00e4digende &#8220;Knicke&#8221; ins Klettersteig Drahtseil verzinkt 14mm. Das solltet ihr um jeden Preis vermeiden. Abhilfe kann eine einfache X-f\u00f6rmige Holzkonstruktion schaffen. Legt darauf eine runde Eisenstange und steckt euer Seil darauf auf.<\/p>\n<h4><strong>Link Tipp:<\/strong><\/h4>\n<p>Im <a href=\"https:\/\/www.alpenverein.at\/portal_wAssets\/docs\/berg-aktiv\/wege_touren\/wegehandbuch_digital.pdf\" target=\"_blank\" rel=\"noopener noreferrer\">Wege Handbuch des Alpenverein<\/a> finden sich viele wertvolle Tipps f\u00fcr die Verarbeitung des Drahtseils Wie z.B. den Wegebau im alpinen Gel\u00e4nde.<\/p>\n<p>&nbsp;<\/p>\n","protected":false},"excerpt":{"rendered":"<p>14mm Draht Litzenseil mit 6x 19 Dr\u00e4hten und\u00a0EN Norm 12385-4. Das Produkt ist unge\u00f6lt aber zur G\u00e4nze verzinkt.<\/p>\n<p>Ideal f\u00fcr Klettersteigbau, Handgel\u00e4nde oder bau von Tibetan Bridges.<\/p>\n<p>Versand per Spedition &#8211; Kosten je nach Gewicht und Adresse.<\/p>\n","protected":false},"featured_media":4227,"comment_status":"open","ping_status":"closed","template":"","meta":[],"product_brand":[],"product_cat":[10764,260,1210],"product_tag":[],"class_list":{"0":"post-4232","1":"product","2":"type-product","3":"status-publish","4":"has-post-thumbnail","6":"product_cat-teufelberger","7":"product_cat-material-fuer-klettersteigbau","8":"product_cat-einbohrartikel","10":"first","11":"instock","12":"taxable","13":"shipping-taxable","14":"purchasable","15":"product-type-variable"},"yoast_head":"<!-- This site is optimized with the Yoast SEO Premium plugin v26.9 (Yoast SEO v26.9) - https:\/\/yoast.com\/product\/yoast-seo-premium-wordpress\/ -->\n<title>Klettersteig Drahtseil verzinkt 14mm jetzt g\u00fcnstig online kaufen | bolting.eu<\/title>\n<meta name=\"description\" content=\"Hier findest Du das KLETTERSTEIG DRAHTSEIL VERZINKT 14mm. Ein preiswertes Stahlseil f\u00fcr Klettersteige vom Einbohr Profi aus \ud83c\udde6\ud83c\uddf9!\" \/>\n<meta name=\"robots\" content=\"index, follow, max-snippet:-1, max-image-preview:large, max-video-preview:-1\" \/>\n<link rel=\"canonical\" href=\"https:\/\/bolting.eu\/en\/shop\/klettersteig-drahtseil-verzinkt-14mm\/\" \/>\n<meta property=\"og:locale\" content=\"en_US\" \/>\n<meta property=\"og:type\" content=\"article\" \/>\n<meta property=\"og:title\" content=\"Klettersteig Drahtseil verzinkt 14mm\" \/>\n<meta property=\"og:description\" content=\"Hier findest Du das KLETTERSTEIG DRAHTSEIL VERZINKT 14mm. Ein preiswertes Stahlseil f\u00fcr Klettersteige vom Einbohr Profi aus \ud83c\udde6\ud83c\uddf9!\" \/>\n<meta property=\"og:url\" content=\"https:\/\/bolting.eu\/en\/shop\/klettersteig-drahtseil-verzinkt-14mm\/\" \/>\n<meta property=\"og:site_name\" content=\"bolting.eu\" \/>\n<meta property=\"article:publisher\" content=\"https:\/\/www.facebook.com\/bolting.eu\" \/>\n<meta property=\"article:modified_time\" content=\"2026-04-08T11:44:43+00:00\" \/>\n<meta property=\"og:image\" content=\"https:\/\/bolting.eu\/wp-content\/uploads\/2020\/08\/Klettersteig-Drahtseil-verzinkt-14mm-2.jpg\" \/>\n\t<meta property=\"og:image:width\" content=\"700\" \/>\n\t<meta property=\"og:image:height\" content=\"700\" \/>\n\t<meta property=\"og:image:type\" content=\"image\/jpeg\" \/>\n<meta name=\"twitter:card\" content=\"summary_large_image\" \/>\n<meta name=\"twitter:label1\" content=\"Availability\" \/>\n\t<meta name=\"twitter:data1\" content=\"In stock\" \/>\n<script type=\"application\/ld+json\" class=\"yoast-schema-graph\">{\"@context\":\"https:\/\/schema.org\",\"@graph\":[{\"@type\":[\"WebPage\",\"ItemPage\"],\"@id\":\"https:\/\/bolting.eu\/en\/shop\/klettersteig-drahtseil-verzinkt-14mm\/\",\"url\":\"https:\/\/bolting.eu\/en\/shop\/klettersteig-drahtseil-verzinkt-14mm\/\",\"name\":\"Klettersteig Drahtseil verzinkt 14mm jetzt g\u00fcnstig online kaufen | bolting.eu\",\"isPartOf\":{\"@id\":\"https:\/\/bolting.eu\/en\/#website\"},\"primaryImageOfPage\":{\"@id\":\"https:\/\/bolting.eu\/en\/shop\/klettersteig-drahtseil-verzinkt-14mm\/#primaryimage\"},\"image\":{\"@id\":\"https:\/\/bolting.eu\/en\/shop\/klettersteig-drahtseil-verzinkt-14mm\/#primaryimage\"},\"thumbnailUrl\":\"https:\/\/bolting.eu\/wp-content\/uploads\/2020\/08\/Klettersteig-Drahtseil-verzinkt-14mm-2.jpg\",\"datePublished\":\"2020-08-05T09:24:50+00:00\",\"dateModified\":\"2026-04-08T11:44:43+00:00\",\"description\":\"Hier findest Du das KLETTERSTEIG DRAHTSEIL VERZINKT 14mm. Ein preiswertes Stahlseil f\u00fcr Klettersteige vom Einbohr Profi aus \ud83c\udde6\ud83c\uddf9!\",\"breadcrumb\":{\"@id\":\"https:\/\/bolting.eu\/en\/shop\/klettersteig-drahtseil-verzinkt-14mm\/#breadcrumb\"},\"inLanguage\":\"en-US\",\"potentialAction\":[{\"@type\":\"ReadAction\",\"target\":[\"https:\/\/bolting.eu\/en\/shop\/klettersteig-drahtseil-verzinkt-14mm\/\"]}]},{\"@type\":\"ImageObject\",\"inLanguage\":\"en-US\",\"@id\":\"https:\/\/bolting.eu\/en\/shop\/klettersteig-drahtseil-verzinkt-14mm\/#primaryimage\",\"url\":\"https:\/\/bolting.eu\/wp-content\/uploads\/2020\/08\/Klettersteig-Drahtseil-verzinkt-14mm-2.jpg\",\"contentUrl\":\"https:\/\/bolting.eu\/wp-content\/uploads\/2020\/08\/Klettersteig-Drahtseil-verzinkt-14mm-2.jpg\",\"width\":700,\"height\":700,\"caption\":\"Das Bild zeigt eine Rolle Klettersteig Drahtseil verzinkt14mm. Die Rolle liegt gerade in Mitte eines wei\u00dfen Quadrates.\"},{\"@type\":\"BreadcrumbList\",\"@id\":\"https:\/\/bolting.eu\/en\/shop\/klettersteig-drahtseil-verzinkt-14mm\/#breadcrumb\",\"itemListElement\":[{\"@type\":\"ListItem\",\"position\":1,\"name\":\"Shop\",\"item\":\"https:\/\/bolting.eu\/en\/shop\/\"},{\"@type\":\"ListItem\",\"position\":2,\"name\":\"bolting products\",\"item\":\"https:\/\/bolting.eu\/en\/produkt-kategorie\/bolting-products\/\"},{\"@type\":\"ListItem\",\"position\":3,\"name\":\"Material f\u00fcr Klettersteigbau\",\"item\":\"https:\/\/bolting.eu\/produkt-kategorie\/einbohrartikel\/material-fuer-klettersteigbau\/\"},{\"@type\":\"ListItem\",\"position\":4,\"name\":\"Klettersteig Drahtseil verzinkt 14mm\"}]},{\"@type\":\"WebSite\",\"@id\":\"https:\/\/bolting.eu\/en\/#website\",\"url\":\"https:\/\/bolting.eu\/en\/\",\"name\":\"bolting.eu\",\"description\":\"we make climbs happen\",\"publisher\":{\"@id\":\"https:\/\/bolting.eu\/en\/#organization\"},\"potentialAction\":[{\"@type\":\"SearchAction\",\"target\":{\"@type\":\"EntryPoint\",\"urlTemplate\":\"https:\/\/bolting.eu\/en\/?s={search_term_string}\"},\"query-input\":{\"@type\":\"PropertyValueSpecification\",\"valueRequired\":true,\"valueName\":\"search_term_string\"}}],\"inLanguage\":\"en-US\"},{\"@type\":[\"Organization\",\"Place\",\"SportingGoodsStore\"],\"@id\":\"https:\/\/bolting.eu\/en\/#organization\",\"name\":\"bolting.eu\",\"url\":\"https:\/\/bolting.eu\/en\/\",\"logo\":{\"@id\":\"https:\/\/bolting.eu\/en\/shop\/klettersteig-drahtseil-verzinkt-14mm\/#local-main-organization-logo\"},\"image\":{\"@id\":\"https:\/\/bolting.eu\/en\/shop\/klettersteig-drahtseil-verzinkt-14mm\/#local-main-organization-logo\"},\"sameAs\":[\"https:\/\/www.facebook.com\/bolting.eu\",\"https:\/\/www.instagram.com\/bolting.eu\/\"],\"address\":{\"@id\":\"https:\/\/bolting.eu\/en\/shop\/klettersteig-drahtseil-verzinkt-14mm\/#local-main-place-address\"},\"geo\":{\"@type\":\"GeoCoordinates\",\"latitude\":\"47.264176340396226\",\"longitude\":\"11.380109057672346\"},\"telephone\":[\"+43 699 19083372\"],\"openingHoursSpecification\":[{\"@type\":\"OpeningHoursSpecification\",\"dayOfWeek\":[\"Monday\",\"Wednesday\",\"Friday\"],\"opens\":\"14:00\",\"closes\":\"18:00\"},{\"@type\":\"OpeningHoursSpecification\",\"dayOfWeek\":[\"Tuesday\",\"Thursday\",\"Saturday\",\"Sunday\"],\"opens\":\"00:00\",\"closes\":\"00:00\"}],\"email\":\"office@bolting.eu\",\"vatID\":\"ATU59999728\",\"priceRange\":\"$$\",\"currenciesAccepted\":\"Euro\"},{\"@type\":\"PostalAddress\",\"@id\":\"https:\/\/bolting.eu\/en\/shop\/klettersteig-drahtseil-verzinkt-14mm\/#local-main-place-address\",\"streetAddress\":\"Fischnalerstra\u00dfe 4\",\"addressLocality\":\"Innsbruck\",\"postalCode\":\"6020\",\"addressRegion\":\"Tirol\",\"addressCountry\":\"AT\"},{\"@type\":\"ImageObject\",\"inLanguage\":\"en-US\",\"@id\":\"https:\/\/bolting.eu\/en\/shop\/klettersteig-drahtseil-verzinkt-14mm\/#local-main-organization-logo\",\"url\":\"https:\/\/bolting.eu\/wp-content\/uploads\/2019\/09\/bolting-logo.png\",\"contentUrl\":\"https:\/\/bolting.eu\/wp-content\/uploads\/2019\/09\/bolting-logo.png\",\"width\":400,\"height\":211,\"caption\":\"bolting.eu\"}]}<\/script>\n<meta property=\"og:availability\" content=\"instock\" \/>\n<meta property=\"product:availability\" content=\"instock\" \/>\n<meta property=\"product:retailer_item_id\" content=\"DS14vz\" \/>\n<meta property=\"product:condition\" content=\"new\" \/>\n<meta name=\"geo.placename\" content=\"Innsbruck\" \/>\n<meta name=\"geo.position\" content=\"47.264176340396226;11.380109057672346\" \/>\n<meta name=\"geo.region\" content=\"Austria\" \/>\n<!-- \/ Yoast SEO Premium plugin. -->","yoast_head_json":{"title":"Klettersteig Drahtseil verzinkt 14mm jetzt g\u00fcnstig online kaufen | bolting.eu","description":"Hier findest Du das KLETTERSTEIG DRAHTSEIL VERZINKT 14mm. Ein preiswertes Stahlseil f\u00fcr Klettersteige vom Einbohr Profi aus \ud83c\udde6\ud83c\uddf9!","robots":{"index":"index","follow":"follow","max-snippet":"max-snippet:-1","max-image-preview":"max-image-preview:large","max-video-preview":"max-video-preview:-1"},"canonical":"https:\/\/bolting.eu\/en\/shop\/klettersteig-drahtseil-verzinkt-14mm\/","og_locale":"en_US","og_type":"article","og_title":"Klettersteig Drahtseil verzinkt 14mm","og_description":"Hier findest Du das KLETTERSTEIG DRAHTSEIL VERZINKT 14mm. Ein preiswertes Stahlseil f\u00fcr Klettersteige vom Einbohr Profi aus \ud83c\udde6\ud83c\uddf9!","og_url":"https:\/\/bolting.eu\/en\/shop\/klettersteig-drahtseil-verzinkt-14mm\/","og_site_name":"bolting.eu","article_publisher":"https:\/\/www.facebook.com\/bolting.eu","article_modified_time":"2026-04-08T11:44:43+00:00","og_image":[{"width":700,"height":700,"url":"https:\/\/bolting.eu\/wp-content\/uploads\/2020\/08\/Klettersteig-Drahtseil-verzinkt-14mm-2.jpg","type":"image\/jpeg"}],"twitter_card":"summary_large_image","twitter_misc":{"Availability":"In stock"},"schema":{"@context":"https:\/\/schema.org","@graph":[{"@type":["WebPage","ItemPage"],"@id":"https:\/\/bolting.eu\/en\/shop\/klettersteig-drahtseil-verzinkt-14mm\/","url":"https:\/\/bolting.eu\/en\/shop\/klettersteig-drahtseil-verzinkt-14mm\/","name":"Klettersteig Drahtseil verzinkt 14mm jetzt g\u00fcnstig online kaufen | bolting.eu","isPartOf":{"@id":"https:\/\/bolting.eu\/en\/#website"},"primaryImageOfPage":{"@id":"https:\/\/bolting.eu\/en\/shop\/klettersteig-drahtseil-verzinkt-14mm\/#primaryimage"},"image":{"@id":"https:\/\/bolting.eu\/en\/shop\/klettersteig-drahtseil-verzinkt-14mm\/#primaryimage"},"thumbnailUrl":"https:\/\/bolting.eu\/wp-content\/uploads\/2020\/08\/Klettersteig-Drahtseil-verzinkt-14mm-2.jpg","datePublished":"2020-08-05T09:24:50+00:00","dateModified":"2026-04-08T11:44:43+00:00","description":"Hier findest Du das KLETTERSTEIG DRAHTSEIL VERZINKT 14mm. Ein preiswertes Stahlseil f\u00fcr Klettersteige vom Einbohr Profi aus \ud83c\udde6\ud83c\uddf9!","breadcrumb":{"@id":"https:\/\/bolting.eu\/en\/shop\/klettersteig-drahtseil-verzinkt-14mm\/#breadcrumb"},"inLanguage":"en-US","potentialAction":[{"@type":"ReadAction","target":["https:\/\/bolting.eu\/en\/shop\/klettersteig-drahtseil-verzinkt-14mm\/"]}]},{"@type":"ImageObject","inLanguage":"en-US","@id":"https:\/\/bolting.eu\/en\/shop\/klettersteig-drahtseil-verzinkt-14mm\/#primaryimage","url":"https:\/\/bolting.eu\/wp-content\/uploads\/2020\/08\/Klettersteig-Drahtseil-verzinkt-14mm-2.jpg","contentUrl":"https:\/\/bolting.eu\/wp-content\/uploads\/2020\/08\/Klettersteig-Drahtseil-verzinkt-14mm-2.jpg","width":700,"height":700,"caption":"Das Bild zeigt eine Rolle Klettersteig Drahtseil verzinkt14mm. Die Rolle liegt gerade in Mitte eines wei\u00dfen Quadrates."},{"@type":"BreadcrumbList","@id":"https:\/\/bolting.eu\/en\/shop\/klettersteig-drahtseil-verzinkt-14mm\/#breadcrumb","itemListElement":[{"@type":"ListItem","position":1,"name":"Shop","item":"https:\/\/bolting.eu\/en\/shop\/"},{"@type":"ListItem","position":2,"name":"bolting products","item":"https:\/\/bolting.eu\/en\/produkt-kategorie\/bolting-products\/"},{"@type":"ListItem","position":3,"name":"Material f\u00fcr Klettersteigbau","item":"https:\/\/bolting.eu\/produkt-kategorie\/einbohrartikel\/material-fuer-klettersteigbau\/"},{"@type":"ListItem","position":4,"name":"Klettersteig Drahtseil verzinkt 14mm"}]},{"@type":"WebSite","@id":"https:\/\/bolting.eu\/en\/#website","url":"https:\/\/bolting.eu\/en\/","name":"bolting.eu","description":"we make climbs happen","publisher":{"@id":"https:\/\/bolting.eu\/en\/#organization"},"potentialAction":[{"@type":"SearchAction","target":{"@type":"EntryPoint","urlTemplate":"https:\/\/bolting.eu\/en\/?s={search_term_string}"},"query-input":{"@type":"PropertyValueSpecification","valueRequired":true,"valueName":"search_term_string"}}],"inLanguage":"en-US"},{"@type":["Organization","Place","SportingGoodsStore"],"@id":"https:\/\/bolting.eu\/en\/#organization","name":"bolting.eu","url":"https:\/\/bolting.eu\/en\/","logo":{"@id":"https:\/\/bolting.eu\/en\/shop\/klettersteig-drahtseil-verzinkt-14mm\/#local-main-organization-logo"},"image":{"@id":"https:\/\/bolting.eu\/en\/shop\/klettersteig-drahtseil-verzinkt-14mm\/#local-main-organization-logo"},"sameAs":["https:\/\/www.facebook.com\/bolting.eu","https:\/\/www.instagram.com\/bolting.eu\/"],"address":{"@id":"https:\/\/bolting.eu\/en\/shop\/klettersteig-drahtseil-verzinkt-14mm\/#local-main-place-address"},"geo":{"@type":"GeoCoordinates","latitude":"47.264176340396226","longitude":"11.380109057672346"},"telephone":["+43 699 19083372"],"openingHoursSpecification":[{"@type":"OpeningHoursSpecification","dayOfWeek":["Monday","Wednesday","Friday"],"opens":"14:00","closes":"18:00"},{"@type":"OpeningHoursSpecification","dayOfWeek":["Tuesday","Thursday","Saturday","Sunday"],"opens":"00:00","closes":"00:00"}],"email":"office@bolting.eu","vatID":"ATU59999728","priceRange":"$$","currenciesAccepted":"Euro"},{"@type":"PostalAddress","@id":"https:\/\/bolting.eu\/en\/shop\/klettersteig-drahtseil-verzinkt-14mm\/#local-main-place-address","streetAddress":"Fischnalerstra\u00dfe 4","addressLocality":"Innsbruck","postalCode":"6020","addressRegion":"Tirol","addressCountry":"AT"},{"@type":"ImageObject","inLanguage":"en-US","@id":"https:\/\/bolting.eu\/en\/shop\/klettersteig-drahtseil-verzinkt-14mm\/#local-main-organization-logo","url":"https:\/\/bolting.eu\/wp-content\/uploads\/2019\/09\/bolting-logo.png","contentUrl":"https:\/\/bolting.eu\/wp-content\/uploads\/2019\/09\/bolting-logo.png","width":400,"height":211,"caption":"bolting.eu"}]},"og_availability":"instock","product_availability":"instock","product_retailer_item_id":"DS14vz","product_condition":"new","geo.placename":"Innsbruck","geo.position":{"lat":"47.264176340396226","long":"11.380109057672346"},"geo.region":"Austria"},"_links":{"self":[{"href":"https:\/\/bolting.eu\/en\/wp-json\/wp\/v2\/product\/4232","targetHints":{"allow":["GET"]}}],"collection":[{"href":"https:\/\/bolting.eu\/en\/wp-json\/wp\/v2\/product"}],"about":[{"href":"https:\/\/bolting.eu\/en\/wp-json\/wp\/v2\/types\/product"}],"replies":[{"embeddable":true,"href":"https:\/\/bolting.eu\/en\/wp-json\/wp\/v2\/comments?post=4232"}],"wp:featuredmedia":[{"embeddable":true,"href":"https:\/\/bolting.eu\/en\/wp-json\/wp\/v2\/media\/4227"}],"wp:attachment":[{"href":"https:\/\/bolting.eu\/en\/wp-json\/wp\/v2\/media?parent=4232"}],"wp:term":[{"taxonomy":"product_brand","embeddable":true,"href":"https:\/\/bolting.eu\/en\/wp-json\/wp\/v2\/product_brand?post=4232"},{"taxonomy":"product_cat","embeddable":true,"href":"https:\/\/bolting.eu\/en\/wp-json\/wp\/v2\/product_cat?post=4232"},{"taxonomy":"product_tag","embeddable":true,"href":"https:\/\/bolting.eu\/en\/wp-json\/wp\/v2\/product_tag?post=4232"}],"curies":[{"name":"wp","href":"https:\/\/api.w.org\/{rel}","templated":true}]}}