{"id":4218,"date":"2020-08-05T10:24:39","date_gmt":"2020-08-05T08:24:39","guid":{"rendered":"https:\/\/bolting.eu\/?post_type=product&#038;p=4218"},"modified":"2026-04-08T13:54:07","modified_gmt":"2026-04-08T11:54:07","slug":"gelaenderseil-edelstahl-12mm","status":"publish","type":"product","link":"https:\/\/bolting.eu\/en\/shop\/gelaenderseil-edelstahl-12mm\/","title":{"rendered":"Gel\u00e4nderseil Edelstahl 12mm"},"content":{"rendered":"<p>Unser Gel\u00e4nderseil Edelstahl 12mm ist ein hochwertiges Produkt. Es ist unser Bestseller f\u00fcr die langlebige Absicherung von alpinen Wegen mit Gel\u00e4ndern oder von Klettersteigen. Denn dieses Modell ist zum einen perfekt f\u00fcr kraftaufnehmenden Passagen. D.h. f\u00fcr alle Gel\u00e4nder an denen immer wieder &#8220;angezogen&#8221; wird oder auch f\u00fcr Klettersteige. Zum anderen besteht das Stahlseil aus A4 Stahl. Folglich ist es extrem langlebig.<\/p>\n<h3>Gel\u00e4nderseil Edelstahl 12mm &#8211; langlebige L\u00f6sung<\/h3>\n<p>Dieses Drahtseil hat einige w\u00fcnschenswerte Merkmale. Erstens besitzt es die EN Norm 12385-4. Somit entspricht es den Empfehlungen der Alpenvereine. Folglich ist es zweitens sorgen ein Litzenseil. Es besitzt 6&#215;19 Dr\u00e4hte in den \u00e4u\u00dferen Wicklungen. Drittens hat es eine angenehme Griffigkeit bzw. Biegsamkeit.<\/p>\n<p>Was dieses Drahtseil so langlebig macht, ist das A4 Stahl Material. Diese Stahlqualit\u00e4t besitzt eine wesentlich h\u00f6here Korrosionsklasse als z.B. verzinkter Stahl. Folglich ist es ideal f\u00fcr alle Wegeabschnitte wo es keine gro\u00dfen Schneelasten etc. gibt.<\/p>\n<p><span style=\"font-size: 14.4px;\">Anders ausgedr\u00fcckt. <strong>Das ideale Gel\u00e4nderseil f\u00fcr die super langfristige Absicherung von anspruchsvollen alpinen Steigen und f\u00fcr die Klettersteigversicherung!<\/strong><\/span><\/p>\n<h3>Eigenschaften Gel\u00e4nderseil Edelstahl 12mm<\/h3>\n<ul>\n<li>Durchmesser: 12mm<\/li>\n<li>EN Norm 12385-4<\/li>\n<li>Typ: Drahtseil Litzenseil 6&#215;19 Dr\u00e4hte<\/li>\n<li>Material: A2 Edelstahl<\/li>\n<li><strong>Verkaufseinheit: 5 Meter<\/strong><\/li>\n<li><strong>Einsatzbereiche: Gel\u00e4nderseil mit kraftaufnehmenden Passagen oder f\u00fcr die Klettersteigversicherung<\/strong><\/li>\n<li>sehr gute Haptik<\/li>\n<li>ideale Biegbarkeit f\u00fcr Seilf\u00fchrung um Ecken<\/li>\n<li>extreme Langlebigkeit aufgrund hoher Stahlqualit\u00e4t!<\/li>\n<\/ul>\n<h3>Galvanische Korrosion<\/h3>\n<p>Beachtet bitte. Verbaut das Gel\u00e4nderseil Edelstahl 12mm niemals mit Bauteilen aus verzinktem Stahl! D.h. euer <a href=\"https:\/\/bolting.eu\/produkt-kategorie\/material-fuer-klettersteigbau\/\">Material f\u00fcr Klettersteigbau<\/a> wie z.B. <a href=\"https:\/\/bolting.eu\/shop\/klettersteiganker-horizontal-verzinkt-26mm\/\">Klettersteiganker,<\/a> Drahtseilklemmen und Kauschen sollten ebenfalls alle aus Edelstahl sein.<\/p>\n<p>Du willst mehr zu diesem Thema wissen? Dann lies dir unseren Fachbeitrag zum Thema \u201e<a href=\"https:\/\/bolting.eu\/galvanische-korrosion-bei-bohrhaken\/\">Galvanische Korrosion bei Bohrhaken<\/a>\u201c durch.<\/p>\n<h3>Achtung beim Abwickeln<\/h3>\n<p>Wenn ihr das Drahtseil abwickelt, ist Obacht geboten. Vermeiden das &#8220;Einknicken&#8221; des Drahtseiles indem ihr es sorgsam &#8220;abrollt&#8221;. Die Rolle auf den Boden zu legen und dann das Drahtseil einfach heraus zu ziehen ist ein absolutes &#8220;&#8221;no go&#8221;!<\/p>\n<p>Denn dann bekommt ihr struktursch\u00e4digende &#8220;Knicke&#8221; ins Gel\u00e4nderseil Edelstahl 12mm. Das solltet ihr um jeden Preis vermeiden. Abhilfe kann eine einfache X-f\u00f6rmige Holzkonstruktion schaffen. Legt darauf eine runde Eisenstange und steckt euer Seil darauf auf.<\/p>\n<h4><strong>Link Tipp:<\/strong><\/h4>\n<p>Im <a href=\"https:\/\/www.alpenverein.at\/portal_wAssets\/docs\/berg-aktiv\/wege_touren\/wegehandbuch_digital.pdf\" target=\"_blank\" rel=\"noopener noreferrer\">Wege Handbuch des Alpenverein<\/a> finden sich viele wertvolle Tipps f\u00fcr die Verarbeitung des Drahtseils Wie z.B. den Wegebau im alpinen Gel\u00e4nde.<\/p>\n<p>&nbsp;<\/p>\n","protected":false},"excerpt":{"rendered":"<ul>\n<li>Hersteller: Teufelberger<\/li>\n<li>Durchmesser: 12mm<\/li>\n<li>EN Norm 12385-4<\/li>\n<li>Typ: Drahtseil Litzenseil 6&#215;19 Dr\u00e4hte<\/li>\n<li>Material: A2 Edelstahl<\/li>\n<li><strong>Verkaufseinheit: 5 Meter<\/strong><\/li>\n<li><strong>Einsatzbereiche: Gel\u00e4nderseil mit kraftaufnehmenden Passagen und f\u00fcr die<\/strong> <strong>Klettersteigversicherung<\/strong><\/li>\n<li>sehr gute Haptik<\/li>\n<li>ideale Biegbarkeit f\u00fcr Seilf\u00fchrung um Ecken<\/li>\n<li>extreme Langlebigkeit aufgrund hoher Stahlqualit\u00e4t!<\/li>\n<\/ul>\n","protected":false},"featured_media":4219,"comment_status":"open","ping_status":"closed","template":"","meta":[],"product_brand":[],"product_cat":[10764,14189],"product_tag":[],"class_list":{"0":"post-4218","1":"product","2":"type-product","3":"status-publish","4":"has-post-thumbnail","6":"product_cat-teufelberger","7":"product_cat-materialien-fuer-wegebau","9":"first","10":"instock","11":"taxable","12":"shipping-taxable","13":"purchasable","14":"product-type-simple"},"yoast_head":"<!-- This site is optimized with the Yoast SEO Premium plugin v26.9 (Yoast SEO v26.9) - https:\/\/yoast.com\/product\/yoast-seo-premium-wordpress\/ -->\n<title>Gel\u00e4nderseil Edelstahl 12mm jetzt g\u00fcnstig online kaufen | bolting.eu<\/title>\n<meta name=\"description\" content=\"Hier findest Du das GEL\u00c4NDERSEIL EDELSTAHL 12mm. Ein extrem langlebiges Stahlseil f\u00fcr Gel\u00e4nder aufalpinen Wegen vom Klettersteig Experten aus \ud83c\udde6\ud83c\uddf9!\" \/>\n<meta name=\"robots\" content=\"index, follow, max-snippet:-1, max-image-preview:large, max-video-preview:-1\" \/>\n<link rel=\"canonical\" href=\"https:\/\/bolting.eu\/en\/shop\/gelaenderseil-edelstahl-12mm\/\" \/>\n<meta property=\"og:locale\" content=\"en_US\" \/>\n<meta property=\"og:type\" content=\"article\" \/>\n<meta property=\"og:title\" content=\"Gel\u00e4nderseil Edelstahl 12mm\" \/>\n<meta property=\"og:description\" content=\"Hier findest Du das GEL\u00c4NDERSEIL EDELSTAHL 12mm. Ein extrem langlebiges Stahlseil f\u00fcr Gel\u00e4nder aufalpinen Wegen vom Klettersteig Experten aus \ud83c\udde6\ud83c\uddf9!\" \/>\n<meta property=\"og:url\" content=\"https:\/\/bolting.eu\/en\/shop\/gelaenderseil-edelstahl-12mm\/\" \/>\n<meta property=\"og:site_name\" content=\"bolting.eu\" \/>\n<meta property=\"article:publisher\" content=\"https:\/\/www.facebook.com\/bolting.eu\" \/>\n<meta property=\"article:modified_time\" content=\"2026-04-08T11:54:07+00:00\" \/>\n<meta property=\"og:image\" content=\"https:\/\/bolting.eu\/wp-content\/uploads\/2020\/08\/Gela\u0308nderseil-Edelstahl-12mm.jpg\" \/>\n\t<meta property=\"og:image:width\" content=\"700\" \/>\n\t<meta property=\"og:image:height\" content=\"700\" \/>\n\t<meta property=\"og:image:type\" content=\"image\/jpeg\" \/>\n<meta name=\"twitter:card\" content=\"summary_large_image\" \/>\n<meta name=\"twitter:label1\" content=\"Price\" \/>\n\t<meta name=\"twitter:data1\" content=\"&euro;&nbsp;60,00\" \/>\n\t<meta name=\"twitter:label2\" content=\"Availability\" \/>\n\t<meta name=\"twitter:data2\" content=\"In stock\" \/>\n<script type=\"application\/ld+json\" class=\"yoast-schema-graph\">{\"@context\":\"https:\/\/schema.org\",\"@graph\":[{\"@type\":[\"WebPage\",\"ItemPage\"],\"@id\":\"https:\/\/bolting.eu\/en\/shop\/gelaenderseil-edelstahl-12mm\/\",\"url\":\"https:\/\/bolting.eu\/en\/shop\/gelaenderseil-edelstahl-12mm\/\",\"name\":\"Gel\u00e4nderseil Edelstahl 12mm jetzt g\u00fcnstig online kaufen | bolting.eu\",\"isPartOf\":{\"@id\":\"https:\/\/bolting.eu\/en\/#website\"},\"primaryImageOfPage\":{\"@id\":\"https:\/\/bolting.eu\/en\/shop\/gelaenderseil-edelstahl-12mm\/#primaryimage\"},\"image\":{\"@id\":\"https:\/\/bolting.eu\/en\/shop\/gelaenderseil-edelstahl-12mm\/#primaryimage\"},\"thumbnailUrl\":\"https:\/\/bolting.eu\/wp-content\/uploads\/2020\/08\/Gela\u0308nderseil-Edelstahl-12mm.jpg\",\"datePublished\":\"2020-08-05T08:24:39+00:00\",\"dateModified\":\"2026-04-08T11:54:07+00:00\",\"description\":\"Hier findest Du das GEL\u00c4NDERSEIL EDELSTAHL 12mm. Ein extrem langlebiges Stahlseil f\u00fcr Gel\u00e4nder aufalpinen Wegen vom Klettersteig Experten aus \ud83c\udde6\ud83c\uddf9!\",\"breadcrumb\":{\"@id\":\"https:\/\/bolting.eu\/en\/shop\/gelaenderseil-edelstahl-12mm\/#breadcrumb\"},\"inLanguage\":\"en-US\",\"potentialAction\":[{\"@type\":\"ReadAction\",\"target\":[\"https:\/\/bolting.eu\/en\/shop\/gelaenderseil-edelstahl-12mm\/\"]}]},{\"@type\":\"ImageObject\",\"inLanguage\":\"en-US\",\"@id\":\"https:\/\/bolting.eu\/en\/shop\/gelaenderseil-edelstahl-12mm\/#primaryimage\",\"url\":\"https:\/\/bolting.eu\/wp-content\/uploads\/2020\/08\/Gela\u0308nderseil-Edelstahl-12mm.jpg\",\"contentUrl\":\"https:\/\/bolting.eu\/wp-content\/uploads\/2020\/08\/Gela\u0308nderseil-Edelstahl-12mm.jpg\",\"width\":700,\"height\":700,\"caption\":\"Das Bild zeigt eine Rolle Gel\u00e4nderseil Edelstahl 12mm. Die Rolle liegt gerade in Mitte eines wei\u00dfen Quadrates.\"},{\"@type\":\"BreadcrumbList\",\"@id\":\"https:\/\/bolting.eu\/en\/shop\/gelaenderseil-edelstahl-12mm\/#breadcrumb\",\"itemListElement\":[{\"@type\":\"ListItem\",\"position\":1,\"name\":\"Shop\",\"item\":\"https:\/\/bolting.eu\/en\/shop\/\"},{\"@type\":\"ListItem\",\"position\":2,\"name\":\"bolting products\",\"item\":\"https:\/\/bolting.eu\/en\/produkt-kategorie\/bolting-products\/\"},{\"@type\":\"ListItem\",\"position\":3,\"name\":\"Materialien f\u00fcr Wegebau\",\"item\":\"https:\/\/bolting.eu\/produkt-kategorie\/einbohrartikel\/materialien-fuer-wegebau\/\"},{\"@type\":\"ListItem\",\"position\":4,\"name\":\"Gel\u00e4nderseil Edelstahl 12mm\"}]},{\"@type\":\"WebSite\",\"@id\":\"https:\/\/bolting.eu\/en\/#website\",\"url\":\"https:\/\/bolting.eu\/en\/\",\"name\":\"bolting.eu\",\"description\":\"we make climbs happen\",\"publisher\":{\"@id\":\"https:\/\/bolting.eu\/en\/#organization\"},\"potentialAction\":[{\"@type\":\"SearchAction\",\"target\":{\"@type\":\"EntryPoint\",\"urlTemplate\":\"https:\/\/bolting.eu\/en\/?s={search_term_string}\"},\"query-input\":{\"@type\":\"PropertyValueSpecification\",\"valueRequired\":true,\"valueName\":\"search_term_string\"}}],\"inLanguage\":\"en-US\"},{\"@type\":[\"Organization\",\"Place\",\"SportingGoodsStore\"],\"@id\":\"https:\/\/bolting.eu\/en\/#organization\",\"name\":\"bolting.eu\",\"url\":\"https:\/\/bolting.eu\/en\/\",\"logo\":{\"@id\":\"https:\/\/bolting.eu\/en\/shop\/gelaenderseil-edelstahl-12mm\/#local-main-organization-logo\"},\"image\":{\"@id\":\"https:\/\/bolting.eu\/en\/shop\/gelaenderseil-edelstahl-12mm\/#local-main-organization-logo\"},\"sameAs\":[\"https:\/\/www.facebook.com\/bolting.eu\",\"https:\/\/www.instagram.com\/bolting.eu\/\"],\"address\":{\"@id\":\"https:\/\/bolting.eu\/en\/shop\/gelaenderseil-edelstahl-12mm\/#local-main-place-address\"},\"geo\":{\"@type\":\"GeoCoordinates\",\"latitude\":\"47.264176340396226\",\"longitude\":\"11.380109057672346\"},\"telephone\":[\"+43 699 19083372\"],\"openingHoursSpecification\":[{\"@type\":\"OpeningHoursSpecification\",\"dayOfWeek\":[\"Monday\",\"Wednesday\",\"Friday\"],\"opens\":\"14:00\",\"closes\":\"18:00\"},{\"@type\":\"OpeningHoursSpecification\",\"dayOfWeek\":[\"Tuesday\",\"Thursday\",\"Saturday\",\"Sunday\"],\"opens\":\"00:00\",\"closes\":\"00:00\"}],\"email\":\"office@bolting.eu\",\"vatID\":\"ATU59999728\",\"priceRange\":\"$$\",\"currenciesAccepted\":\"Euro\"},{\"@type\":\"PostalAddress\",\"@id\":\"https:\/\/bolting.eu\/en\/shop\/gelaenderseil-edelstahl-12mm\/#local-main-place-address\",\"streetAddress\":\"Fischnalerstra\u00dfe 4\",\"addressLocality\":\"Innsbruck\",\"postalCode\":\"6020\",\"addressRegion\":\"Tirol\",\"addressCountry\":\"AT\"},{\"@type\":\"ImageObject\",\"inLanguage\":\"en-US\",\"@id\":\"https:\/\/bolting.eu\/en\/shop\/gelaenderseil-edelstahl-12mm\/#local-main-organization-logo\",\"url\":\"https:\/\/bolting.eu\/wp-content\/uploads\/2019\/09\/bolting-logo.png\",\"contentUrl\":\"https:\/\/bolting.eu\/wp-content\/uploads\/2019\/09\/bolting-logo.png\",\"width\":400,\"height\":211,\"caption\":\"bolting.eu\"}]}<\/script>\n<meta property=\"product:price:amount\" content=\"60.00\" \/>\n<meta property=\"product:price:currency\" content=\"EUR\" \/>\n<meta property=\"og:availability\" content=\"instock\" \/>\n<meta property=\"product:availability\" content=\"instock\" \/>\n<meta property=\"product:retailer_item_id\" content=\"DS12A2\" \/>\n<meta property=\"product:condition\" content=\"new\" \/>\n<meta name=\"geo.placename\" content=\"Innsbruck\" \/>\n<meta name=\"geo.position\" content=\"47.264176340396226;11.380109057672346\" \/>\n<meta name=\"geo.region\" content=\"Austria\" \/>\n<!-- \/ Yoast SEO Premium plugin. -->","yoast_head_json":{"title":"Gel\u00e4nderseil Edelstahl 12mm jetzt g\u00fcnstig online kaufen | bolting.eu","description":"Hier findest Du das GEL\u00c4NDERSEIL EDELSTAHL 12mm. Ein extrem langlebiges Stahlseil f\u00fcr Gel\u00e4nder aufalpinen Wegen vom Klettersteig Experten aus \ud83c\udde6\ud83c\uddf9!","robots":{"index":"index","follow":"follow","max-snippet":"max-snippet:-1","max-image-preview":"max-image-preview:large","max-video-preview":"max-video-preview:-1"},"canonical":"https:\/\/bolting.eu\/en\/shop\/gelaenderseil-edelstahl-12mm\/","og_locale":"en_US","og_type":"article","og_title":"Gel\u00e4nderseil Edelstahl 12mm","og_description":"Hier findest Du das GEL\u00c4NDERSEIL EDELSTAHL 12mm. Ein extrem langlebiges Stahlseil f\u00fcr Gel\u00e4nder aufalpinen Wegen vom Klettersteig Experten aus \ud83c\udde6\ud83c\uddf9!","og_url":"https:\/\/bolting.eu\/en\/shop\/gelaenderseil-edelstahl-12mm\/","og_site_name":"bolting.eu","article_publisher":"https:\/\/www.facebook.com\/bolting.eu","article_modified_time":"2026-04-08T11:54:07+00:00","og_image":[{"width":700,"height":700,"url":"https:\/\/bolting.eu\/wp-content\/uploads\/2020\/08\/Gela\u0308nderseil-Edelstahl-12mm.jpg","type":"image\/jpeg"}],"twitter_card":"summary_large_image","twitter_misc":{"Price":"&euro;&nbsp;60,00","Availability":"In stock"},"schema":{"@context":"https:\/\/schema.org","@graph":[{"@type":["WebPage","ItemPage"],"@id":"https:\/\/bolting.eu\/en\/shop\/gelaenderseil-edelstahl-12mm\/","url":"https:\/\/bolting.eu\/en\/shop\/gelaenderseil-edelstahl-12mm\/","name":"Gel\u00e4nderseil Edelstahl 12mm jetzt g\u00fcnstig online kaufen | bolting.eu","isPartOf":{"@id":"https:\/\/bolting.eu\/en\/#website"},"primaryImageOfPage":{"@id":"https:\/\/bolting.eu\/en\/shop\/gelaenderseil-edelstahl-12mm\/#primaryimage"},"image":{"@id":"https:\/\/bolting.eu\/en\/shop\/gelaenderseil-edelstahl-12mm\/#primaryimage"},"thumbnailUrl":"https:\/\/bolting.eu\/wp-content\/uploads\/2020\/08\/Gela\u0308nderseil-Edelstahl-12mm.jpg","datePublished":"2020-08-05T08:24:39+00:00","dateModified":"2026-04-08T11:54:07+00:00","description":"Hier findest Du das GEL\u00c4NDERSEIL EDELSTAHL 12mm. Ein extrem langlebiges Stahlseil f\u00fcr Gel\u00e4nder aufalpinen Wegen vom Klettersteig Experten aus \ud83c\udde6\ud83c\uddf9!","breadcrumb":{"@id":"https:\/\/bolting.eu\/en\/shop\/gelaenderseil-edelstahl-12mm\/#breadcrumb"},"inLanguage":"en-US","potentialAction":[{"@type":"ReadAction","target":["https:\/\/bolting.eu\/en\/shop\/gelaenderseil-edelstahl-12mm\/"]}]},{"@type":"ImageObject","inLanguage":"en-US","@id":"https:\/\/bolting.eu\/en\/shop\/gelaenderseil-edelstahl-12mm\/#primaryimage","url":"https:\/\/bolting.eu\/wp-content\/uploads\/2020\/08\/Gela\u0308nderseil-Edelstahl-12mm.jpg","contentUrl":"https:\/\/bolting.eu\/wp-content\/uploads\/2020\/08\/Gela\u0308nderseil-Edelstahl-12mm.jpg","width":700,"height":700,"caption":"Das Bild zeigt eine Rolle Gel\u00e4nderseil Edelstahl 12mm. Die Rolle liegt gerade in Mitte eines wei\u00dfen Quadrates."},{"@type":"BreadcrumbList","@id":"https:\/\/bolting.eu\/en\/shop\/gelaenderseil-edelstahl-12mm\/#breadcrumb","itemListElement":[{"@type":"ListItem","position":1,"name":"Shop","item":"https:\/\/bolting.eu\/en\/shop\/"},{"@type":"ListItem","position":2,"name":"bolting products","item":"https:\/\/bolting.eu\/en\/produkt-kategorie\/bolting-products\/"},{"@type":"ListItem","position":3,"name":"Materialien f\u00fcr Wegebau","item":"https:\/\/bolting.eu\/produkt-kategorie\/einbohrartikel\/materialien-fuer-wegebau\/"},{"@type":"ListItem","position":4,"name":"Gel\u00e4nderseil Edelstahl 12mm"}]},{"@type":"WebSite","@id":"https:\/\/bolting.eu\/en\/#website","url":"https:\/\/bolting.eu\/en\/","name":"bolting.eu","description":"we make climbs happen","publisher":{"@id":"https:\/\/bolting.eu\/en\/#organization"},"potentialAction":[{"@type":"SearchAction","target":{"@type":"EntryPoint","urlTemplate":"https:\/\/bolting.eu\/en\/?s={search_term_string}"},"query-input":{"@type":"PropertyValueSpecification","valueRequired":true,"valueName":"search_term_string"}}],"inLanguage":"en-US"},{"@type":["Organization","Place","SportingGoodsStore"],"@id":"https:\/\/bolting.eu\/en\/#organization","name":"bolting.eu","url":"https:\/\/bolting.eu\/en\/","logo":{"@id":"https:\/\/bolting.eu\/en\/shop\/gelaenderseil-edelstahl-12mm\/#local-main-organization-logo"},"image":{"@id":"https:\/\/bolting.eu\/en\/shop\/gelaenderseil-edelstahl-12mm\/#local-main-organization-logo"},"sameAs":["https:\/\/www.facebook.com\/bolting.eu","https:\/\/www.instagram.com\/bolting.eu\/"],"address":{"@id":"https:\/\/bolting.eu\/en\/shop\/gelaenderseil-edelstahl-12mm\/#local-main-place-address"},"geo":{"@type":"GeoCoordinates","latitude":"47.264176340396226","longitude":"11.380109057672346"},"telephone":["+43 699 19083372"],"openingHoursSpecification":[{"@type":"OpeningHoursSpecification","dayOfWeek":["Monday","Wednesday","Friday"],"opens":"14:00","closes":"18:00"},{"@type":"OpeningHoursSpecification","dayOfWeek":["Tuesday","Thursday","Saturday","Sunday"],"opens":"00:00","closes":"00:00"}],"email":"office@bolting.eu","vatID":"ATU59999728","priceRange":"$$","currenciesAccepted":"Euro"},{"@type":"PostalAddress","@id":"https:\/\/bolting.eu\/en\/shop\/gelaenderseil-edelstahl-12mm\/#local-main-place-address","streetAddress":"Fischnalerstra\u00dfe 4","addressLocality":"Innsbruck","postalCode":"6020","addressRegion":"Tirol","addressCountry":"AT"},{"@type":"ImageObject","inLanguage":"en-US","@id":"https:\/\/bolting.eu\/en\/shop\/gelaenderseil-edelstahl-12mm\/#local-main-organization-logo","url":"https:\/\/bolting.eu\/wp-content\/uploads\/2019\/09\/bolting-logo.png","contentUrl":"https:\/\/bolting.eu\/wp-content\/uploads\/2019\/09\/bolting-logo.png","width":400,"height":211,"caption":"bolting.eu"}]},"product_price_amount":"60.00","product_price_currency":"EUR","og_availability":"instock","product_availability":"instock","product_retailer_item_id":"DS12A2","product_condition":"new","geo.placename":"Innsbruck","geo.position":{"lat":"47.264176340396226","long":"11.380109057672346"},"geo.region":"Austria"},"_links":{"self":[{"href":"https:\/\/bolting.eu\/en\/wp-json\/wp\/v2\/product\/4218","targetHints":{"allow":["GET"]}}],"collection":[{"href":"https:\/\/bolting.eu\/en\/wp-json\/wp\/v2\/product"}],"about":[{"href":"https:\/\/bolting.eu\/en\/wp-json\/wp\/v2\/types\/product"}],"replies":[{"embeddable":true,"href":"https:\/\/bolting.eu\/en\/wp-json\/wp\/v2\/comments?post=4218"}],"wp:featuredmedia":[{"embeddable":true,"href":"https:\/\/bolting.eu\/en\/wp-json\/wp\/v2\/media\/4219"}],"wp:attachment":[{"href":"https:\/\/bolting.eu\/en\/wp-json\/wp\/v2\/media?parent=4218"}],"wp:term":[{"taxonomy":"product_brand","embeddable":true,"href":"https:\/\/bolting.eu\/en\/wp-json\/wp\/v2\/product_brand?post=4218"},{"taxonomy":"product_cat","embeddable":true,"href":"https:\/\/bolting.eu\/en\/wp-json\/wp\/v2\/product_cat?post=4218"},{"taxonomy":"product_tag","embeddable":true,"href":"https:\/\/bolting.eu\/en\/wp-json\/wp\/v2\/product_tag?post=4218"}],"curies":[{"name":"wp","href":"https:\/\/api.w.org\/{rel}","templated":true}]}}