{"id":4210,"date":"2020-08-05T09:24:13","date_gmt":"2020-08-05T07:24:13","guid":{"rendered":"https:\/\/bolting.eu\/?post_type=product&#038;p=4210"},"modified":"2026-04-08T13:14:03","modified_gmt":"2026-04-08T11:14:03","slug":"drahtseil-wegeversicherung-verzinkt-10mm","status":"publish","type":"product","link":"https:\/\/bolting.eu\/en\/shop\/drahtseil-wegeversicherung-verzinkt-10mm\/","title":{"rendered":"Drahtseil Wegeversicherung verzinkt 10mm"},"content":{"rendered":"<p>Unser Drahtseil Wegeversicherung verzinkt 10mm ist unser Bestseller im Bereich des alpinen Wegebau. Denn dieses Modell ist perfekt f\u00fcr alle nicht kraftaufnehmenden Passagen. D.h. f\u00fcr alle Seilgel\u00e4nder, Querpassagen zum Einhalten sowie Abschnitte ohne Klettersteigsicherung.<\/p>\n<p>Dieses Drahtseil hat einige w\u00fcnschenswerte Merkmale. Erstens besitzt es die EN Norm 12385-4. Somit entspricht es den Empfehlungen der Alpenvereine. Folglich ist es zweitens sorgen ein Litzenseil. Es besitzt 6&#215;7 Dr\u00e4hte in den \u00e4u\u00dferen Wicklungen. Drittens hat es eine angenehme Griffigkeit bzw. Biegsamkeit.<\/p>\n<p>Anders ausgedr\u00fcckt. Das ideale Drahtseil f\u00fcr die Absicherung von leichten Wanderwegen!<\/p>\n<h3>Eigenschaften Drahtseil Wegeversicherung verzinkt 10mm<\/h3>\n<ul>\n<li>Durchmesser: 10mm<\/li>\n<li>Material: Stahl verzinkt<\/li>\n<li><strong>g\u00fcnstigster Preis \u20ac 2,29 pro m bei 100m<\/strong><\/li>\n<li>entspricht EN Norm 12385-4<\/li>\n<li>Typ: Drahtseil Litzenseil 6 x 19<\/li>\n<li>Kreuzschlag rechts, verzinkte Stahleinlage<\/li>\n<li>mind. Bruchlast 60,2 kN bzw. 1960 N\/mm2<\/li>\n<li>Einsatzbereiche: Seilgel\u00e4nder, Handlauf,&#8230; (Abschnitte ohne Kraftaufnahme)<\/li>\n<li>gute Haptik<\/li>\n<li>ideale Biegbarkeit f\u00fcr Seilf\u00fchrung um Ecken<\/li>\n<li><strong>Verkaufseinheit je nach Angabe!<\/strong><\/li>\n<li><strong>ab 50m liefern wir in Rollen aus. Wer 100m Rolle haben will , das bitte im Bestellkommentar vermerken!<\/strong><\/li>\n<\/ul>\n<h3>Galvanische Korrosion<\/h3>\n<p>Beachtet bitte. Verbaut das Drahtseil Wegeversicherung verzinkt 10mm niemals mit Bauteilen aus Edelstahl! D.h. euer <a href=\"https:\/\/bolting.eu\/produkt-kategorie\/material-fuer-klettersteigbau\/\">Material f\u00fcr Klettersteigbau<\/a> wie z.B. <a href=\"https:\/\/bolting.eu\/shop\/klettersteiganker-horizontal-verzinkt-26mm\/\">Klettersteiganker,<\/a> Drahtseilklemmen und Kauschen sollten ebenfalls alle aus verzinktem Stahl gebaut sein.<\/p>\n<p>Du willst mehr zu diesem Thema wissen? Dann lies dir unseren Fachbeitrag zum Thema \u201e<a href=\"https:\/\/bolting.eu\/galvanische-korrosion-bei-bohrhaken\/\">Galvanische Korrosion bei Bohrhaken<\/a>\u201c durch.<\/p>\n<h3>Achtung beim Abwickeln<\/h3>\n<p>Wenn ihr das Drahtseil abwickelt, ist Obacht geboten. Vermeiden das &#8220;Einknicken&#8221; des Drahtseiles indem ihr es sorgsam &#8220;abrollt&#8221;. Die Rolle auf den Boden zu legen und dann das Drahtseil einfach heraus zu ziehen ist ein absolutes &#8220;&#8221;no go&#8221;!<\/p>\n<p>Denn dann bekommt ihr struktursch\u00e4digende &#8220;Knicke&#8221; ins Seil. Das solltet ihr um jeden Preis vermeiden. Abhilfe kann eine einfache X-f\u00f6rmige Holzkonstruktion schaffen. Legt darauf eine runde Eisenstange und befestigt daran das Drahtseil Wegeversicherung verzinkt 10mm.<\/p>\n<h4><strong>Link Tipp:<\/strong><\/h4>\n<p>Im <a href=\"https:\/\/www.alpenverein.at\/portal_wAssets\/docs\/berg-aktiv\/wege_touren\/wegehandbuch_digital.pdf\" target=\"_blank\" rel=\"noopener noreferrer\">Wege Handbuch des Alpenverein<\/a> finden sich viele wertvolle Tipps f\u00fcr die Verarbeitung des Drahtseils Wie z.B. den Wegebau im alpinen Gel\u00e4nde.<\/p>\n<p>&nbsp;<\/p>\n","protected":false},"excerpt":{"rendered":"<p>10mm Draht-Litzenseil verzinkt f\u00fcr Wegegel\u00e4nder oder Handl\u00e4ufe. Passt erfekt zu unseren Gel\u00e4nderstangen.<\/p>\n<p>Geliefert in 50M Rollen oder kleiner. F\u00fcr 100m Rollen bitte in den Bestellkommentar anmerken!<\/p>\n<p>Versandkostenfrei* bis 2kg in <img decoding=\"async\" class=\"emoji\" role=\"img\" draggable=\"false\" src=\"https:\/\/s.w.org\/images\/core\/emoji\/14.0.0\/svg\/1f1e6-1f1f9.svg\" alt=\"\ud83c\udde6\ud83c\uddf9\" \/> ab \u20ac 100,- und <img decoding=\"async\" class=\"emoji\" role=\"img\" draggable=\"false\" src=\"https:\/\/s.w.org\/images\/core\/emoji\/14.0.0\/svg\/1f1e9-1f1ea.svg\" alt=\"\ud83c\udde9\ud83c\uddea\" \/> ab \u20ac 200,-<\/p>\n<p>&nbsp;<\/p>\n","protected":false},"featured_media":4213,"comment_status":"open","ping_status":"closed","template":"","meta":[],"product_brand":[],"product_cat":[10764,1210,14189],"product_tag":[],"class_list":{"0":"post-4210","1":"product","2":"type-product","3":"status-publish","4":"has-post-thumbnail","6":"product_cat-teufelberger","7":"product_cat-einbohrartikel","8":"product_cat-materialien-fuer-wegebau","10":"first","11":"instock","12":"taxable","13":"shipping-taxable","14":"purchasable","15":"product-type-variable"},"yoast_head":"<!-- This site is optimized with the Yoast SEO Premium plugin v26.9 (Yoast SEO v26.9) - https:\/\/yoast.com\/product\/yoast-seo-premium-wordpress\/ -->\n<title>Drahtseil Wegeversicherung verzinkt 10mm online kaufen | bolting.eu<\/title>\n<meta name=\"description\" content=\"Hier findest Du das DRAHTSEIL WEGEVERSICHERUNG verzinkt 10mm. Ein perfektes Stahlseil f\u00fcr den Wegebau vom Kletter Infrastrktur Experten aus \ud83c\udde6\ud83c\uddf9!\" \/>\n<meta name=\"robots\" content=\"index, follow, max-snippet:-1, max-image-preview:large, max-video-preview:-1\" \/>\n<link rel=\"canonical\" href=\"https:\/\/bolting.eu\/en\/shop\/drahtseil-wegeversicherung-verzinkt-10mm\/\" \/>\n<meta property=\"og:locale\" content=\"en_US\" \/>\n<meta property=\"og:type\" content=\"article\" \/>\n<meta property=\"og:title\" content=\"Drahtseil Wegeversicherung verzinkt 10mm\" \/>\n<meta property=\"og:description\" content=\"Hier findest Du das DRAHTSEIL WEGEVERSICHERUNG verzinkt 10mm. Ein perfektes Stahlseil f\u00fcr den Wegebau vom Kletter Infrastrktur Experten aus \ud83c\udde6\ud83c\uddf9!\" \/>\n<meta property=\"og:url\" content=\"https:\/\/bolting.eu\/en\/shop\/drahtseil-wegeversicherung-verzinkt-10mm\/\" \/>\n<meta property=\"og:site_name\" content=\"bolting.eu\" \/>\n<meta property=\"article:publisher\" content=\"https:\/\/www.facebook.com\/bolting.eu\" \/>\n<meta property=\"article:modified_time\" content=\"2026-04-08T11:14:03+00:00\" \/>\n<meta property=\"og:image\" content=\"https:\/\/bolting.eu\/wp-content\/uploads\/2020\/08\/Drahtseil-Klettersteig-verzinkt.jpg\" \/>\n\t<meta property=\"og:image:width\" content=\"700\" \/>\n\t<meta property=\"og:image:height\" content=\"700\" \/>\n\t<meta property=\"og:image:type\" content=\"image\/jpeg\" \/>\n<meta name=\"twitter:card\" content=\"summary_large_image\" \/>\n<meta name=\"twitter:label1\" content=\"Availability\" \/>\n\t<meta name=\"twitter:data1\" content=\"In stock\" \/>\n<script type=\"application\/ld+json\" class=\"yoast-schema-graph\">{\"@context\":\"https:\/\/schema.org\",\"@graph\":[{\"@type\":[\"WebPage\",\"ItemPage\"],\"@id\":\"https:\/\/bolting.eu\/en\/shop\/drahtseil-wegeversicherung-verzinkt-10mm\/\",\"url\":\"https:\/\/bolting.eu\/en\/shop\/drahtseil-wegeversicherung-verzinkt-10mm\/\",\"name\":\"Drahtseil Wegeversicherung verzinkt 10mm online kaufen | bolting.eu\",\"isPartOf\":{\"@id\":\"https:\/\/bolting.eu\/en\/#website\"},\"primaryImageOfPage\":{\"@id\":\"https:\/\/bolting.eu\/en\/shop\/drahtseil-wegeversicherung-verzinkt-10mm\/#primaryimage\"},\"image\":{\"@id\":\"https:\/\/bolting.eu\/en\/shop\/drahtseil-wegeversicherung-verzinkt-10mm\/#primaryimage\"},\"thumbnailUrl\":\"https:\/\/bolting.eu\/wp-content\/uploads\/2020\/08\/Drahtseil-Klettersteig-verzinkt.jpg\",\"datePublished\":\"2020-08-05T07:24:13+00:00\",\"dateModified\":\"2026-04-08T11:14:03+00:00\",\"description\":\"Hier findest Du das DRAHTSEIL WEGEVERSICHERUNG verzinkt 10mm. Ein perfektes Stahlseil f\u00fcr den Wegebau vom Kletter Infrastrktur Experten aus \ud83c\udde6\ud83c\uddf9!\",\"breadcrumb\":{\"@id\":\"https:\/\/bolting.eu\/en\/shop\/drahtseil-wegeversicherung-verzinkt-10mm\/#breadcrumb\"},\"inLanguage\":\"en-US\",\"potentialAction\":[{\"@type\":\"ReadAction\",\"target\":[\"https:\/\/bolting.eu\/en\/shop\/drahtseil-wegeversicherung-verzinkt-10mm\/\"]}]},{\"@type\":\"ImageObject\",\"inLanguage\":\"en-US\",\"@id\":\"https:\/\/bolting.eu\/en\/shop\/drahtseil-wegeversicherung-verzinkt-10mm\/#primaryimage\",\"url\":\"https:\/\/bolting.eu\/wp-content\/uploads\/2020\/08\/Drahtseil-Klettersteig-verzinkt.jpg\",\"contentUrl\":\"https:\/\/bolting.eu\/wp-content\/uploads\/2020\/08\/Drahtseil-Klettersteig-verzinkt.jpg\",\"width\":700,\"height\":700,\"caption\":\"Das Bild zeigt eine Rolle Drahtseil Wegeversicherung verzinkt 10mm. Die Rolle liegt gerade in Mitte eines wei\u00dfen Quadrates.\"},{\"@type\":\"BreadcrumbList\",\"@id\":\"https:\/\/bolting.eu\/en\/shop\/drahtseil-wegeversicherung-verzinkt-10mm\/#breadcrumb\",\"itemListElement\":[{\"@type\":\"ListItem\",\"position\":1,\"name\":\"Shop\",\"item\":\"https:\/\/bolting.eu\/en\/shop\/\"},{\"@type\":\"ListItem\",\"position\":2,\"name\":\"bolting products\",\"item\":\"https:\/\/bolting.eu\/en\/produkt-kategorie\/bolting-products\/\"},{\"@type\":\"ListItem\",\"position\":3,\"name\":\"Materialien f\u00fcr Wegebau\",\"item\":\"https:\/\/bolting.eu\/produkt-kategorie\/einbohrartikel\/materialien-fuer-wegebau\/\"},{\"@type\":\"ListItem\",\"position\":4,\"name\":\"Drahtseil Wegeversicherung verzinkt 10mm\"}]},{\"@type\":\"WebSite\",\"@id\":\"https:\/\/bolting.eu\/en\/#website\",\"url\":\"https:\/\/bolting.eu\/en\/\",\"name\":\"bolting.eu\",\"description\":\"we make climbs happen\",\"publisher\":{\"@id\":\"https:\/\/bolting.eu\/en\/#organization\"},\"potentialAction\":[{\"@type\":\"SearchAction\",\"target\":{\"@type\":\"EntryPoint\",\"urlTemplate\":\"https:\/\/bolting.eu\/en\/?s={search_term_string}\"},\"query-input\":{\"@type\":\"PropertyValueSpecification\",\"valueRequired\":true,\"valueName\":\"search_term_string\"}}],\"inLanguage\":\"en-US\"},{\"@type\":[\"Organization\",\"Place\",\"SportingGoodsStore\"],\"@id\":\"https:\/\/bolting.eu\/en\/#organization\",\"name\":\"bolting.eu\",\"url\":\"https:\/\/bolting.eu\/en\/\",\"logo\":{\"@id\":\"https:\/\/bolting.eu\/en\/shop\/drahtseil-wegeversicherung-verzinkt-10mm\/#local-main-organization-logo\"},\"image\":{\"@id\":\"https:\/\/bolting.eu\/en\/shop\/drahtseil-wegeversicherung-verzinkt-10mm\/#local-main-organization-logo\"},\"sameAs\":[\"https:\/\/www.facebook.com\/bolting.eu\",\"https:\/\/www.instagram.com\/bolting.eu\/\"],\"address\":{\"@id\":\"https:\/\/bolting.eu\/en\/shop\/drahtseil-wegeversicherung-verzinkt-10mm\/#local-main-place-address\"},\"geo\":{\"@type\":\"GeoCoordinates\",\"latitude\":\"47.264176340396226\",\"longitude\":\"11.380109057672346\"},\"telephone\":[\"+43 699 19083372\"],\"openingHoursSpecification\":[{\"@type\":\"OpeningHoursSpecification\",\"dayOfWeek\":[\"Monday\",\"Wednesday\",\"Friday\"],\"opens\":\"14:00\",\"closes\":\"18:00\"},{\"@type\":\"OpeningHoursSpecification\",\"dayOfWeek\":[\"Tuesday\",\"Thursday\",\"Saturday\",\"Sunday\"],\"opens\":\"00:00\",\"closes\":\"00:00\"}],\"email\":\"office@bolting.eu\",\"vatID\":\"ATU59999728\",\"priceRange\":\"$$\",\"currenciesAccepted\":\"Euro\"},{\"@type\":\"PostalAddress\",\"@id\":\"https:\/\/bolting.eu\/en\/shop\/drahtseil-wegeversicherung-verzinkt-10mm\/#local-main-place-address\",\"streetAddress\":\"Fischnalerstra\u00dfe 4\",\"addressLocality\":\"Innsbruck\",\"postalCode\":\"6020\",\"addressRegion\":\"Tirol\",\"addressCountry\":\"AT\"},{\"@type\":\"ImageObject\",\"inLanguage\":\"en-US\",\"@id\":\"https:\/\/bolting.eu\/en\/shop\/drahtseil-wegeversicherung-verzinkt-10mm\/#local-main-organization-logo\",\"url\":\"https:\/\/bolting.eu\/wp-content\/uploads\/2019\/09\/bolting-logo.png\",\"contentUrl\":\"https:\/\/bolting.eu\/wp-content\/uploads\/2019\/09\/bolting-logo.png\",\"width\":400,\"height\":211,\"caption\":\"bolting.eu\"}]}<\/script>\n<meta property=\"og:availability\" content=\"instock\" \/>\n<meta property=\"product:availability\" content=\"instock\" \/>\n<meta property=\"product:retailer_item_id\" content=\"DS10vz\" \/>\n<meta property=\"product:condition\" content=\"new\" \/>\n<meta name=\"geo.placename\" content=\"Innsbruck\" \/>\n<meta name=\"geo.position\" content=\"47.264176340396226;11.380109057672346\" \/>\n<meta name=\"geo.region\" content=\"Austria\" \/>\n<!-- \/ Yoast SEO Premium plugin. -->","yoast_head_json":{"title":"Drahtseil Wegeversicherung verzinkt 10mm online kaufen | bolting.eu","description":"Hier findest Du das DRAHTSEIL WEGEVERSICHERUNG verzinkt 10mm. Ein perfektes Stahlseil f\u00fcr den Wegebau vom Kletter Infrastrktur Experten aus \ud83c\udde6\ud83c\uddf9!","robots":{"index":"index","follow":"follow","max-snippet":"max-snippet:-1","max-image-preview":"max-image-preview:large","max-video-preview":"max-video-preview:-1"},"canonical":"https:\/\/bolting.eu\/en\/shop\/drahtseil-wegeversicherung-verzinkt-10mm\/","og_locale":"en_US","og_type":"article","og_title":"Drahtseil Wegeversicherung verzinkt 10mm","og_description":"Hier findest Du das DRAHTSEIL WEGEVERSICHERUNG verzinkt 10mm. Ein perfektes Stahlseil f\u00fcr den Wegebau vom Kletter Infrastrktur Experten aus \ud83c\udde6\ud83c\uddf9!","og_url":"https:\/\/bolting.eu\/en\/shop\/drahtseil-wegeversicherung-verzinkt-10mm\/","og_site_name":"bolting.eu","article_publisher":"https:\/\/www.facebook.com\/bolting.eu","article_modified_time":"2026-04-08T11:14:03+00:00","og_image":[{"width":700,"height":700,"url":"https:\/\/bolting.eu\/wp-content\/uploads\/2020\/08\/Drahtseil-Klettersteig-verzinkt.jpg","type":"image\/jpeg"}],"twitter_card":"summary_large_image","twitter_misc":{"Availability":"In stock"},"schema":{"@context":"https:\/\/schema.org","@graph":[{"@type":["WebPage","ItemPage"],"@id":"https:\/\/bolting.eu\/en\/shop\/drahtseil-wegeversicherung-verzinkt-10mm\/","url":"https:\/\/bolting.eu\/en\/shop\/drahtseil-wegeversicherung-verzinkt-10mm\/","name":"Drahtseil Wegeversicherung verzinkt 10mm online kaufen | bolting.eu","isPartOf":{"@id":"https:\/\/bolting.eu\/en\/#website"},"primaryImageOfPage":{"@id":"https:\/\/bolting.eu\/en\/shop\/drahtseil-wegeversicherung-verzinkt-10mm\/#primaryimage"},"image":{"@id":"https:\/\/bolting.eu\/en\/shop\/drahtseil-wegeversicherung-verzinkt-10mm\/#primaryimage"},"thumbnailUrl":"https:\/\/bolting.eu\/wp-content\/uploads\/2020\/08\/Drahtseil-Klettersteig-verzinkt.jpg","datePublished":"2020-08-05T07:24:13+00:00","dateModified":"2026-04-08T11:14:03+00:00","description":"Hier findest Du das DRAHTSEIL WEGEVERSICHERUNG verzinkt 10mm. Ein perfektes Stahlseil f\u00fcr den Wegebau vom Kletter Infrastrktur Experten aus \ud83c\udde6\ud83c\uddf9!","breadcrumb":{"@id":"https:\/\/bolting.eu\/en\/shop\/drahtseil-wegeversicherung-verzinkt-10mm\/#breadcrumb"},"inLanguage":"en-US","potentialAction":[{"@type":"ReadAction","target":["https:\/\/bolting.eu\/en\/shop\/drahtseil-wegeversicherung-verzinkt-10mm\/"]}]},{"@type":"ImageObject","inLanguage":"en-US","@id":"https:\/\/bolting.eu\/en\/shop\/drahtseil-wegeversicherung-verzinkt-10mm\/#primaryimage","url":"https:\/\/bolting.eu\/wp-content\/uploads\/2020\/08\/Drahtseil-Klettersteig-verzinkt.jpg","contentUrl":"https:\/\/bolting.eu\/wp-content\/uploads\/2020\/08\/Drahtseil-Klettersteig-verzinkt.jpg","width":700,"height":700,"caption":"Das Bild zeigt eine Rolle Drahtseil Wegeversicherung verzinkt 10mm. Die Rolle liegt gerade in Mitte eines wei\u00dfen Quadrates."},{"@type":"BreadcrumbList","@id":"https:\/\/bolting.eu\/en\/shop\/drahtseil-wegeversicherung-verzinkt-10mm\/#breadcrumb","itemListElement":[{"@type":"ListItem","position":1,"name":"Shop","item":"https:\/\/bolting.eu\/en\/shop\/"},{"@type":"ListItem","position":2,"name":"bolting products","item":"https:\/\/bolting.eu\/en\/produkt-kategorie\/bolting-products\/"},{"@type":"ListItem","position":3,"name":"Materialien f\u00fcr Wegebau","item":"https:\/\/bolting.eu\/produkt-kategorie\/einbohrartikel\/materialien-fuer-wegebau\/"},{"@type":"ListItem","position":4,"name":"Drahtseil Wegeversicherung verzinkt 10mm"}]},{"@type":"WebSite","@id":"https:\/\/bolting.eu\/en\/#website","url":"https:\/\/bolting.eu\/en\/","name":"bolting.eu","description":"we make climbs happen","publisher":{"@id":"https:\/\/bolting.eu\/en\/#organization"},"potentialAction":[{"@type":"SearchAction","target":{"@type":"EntryPoint","urlTemplate":"https:\/\/bolting.eu\/en\/?s={search_term_string}"},"query-input":{"@type":"PropertyValueSpecification","valueRequired":true,"valueName":"search_term_string"}}],"inLanguage":"en-US"},{"@type":["Organization","Place","SportingGoodsStore"],"@id":"https:\/\/bolting.eu\/en\/#organization","name":"bolting.eu","url":"https:\/\/bolting.eu\/en\/","logo":{"@id":"https:\/\/bolting.eu\/en\/shop\/drahtseil-wegeversicherung-verzinkt-10mm\/#local-main-organization-logo"},"image":{"@id":"https:\/\/bolting.eu\/en\/shop\/drahtseil-wegeversicherung-verzinkt-10mm\/#local-main-organization-logo"},"sameAs":["https:\/\/www.facebook.com\/bolting.eu","https:\/\/www.instagram.com\/bolting.eu\/"],"address":{"@id":"https:\/\/bolting.eu\/en\/shop\/drahtseil-wegeversicherung-verzinkt-10mm\/#local-main-place-address"},"geo":{"@type":"GeoCoordinates","latitude":"47.264176340396226","longitude":"11.380109057672346"},"telephone":["+43 699 19083372"],"openingHoursSpecification":[{"@type":"OpeningHoursSpecification","dayOfWeek":["Monday","Wednesday","Friday"],"opens":"14:00","closes":"18:00"},{"@type":"OpeningHoursSpecification","dayOfWeek":["Tuesday","Thursday","Saturday","Sunday"],"opens":"00:00","closes":"00:00"}],"email":"office@bolting.eu","vatID":"ATU59999728","priceRange":"$$","currenciesAccepted":"Euro"},{"@type":"PostalAddress","@id":"https:\/\/bolting.eu\/en\/shop\/drahtseil-wegeversicherung-verzinkt-10mm\/#local-main-place-address","streetAddress":"Fischnalerstra\u00dfe 4","addressLocality":"Innsbruck","postalCode":"6020","addressRegion":"Tirol","addressCountry":"AT"},{"@type":"ImageObject","inLanguage":"en-US","@id":"https:\/\/bolting.eu\/en\/shop\/drahtseil-wegeversicherung-verzinkt-10mm\/#local-main-organization-logo","url":"https:\/\/bolting.eu\/wp-content\/uploads\/2019\/09\/bolting-logo.png","contentUrl":"https:\/\/bolting.eu\/wp-content\/uploads\/2019\/09\/bolting-logo.png","width":400,"height":211,"caption":"bolting.eu"}]},"og_availability":"instock","product_availability":"instock","product_retailer_item_id":"DS10vz","product_condition":"new","geo.placename":"Innsbruck","geo.position":{"lat":"47.264176340396226","long":"11.380109057672346"},"geo.region":"Austria"},"_links":{"self":[{"href":"https:\/\/bolting.eu\/en\/wp-json\/wp\/v2\/product\/4210","targetHints":{"allow":["GET"]}}],"collection":[{"href":"https:\/\/bolting.eu\/en\/wp-json\/wp\/v2\/product"}],"about":[{"href":"https:\/\/bolting.eu\/en\/wp-json\/wp\/v2\/types\/product"}],"replies":[{"embeddable":true,"href":"https:\/\/bolting.eu\/en\/wp-json\/wp\/v2\/comments?post=4210"}],"wp:featuredmedia":[{"embeddable":true,"href":"https:\/\/bolting.eu\/en\/wp-json\/wp\/v2\/media\/4213"}],"wp:attachment":[{"href":"https:\/\/bolting.eu\/en\/wp-json\/wp\/v2\/media?parent=4210"}],"wp:term":[{"taxonomy":"product_brand","embeddable":true,"href":"https:\/\/bolting.eu\/en\/wp-json\/wp\/v2\/product_brand?post=4210"},{"taxonomy":"product_cat","embeddable":true,"href":"https:\/\/bolting.eu\/en\/wp-json\/wp\/v2\/product_cat?post=4210"},{"taxonomy":"product_tag","embeddable":true,"href":"https:\/\/bolting.eu\/en\/wp-json\/wp\/v2\/product_tag?post=4210"}],"curies":[{"name":"wp","href":"https:\/\/api.w.org\/{rel}","templated":true}]}}