{"id":4191,"date":"2020-08-05T08:26:33","date_gmt":"2020-08-05T06:26:33","guid":{"rendered":"https:\/\/bolting.eu\/?post_type=product&#038;p=4191"},"modified":"2026-02-20T12:32:54","modified_gmt":"2026-02-20T11:32:54","slug":"drahtseil-endstueck-edelstahl","status":"publish","type":"product","link":"https:\/\/bolting.eu\/en\/shop\/drahtseil-endstueck-edelstahl\/","title":{"rendered":"Drahtseil Endst\u00fcck Edelstahl"},"content":{"rendered":"<p>lUnser Drahtseil Endst\u00fcck Edelstahl gibt es mit vier Durchmessern. Folglich k\u00f6nnt ihr damit alle g\u00e4ngigen Drahtseil Durchmesser bzw. Anwendungsf\u00e4lle abdecken. Diese Endst\u00fccke sind ein kleines aber entscheidendes Teil bei der <a href=\"https:\/\/bolting.eu\/klettersteig-errichtung\/\">Klettersteig Errichtung<\/a>. Denn mit ihnen werden die Enden der Stahlseile versehen. So k\u00f6nnen die Dr\u00e4hte nicht seitlich ausfransen.<\/p>\n<h2>Drahtseil Endst\u00fcck Edelstahl in 4 Durchmessern<\/h2>\n<p>Erstens 10mm f\u00fcr d\u00fcnne Drahtseile. Diese werden beispielsweise f\u00fcr die einfache Wegeversicherung bzw. Seilgel\u00e4nder verwendet. Zweitens 12mm f\u00fcr Drahtseile bei der Wegeversicherung in steilerem Gel\u00e4nde mit teilweiser Kraftaufnahme. Dieser Seildurchmesser ist auch ideal f\u00fcr Niederseilg\u00e4rten. Drittens in 14mm f\u00fcr Klettersteige. Und viertens in 16mm f\u00fcr das &#8220;Finishing&#8221; von Drahtseilen bei Seilbr\u00fccken.<\/p>\n<h3>Eigenschaften Drahtseil Endst\u00fcck Edelstahl<\/h3>\n<ul>\n<li>Hersteller: <a href=\"https:\/\/bolting.eu\/produkt-kategorie\/vertical-evolution\/\">Vertical Evolution<\/a><\/li>\n<li>Material: A4 Edelstahl<\/li>\n<li>Durchmesser: 10mm, 12mm,14mm,16mm<\/li>\n<li>perfekter Schutz gegen Ausfransen von Drahtseilkabeln<\/li>\n<li>Anbringung einfach mit <a href=\"https:\/\/bolting.eu\/shop\/injetionsmoertel-fischer-fis-ab-300-t\/\">Injektionsm\u00f6rtel<\/a><\/li>\n<\/ul>\n<h3>Anbringung<\/h3>\n<p>Das Anbringen des Endst\u00fcck ist denkbar einfach. Einfach etwas Injektionsm\u00f6rtel auf das Seilende geben. Daraufhin den Metallring dar\u00fcber schieben. Zudem ordentlich abputzen. Fertig!<\/p>\n<h3>Galvanische Korrosion<\/h3>\n<p>Beachtet bitte. Mischt das Drahtseil Endst\u00fcck Edelstahl niemals mit Bauteilen aus verzinktem Stahl! Folglich sind diese Endst\u00fccke zur Montage auf Drahtseilen aus Edelstahl!<\/p>\n<p>Du willst mehr zu diesem Thema wissen? Dann lies dir unseren Fachbeitrag zum Thema &#8220;<a href=\"https:\/\/bolting.eu\/galvanische-korrosion-bei-bohrhaken\/\">Galvanische Korrosion bei Bohrhaken<\/a>&#8221; durch.<\/p>\n<h4><strong>Link Tipp<\/strong><\/h4>\n<p>Im <a href=\"https:\/\/www.alpenverein.at\/portal_wAssets\/docs\/berg-aktiv\/wege_touren\/wegehandbuch_digital.pdf\" target=\"_blank\" rel=\"noopener noreferrer\">Wege Handbuch des Alpenverein<\/a>\u00a0finden sich viele wertvolle Tipps f\u00fcr den Wegebau. Beispielsweise auch f\u00fcr Seilversicherungen.<\/p>\n","protected":false},"excerpt":{"rendered":"<ul>\n<li>Hersteller: <a href=\"https:\/\/bolting.eu\/produkt-kategorie\/vertical-evolution\/\">Vertical Evolution<\/a><\/li>\n<li>Material: A2 Edelstahl<\/li>\n<li>Durchmesser: 10mm, 12mm,14mm,16mm<\/li>\n<li>f\u00fcr die Montage an Drahtseilen aus Edelstahl<\/li>\n<li>perfekter Schutz gegen Ausfransen von Drahtseilkabeln<\/li>\n<li>Anbringung einfach mit <a href=\"https:\/\/bolting.eu\/shop\/injetionsmoertel-fischer-fis-ab-300-t\/\">Injektionsm\u00f6rtel<\/a><\/li>\n<li>h\u00e4lt ein Leben lang<\/li>\n<\/ul>\n","protected":false},"featured_media":4198,"comment_status":"open","ping_status":"closed","template":"","meta":[],"product_brand":[],"product_cat":[260,482],"product_tag":[],"class_list":{"0":"post-4191","1":"product","2":"type-product","3":"status-publish","4":"has-post-thumbnail","6":"product_cat-material-fuer-klettersteigbau","7":"product_cat-vertical-evolution","9":"first","10":"instock","11":"taxable","12":"shipping-taxable","13":"purchasable","14":"product-type-variable"},"yoast_head":"<!-- This site is optimized with the Yoast SEO Premium plugin v26.9 (Yoast SEO v26.9) - https:\/\/yoast.com\/product\/yoast-seo-premium-wordpress\/ -->\n<title>Drahtseil Endst\u00fcck Edelstahl 10 - 16mm online kaufen | bolting.eu<\/title>\n<meta name=\"description\" content=\"Hier findest Du ein DRAHTSEIL ENDST\u00dcCK EDELSTAHL: 10mm, 12mm, 14mm und 16mm Durchmesser gegen das Ausfransen der Enden beim Klettersteigprofi aus \ud83c\udde6\ud83c\uddf9\" \/>\n<meta name=\"robots\" content=\"index, follow, max-snippet:-1, max-image-preview:large, max-video-preview:-1\" \/>\n<link rel=\"canonical\" href=\"https:\/\/bolting.eu\/en\/shop\/drahtseil-endstueck-edelstahl\/\" \/>\n<meta property=\"og:locale\" content=\"en_US\" \/>\n<meta property=\"og:type\" content=\"article\" \/>\n<meta property=\"og:title\" content=\"Drahtseil Endst\u00fcck Edelstahl\" \/>\n<meta property=\"og:description\" content=\"Hier findest Du ein DRAHTSEIL ENDST\u00dcCK EDELSTAHL: 10mm, 12mm, 14mm und 16mm Durchmesser gegen das Ausfransen der Enden beim Klettersteigprofi aus \ud83c\udde6\ud83c\uddf9\" \/>\n<meta property=\"og:url\" content=\"https:\/\/bolting.eu\/en\/shop\/drahtseil-endstueck-edelstahl\/\" \/>\n<meta property=\"og:site_name\" content=\"bolting.eu\" \/>\n<meta property=\"article:publisher\" content=\"https:\/\/www.facebook.com\/bolting.eu\" \/>\n<meta property=\"article:modified_time\" content=\"2026-02-20T11:32:54+00:00\" \/>\n<meta property=\"og:image\" content=\"https:\/\/bolting.eu\/wp-content\/uploads\/2020\/08\/Drahtseil-Endstueck-Edelstahl.jpg\" \/>\n\t<meta property=\"og:image:width\" content=\"700\" \/>\n\t<meta property=\"og:image:height\" content=\"700\" \/>\n\t<meta property=\"og:image:type\" content=\"image\/jpeg\" \/>\n<meta name=\"twitter:card\" content=\"summary_large_image\" \/>\n<meta name=\"twitter:label1\" content=\"Availability\" \/>\n\t<meta name=\"twitter:data1\" content=\"In stock\" \/>\n<script type=\"application\/ld+json\" class=\"yoast-schema-graph\">{\"@context\":\"https:\/\/schema.org\",\"@graph\":[{\"@type\":[\"WebPage\",\"ItemPage\"],\"@id\":\"https:\/\/bolting.eu\/en\/shop\/drahtseil-endstueck-edelstahl\/\",\"url\":\"https:\/\/bolting.eu\/en\/shop\/drahtseil-endstueck-edelstahl\/\",\"name\":\"Drahtseil Endst\u00fcck Edelstahl 10 - 16mm online kaufen | bolting.eu\",\"isPartOf\":{\"@id\":\"https:\/\/bolting.eu\/en\/#website\"},\"primaryImageOfPage\":{\"@id\":\"https:\/\/bolting.eu\/en\/shop\/drahtseil-endstueck-edelstahl\/#primaryimage\"},\"image\":{\"@id\":\"https:\/\/bolting.eu\/en\/shop\/drahtseil-endstueck-edelstahl\/#primaryimage\"},\"thumbnailUrl\":\"https:\/\/bolting.eu\/wp-content\/uploads\/2020\/08\/Drahtseil-Endstueck-Edelstahl.jpg\",\"datePublished\":\"2020-08-05T06:26:33+00:00\",\"dateModified\":\"2026-02-20T11:32:54+00:00\",\"description\":\"Hier findest Du ein DRAHTSEIL ENDST\u00dcCK EDELSTAHL: 10mm, 12mm, 14mm und 16mm Durchmesser gegen das Ausfransen der Enden beim Klettersteigprofi aus \ud83c\udde6\ud83c\uddf9\",\"breadcrumb\":{\"@id\":\"https:\/\/bolting.eu\/en\/shop\/drahtseil-endstueck-edelstahl\/#breadcrumb\"},\"inLanguage\":\"en-US\",\"potentialAction\":[{\"@type\":\"ReadAction\",\"target\":[\"https:\/\/bolting.eu\/en\/shop\/drahtseil-endstueck-edelstahl\/\"]}]},{\"@type\":\"ImageObject\",\"inLanguage\":\"en-US\",\"@id\":\"https:\/\/bolting.eu\/en\/shop\/drahtseil-endstueck-edelstahl\/#primaryimage\",\"url\":\"https:\/\/bolting.eu\/wp-content\/uploads\/2020\/08\/Drahtseil-Endstueck-Edelstahl.jpg\",\"contentUrl\":\"https:\/\/bolting.eu\/wp-content\/uploads\/2020\/08\/Drahtseil-Endstueck-Edelstahl.jpg\",\"width\":700,\"height\":700,\"caption\":\"Das Bild zeigt ein Drahtseil Endst\u00fcck Edelestahl. Der silberne Metallring ist am Ende eines Drahtseiles zu sehen und liegt horizontal im Bild.\"},{\"@type\":\"BreadcrumbList\",\"@id\":\"https:\/\/bolting.eu\/en\/shop\/drahtseil-endstueck-edelstahl\/#breadcrumb\",\"itemListElement\":[{\"@type\":\"ListItem\",\"position\":1,\"name\":\"Shop\",\"item\":\"https:\/\/bolting.eu\/en\/shop\/\"},{\"@type\":\"ListItem\",\"position\":2,\"name\":\"bolting products\",\"item\":\"https:\/\/bolting.eu\/en\/produkt-kategorie\/bolting-products\/\"},{\"@type\":\"ListItem\",\"position\":3,\"name\":\"Material f\u00fcr Klettersteigbau\",\"item\":\"https:\/\/bolting.eu\/produkt-kategorie\/einbohrartikel\/material-fuer-klettersteigbau\/\"},{\"@type\":\"ListItem\",\"position\":4,\"name\":\"Drahtseil Endst\u00fcck Edelstahl\"}]},{\"@type\":\"WebSite\",\"@id\":\"https:\/\/bolting.eu\/en\/#website\",\"url\":\"https:\/\/bolting.eu\/en\/\",\"name\":\"bolting.eu\",\"description\":\"we make climbs happen\",\"publisher\":{\"@id\":\"https:\/\/bolting.eu\/en\/#organization\"},\"potentialAction\":[{\"@type\":\"SearchAction\",\"target\":{\"@type\":\"EntryPoint\",\"urlTemplate\":\"https:\/\/bolting.eu\/en\/?s={search_term_string}\"},\"query-input\":{\"@type\":\"PropertyValueSpecification\",\"valueRequired\":true,\"valueName\":\"search_term_string\"}}],\"inLanguage\":\"en-US\"},{\"@type\":[\"Organization\",\"Place\",\"SportingGoodsStore\"],\"@id\":\"https:\/\/bolting.eu\/en\/#organization\",\"name\":\"bolting.eu\",\"url\":\"https:\/\/bolting.eu\/en\/\",\"logo\":{\"@id\":\"https:\/\/bolting.eu\/en\/shop\/drahtseil-endstueck-edelstahl\/#local-main-organization-logo\"},\"image\":{\"@id\":\"https:\/\/bolting.eu\/en\/shop\/drahtseil-endstueck-edelstahl\/#local-main-organization-logo\"},\"sameAs\":[\"https:\/\/www.facebook.com\/bolting.eu\",\"https:\/\/www.instagram.com\/bolting.eu\/\"],\"address\":{\"@id\":\"https:\/\/bolting.eu\/en\/shop\/drahtseil-endstueck-edelstahl\/#local-main-place-address\"},\"geo\":{\"@type\":\"GeoCoordinates\",\"latitude\":\"47.264176340396226\",\"longitude\":\"11.380109057672346\"},\"telephone\":[\"+43 699 19083372\"],\"openingHoursSpecification\":[{\"@type\":\"OpeningHoursSpecification\",\"dayOfWeek\":[\"Monday\",\"Wednesday\",\"Friday\"],\"opens\":\"14:00\",\"closes\":\"18:00\"},{\"@type\":\"OpeningHoursSpecification\",\"dayOfWeek\":[\"Tuesday\",\"Thursday\",\"Saturday\",\"Sunday\"],\"opens\":\"00:00\",\"closes\":\"00:00\"}],\"email\":\"office@bolting.eu\",\"vatID\":\"ATU59999728\",\"priceRange\":\"$$\",\"currenciesAccepted\":\"Euro\"},{\"@type\":\"PostalAddress\",\"@id\":\"https:\/\/bolting.eu\/en\/shop\/drahtseil-endstueck-edelstahl\/#local-main-place-address\",\"streetAddress\":\"Fischnalerstra\u00dfe 4\",\"addressLocality\":\"Innsbruck\",\"postalCode\":\"6020\",\"addressRegion\":\"Tirol\",\"addressCountry\":\"AT\"},{\"@type\":\"ImageObject\",\"inLanguage\":\"en-US\",\"@id\":\"https:\/\/bolting.eu\/en\/shop\/drahtseil-endstueck-edelstahl\/#local-main-organization-logo\",\"url\":\"https:\/\/bolting.eu\/wp-content\/uploads\/2019\/09\/bolting-logo.png\",\"contentUrl\":\"https:\/\/bolting.eu\/wp-content\/uploads\/2019\/09\/bolting-logo.png\",\"width\":400,\"height\":211,\"caption\":\"bolting.eu\"}]}<\/script>\n<meta property=\"og:availability\" content=\"instock\" \/>\n<meta property=\"product:availability\" content=\"instock\" \/>\n<meta property=\"product:condition\" content=\"new\" \/>\n<meta name=\"geo.placename\" content=\"Innsbruck\" \/>\n<meta name=\"geo.position\" content=\"47.264176340396226;11.380109057672346\" \/>\n<meta name=\"geo.region\" content=\"Austria\" \/>\n<!-- \/ Yoast SEO Premium plugin. -->","yoast_head_json":{"title":"Drahtseil Endst\u00fcck Edelstahl 10 - 16mm online kaufen | bolting.eu","description":"Hier findest Du ein DRAHTSEIL ENDST\u00dcCK EDELSTAHL: 10mm, 12mm, 14mm und 16mm Durchmesser gegen das Ausfransen der Enden beim Klettersteigprofi aus \ud83c\udde6\ud83c\uddf9","robots":{"index":"index","follow":"follow","max-snippet":"max-snippet:-1","max-image-preview":"max-image-preview:large","max-video-preview":"max-video-preview:-1"},"canonical":"https:\/\/bolting.eu\/en\/shop\/drahtseil-endstueck-edelstahl\/","og_locale":"en_US","og_type":"article","og_title":"Drahtseil Endst\u00fcck Edelstahl","og_description":"Hier findest Du ein DRAHTSEIL ENDST\u00dcCK EDELSTAHL: 10mm, 12mm, 14mm und 16mm Durchmesser gegen das Ausfransen der Enden beim Klettersteigprofi aus \ud83c\udde6\ud83c\uddf9","og_url":"https:\/\/bolting.eu\/en\/shop\/drahtseil-endstueck-edelstahl\/","og_site_name":"bolting.eu","article_publisher":"https:\/\/www.facebook.com\/bolting.eu","article_modified_time":"2026-02-20T11:32:54+00:00","og_image":[{"width":700,"height":700,"url":"https:\/\/bolting.eu\/wp-content\/uploads\/2020\/08\/Drahtseil-Endstueck-Edelstahl.jpg","type":"image\/jpeg"}],"twitter_card":"summary_large_image","twitter_misc":{"Availability":"In stock"},"schema":{"@context":"https:\/\/schema.org","@graph":[{"@type":["WebPage","ItemPage"],"@id":"https:\/\/bolting.eu\/en\/shop\/drahtseil-endstueck-edelstahl\/","url":"https:\/\/bolting.eu\/en\/shop\/drahtseil-endstueck-edelstahl\/","name":"Drahtseil Endst\u00fcck Edelstahl 10 - 16mm online kaufen | bolting.eu","isPartOf":{"@id":"https:\/\/bolting.eu\/en\/#website"},"primaryImageOfPage":{"@id":"https:\/\/bolting.eu\/en\/shop\/drahtseil-endstueck-edelstahl\/#primaryimage"},"image":{"@id":"https:\/\/bolting.eu\/en\/shop\/drahtseil-endstueck-edelstahl\/#primaryimage"},"thumbnailUrl":"https:\/\/bolting.eu\/wp-content\/uploads\/2020\/08\/Drahtseil-Endstueck-Edelstahl.jpg","datePublished":"2020-08-05T06:26:33+00:00","dateModified":"2026-02-20T11:32:54+00:00","description":"Hier findest Du ein DRAHTSEIL ENDST\u00dcCK EDELSTAHL: 10mm, 12mm, 14mm und 16mm Durchmesser gegen das Ausfransen der Enden beim Klettersteigprofi aus \ud83c\udde6\ud83c\uddf9","breadcrumb":{"@id":"https:\/\/bolting.eu\/en\/shop\/drahtseil-endstueck-edelstahl\/#breadcrumb"},"inLanguage":"en-US","potentialAction":[{"@type":"ReadAction","target":["https:\/\/bolting.eu\/en\/shop\/drahtseil-endstueck-edelstahl\/"]}]},{"@type":"ImageObject","inLanguage":"en-US","@id":"https:\/\/bolting.eu\/en\/shop\/drahtseil-endstueck-edelstahl\/#primaryimage","url":"https:\/\/bolting.eu\/wp-content\/uploads\/2020\/08\/Drahtseil-Endstueck-Edelstahl.jpg","contentUrl":"https:\/\/bolting.eu\/wp-content\/uploads\/2020\/08\/Drahtseil-Endstueck-Edelstahl.jpg","width":700,"height":700,"caption":"Das Bild zeigt ein Drahtseil Endst\u00fcck Edelestahl. Der silberne Metallring ist am Ende eines Drahtseiles zu sehen und liegt horizontal im Bild."},{"@type":"BreadcrumbList","@id":"https:\/\/bolting.eu\/en\/shop\/drahtseil-endstueck-edelstahl\/#breadcrumb","itemListElement":[{"@type":"ListItem","position":1,"name":"Shop","item":"https:\/\/bolting.eu\/en\/shop\/"},{"@type":"ListItem","position":2,"name":"bolting products","item":"https:\/\/bolting.eu\/en\/produkt-kategorie\/bolting-products\/"},{"@type":"ListItem","position":3,"name":"Material f\u00fcr Klettersteigbau","item":"https:\/\/bolting.eu\/produkt-kategorie\/einbohrartikel\/material-fuer-klettersteigbau\/"},{"@type":"ListItem","position":4,"name":"Drahtseil Endst\u00fcck Edelstahl"}]},{"@type":"WebSite","@id":"https:\/\/bolting.eu\/en\/#website","url":"https:\/\/bolting.eu\/en\/","name":"bolting.eu","description":"we make climbs happen","publisher":{"@id":"https:\/\/bolting.eu\/en\/#organization"},"potentialAction":[{"@type":"SearchAction","target":{"@type":"EntryPoint","urlTemplate":"https:\/\/bolting.eu\/en\/?s={search_term_string}"},"query-input":{"@type":"PropertyValueSpecification","valueRequired":true,"valueName":"search_term_string"}}],"inLanguage":"en-US"},{"@type":["Organization","Place","SportingGoodsStore"],"@id":"https:\/\/bolting.eu\/en\/#organization","name":"bolting.eu","url":"https:\/\/bolting.eu\/en\/","logo":{"@id":"https:\/\/bolting.eu\/en\/shop\/drahtseil-endstueck-edelstahl\/#local-main-organization-logo"},"image":{"@id":"https:\/\/bolting.eu\/en\/shop\/drahtseil-endstueck-edelstahl\/#local-main-organization-logo"},"sameAs":["https:\/\/www.facebook.com\/bolting.eu","https:\/\/www.instagram.com\/bolting.eu\/"],"address":{"@id":"https:\/\/bolting.eu\/en\/shop\/drahtseil-endstueck-edelstahl\/#local-main-place-address"},"geo":{"@type":"GeoCoordinates","latitude":"47.264176340396226","longitude":"11.380109057672346"},"telephone":["+43 699 19083372"],"openingHoursSpecification":[{"@type":"OpeningHoursSpecification","dayOfWeek":["Monday","Wednesday","Friday"],"opens":"14:00","closes":"18:00"},{"@type":"OpeningHoursSpecification","dayOfWeek":["Tuesday","Thursday","Saturday","Sunday"],"opens":"00:00","closes":"00:00"}],"email":"office@bolting.eu","vatID":"ATU59999728","priceRange":"$$","currenciesAccepted":"Euro"},{"@type":"PostalAddress","@id":"https:\/\/bolting.eu\/en\/shop\/drahtseil-endstueck-edelstahl\/#local-main-place-address","streetAddress":"Fischnalerstra\u00dfe 4","addressLocality":"Innsbruck","postalCode":"6020","addressRegion":"Tirol","addressCountry":"AT"},{"@type":"ImageObject","inLanguage":"en-US","@id":"https:\/\/bolting.eu\/en\/shop\/drahtseil-endstueck-edelstahl\/#local-main-organization-logo","url":"https:\/\/bolting.eu\/wp-content\/uploads\/2019\/09\/bolting-logo.png","contentUrl":"https:\/\/bolting.eu\/wp-content\/uploads\/2019\/09\/bolting-logo.png","width":400,"height":211,"caption":"bolting.eu"}]},"og_availability":"instock","product_availability":"instock","product_condition":"new","geo.placename":"Innsbruck","geo.position":{"lat":"47.264176340396226","long":"11.380109057672346"},"geo.region":"Austria"},"_links":{"self":[{"href":"https:\/\/bolting.eu\/en\/wp-json\/wp\/v2\/product\/4191","targetHints":{"allow":["GET"]}}],"collection":[{"href":"https:\/\/bolting.eu\/en\/wp-json\/wp\/v2\/product"}],"about":[{"href":"https:\/\/bolting.eu\/en\/wp-json\/wp\/v2\/types\/product"}],"replies":[{"embeddable":true,"href":"https:\/\/bolting.eu\/en\/wp-json\/wp\/v2\/comments?post=4191"}],"wp:featuredmedia":[{"embeddable":true,"href":"https:\/\/bolting.eu\/en\/wp-json\/wp\/v2\/media\/4198"}],"wp:attachment":[{"href":"https:\/\/bolting.eu\/en\/wp-json\/wp\/v2\/media?parent=4191"}],"wp:term":[{"taxonomy":"product_brand","embeddable":true,"href":"https:\/\/bolting.eu\/en\/wp-json\/wp\/v2\/product_brand?post=4191"},{"taxonomy":"product_cat","embeddable":true,"href":"https:\/\/bolting.eu\/en\/wp-json\/wp\/v2\/product_cat?post=4191"},{"taxonomy":"product_tag","embeddable":true,"href":"https:\/\/bolting.eu\/en\/wp-json\/wp\/v2\/product_tag?post=4191"}],"curies":[{"name":"wp","href":"https:\/\/api.w.org\/{rel}","templated":true}]}}