{"id":4190,"date":"2020-08-04T19:42:15","date_gmt":"2020-08-04T17:42:15","guid":{"rendered":"https:\/\/bolting.eu\/?post_type=product&#038;p=4190"},"modified":"2025-09-23T09:38:20","modified_gmt":"2025-09-23T07:38:20","slug":"klettersteiganker-vertikal-verzinkt-26mm","status":"publish","type":"product","link":"https:\/\/bolting.eu\/en\/shop\/klettersteiganker-vertikal-verzinkt-26mm\/","title":{"rendered":"Klettersteiganker vertikal verzinkt 26mm"},"content":{"rendered":"<p>Der Klettersteiganker vertikal verzinkt mit 26mm Durchmesser ist unser Standard Produkt beim <a href=\"https:\/\/bolting.eu\/klettersteig-bau\/\">Klettersteig Bau<\/a>. Denn zum einen ist der Anker f\u00fcr den Alpenraum ordentlich\u00a0 korrosionsbest\u00e4ndig. Und zum anderen mit 26mm super stark.<\/p>\n<p>Dieser Anker ist f\u00fcr die vertikalen Abschnitte gefertigt. Denn er hat einen &#8220;abgeschr\u00e4gten&#8221; Kopf. D.h. bei einem Sturz liegen die Karabiner schr\u00e4g auf dem Kopf auf. Somit kommt es zu keiner vollen Querbelastung. Folglich bieten diese Klettersteiganker ein deutliches Mehr an Sicherheit in den vertikalen Abschnitten!<\/p>\n<p>Mit seiner Einbindetiefe von ca. 200mm bzw. 300mm ist der Anker einerseits f\u00fcr fast alle Gesteinsarten bzw. Felsqualit\u00e4ten geeignet. Denn bei dieser Verankerungstiefe ist fester Halt garantiert. Zum anderen hat der Bewehrungsstahl durch die 26mm Durchmesser enorme hohe Stabilit\u00e4t. Das ist Beispielsweise bei hoher Schneelast extrem wichtig.<\/p>\n<p>Den Endanker in 26mm gibt es standardm\u00e4\u00dfig mit 300mm sowie 400mm L\u00e4nge. Gerne produzieren wir auf Wunsch k\u00fcrzere oder l\u00e4ngere Varianten.<\/p>\n<h2>Eigenschaften Klettersteiganker vertikal verzinkt 26mm<\/h2>\n<ul>\n<li>Hersteller: <a href=\"https:\/\/bolting.eu\/produkt-kategorie\/vertical-evolution\/\">Vertical Evolution<\/a><\/li>\n<li>Material: verzinkter Bewehrungsstahl<\/li>\n<li>Durchmesser: 26mm<\/li>\n<li>L\u00e4nge: 300mm oder 400mm<\/li>\n<li>f\u00fcr Drahtseile 10 &#8211; 14mm<\/li>\n<li>Verankerungstiefe: mind. 200mm bzw. 300mm<\/li>\n<li>konform EN 16869<\/li>\n<li>konform EN 16968<\/li>\n<li>f\u00fcr vertikale Abschnitte &#8211; abgeschr\u00e4gter Ankerkopf<\/li>\n<li>keine Querbelastung des <a href=\"https:\/\/bolting.eu\/produkt-kategorie\/kletterausruestung\/kletterkarabiner\/klettersteigkarabiner\/\">Klettersteigkarabiners<\/a> bei einem Sturz durch abgeschr\u00e4gte Bauweise<\/li>\n<li>inkl. Drahtseilklemme mit selbstsichernden Muttern<\/li>\n<li>ben\u00f6tigter Bohrloch Durchmesser: 30mm<\/li>\n<li>empfohlener Bohrer: <a href=\"https:\/\/bolting.eu\/shop\/fischer-hammerbohrer-quattric-30mm-sds-max\/\">Fischer Hammerbohrer Quattric 30mm SDS max<\/a><\/li>\n<\/ul>\n<h3>Qualit\u00e4tskriterien Klettersteiganker<\/h3>\n<p>Gemeinsam mit Vertical Evolution haben wir folgende Qualit\u00e4tskriterien umgesetzt.<\/p>\n<p>Erstens sind alle Anker sauber geschnitten und entgratet. D.h. es gibt keine spitzen oder gef\u00e4hrlichen &#8220;Splitter&#8221; die irgendwo abstehen.<\/p>\n<p>Zweitens sind alle geschnittenen Enden sauber abgeschliffen. D.h. es gibt keine \u00fcberstehenden R\u00e4nder. Folglich ist der angegebene Durchmesser garantiert! Beispielsweise bedeuten 26mm auch ganz exakt 26mm. Keinen Millimeter mehr!<\/p>\n<p>Drittens stellen wir mit dem Anker ein Produkt mit hoher Funktionalit\u00e4t bereit. D.h. hier steht da Stahlseil 90\u00b0 zum Ankerkopf. F\u00fcr vertikale Abschnitte haben wir einen eigenen Klettersteiganker im Programm! Qualit\u00e4t bedeutet f\u00fcr uns Funktionalit\u00e4t!<\/p>\n<h3>Klettersteiganker vertikal verzinkt 26mm &#8211; Sonderw\u00fcnsche<\/h3>\n<p>Gerne erf\u00fcllen wir jeden Sonderwunsch unserer Kunden. Beispielsweise sind gr\u00f6\u00dfere L\u00e4ngen f\u00fcr besonders splittrigen Fels kein Problem. Ebenso fertigen wir gerne auch noch breitere Durchmesser f\u00fcr schneelastgeplagte Klettersteigabschnitte.<\/p>\n<p>Sendet uns einfach ein <a href=\"mailto:order@bolting.eu\" target=\"_blank\" rel=\"noopener noreferrer\">E-Mail<\/a> mit Eurer Anfrage bitte!<\/p>\n<h3>Passendes Zubeh\u00f6r<\/h3>\n<p>Um den Klettersteiganker vertikal mit 26mm verarbeiten zu k\u00f6nnen bieten wir nat\u00fcrlich auch gleich das passende Zubeh\u00f6r. Folgende Produkte wirst du noch ben\u00f6tigen:<\/p>\n<p>Erstens einen SDS max Bohrer mit 30mm Durchmesser. Gib dem Schaft unbedingt gen\u00fcgend Platz um ihn ordentlich verkleben zu k\u00f6nnen.<\/p>\n<p>Zweitens das richtige Zubeh\u00f6r f\u00fcr die Reinigung des Bohrlochs. Eine Stahl Lochb\u00fcrste sowie einen <a href=\"https:\/\/bolting.eu\/shop\/fischer-ausblaeser\/\">Ausbl\u00e4ser<\/a>.<\/p>\n<p>Drittens ben\u00f6tigst du einen Hochleistungs <a href=\"https:\/\/bolting.eu\/produkt-kategorie\/einbohrartikel\/injektionsmoertel\/\">Injektionsm\u00f6rtel<\/a> inkl. Auspressistole und Statikmischer.<\/p>\n<h4><strong>Link Tipp<\/strong><\/h4>\n<p>Die <a href=\"https:\/\/www.tirol.gv.at\/fileadmin\/themen\/sport\/berg-und-ski\/downloads_berg_und_ski\/2019_Beilage_Klettersteig-Bauempfehlung.pdf\" target=\"_blank\" rel=\"noopener noreferrer\">Beilage zur Broch\u00fcre<\/a> &#8220;Kletter:Steige &#8211; Errichtung, Wartung, Sanierung (2014) informiert \u00fcber die aktuellen \u00c4nderungen zum Klettersteigbau aufgrund der Einf\u00fchrung der Klettersteignorm 16860:2018<\/p>\n<p>Darin enthalten sind auch Infos, was bei der Verarbeitung des Griffanker verzinkt zu beachten ist.<\/p>\n","protected":false},"excerpt":{"rendered":"<ul>\n<li>Hersteller: <a href=\"https:\/\/bolting.eu\/produkt-kategorie\/vertical-evolution\/\">Vertical Evolution<\/a><\/li>\n<li>Material: verzinkter Bewehrungsstahl<\/li>\n<li>Durchmesser: 26mm<\/li>\n<li>L\u00e4nge: 300mm oder 400mm<\/li>\n<li>Verankerungstiefe: mind. 200mm<\/li>\n<li>f\u00fcr Drahtseile 10 &#8211; 14mm<\/li>\n<li>konform EN 16869<\/li>\n<li>konform EN 16968<\/li>\n<li>f\u00fcr vertikale Abschnitte &#8211; abgeschr\u00e4gter Ankerkopf<\/li>\n<li>keine Querbelastung des <a href=\"https:\/\/bolting.eu\/produkt-kategorie\/kletterausruestung\/kletterkarabiner\/klettersteigkarabiner\/\">Klettersteigkarabiners<\/a> bei einem Sturz durch abgeschr\u00e4gte Bauweise<\/li>\n<li>inkl. Drahtseilklemme mit selbstsichernden Muttern<\/li>\n<li>ben\u00f6tigter Bohrloch Durchmesser: 30mm<\/li>\n<\/ul>\n","protected":false},"featured_media":4182,"comment_status":"open","ping_status":"closed","template":"","meta":[],"product_brand":[],"product_cat":[260,482],"product_tag":[],"class_list":{"0":"post-4190","1":"product","2":"type-product","3":"status-publish","4":"has-post-thumbnail","6":"product_cat-material-fuer-klettersteigbau","7":"product_cat-vertical-evolution","9":"first","10":"instock","11":"taxable","12":"shipping-taxable","13":"purchasable","14":"product-type-variable"},"yoast_head":"<!-- This site is optimized with the Yoast SEO Premium plugin v26.9 (Yoast SEO v26.9) - https:\/\/yoast.com\/product\/yoast-seo-premium-wordpress\/ -->\n<title>Klettersteiganker vertikal verzinkt 26mm zum Klettersteigbau | bolting.eu<\/title>\n<meta name=\"description\" content=\"Hier findest Du den KLETTERSTEIGANKER VERTIKAL VERZINKT 26mm zum Klettersteigbau. Ein Top Produkt vom Klettersteig Profi aus \ud83c\udde6\ud83c\uddf9!\" \/>\n<meta name=\"robots\" content=\"index, follow, max-snippet:-1, max-image-preview:large, max-video-preview:-1\" \/>\n<link rel=\"canonical\" href=\"https:\/\/bolting.eu\/en\/shop\/klettersteiganker-vertikal-verzinkt-26mm\/\" \/>\n<meta property=\"og:locale\" content=\"en_US\" \/>\n<meta property=\"og:type\" content=\"article\" \/>\n<meta property=\"og:title\" content=\"Klettersteiganker vertikal verzinkt 26mm\" \/>\n<meta property=\"og:description\" content=\"Hier findest Du den KLETTERSTEIGANKER VERTIKAL VERZINKT 26mm zum Klettersteigbau. Ein Top Produkt vom Klettersteig Profi aus \ud83c\udde6\ud83c\uddf9!\" \/>\n<meta property=\"og:url\" content=\"https:\/\/bolting.eu\/en\/shop\/klettersteiganker-vertikal-verzinkt-26mm\/\" \/>\n<meta property=\"og:site_name\" content=\"bolting.eu\" \/>\n<meta property=\"article:publisher\" content=\"https:\/\/www.facebook.com\/bolting.eu\" \/>\n<meta property=\"article:modified_time\" content=\"2025-09-23T07:38:20+00:00\" \/>\n<meta property=\"og:image\" content=\"https:\/\/bolting.eu\/wp-content\/uploads\/2020\/08\/Klettersteiganker-vertikal-verzinkt.jpg\" \/>\n\t<meta property=\"og:image:width\" content=\"700\" \/>\n\t<meta property=\"og:image:height\" content=\"700\" \/>\n\t<meta property=\"og:image:type\" content=\"image\/jpeg\" \/>\n<meta name=\"twitter:card\" content=\"summary_large_image\" \/>\n<meta name=\"twitter:label1\" content=\"Availability\" \/>\n\t<meta name=\"twitter:data1\" content=\"In stock\" \/>\n<script type=\"application\/ld+json\" class=\"yoast-schema-graph\">{\"@context\":\"https:\/\/schema.org\",\"@graph\":[{\"@type\":[\"WebPage\",\"ItemPage\"],\"@id\":\"https:\/\/bolting.eu\/en\/shop\/klettersteiganker-vertikal-verzinkt-26mm\/\",\"url\":\"https:\/\/bolting.eu\/en\/shop\/klettersteiganker-vertikal-verzinkt-26mm\/\",\"name\":\"Klettersteiganker vertikal verzinkt 26mm zum Klettersteigbau | bolting.eu\",\"isPartOf\":{\"@id\":\"https:\/\/bolting.eu\/en\/#website\"},\"primaryImageOfPage\":{\"@id\":\"https:\/\/bolting.eu\/en\/shop\/klettersteiganker-vertikal-verzinkt-26mm\/#primaryimage\"},\"image\":{\"@id\":\"https:\/\/bolting.eu\/en\/shop\/klettersteiganker-vertikal-verzinkt-26mm\/#primaryimage\"},\"thumbnailUrl\":\"https:\/\/bolting.eu\/wp-content\/uploads\/2020\/08\/Klettersteiganker-vertikal-verzinkt.jpg\",\"datePublished\":\"2020-08-04T17:42:15+00:00\",\"dateModified\":\"2025-09-23T07:38:20+00:00\",\"description\":\"Hier findest Du den KLETTERSTEIGANKER VERTIKAL VERZINKT 26mm zum Klettersteigbau. Ein Top Produkt vom Klettersteig Profi aus \ud83c\udde6\ud83c\uddf9!\",\"breadcrumb\":{\"@id\":\"https:\/\/bolting.eu\/en\/shop\/klettersteiganker-vertikal-verzinkt-26mm\/#breadcrumb\"},\"inLanguage\":\"en-US\",\"potentialAction\":[{\"@type\":\"ReadAction\",\"target\":[\"https:\/\/bolting.eu\/en\/shop\/klettersteiganker-vertikal-verzinkt-26mm\/\"]}]},{\"@type\":\"ImageObject\",\"inLanguage\":\"en-US\",\"@id\":\"https:\/\/bolting.eu\/en\/shop\/klettersteiganker-vertikal-verzinkt-26mm\/#primaryimage\",\"url\":\"https:\/\/bolting.eu\/wp-content\/uploads\/2020\/08\/Klettersteiganker-vertikal-verzinkt.jpg\",\"contentUrl\":\"https:\/\/bolting.eu\/wp-content\/uploads\/2020\/08\/Klettersteiganker-vertikal-verzinkt.jpg\",\"width\":700,\"height\":700,\"caption\":\"Das Bild zeigt einen silbernen Klettersteiganker vertikal verzinkt. Der Anker steht aufrecht in Bildmitte. Man erkennt den Bewehrungsstahl sowie den abgeschr\u00e4gten Kopf mit der Klemme f\u00fcr das Stahlseil.\"},{\"@type\":\"BreadcrumbList\",\"@id\":\"https:\/\/bolting.eu\/en\/shop\/klettersteiganker-vertikal-verzinkt-26mm\/#breadcrumb\",\"itemListElement\":[{\"@type\":\"ListItem\",\"position\":1,\"name\":\"Shop\",\"item\":\"https:\/\/bolting.eu\/en\/shop\/\"},{\"@type\":\"ListItem\",\"position\":2,\"name\":\"bolting products\",\"item\":\"https:\/\/bolting.eu\/en\/produkt-kategorie\/bolting-products\/\"},{\"@type\":\"ListItem\",\"position\":3,\"name\":\"Material f\u00fcr Klettersteigbau\",\"item\":\"https:\/\/bolting.eu\/produkt-kategorie\/einbohrartikel\/material-fuer-klettersteigbau\/\"},{\"@type\":\"ListItem\",\"position\":4,\"name\":\"Klettersteiganker vertikal verzinkt 26mm\"}]},{\"@type\":\"WebSite\",\"@id\":\"https:\/\/bolting.eu\/en\/#website\",\"url\":\"https:\/\/bolting.eu\/en\/\",\"name\":\"bolting.eu\",\"description\":\"we make climbs happen\",\"publisher\":{\"@id\":\"https:\/\/bolting.eu\/en\/#organization\"},\"potentialAction\":[{\"@type\":\"SearchAction\",\"target\":{\"@type\":\"EntryPoint\",\"urlTemplate\":\"https:\/\/bolting.eu\/en\/?s={search_term_string}\"},\"query-input\":{\"@type\":\"PropertyValueSpecification\",\"valueRequired\":true,\"valueName\":\"search_term_string\"}}],\"inLanguage\":\"en-US\"},{\"@type\":[\"Organization\",\"Place\",\"SportingGoodsStore\"],\"@id\":\"https:\/\/bolting.eu\/en\/#organization\",\"name\":\"bolting.eu\",\"url\":\"https:\/\/bolting.eu\/en\/\",\"logo\":{\"@id\":\"https:\/\/bolting.eu\/en\/shop\/klettersteiganker-vertikal-verzinkt-26mm\/#local-main-organization-logo\"},\"image\":{\"@id\":\"https:\/\/bolting.eu\/en\/shop\/klettersteiganker-vertikal-verzinkt-26mm\/#local-main-organization-logo\"},\"sameAs\":[\"https:\/\/www.facebook.com\/bolting.eu\",\"https:\/\/www.instagram.com\/bolting.eu\/\"],\"address\":{\"@id\":\"https:\/\/bolting.eu\/en\/shop\/klettersteiganker-vertikal-verzinkt-26mm\/#local-main-place-address\"},\"geo\":{\"@type\":\"GeoCoordinates\",\"latitude\":\"47.264176340396226\",\"longitude\":\"11.380109057672346\"},\"telephone\":[\"+43 699 19083372\"],\"openingHoursSpecification\":[{\"@type\":\"OpeningHoursSpecification\",\"dayOfWeek\":[\"Monday\",\"Wednesday\",\"Friday\"],\"opens\":\"14:00\",\"closes\":\"18:00\"},{\"@type\":\"OpeningHoursSpecification\",\"dayOfWeek\":[\"Tuesday\",\"Thursday\",\"Saturday\",\"Sunday\"],\"opens\":\"00:00\",\"closes\":\"00:00\"}],\"email\":\"office@bolting.eu\",\"vatID\":\"ATU59999728\",\"priceRange\":\"$$\",\"currenciesAccepted\":\"Euro\"},{\"@type\":\"PostalAddress\",\"@id\":\"https:\/\/bolting.eu\/en\/shop\/klettersteiganker-vertikal-verzinkt-26mm\/#local-main-place-address\",\"streetAddress\":\"Fischnalerstra\u00dfe 4\",\"addressLocality\":\"Innsbruck\",\"postalCode\":\"6020\",\"addressRegion\":\"Tirol\",\"addressCountry\":\"AT\"},{\"@type\":\"ImageObject\",\"inLanguage\":\"en-US\",\"@id\":\"https:\/\/bolting.eu\/en\/shop\/klettersteiganker-vertikal-verzinkt-26mm\/#local-main-organization-logo\",\"url\":\"https:\/\/bolting.eu\/wp-content\/uploads\/2019\/09\/bolting-logo.png\",\"contentUrl\":\"https:\/\/bolting.eu\/wp-content\/uploads\/2019\/09\/bolting-logo.png\",\"width\":400,\"height\":211,\"caption\":\"bolting.eu\"}]}<\/script>\n<meta property=\"og:availability\" content=\"instock\" \/>\n<meta property=\"product:availability\" content=\"instock\" \/>\n<meta property=\"product:retailer_item_id\" content=\"VE443BNvz\" \/>\n<meta property=\"product:condition\" content=\"new\" \/>\n<meta name=\"geo.placename\" content=\"Innsbruck\" \/>\n<meta name=\"geo.position\" content=\"47.264176340396226;11.380109057672346\" \/>\n<meta name=\"geo.region\" content=\"Austria\" \/>\n<!-- \/ Yoast SEO Premium plugin. -->","yoast_head_json":{"title":"Klettersteiganker vertikal verzinkt 26mm zum Klettersteigbau | bolting.eu","description":"Hier findest Du den KLETTERSTEIGANKER VERTIKAL VERZINKT 26mm zum Klettersteigbau. Ein Top Produkt vom Klettersteig Profi aus \ud83c\udde6\ud83c\uddf9!","robots":{"index":"index","follow":"follow","max-snippet":"max-snippet:-1","max-image-preview":"max-image-preview:large","max-video-preview":"max-video-preview:-1"},"canonical":"https:\/\/bolting.eu\/en\/shop\/klettersteiganker-vertikal-verzinkt-26mm\/","og_locale":"en_US","og_type":"article","og_title":"Klettersteiganker vertikal verzinkt 26mm","og_description":"Hier findest Du den KLETTERSTEIGANKER VERTIKAL VERZINKT 26mm zum Klettersteigbau. Ein Top Produkt vom Klettersteig Profi aus \ud83c\udde6\ud83c\uddf9!","og_url":"https:\/\/bolting.eu\/en\/shop\/klettersteiganker-vertikal-verzinkt-26mm\/","og_site_name":"bolting.eu","article_publisher":"https:\/\/www.facebook.com\/bolting.eu","article_modified_time":"2025-09-23T07:38:20+00:00","og_image":[{"width":700,"height":700,"url":"https:\/\/bolting.eu\/wp-content\/uploads\/2020\/08\/Klettersteiganker-vertikal-verzinkt.jpg","type":"image\/jpeg"}],"twitter_card":"summary_large_image","twitter_misc":{"Availability":"In stock"},"schema":{"@context":"https:\/\/schema.org","@graph":[{"@type":["WebPage","ItemPage"],"@id":"https:\/\/bolting.eu\/en\/shop\/klettersteiganker-vertikal-verzinkt-26mm\/","url":"https:\/\/bolting.eu\/en\/shop\/klettersteiganker-vertikal-verzinkt-26mm\/","name":"Klettersteiganker vertikal verzinkt 26mm zum Klettersteigbau | bolting.eu","isPartOf":{"@id":"https:\/\/bolting.eu\/en\/#website"},"primaryImageOfPage":{"@id":"https:\/\/bolting.eu\/en\/shop\/klettersteiganker-vertikal-verzinkt-26mm\/#primaryimage"},"image":{"@id":"https:\/\/bolting.eu\/en\/shop\/klettersteiganker-vertikal-verzinkt-26mm\/#primaryimage"},"thumbnailUrl":"https:\/\/bolting.eu\/wp-content\/uploads\/2020\/08\/Klettersteiganker-vertikal-verzinkt.jpg","datePublished":"2020-08-04T17:42:15+00:00","dateModified":"2025-09-23T07:38:20+00:00","description":"Hier findest Du den KLETTERSTEIGANKER VERTIKAL VERZINKT 26mm zum Klettersteigbau. Ein Top Produkt vom Klettersteig Profi aus \ud83c\udde6\ud83c\uddf9!","breadcrumb":{"@id":"https:\/\/bolting.eu\/en\/shop\/klettersteiganker-vertikal-verzinkt-26mm\/#breadcrumb"},"inLanguage":"en-US","potentialAction":[{"@type":"ReadAction","target":["https:\/\/bolting.eu\/en\/shop\/klettersteiganker-vertikal-verzinkt-26mm\/"]}]},{"@type":"ImageObject","inLanguage":"en-US","@id":"https:\/\/bolting.eu\/en\/shop\/klettersteiganker-vertikal-verzinkt-26mm\/#primaryimage","url":"https:\/\/bolting.eu\/wp-content\/uploads\/2020\/08\/Klettersteiganker-vertikal-verzinkt.jpg","contentUrl":"https:\/\/bolting.eu\/wp-content\/uploads\/2020\/08\/Klettersteiganker-vertikal-verzinkt.jpg","width":700,"height":700,"caption":"Das Bild zeigt einen silbernen Klettersteiganker vertikal verzinkt. Der Anker steht aufrecht in Bildmitte. Man erkennt den Bewehrungsstahl sowie den abgeschr\u00e4gten Kopf mit der Klemme f\u00fcr das Stahlseil."},{"@type":"BreadcrumbList","@id":"https:\/\/bolting.eu\/en\/shop\/klettersteiganker-vertikal-verzinkt-26mm\/#breadcrumb","itemListElement":[{"@type":"ListItem","position":1,"name":"Shop","item":"https:\/\/bolting.eu\/en\/shop\/"},{"@type":"ListItem","position":2,"name":"bolting products","item":"https:\/\/bolting.eu\/en\/produkt-kategorie\/bolting-products\/"},{"@type":"ListItem","position":3,"name":"Material f\u00fcr Klettersteigbau","item":"https:\/\/bolting.eu\/produkt-kategorie\/einbohrartikel\/material-fuer-klettersteigbau\/"},{"@type":"ListItem","position":4,"name":"Klettersteiganker vertikal verzinkt 26mm"}]},{"@type":"WebSite","@id":"https:\/\/bolting.eu\/en\/#website","url":"https:\/\/bolting.eu\/en\/","name":"bolting.eu","description":"we make climbs happen","publisher":{"@id":"https:\/\/bolting.eu\/en\/#organization"},"potentialAction":[{"@type":"SearchAction","target":{"@type":"EntryPoint","urlTemplate":"https:\/\/bolting.eu\/en\/?s={search_term_string}"},"query-input":{"@type":"PropertyValueSpecification","valueRequired":true,"valueName":"search_term_string"}}],"inLanguage":"en-US"},{"@type":["Organization","Place","SportingGoodsStore"],"@id":"https:\/\/bolting.eu\/en\/#organization","name":"bolting.eu","url":"https:\/\/bolting.eu\/en\/","logo":{"@id":"https:\/\/bolting.eu\/en\/shop\/klettersteiganker-vertikal-verzinkt-26mm\/#local-main-organization-logo"},"image":{"@id":"https:\/\/bolting.eu\/en\/shop\/klettersteiganker-vertikal-verzinkt-26mm\/#local-main-organization-logo"},"sameAs":["https:\/\/www.facebook.com\/bolting.eu","https:\/\/www.instagram.com\/bolting.eu\/"],"address":{"@id":"https:\/\/bolting.eu\/en\/shop\/klettersteiganker-vertikal-verzinkt-26mm\/#local-main-place-address"},"geo":{"@type":"GeoCoordinates","latitude":"47.264176340396226","longitude":"11.380109057672346"},"telephone":["+43 699 19083372"],"openingHoursSpecification":[{"@type":"OpeningHoursSpecification","dayOfWeek":["Monday","Wednesday","Friday"],"opens":"14:00","closes":"18:00"},{"@type":"OpeningHoursSpecification","dayOfWeek":["Tuesday","Thursday","Saturday","Sunday"],"opens":"00:00","closes":"00:00"}],"email":"office@bolting.eu","vatID":"ATU59999728","priceRange":"$$","currenciesAccepted":"Euro"},{"@type":"PostalAddress","@id":"https:\/\/bolting.eu\/en\/shop\/klettersteiganker-vertikal-verzinkt-26mm\/#local-main-place-address","streetAddress":"Fischnalerstra\u00dfe 4","addressLocality":"Innsbruck","postalCode":"6020","addressRegion":"Tirol","addressCountry":"AT"},{"@type":"ImageObject","inLanguage":"en-US","@id":"https:\/\/bolting.eu\/en\/shop\/klettersteiganker-vertikal-verzinkt-26mm\/#local-main-organization-logo","url":"https:\/\/bolting.eu\/wp-content\/uploads\/2019\/09\/bolting-logo.png","contentUrl":"https:\/\/bolting.eu\/wp-content\/uploads\/2019\/09\/bolting-logo.png","width":400,"height":211,"caption":"bolting.eu"}]},"og_availability":"instock","product_availability":"instock","product_retailer_item_id":"VE443BNvz","product_condition":"new","geo.placename":"Innsbruck","geo.position":{"lat":"47.264176340396226","long":"11.380109057672346"},"geo.region":"Austria"},"_links":{"self":[{"href":"https:\/\/bolting.eu\/en\/wp-json\/wp\/v2\/product\/4190","targetHints":{"allow":["GET"]}}],"collection":[{"href":"https:\/\/bolting.eu\/en\/wp-json\/wp\/v2\/product"}],"about":[{"href":"https:\/\/bolting.eu\/en\/wp-json\/wp\/v2\/types\/product"}],"replies":[{"embeddable":true,"href":"https:\/\/bolting.eu\/en\/wp-json\/wp\/v2\/comments?post=4190"}],"wp:featuredmedia":[{"embeddable":true,"href":"https:\/\/bolting.eu\/en\/wp-json\/wp\/v2\/media\/4182"}],"wp:attachment":[{"href":"https:\/\/bolting.eu\/en\/wp-json\/wp\/v2\/media?parent=4190"}],"wp:term":[{"taxonomy":"product_brand","embeddable":true,"href":"https:\/\/bolting.eu\/en\/wp-json\/wp\/v2\/product_brand?post=4190"},{"taxonomy":"product_cat","embeddable":true,"href":"https:\/\/bolting.eu\/en\/wp-json\/wp\/v2\/product_cat?post=4190"},{"taxonomy":"product_tag","embeddable":true,"href":"https:\/\/bolting.eu\/en\/wp-json\/wp\/v2\/product_tag?post=4190"}],"curies":[{"name":"wp","href":"https:\/\/api.w.org\/{rel}","templated":true}]}}